{"id":13066,"date":"2025-05-21T13:59:31","date_gmt":"2025-05-21T16:59:31","guid":{"rendered":"https:\/\/deputadotaveirajr.com.br\/index.php\/festival-de-quadrilhas-de-currais-novos-divulga-lista-de-grupos-selecionados-para-2025\/"},"modified":"2025-05-21T13:59:31","modified_gmt":"2025-05-21T16:59:31","slug":"festival-de-quadrilhas-de-currais-novos-divulga-lista-de-grupos-selecionados-para-2025","status":"publish","type":"page","link":"https:\/\/deputadotaveirajr.com.br\/index.php\/festival-de-quadrilhas-de-currais-novos-divulga-lista-de-grupos-selecionados-para-2025\/","title":{"rendered":"Festival de Quadrilhas de Currais Novos divulga lista de grupos selecionados para 2025"},"content":{"rendered":"<p><img decoding=\"async\" src=\"https:\/\/s2-g1.glbimg.com\/fssd4Fw-9y-feJIXkJrYL2SErPk=\/i.s3.glbimg.com\/v1\/AUTH_59edd422c0c84a879bd37670ae4f538a\/internal_photos\/bs\/2025\/X\/Y\/EH14cJQAum8Rdp2PAIAg\/concurso-de-quadrilhas-juninas.jpg\" \/><br \/>     Evento ser\u00e1 realizado nos dias 14 e 15 de junho; premia\u00e7\u00e3o chega a R$ 10 mil.  Concurso de Quadrilhas Juninas<br \/>\nErlan Alexandre<br \/>\nO Festival de Quadrilhas Juninas de Currais Novos, que chega \u00e0 sua 31\u00aa edi\u00e7\u00e3o em 2025, divulgou a lista das quadrilhas selecionadas para participar do concurso nas categorias tradicional e estilizada.<br \/>\nAs apresenta\u00e7\u00f5es do evento, conhecido como Forr\u00f3 Novos, acontecem nos dias 14 e 15 de junho.<br \/>\nAo todo, 26 grupos de diversas cidades do Rio Grande do Norte e da Para\u00edba foram selecionados. A competi\u00e7\u00e3o ser\u00e1 realizada em dois dias, com a participa\u00e7\u00e3o de quadrilhas j\u00e1 premiadas em edi\u00e7\u00f5es anteriores, como Brilho Matuto (1\u00ba lugar em 2024), Arrai\u00e1 Z\u00e9 Matuto (2\u00ba lugar em 2024) e Arrai\u00e1 100% Ferrovi\u00e1rio (3\u00ba lugar em 2024).<br \/>\nCom o tema \u201cBordando a tradi\u00e7\u00e3o, tecendo a festa junina\u201d, o festival vai premiar quadrilhas nas categorias estilizada, tradicional, escolar e interbairros.<br \/>\nA premia\u00e7\u00e3o para as tr\u00eas melhores colocadas na categoria estilizada ser\u00e1 de R$ 10 mil, R$ 8 mil e R$ 5 mil. J\u00e1 na tradicional, os pr\u00eamios s\u00e3o de R$ 8 mil, R$ 6 mil e R$ 3 mil, respectivamente.<br \/>\nConfira as quadrilhas selecionadas:<br \/>\nS\u00e1bado (14\/06):<br \/>\nEncanta S\u00e3o Jo\u00e3o \u2013 Natal\/RN \u2013 Tradicional<br \/>\nSonho Junino \u2013 Cear\u00e1-Mirim\/RN \u2013 Estilizada<br \/>\nJunina Rebuli\u00e7o \u2013 Parnamirim\/RN \u2013 Tradicional<br \/>\nEncanto do Nordeste \u2013 Umarizal\/RN \u2013 Estilizada<br \/>\nJeito Matuto \u2013 Maca\u00edba\/RN \u2013 Tradicional<br \/>\nJunina Caxad\u00e3o \u2013 Extremoz\/RN \u2013 Tradicional<br \/>\nAlegria de S\u00e3o Jo\u00e3o \u2013 Alto do Rodrigues\/RN \u2013 Tradicional<br \/>\nBrejo de Ouro (2\u00ba lugar 2024) \u2013 Brejinho\/RN \u2013 Estilizada<br \/>\nJunina Caranguejo \u2013 Extremoz\/RN \u2013 Tradicional<br \/>\nBrasileirinhos Sensa\u00e7\u00e3o Nordestina \u2013 Parelhas\/RN \u2013 Estilizada<br \/>\nJunina Imperatriz \u2013 Lagoa Nova\/RN \u2013 Estilizada<br \/>\nRosa dos Ventos \u2013 Junco do Serid\u00f3\/PB \u2013 Estilizada<br \/>\nDomingo (15\/06):<br \/>\nCora\u00e7\u00e3o Matuto \u2013 Natal\/RN \u2013 Tradicional<br \/>\nJunina Sert\u00e3o (3\u00ba lugar 2024) \u2013 Barcelona\/RN \u2013 Tradicional<br \/>\nArrai\u00e1 Z\u00e9 Matuto (2\u00ba lugar 2024) \u2013 Natal\/RN \u2013 Tradicional<br \/>\nJunina Alavant\u00ea \u2013 Santa Cruz\/RN \u2013 Tradicional<br \/>\nArrai\u00e1 Padre Pin\u00e1 \u2013 Natal\/RN \u2013 Tradicional<br \/>\nQuadrilha Semeando Amor \u2013 Nova Cruz\/RN \u2013 Estilizada<br \/>\nBrilho Matuto (1\u00ba lugar 2024) \u2013 Natal\/RN \u2013 Tradicional<br \/>\nJunina S\u00e3o Jo\u00e3o \u2013 Natal\/RN \u2013 Estilizada<br \/>\nFlor do Juazeiro \u2013 Juazeirinho\/PB \u2013 Estilizada<br \/>\nNa\u00e7\u00e3o Junina \u2013 Jucurutu\/RN \u2013 Estilizada<br \/>\nCora\u00e7\u00e3o Nordestino \u2013 S\u00e3o Gon\u00e7alo do Amarante\/RN \u2013 Estilizada<br \/>\nArrai\u00e1 100% Ferrovi\u00e1rio (3\u00ba lugar 2024) \u2013 Lajes\/RN \u2013 Estilizada<br \/>\nQuadrilhas juninas j\u00e1 est\u00e3o com ensaios a todo vapor<br \/>\nVeja os v\u00eddeos mais assistidos do g1 RN<\/p>","protected":false},"excerpt":{"rendered":"<p>Evento ser\u00e1 realizado nos dias 14 e 15 de junho; premia\u00e7\u00e3o chega a R$ 10 mil. Concurso de Quadrilhas Juninas Erlan Alexandre O Festival de Quadrilhas Juninas de Currais Novos, &#8230;<\/p>\n","protected":false},"author":0,"featured_media":13067,"parent":0,"menu_order":0,"comment_status":"closed","ping_status":"closed","template":"","meta":{"footnotes":""},"class_list":["post-13066","page","type-page","status-publish","has-post-thumbnail","hentry"],"yoast_head":"<!-- This site is optimized with the Yoast SEO plugin v27.1.1 - https:\/\/yoast.com\/product\/yoast-seo-wordpress\/ -->\n<title>Festival de Quadrilhas de Currais Novos divulga lista de grupos selecionados para 2025 - Taveira Jr<\/title>\n<meta name=\"robots\" content=\"index, follow, max-snippet:-1, max-image-preview:large, max-video-preview:-1\" \/>\n<link rel=\"canonical\" href=\"https:\/\/deputadotaveirajr.com.br\/index.php\/festival-de-quadrilhas-de-currais-novos-divulga-lista-de-grupos-selecionados-para-2025\/\" \/>\n<meta property=\"og:locale\" content=\"pt_BR\" \/>\n<meta property=\"og:type\" content=\"article\" \/>\n<meta property=\"og:title\" content=\"Festival de Quadrilhas de Currais Novos divulga lista de grupos selecionados para 2025 - Taveira Jr\" \/>\n<meta property=\"og:description\" content=\"Evento ser\u00e1 realizado nos dias 14 e 15 de junho; premia\u00e7\u00e3o chega a R$ 10 mil. Concurso de Quadrilhas Juninas Erlan Alexandre O Festival de Quadrilhas Juninas de Currais Novos, ...\" \/>\n<meta property=\"og:url\" content=\"https:\/\/deputadotaveirajr.com.br\/index.php\/festival-de-quadrilhas-de-currais-novos-divulga-lista-de-grupos-selecionados-para-2025\/\" \/>\n<meta property=\"og:site_name\" content=\"Taveira Jr\" \/>\n<meta property=\"og:image\" content=\"https:\/\/s2-g1.glbimg.com\/fssd4Fw-9y-feJIXkJrYL2SErPk=\/i.s3.glbimg.com\/v1\/AUTH_59edd422c0c84a879bd37670ae4f538a\/internal_photos\/bs\/2025\/X\/Y\/EH14cJQAum8Rdp2PAIAg\/concurso-de-quadrilhas-juninas.jpg\" \/>\n<meta name=\"twitter:card\" content=\"summary_large_image\" \/>\n<meta name=\"twitter:label1\" content=\"Est. tempo de leitura\" \/>\n\t<meta name=\"twitter:data1\" content=\"2 minutos\" \/>\n<script type=\"application\/ld+json\" class=\"yoast-schema-graph\">{\"@context\":\"https:\/\/schema.org\",\"@graph\":[{\"@type\":\"WebPage\",\"@id\":\"https:\/\/deputadotaveirajr.com.br\/index.php\/festival-de-quadrilhas-de-currais-novos-divulga-lista-de-grupos-selecionados-para-2025\/\",\"url\":\"https:\/\/deputadotaveirajr.com.br\/index.php\/festival-de-quadrilhas-de-currais-novos-divulga-lista-de-grupos-selecionados-para-2025\/\",\"name\":\"Festival de Quadrilhas de Currais Novos divulga lista de grupos selecionados para 2025 - Taveira Jr\",\"isPartOf\":{\"@id\":\"https:\/\/deputadotaveirajr.com.br\/#website\"},\"primaryImageOfPage\":{\"@id\":\"https:\/\/deputadotaveirajr.com.br\/index.php\/festival-de-quadrilhas-de-currais-novos-divulga-lista-de-grupos-selecionados-para-2025\/#primaryimage\"},\"image\":{\"@id\":\"https:\/\/deputadotaveirajr.com.br\/index.php\/festival-de-quadrilhas-de-currais-novos-divulga-lista-de-grupos-selecionados-para-2025\/#primaryimage\"},\"thumbnailUrl\":\"https:\/\/deputadotaveirajr.com.br\/wp-content\/uploads\/2025\/05\/concurso-de-quadrilhas-juninas-nGcsvt.jpg\",\"datePublished\":\"2025-05-21T16:59:31+00:00\",\"breadcrumb\":{\"@id\":\"https:\/\/deputadotaveirajr.com.br\/index.php\/festival-de-quadrilhas-de-currais-novos-divulga-lista-de-grupos-selecionados-para-2025\/#breadcrumb\"},\"inLanguage\":\"pt-BR\",\"potentialAction\":[{\"@type\":\"ReadAction\",\"target\":[\"https:\/\/deputadotaveirajr.com.br\/index.php\/festival-de-quadrilhas-de-currais-novos-divulga-lista-de-grupos-selecionados-para-2025\/\"]}]},{\"@type\":\"ImageObject\",\"inLanguage\":\"pt-BR\",\"@id\":\"https:\/\/deputadotaveirajr.com.br\/index.php\/festival-de-quadrilhas-de-currais-novos-divulga-lista-de-grupos-selecionados-para-2025\/#primaryimage\",\"url\":\"https:\/\/deputadotaveirajr.com.br\/wp-content\/uploads\/2025\/05\/concurso-de-quadrilhas-juninas-nGcsvt.jpg\",\"contentUrl\":\"https:\/\/deputadotaveirajr.com.br\/wp-content\/uploads\/2025\/05\/concurso-de-quadrilhas-juninas-nGcsvt.jpg\",\"width\":2305,\"height\":1537},{\"@type\":\"BreadcrumbList\",\"@id\":\"https:\/\/deputadotaveirajr.com.br\/index.php\/festival-de-quadrilhas-de-currais-novos-divulga-lista-de-grupos-selecionados-para-2025\/#breadcrumb\",\"itemListElement\":[{\"@type\":\"ListItem\",\"position\":1,\"name\":\"In\u00edcio\",\"item\":\"https:\/\/deputadotaveirajr.com.br\/\"},{\"@type\":\"ListItem\",\"position\":2,\"name\":\"Festival de Quadrilhas de Currais Novos divulga lista de grupos selecionados para 2025\"}]},{\"@type\":\"WebSite\",\"@id\":\"https:\/\/deputadotaveirajr.com.br\/#website\",\"url\":\"https:\/\/deputadotaveirajr.com.br\/\",\"name\":\"Taveira Jr\",\"description\":\"Deputado Estadual\",\"publisher\":{\"@id\":\"https:\/\/deputadotaveirajr.com.br\/#organization\"},\"potentialAction\":[{\"@type\":\"SearchAction\",\"target\":{\"@type\":\"EntryPoint\",\"urlTemplate\":\"https:\/\/deputadotaveirajr.com.br\/?s={search_term_string}\"},\"query-input\":{\"@type\":\"PropertyValueSpecification\",\"valueRequired\":true,\"valueName\":\"search_term_string\"}}],\"inLanguage\":\"pt-BR\"},{\"@type\":\"Organization\",\"@id\":\"https:\/\/deputadotaveirajr.com.br\/#organization\",\"name\":\"Taveira Jr\",\"url\":\"https:\/\/deputadotaveirajr.com.br\/\",\"logo\":{\"@type\":\"ImageObject\",\"inLanguage\":\"pt-BR\",\"@id\":\"https:\/\/deputadotaveirajr.com.br\/#\/schema\/logo\/image\/\",\"url\":\"https:\/\/deputadotaveirajr.com.br\/wp-content\/uploads\/2026\/01\/logolow2a.png\",\"contentUrl\":\"https:\/\/deputadotaveirajr.com.br\/wp-content\/uploads\/2026\/01\/logolow2a.png\",\"width\":290,\"height\":80,\"caption\":\"Taveira Jr\"},\"image\":{\"@id\":\"https:\/\/deputadotaveirajr.com.br\/#\/schema\/logo\/image\/\"}}]}<\/script>\n<!-- \/ Yoast SEO plugin. -->","yoast_head_json":{"title":"Festival de Quadrilhas de Currais Novos divulga lista de grupos selecionados para 2025 - Taveira Jr","robots":{"index":"index","follow":"follow","max-snippet":"max-snippet:-1","max-image-preview":"max-image-preview:large","max-video-preview":"max-video-preview:-1"},"canonical":"https:\/\/deputadotaveirajr.com.br\/index.php\/festival-de-quadrilhas-de-currais-novos-divulga-lista-de-grupos-selecionados-para-2025\/","og_locale":"pt_BR","og_type":"article","og_title":"Festival de Quadrilhas de Currais Novos divulga lista de grupos selecionados para 2025 - Taveira Jr","og_description":"Evento ser\u00e1 realizado nos dias 14 e 15 de junho; premia\u00e7\u00e3o chega a R$ 10 mil. Concurso de Quadrilhas Juninas Erlan Alexandre O Festival de Quadrilhas Juninas de Currais Novos, ...","og_url":"https:\/\/deputadotaveirajr.com.br\/index.php\/festival-de-quadrilhas-de-currais-novos-divulga-lista-de-grupos-selecionados-para-2025\/","og_site_name":"Taveira Jr","og_image":[{"url":"https:\/\/s2-g1.glbimg.com\/fssd4Fw-9y-feJIXkJrYL2SErPk=\/i.s3.glbimg.com\/v1\/AUTH_59edd422c0c84a879bd37670ae4f538a\/internal_photos\/bs\/2025\/X\/Y\/EH14cJQAum8Rdp2PAIAg\/concurso-de-quadrilhas-juninas.jpg","type":"","width":"","height":""}],"twitter_card":"summary_large_image","twitter_misc":{"Est. tempo de leitura":"2 minutos"},"schema":{"@context":"https:\/\/schema.org","@graph":[{"@type":"WebPage","@id":"https:\/\/deputadotaveirajr.com.br\/index.php\/festival-de-quadrilhas-de-currais-novos-divulga-lista-de-grupos-selecionados-para-2025\/","url":"https:\/\/deputadotaveirajr.com.br\/index.php\/festival-de-quadrilhas-de-currais-novos-divulga-lista-de-grupos-selecionados-para-2025\/","name":"Festival de Quadrilhas de Currais Novos divulga lista de grupos selecionados para 2025 - Taveira Jr","isPartOf":{"@id":"https:\/\/deputadotaveirajr.com.br\/#website"},"primaryImageOfPage":{"@id":"https:\/\/deputadotaveirajr.com.br\/index.php\/festival-de-quadrilhas-de-currais-novos-divulga-lista-de-grupos-selecionados-para-2025\/#primaryimage"},"image":{"@id":"https:\/\/deputadotaveirajr.com.br\/index.php\/festival-de-quadrilhas-de-currais-novos-divulga-lista-de-grupos-selecionados-para-2025\/#primaryimage"},"thumbnailUrl":"https:\/\/deputadotaveirajr.com.br\/wp-content\/uploads\/2025\/05\/concurso-de-quadrilhas-juninas-nGcsvt.jpg","datePublished":"2025-05-21T16:59:31+00:00","breadcrumb":{"@id":"https:\/\/deputadotaveirajr.com.br\/index.php\/festival-de-quadrilhas-de-currais-novos-divulga-lista-de-grupos-selecionados-para-2025\/#breadcrumb"},"inLanguage":"pt-BR","potentialAction":[{"@type":"ReadAction","target":["https:\/\/deputadotaveirajr.com.br\/index.php\/festival-de-quadrilhas-de-currais-novos-divulga-lista-de-grupos-selecionados-para-2025\/"]}]},{"@type":"ImageObject","inLanguage":"pt-BR","@id":"https:\/\/deputadotaveirajr.com.br\/index.php\/festival-de-quadrilhas-de-currais-novos-divulga-lista-de-grupos-selecionados-para-2025\/#primaryimage","url":"https:\/\/deputadotaveirajr.com.br\/wp-content\/uploads\/2025\/05\/concurso-de-quadrilhas-juninas-nGcsvt.jpg","contentUrl":"https:\/\/deputadotaveirajr.com.br\/wp-content\/uploads\/2025\/05\/concurso-de-quadrilhas-juninas-nGcsvt.jpg","width":2305,"height":1537},{"@type":"BreadcrumbList","@id":"https:\/\/deputadotaveirajr.com.br\/index.php\/festival-de-quadrilhas-de-currais-novos-divulga-lista-de-grupos-selecionados-para-2025\/#breadcrumb","itemListElement":[{"@type":"ListItem","position":1,"name":"In\u00edcio","item":"https:\/\/deputadotaveirajr.com.br\/"},{"@type":"ListItem","position":2,"name":"Festival de Quadrilhas de Currais Novos divulga lista de grupos selecionados para 2025"}]},{"@type":"WebSite","@id":"https:\/\/deputadotaveirajr.com.br\/#website","url":"https:\/\/deputadotaveirajr.com.br\/","name":"Taveira Jr","description":"Deputado Estadual","publisher":{"@id":"https:\/\/deputadotaveirajr.com.br\/#organization"},"potentialAction":[{"@type":"SearchAction","target":{"@type":"EntryPoint","urlTemplate":"https:\/\/deputadotaveirajr.com.br\/?s={search_term_string}"},"query-input":{"@type":"PropertyValueSpecification","valueRequired":true,"valueName":"search_term_string"}}],"inLanguage":"pt-BR"},{"@type":"Organization","@id":"https:\/\/deputadotaveirajr.com.br\/#organization","name":"Taveira Jr","url":"https:\/\/deputadotaveirajr.com.br\/","logo":{"@type":"ImageObject","inLanguage":"pt-BR","@id":"https:\/\/deputadotaveirajr.com.br\/#\/schema\/logo\/image\/","url":"https:\/\/deputadotaveirajr.com.br\/wp-content\/uploads\/2026\/01\/logolow2a.png","contentUrl":"https:\/\/deputadotaveirajr.com.br\/wp-content\/uploads\/2026\/01\/logolow2a.png","width":290,"height":80,"caption":"Taveira Jr"},"image":{"@id":"https:\/\/deputadotaveirajr.com.br\/#\/schema\/logo\/image\/"}}]}},"_links":{"self":[{"href":"https:\/\/deputadotaveirajr.com.br\/index.php\/wp-json\/wp\/v2\/pages\/13066","targetHints":{"allow":["GET"]}}],"collection":[{"href":"https:\/\/deputadotaveirajr.com.br\/index.php\/wp-json\/wp\/v2\/pages"}],"about":[{"href":"https:\/\/deputadotaveirajr.com.br\/index.php\/wp-json\/wp\/v2\/types\/page"}],"replies":[{"embeddable":true,"href":"https:\/\/deputadotaveirajr.com.br\/index.php\/wp-json\/wp\/v2\/comments?post=13066"}],"version-history":[{"count":0,"href":"https:\/\/deputadotaveirajr.com.br\/index.php\/wp-json\/wp\/v2\/pages\/13066\/revisions"}],"wp:featuredmedia":[{"embeddable":true,"href":"https:\/\/deputadotaveirajr.com.br\/index.php\/wp-json\/wp\/v2\/media\/13067"}],"wp:attachment":[{"href":"https:\/\/deputadotaveirajr.com.br\/index.php\/wp-json\/wp\/v2\/media?parent=13066"}],"curies":[{"name":"wp","href":"https:\/\/api.w.org\/{rel}","templated":true}]}}