{"id":13084,"date":"2025-05-24T10:38:56","date_gmt":"2025-05-24T13:38:56","guid":{"rendered":"https:\/\/deputadotaveirajr.com.br\/index.php\/mais-de-49-mil-eleitores-nao-justificam-ausencia-nas-eleicoes-e-perdem-titulo-no-rn-veja-o-que-fazer\/"},"modified":"2025-05-24T10:38:56","modified_gmt":"2025-05-24T13:38:56","slug":"mais-de-49-mil-eleitores-nao-justificam-ausencia-nas-eleicoes-e-perdem-titulo-no-rn-veja-o-que-fazer","status":"publish","type":"page","link":"https:\/\/deputadotaveirajr.com.br\/index.php\/mais-de-49-mil-eleitores-nao-justificam-ausencia-nas-eleicoes-e-perdem-titulo-no-rn-veja-o-que-fazer\/","title":{"rendered":"Mais de 49 mil eleitores n\u00e3o justificam aus\u00eancia nas elei\u00e7\u00f5es e perdem t\u00edtulo no RN; veja o que fazer"},"content":{"rendered":"<p><img decoding=\"async\" src=\"https:\/\/s2-g1.glbimg.com\/a7cb4ppdgDQht4YYSBH-glPgbvs=\/i.s3.glbimg.com\/v1\/AUTH_59edd422c0c84a879bd37670ae4f538a\/internal_photos\/bs\/2024\/k\/8\/UlA0BRR0WnlyNe9W95AQ\/foto.jpg\" \/><br \/>     Eleitores em quest\u00e3o n\u00e3o compareceram \u00e0s urnas, nem justificaram ou quitaram as multas relativas \u00e0s tr\u00eas \u00faltimas elei\u00e7\u00f5es. Direitos s\u00e3o perdidos sem t\u00edtulo. Urna eletr\u00f4nica<br \/>\nReprodu\u00e7\u00e3o\/TRE-RN<br \/>\nMais de 49 mil eleitores tiveram os t\u00edtulos cancelados no Rio Grande do Norte ap\u00f3s perderem o prazo para justificar a aus\u00eancia nas \u00faltimas tr\u00eas elei\u00e7\u00f5es &#8211; que inclui primeiro e segundo turno como elei\u00e7\u00f5es diferentes.<br \/>\nO dado foi divulgado nesta sexta-feira (24) pelo Tribunal Regional Eleitoral do Rio Grande do Norte (TRE-RN).<br \/>\nMesmo com o t\u00edtulo cancelado \u00e9 poss\u00edvel regularizar a situa\u00e7\u00e3o (veja abaixo como fazer). Sem t\u00edtulo, o cidad\u00e3o perde alguns direitos (h\u00e1 detalhes tamb\u00e9m mais abaixo).<br \/>\nEm mar\u00e7o, ao identificar 56 mil eleitores que poderiam perder o t\u00edtulo, o TRE os convocou para regularizar a situa\u00e7\u00e3o. O prazo se encerrou na segunda-feira (19).<br \/>\nOs eleitores em quest\u00e3o n\u00e3o compareceram \u00e0s urnas, nem justificaram ou quitaram as multas relativas \u00e0s tr\u00eas \u00faltimas elei\u00e7\u00f5es, incluindo os pleitos suplementares.<br \/>\nO cancelamento do t\u00edtulo estava previsto em resolu\u00e7\u00e3o de 27 de fevereiro de 2024 do Tribunal Superior Eleitoral (TSE).<br \/>\nNo Brasil, o TSE mapeou 5.308.871 eleitores na mesma situa\u00e7\u00e3o, e 212 mil atenderam ao chamado para regularizar o t\u00edtulo eleitoral.<br \/>\nComo consultar e regularizar a situa\u00e7\u00e3o?<br \/>\nOs eleitores que tiveram a inscri\u00e7\u00e3o cancelada podem regularizar sua situa\u00e7\u00e3o de forma presencial, no cart\u00f3rio eleitoral de seu munic\u00edpio, ou acessando o Autoatendimento Eleitoral, no site do TSE.<br \/>\nPara consultar e regularizar a situa\u00e7\u00e3o eleitoral, a pessoa pode:<br \/>\nacessar o Autoatendimento Eleitoral, no site do TRE-RN;<br \/>\nou o aplicativo e-T\u00edtulo;<br \/>\nou ainda comparecer a qualquer cart\u00f3rio eleitoral do RN, no hor\u00e1rio de 8h \u00e0s 14h na capital (Natal) e de 8h \u00e0s 13h em todas as zonas eleitorais do interior do estado, de segunda a sexta-feira, apresentando obrigatoriamente um documento oficial com foto.<br \/>\nOs endere\u00e7os e os telefones de contato dos cart\u00f3rios eleitorais tamb\u00e9m est\u00e3o dispon\u00edveis no site oficial do TRE-RN.<br \/>\nCaso existam d\u00e9bitos pendentes, ser\u00e1 preciso quit\u00e1-los, mas o pagamento isolado n\u00e3o impede o cancelamento do t\u00edtulo \u2014 \u00e9 necess\u00e1rio tamb\u00e9m solicitar a regulariza\u00e7\u00e3o para reativa\u00e7\u00e3o da inscri\u00e7\u00e3o eleitoral.<br \/>\nMais de 50 mil eleitores podem ter ti\u0301tulos cancelados no RN<br \/>\nDireitos perdidos<br \/>\nCom o t\u00edtulo eleitoral em situa\u00e7\u00e3o irregular, alguns direitos s\u00e3o perdidos, como:<br \/>\ninscrever-se e participar de concurso p\u00fablico, e tomar posse no cargo;\u202f<br \/>\nreceber vencimentos, sal\u00e1rios, proventos ou qualquer remunera\u00e7\u00e3o de cargo ou fun\u00e7\u00e3o p\u00fablica, aut\u00e1rquica, paraestatal ou de empresas e funda\u00e7\u00f5es mantidas ou subvencionadas pelo governo;<br \/>\nparticipar de concorr\u00eancias p\u00fablicas ou administrativas da Uni\u00e3o, dos estados, dos munic\u00edpios, das autarquias ou das entidades similares;\u202f<br \/>\nobter passaporte ou carteira de identidade;<br \/>\nrenovar matr\u00edcula em estabelecimentos de ensino oficiais ou fiscalizados pelo governo; e<br \/>\nrealizar qualquer ato que exija quita\u00e7\u00e3o do servi\u00e7o militar ou do imposto de renda.<br \/>\nEleitores acima de 70 anos de idade, os que est\u00e3o com 16 e 17 anos de idade e os analfabetos, n\u00e3o s\u00e3o pass\u00edveis de cancelamento, uma vez que o alistamento eleitoral e o voto s\u00e3o facultativos para esses eleitores.<br \/>\nV\u00eddeos mais assistidos do g1 RN<\/p>","protected":false},"excerpt":{"rendered":"<p>Eleitores em quest\u00e3o n\u00e3o compareceram \u00e0s urnas, nem justificaram ou quitaram as multas relativas \u00e0s tr\u00eas \u00faltimas elei\u00e7\u00f5es. Direitos s\u00e3o perdidos sem t\u00edtulo. Urna eletr\u00f4nica Reprodu\u00e7\u00e3o\/TRE-RN Mais de 49 mil &#8230;<\/p>\n","protected":false},"author":0,"featured_media":13085,"parent":0,"menu_order":0,"comment_status":"closed","ping_status":"closed","template":"","meta":{"footnotes":""},"class_list":["post-13084","page","type-page","status-publish","has-post-thumbnail","hentry"],"yoast_head":"<!-- This site is optimized with the Yoast SEO plugin v27.1.1 - https:\/\/yoast.com\/product\/yoast-seo-wordpress\/ -->\n<title>Mais de 49 mil eleitores n\u00e3o justificam aus\u00eancia nas elei\u00e7\u00f5es e perdem t\u00edtulo no RN; veja o que fazer - Taveira Jr<\/title>\n<meta name=\"robots\" content=\"index, follow, max-snippet:-1, max-image-preview:large, max-video-preview:-1\" \/>\n<link rel=\"canonical\" href=\"https:\/\/deputadotaveirajr.com.br\/index.php\/mais-de-49-mil-eleitores-nao-justificam-ausencia-nas-eleicoes-e-perdem-titulo-no-rn-veja-o-que-fazer\/\" \/>\n<meta property=\"og:locale\" content=\"pt_BR\" \/>\n<meta property=\"og:type\" content=\"article\" \/>\n<meta property=\"og:title\" content=\"Mais de 49 mil eleitores n\u00e3o justificam aus\u00eancia nas elei\u00e7\u00f5es e perdem t\u00edtulo no RN; veja o que fazer - Taveira Jr\" \/>\n<meta property=\"og:description\" content=\"Eleitores em quest\u00e3o n\u00e3o compareceram \u00e0s urnas, nem justificaram ou quitaram as multas relativas \u00e0s tr\u00eas \u00faltimas elei\u00e7\u00f5es. Direitos s\u00e3o perdidos sem t\u00edtulo. Urna eletr\u00f4nica Reprodu\u00e7\u00e3o\/TRE-RN Mais de 49 mil ...\" \/>\n<meta property=\"og:url\" content=\"https:\/\/deputadotaveirajr.com.br\/index.php\/mais-de-49-mil-eleitores-nao-justificam-ausencia-nas-eleicoes-e-perdem-titulo-no-rn-veja-o-que-fazer\/\" \/>\n<meta property=\"og:site_name\" content=\"Taveira Jr\" \/>\n<meta property=\"og:image\" content=\"https:\/\/s2-g1.glbimg.com\/a7cb4ppdgDQht4YYSBH-glPgbvs=\/i.s3.glbimg.com\/v1\/AUTH_59edd422c0c84a879bd37670ae4f538a\/internal_photos\/bs\/2024\/k\/8\/UlA0BRR0WnlyNe9W95AQ\/foto.jpg\" \/>\n<meta name=\"twitter:card\" content=\"summary_large_image\" \/>\n<meta name=\"twitter:label1\" content=\"Est. tempo de leitura\" \/>\n\t<meta name=\"twitter:data1\" content=\"3 minutos\" \/>\n<script type=\"application\/ld+json\" class=\"yoast-schema-graph\">{\"@context\":\"https:\/\/schema.org\",\"@graph\":[{\"@type\":\"WebPage\",\"@id\":\"https:\/\/deputadotaveirajr.com.br\/index.php\/mais-de-49-mil-eleitores-nao-justificam-ausencia-nas-eleicoes-e-perdem-titulo-no-rn-veja-o-que-fazer\/\",\"url\":\"https:\/\/deputadotaveirajr.com.br\/index.php\/mais-de-49-mil-eleitores-nao-justificam-ausencia-nas-eleicoes-e-perdem-titulo-no-rn-veja-o-que-fazer\/\",\"name\":\"Mais de 49 mil eleitores n\u00e3o justificam aus\u00eancia nas elei\u00e7\u00f5es e perdem t\u00edtulo no RN; veja o que fazer - Taveira Jr\",\"isPartOf\":{\"@id\":\"https:\/\/deputadotaveirajr.com.br\/#website\"},\"primaryImageOfPage\":{\"@id\":\"https:\/\/deputadotaveirajr.com.br\/index.php\/mais-de-49-mil-eleitores-nao-justificam-ausencia-nas-eleicoes-e-perdem-titulo-no-rn-veja-o-que-fazer\/#primaryimage\"},\"image\":{\"@id\":\"https:\/\/deputadotaveirajr.com.br\/index.php\/mais-de-49-mil-eleitores-nao-justificam-ausencia-nas-eleicoes-e-perdem-titulo-no-rn-veja-o-que-fazer\/#primaryimage\"},\"thumbnailUrl\":\"https:\/\/deputadotaveirajr.com.br\/wp-content\/uploads\/2025\/05\/foto-VLnhFh.jpg\",\"datePublished\":\"2025-05-24T13:38:56+00:00\",\"breadcrumb\":{\"@id\":\"https:\/\/deputadotaveirajr.com.br\/index.php\/mais-de-49-mil-eleitores-nao-justificam-ausencia-nas-eleicoes-e-perdem-titulo-no-rn-veja-o-que-fazer\/#breadcrumb\"},\"inLanguage\":\"pt-BR\",\"potentialAction\":[{\"@type\":\"ReadAction\",\"target\":[\"https:\/\/deputadotaveirajr.com.br\/index.php\/mais-de-49-mil-eleitores-nao-justificam-ausencia-nas-eleicoes-e-perdem-titulo-no-rn-veja-o-que-fazer\/\"]}]},{\"@type\":\"ImageObject\",\"inLanguage\":\"pt-BR\",\"@id\":\"https:\/\/deputadotaveirajr.com.br\/index.php\/mais-de-49-mil-eleitores-nao-justificam-ausencia-nas-eleicoes-e-perdem-titulo-no-rn-veja-o-que-fazer\/#primaryimage\",\"url\":\"https:\/\/deputadotaveirajr.com.br\/wp-content\/uploads\/2025\/05\/foto-VLnhFh.jpg\",\"contentUrl\":\"https:\/\/deputadotaveirajr.com.br\/wp-content\/uploads\/2025\/05\/foto-VLnhFh.jpg\",\"width\":1700,\"height\":1065},{\"@type\":\"BreadcrumbList\",\"@id\":\"https:\/\/deputadotaveirajr.com.br\/index.php\/mais-de-49-mil-eleitores-nao-justificam-ausencia-nas-eleicoes-e-perdem-titulo-no-rn-veja-o-que-fazer\/#breadcrumb\",\"itemListElement\":[{\"@type\":\"ListItem\",\"position\":1,\"name\":\"In\u00edcio\",\"item\":\"https:\/\/deputadotaveirajr.com.br\/\"},{\"@type\":\"ListItem\",\"position\":2,\"name\":\"Mais de 49 mil eleitores n\u00e3o justificam aus\u00eancia nas elei\u00e7\u00f5es e perdem t\u00edtulo no RN; veja o que fazer\"}]},{\"@type\":\"WebSite\",\"@id\":\"https:\/\/deputadotaveirajr.com.br\/#website\",\"url\":\"https:\/\/deputadotaveirajr.com.br\/\",\"name\":\"Taveira Jr\",\"description\":\"Deputado Estadual\",\"publisher\":{\"@id\":\"https:\/\/deputadotaveirajr.com.br\/#organization\"},\"potentialAction\":[{\"@type\":\"SearchAction\",\"target\":{\"@type\":\"EntryPoint\",\"urlTemplate\":\"https:\/\/deputadotaveirajr.com.br\/?s={search_term_string}\"},\"query-input\":{\"@type\":\"PropertyValueSpecification\",\"valueRequired\":true,\"valueName\":\"search_term_string\"}}],\"inLanguage\":\"pt-BR\"},{\"@type\":\"Organization\",\"@id\":\"https:\/\/deputadotaveirajr.com.br\/#organization\",\"name\":\"Taveira Jr\",\"url\":\"https:\/\/deputadotaveirajr.com.br\/\",\"logo\":{\"@type\":\"ImageObject\",\"inLanguage\":\"pt-BR\",\"@id\":\"https:\/\/deputadotaveirajr.com.br\/#\/schema\/logo\/image\/\",\"url\":\"https:\/\/deputadotaveirajr.com.br\/wp-content\/uploads\/2026\/01\/logolow2a.png\",\"contentUrl\":\"https:\/\/deputadotaveirajr.com.br\/wp-content\/uploads\/2026\/01\/logolow2a.png\",\"width\":290,\"height\":80,\"caption\":\"Taveira Jr\"},\"image\":{\"@id\":\"https:\/\/deputadotaveirajr.com.br\/#\/schema\/logo\/image\/\"}}]}<\/script>\n<!-- \/ Yoast SEO plugin. -->","yoast_head_json":{"title":"Mais de 49 mil eleitores n\u00e3o justificam aus\u00eancia nas elei\u00e7\u00f5es e perdem t\u00edtulo no RN; veja o que fazer - Taveira Jr","robots":{"index":"index","follow":"follow","max-snippet":"max-snippet:-1","max-image-preview":"max-image-preview:large","max-video-preview":"max-video-preview:-1"},"canonical":"https:\/\/deputadotaveirajr.com.br\/index.php\/mais-de-49-mil-eleitores-nao-justificam-ausencia-nas-eleicoes-e-perdem-titulo-no-rn-veja-o-que-fazer\/","og_locale":"pt_BR","og_type":"article","og_title":"Mais de 49 mil eleitores n\u00e3o justificam aus\u00eancia nas elei\u00e7\u00f5es e perdem t\u00edtulo no RN; veja o que fazer - Taveira Jr","og_description":"Eleitores em quest\u00e3o n\u00e3o compareceram \u00e0s urnas, nem justificaram ou quitaram as multas relativas \u00e0s tr\u00eas \u00faltimas elei\u00e7\u00f5es. Direitos s\u00e3o perdidos sem t\u00edtulo. Urna eletr\u00f4nica Reprodu\u00e7\u00e3o\/TRE-RN Mais de 49 mil ...","og_url":"https:\/\/deputadotaveirajr.com.br\/index.php\/mais-de-49-mil-eleitores-nao-justificam-ausencia-nas-eleicoes-e-perdem-titulo-no-rn-veja-o-que-fazer\/","og_site_name":"Taveira Jr","og_image":[{"url":"https:\/\/s2-g1.glbimg.com\/a7cb4ppdgDQht4YYSBH-glPgbvs=\/i.s3.glbimg.com\/v1\/AUTH_59edd422c0c84a879bd37670ae4f538a\/internal_photos\/bs\/2024\/k\/8\/UlA0BRR0WnlyNe9W95AQ\/foto.jpg","type":"","width":"","height":""}],"twitter_card":"summary_large_image","twitter_misc":{"Est. tempo de leitura":"3 minutos"},"schema":{"@context":"https:\/\/schema.org","@graph":[{"@type":"WebPage","@id":"https:\/\/deputadotaveirajr.com.br\/index.php\/mais-de-49-mil-eleitores-nao-justificam-ausencia-nas-eleicoes-e-perdem-titulo-no-rn-veja-o-que-fazer\/","url":"https:\/\/deputadotaveirajr.com.br\/index.php\/mais-de-49-mil-eleitores-nao-justificam-ausencia-nas-eleicoes-e-perdem-titulo-no-rn-veja-o-que-fazer\/","name":"Mais de 49 mil eleitores n\u00e3o justificam aus\u00eancia nas elei\u00e7\u00f5es e perdem t\u00edtulo no RN; veja o que fazer - Taveira Jr","isPartOf":{"@id":"https:\/\/deputadotaveirajr.com.br\/#website"},"primaryImageOfPage":{"@id":"https:\/\/deputadotaveirajr.com.br\/index.php\/mais-de-49-mil-eleitores-nao-justificam-ausencia-nas-eleicoes-e-perdem-titulo-no-rn-veja-o-que-fazer\/#primaryimage"},"image":{"@id":"https:\/\/deputadotaveirajr.com.br\/index.php\/mais-de-49-mil-eleitores-nao-justificam-ausencia-nas-eleicoes-e-perdem-titulo-no-rn-veja-o-que-fazer\/#primaryimage"},"thumbnailUrl":"https:\/\/deputadotaveirajr.com.br\/wp-content\/uploads\/2025\/05\/foto-VLnhFh.jpg","datePublished":"2025-05-24T13:38:56+00:00","breadcrumb":{"@id":"https:\/\/deputadotaveirajr.com.br\/index.php\/mais-de-49-mil-eleitores-nao-justificam-ausencia-nas-eleicoes-e-perdem-titulo-no-rn-veja-o-que-fazer\/#breadcrumb"},"inLanguage":"pt-BR","potentialAction":[{"@type":"ReadAction","target":["https:\/\/deputadotaveirajr.com.br\/index.php\/mais-de-49-mil-eleitores-nao-justificam-ausencia-nas-eleicoes-e-perdem-titulo-no-rn-veja-o-que-fazer\/"]}]},{"@type":"ImageObject","inLanguage":"pt-BR","@id":"https:\/\/deputadotaveirajr.com.br\/index.php\/mais-de-49-mil-eleitores-nao-justificam-ausencia-nas-eleicoes-e-perdem-titulo-no-rn-veja-o-que-fazer\/#primaryimage","url":"https:\/\/deputadotaveirajr.com.br\/wp-content\/uploads\/2025\/05\/foto-VLnhFh.jpg","contentUrl":"https:\/\/deputadotaveirajr.com.br\/wp-content\/uploads\/2025\/05\/foto-VLnhFh.jpg","width":1700,"height":1065},{"@type":"BreadcrumbList","@id":"https:\/\/deputadotaveirajr.com.br\/index.php\/mais-de-49-mil-eleitores-nao-justificam-ausencia-nas-eleicoes-e-perdem-titulo-no-rn-veja-o-que-fazer\/#breadcrumb","itemListElement":[{"@type":"ListItem","position":1,"name":"In\u00edcio","item":"https:\/\/deputadotaveirajr.com.br\/"},{"@type":"ListItem","position":2,"name":"Mais de 49 mil eleitores n\u00e3o justificam aus\u00eancia nas elei\u00e7\u00f5es e perdem t\u00edtulo no RN; veja o que fazer"}]},{"@type":"WebSite","@id":"https:\/\/deputadotaveirajr.com.br\/#website","url":"https:\/\/deputadotaveirajr.com.br\/","name":"Taveira Jr","description":"Deputado Estadual","publisher":{"@id":"https:\/\/deputadotaveirajr.com.br\/#organization"},"potentialAction":[{"@type":"SearchAction","target":{"@type":"EntryPoint","urlTemplate":"https:\/\/deputadotaveirajr.com.br\/?s={search_term_string}"},"query-input":{"@type":"PropertyValueSpecification","valueRequired":true,"valueName":"search_term_string"}}],"inLanguage":"pt-BR"},{"@type":"Organization","@id":"https:\/\/deputadotaveirajr.com.br\/#organization","name":"Taveira Jr","url":"https:\/\/deputadotaveirajr.com.br\/","logo":{"@type":"ImageObject","inLanguage":"pt-BR","@id":"https:\/\/deputadotaveirajr.com.br\/#\/schema\/logo\/image\/","url":"https:\/\/deputadotaveirajr.com.br\/wp-content\/uploads\/2026\/01\/logolow2a.png","contentUrl":"https:\/\/deputadotaveirajr.com.br\/wp-content\/uploads\/2026\/01\/logolow2a.png","width":290,"height":80,"caption":"Taveira Jr"},"image":{"@id":"https:\/\/deputadotaveirajr.com.br\/#\/schema\/logo\/image\/"}}]}},"_links":{"self":[{"href":"https:\/\/deputadotaveirajr.com.br\/index.php\/wp-json\/wp\/v2\/pages\/13084","targetHints":{"allow":["GET"]}}],"collection":[{"href":"https:\/\/deputadotaveirajr.com.br\/index.php\/wp-json\/wp\/v2\/pages"}],"about":[{"href":"https:\/\/deputadotaveirajr.com.br\/index.php\/wp-json\/wp\/v2\/types\/page"}],"replies":[{"embeddable":true,"href":"https:\/\/deputadotaveirajr.com.br\/index.php\/wp-json\/wp\/v2\/comments?post=13084"}],"version-history":[{"count":0,"href":"https:\/\/deputadotaveirajr.com.br\/index.php\/wp-json\/wp\/v2\/pages\/13084\/revisions"}],"wp:featuredmedia":[{"embeddable":true,"href":"https:\/\/deputadotaveirajr.com.br\/index.php\/wp-json\/wp\/v2\/media\/13085"}],"wp:attachment":[{"href":"https:\/\/deputadotaveirajr.com.br\/index.php\/wp-json\/wp\/v2\/media?parent=13084"}],"curies":[{"name":"wp","href":"https:\/\/api.w.org\/{rel}","templated":true}]}}