{"id":13092,"date":"2025-05-25T11:34:54","date_gmt":"2025-05-25T14:34:54","guid":{"rendered":"https:\/\/deputadotaveirajr.com.br\/index.php\/video-registra-som-de-tiros-em-sequencia-durante-assassinato-no-rn\/"},"modified":"2025-05-25T11:34:54","modified_gmt":"2025-05-25T14:34:54","slug":"video-registra-som-de-tiros-em-sequencia-durante-assassinato-no-rn","status":"publish","type":"page","link":"https:\/\/deputadotaveirajr.com.br\/index.php\/video-registra-som-de-tiros-em-sequencia-durante-assassinato-no-rn\/","title":{"rendered":"V\u00eddeo registra som de tiros em sequ\u00eancia durante assassinato no RN"},"content":{"rendered":"<p><img decoding=\"async\" src=\"https:\/\/s2-g1.glbimg.com\/Biu8VwY-7A6XqTmsrl09LmrrrRQ=\/i.s3.glbimg.com\/v1\/AUTH_59edd422c0c84a879bd37670ae4f538a\/internal_photos\/bs\/2025\/O\/A\/7AsE5HStefrbiPDegReA\/marca-de-tiro.jpg\" \/><br \/>     Crime aconteceu na noite de s\u00e1bado (24) no bairro Bela Vista, em Mossor\u00f3. Nenhum suspeito foi preso.  V\u00eddeo registra sequ\u00eancia de tiros durante assassinato no RN<br \/>\nUm v\u00eddeo registrou o barulho provocado por intensa sequ\u00eancia de tiros na noite deste s\u00e1bado (24) no bairro Bela Vista, em Mossor\u00f3, na regi\u00e3o Oeste potiguar.<br \/>\nSegundo a Pol\u00edcia Civil, os tiros resultaram na morte de um jovem de 21 anos identificado como Jo\u00e3o Vitor de Souza Silva.<br \/>\n\ud83d\udcf3Participe do canal do g1 RN no WhatsApp<br \/>\nO crime aconteceu por volta das 21h, na Rua Za\u00edra Maria de Oliveira, no Conjunto M\u00e1rcio Marinho.<br \/>\nSegundo testemunhas informaram a pol\u00edcia, Jo\u00e3o Vitor tinha acabado de sair de casa e entrava no carro quando foi surpreendido por criminosos armados que estavam escondidos em uma \u00e1rea de mata.<br \/>\nA v\u00edtima foi atingida por v\u00e1rios disparos e morreu ainda no local. O delegado Renato Oliveira informou que mais de 30 tiros foram disparados, a maioria com pistolas calibre 9mm. Duas casas vizinhas tamb\u00e9m foram atingidas pelos disparos, mas ningu\u00e9m se feriu.<br \/>\nMarca de tiro no vidro do carro, ap\u00f3s disparos em Mossor\u00f3<br \/>\nRedes sociais<br \/>\nDe acordo com a pol\u00edcia, ap\u00f3s o crime, os suspeitos fugiram pelo matagal. A Pol\u00edcia Militar isolou a \u00e1rea at\u00e9 a chegada da equipe do Instituto T\u00e9cnico-Cient\u00edfico de Per\u00edcia (Itep) e da Pol\u00edcia Civil. O corpo foi recolhido para passar por exames necroscopicos.<br \/>\nA Delegacia de Homic\u00eddios e a prote\u00e7\u00e3o \u00e0 Pessoa de Mossor\u00f3 &#8211; DHPP investigara o caso. At\u00e9 a \u00faltima atualiza\u00e7\u00e3o desta reportagem, a corpora\u00e7\u00e3o n\u00e3o informou as poss\u00edveis motiva\u00e7\u00f5es do crime. Nenhum suspeito foi preso.<br \/>\n Veja os v\u00eddeos mais assistidos no g1 RN<\/p>","protected":false},"excerpt":{"rendered":"<p>Crime aconteceu na noite de s\u00e1bado (24) no bairro Bela Vista, em Mossor\u00f3. Nenhum suspeito foi preso. V\u00eddeo registra sequ\u00eancia de tiros durante assassinato no RN Um v\u00eddeo registrou o &#8230;<\/p>\n","protected":false},"author":0,"featured_media":13093,"parent":0,"menu_order":0,"comment_status":"closed","ping_status":"closed","template":"","meta":{"footnotes":""},"class_list":["post-13092","page","type-page","status-publish","has-post-thumbnail","hentry"],"yoast_head":"<!-- This site is optimized with the Yoast SEO plugin v27.1.1 - https:\/\/yoast.com\/product\/yoast-seo-wordpress\/ -->\n<title>V\u00eddeo registra som de tiros em sequ\u00eancia durante assassinato no RN - Taveira Jr<\/title>\n<meta name=\"robots\" content=\"index, follow, max-snippet:-1, max-image-preview:large, max-video-preview:-1\" \/>\n<link rel=\"canonical\" href=\"https:\/\/deputadotaveirajr.com.br\/index.php\/video-registra-som-de-tiros-em-sequencia-durante-assassinato-no-rn\/\" \/>\n<meta property=\"og:locale\" content=\"pt_BR\" \/>\n<meta property=\"og:type\" content=\"article\" \/>\n<meta property=\"og:title\" content=\"V\u00eddeo registra som de tiros em sequ\u00eancia durante assassinato no RN - Taveira Jr\" \/>\n<meta property=\"og:description\" content=\"Crime aconteceu na noite de s\u00e1bado (24) no bairro Bela Vista, em Mossor\u00f3. Nenhum suspeito foi preso. V\u00eddeo registra sequ\u00eancia de tiros durante assassinato no RN Um v\u00eddeo registrou o ...\" \/>\n<meta property=\"og:url\" content=\"https:\/\/deputadotaveirajr.com.br\/index.php\/video-registra-som-de-tiros-em-sequencia-durante-assassinato-no-rn\/\" \/>\n<meta property=\"og:site_name\" content=\"Taveira Jr\" \/>\n<meta property=\"og:image\" content=\"https:\/\/s2-g1.glbimg.com\/Biu8VwY-7A6XqTmsrl09LmrrrRQ=\/i.s3.glbimg.com\/v1\/AUTH_59edd422c0c84a879bd37670ae4f538a\/internal_photos\/bs\/2025\/O\/A\/7AsE5HStefrbiPDegReA\/marca-de-tiro.jpg\" \/>\n<meta name=\"twitter:card\" content=\"summary_large_image\" \/>\n<meta name=\"twitter:label1\" content=\"Est. tempo de leitura\" \/>\n\t<meta name=\"twitter:data1\" content=\"1 minuto\" \/>\n<script type=\"application\/ld+json\" class=\"yoast-schema-graph\">{\"@context\":\"https:\/\/schema.org\",\"@graph\":[{\"@type\":\"WebPage\",\"@id\":\"https:\/\/deputadotaveirajr.com.br\/index.php\/video-registra-som-de-tiros-em-sequencia-durante-assassinato-no-rn\/\",\"url\":\"https:\/\/deputadotaveirajr.com.br\/index.php\/video-registra-som-de-tiros-em-sequencia-durante-assassinato-no-rn\/\",\"name\":\"V\u00eddeo registra som de tiros em sequ\u00eancia durante assassinato no RN - Taveira Jr\",\"isPartOf\":{\"@id\":\"https:\/\/deputadotaveirajr.com.br\/#website\"},\"primaryImageOfPage\":{\"@id\":\"https:\/\/deputadotaveirajr.com.br\/index.php\/video-registra-som-de-tiros-em-sequencia-durante-assassinato-no-rn\/#primaryimage\"},\"image\":{\"@id\":\"https:\/\/deputadotaveirajr.com.br\/index.php\/video-registra-som-de-tiros-em-sequencia-durante-assassinato-no-rn\/#primaryimage\"},\"thumbnailUrl\":\"https:\/\/deputadotaveirajr.com.br\/wp-content\/uploads\/2025\/05\/marca-de-tiro-jKNJKF.jpg\",\"datePublished\":\"2025-05-25T14:34:54+00:00\",\"breadcrumb\":{\"@id\":\"https:\/\/deputadotaveirajr.com.br\/index.php\/video-registra-som-de-tiros-em-sequencia-durante-assassinato-no-rn\/#breadcrumb\"},\"inLanguage\":\"pt-BR\",\"potentialAction\":[{\"@type\":\"ReadAction\",\"target\":[\"https:\/\/deputadotaveirajr.com.br\/index.php\/video-registra-som-de-tiros-em-sequencia-durante-assassinato-no-rn\/\"]}]},{\"@type\":\"ImageObject\",\"inLanguage\":\"pt-BR\",\"@id\":\"https:\/\/deputadotaveirajr.com.br\/index.php\/video-registra-som-de-tiros-em-sequencia-durante-assassinato-no-rn\/#primaryimage\",\"url\":\"https:\/\/deputadotaveirajr.com.br\/wp-content\/uploads\/2025\/05\/marca-de-tiro-jKNJKF.jpg\",\"contentUrl\":\"https:\/\/deputadotaveirajr.com.br\/wp-content\/uploads\/2025\/05\/marca-de-tiro-jKNJKF.jpg\",\"width\":1200,\"height\":876},{\"@type\":\"BreadcrumbList\",\"@id\":\"https:\/\/deputadotaveirajr.com.br\/index.php\/video-registra-som-de-tiros-em-sequencia-durante-assassinato-no-rn\/#breadcrumb\",\"itemListElement\":[{\"@type\":\"ListItem\",\"position\":1,\"name\":\"In\u00edcio\",\"item\":\"https:\/\/deputadotaveirajr.com.br\/\"},{\"@type\":\"ListItem\",\"position\":2,\"name\":\"V\u00eddeo registra som de tiros em sequ\u00eancia durante assassinato no RN\"}]},{\"@type\":\"WebSite\",\"@id\":\"https:\/\/deputadotaveirajr.com.br\/#website\",\"url\":\"https:\/\/deputadotaveirajr.com.br\/\",\"name\":\"Taveira Jr\",\"description\":\"Deputado Estadual\",\"publisher\":{\"@id\":\"https:\/\/deputadotaveirajr.com.br\/#organization\"},\"potentialAction\":[{\"@type\":\"SearchAction\",\"target\":{\"@type\":\"EntryPoint\",\"urlTemplate\":\"https:\/\/deputadotaveirajr.com.br\/?s={search_term_string}\"},\"query-input\":{\"@type\":\"PropertyValueSpecification\",\"valueRequired\":true,\"valueName\":\"search_term_string\"}}],\"inLanguage\":\"pt-BR\"},{\"@type\":\"Organization\",\"@id\":\"https:\/\/deputadotaveirajr.com.br\/#organization\",\"name\":\"Taveira Jr\",\"url\":\"https:\/\/deputadotaveirajr.com.br\/\",\"logo\":{\"@type\":\"ImageObject\",\"inLanguage\":\"pt-BR\",\"@id\":\"https:\/\/deputadotaveirajr.com.br\/#\/schema\/logo\/image\/\",\"url\":\"https:\/\/deputadotaveirajr.com.br\/wp-content\/uploads\/2026\/01\/logolow2a.png\",\"contentUrl\":\"https:\/\/deputadotaveirajr.com.br\/wp-content\/uploads\/2026\/01\/logolow2a.png\",\"width\":290,\"height\":80,\"caption\":\"Taveira Jr\"},\"image\":{\"@id\":\"https:\/\/deputadotaveirajr.com.br\/#\/schema\/logo\/image\/\"}}]}<\/script>\n<!-- \/ Yoast SEO plugin. -->","yoast_head_json":{"title":"V\u00eddeo registra som de tiros em sequ\u00eancia durante assassinato no RN - Taveira Jr","robots":{"index":"index","follow":"follow","max-snippet":"max-snippet:-1","max-image-preview":"max-image-preview:large","max-video-preview":"max-video-preview:-1"},"canonical":"https:\/\/deputadotaveirajr.com.br\/index.php\/video-registra-som-de-tiros-em-sequencia-durante-assassinato-no-rn\/","og_locale":"pt_BR","og_type":"article","og_title":"V\u00eddeo registra som de tiros em sequ\u00eancia durante assassinato no RN - Taveira Jr","og_description":"Crime aconteceu na noite de s\u00e1bado (24) no bairro Bela Vista, em Mossor\u00f3. Nenhum suspeito foi preso. V\u00eddeo registra sequ\u00eancia de tiros durante assassinato no RN Um v\u00eddeo registrou o ...","og_url":"https:\/\/deputadotaveirajr.com.br\/index.php\/video-registra-som-de-tiros-em-sequencia-durante-assassinato-no-rn\/","og_site_name":"Taveira Jr","og_image":[{"url":"https:\/\/s2-g1.glbimg.com\/Biu8VwY-7A6XqTmsrl09LmrrrRQ=\/i.s3.glbimg.com\/v1\/AUTH_59edd422c0c84a879bd37670ae4f538a\/internal_photos\/bs\/2025\/O\/A\/7AsE5HStefrbiPDegReA\/marca-de-tiro.jpg","type":"","width":"","height":""}],"twitter_card":"summary_large_image","twitter_misc":{"Est. tempo de leitura":"1 minuto"},"schema":{"@context":"https:\/\/schema.org","@graph":[{"@type":"WebPage","@id":"https:\/\/deputadotaveirajr.com.br\/index.php\/video-registra-som-de-tiros-em-sequencia-durante-assassinato-no-rn\/","url":"https:\/\/deputadotaveirajr.com.br\/index.php\/video-registra-som-de-tiros-em-sequencia-durante-assassinato-no-rn\/","name":"V\u00eddeo registra som de tiros em sequ\u00eancia durante assassinato no RN - Taveira Jr","isPartOf":{"@id":"https:\/\/deputadotaveirajr.com.br\/#website"},"primaryImageOfPage":{"@id":"https:\/\/deputadotaveirajr.com.br\/index.php\/video-registra-som-de-tiros-em-sequencia-durante-assassinato-no-rn\/#primaryimage"},"image":{"@id":"https:\/\/deputadotaveirajr.com.br\/index.php\/video-registra-som-de-tiros-em-sequencia-durante-assassinato-no-rn\/#primaryimage"},"thumbnailUrl":"https:\/\/deputadotaveirajr.com.br\/wp-content\/uploads\/2025\/05\/marca-de-tiro-jKNJKF.jpg","datePublished":"2025-05-25T14:34:54+00:00","breadcrumb":{"@id":"https:\/\/deputadotaveirajr.com.br\/index.php\/video-registra-som-de-tiros-em-sequencia-durante-assassinato-no-rn\/#breadcrumb"},"inLanguage":"pt-BR","potentialAction":[{"@type":"ReadAction","target":["https:\/\/deputadotaveirajr.com.br\/index.php\/video-registra-som-de-tiros-em-sequencia-durante-assassinato-no-rn\/"]}]},{"@type":"ImageObject","inLanguage":"pt-BR","@id":"https:\/\/deputadotaveirajr.com.br\/index.php\/video-registra-som-de-tiros-em-sequencia-durante-assassinato-no-rn\/#primaryimage","url":"https:\/\/deputadotaveirajr.com.br\/wp-content\/uploads\/2025\/05\/marca-de-tiro-jKNJKF.jpg","contentUrl":"https:\/\/deputadotaveirajr.com.br\/wp-content\/uploads\/2025\/05\/marca-de-tiro-jKNJKF.jpg","width":1200,"height":876},{"@type":"BreadcrumbList","@id":"https:\/\/deputadotaveirajr.com.br\/index.php\/video-registra-som-de-tiros-em-sequencia-durante-assassinato-no-rn\/#breadcrumb","itemListElement":[{"@type":"ListItem","position":1,"name":"In\u00edcio","item":"https:\/\/deputadotaveirajr.com.br\/"},{"@type":"ListItem","position":2,"name":"V\u00eddeo registra som de tiros em sequ\u00eancia durante assassinato no RN"}]},{"@type":"WebSite","@id":"https:\/\/deputadotaveirajr.com.br\/#website","url":"https:\/\/deputadotaveirajr.com.br\/","name":"Taveira Jr","description":"Deputado Estadual","publisher":{"@id":"https:\/\/deputadotaveirajr.com.br\/#organization"},"potentialAction":[{"@type":"SearchAction","target":{"@type":"EntryPoint","urlTemplate":"https:\/\/deputadotaveirajr.com.br\/?s={search_term_string}"},"query-input":{"@type":"PropertyValueSpecification","valueRequired":true,"valueName":"search_term_string"}}],"inLanguage":"pt-BR"},{"@type":"Organization","@id":"https:\/\/deputadotaveirajr.com.br\/#organization","name":"Taveira Jr","url":"https:\/\/deputadotaveirajr.com.br\/","logo":{"@type":"ImageObject","inLanguage":"pt-BR","@id":"https:\/\/deputadotaveirajr.com.br\/#\/schema\/logo\/image\/","url":"https:\/\/deputadotaveirajr.com.br\/wp-content\/uploads\/2026\/01\/logolow2a.png","contentUrl":"https:\/\/deputadotaveirajr.com.br\/wp-content\/uploads\/2026\/01\/logolow2a.png","width":290,"height":80,"caption":"Taveira Jr"},"image":{"@id":"https:\/\/deputadotaveirajr.com.br\/#\/schema\/logo\/image\/"}}]}},"_links":{"self":[{"href":"https:\/\/deputadotaveirajr.com.br\/index.php\/wp-json\/wp\/v2\/pages\/13092","targetHints":{"allow":["GET"]}}],"collection":[{"href":"https:\/\/deputadotaveirajr.com.br\/index.php\/wp-json\/wp\/v2\/pages"}],"about":[{"href":"https:\/\/deputadotaveirajr.com.br\/index.php\/wp-json\/wp\/v2\/types\/page"}],"replies":[{"embeddable":true,"href":"https:\/\/deputadotaveirajr.com.br\/index.php\/wp-json\/wp\/v2\/comments?post=13092"}],"version-history":[{"count":0,"href":"https:\/\/deputadotaveirajr.com.br\/index.php\/wp-json\/wp\/v2\/pages\/13092\/revisions"}],"wp:featuredmedia":[{"embeddable":true,"href":"https:\/\/deputadotaveirajr.com.br\/index.php\/wp-json\/wp\/v2\/media\/13093"}],"wp:attachment":[{"href":"https:\/\/deputadotaveirajr.com.br\/index.php\/wp-json\/wp\/v2\/media?parent=13092"}],"curies":[{"name":"wp","href":"https:\/\/api.w.org\/{rel}","templated":true}]}}