{"id":13103,"date":"2025-05-28T18:24:03","date_gmt":"2025-05-28T21:24:03","guid":{"rendered":"https:\/\/deputadotaveirajr.com.br\/index.php\/homem-foragido-por-assassinato-cometido-ha-27-anos-em-natal-e-preso-na-pb\/"},"modified":"2025-05-28T18:24:03","modified_gmt":"2025-05-28T21:24:03","slug":"homem-foragido-por-assassinato-cometido-ha-27-anos-em-natal-e-preso-na-pb","status":"publish","type":"page","link":"https:\/\/deputadotaveirajr.com.br\/index.php\/homem-foragido-por-assassinato-cometido-ha-27-anos-em-natal-e-preso-na-pb\/","title":{"rendered":"Homem foragido por assassinato cometido h\u00e1 27 anos em Natal \u00e9 preso na PB"},"content":{"rendered":"<p><img decoding=\"async\" src=\"https:\/\/s2-g1.glbimg.com\/69QhRQM6QhcjD7Vf4BhsbkErwCU=\/i.s3.glbimg.com\/v1\/AUTH_59edd422c0c84a879bd37670ae4f538a\/internal_photos\/bs\/2025\/B\/V\/KhzON7TwGCO9X0y47MGQ\/viatura.jpg\" \/><br \/>     Crime aconteceu na Comunidade do Alem\u00e3o, em Felipe Camar\u00e3o, em 1998. Investigado, de 50 anos, foi detido em Bayeux.  Viatura da Pol\u00edcia Civil do RN<br \/>\nDivulga\u00e7\u00e3o<br \/>\nUm homem investigado por um assassinato cometido h\u00e1 27 anos no bairro Felipe Camar\u00e3o, na Zona Oeste de Natal, foi preso nesta ter\u00e7a-feira (27) na cidade de Bayeux, na Para\u00edba, estado vizinho.<br \/>\nO crime ocorreu em 1998, na comunidade do Alem\u00e3o. Segundo a Pol\u00edcia Civil do Rio Grande do Norte, desde ent\u00e3o ele era considerado foragido da Justi\u00e7a.<br \/>\n\ud83d\udcf3Participe do canal do g1 RN no WhatsApp<br \/>\nO homem, que tem 50 anos de idade, \u00e9 investigado pelo crime de homic\u00eddio qualificado. Contra ele, segundo a pol\u00edcia, havia um mandado de pris\u00e3o preventiva.<br \/>\nA pris\u00e3o foi realizada por policiais civis da 2\u00aa Delegacia de Pol\u00edcia de Natal (2\u00aa DP), com o apoio da 4\u00aa Delegacia Seccional da Pol\u00edcia Civil da Para\u00edba \u2013 N\u00facleo de Homic\u00eddios de Bayeux e da Delegacia de Homic\u00eddios e de Prote\u00e7\u00e3o \u00e0 Pessoa (DHPP\/PB).<br \/>\nA pris\u00e3o foi resultado do trabalho investigativo da 2\u00aa DP, com base no interc\u00e2mbio de informa\u00e7\u00f5es entre as Pol\u00edcias Civis do Rio Grande do Norte e da Para\u00edba.<br \/>\n&#8220;Ap\u00f3s a troca de dados e dilig\u00eancias integradas, o homem foi capturado e encaminhado ao sistema prisional, onde ficar\u00e1 \u00e0 disposi\u00e7\u00e3o da Justi\u00e7a&#8221;, informou a Pol\u00edcia Civil do RN.<br \/>\n\u2b07\ufe0f Pol\u00edcia investiga fraudes fiscais em padaria de Natal. Veja reportagem abaixo:<br \/>\nPol\u00edcia investiga fraudes fiscais em padaria de Natal<br \/>\nV\u00eddeos mais assistidos do g1 RN<\/p>","protected":false},"excerpt":{"rendered":"<p>Crime aconteceu na Comunidade do Alem\u00e3o, em Felipe Camar\u00e3o, em 1998. Investigado, de 50 anos, foi detido em Bayeux. Viatura da Pol\u00edcia Civil do RN Divulga\u00e7\u00e3o Um homem investigado por &#8230;<\/p>\n","protected":false},"author":0,"featured_media":13104,"parent":0,"menu_order":0,"comment_status":"closed","ping_status":"closed","template":"","meta":{"footnotes":""},"class_list":["post-13103","page","type-page","status-publish","has-post-thumbnail","hentry"],"yoast_head":"<!-- This site is optimized with the Yoast SEO plugin v27.1.1 - https:\/\/yoast.com\/product\/yoast-seo-wordpress\/ -->\n<title>Homem foragido por assassinato cometido h\u00e1 27 anos em Natal \u00e9 preso na PB - Taveira Jr<\/title>\n<meta name=\"robots\" content=\"index, follow, max-snippet:-1, max-image-preview:large, max-video-preview:-1\" \/>\n<link rel=\"canonical\" href=\"https:\/\/deputadotaveirajr.com.br\/index.php\/homem-foragido-por-assassinato-cometido-ha-27-anos-em-natal-e-preso-na-pb\/\" \/>\n<meta property=\"og:locale\" content=\"pt_BR\" \/>\n<meta property=\"og:type\" content=\"article\" \/>\n<meta property=\"og:title\" content=\"Homem foragido por assassinato cometido h\u00e1 27 anos em Natal \u00e9 preso na PB - Taveira Jr\" \/>\n<meta property=\"og:description\" content=\"Crime aconteceu na Comunidade do Alem\u00e3o, em Felipe Camar\u00e3o, em 1998. Investigado, de 50 anos, foi detido em Bayeux. Viatura da Pol\u00edcia Civil do RN Divulga\u00e7\u00e3o Um homem investigado por ...\" \/>\n<meta property=\"og:url\" content=\"https:\/\/deputadotaveirajr.com.br\/index.php\/homem-foragido-por-assassinato-cometido-ha-27-anos-em-natal-e-preso-na-pb\/\" \/>\n<meta property=\"og:site_name\" content=\"Taveira Jr\" \/>\n<meta property=\"og:image\" content=\"https:\/\/s2-g1.glbimg.com\/69QhRQM6QhcjD7Vf4BhsbkErwCU=\/i.s3.glbimg.com\/v1\/AUTH_59edd422c0c84a879bd37670ae4f538a\/internal_photos\/bs\/2025\/B\/V\/KhzON7TwGCO9X0y47MGQ\/viatura.jpg\" \/>\n<meta name=\"twitter:card\" content=\"summary_large_image\" \/>\n<meta name=\"twitter:label1\" content=\"Est. tempo de leitura\" \/>\n\t<meta name=\"twitter:data1\" content=\"1 minuto\" \/>\n<script type=\"application\/ld+json\" class=\"yoast-schema-graph\">{\"@context\":\"https:\/\/schema.org\",\"@graph\":[{\"@type\":\"WebPage\",\"@id\":\"https:\/\/deputadotaveirajr.com.br\/index.php\/homem-foragido-por-assassinato-cometido-ha-27-anos-em-natal-e-preso-na-pb\/\",\"url\":\"https:\/\/deputadotaveirajr.com.br\/index.php\/homem-foragido-por-assassinato-cometido-ha-27-anos-em-natal-e-preso-na-pb\/\",\"name\":\"Homem foragido por assassinato cometido h\u00e1 27 anos em Natal \u00e9 preso na PB - Taveira Jr\",\"isPartOf\":{\"@id\":\"https:\/\/deputadotaveirajr.com.br\/#website\"},\"primaryImageOfPage\":{\"@id\":\"https:\/\/deputadotaveirajr.com.br\/index.php\/homem-foragido-por-assassinato-cometido-ha-27-anos-em-natal-e-preso-na-pb\/#primaryimage\"},\"image\":{\"@id\":\"https:\/\/deputadotaveirajr.com.br\/index.php\/homem-foragido-por-assassinato-cometido-ha-27-anos-em-natal-e-preso-na-pb\/#primaryimage\"},\"thumbnailUrl\":\"https:\/\/deputadotaveirajr.com.br\/wp-content\/uploads\/2025\/05\/viatura-FU2wEv.jpg\",\"datePublished\":\"2025-05-28T21:24:03+00:00\",\"breadcrumb\":{\"@id\":\"https:\/\/deputadotaveirajr.com.br\/index.php\/homem-foragido-por-assassinato-cometido-ha-27-anos-em-natal-e-preso-na-pb\/#breadcrumb\"},\"inLanguage\":\"pt-BR\",\"potentialAction\":[{\"@type\":\"ReadAction\",\"target\":[\"https:\/\/deputadotaveirajr.com.br\/index.php\/homem-foragido-por-assassinato-cometido-ha-27-anos-em-natal-e-preso-na-pb\/\"]}]},{\"@type\":\"ImageObject\",\"inLanguage\":\"pt-BR\",\"@id\":\"https:\/\/deputadotaveirajr.com.br\/index.php\/homem-foragido-por-assassinato-cometido-ha-27-anos-em-natal-e-preso-na-pb\/#primaryimage\",\"url\":\"https:\/\/deputadotaveirajr.com.br\/wp-content\/uploads\/2025\/05\/viatura-FU2wEv.jpg\",\"contentUrl\":\"https:\/\/deputadotaveirajr.com.br\/wp-content\/uploads\/2025\/05\/viatura-FU2wEv.jpg\",\"width\":1200,\"height\":802},{\"@type\":\"BreadcrumbList\",\"@id\":\"https:\/\/deputadotaveirajr.com.br\/index.php\/homem-foragido-por-assassinato-cometido-ha-27-anos-em-natal-e-preso-na-pb\/#breadcrumb\",\"itemListElement\":[{\"@type\":\"ListItem\",\"position\":1,\"name\":\"In\u00edcio\",\"item\":\"https:\/\/deputadotaveirajr.com.br\/\"},{\"@type\":\"ListItem\",\"position\":2,\"name\":\"Homem foragido por assassinato cometido h\u00e1 27 anos em Natal \u00e9 preso na PB\"}]},{\"@type\":\"WebSite\",\"@id\":\"https:\/\/deputadotaveirajr.com.br\/#website\",\"url\":\"https:\/\/deputadotaveirajr.com.br\/\",\"name\":\"Taveira Jr\",\"description\":\"Deputado Estadual\",\"publisher\":{\"@id\":\"https:\/\/deputadotaveirajr.com.br\/#organization\"},\"potentialAction\":[{\"@type\":\"SearchAction\",\"target\":{\"@type\":\"EntryPoint\",\"urlTemplate\":\"https:\/\/deputadotaveirajr.com.br\/?s={search_term_string}\"},\"query-input\":{\"@type\":\"PropertyValueSpecification\",\"valueRequired\":true,\"valueName\":\"search_term_string\"}}],\"inLanguage\":\"pt-BR\"},{\"@type\":\"Organization\",\"@id\":\"https:\/\/deputadotaveirajr.com.br\/#organization\",\"name\":\"Taveira Jr\",\"url\":\"https:\/\/deputadotaveirajr.com.br\/\",\"logo\":{\"@type\":\"ImageObject\",\"inLanguage\":\"pt-BR\",\"@id\":\"https:\/\/deputadotaveirajr.com.br\/#\/schema\/logo\/image\/\",\"url\":\"https:\/\/deputadotaveirajr.com.br\/wp-content\/uploads\/2026\/01\/logolow2a.png\",\"contentUrl\":\"https:\/\/deputadotaveirajr.com.br\/wp-content\/uploads\/2026\/01\/logolow2a.png\",\"width\":290,\"height\":80,\"caption\":\"Taveira Jr\"},\"image\":{\"@id\":\"https:\/\/deputadotaveirajr.com.br\/#\/schema\/logo\/image\/\"}}]}<\/script>\n<!-- \/ Yoast SEO plugin. -->","yoast_head_json":{"title":"Homem foragido por assassinato cometido h\u00e1 27 anos em Natal \u00e9 preso na PB - Taveira Jr","robots":{"index":"index","follow":"follow","max-snippet":"max-snippet:-1","max-image-preview":"max-image-preview:large","max-video-preview":"max-video-preview:-1"},"canonical":"https:\/\/deputadotaveirajr.com.br\/index.php\/homem-foragido-por-assassinato-cometido-ha-27-anos-em-natal-e-preso-na-pb\/","og_locale":"pt_BR","og_type":"article","og_title":"Homem foragido por assassinato cometido h\u00e1 27 anos em Natal \u00e9 preso na PB - Taveira Jr","og_description":"Crime aconteceu na Comunidade do Alem\u00e3o, em Felipe Camar\u00e3o, em 1998. Investigado, de 50 anos, foi detido em Bayeux. Viatura da Pol\u00edcia Civil do RN Divulga\u00e7\u00e3o Um homem investigado por ...","og_url":"https:\/\/deputadotaveirajr.com.br\/index.php\/homem-foragido-por-assassinato-cometido-ha-27-anos-em-natal-e-preso-na-pb\/","og_site_name":"Taveira Jr","og_image":[{"url":"https:\/\/s2-g1.glbimg.com\/69QhRQM6QhcjD7Vf4BhsbkErwCU=\/i.s3.glbimg.com\/v1\/AUTH_59edd422c0c84a879bd37670ae4f538a\/internal_photos\/bs\/2025\/B\/V\/KhzON7TwGCO9X0y47MGQ\/viatura.jpg","type":"","width":"","height":""}],"twitter_card":"summary_large_image","twitter_misc":{"Est. tempo de leitura":"1 minuto"},"schema":{"@context":"https:\/\/schema.org","@graph":[{"@type":"WebPage","@id":"https:\/\/deputadotaveirajr.com.br\/index.php\/homem-foragido-por-assassinato-cometido-ha-27-anos-em-natal-e-preso-na-pb\/","url":"https:\/\/deputadotaveirajr.com.br\/index.php\/homem-foragido-por-assassinato-cometido-ha-27-anos-em-natal-e-preso-na-pb\/","name":"Homem foragido por assassinato cometido h\u00e1 27 anos em Natal \u00e9 preso na PB - Taveira Jr","isPartOf":{"@id":"https:\/\/deputadotaveirajr.com.br\/#website"},"primaryImageOfPage":{"@id":"https:\/\/deputadotaveirajr.com.br\/index.php\/homem-foragido-por-assassinato-cometido-ha-27-anos-em-natal-e-preso-na-pb\/#primaryimage"},"image":{"@id":"https:\/\/deputadotaveirajr.com.br\/index.php\/homem-foragido-por-assassinato-cometido-ha-27-anos-em-natal-e-preso-na-pb\/#primaryimage"},"thumbnailUrl":"https:\/\/deputadotaveirajr.com.br\/wp-content\/uploads\/2025\/05\/viatura-FU2wEv.jpg","datePublished":"2025-05-28T21:24:03+00:00","breadcrumb":{"@id":"https:\/\/deputadotaveirajr.com.br\/index.php\/homem-foragido-por-assassinato-cometido-ha-27-anos-em-natal-e-preso-na-pb\/#breadcrumb"},"inLanguage":"pt-BR","potentialAction":[{"@type":"ReadAction","target":["https:\/\/deputadotaveirajr.com.br\/index.php\/homem-foragido-por-assassinato-cometido-ha-27-anos-em-natal-e-preso-na-pb\/"]}]},{"@type":"ImageObject","inLanguage":"pt-BR","@id":"https:\/\/deputadotaveirajr.com.br\/index.php\/homem-foragido-por-assassinato-cometido-ha-27-anos-em-natal-e-preso-na-pb\/#primaryimage","url":"https:\/\/deputadotaveirajr.com.br\/wp-content\/uploads\/2025\/05\/viatura-FU2wEv.jpg","contentUrl":"https:\/\/deputadotaveirajr.com.br\/wp-content\/uploads\/2025\/05\/viatura-FU2wEv.jpg","width":1200,"height":802},{"@type":"BreadcrumbList","@id":"https:\/\/deputadotaveirajr.com.br\/index.php\/homem-foragido-por-assassinato-cometido-ha-27-anos-em-natal-e-preso-na-pb\/#breadcrumb","itemListElement":[{"@type":"ListItem","position":1,"name":"In\u00edcio","item":"https:\/\/deputadotaveirajr.com.br\/"},{"@type":"ListItem","position":2,"name":"Homem foragido por assassinato cometido h\u00e1 27 anos em Natal \u00e9 preso na PB"}]},{"@type":"WebSite","@id":"https:\/\/deputadotaveirajr.com.br\/#website","url":"https:\/\/deputadotaveirajr.com.br\/","name":"Taveira Jr","description":"Deputado Estadual","publisher":{"@id":"https:\/\/deputadotaveirajr.com.br\/#organization"},"potentialAction":[{"@type":"SearchAction","target":{"@type":"EntryPoint","urlTemplate":"https:\/\/deputadotaveirajr.com.br\/?s={search_term_string}"},"query-input":{"@type":"PropertyValueSpecification","valueRequired":true,"valueName":"search_term_string"}}],"inLanguage":"pt-BR"},{"@type":"Organization","@id":"https:\/\/deputadotaveirajr.com.br\/#organization","name":"Taveira Jr","url":"https:\/\/deputadotaveirajr.com.br\/","logo":{"@type":"ImageObject","inLanguage":"pt-BR","@id":"https:\/\/deputadotaveirajr.com.br\/#\/schema\/logo\/image\/","url":"https:\/\/deputadotaveirajr.com.br\/wp-content\/uploads\/2026\/01\/logolow2a.png","contentUrl":"https:\/\/deputadotaveirajr.com.br\/wp-content\/uploads\/2026\/01\/logolow2a.png","width":290,"height":80,"caption":"Taveira Jr"},"image":{"@id":"https:\/\/deputadotaveirajr.com.br\/#\/schema\/logo\/image\/"}}]}},"_links":{"self":[{"href":"https:\/\/deputadotaveirajr.com.br\/index.php\/wp-json\/wp\/v2\/pages\/13103","targetHints":{"allow":["GET"]}}],"collection":[{"href":"https:\/\/deputadotaveirajr.com.br\/index.php\/wp-json\/wp\/v2\/pages"}],"about":[{"href":"https:\/\/deputadotaveirajr.com.br\/index.php\/wp-json\/wp\/v2\/types\/page"}],"replies":[{"embeddable":true,"href":"https:\/\/deputadotaveirajr.com.br\/index.php\/wp-json\/wp\/v2\/comments?post=13103"}],"version-history":[{"count":0,"href":"https:\/\/deputadotaveirajr.com.br\/index.php\/wp-json\/wp\/v2\/pages\/13103\/revisions"}],"wp:featuredmedia":[{"embeddable":true,"href":"https:\/\/deputadotaveirajr.com.br\/index.php\/wp-json\/wp\/v2\/media\/13104"}],"wp:attachment":[{"href":"https:\/\/deputadotaveirajr.com.br\/index.php\/wp-json\/wp\/v2\/media?parent=13103"}],"curies":[{"name":"wp","href":"https:\/\/api.w.org\/{rel}","templated":true}]}}