{"id":13107,"date":"2025-05-28T11:52:59","date_gmt":"2025-05-28T14:52:59","guid":{"rendered":"https:\/\/deputadotaveirajr.com.br\/index.php\/influenciadora-e-irma-sao-presas-em-operacao-contra-jogos-de-azar-em-natal-r-5-milhoes-em-bens-sao-bloqueados\/"},"modified":"2025-05-28T11:52:59","modified_gmt":"2025-05-28T14:52:59","slug":"influenciadora-e-irma-sao-presas-em-operacao-contra-jogos-de-azar-em-natal-r-5-milhoes-em-bens-sao-bloqueados","status":"publish","type":"page","link":"https:\/\/deputadotaveirajr.com.br\/index.php\/influenciadora-e-irma-sao-presas-em-operacao-contra-jogos-de-azar-em-natal-r-5-milhoes-em-bens-sao-bloqueados\/","title":{"rendered":"Influenciadora e irm\u00e3 s\u00e3o presas em opera\u00e7\u00e3o contra jogos de azar em Natal; R$ 5 milh\u00f5es em bens s\u00e3o bloqueados"},"content":{"rendered":"<p><img decoding=\"async\" src=\"https:\/\/s2-g1.glbimg.com\/EZGbpQqbYCmQALGjqxIfla9tsrs=\/i.s3.glbimg.com\/v1\/AUTH_59edd422c0c84a879bd37670ae4f538a\/internal_photos\/bs\/2025\/P\/r\/NdBu4jTgACAOUA7ZkjRg\/design-sem-nome-8-.jpg\" \/><br \/>     Um terceiro suspeito tamb\u00e9m foi preso na opera\u00e7\u00e3o. Perfumes importados, rel\u00f3gios e carros de luxo foram apreendidos. Perfumes importados e rel\u00f3gios de luxo foram apreendidos em casa de influenciadora presa em Natal<br \/>\nPol\u00edcia Civil\/Divulga\u00e7\u00e3o<br \/>\nUma influenciadora, a irm\u00e3 dela e um homem foram presos nesta quarta-feira (28), em Natal, suspeitos de associa\u00e7\u00e3o criminosa, explora\u00e7\u00e3o de jogos de azar, crime contra as rela\u00e7\u00f5es de consumo e lavagem de dinheiro.<br \/>\nAs pris\u00f5es fazem parte da Opera\u00e7\u00e3o Jackpot deflagrada pela Pol\u00edcia Civil. De acordo com as investiga\u00e7\u00f5es, os suspeitos integravam uma associa\u00e7\u00e3o criminosa voltada \u00e0 divulga\u00e7\u00e3o e explora\u00e7\u00e3o do chamado \u201cjogo do tigrinho\u201d.<br \/>\n\ud83d\udcf3Participe do canal do g1 RN no WhatsApp<br \/>\nA influenciadora digital investigada era respons\u00e1vel por divulgar o jogo nas redes sociais, enquanto sua irm\u00e3 administrava os grupos virtuais utilizados para atrair participantes. J\u00e1 o terceiro investigado utilizava uma barbearia para lavar os valores obtidos de forma il\u00edcita.<br \/>\nLEIA TAMB\u00c9M:<br \/>\nInfluenciadores digitais s\u00e3o alvos de opera\u00e7\u00e3o que investiga lavagem de dinheiro com apostas online<br \/>\nInfluenciadora digital \u00e9 presa em Natal suspeita de divulgar &#8216;jogo do tigrinho&#8217;<br \/>\nPol\u00edcia do RN bloqueia mais de R$ 40 milh\u00f5es em opera\u00e7\u00f5es contra lavagem de dinheiro com apostas online<br \/>\nA Justi\u00e7a determinou o sequestro de aproximadamente R$ 5 milh\u00f5es em contas e bens dos envolvidos, al\u00e9m da apreens\u00e3o de tr\u00eas ve\u00edculos de luxo.<br \/>\nDurante o cumprimento dos mandados de busca e apreens\u00e3o, foram recolhidos diversos itens de alto valor, como mais de 150 perfumes importados, rel\u00f3gios da marca Rolex, bolsas de grife, joias e dinheiro em esp\u00e9cie (moeda nacional e estrangeira).<br \/>\nDe acordo com a Pol\u00edcia Civil, a Opera\u00e7\u00e3o Jackpot visa reprimir a explora\u00e7\u00e3o de jogos de azar e fraudes associadas a esse tipo de pr\u00e1tica, especialmente aquelas promovidas nas redes sociais com falsas promessas de lucros f\u00e1ceis e constantes. O nome da opera\u00e7\u00e3o faz alus\u00e3o ao termo de origem inglesa utilizado no mundo das apostas, que significa \u201cpr\u00eamio acumulado\u201d, remetendo ao engodo utilizado pelos criminosos para atrair v\u00edtimas.<br \/>\nJogo do Tigrinho invade hits do funk ao arrocha<\/p>","protected":false},"excerpt":{"rendered":"<p>Um terceiro suspeito tamb\u00e9m foi preso na opera\u00e7\u00e3o. Perfumes importados, rel\u00f3gios e carros de luxo foram apreendidos. Perfumes importados e rel\u00f3gios de luxo foram apreendidos em casa de influenciadora presa &#8230;<\/p>\n","protected":false},"author":0,"featured_media":13108,"parent":0,"menu_order":0,"comment_status":"closed","ping_status":"closed","template":"","meta":{"footnotes":""},"class_list":["post-13107","page","type-page","status-publish","has-post-thumbnail","hentry"],"yoast_head":"<!-- This site is optimized with the Yoast SEO plugin v27.1.1 - https:\/\/yoast.com\/product\/yoast-seo-wordpress\/ -->\n<title>Influenciadora e irm\u00e3 s\u00e3o presas em opera\u00e7\u00e3o contra jogos de azar em Natal; R$ 5 milh\u00f5es em bens s\u00e3o bloqueados - Taveira Jr<\/title>\n<meta name=\"robots\" content=\"index, follow, max-snippet:-1, max-image-preview:large, max-video-preview:-1\" \/>\n<link rel=\"canonical\" href=\"https:\/\/deputadotaveirajr.com.br\/index.php\/influenciadora-e-irma-sao-presas-em-operacao-contra-jogos-de-azar-em-natal-r-5-milhoes-em-bens-sao-bloqueados\/\" \/>\n<meta property=\"og:locale\" content=\"pt_BR\" \/>\n<meta property=\"og:type\" content=\"article\" \/>\n<meta property=\"og:title\" content=\"Influenciadora e irm\u00e3 s\u00e3o presas em opera\u00e7\u00e3o contra jogos de azar em Natal; R$ 5 milh\u00f5es em bens s\u00e3o bloqueados - Taveira Jr\" \/>\n<meta property=\"og:description\" content=\"Um terceiro suspeito tamb\u00e9m foi preso na opera\u00e7\u00e3o. Perfumes importados, rel\u00f3gios e carros de luxo foram apreendidos. Perfumes importados e rel\u00f3gios de luxo foram apreendidos em casa de influenciadora presa ...\" \/>\n<meta property=\"og:url\" content=\"https:\/\/deputadotaveirajr.com.br\/index.php\/influenciadora-e-irma-sao-presas-em-operacao-contra-jogos-de-azar-em-natal-r-5-milhoes-em-bens-sao-bloqueados\/\" \/>\n<meta property=\"og:site_name\" content=\"Taveira Jr\" \/>\n<meta property=\"og:image\" content=\"https:\/\/s2-g1.glbimg.com\/EZGbpQqbYCmQALGjqxIfla9tsrs=\/i.s3.glbimg.com\/v1\/AUTH_59edd422c0c84a879bd37670ae4f538a\/internal_photos\/bs\/2025\/P\/r\/NdBu4jTgACAOUA7ZkjRg\/design-sem-nome-8-.jpg\" \/>\n<meta name=\"twitter:card\" content=\"summary_large_image\" \/>\n<meta name=\"twitter:label1\" content=\"Est. tempo de leitura\" \/>\n\t<meta name=\"twitter:data1\" content=\"2 minutos\" \/>\n<script type=\"application\/ld+json\" class=\"yoast-schema-graph\">{\"@context\":\"https:\/\/schema.org\",\"@graph\":[{\"@type\":\"WebPage\",\"@id\":\"https:\/\/deputadotaveirajr.com.br\/index.php\/influenciadora-e-irma-sao-presas-em-operacao-contra-jogos-de-azar-em-natal-r-5-milhoes-em-bens-sao-bloqueados\/\",\"url\":\"https:\/\/deputadotaveirajr.com.br\/index.php\/influenciadora-e-irma-sao-presas-em-operacao-contra-jogos-de-azar-em-natal-r-5-milhoes-em-bens-sao-bloqueados\/\",\"name\":\"Influenciadora e irm\u00e3 s\u00e3o presas em opera\u00e7\u00e3o contra jogos de azar em Natal; R$ 5 milh\u00f5es em bens s\u00e3o bloqueados - Taveira Jr\",\"isPartOf\":{\"@id\":\"https:\/\/deputadotaveirajr.com.br\/#website\"},\"primaryImageOfPage\":{\"@id\":\"https:\/\/deputadotaveirajr.com.br\/index.php\/influenciadora-e-irma-sao-presas-em-operacao-contra-jogos-de-azar-em-natal-r-5-milhoes-em-bens-sao-bloqueados\/#primaryimage\"},\"image\":{\"@id\":\"https:\/\/deputadotaveirajr.com.br\/index.php\/influenciadora-e-irma-sao-presas-em-operacao-contra-jogos-de-azar-em-natal-r-5-milhoes-em-bens-sao-bloqueados\/#primaryimage\"},\"thumbnailUrl\":\"https:\/\/deputadotaveirajr.com.br\/wp-content\/uploads\/2025\/05\/design-sem-nome-8-TKH7CT.jpg\",\"datePublished\":\"2025-05-28T14:52:59+00:00\",\"breadcrumb\":{\"@id\":\"https:\/\/deputadotaveirajr.com.br\/index.php\/influenciadora-e-irma-sao-presas-em-operacao-contra-jogos-de-azar-em-natal-r-5-milhoes-em-bens-sao-bloqueados\/#breadcrumb\"},\"inLanguage\":\"pt-BR\",\"potentialAction\":[{\"@type\":\"ReadAction\",\"target\":[\"https:\/\/deputadotaveirajr.com.br\/index.php\/influenciadora-e-irma-sao-presas-em-operacao-contra-jogos-de-azar-em-natal-r-5-milhoes-em-bens-sao-bloqueados\/\"]}]},{\"@type\":\"ImageObject\",\"inLanguage\":\"pt-BR\",\"@id\":\"https:\/\/deputadotaveirajr.com.br\/index.php\/influenciadora-e-irma-sao-presas-em-operacao-contra-jogos-de-azar-em-natal-r-5-milhoes-em-bens-sao-bloqueados\/#primaryimage\",\"url\":\"https:\/\/deputadotaveirajr.com.br\/wp-content\/uploads\/2025\/05\/design-sem-nome-8-TKH7CT.jpg\",\"contentUrl\":\"https:\/\/deputadotaveirajr.com.br\/wp-content\/uploads\/2025\/05\/design-sem-nome-8-TKH7CT.jpg\",\"width\":2000,\"height\":1414},{\"@type\":\"BreadcrumbList\",\"@id\":\"https:\/\/deputadotaveirajr.com.br\/index.php\/influenciadora-e-irma-sao-presas-em-operacao-contra-jogos-de-azar-em-natal-r-5-milhoes-em-bens-sao-bloqueados\/#breadcrumb\",\"itemListElement\":[{\"@type\":\"ListItem\",\"position\":1,\"name\":\"In\u00edcio\",\"item\":\"https:\/\/deputadotaveirajr.com.br\/\"},{\"@type\":\"ListItem\",\"position\":2,\"name\":\"Influenciadora e irm\u00e3 s\u00e3o presas em opera\u00e7\u00e3o contra jogos de azar em Natal; R$ 5 milh\u00f5es em bens s\u00e3o bloqueados\"}]},{\"@type\":\"WebSite\",\"@id\":\"https:\/\/deputadotaveirajr.com.br\/#website\",\"url\":\"https:\/\/deputadotaveirajr.com.br\/\",\"name\":\"Taveira Jr\",\"description\":\"Deputado Estadual\",\"publisher\":{\"@id\":\"https:\/\/deputadotaveirajr.com.br\/#organization\"},\"potentialAction\":[{\"@type\":\"SearchAction\",\"target\":{\"@type\":\"EntryPoint\",\"urlTemplate\":\"https:\/\/deputadotaveirajr.com.br\/?s={search_term_string}\"},\"query-input\":{\"@type\":\"PropertyValueSpecification\",\"valueRequired\":true,\"valueName\":\"search_term_string\"}}],\"inLanguage\":\"pt-BR\"},{\"@type\":\"Organization\",\"@id\":\"https:\/\/deputadotaveirajr.com.br\/#organization\",\"name\":\"Taveira Jr\",\"url\":\"https:\/\/deputadotaveirajr.com.br\/\",\"logo\":{\"@type\":\"ImageObject\",\"inLanguage\":\"pt-BR\",\"@id\":\"https:\/\/deputadotaveirajr.com.br\/#\/schema\/logo\/image\/\",\"url\":\"https:\/\/deputadotaveirajr.com.br\/wp-content\/uploads\/2026\/01\/logolow2a.png\",\"contentUrl\":\"https:\/\/deputadotaveirajr.com.br\/wp-content\/uploads\/2026\/01\/logolow2a.png\",\"width\":290,\"height\":80,\"caption\":\"Taveira Jr\"},\"image\":{\"@id\":\"https:\/\/deputadotaveirajr.com.br\/#\/schema\/logo\/image\/\"}}]}<\/script>\n<!-- \/ Yoast SEO plugin. -->","yoast_head_json":{"title":"Influenciadora e irm\u00e3 s\u00e3o presas em opera\u00e7\u00e3o contra jogos de azar em Natal; R$ 5 milh\u00f5es em bens s\u00e3o bloqueados - Taveira Jr","robots":{"index":"index","follow":"follow","max-snippet":"max-snippet:-1","max-image-preview":"max-image-preview:large","max-video-preview":"max-video-preview:-1"},"canonical":"https:\/\/deputadotaveirajr.com.br\/index.php\/influenciadora-e-irma-sao-presas-em-operacao-contra-jogos-de-azar-em-natal-r-5-milhoes-em-bens-sao-bloqueados\/","og_locale":"pt_BR","og_type":"article","og_title":"Influenciadora e irm\u00e3 s\u00e3o presas em opera\u00e7\u00e3o contra jogos de azar em Natal; R$ 5 milh\u00f5es em bens s\u00e3o bloqueados - Taveira Jr","og_description":"Um terceiro suspeito tamb\u00e9m foi preso na opera\u00e7\u00e3o. Perfumes importados, rel\u00f3gios e carros de luxo foram apreendidos. Perfumes importados e rel\u00f3gios de luxo foram apreendidos em casa de influenciadora presa ...","og_url":"https:\/\/deputadotaveirajr.com.br\/index.php\/influenciadora-e-irma-sao-presas-em-operacao-contra-jogos-de-azar-em-natal-r-5-milhoes-em-bens-sao-bloqueados\/","og_site_name":"Taveira Jr","og_image":[{"url":"https:\/\/s2-g1.glbimg.com\/EZGbpQqbYCmQALGjqxIfla9tsrs=\/i.s3.glbimg.com\/v1\/AUTH_59edd422c0c84a879bd37670ae4f538a\/internal_photos\/bs\/2025\/P\/r\/NdBu4jTgACAOUA7ZkjRg\/design-sem-nome-8-.jpg","type":"","width":"","height":""}],"twitter_card":"summary_large_image","twitter_misc":{"Est. tempo de leitura":"2 minutos"},"schema":{"@context":"https:\/\/schema.org","@graph":[{"@type":"WebPage","@id":"https:\/\/deputadotaveirajr.com.br\/index.php\/influenciadora-e-irma-sao-presas-em-operacao-contra-jogos-de-azar-em-natal-r-5-milhoes-em-bens-sao-bloqueados\/","url":"https:\/\/deputadotaveirajr.com.br\/index.php\/influenciadora-e-irma-sao-presas-em-operacao-contra-jogos-de-azar-em-natal-r-5-milhoes-em-bens-sao-bloqueados\/","name":"Influenciadora e irm\u00e3 s\u00e3o presas em opera\u00e7\u00e3o contra jogos de azar em Natal; R$ 5 milh\u00f5es em bens s\u00e3o bloqueados - Taveira Jr","isPartOf":{"@id":"https:\/\/deputadotaveirajr.com.br\/#website"},"primaryImageOfPage":{"@id":"https:\/\/deputadotaveirajr.com.br\/index.php\/influenciadora-e-irma-sao-presas-em-operacao-contra-jogos-de-azar-em-natal-r-5-milhoes-em-bens-sao-bloqueados\/#primaryimage"},"image":{"@id":"https:\/\/deputadotaveirajr.com.br\/index.php\/influenciadora-e-irma-sao-presas-em-operacao-contra-jogos-de-azar-em-natal-r-5-milhoes-em-bens-sao-bloqueados\/#primaryimage"},"thumbnailUrl":"https:\/\/deputadotaveirajr.com.br\/wp-content\/uploads\/2025\/05\/design-sem-nome-8-TKH7CT.jpg","datePublished":"2025-05-28T14:52:59+00:00","breadcrumb":{"@id":"https:\/\/deputadotaveirajr.com.br\/index.php\/influenciadora-e-irma-sao-presas-em-operacao-contra-jogos-de-azar-em-natal-r-5-milhoes-em-bens-sao-bloqueados\/#breadcrumb"},"inLanguage":"pt-BR","potentialAction":[{"@type":"ReadAction","target":["https:\/\/deputadotaveirajr.com.br\/index.php\/influenciadora-e-irma-sao-presas-em-operacao-contra-jogos-de-azar-em-natal-r-5-milhoes-em-bens-sao-bloqueados\/"]}]},{"@type":"ImageObject","inLanguage":"pt-BR","@id":"https:\/\/deputadotaveirajr.com.br\/index.php\/influenciadora-e-irma-sao-presas-em-operacao-contra-jogos-de-azar-em-natal-r-5-milhoes-em-bens-sao-bloqueados\/#primaryimage","url":"https:\/\/deputadotaveirajr.com.br\/wp-content\/uploads\/2025\/05\/design-sem-nome-8-TKH7CT.jpg","contentUrl":"https:\/\/deputadotaveirajr.com.br\/wp-content\/uploads\/2025\/05\/design-sem-nome-8-TKH7CT.jpg","width":2000,"height":1414},{"@type":"BreadcrumbList","@id":"https:\/\/deputadotaveirajr.com.br\/index.php\/influenciadora-e-irma-sao-presas-em-operacao-contra-jogos-de-azar-em-natal-r-5-milhoes-em-bens-sao-bloqueados\/#breadcrumb","itemListElement":[{"@type":"ListItem","position":1,"name":"In\u00edcio","item":"https:\/\/deputadotaveirajr.com.br\/"},{"@type":"ListItem","position":2,"name":"Influenciadora e irm\u00e3 s\u00e3o presas em opera\u00e7\u00e3o contra jogos de azar em Natal; R$ 5 milh\u00f5es em bens s\u00e3o bloqueados"}]},{"@type":"WebSite","@id":"https:\/\/deputadotaveirajr.com.br\/#website","url":"https:\/\/deputadotaveirajr.com.br\/","name":"Taveira Jr","description":"Deputado Estadual","publisher":{"@id":"https:\/\/deputadotaveirajr.com.br\/#organization"},"potentialAction":[{"@type":"SearchAction","target":{"@type":"EntryPoint","urlTemplate":"https:\/\/deputadotaveirajr.com.br\/?s={search_term_string}"},"query-input":{"@type":"PropertyValueSpecification","valueRequired":true,"valueName":"search_term_string"}}],"inLanguage":"pt-BR"},{"@type":"Organization","@id":"https:\/\/deputadotaveirajr.com.br\/#organization","name":"Taveira Jr","url":"https:\/\/deputadotaveirajr.com.br\/","logo":{"@type":"ImageObject","inLanguage":"pt-BR","@id":"https:\/\/deputadotaveirajr.com.br\/#\/schema\/logo\/image\/","url":"https:\/\/deputadotaveirajr.com.br\/wp-content\/uploads\/2026\/01\/logolow2a.png","contentUrl":"https:\/\/deputadotaveirajr.com.br\/wp-content\/uploads\/2026\/01\/logolow2a.png","width":290,"height":80,"caption":"Taveira Jr"},"image":{"@id":"https:\/\/deputadotaveirajr.com.br\/#\/schema\/logo\/image\/"}}]}},"_links":{"self":[{"href":"https:\/\/deputadotaveirajr.com.br\/index.php\/wp-json\/wp\/v2\/pages\/13107","targetHints":{"allow":["GET"]}}],"collection":[{"href":"https:\/\/deputadotaveirajr.com.br\/index.php\/wp-json\/wp\/v2\/pages"}],"about":[{"href":"https:\/\/deputadotaveirajr.com.br\/index.php\/wp-json\/wp\/v2\/types\/page"}],"replies":[{"embeddable":true,"href":"https:\/\/deputadotaveirajr.com.br\/index.php\/wp-json\/wp\/v2\/comments?post=13107"}],"version-history":[{"count":0,"href":"https:\/\/deputadotaveirajr.com.br\/index.php\/wp-json\/wp\/v2\/pages\/13107\/revisions"}],"wp:featuredmedia":[{"embeddable":true,"href":"https:\/\/deputadotaveirajr.com.br\/index.php\/wp-json\/wp\/v2\/media\/13108"}],"wp:attachment":[{"href":"https:\/\/deputadotaveirajr.com.br\/index.php\/wp-json\/wp\/v2\/media?parent=13107"}],"curies":[{"name":"wp","href":"https:\/\/api.w.org\/{rel}","templated":true}]}}