{"id":13109,"date":"2025-05-28T09:24:25","date_gmt":"2025-05-28T12:24:25","guid":{"rendered":"https:\/\/deputadotaveirajr.com.br\/index.php\/ibama-aplica-quase-r-2-milhoes-em-multas-por-desmatamento-na-mata-atlantica-no-rn\/"},"modified":"2025-05-28T09:24:25","modified_gmt":"2025-05-28T12:24:25","slug":"ibama-aplica-quase-r-2-milhoes-em-multas-por-desmatamento-na-mata-atlantica-no-rn","status":"publish","type":"page","link":"https:\/\/deputadotaveirajr.com.br\/index.php\/ibama-aplica-quase-r-2-milhoes-em-multas-por-desmatamento-na-mata-atlantica-no-rn\/","title":{"rendered":"Ibama aplica quase R$ 2 milh\u00f5es em multas por desmatamento na Mata Atl\u00e2ntica no RN"},"content":{"rendered":"<p><img decoding=\"async\" src=\"https:\/\/s2-g1.glbimg.com\/Cxg2H5ucfFl8NIcKy3LsraWBtTk=\/i.s3.glbimg.com\/v1\/AUTH_59edd422c0c84a879bd37670ae4f538a\/internal_photos\/bs\/2025\/d\/Z\/hXErTfSoK3rTFohuIVwQ\/whatsapp-image-2025-05-28-at-08.43.24.jpeg\" \/><br \/>     Fiscaliza\u00e7\u00e3o faz parte da Opera\u00e7\u00e3o Mata Viva, focada no combate ao desmatamento e \u00e0 degrada\u00e7\u00e3o ambiental no bioma Mata Atl\u00e2ntica dentro do estado. Ibama aplica quase R$ 2 milh\u00f5es em multas por desmatamento na Mata Atl\u00e2ntica no RN<br \/>\nDivulga\u00e7\u00e3o\/Ibama<br \/>\nO Instituto Brasileiro do Meio Ambiente e dos Recursos Naturais Renov\u00e1veis (Ibama) lavrou em maio 25 autos de infra\u00e7\u00e3o por desmatamento na Mata Atl\u00e2ntica no Rio Grande do Norte. As autua\u00e7\u00f5es somam quase R$ 2 milh\u00f5es em multas.<br \/>\nA a\u00e7\u00e3o de fiscaliza\u00e7\u00e3o faz parte da Opera\u00e7\u00e3o Mata Viva, focada no combate ao desmatamento e \u00e0 degrada\u00e7\u00e3o ambiental no bioma Mata Atl\u00e2ntica dentro do estado. A iniciativa visa responsabilizar administrativamente os infratores e buscar a repara\u00e7\u00e3o dos danos causados a um dos ecossistemas mais amea\u00e7ados do pa\u00eds.<br \/>\n\ud83d\udcf3Participe do canal do g1 RN no WhatsApp<br \/>\nOs resultados preliminares da opera\u00e7\u00e3o j\u00e1 demonstram a gravidade da situa\u00e7\u00e3o. Al\u00e9m dos autos de infra\u00e7\u00e3o e das multas, foram aplicados mais de 30 embargos acautelat\u00f3rios em \u00e1reas que totalizam mais de 1.600 hectares de Mata Atl\u00e2ntica destru\u00edda nos \u00faltimos 5 anos, impedindo a continuidade das atividades degradadoras nesses locais. A opera\u00e7\u00e3o tamb\u00e9m resultou na emiss\u00e3o de 15 notifica\u00e7\u00f5es e 1 termo de suspens\u00e3o de atividades.<br \/>\nDe acordo com o Ibama, a Mata Atl\u00e2ntica no Rio Grande do Norte enfrenta uma situa\u00e7\u00e3o cr\u00edtica. Dados do INPE\/SOS Mata Atl\u00e2ntica de 2023 indicam que, dos cerca de 6.400 km\u00b2 de cobertura original (aproximadamente 13% do territ\u00f3rio potiguar), restam hoje apenas 2,5%. Este cen\u00e1rio coloca o estado entre os mais cr\u00edticos em termos de conserva\u00e7\u00e3o do bioma.<br \/>\nAinda segundo avalia\u00e7\u00e3o do Ibama, al\u00e9m das press\u00f5es hist\u00f3ricas da agropecu\u00e1ria, a Mata Atl\u00e2ntica potiguar sofre com a intensifica\u00e7\u00e3o de novos vetores de degrada\u00e7\u00e3o, como a expans\u00e3o desordenada do setor tur\u00edstico, o crescimento urbano e a forte especula\u00e7\u00e3o imobili\u00e1ria. Diante dessa realidade, a Opera\u00e7\u00e3o Mata Viva foi planejada para coibir essas atividades ilegais e proteger o que resta da floresta.<br \/>\nO analista ambiental Frederico Fonseca, coordenador da opera\u00e7\u00e3o no RN, explica que a fiscaliza\u00e7\u00e3o tem como foco n\u00e3o apenas a responsabiliza\u00e7\u00e3o dos infratores, mas tamb\u00e9m a busca pela repara\u00e7\u00e3o dos danos ambientais nas \u00e1reas atingidas.<br \/>\n\u201cEstamos atuando firmemente para proteger os remanescentes de Mata Atl\u00e2ntica no estado, um bioma fundamental para a biodiversidade, para o equil\u00edbrio clim\u00e1tico e para a qualidade de vida das popula\u00e7\u00f5es locais\u201d, destaca.<br \/>\nDesmatamento da Mata Atl\u00e2ntica aqui no RN<br \/>\nIbama aplica quase R$ 2 milh\u00f5es em multas por desmatamento na Mata Atl\u00e2ntica no RN<br \/>\nDivulga\u00e7\u00e3o\/Ibama<\/p>","protected":false},"excerpt":{"rendered":"<p>Fiscaliza\u00e7\u00e3o faz parte da Opera\u00e7\u00e3o Mata Viva, focada no combate ao desmatamento e \u00e0 degrada\u00e7\u00e3o ambiental no bioma Mata Atl\u00e2ntica dentro do estado. Ibama aplica quase R$ 2 milh\u00f5es em &#8230;<\/p>\n","protected":false},"author":0,"featured_media":13110,"parent":0,"menu_order":0,"comment_status":"closed","ping_status":"closed","template":"","meta":{"footnotes":""},"class_list":["post-13109","page","type-page","status-publish","has-post-thumbnail","hentry"],"yoast_head":"<!-- This site is optimized with the Yoast SEO plugin v27.1.1 - https:\/\/yoast.com\/product\/yoast-seo-wordpress\/ -->\n<title>Ibama aplica quase R$ 2 milh\u00f5es em multas por desmatamento na Mata Atl\u00e2ntica no RN - Taveira Jr<\/title>\n<meta name=\"robots\" content=\"index, follow, max-snippet:-1, max-image-preview:large, max-video-preview:-1\" \/>\n<link rel=\"canonical\" href=\"https:\/\/deputadotaveirajr.com.br\/index.php\/ibama-aplica-quase-r-2-milhoes-em-multas-por-desmatamento-na-mata-atlantica-no-rn\/\" \/>\n<meta property=\"og:locale\" content=\"pt_BR\" \/>\n<meta property=\"og:type\" content=\"article\" \/>\n<meta property=\"og:title\" content=\"Ibama aplica quase R$ 2 milh\u00f5es em multas por desmatamento na Mata Atl\u00e2ntica no RN - Taveira Jr\" \/>\n<meta property=\"og:description\" content=\"Fiscaliza\u00e7\u00e3o faz parte da Opera\u00e7\u00e3o Mata Viva, focada no combate ao desmatamento e \u00e0 degrada\u00e7\u00e3o ambiental no bioma Mata Atl\u00e2ntica dentro do estado. Ibama aplica quase R$ 2 milh\u00f5es em ...\" \/>\n<meta property=\"og:url\" content=\"https:\/\/deputadotaveirajr.com.br\/index.php\/ibama-aplica-quase-r-2-milhoes-em-multas-por-desmatamento-na-mata-atlantica-no-rn\/\" \/>\n<meta property=\"og:site_name\" content=\"Taveira Jr\" \/>\n<meta property=\"og:image\" content=\"https:\/\/s2-g1.glbimg.com\/Cxg2H5ucfFl8NIcKy3LsraWBtTk=\/i.s3.glbimg.com\/v1\/AUTH_59edd422c0c84a879bd37670ae4f538a\/internal_photos\/bs\/2025\/d\/Z\/hXErTfSoK3rTFohuIVwQ\/whatsapp-image-2025-05-28-at-08.43.24.jpeg\" \/>\n<meta name=\"twitter:card\" content=\"summary_large_image\" \/>\n<meta name=\"twitter:label1\" content=\"Est. tempo de leitura\" \/>\n\t<meta name=\"twitter:data1\" content=\"2 minutos\" \/>\n<script type=\"application\/ld+json\" class=\"yoast-schema-graph\">{\"@context\":\"https:\/\/schema.org\",\"@graph\":[{\"@type\":\"WebPage\",\"@id\":\"https:\/\/deputadotaveirajr.com.br\/index.php\/ibama-aplica-quase-r-2-milhoes-em-multas-por-desmatamento-na-mata-atlantica-no-rn\/\",\"url\":\"https:\/\/deputadotaveirajr.com.br\/index.php\/ibama-aplica-quase-r-2-milhoes-em-multas-por-desmatamento-na-mata-atlantica-no-rn\/\",\"name\":\"Ibama aplica quase R$ 2 milh\u00f5es em multas por desmatamento na Mata Atl\u00e2ntica no RN - Taveira Jr\",\"isPartOf\":{\"@id\":\"https:\/\/deputadotaveirajr.com.br\/#website\"},\"primaryImageOfPage\":{\"@id\":\"https:\/\/deputadotaveirajr.com.br\/index.php\/ibama-aplica-quase-r-2-milhoes-em-multas-por-desmatamento-na-mata-atlantica-no-rn\/#primaryimage\"},\"image\":{\"@id\":\"https:\/\/deputadotaveirajr.com.br\/index.php\/ibama-aplica-quase-r-2-milhoes-em-multas-por-desmatamento-na-mata-atlantica-no-rn\/#primaryimage\"},\"thumbnailUrl\":\"https:\/\/deputadotaveirajr.com.br\/wp-content\/uploads\/2025\/05\/whatsapp-image-2025-05-28-at-08.43.24-JBjvDO.jpg\",\"datePublished\":\"2025-05-28T12:24:25+00:00\",\"breadcrumb\":{\"@id\":\"https:\/\/deputadotaveirajr.com.br\/index.php\/ibama-aplica-quase-r-2-milhoes-em-multas-por-desmatamento-na-mata-atlantica-no-rn\/#breadcrumb\"},\"inLanguage\":\"pt-BR\",\"potentialAction\":[{\"@type\":\"ReadAction\",\"target\":[\"https:\/\/deputadotaveirajr.com.br\/index.php\/ibama-aplica-quase-r-2-milhoes-em-multas-por-desmatamento-na-mata-atlantica-no-rn\/\"]}]},{\"@type\":\"ImageObject\",\"inLanguage\":\"pt-BR\",\"@id\":\"https:\/\/deputadotaveirajr.com.br\/index.php\/ibama-aplica-quase-r-2-milhoes-em-multas-por-desmatamento-na-mata-atlantica-no-rn\/#primaryimage\",\"url\":\"https:\/\/deputadotaveirajr.com.br\/wp-content\/uploads\/2025\/05\/whatsapp-image-2025-05-28-at-08.43.24-JBjvDO.jpg\",\"contentUrl\":\"https:\/\/deputadotaveirajr.com.br\/wp-content\/uploads\/2025\/05\/whatsapp-image-2025-05-28-at-08.43.24-JBjvDO.jpg\",\"width\":1600,\"height\":1200},{\"@type\":\"BreadcrumbList\",\"@id\":\"https:\/\/deputadotaveirajr.com.br\/index.php\/ibama-aplica-quase-r-2-milhoes-em-multas-por-desmatamento-na-mata-atlantica-no-rn\/#breadcrumb\",\"itemListElement\":[{\"@type\":\"ListItem\",\"position\":1,\"name\":\"In\u00edcio\",\"item\":\"https:\/\/deputadotaveirajr.com.br\/\"},{\"@type\":\"ListItem\",\"position\":2,\"name\":\"Ibama aplica quase R$ 2 milh\u00f5es em multas por desmatamento na Mata Atl\u00e2ntica no RN\"}]},{\"@type\":\"WebSite\",\"@id\":\"https:\/\/deputadotaveirajr.com.br\/#website\",\"url\":\"https:\/\/deputadotaveirajr.com.br\/\",\"name\":\"Taveira Jr\",\"description\":\"Deputado Estadual\",\"publisher\":{\"@id\":\"https:\/\/deputadotaveirajr.com.br\/#organization\"},\"potentialAction\":[{\"@type\":\"SearchAction\",\"target\":{\"@type\":\"EntryPoint\",\"urlTemplate\":\"https:\/\/deputadotaveirajr.com.br\/?s={search_term_string}\"},\"query-input\":{\"@type\":\"PropertyValueSpecification\",\"valueRequired\":true,\"valueName\":\"search_term_string\"}}],\"inLanguage\":\"pt-BR\"},{\"@type\":\"Organization\",\"@id\":\"https:\/\/deputadotaveirajr.com.br\/#organization\",\"name\":\"Taveira Jr\",\"url\":\"https:\/\/deputadotaveirajr.com.br\/\",\"logo\":{\"@type\":\"ImageObject\",\"inLanguage\":\"pt-BR\",\"@id\":\"https:\/\/deputadotaveirajr.com.br\/#\/schema\/logo\/image\/\",\"url\":\"https:\/\/deputadotaveirajr.com.br\/wp-content\/uploads\/2026\/01\/logolow2a.png\",\"contentUrl\":\"https:\/\/deputadotaveirajr.com.br\/wp-content\/uploads\/2026\/01\/logolow2a.png\",\"width\":290,\"height\":80,\"caption\":\"Taveira Jr\"},\"image\":{\"@id\":\"https:\/\/deputadotaveirajr.com.br\/#\/schema\/logo\/image\/\"}}]}<\/script>\n<!-- \/ Yoast SEO plugin. -->","yoast_head_json":{"title":"Ibama aplica quase R$ 2 milh\u00f5es em multas por desmatamento na Mata Atl\u00e2ntica no RN - Taveira Jr","robots":{"index":"index","follow":"follow","max-snippet":"max-snippet:-1","max-image-preview":"max-image-preview:large","max-video-preview":"max-video-preview:-1"},"canonical":"https:\/\/deputadotaveirajr.com.br\/index.php\/ibama-aplica-quase-r-2-milhoes-em-multas-por-desmatamento-na-mata-atlantica-no-rn\/","og_locale":"pt_BR","og_type":"article","og_title":"Ibama aplica quase R$ 2 milh\u00f5es em multas por desmatamento na Mata Atl\u00e2ntica no RN - Taveira Jr","og_description":"Fiscaliza\u00e7\u00e3o faz parte da Opera\u00e7\u00e3o Mata Viva, focada no combate ao desmatamento e \u00e0 degrada\u00e7\u00e3o ambiental no bioma Mata Atl\u00e2ntica dentro do estado. Ibama aplica quase R$ 2 milh\u00f5es em ...","og_url":"https:\/\/deputadotaveirajr.com.br\/index.php\/ibama-aplica-quase-r-2-milhoes-em-multas-por-desmatamento-na-mata-atlantica-no-rn\/","og_site_name":"Taveira Jr","og_image":[{"url":"https:\/\/s2-g1.glbimg.com\/Cxg2H5ucfFl8NIcKy3LsraWBtTk=\/i.s3.glbimg.com\/v1\/AUTH_59edd422c0c84a879bd37670ae4f538a\/internal_photos\/bs\/2025\/d\/Z\/hXErTfSoK3rTFohuIVwQ\/whatsapp-image-2025-05-28-at-08.43.24.jpeg","type":"","width":"","height":""}],"twitter_card":"summary_large_image","twitter_misc":{"Est. tempo de leitura":"2 minutos"},"schema":{"@context":"https:\/\/schema.org","@graph":[{"@type":"WebPage","@id":"https:\/\/deputadotaveirajr.com.br\/index.php\/ibama-aplica-quase-r-2-milhoes-em-multas-por-desmatamento-na-mata-atlantica-no-rn\/","url":"https:\/\/deputadotaveirajr.com.br\/index.php\/ibama-aplica-quase-r-2-milhoes-em-multas-por-desmatamento-na-mata-atlantica-no-rn\/","name":"Ibama aplica quase R$ 2 milh\u00f5es em multas por desmatamento na Mata Atl\u00e2ntica no RN - Taveira Jr","isPartOf":{"@id":"https:\/\/deputadotaveirajr.com.br\/#website"},"primaryImageOfPage":{"@id":"https:\/\/deputadotaveirajr.com.br\/index.php\/ibama-aplica-quase-r-2-milhoes-em-multas-por-desmatamento-na-mata-atlantica-no-rn\/#primaryimage"},"image":{"@id":"https:\/\/deputadotaveirajr.com.br\/index.php\/ibama-aplica-quase-r-2-milhoes-em-multas-por-desmatamento-na-mata-atlantica-no-rn\/#primaryimage"},"thumbnailUrl":"https:\/\/deputadotaveirajr.com.br\/wp-content\/uploads\/2025\/05\/whatsapp-image-2025-05-28-at-08.43.24-JBjvDO.jpg","datePublished":"2025-05-28T12:24:25+00:00","breadcrumb":{"@id":"https:\/\/deputadotaveirajr.com.br\/index.php\/ibama-aplica-quase-r-2-milhoes-em-multas-por-desmatamento-na-mata-atlantica-no-rn\/#breadcrumb"},"inLanguage":"pt-BR","potentialAction":[{"@type":"ReadAction","target":["https:\/\/deputadotaveirajr.com.br\/index.php\/ibama-aplica-quase-r-2-milhoes-em-multas-por-desmatamento-na-mata-atlantica-no-rn\/"]}]},{"@type":"ImageObject","inLanguage":"pt-BR","@id":"https:\/\/deputadotaveirajr.com.br\/index.php\/ibama-aplica-quase-r-2-milhoes-em-multas-por-desmatamento-na-mata-atlantica-no-rn\/#primaryimage","url":"https:\/\/deputadotaveirajr.com.br\/wp-content\/uploads\/2025\/05\/whatsapp-image-2025-05-28-at-08.43.24-JBjvDO.jpg","contentUrl":"https:\/\/deputadotaveirajr.com.br\/wp-content\/uploads\/2025\/05\/whatsapp-image-2025-05-28-at-08.43.24-JBjvDO.jpg","width":1600,"height":1200},{"@type":"BreadcrumbList","@id":"https:\/\/deputadotaveirajr.com.br\/index.php\/ibama-aplica-quase-r-2-milhoes-em-multas-por-desmatamento-na-mata-atlantica-no-rn\/#breadcrumb","itemListElement":[{"@type":"ListItem","position":1,"name":"In\u00edcio","item":"https:\/\/deputadotaveirajr.com.br\/"},{"@type":"ListItem","position":2,"name":"Ibama aplica quase R$ 2 milh\u00f5es em multas por desmatamento na Mata Atl\u00e2ntica no RN"}]},{"@type":"WebSite","@id":"https:\/\/deputadotaveirajr.com.br\/#website","url":"https:\/\/deputadotaveirajr.com.br\/","name":"Taveira Jr","description":"Deputado Estadual","publisher":{"@id":"https:\/\/deputadotaveirajr.com.br\/#organization"},"potentialAction":[{"@type":"SearchAction","target":{"@type":"EntryPoint","urlTemplate":"https:\/\/deputadotaveirajr.com.br\/?s={search_term_string}"},"query-input":{"@type":"PropertyValueSpecification","valueRequired":true,"valueName":"search_term_string"}}],"inLanguage":"pt-BR"},{"@type":"Organization","@id":"https:\/\/deputadotaveirajr.com.br\/#organization","name":"Taveira Jr","url":"https:\/\/deputadotaveirajr.com.br\/","logo":{"@type":"ImageObject","inLanguage":"pt-BR","@id":"https:\/\/deputadotaveirajr.com.br\/#\/schema\/logo\/image\/","url":"https:\/\/deputadotaveirajr.com.br\/wp-content\/uploads\/2026\/01\/logolow2a.png","contentUrl":"https:\/\/deputadotaveirajr.com.br\/wp-content\/uploads\/2026\/01\/logolow2a.png","width":290,"height":80,"caption":"Taveira Jr"},"image":{"@id":"https:\/\/deputadotaveirajr.com.br\/#\/schema\/logo\/image\/"}}]}},"_links":{"self":[{"href":"https:\/\/deputadotaveirajr.com.br\/index.php\/wp-json\/wp\/v2\/pages\/13109","targetHints":{"allow":["GET"]}}],"collection":[{"href":"https:\/\/deputadotaveirajr.com.br\/index.php\/wp-json\/wp\/v2\/pages"}],"about":[{"href":"https:\/\/deputadotaveirajr.com.br\/index.php\/wp-json\/wp\/v2\/types\/page"}],"replies":[{"embeddable":true,"href":"https:\/\/deputadotaveirajr.com.br\/index.php\/wp-json\/wp\/v2\/comments?post=13109"}],"version-history":[{"count":0,"href":"https:\/\/deputadotaveirajr.com.br\/index.php\/wp-json\/wp\/v2\/pages\/13109\/revisions"}],"wp:featuredmedia":[{"embeddable":true,"href":"https:\/\/deputadotaveirajr.com.br\/index.php\/wp-json\/wp\/v2\/media\/13110"}],"wp:attachment":[{"href":"https:\/\/deputadotaveirajr.com.br\/index.php\/wp-json\/wp\/v2\/media?parent=13109"}],"curies":[{"name":"wp","href":"https:\/\/api.w.org\/{rel}","templated":true}]}}