{"id":13121,"date":"2025-05-31T12:52:31","date_gmt":"2025-05-31T15:52:31","guid":{"rendered":"https:\/\/deputadotaveirajr.com.br\/index.php\/video-orca-e-flagrada-por-pescadores-no-mar-do-rn\/"},"modified":"2025-05-31T12:52:31","modified_gmt":"2025-05-31T15:52:31","slug":"video-orca-e-flagrada-por-pescadores-no-mar-do-rn","status":"publish","type":"page","link":"https:\/\/deputadotaveirajr.com.br\/index.php\/video-orca-e-flagrada-por-pescadores-no-mar-do-rn\/","title":{"rendered":"V\u00cdDEO: Orca \u00e9 flagrada por pescadores no mar do RN"},"content":{"rendered":"<p><img decoding=\"async\" src=\"https:\/\/s2-g1.glbimg.com\/Z_xoRuLsxjbEY70p7oYE7Tj_M5c=\/i.s3.glbimg.com\/v1\/AUTH_59edd422c0c84a879bd37670ae4f538a\/internal_photos\/bs\/2025\/A\/H\/NvFOtlQeKc6MzZMVCf7g\/pescadores-que-viram-orca.png\" \/><br \/>     Caso foi registado em Cai\u00e7ara do Norte por dois pescadores. Animais fazem parte da fam\u00edlia dos golfinhos e s\u00e3o incomuns no litoral potiguar, segundo especialistas.  Orca vista no litoral do RN<br \/>\nUma orca foi flagrada ao lado de um barco de pescadores no mar de Cai\u00e7ara do Norte, no litoral do Rio Grande do Norte. Um v\u00eddeo gravado por eles registrou a presen\u00e7a do animal (veja acima).<br \/>\nO fato aconteceu no dia 20 de maio, mas ganhou notoridade apenas nesta sexta-feira (30). Isso porque  os pescadores Francisco Borges da Silva, de 26 anos, e Lenivaldo de Lima, de 45, ficaram embarcados por oito dias seguidos e s\u00f3 divulgaram o registro ao voltarem para terra firme.<br \/>\n\ud83d\udcf3Participe do canal do g1 RN no WhatsApp<br \/>\n&#8220;Est\u00e1vamos a umas 50 milhas da costa. Eu vinha guiando o barco e ele sentado no banco. Eu vi s\u00f3 a cabe\u00e7a do peixe [da orca], ao lado da borda do bote, subindo. A\u00ed ele veio e disse que tinha uma baleia seguindo a gente&#8221;, contou o pescador Francisco Borges.<br \/>\n\ud83d\udd0e Segundo o Projeto Cet\u00e1ceos da Costa Branca, da Universidade Estadual do Rio Grande do Norte (UERN), que monitora e resgata animais no litoral potiguar, as orcas s\u00e3o cosmopolitas, ou seja, &#8220;ocorrem em todos os oceanos do mundo, inclusive em \u00e1guas tropicais&#8221;, sendo mais comum no Brasil no Sul e Sudeste (veja detalhes mais abaixo).<br \/>\n\ud83d\udd0e O projeto informou ainda que as orcas, apesar do tamanho, fazem parte da fam\u00edlia dos golfinhos oce\u00e2nicos e que a apari\u00e7\u00e3o delas \u00e9 incomum, mas n\u00e3o \u00e9 in\u00e9dita no estado.<br \/>\nSegundo o pescador Francisco Borges, a baleia acompanhou o barco por mais de 1 hora, mas ele e o colega gravaram apenas um dos momentos, porque os celulares iriam descarregar em breve.<br \/>\n&#8220;Ela veio seguindo a gente. Boiou, ficou bem pertinho. Dava at\u00e9 para botar a m\u00e3o, se quisesse. A qualquer momento que ela quisesse afundar o barco era s\u00f3 dar uma pancada no barco ali que ela afundaria&#8221;, falou.<br \/>\nO pescador contou ainda que temeu pelo fato de achar que a baleia poderia causar danos \u00e0 embarca\u00e7\u00e3o.<br \/>\n&#8220;Gra\u00e7as a Deus estamos vivos para contar hist\u00f3ria. Na hora a gente fica aperreado, porque o barco \u00e9 s\u00f3 de t\u00e1bua, a qualquer momento com uma pancada ali a gente poderia afundar&#8221;, disse.<br \/>\nOrca vista por pescadores no mar do RN<br \/>\nReprodu\u00e7\u00e3o<br \/>\n&#8216;Animais extremamente inteligentes&#8217;<br \/>\nO comportamento da orca ao lado do barco tem semelhan\u00e7a ao que tem sido registrado no Mar Mediterr\u00e2neo, explicou Renata Sousa-Lima, professora do Departamento de Fisiologia e Comportamento e coordenadora do Programa de P\u00f3s-Gradua\u00e7\u00e3o em Ecologia da UFRN, que possui PhD em Comportamento Animal pela Cornell University (EUA).<br \/>\n&#8220;S\u00e3o comportamentos que podem passar por aprendizado social entre os indiv\u00edduos. As orcas aprendem e adotam comportamentos de outras&#8221;, explicou.<br \/>\nSegundo a especilista, as explica\u00e7\u00f5es para esse tipo de comportamento s\u00e3o especulativas. Ela tamb\u00e9m disse que n\u00e3o \u00e9 poss\u00edvel afirmar, pelo v\u00eddeo, se havia mais de uma orca naquele momento.<br \/>\n&#8220;Orcas s\u00e3o animais extremamente inteligentes e tem estrutura social complexa, com fam\u00edlias, cl\u00e3s, e popula\u00e7\u00f5es com tradi\u00e7\u00f5es culturais espec\u00edficas de cada grupo&#8221;, falou.<br \/>\nAcompanhar o barco \u00e9 &#8216;comportamento de prote\u00e7\u00e3o&#8217;<br \/>\nSegundo o coordenador do projeto Cet\u00e1ceos da Costa Branca, o bi\u00f3logo Fl\u00e1vio Lima, a orca acompanha a embarca\u00e7\u00e3o como forma de proteger outras orcas que possam estar pr\u00f3ximas.<br \/>\n&#8220;Esse comportamento de acompanhar o barco simplesmente \u00e9 um comportamento de prote\u00e7\u00e3o, de defesa em que aquele animal acompanha a embarca\u00e7\u00e3o no sentido de proteger o grupo de orcas que pode estar ali ao redor&#8221;, explicou.<br \/>\nO recomendado, segundo o especialista, \u00e9 que os pescadores deixem a o motor neutro nessas situa\u00e7\u00f5es com baleias e golfinhos.<br \/>\n&#8220;Caso alguma embarca\u00e7\u00e3o encontre esses animais, a legisla\u00e7\u00e3o adequada \u00e9 reduzir a velocidade e colocar o motor em neutro para que o animal naturalmente se afaste da embarca\u00e7\u00e3o&#8221;, explicou.<br \/>\n&#8220;Ap\u00f3s cerca de 100 metros de dist\u00e2ncia do animal, a\u00ed novamente a embarca\u00e7\u00e3o pode engrenar a marcha e sair em dire\u00e7\u00e3o contr\u00e1ria ao animal&#8221;, completou.<br \/>\nO especialista refor\u00e7ou que encontrar essa esp\u00e9cie de golfinho ocorre em todos os oceanos &#8211; embora restrita a \u00e1reas de \u00e1gua mais profundas e que encontrar esse animal \u00e9 &#8220;uma grande oportunidade cient\u00edfica de n\u00f3s termos esse registro dessa esp\u00e9cie aqui para o litoral do Rio Grande do Norte&#8221;.<br \/>\nV\u00eddeos mais assistidos do g1 RN<br \/>\nS<\/p>","protected":false},"excerpt":{"rendered":"<p>Caso foi registado em Cai\u00e7ara do Norte por dois pescadores. Animais fazem parte da fam\u00edlia dos golfinhos e s\u00e3o incomuns no litoral potiguar, segundo especialistas. Orca vista no litoral do &#8230;<\/p>\n","protected":false},"author":0,"featured_media":13122,"parent":0,"menu_order":0,"comment_status":"closed","ping_status":"closed","template":"","meta":{"footnotes":""},"class_list":["post-13121","page","type-page","status-publish","has-post-thumbnail","hentry"],"yoast_head":"<!-- This site is optimized with the Yoast SEO plugin v27.1.1 - https:\/\/yoast.com\/product\/yoast-seo-wordpress\/ -->\n<title>V\u00cdDEO: Orca \u00e9 flagrada por pescadores no mar do RN - Taveira Jr<\/title>\n<meta name=\"robots\" content=\"index, follow, max-snippet:-1, max-image-preview:large, max-video-preview:-1\" \/>\n<link rel=\"canonical\" href=\"https:\/\/deputadotaveirajr.com.br\/index.php\/video-orca-e-flagrada-por-pescadores-no-mar-do-rn\/\" \/>\n<meta property=\"og:locale\" content=\"pt_BR\" \/>\n<meta property=\"og:type\" content=\"article\" \/>\n<meta property=\"og:title\" content=\"V\u00cdDEO: Orca \u00e9 flagrada por pescadores no mar do RN - Taveira Jr\" \/>\n<meta property=\"og:description\" content=\"Caso foi registado em Cai\u00e7ara do Norte por dois pescadores. Animais fazem parte da fam\u00edlia dos golfinhos e s\u00e3o incomuns no litoral potiguar, segundo especialistas. Orca vista no litoral do ...\" \/>\n<meta property=\"og:url\" content=\"https:\/\/deputadotaveirajr.com.br\/index.php\/video-orca-e-flagrada-por-pescadores-no-mar-do-rn\/\" \/>\n<meta property=\"og:site_name\" content=\"Taveira Jr\" \/>\n<meta property=\"og:image\" content=\"https:\/\/s2-g1.glbimg.com\/Z_xoRuLsxjbEY70p7oYE7Tj_M5c=\/i.s3.glbimg.com\/v1\/AUTH_59edd422c0c84a879bd37670ae4f538a\/internal_photos\/bs\/2025\/A\/H\/NvFOtlQeKc6MzZMVCf7g\/pescadores-que-viram-orca.png\" \/>\n<meta name=\"twitter:card\" content=\"summary_large_image\" \/>\n<meta name=\"twitter:label1\" content=\"Est. tempo de leitura\" \/>\n\t<meta name=\"twitter:data1\" content=\"4 minutos\" \/>\n<script type=\"application\/ld+json\" class=\"yoast-schema-graph\">{\"@context\":\"https:\/\/schema.org\",\"@graph\":[{\"@type\":\"WebPage\",\"@id\":\"https:\/\/deputadotaveirajr.com.br\/index.php\/video-orca-e-flagrada-por-pescadores-no-mar-do-rn\/\",\"url\":\"https:\/\/deputadotaveirajr.com.br\/index.php\/video-orca-e-flagrada-por-pescadores-no-mar-do-rn\/\",\"name\":\"V\u00cdDEO: Orca \u00e9 flagrada por pescadores no mar do RN - Taveira Jr\",\"isPartOf\":{\"@id\":\"https:\/\/deputadotaveirajr.com.br\/#website\"},\"primaryImageOfPage\":{\"@id\":\"https:\/\/deputadotaveirajr.com.br\/index.php\/video-orca-e-flagrada-por-pescadores-no-mar-do-rn\/#primaryimage\"},\"image\":{\"@id\":\"https:\/\/deputadotaveirajr.com.br\/index.php\/video-orca-e-flagrada-por-pescadores-no-mar-do-rn\/#primaryimage\"},\"thumbnailUrl\":\"https:\/\/deputadotaveirajr.com.br\/wp-content\/uploads\/2025\/05\/pescadores-que-viram-orca-st9r69.jpg\",\"datePublished\":\"2025-05-31T15:52:31+00:00\",\"breadcrumb\":{\"@id\":\"https:\/\/deputadotaveirajr.com.br\/index.php\/video-orca-e-flagrada-por-pescadores-no-mar-do-rn\/#breadcrumb\"},\"inLanguage\":\"pt-BR\",\"potentialAction\":[{\"@type\":\"ReadAction\",\"target\":[\"https:\/\/deputadotaveirajr.com.br\/index.php\/video-orca-e-flagrada-por-pescadores-no-mar-do-rn\/\"]}]},{\"@type\":\"ImageObject\",\"inLanguage\":\"pt-BR\",\"@id\":\"https:\/\/deputadotaveirajr.com.br\/index.php\/video-orca-e-flagrada-por-pescadores-no-mar-do-rn\/#primaryimage\",\"url\":\"https:\/\/deputadotaveirajr.com.br\/wp-content\/uploads\/2025\/05\/pescadores-que-viram-orca-st9r69.jpg\",\"contentUrl\":\"https:\/\/deputadotaveirajr.com.br\/wp-content\/uploads\/2025\/05\/pescadores-que-viram-orca-st9r69.jpg\",\"width\":2000,\"height\":2000},{\"@type\":\"BreadcrumbList\",\"@id\":\"https:\/\/deputadotaveirajr.com.br\/index.php\/video-orca-e-flagrada-por-pescadores-no-mar-do-rn\/#breadcrumb\",\"itemListElement\":[{\"@type\":\"ListItem\",\"position\":1,\"name\":\"In\u00edcio\",\"item\":\"https:\/\/deputadotaveirajr.com.br\/\"},{\"@type\":\"ListItem\",\"position\":2,\"name\":\"V\u00cdDEO: Orca \u00e9 flagrada por pescadores no mar do RN\"}]},{\"@type\":\"WebSite\",\"@id\":\"https:\/\/deputadotaveirajr.com.br\/#website\",\"url\":\"https:\/\/deputadotaveirajr.com.br\/\",\"name\":\"Taveira Jr\",\"description\":\"Deputado Estadual\",\"publisher\":{\"@id\":\"https:\/\/deputadotaveirajr.com.br\/#organization\"},\"potentialAction\":[{\"@type\":\"SearchAction\",\"target\":{\"@type\":\"EntryPoint\",\"urlTemplate\":\"https:\/\/deputadotaveirajr.com.br\/?s={search_term_string}\"},\"query-input\":{\"@type\":\"PropertyValueSpecification\",\"valueRequired\":true,\"valueName\":\"search_term_string\"}}],\"inLanguage\":\"pt-BR\"},{\"@type\":\"Organization\",\"@id\":\"https:\/\/deputadotaveirajr.com.br\/#organization\",\"name\":\"Taveira Jr\",\"url\":\"https:\/\/deputadotaveirajr.com.br\/\",\"logo\":{\"@type\":\"ImageObject\",\"inLanguage\":\"pt-BR\",\"@id\":\"https:\/\/deputadotaveirajr.com.br\/#\/schema\/logo\/image\/\",\"url\":\"https:\/\/deputadotaveirajr.com.br\/wp-content\/uploads\/2026\/01\/logolow2a.png\",\"contentUrl\":\"https:\/\/deputadotaveirajr.com.br\/wp-content\/uploads\/2026\/01\/logolow2a.png\",\"width\":290,\"height\":80,\"caption\":\"Taveira Jr\"},\"image\":{\"@id\":\"https:\/\/deputadotaveirajr.com.br\/#\/schema\/logo\/image\/\"}}]}<\/script>\n<!-- \/ Yoast SEO plugin. -->","yoast_head_json":{"title":"V\u00cdDEO: Orca \u00e9 flagrada por pescadores no mar do RN - Taveira Jr","robots":{"index":"index","follow":"follow","max-snippet":"max-snippet:-1","max-image-preview":"max-image-preview:large","max-video-preview":"max-video-preview:-1"},"canonical":"https:\/\/deputadotaveirajr.com.br\/index.php\/video-orca-e-flagrada-por-pescadores-no-mar-do-rn\/","og_locale":"pt_BR","og_type":"article","og_title":"V\u00cdDEO: Orca \u00e9 flagrada por pescadores no mar do RN - Taveira Jr","og_description":"Caso foi registado em Cai\u00e7ara do Norte por dois pescadores. Animais fazem parte da fam\u00edlia dos golfinhos e s\u00e3o incomuns no litoral potiguar, segundo especialistas. Orca vista no litoral do ...","og_url":"https:\/\/deputadotaveirajr.com.br\/index.php\/video-orca-e-flagrada-por-pescadores-no-mar-do-rn\/","og_site_name":"Taveira Jr","og_image":[{"url":"https:\/\/s2-g1.glbimg.com\/Z_xoRuLsxjbEY70p7oYE7Tj_M5c=\/i.s3.glbimg.com\/v1\/AUTH_59edd422c0c84a879bd37670ae4f538a\/internal_photos\/bs\/2025\/A\/H\/NvFOtlQeKc6MzZMVCf7g\/pescadores-que-viram-orca.png","type":"","width":"","height":""}],"twitter_card":"summary_large_image","twitter_misc":{"Est. tempo de leitura":"4 minutos"},"schema":{"@context":"https:\/\/schema.org","@graph":[{"@type":"WebPage","@id":"https:\/\/deputadotaveirajr.com.br\/index.php\/video-orca-e-flagrada-por-pescadores-no-mar-do-rn\/","url":"https:\/\/deputadotaveirajr.com.br\/index.php\/video-orca-e-flagrada-por-pescadores-no-mar-do-rn\/","name":"V\u00cdDEO: Orca \u00e9 flagrada por pescadores no mar do RN - Taveira Jr","isPartOf":{"@id":"https:\/\/deputadotaveirajr.com.br\/#website"},"primaryImageOfPage":{"@id":"https:\/\/deputadotaveirajr.com.br\/index.php\/video-orca-e-flagrada-por-pescadores-no-mar-do-rn\/#primaryimage"},"image":{"@id":"https:\/\/deputadotaveirajr.com.br\/index.php\/video-orca-e-flagrada-por-pescadores-no-mar-do-rn\/#primaryimage"},"thumbnailUrl":"https:\/\/deputadotaveirajr.com.br\/wp-content\/uploads\/2025\/05\/pescadores-que-viram-orca-st9r69.jpg","datePublished":"2025-05-31T15:52:31+00:00","breadcrumb":{"@id":"https:\/\/deputadotaveirajr.com.br\/index.php\/video-orca-e-flagrada-por-pescadores-no-mar-do-rn\/#breadcrumb"},"inLanguage":"pt-BR","potentialAction":[{"@type":"ReadAction","target":["https:\/\/deputadotaveirajr.com.br\/index.php\/video-orca-e-flagrada-por-pescadores-no-mar-do-rn\/"]}]},{"@type":"ImageObject","inLanguage":"pt-BR","@id":"https:\/\/deputadotaveirajr.com.br\/index.php\/video-orca-e-flagrada-por-pescadores-no-mar-do-rn\/#primaryimage","url":"https:\/\/deputadotaveirajr.com.br\/wp-content\/uploads\/2025\/05\/pescadores-que-viram-orca-st9r69.jpg","contentUrl":"https:\/\/deputadotaveirajr.com.br\/wp-content\/uploads\/2025\/05\/pescadores-que-viram-orca-st9r69.jpg","width":2000,"height":2000},{"@type":"BreadcrumbList","@id":"https:\/\/deputadotaveirajr.com.br\/index.php\/video-orca-e-flagrada-por-pescadores-no-mar-do-rn\/#breadcrumb","itemListElement":[{"@type":"ListItem","position":1,"name":"In\u00edcio","item":"https:\/\/deputadotaveirajr.com.br\/"},{"@type":"ListItem","position":2,"name":"V\u00cdDEO: Orca \u00e9 flagrada por pescadores no mar do RN"}]},{"@type":"WebSite","@id":"https:\/\/deputadotaveirajr.com.br\/#website","url":"https:\/\/deputadotaveirajr.com.br\/","name":"Taveira Jr","description":"Deputado Estadual","publisher":{"@id":"https:\/\/deputadotaveirajr.com.br\/#organization"},"potentialAction":[{"@type":"SearchAction","target":{"@type":"EntryPoint","urlTemplate":"https:\/\/deputadotaveirajr.com.br\/?s={search_term_string}"},"query-input":{"@type":"PropertyValueSpecification","valueRequired":true,"valueName":"search_term_string"}}],"inLanguage":"pt-BR"},{"@type":"Organization","@id":"https:\/\/deputadotaveirajr.com.br\/#organization","name":"Taveira Jr","url":"https:\/\/deputadotaveirajr.com.br\/","logo":{"@type":"ImageObject","inLanguage":"pt-BR","@id":"https:\/\/deputadotaveirajr.com.br\/#\/schema\/logo\/image\/","url":"https:\/\/deputadotaveirajr.com.br\/wp-content\/uploads\/2026\/01\/logolow2a.png","contentUrl":"https:\/\/deputadotaveirajr.com.br\/wp-content\/uploads\/2026\/01\/logolow2a.png","width":290,"height":80,"caption":"Taveira Jr"},"image":{"@id":"https:\/\/deputadotaveirajr.com.br\/#\/schema\/logo\/image\/"}}]}},"_links":{"self":[{"href":"https:\/\/deputadotaveirajr.com.br\/index.php\/wp-json\/wp\/v2\/pages\/13121","targetHints":{"allow":["GET"]}}],"collection":[{"href":"https:\/\/deputadotaveirajr.com.br\/index.php\/wp-json\/wp\/v2\/pages"}],"about":[{"href":"https:\/\/deputadotaveirajr.com.br\/index.php\/wp-json\/wp\/v2\/types\/page"}],"replies":[{"embeddable":true,"href":"https:\/\/deputadotaveirajr.com.br\/index.php\/wp-json\/wp\/v2\/comments?post=13121"}],"version-history":[{"count":0,"href":"https:\/\/deputadotaveirajr.com.br\/index.php\/wp-json\/wp\/v2\/pages\/13121\/revisions"}],"wp:featuredmedia":[{"embeddable":true,"href":"https:\/\/deputadotaveirajr.com.br\/index.php\/wp-json\/wp\/v2\/media\/13122"}],"wp:attachment":[{"href":"https:\/\/deputadotaveirajr.com.br\/index.php\/wp-json\/wp\/v2\/media?parent=13121"}],"curies":[{"name":"wp","href":"https:\/\/api.w.org\/{rel}","templated":true}]}}