{"id":13123,"date":"2025-05-31T10:40:46","date_gmt":"2025-05-31T13:40:46","guid":{"rendered":"https:\/\/deputadotaveirajr.com.br\/index.php\/incendio-de-quase-4-horas-destroi-deposito-de-loja-de-tecidos-em-natal\/"},"modified":"2025-05-31T10:40:46","modified_gmt":"2025-05-31T13:40:46","slug":"incendio-de-quase-4-horas-destroi-deposito-de-loja-de-tecidos-em-natal","status":"publish","type":"page","link":"https:\/\/deputadotaveirajr.com.br\/index.php\/incendio-de-quase-4-horas-destroi-deposito-de-loja-de-tecidos-em-natal\/","title":{"rendered":"Inc\u00eandio de quase 4 horas destr\u00f3i dep\u00f3sito de loja de tecidos em Natal"},"content":{"rendered":"<p><img decoding=\"async\" src=\"https:\/\/s2-g1.glbimg.com\/YHCRjB4Ku4wy8atbsteSEgs4ZOc=\/i.s3.glbimg.com\/v1\/AUTH_59edd422c0c84a879bd37670ae4f538a\/internal_photos\/bs\/2025\/w\/p\/qs24rZQKagKEguTFSIlA\/incendio42343.png\" \/><br \/>     Fogo come\u00e7ou por volta das 22h da sexta-feira (30) e s\u00f3 foi totalmente controlado pelo Corpo de Bombeiros \u00e0s 2h deste s\u00e1bado (31).  Inc\u00eandio atingiu loja de tecidos no Alecrim<br \/>\nUma loja de tecidos e espumas teve o dep\u00f3sito destru\u00eddo ap\u00f3s um inc\u00eandio na noite desta sexta-feira (30) no bairro Alecrim, na Zona Leste de Natal. O inc\u00eandio durou cerca de 4 horas at\u00e9 que os bombeiros conseguissem conter as chamas.<br \/>\nO dep\u00f3sito fica no primeiro andar da loja, na Rua Presidente Jos\u00e9 Bento, mais conhecida como Avenida 3.<br \/>\n\ud83d\udcf3Participe do canal do g1 RN no WhatsApp<br \/>\nO Corpo de Bombeiros informou que foi acionado por volta das 22h de sexta e combateu as chamas at\u00e9 2h da madrugada deste s\u00e1bado (31).<br \/>\nO trabalho de rescaldo &#8211; para identificar pequenos focos e evitar que as chamas voltem &#8211; seguiu at\u00e9 4h.<br \/>\nDe acordo com a corpora\u00e7\u00e3o, foram usados mais de 15 mil litros de \u00e1gua distribu\u00eddos em 3 caminh\u00f5es auto bomba tanque. Ao todo, 12 militares atuaram no combate ao fogo.<br \/>\nA causa do inc\u00eandio, no entanto, era desconhecida at\u00e9 a manh\u00e3 deste s\u00e1bado (31). Nenhum outro pr\u00e9dio vizinho foi atingido pelo fogo.<br \/>\nFogo atingiu dep\u00f3sito no primeiro andar de loja de tecidos em Natal<br \/>\nFoto 1: Reprodu\u00e7\u00e3o | Foto 2: Vin\u00edcius Marinho\/Inter TV Cabugi<br \/>\n&#8216;Acabou tudo l\u00e1 em cima&#8217;<br \/>\nO desp\u00f3sito guardava tecidos, espumas e materiais para sof\u00e1. &#8220;Vendemos para estofador, capoteiro, material para cobrir sof\u00e1 e espuma&#8221;, explicou o funcion\u00e1rio Rog\u00e9rio Gomes, que trabalha no local h\u00e1 19 anos.<br \/>\nO trabalhador &#8211; que chegou na noite de sexta ao pr\u00e9dio, quando soube do inc\u00eandio &#8211; contou que o primeiro andar foi praticamento destru\u00eddo.<br \/>\n&#8220;Ent\u00e3o, aqui a parte de cima foi comprometida. Acabou tudo l\u00e1 em cima, n\u00e3o tinha nada. Sobrou nada&#8221;, lamentou.<br \/>\n O trabalhador n\u00e3o soube estimar o valor do preju\u00edzo, mas definiu como &#8220;grande&#8221;.<br \/>\n&#8220;Foi grande, infelizmente. Agora \u00e9 s\u00f3 correr atr\u00e1s do preju\u00edzo, botar Deus em frente e seguir em frente, porque n\u00e3o \u00e9 f\u00e1cil, n\u00e3o&#8221;, disse.<br \/>\nRog\u00e9rio Gomes contou que o pr\u00e9dio vai passar por avalia\u00e7\u00e3o ap\u00f3s o inc\u00eandio.<br \/>\nDep\u00f3sito de loja foi destru\u00eddo ap\u00f3s inc\u00eandio no Alecrim, Zona Leste de Natal<br \/>\nVin\u00edcius Marinho\/Inter TV Cabugi<br \/>\nT\u00e9rreo da loja de tecidos no Alecrim: danos foram no primeiro andar<br \/>\nVin\u00edcius Marinho\/Inter TV Cabugi<br \/>\nV\u00eddeos mais assistidos do g1 RN<\/p>","protected":false},"excerpt":{"rendered":"<p>Fogo come\u00e7ou por volta das 22h da sexta-feira (30) e s\u00f3 foi totalmente controlado pelo Corpo de Bombeiros \u00e0s 2h deste s\u00e1bado (31). Inc\u00eandio atingiu loja de tecidos no Alecrim &#8230;<\/p>\n","protected":false},"author":0,"featured_media":13124,"parent":0,"menu_order":0,"comment_status":"closed","ping_status":"closed","template":"","meta":{"footnotes":""},"class_list":["post-13123","page","type-page","status-publish","has-post-thumbnail","hentry"],"yoast_head":"<!-- This site is optimized with the Yoast SEO plugin v27.1.1 - https:\/\/yoast.com\/product\/yoast-seo-wordpress\/ -->\n<title>Inc\u00eandio de quase 4 horas destr\u00f3i dep\u00f3sito de loja de tecidos em Natal - Taveira Jr<\/title>\n<meta name=\"robots\" content=\"index, follow, max-snippet:-1, max-image-preview:large, max-video-preview:-1\" \/>\n<link rel=\"canonical\" href=\"https:\/\/deputadotaveirajr.com.br\/index.php\/incendio-de-quase-4-horas-destroi-deposito-de-loja-de-tecidos-em-natal\/\" \/>\n<meta property=\"og:locale\" content=\"pt_BR\" \/>\n<meta property=\"og:type\" content=\"article\" \/>\n<meta property=\"og:title\" content=\"Inc\u00eandio de quase 4 horas destr\u00f3i dep\u00f3sito de loja de tecidos em Natal - Taveira Jr\" \/>\n<meta property=\"og:description\" content=\"Fogo come\u00e7ou por volta das 22h da sexta-feira (30) e s\u00f3 foi totalmente controlado pelo Corpo de Bombeiros \u00e0s 2h deste s\u00e1bado (31). Inc\u00eandio atingiu loja de tecidos no Alecrim ...\" \/>\n<meta property=\"og:url\" content=\"https:\/\/deputadotaveirajr.com.br\/index.php\/incendio-de-quase-4-horas-destroi-deposito-de-loja-de-tecidos-em-natal\/\" \/>\n<meta property=\"og:site_name\" content=\"Taveira Jr\" \/>\n<meta property=\"og:image\" content=\"https:\/\/s2-g1.glbimg.com\/YHCRjB4Ku4wy8atbsteSEgs4ZOc=\/i.s3.glbimg.com\/v1\/AUTH_59edd422c0c84a879bd37670ae4f538a\/internal_photos\/bs\/2025\/w\/p\/qs24rZQKagKEguTFSIlA\/incendio42343.png\" \/>\n<meta name=\"twitter:card\" content=\"summary_large_image\" \/>\n<meta name=\"twitter:label1\" content=\"Est. tempo de leitura\" \/>\n\t<meta name=\"twitter:data1\" content=\"2 minutos\" \/>\n<script type=\"application\/ld+json\" class=\"yoast-schema-graph\">{\"@context\":\"https:\/\/schema.org\",\"@graph\":[{\"@type\":\"WebPage\",\"@id\":\"https:\/\/deputadotaveirajr.com.br\/index.php\/incendio-de-quase-4-horas-destroi-deposito-de-loja-de-tecidos-em-natal\/\",\"url\":\"https:\/\/deputadotaveirajr.com.br\/index.php\/incendio-de-quase-4-horas-destroi-deposito-de-loja-de-tecidos-em-natal\/\",\"name\":\"Inc\u00eandio de quase 4 horas destr\u00f3i dep\u00f3sito de loja de tecidos em Natal - Taveira Jr\",\"isPartOf\":{\"@id\":\"https:\/\/deputadotaveirajr.com.br\/#website\"},\"primaryImageOfPage\":{\"@id\":\"https:\/\/deputadotaveirajr.com.br\/index.php\/incendio-de-quase-4-horas-destroi-deposito-de-loja-de-tecidos-em-natal\/#primaryimage\"},\"image\":{\"@id\":\"https:\/\/deputadotaveirajr.com.br\/index.php\/incendio-de-quase-4-horas-destroi-deposito-de-loja-de-tecidos-em-natal\/#primaryimage\"},\"thumbnailUrl\":\"https:\/\/deputadotaveirajr.com.br\/wp-content\/uploads\/2025\/05\/incendio42343-QF2D1K.jpg\",\"datePublished\":\"2025-05-31T13:40:46+00:00\",\"breadcrumb\":{\"@id\":\"https:\/\/deputadotaveirajr.com.br\/index.php\/incendio-de-quase-4-horas-destroi-deposito-de-loja-de-tecidos-em-natal\/#breadcrumb\"},\"inLanguage\":\"pt-BR\",\"potentialAction\":[{\"@type\":\"ReadAction\",\"target\":[\"https:\/\/deputadotaveirajr.com.br\/index.php\/incendio-de-quase-4-horas-destroi-deposito-de-loja-de-tecidos-em-natal\/\"]}]},{\"@type\":\"ImageObject\",\"inLanguage\":\"pt-BR\",\"@id\":\"https:\/\/deputadotaveirajr.com.br\/index.php\/incendio-de-quase-4-horas-destroi-deposito-de-loja-de-tecidos-em-natal\/#primaryimage\",\"url\":\"https:\/\/deputadotaveirajr.com.br\/wp-content\/uploads\/2025\/05\/incendio42343-QF2D1K.jpg\",\"contentUrl\":\"https:\/\/deputadotaveirajr.com.br\/wp-content\/uploads\/2025\/05\/incendio42343-QF2D1K.jpg\",\"width\":2000,\"height\":2000},{\"@type\":\"BreadcrumbList\",\"@id\":\"https:\/\/deputadotaveirajr.com.br\/index.php\/incendio-de-quase-4-horas-destroi-deposito-de-loja-de-tecidos-em-natal\/#breadcrumb\",\"itemListElement\":[{\"@type\":\"ListItem\",\"position\":1,\"name\":\"In\u00edcio\",\"item\":\"https:\/\/deputadotaveirajr.com.br\/\"},{\"@type\":\"ListItem\",\"position\":2,\"name\":\"Inc\u00eandio de quase 4 horas destr\u00f3i dep\u00f3sito de loja de tecidos em Natal\"}]},{\"@type\":\"WebSite\",\"@id\":\"https:\/\/deputadotaveirajr.com.br\/#website\",\"url\":\"https:\/\/deputadotaveirajr.com.br\/\",\"name\":\"Taveira Jr\",\"description\":\"Deputado Estadual\",\"publisher\":{\"@id\":\"https:\/\/deputadotaveirajr.com.br\/#organization\"},\"potentialAction\":[{\"@type\":\"SearchAction\",\"target\":{\"@type\":\"EntryPoint\",\"urlTemplate\":\"https:\/\/deputadotaveirajr.com.br\/?s={search_term_string}\"},\"query-input\":{\"@type\":\"PropertyValueSpecification\",\"valueRequired\":true,\"valueName\":\"search_term_string\"}}],\"inLanguage\":\"pt-BR\"},{\"@type\":\"Organization\",\"@id\":\"https:\/\/deputadotaveirajr.com.br\/#organization\",\"name\":\"Taveira Jr\",\"url\":\"https:\/\/deputadotaveirajr.com.br\/\",\"logo\":{\"@type\":\"ImageObject\",\"inLanguage\":\"pt-BR\",\"@id\":\"https:\/\/deputadotaveirajr.com.br\/#\/schema\/logo\/image\/\",\"url\":\"https:\/\/deputadotaveirajr.com.br\/wp-content\/uploads\/2026\/01\/logolow2a.png\",\"contentUrl\":\"https:\/\/deputadotaveirajr.com.br\/wp-content\/uploads\/2026\/01\/logolow2a.png\",\"width\":290,\"height\":80,\"caption\":\"Taveira Jr\"},\"image\":{\"@id\":\"https:\/\/deputadotaveirajr.com.br\/#\/schema\/logo\/image\/\"}}]}<\/script>\n<!-- \/ Yoast SEO plugin. -->","yoast_head_json":{"title":"Inc\u00eandio de quase 4 horas destr\u00f3i dep\u00f3sito de loja de tecidos em Natal - Taveira Jr","robots":{"index":"index","follow":"follow","max-snippet":"max-snippet:-1","max-image-preview":"max-image-preview:large","max-video-preview":"max-video-preview:-1"},"canonical":"https:\/\/deputadotaveirajr.com.br\/index.php\/incendio-de-quase-4-horas-destroi-deposito-de-loja-de-tecidos-em-natal\/","og_locale":"pt_BR","og_type":"article","og_title":"Inc\u00eandio de quase 4 horas destr\u00f3i dep\u00f3sito de loja de tecidos em Natal - Taveira Jr","og_description":"Fogo come\u00e7ou por volta das 22h da sexta-feira (30) e s\u00f3 foi totalmente controlado pelo Corpo de Bombeiros \u00e0s 2h deste s\u00e1bado (31). Inc\u00eandio atingiu loja de tecidos no Alecrim ...","og_url":"https:\/\/deputadotaveirajr.com.br\/index.php\/incendio-de-quase-4-horas-destroi-deposito-de-loja-de-tecidos-em-natal\/","og_site_name":"Taveira Jr","og_image":[{"url":"https:\/\/s2-g1.glbimg.com\/YHCRjB4Ku4wy8atbsteSEgs4ZOc=\/i.s3.glbimg.com\/v1\/AUTH_59edd422c0c84a879bd37670ae4f538a\/internal_photos\/bs\/2025\/w\/p\/qs24rZQKagKEguTFSIlA\/incendio42343.png","type":"","width":"","height":""}],"twitter_card":"summary_large_image","twitter_misc":{"Est. tempo de leitura":"2 minutos"},"schema":{"@context":"https:\/\/schema.org","@graph":[{"@type":"WebPage","@id":"https:\/\/deputadotaveirajr.com.br\/index.php\/incendio-de-quase-4-horas-destroi-deposito-de-loja-de-tecidos-em-natal\/","url":"https:\/\/deputadotaveirajr.com.br\/index.php\/incendio-de-quase-4-horas-destroi-deposito-de-loja-de-tecidos-em-natal\/","name":"Inc\u00eandio de quase 4 horas destr\u00f3i dep\u00f3sito de loja de tecidos em Natal - Taveira Jr","isPartOf":{"@id":"https:\/\/deputadotaveirajr.com.br\/#website"},"primaryImageOfPage":{"@id":"https:\/\/deputadotaveirajr.com.br\/index.php\/incendio-de-quase-4-horas-destroi-deposito-de-loja-de-tecidos-em-natal\/#primaryimage"},"image":{"@id":"https:\/\/deputadotaveirajr.com.br\/index.php\/incendio-de-quase-4-horas-destroi-deposito-de-loja-de-tecidos-em-natal\/#primaryimage"},"thumbnailUrl":"https:\/\/deputadotaveirajr.com.br\/wp-content\/uploads\/2025\/05\/incendio42343-QF2D1K.jpg","datePublished":"2025-05-31T13:40:46+00:00","breadcrumb":{"@id":"https:\/\/deputadotaveirajr.com.br\/index.php\/incendio-de-quase-4-horas-destroi-deposito-de-loja-de-tecidos-em-natal\/#breadcrumb"},"inLanguage":"pt-BR","potentialAction":[{"@type":"ReadAction","target":["https:\/\/deputadotaveirajr.com.br\/index.php\/incendio-de-quase-4-horas-destroi-deposito-de-loja-de-tecidos-em-natal\/"]}]},{"@type":"ImageObject","inLanguage":"pt-BR","@id":"https:\/\/deputadotaveirajr.com.br\/index.php\/incendio-de-quase-4-horas-destroi-deposito-de-loja-de-tecidos-em-natal\/#primaryimage","url":"https:\/\/deputadotaveirajr.com.br\/wp-content\/uploads\/2025\/05\/incendio42343-QF2D1K.jpg","contentUrl":"https:\/\/deputadotaveirajr.com.br\/wp-content\/uploads\/2025\/05\/incendio42343-QF2D1K.jpg","width":2000,"height":2000},{"@type":"BreadcrumbList","@id":"https:\/\/deputadotaveirajr.com.br\/index.php\/incendio-de-quase-4-horas-destroi-deposito-de-loja-de-tecidos-em-natal\/#breadcrumb","itemListElement":[{"@type":"ListItem","position":1,"name":"In\u00edcio","item":"https:\/\/deputadotaveirajr.com.br\/"},{"@type":"ListItem","position":2,"name":"Inc\u00eandio de quase 4 horas destr\u00f3i dep\u00f3sito de loja de tecidos em Natal"}]},{"@type":"WebSite","@id":"https:\/\/deputadotaveirajr.com.br\/#website","url":"https:\/\/deputadotaveirajr.com.br\/","name":"Taveira Jr","description":"Deputado Estadual","publisher":{"@id":"https:\/\/deputadotaveirajr.com.br\/#organization"},"potentialAction":[{"@type":"SearchAction","target":{"@type":"EntryPoint","urlTemplate":"https:\/\/deputadotaveirajr.com.br\/?s={search_term_string}"},"query-input":{"@type":"PropertyValueSpecification","valueRequired":true,"valueName":"search_term_string"}}],"inLanguage":"pt-BR"},{"@type":"Organization","@id":"https:\/\/deputadotaveirajr.com.br\/#organization","name":"Taveira Jr","url":"https:\/\/deputadotaveirajr.com.br\/","logo":{"@type":"ImageObject","inLanguage":"pt-BR","@id":"https:\/\/deputadotaveirajr.com.br\/#\/schema\/logo\/image\/","url":"https:\/\/deputadotaveirajr.com.br\/wp-content\/uploads\/2026\/01\/logolow2a.png","contentUrl":"https:\/\/deputadotaveirajr.com.br\/wp-content\/uploads\/2026\/01\/logolow2a.png","width":290,"height":80,"caption":"Taveira Jr"},"image":{"@id":"https:\/\/deputadotaveirajr.com.br\/#\/schema\/logo\/image\/"}}]}},"_links":{"self":[{"href":"https:\/\/deputadotaveirajr.com.br\/index.php\/wp-json\/wp\/v2\/pages\/13123","targetHints":{"allow":["GET"]}}],"collection":[{"href":"https:\/\/deputadotaveirajr.com.br\/index.php\/wp-json\/wp\/v2\/pages"}],"about":[{"href":"https:\/\/deputadotaveirajr.com.br\/index.php\/wp-json\/wp\/v2\/types\/page"}],"replies":[{"embeddable":true,"href":"https:\/\/deputadotaveirajr.com.br\/index.php\/wp-json\/wp\/v2\/comments?post=13123"}],"version-history":[{"count":0,"href":"https:\/\/deputadotaveirajr.com.br\/index.php\/wp-json\/wp\/v2\/pages\/13123\/revisions"}],"wp:featuredmedia":[{"embeddable":true,"href":"https:\/\/deputadotaveirajr.com.br\/index.php\/wp-json\/wp\/v2\/media\/13124"}],"wp:attachment":[{"href":"https:\/\/deputadotaveirajr.com.br\/index.php\/wp-json\/wp\/v2\/media?parent=13123"}],"curies":[{"name":"wp","href":"https:\/\/api.w.org\/{rel}","templated":true}]}}