{"id":13125,"date":"2025-05-31T09:09:23","date_gmt":"2025-05-31T12:09:23","guid":{"rendered":"https:\/\/deputadotaveirajr.com.br\/index.php\/derradeiro-de-maio-lota-pousadas-e-movimenta-comercio-em-olho-dagua-do-borges\/"},"modified":"2025-05-31T09:09:23","modified_gmt":"2025-05-31T12:09:23","slug":"derradeiro-de-maio-lota-pousadas-e-movimenta-comercio-em-olho-dagua-do-borges","status":"publish","type":"page","link":"https:\/\/deputadotaveirajr.com.br\/index.php\/derradeiro-de-maio-lota-pousadas-e-movimenta-comercio-em-olho-dagua-do-borges\/","title":{"rendered":"Derradeiro de Maio lota pousadas e movimenta com\u00e9rcio em Olho D\u2019\u00c1gua do Borges"},"content":{"rendered":"<p><img decoding=\"async\" src=\"https:\/\/s2-g1.glbimg.com\/tsPNN7doEvJHadWIqIgS1hjId7E=\/i.s3.glbimg.com\/v1\/AUTH_59edd422c0c84a879bd37670ae4f538a\/internal_photos\/bs\/2025\/K\/Q\/6PZBcCSUaJBa0BXqGclA\/whatsapp-image-2025-05-30-at-17.13.25.jpeg\" \/><br \/>     Festa idealizada por Dorgival Dantas, que acontece neste s\u00e1bado (31) e abre festejos juninos, deve atrair cerca de 5 mil pessoas ao munic\u00edpio.  Expectativa para o Derradeiro de Maio, que sera\u0301 transmitido pela Inter TV<br \/>\nO Derradeiro de Maio, evento realizado na Fazenda Tome Xote, em Olho D&#8217;\u00c1gua do Borges, distante cerca de 320 km de Natal, tem gerado impacto positivo no turismo e no com\u00e9rcio da cidade.<br \/>\n A \u00fanica pousada da regi\u00e3o, por exemplo, lotou para o evento desde outubro do ano passado, e as de cidades vizinhas tamb\u00e9m registram alto movimento.<br \/>\nIdealizada pelo cantor e compositor Dorgival Dantas, a festa marca a abertura do S\u00e3o Jo\u00e3o no Nordeste e atrai visitantes de diversas regi\u00f5es.<br \/>\n\ud83d\udcf3Participe do canal do g1 RN no WhatsApp<br \/>\nA programa\u00e7\u00e3o inclui apresenta\u00e7\u00f5es de artistas como Eliane, Fl\u00e1vio Jos\u00e9 e Waldonys, al\u00e9m do anfitri\u00e3o Dorgival Dantas.<br \/>\n\u27a1\ufe0f  O Derradeiro de Maio acontece no dia 31 de maio com transmiss\u00e3o ao vivo pelo g1 e pela Inter TV, direto da Fazenda Tome Xote.<br \/>\nSegundo a secret\u00e1ria municipal de cultura, Jadete Oliveira, a expectativa \u00e9 de crescimento no n\u00famero de visitantes em compara\u00e7\u00e3o aos anos anteriores.<br \/>\nDe acordo com ela, a previs\u00e3o \u00e9 de que cerca de 5 mil pessoas passem pela cidade durante o final de semana, sendo 50% de munic\u00edpios vizinhos.<br \/>\nA rede hoteleira tamb\u00e9m registra aumento na ocupa\u00e7\u00e3o. Ercilio Gomes \u00e9 dono da \u00fanica pousada da cidade e contou que desde outubro de 2024 j\u00e1 estava com 100% dos quartos reservados para o per\u00edodo da festa.<br \/>\n\u201cSe aqui tivesse mais cinco pousadas, tamb\u00e9m estariam todas lotadas. Os contatos que eu tenho em Umarizal, Patu e Cara\u00fabas me disseram que por l\u00e1 tamb\u00e9m est\u00e1 tudo lotado. At\u00e9 Martins, que \u00e9 um pouco mais longe daqui, tamb\u00e9m tem gente hospedada porque n\u00e3o tem mais vaga por aqui\u201d, contou Ercilio.<br \/>\nO dono da pousada tamb\u00e9m relatou que devido a alta procura, existem moradores do munic\u00edpio  que saem das pr\u00f3prias casas para alugar para quem quer se hospedar na cidade durante a \u00e9poca da festa.<br \/>\n&#8220;Eu tenho h\u00f3spede desse ano que j\u00e1 deixou reservado para o ano que vem. \u00c9 um sucesso!&#8221;, comemorou.<br \/>\nOlho D&#8217;\u00c1gua do Borges<br \/>\nAnselmo Ferreira<br \/>\nLEIA TAMB\u00c9M<br \/>\nCidade do Forr\u00f3: conhe\u00e7a a vila constru\u00edda por Dorgival Dantas no interior do RN<br \/>\nImpacto tamb\u00e9m no setor gastron\u00f4mico<br \/>\nNo setor gastron\u00f4mico, o impacto tamb\u00e9m \u00e9 percebido. Louz\u00e2ngela de Lima \u00e9 dona de um restaurante no centro de Olho D\u2019\u00c1gua do Borges h\u00e1 17 anos, e desde a primeira edi\u00e7\u00e3o do Derradeiro de Maio fica respons\u00e1vel pela alimenta\u00e7\u00e3o da equipe que trabalha no evento.<br \/>\n\u201cA cidade t\u00e1 muito movimentada, \u00e9 muita comida que eu estou fazendo, \u00e9 200kg de carne, 30kg de arroz, 20kg de macarr\u00e3o, muita comida porque est\u00e1 superlotada a cidade para esse grande evento\u201d, relatou ela.<br \/>\nLouz\u00e2ngela conta que, para ela, a festa \u00e9 o per\u00edodo em que a economia da cidade \u00e9 mais movimentada.<br \/>\n\u201cUm evento desse gera muito emprego, s\u00e3o os restaurantes lotados, as maquiadoras da cidade com agenda cheia, as lojas vendendo roupa, os sal\u00f5es de beleza com as vagas marcadas\u201d, disse.<br \/>\nAl\u00e9m de trabalhar, a cozinheira tamb\u00e9m gosta de aproveitar, e afirmou que esse ano at\u00e9 a filha que mora no Paraguai vem para curtir o Derradeiro de Maio.<br \/>\nSegundo a Secretaria de Cultura, o evento  \u00e9 esperado com ansiedade por toda cidade, por contribuir com a valoriza\u00e7\u00e3o das tradi\u00e7\u00f5es locais e para o fortalecimento da economia.<br \/>\nFazenda Tome Xote, Cidade do Forr\u00f3, em Olho D&#8217;\u00c1gua do Borges RN<br \/>\nIsabelly Noemi\/g1 RN<br \/>\nVeja os v\u00eddeos mais assistidos do g1 RN<\/p>","protected":false},"excerpt":{"rendered":"<p>Festa idealizada por Dorgival Dantas, que acontece neste s\u00e1bado (31) e abre festejos juninos, deve atrair cerca de 5 mil pessoas ao munic\u00edpio. Expectativa para o Derradeiro de Maio, que &#8230;<\/p>\n","protected":false},"author":0,"featured_media":13126,"parent":0,"menu_order":0,"comment_status":"closed","ping_status":"closed","template":"","meta":{"footnotes":""},"class_list":["post-13125","page","type-page","status-publish","has-post-thumbnail","hentry"],"yoast_head":"<!-- This site is optimized with the Yoast SEO plugin v27.1.1 - https:\/\/yoast.com\/product\/yoast-seo-wordpress\/ -->\n<title>Derradeiro de Maio lota pousadas e movimenta com\u00e9rcio em Olho D\u2019\u00c1gua do Borges - Taveira Jr<\/title>\n<meta name=\"robots\" content=\"index, follow, max-snippet:-1, max-image-preview:large, max-video-preview:-1\" \/>\n<link rel=\"canonical\" href=\"https:\/\/deputadotaveirajr.com.br\/index.php\/derradeiro-de-maio-lota-pousadas-e-movimenta-comercio-em-olho-dagua-do-borges\/\" \/>\n<meta property=\"og:locale\" content=\"pt_BR\" \/>\n<meta property=\"og:type\" content=\"article\" \/>\n<meta property=\"og:title\" content=\"Derradeiro de Maio lota pousadas e movimenta com\u00e9rcio em Olho D\u2019\u00c1gua do Borges - Taveira Jr\" \/>\n<meta property=\"og:description\" content=\"Festa idealizada por Dorgival Dantas, que acontece neste s\u00e1bado (31) e abre festejos juninos, deve atrair cerca de 5 mil pessoas ao munic\u00edpio. Expectativa para o Derradeiro de Maio, que ...\" \/>\n<meta property=\"og:url\" content=\"https:\/\/deputadotaveirajr.com.br\/index.php\/derradeiro-de-maio-lota-pousadas-e-movimenta-comercio-em-olho-dagua-do-borges\/\" \/>\n<meta property=\"og:site_name\" content=\"Taveira Jr\" \/>\n<meta property=\"og:image\" content=\"https:\/\/s2-g1.glbimg.com\/tsPNN7doEvJHadWIqIgS1hjId7E=\/i.s3.glbimg.com\/v1\/AUTH_59edd422c0c84a879bd37670ae4f538a\/internal_photos\/bs\/2025\/K\/Q\/6PZBcCSUaJBa0BXqGclA\/whatsapp-image-2025-05-30-at-17.13.25.jpeg\" \/>\n<meta name=\"twitter:card\" content=\"summary_large_image\" \/>\n<meta name=\"twitter:label1\" content=\"Est. tempo de leitura\" \/>\n\t<meta name=\"twitter:data1\" content=\"3 minutos\" \/>\n<script type=\"application\/ld+json\" class=\"yoast-schema-graph\">{\"@context\":\"https:\/\/schema.org\",\"@graph\":[{\"@type\":\"WebPage\",\"@id\":\"https:\/\/deputadotaveirajr.com.br\/index.php\/derradeiro-de-maio-lota-pousadas-e-movimenta-comercio-em-olho-dagua-do-borges\/\",\"url\":\"https:\/\/deputadotaveirajr.com.br\/index.php\/derradeiro-de-maio-lota-pousadas-e-movimenta-comercio-em-olho-dagua-do-borges\/\",\"name\":\"Derradeiro de Maio lota pousadas e movimenta com\u00e9rcio em Olho D\u2019\u00c1gua do Borges - Taveira Jr\",\"isPartOf\":{\"@id\":\"https:\/\/deputadotaveirajr.com.br\/#website\"},\"primaryImageOfPage\":{\"@id\":\"https:\/\/deputadotaveirajr.com.br\/index.php\/derradeiro-de-maio-lota-pousadas-e-movimenta-comercio-em-olho-dagua-do-borges\/#primaryimage\"},\"image\":{\"@id\":\"https:\/\/deputadotaveirajr.com.br\/index.php\/derradeiro-de-maio-lota-pousadas-e-movimenta-comercio-em-olho-dagua-do-borges\/#primaryimage\"},\"thumbnailUrl\":\"https:\/\/deputadotaveirajr.com.br\/wp-content\/uploads\/2025\/05\/whatsapp-image-2025-05-30-at-17.13.25-oKHTIQ.jpg\",\"datePublished\":\"2025-05-31T12:09:23+00:00\",\"breadcrumb\":{\"@id\":\"https:\/\/deputadotaveirajr.com.br\/index.php\/derradeiro-de-maio-lota-pousadas-e-movimenta-comercio-em-olho-dagua-do-borges\/#breadcrumb\"},\"inLanguage\":\"pt-BR\",\"potentialAction\":[{\"@type\":\"ReadAction\",\"target\":[\"https:\/\/deputadotaveirajr.com.br\/index.php\/derradeiro-de-maio-lota-pousadas-e-movimenta-comercio-em-olho-dagua-do-borges\/\"]}]},{\"@type\":\"ImageObject\",\"inLanguage\":\"pt-BR\",\"@id\":\"https:\/\/deputadotaveirajr.com.br\/index.php\/derradeiro-de-maio-lota-pousadas-e-movimenta-comercio-em-olho-dagua-do-borges\/#primaryimage\",\"url\":\"https:\/\/deputadotaveirajr.com.br\/wp-content\/uploads\/2025\/05\/whatsapp-image-2025-05-30-at-17.13.25-oKHTIQ.jpg\",\"contentUrl\":\"https:\/\/deputadotaveirajr.com.br\/wp-content\/uploads\/2025\/05\/whatsapp-image-2025-05-30-at-17.13.25-oKHTIQ.jpg\",\"width\":1600,\"height\":900},{\"@type\":\"BreadcrumbList\",\"@id\":\"https:\/\/deputadotaveirajr.com.br\/index.php\/derradeiro-de-maio-lota-pousadas-e-movimenta-comercio-em-olho-dagua-do-borges\/#breadcrumb\",\"itemListElement\":[{\"@type\":\"ListItem\",\"position\":1,\"name\":\"In\u00edcio\",\"item\":\"https:\/\/deputadotaveirajr.com.br\/\"},{\"@type\":\"ListItem\",\"position\":2,\"name\":\"Derradeiro de Maio lota pousadas e movimenta com\u00e9rcio em Olho D\u2019\u00c1gua do Borges\"}]},{\"@type\":\"WebSite\",\"@id\":\"https:\/\/deputadotaveirajr.com.br\/#website\",\"url\":\"https:\/\/deputadotaveirajr.com.br\/\",\"name\":\"Taveira Jr\",\"description\":\"Deputado Estadual\",\"publisher\":{\"@id\":\"https:\/\/deputadotaveirajr.com.br\/#organization\"},\"potentialAction\":[{\"@type\":\"SearchAction\",\"target\":{\"@type\":\"EntryPoint\",\"urlTemplate\":\"https:\/\/deputadotaveirajr.com.br\/?s={search_term_string}\"},\"query-input\":{\"@type\":\"PropertyValueSpecification\",\"valueRequired\":true,\"valueName\":\"search_term_string\"}}],\"inLanguage\":\"pt-BR\"},{\"@type\":\"Organization\",\"@id\":\"https:\/\/deputadotaveirajr.com.br\/#organization\",\"name\":\"Taveira Jr\",\"url\":\"https:\/\/deputadotaveirajr.com.br\/\",\"logo\":{\"@type\":\"ImageObject\",\"inLanguage\":\"pt-BR\",\"@id\":\"https:\/\/deputadotaveirajr.com.br\/#\/schema\/logo\/image\/\",\"url\":\"https:\/\/deputadotaveirajr.com.br\/wp-content\/uploads\/2026\/01\/logolow2a.png\",\"contentUrl\":\"https:\/\/deputadotaveirajr.com.br\/wp-content\/uploads\/2026\/01\/logolow2a.png\",\"width\":290,\"height\":80,\"caption\":\"Taveira Jr\"},\"image\":{\"@id\":\"https:\/\/deputadotaveirajr.com.br\/#\/schema\/logo\/image\/\"}}]}<\/script>\n<!-- \/ Yoast SEO plugin. -->","yoast_head_json":{"title":"Derradeiro de Maio lota pousadas e movimenta com\u00e9rcio em Olho D\u2019\u00c1gua do Borges - Taveira Jr","robots":{"index":"index","follow":"follow","max-snippet":"max-snippet:-1","max-image-preview":"max-image-preview:large","max-video-preview":"max-video-preview:-1"},"canonical":"https:\/\/deputadotaveirajr.com.br\/index.php\/derradeiro-de-maio-lota-pousadas-e-movimenta-comercio-em-olho-dagua-do-borges\/","og_locale":"pt_BR","og_type":"article","og_title":"Derradeiro de Maio lota pousadas e movimenta com\u00e9rcio em Olho D\u2019\u00c1gua do Borges - Taveira Jr","og_description":"Festa idealizada por Dorgival Dantas, que acontece neste s\u00e1bado (31) e abre festejos juninos, deve atrair cerca de 5 mil pessoas ao munic\u00edpio. Expectativa para o Derradeiro de Maio, que ...","og_url":"https:\/\/deputadotaveirajr.com.br\/index.php\/derradeiro-de-maio-lota-pousadas-e-movimenta-comercio-em-olho-dagua-do-borges\/","og_site_name":"Taveira Jr","og_image":[{"url":"https:\/\/s2-g1.glbimg.com\/tsPNN7doEvJHadWIqIgS1hjId7E=\/i.s3.glbimg.com\/v1\/AUTH_59edd422c0c84a879bd37670ae4f538a\/internal_photos\/bs\/2025\/K\/Q\/6PZBcCSUaJBa0BXqGclA\/whatsapp-image-2025-05-30-at-17.13.25.jpeg","type":"","width":"","height":""}],"twitter_card":"summary_large_image","twitter_misc":{"Est. tempo de leitura":"3 minutos"},"schema":{"@context":"https:\/\/schema.org","@graph":[{"@type":"WebPage","@id":"https:\/\/deputadotaveirajr.com.br\/index.php\/derradeiro-de-maio-lota-pousadas-e-movimenta-comercio-em-olho-dagua-do-borges\/","url":"https:\/\/deputadotaveirajr.com.br\/index.php\/derradeiro-de-maio-lota-pousadas-e-movimenta-comercio-em-olho-dagua-do-borges\/","name":"Derradeiro de Maio lota pousadas e movimenta com\u00e9rcio em Olho D\u2019\u00c1gua do Borges - Taveira Jr","isPartOf":{"@id":"https:\/\/deputadotaveirajr.com.br\/#website"},"primaryImageOfPage":{"@id":"https:\/\/deputadotaveirajr.com.br\/index.php\/derradeiro-de-maio-lota-pousadas-e-movimenta-comercio-em-olho-dagua-do-borges\/#primaryimage"},"image":{"@id":"https:\/\/deputadotaveirajr.com.br\/index.php\/derradeiro-de-maio-lota-pousadas-e-movimenta-comercio-em-olho-dagua-do-borges\/#primaryimage"},"thumbnailUrl":"https:\/\/deputadotaveirajr.com.br\/wp-content\/uploads\/2025\/05\/whatsapp-image-2025-05-30-at-17.13.25-oKHTIQ.jpg","datePublished":"2025-05-31T12:09:23+00:00","breadcrumb":{"@id":"https:\/\/deputadotaveirajr.com.br\/index.php\/derradeiro-de-maio-lota-pousadas-e-movimenta-comercio-em-olho-dagua-do-borges\/#breadcrumb"},"inLanguage":"pt-BR","potentialAction":[{"@type":"ReadAction","target":["https:\/\/deputadotaveirajr.com.br\/index.php\/derradeiro-de-maio-lota-pousadas-e-movimenta-comercio-em-olho-dagua-do-borges\/"]}]},{"@type":"ImageObject","inLanguage":"pt-BR","@id":"https:\/\/deputadotaveirajr.com.br\/index.php\/derradeiro-de-maio-lota-pousadas-e-movimenta-comercio-em-olho-dagua-do-borges\/#primaryimage","url":"https:\/\/deputadotaveirajr.com.br\/wp-content\/uploads\/2025\/05\/whatsapp-image-2025-05-30-at-17.13.25-oKHTIQ.jpg","contentUrl":"https:\/\/deputadotaveirajr.com.br\/wp-content\/uploads\/2025\/05\/whatsapp-image-2025-05-30-at-17.13.25-oKHTIQ.jpg","width":1600,"height":900},{"@type":"BreadcrumbList","@id":"https:\/\/deputadotaveirajr.com.br\/index.php\/derradeiro-de-maio-lota-pousadas-e-movimenta-comercio-em-olho-dagua-do-borges\/#breadcrumb","itemListElement":[{"@type":"ListItem","position":1,"name":"In\u00edcio","item":"https:\/\/deputadotaveirajr.com.br\/"},{"@type":"ListItem","position":2,"name":"Derradeiro de Maio lota pousadas e movimenta com\u00e9rcio em Olho D\u2019\u00c1gua do Borges"}]},{"@type":"WebSite","@id":"https:\/\/deputadotaveirajr.com.br\/#website","url":"https:\/\/deputadotaveirajr.com.br\/","name":"Taveira Jr","description":"Deputado Estadual","publisher":{"@id":"https:\/\/deputadotaveirajr.com.br\/#organization"},"potentialAction":[{"@type":"SearchAction","target":{"@type":"EntryPoint","urlTemplate":"https:\/\/deputadotaveirajr.com.br\/?s={search_term_string}"},"query-input":{"@type":"PropertyValueSpecification","valueRequired":true,"valueName":"search_term_string"}}],"inLanguage":"pt-BR"},{"@type":"Organization","@id":"https:\/\/deputadotaveirajr.com.br\/#organization","name":"Taveira Jr","url":"https:\/\/deputadotaveirajr.com.br\/","logo":{"@type":"ImageObject","inLanguage":"pt-BR","@id":"https:\/\/deputadotaveirajr.com.br\/#\/schema\/logo\/image\/","url":"https:\/\/deputadotaveirajr.com.br\/wp-content\/uploads\/2026\/01\/logolow2a.png","contentUrl":"https:\/\/deputadotaveirajr.com.br\/wp-content\/uploads\/2026\/01\/logolow2a.png","width":290,"height":80,"caption":"Taveira Jr"},"image":{"@id":"https:\/\/deputadotaveirajr.com.br\/#\/schema\/logo\/image\/"}}]}},"_links":{"self":[{"href":"https:\/\/deputadotaveirajr.com.br\/index.php\/wp-json\/wp\/v2\/pages\/13125","targetHints":{"allow":["GET"]}}],"collection":[{"href":"https:\/\/deputadotaveirajr.com.br\/index.php\/wp-json\/wp\/v2\/pages"}],"about":[{"href":"https:\/\/deputadotaveirajr.com.br\/index.php\/wp-json\/wp\/v2\/types\/page"}],"replies":[{"embeddable":true,"href":"https:\/\/deputadotaveirajr.com.br\/index.php\/wp-json\/wp\/v2\/comments?post=13125"}],"version-history":[{"count":0,"href":"https:\/\/deputadotaveirajr.com.br\/index.php\/wp-json\/wp\/v2\/pages\/13125\/revisions"}],"wp:featuredmedia":[{"embeddable":true,"href":"https:\/\/deputadotaveirajr.com.br\/index.php\/wp-json\/wp\/v2\/media\/13126"}],"wp:attachment":[{"href":"https:\/\/deputadotaveirajr.com.br\/index.php\/wp-json\/wp\/v2\/media?parent=13125"}],"curies":[{"name":"wp","href":"https:\/\/api.w.org\/{rel}","templated":true}]}}