{"id":13141,"date":"2025-06-03T17:47:06","date_gmt":"2025-06-03T20:47:06","guid":{"rendered":"https:\/\/deputadotaveirajr.com.br\/index.php\/projeto-de-lei-que-cria-loteria-estadual-e-aprovado-na-alrn\/"},"modified":"2025-06-03T17:47:06","modified_gmt":"2025-06-03T20:47:06","slug":"projeto-de-lei-que-cria-loteria-estadual-e-aprovado-na-alrn","status":"publish","type":"page","link":"https:\/\/deputadotaveirajr.com.br\/index.php\/projeto-de-lei-que-cria-loteria-estadual-e-aprovado-na-alrn\/","title":{"rendered":"Projeto de lei que cria loteria estadual \u00e9 aprovado na ALRN"},"content":{"rendered":"<p><img decoding=\"async\" src=\"https:\/\/s2-g1.glbimg.com\/GNxv9hgLys6q9FuZZjL2eqvzSh0=\/i.s3.glbimg.com\/v1\/AUTH_59edd422c0c84a879bd37670ae4f538a\/internal_photos\/bs\/2025\/Y\/J\/D9VVczQ96wldAXezuvLg\/alrn.jpg\" \/><br \/>     Governo do RN prev\u00ea arreca\u00e7\u00e3o anual de at\u00e9 R$ 25 milh\u00f5es, com recursos que ser\u00e3o destinados a \u00e1reas como seguran\u00e7a p\u00fablica, sa\u00fade e habita\u00e7\u00e3o. ALRN aprova projeto de criac\u0327a\u0303o de loteria estadual<br \/>\nO projeto de lei que cria a loteria estadual foi aprovado nesta ter\u00e7a-feira (3) na Assembleia Legislativa do Rio Grande do Norte (ALRN).<br \/>\nA proposta, enviada pelo governo do Estado em abril, prev\u00ea uma arrecada\u00e7\u00e3o anual de at\u00e9 R$ 25 milh\u00f5es, com recursos destinados a \u00e1reas como seguran\u00e7a p\u00fablica, sa\u00fade e habita\u00e7\u00e3o.<br \/>\n\ud83d\udcf3Participe do canal do g1 RN no WhatsApp<br \/>\nO projeto volta para o Poder Executivo para poder ser sancionado pela governadora F\u00e1tima Bezerra (PT) e se tornar lei.<br \/>\nO projeto tramitou em regime de urg\u00eancia e tamb\u00e9m criou o Fundo Estadual da Loteria do RN. A administra\u00e7\u00e3o da loteria ficar\u00e1 sob responsabilidade da Secretaria Estadual da Fazenda (Sefaz).<br \/>\nA proposta tem como base decis\u00f5es do Supremo Tribunal Federal (STF), que reconheceu, em 2020,  que a Uni\u00e3o n\u00e3o possui exclusividade na explora\u00e7\u00e3o de servi\u00e7os lot\u00e9ricos. Com isso, estados e o Distrito Federal est\u00e3o autorizados a regulamentar e explorar esse tipo de atividade.<br \/>\nProjeto gerou discuss\u00f5es<br \/>\nDurante a vota\u00e7\u00e3o, o projeto gerou debates e dividiu opini\u00f5es entre os parlamentares. Apesar das discuss\u00f5es, a proposta foi aprovada pela maioria dos deputados.<br \/>\nVotaram contra o projeto os deputados Jos\u00e9 Dias (PL) e Adjuto Dias (MDB).<br \/>\nO deputado Coronel Azevedo (PL) apresentou duas emendas: uma que permite aos munic\u00edpios criarem suas pr\u00f3prias loterias e outra que prop\u00f5e a atualiza\u00e7\u00e3o das porcentagens de recursos arrecadados, em conformidade com normas federais.<br \/>\nO l\u00edder do governo na Casa, deputado Francisco do PT, defendeu a medida como uma alternativa para ampliar a arrecada\u00e7\u00e3o estadual e investir em pol\u00edticas p\u00fablicas.<br \/>\nEntenda a loteria estadual<br \/>\nSegundo o projeto de lei, a loteria estadual deve operar concursos de progn\u00f3sticos num\u00e9ricos, progn\u00f3sticos espec\u00edficos, progn\u00f3sticos esportivos, como j\u00e1 ocorre nos jogos operados pelo governo Federal, al\u00e9m da loteria instant\u00e2nea (por meio f\u00edsico ou virtual), como as raspadinhas.<br \/>\nA proposta tamb\u00e9m prev\u00ea a abertura de cr\u00e9dito especial no valor de R$ 3 milh\u00f5es para a instala\u00e7\u00e3o da loteria do Estado.<br \/>\nAl\u00e9m disso, prev\u00ea a ado\u00e7\u00e3o de sistemas voltados \u00e0 integridade do mercado lot\u00e9rico, com foco na seguran\u00e7a de bilhetes f\u00edsicos e digitais, combate a fraudes e promo\u00e7\u00e3o do jogo respons\u00e1vel.<br \/>\nOs jogos devem seguir planos lot\u00e9ricos aprovados por ato do secret\u00e1rio executivo da Receita Estadual.<br \/>\nOs valores dos pr\u00eamios n\u00e3o resgatados no prazo de 90 dias ap\u00f3s os sorteios ser\u00e3o revertidos ao Fundo Estadual da Loteria.<br \/>\nSess\u00e3o desta ter\u00e7a-feira (3) na ALRN<br \/>\nJo\u00e3o Gilberto\/ALRN<br \/>\nV\u00eddeos mais assistidos do g1 RN<\/p>","protected":false},"excerpt":{"rendered":"<p>Governo do RN prev\u00ea arreca\u00e7\u00e3o anual de at\u00e9 R$ 25 milh\u00f5es, com recursos que ser\u00e3o destinados a \u00e1reas como seguran\u00e7a p\u00fablica, sa\u00fade e habita\u00e7\u00e3o. ALRN aprova projeto de criac\u0327a\u0303o de &#8230;<\/p>\n","protected":false},"author":0,"featured_media":13142,"parent":0,"menu_order":0,"comment_status":"closed","ping_status":"closed","template":"","meta":{"footnotes":""},"class_list":["post-13141","page","type-page","status-publish","has-post-thumbnail","hentry"],"yoast_head":"<!-- This site is optimized with the Yoast SEO plugin v27.1.1 - https:\/\/yoast.com\/product\/yoast-seo-wordpress\/ -->\n<title>Projeto de lei que cria loteria estadual \u00e9 aprovado na ALRN - Taveira Jr<\/title>\n<meta name=\"robots\" content=\"index, follow, max-snippet:-1, max-image-preview:large, max-video-preview:-1\" \/>\n<link rel=\"canonical\" href=\"https:\/\/deputadotaveirajr.com.br\/index.php\/projeto-de-lei-que-cria-loteria-estadual-e-aprovado-na-alrn\/\" \/>\n<meta property=\"og:locale\" content=\"pt_BR\" \/>\n<meta property=\"og:type\" content=\"article\" \/>\n<meta property=\"og:title\" content=\"Projeto de lei que cria loteria estadual \u00e9 aprovado na ALRN - Taveira Jr\" \/>\n<meta property=\"og:description\" content=\"Governo do RN prev\u00ea arreca\u00e7\u00e3o anual de at\u00e9 R$ 25 milh\u00f5es, com recursos que ser\u00e3o destinados a \u00e1reas como seguran\u00e7a p\u00fablica, sa\u00fade e habita\u00e7\u00e3o. ALRN aprova projeto de criac\u0327a\u0303o de ...\" \/>\n<meta property=\"og:url\" content=\"https:\/\/deputadotaveirajr.com.br\/index.php\/projeto-de-lei-que-cria-loteria-estadual-e-aprovado-na-alrn\/\" \/>\n<meta property=\"og:site_name\" content=\"Taveira Jr\" \/>\n<meta property=\"og:image\" content=\"https:\/\/s2-g1.glbimg.com\/GNxv9hgLys6q9FuZZjL2eqvzSh0=\/i.s3.glbimg.com\/v1\/AUTH_59edd422c0c84a879bd37670ae4f538a\/internal_photos\/bs\/2025\/Y\/J\/D9VVczQ96wldAXezuvLg\/alrn.jpg\" \/>\n<meta name=\"twitter:card\" content=\"summary_large_image\" \/>\n<meta name=\"twitter:label1\" content=\"Est. tempo de leitura\" \/>\n\t<meta name=\"twitter:data1\" content=\"2 minutos\" \/>\n<script type=\"application\/ld+json\" class=\"yoast-schema-graph\">{\"@context\":\"https:\/\/schema.org\",\"@graph\":[{\"@type\":\"WebPage\",\"@id\":\"https:\/\/deputadotaveirajr.com.br\/index.php\/projeto-de-lei-que-cria-loteria-estadual-e-aprovado-na-alrn\/\",\"url\":\"https:\/\/deputadotaveirajr.com.br\/index.php\/projeto-de-lei-que-cria-loteria-estadual-e-aprovado-na-alrn\/\",\"name\":\"Projeto de lei que cria loteria estadual \u00e9 aprovado na ALRN - Taveira Jr\",\"isPartOf\":{\"@id\":\"https:\/\/deputadotaveirajr.com.br\/#website\"},\"primaryImageOfPage\":{\"@id\":\"https:\/\/deputadotaveirajr.com.br\/index.php\/projeto-de-lei-que-cria-loteria-estadual-e-aprovado-na-alrn\/#primaryimage\"},\"image\":{\"@id\":\"https:\/\/deputadotaveirajr.com.br\/index.php\/projeto-de-lei-que-cria-loteria-estadual-e-aprovado-na-alrn\/#primaryimage\"},\"thumbnailUrl\":\"https:\/\/deputadotaveirajr.com.br\/wp-content\/uploads\/2025\/06\/alrn-pHemyb.jpg\",\"datePublished\":\"2025-06-03T20:47:06+00:00\",\"breadcrumb\":{\"@id\":\"https:\/\/deputadotaveirajr.com.br\/index.php\/projeto-de-lei-que-cria-loteria-estadual-e-aprovado-na-alrn\/#breadcrumb\"},\"inLanguage\":\"pt-BR\",\"potentialAction\":[{\"@type\":\"ReadAction\",\"target\":[\"https:\/\/deputadotaveirajr.com.br\/index.php\/projeto-de-lei-que-cria-loteria-estadual-e-aprovado-na-alrn\/\"]}]},{\"@type\":\"ImageObject\",\"inLanguage\":\"pt-BR\",\"@id\":\"https:\/\/deputadotaveirajr.com.br\/index.php\/projeto-de-lei-que-cria-loteria-estadual-e-aprovado-na-alrn\/#primaryimage\",\"url\":\"https:\/\/deputadotaveirajr.com.br\/wp-content\/uploads\/2025\/06\/alrn-pHemyb.jpg\",\"contentUrl\":\"https:\/\/deputadotaveirajr.com.br\/wp-content\/uploads\/2025\/06\/alrn-pHemyb.jpg\",\"width\":1280,\"height\":853},{\"@type\":\"BreadcrumbList\",\"@id\":\"https:\/\/deputadotaveirajr.com.br\/index.php\/projeto-de-lei-que-cria-loteria-estadual-e-aprovado-na-alrn\/#breadcrumb\",\"itemListElement\":[{\"@type\":\"ListItem\",\"position\":1,\"name\":\"In\u00edcio\",\"item\":\"https:\/\/deputadotaveirajr.com.br\/\"},{\"@type\":\"ListItem\",\"position\":2,\"name\":\"Projeto de lei que cria loteria estadual \u00e9 aprovado na ALRN\"}]},{\"@type\":\"WebSite\",\"@id\":\"https:\/\/deputadotaveirajr.com.br\/#website\",\"url\":\"https:\/\/deputadotaveirajr.com.br\/\",\"name\":\"Taveira Jr\",\"description\":\"Deputado Estadual\",\"publisher\":{\"@id\":\"https:\/\/deputadotaveirajr.com.br\/#organization\"},\"potentialAction\":[{\"@type\":\"SearchAction\",\"target\":{\"@type\":\"EntryPoint\",\"urlTemplate\":\"https:\/\/deputadotaveirajr.com.br\/?s={search_term_string}\"},\"query-input\":{\"@type\":\"PropertyValueSpecification\",\"valueRequired\":true,\"valueName\":\"search_term_string\"}}],\"inLanguage\":\"pt-BR\"},{\"@type\":\"Organization\",\"@id\":\"https:\/\/deputadotaveirajr.com.br\/#organization\",\"name\":\"Taveira Jr\",\"url\":\"https:\/\/deputadotaveirajr.com.br\/\",\"logo\":{\"@type\":\"ImageObject\",\"inLanguage\":\"pt-BR\",\"@id\":\"https:\/\/deputadotaveirajr.com.br\/#\/schema\/logo\/image\/\",\"url\":\"https:\/\/deputadotaveirajr.com.br\/wp-content\/uploads\/2026\/01\/logolow2a.png\",\"contentUrl\":\"https:\/\/deputadotaveirajr.com.br\/wp-content\/uploads\/2026\/01\/logolow2a.png\",\"width\":290,\"height\":80,\"caption\":\"Taveira Jr\"},\"image\":{\"@id\":\"https:\/\/deputadotaveirajr.com.br\/#\/schema\/logo\/image\/\"}}]}<\/script>\n<!-- \/ Yoast SEO plugin. -->","yoast_head_json":{"title":"Projeto de lei que cria loteria estadual \u00e9 aprovado na ALRN - Taveira Jr","robots":{"index":"index","follow":"follow","max-snippet":"max-snippet:-1","max-image-preview":"max-image-preview:large","max-video-preview":"max-video-preview:-1"},"canonical":"https:\/\/deputadotaveirajr.com.br\/index.php\/projeto-de-lei-que-cria-loteria-estadual-e-aprovado-na-alrn\/","og_locale":"pt_BR","og_type":"article","og_title":"Projeto de lei que cria loteria estadual \u00e9 aprovado na ALRN - Taveira Jr","og_description":"Governo do RN prev\u00ea arreca\u00e7\u00e3o anual de at\u00e9 R$ 25 milh\u00f5es, com recursos que ser\u00e3o destinados a \u00e1reas como seguran\u00e7a p\u00fablica, sa\u00fade e habita\u00e7\u00e3o. ALRN aprova projeto de criac\u0327a\u0303o de ...","og_url":"https:\/\/deputadotaveirajr.com.br\/index.php\/projeto-de-lei-que-cria-loteria-estadual-e-aprovado-na-alrn\/","og_site_name":"Taveira Jr","og_image":[{"url":"https:\/\/s2-g1.glbimg.com\/GNxv9hgLys6q9FuZZjL2eqvzSh0=\/i.s3.glbimg.com\/v1\/AUTH_59edd422c0c84a879bd37670ae4f538a\/internal_photos\/bs\/2025\/Y\/J\/D9VVczQ96wldAXezuvLg\/alrn.jpg","type":"","width":"","height":""}],"twitter_card":"summary_large_image","twitter_misc":{"Est. tempo de leitura":"2 minutos"},"schema":{"@context":"https:\/\/schema.org","@graph":[{"@type":"WebPage","@id":"https:\/\/deputadotaveirajr.com.br\/index.php\/projeto-de-lei-que-cria-loteria-estadual-e-aprovado-na-alrn\/","url":"https:\/\/deputadotaveirajr.com.br\/index.php\/projeto-de-lei-que-cria-loteria-estadual-e-aprovado-na-alrn\/","name":"Projeto de lei que cria loteria estadual \u00e9 aprovado na ALRN - Taveira Jr","isPartOf":{"@id":"https:\/\/deputadotaveirajr.com.br\/#website"},"primaryImageOfPage":{"@id":"https:\/\/deputadotaveirajr.com.br\/index.php\/projeto-de-lei-que-cria-loteria-estadual-e-aprovado-na-alrn\/#primaryimage"},"image":{"@id":"https:\/\/deputadotaveirajr.com.br\/index.php\/projeto-de-lei-que-cria-loteria-estadual-e-aprovado-na-alrn\/#primaryimage"},"thumbnailUrl":"https:\/\/deputadotaveirajr.com.br\/wp-content\/uploads\/2025\/06\/alrn-pHemyb.jpg","datePublished":"2025-06-03T20:47:06+00:00","breadcrumb":{"@id":"https:\/\/deputadotaveirajr.com.br\/index.php\/projeto-de-lei-que-cria-loteria-estadual-e-aprovado-na-alrn\/#breadcrumb"},"inLanguage":"pt-BR","potentialAction":[{"@type":"ReadAction","target":["https:\/\/deputadotaveirajr.com.br\/index.php\/projeto-de-lei-que-cria-loteria-estadual-e-aprovado-na-alrn\/"]}]},{"@type":"ImageObject","inLanguage":"pt-BR","@id":"https:\/\/deputadotaveirajr.com.br\/index.php\/projeto-de-lei-que-cria-loteria-estadual-e-aprovado-na-alrn\/#primaryimage","url":"https:\/\/deputadotaveirajr.com.br\/wp-content\/uploads\/2025\/06\/alrn-pHemyb.jpg","contentUrl":"https:\/\/deputadotaveirajr.com.br\/wp-content\/uploads\/2025\/06\/alrn-pHemyb.jpg","width":1280,"height":853},{"@type":"BreadcrumbList","@id":"https:\/\/deputadotaveirajr.com.br\/index.php\/projeto-de-lei-que-cria-loteria-estadual-e-aprovado-na-alrn\/#breadcrumb","itemListElement":[{"@type":"ListItem","position":1,"name":"In\u00edcio","item":"https:\/\/deputadotaveirajr.com.br\/"},{"@type":"ListItem","position":2,"name":"Projeto de lei que cria loteria estadual \u00e9 aprovado na ALRN"}]},{"@type":"WebSite","@id":"https:\/\/deputadotaveirajr.com.br\/#website","url":"https:\/\/deputadotaveirajr.com.br\/","name":"Taveira Jr","description":"Deputado Estadual","publisher":{"@id":"https:\/\/deputadotaveirajr.com.br\/#organization"},"potentialAction":[{"@type":"SearchAction","target":{"@type":"EntryPoint","urlTemplate":"https:\/\/deputadotaveirajr.com.br\/?s={search_term_string}"},"query-input":{"@type":"PropertyValueSpecification","valueRequired":true,"valueName":"search_term_string"}}],"inLanguage":"pt-BR"},{"@type":"Organization","@id":"https:\/\/deputadotaveirajr.com.br\/#organization","name":"Taveira Jr","url":"https:\/\/deputadotaveirajr.com.br\/","logo":{"@type":"ImageObject","inLanguage":"pt-BR","@id":"https:\/\/deputadotaveirajr.com.br\/#\/schema\/logo\/image\/","url":"https:\/\/deputadotaveirajr.com.br\/wp-content\/uploads\/2026\/01\/logolow2a.png","contentUrl":"https:\/\/deputadotaveirajr.com.br\/wp-content\/uploads\/2026\/01\/logolow2a.png","width":290,"height":80,"caption":"Taveira Jr"},"image":{"@id":"https:\/\/deputadotaveirajr.com.br\/#\/schema\/logo\/image\/"}}]}},"_links":{"self":[{"href":"https:\/\/deputadotaveirajr.com.br\/index.php\/wp-json\/wp\/v2\/pages\/13141","targetHints":{"allow":["GET"]}}],"collection":[{"href":"https:\/\/deputadotaveirajr.com.br\/index.php\/wp-json\/wp\/v2\/pages"}],"about":[{"href":"https:\/\/deputadotaveirajr.com.br\/index.php\/wp-json\/wp\/v2\/types\/page"}],"replies":[{"embeddable":true,"href":"https:\/\/deputadotaveirajr.com.br\/index.php\/wp-json\/wp\/v2\/comments?post=13141"}],"version-history":[{"count":0,"href":"https:\/\/deputadotaveirajr.com.br\/index.php\/wp-json\/wp\/v2\/pages\/13141\/revisions"}],"wp:featuredmedia":[{"embeddable":true,"href":"https:\/\/deputadotaveirajr.com.br\/index.php\/wp-json\/wp\/v2\/media\/13142"}],"wp:attachment":[{"href":"https:\/\/deputadotaveirajr.com.br\/index.php\/wp-json\/wp\/v2\/media?parent=13141"}],"curies":[{"name":"wp","href":"https:\/\/api.w.org\/{rel}","templated":true}]}}