{"id":13147,"date":"2025-06-03T13:49:36","date_gmt":"2025-06-03T16:49:36","guid":{"rendered":"https:\/\/deputadotaveirajr.com.br\/index.php\/prefeitura-de-natal-e-condenada-a-pagar-indenizacao-de-r-200-mil-por-danos-morais-em-caso-de-assedio-eleitoral\/"},"modified":"2025-06-03T13:49:36","modified_gmt":"2025-06-03T16:49:36","slug":"prefeitura-de-natal-e-condenada-a-pagar-indenizacao-de-r-200-mil-por-danos-morais-em-caso-de-assedio-eleitoral","status":"publish","type":"page","link":"https:\/\/deputadotaveirajr.com.br\/index.php\/prefeitura-de-natal-e-condenada-a-pagar-indenizacao-de-r-200-mil-por-danos-morais-em-caso-de-assedio-eleitoral\/","title":{"rendered":"Prefeitura de Natal \u00e9 condenada a pagar indeniza\u00e7\u00e3o de R$ 200 mil por danos morais em caso de ass\u00e9dio eleitoral"},"content":{"rendered":"<p><img decoding=\"async\" src=\"https:\/\/s2-g1.glbimg.com\/QXe-DdmeoBatzBKwePxmIeaER_k=\/i.s3.glbimg.com\/v1\/AUTH_59edd422c0c84a879bd37670ae4f538a\/internal_photos\/bs\/2024\/Z\/O\/cA5MExTNWQn79FpmAFEA\/whatsapp-image-2024-12-31-at-16.16.50.jpeg\" \/><br \/>     A\u00e7\u00e3o aberta pelo Minist\u00e9rio P\u00fablico do Trabalho ap\u00f3s constata\u00e7\u00e3o de ass\u00e9dio eleitoral envolvendo \u00f3rg\u00e3os municipais no pleito de 2024.  Pal\u00e1cio Felipe Camar\u00e3o, sede da Prefeitura de Natal<br \/>\nS\u00e9rgio Henrique Santos\/Inter TV Cabugi<br \/>\nA Justi\u00e7a do Trabalho do Rio Grande do Norte determinou que a Prefeitura de Natal pague indeniza\u00e7\u00e3o por danos morais coletivos pela pr\u00e1tica de ass\u00e9dio eleitoral nas elei\u00e7\u00f5es de 2024. O munic\u00edpio dever\u00e1 repassar R$ 200 mil ao Fundo de Amparo ao Trabalhador. A prefeitura informou que vai recorrer da decis\u00e3o.<br \/>\nA a\u00e7\u00e3o tramita na 10\u00aa Vara do Trabalho (TRT21) e foi aberta pelo Minist\u00e9rio P\u00fablico do Trabalho ap\u00f3s uma investiga\u00e7\u00e3o que constatou uma s\u00e9rie de atos ilegais envolvendo a coa\u00e7\u00e3o de trabalhadores a votar em um candidato \u00e0 Prefeitura de Natal, sob amea\u00e7a de demiss\u00e3o ou outras formas de retalia\u00e7\u00f5es.<br \/>\n\ud83d\udcf3Participe do canal do g1 RN no WhatsApp<br \/>\nSegundo a den\u00fancia, a pr\u00e1tica de ass\u00e9dio eleitoral envolveu v\u00e1rios \u00f3rg\u00e3os municipais, como a Secretaria de Educa\u00e7\u00e3o, Secretaria de Sa\u00fade e Arsban \u2013 Ag\u00eancia Reguladora de Servi\u00e7os de Saneamento B\u00e1sico do Munic\u00edpio de Natal.<br \/>\nEm sua defesa, o munic\u00edpio argumentou que os atos investigados foram praticados por agentes p\u00fablicos em interesse pr\u00f3prio e sem anu\u00eancia do Poder P\u00fablico Municipal.<br \/>\nNo entanto, na senten\u00e7a, a ju\u00edza Sym\u00e9ia da Rocha concordou com os argumentos do MPT-RN ao registrar que \u201ca renomea\u00e7\u00e3o de servidor exonerado por pr\u00e1ticas de ass\u00e9dio eleitoral, al\u00e9m de afastar a alega\u00e7\u00e3o de autonomia, demonstra a anu\u00eancia da administra\u00e7\u00e3o municipal\u201d.<br \/>\nProcurada, a Prefeitura de Natal n\u00e3o se manifestou sobre a decis\u00e3o at\u00e9 a \u00faltima atualiza\u00e7\u00e3o desta reportagem.<br \/>\nLEIA MAIS<br \/>\nJusti\u00e7a pro\u00edbe ass\u00e9dio eleitoral em \u00f3rg\u00e3os e secretarias da prefeitura de Natal ap\u00f3s den\u00fancias de servidores<br \/>\nDiretor de \u00f3rg\u00e3o da prefeitura de Natal \u00e9 exonerado ap\u00f3s den\u00fancia de ass\u00e9dio eleitoral<br \/>\nDiretor de \u00f3rg\u00e3o da prefeitura de Natal exonerado ap\u00f3s den\u00fancia de ass\u00e9dio eleitoral \u00e9 renomeado para cargo<br \/>\n\u201cNossa preocupa\u00e7\u00e3o \u00e9 que seja garantido o direito de liberdade de voto e de livre manifesta\u00e7\u00e3o aos trabalhadores, em qualquer tipo de processo eleitoral\u201d, afirmou o procurador Gleydson Gadelha ap\u00f3s a nova decis\u00e3o.<br \/>\n\u201cA imposi\u00e7\u00e3o do pagamento pelo munic\u00edpio dos danos morais serve como exemplo para gestores de que n\u00e3o h\u00e1 espa\u00e7o para o uso da m\u00e1quina p\u00fablica para pressionar trabalhadores, sejam servidores, comissionados ou terceirizados\u201d, disse a procuradora Lilian Vilar.<br \/>\nA Justi\u00e7a havia proferido uma decis\u00e3o liminar favor\u00e1vel ao pedido do MPT, em outubro de 2024, que determinava o cumprimento de diversos itens para assegurar o exerc\u00edcio livre do voto e acabar tipo de ass\u00e9dio por parte dos gestores municipais no per\u00edodo das elei\u00e7\u00f5es em Natal.<br \/>\nA decis\u00e3o, que ainda cabe recurso, foi publicada em 26 de maio.<br \/>\nJusti\u00e7a tem nova ferramenta para agilizar julgamento de processo de ass\u00e9dio eleitoral<br \/>\nPrefeito, ex-prefeito e vice denunciados<br \/>\nAl\u00e9m da a\u00e7\u00e3o na Justi\u00e7a do Trabalho, o uso indevido da m\u00e1quina p\u00fablica municipal nas elei\u00e7\u00f5es de 2024 \u00e9 investigado em uma a\u00e7\u00e3o aberta na Justi\u00e7a comum, em fevereiro, pelo Minist\u00e9rio P\u00fablico do Rio Grande do Norte.<br \/>\nO \u00f3rg\u00e3o denunciou o prefeito de Natal, Paulinho Freire (Uni\u00e3o Brasil), a vice Joanna Guerra, o ex-prefeito \u00c1lvaro Dias e os vereadores Daniel Rendall e Irapo\u00e3 N\u00f3brega (todos estes do Republicanos) por abuso de poder pol\u00edtico.<br \/>\nA a\u00e7\u00e3o pede a cassa\u00e7\u00e3o dos diplomas do atual prefeito, da vice-prefeita e dos vereadores eleitos, al\u00e9m de inelegibilidade de todos e do ex-prefeito pelo per\u00edodo de oito anos.<br \/>\nOs citados disseram que n\u00e3o h\u00e1 provas ou ind\u00edcios do cometimento de ilegalidades no processo. Veja o posicionamento de todos eles aqui.<br \/>\nListas de presen\u00e7as em eventos pol\u00edticos assinadas por servidores terceirizados, \u00e1udios de whatsapp ou at\u00e9 mesmo gravados em reuni\u00f5es, demiss\u00f5es de trabalhadores e depoimentos de testemunhas foram usados como provas.<br \/>\nO Minist\u00e9rio P\u00fablico tamb\u00e9m apresentou \u00e0 Justi\u00e7a documentos apreendidos na sede do partido Republicanos, que comprovariam a presta\u00e7\u00e3o de servi\u00e7os p\u00fablicos e contrata\u00e7\u00e3o de pessoas para as secretarias municipais de acordo com interesse eleitoral.<br \/>\nNa den\u00fancia, o MP aponta ind\u00edcios de que servidores comissionados e terceirizados foram cooptados para apoiar os candidatos a vereador Daniell Rendall e Irapo\u00e3 N\u00f3brega, al\u00e9m do ent\u00e3o candidato a prefeito, Paulinho Freire, e da candidata a vice-prefeita, Joanna de Oliveira Guerra.<br \/>\nVeja os v\u00eddeos mais assistidos no g1 RN<\/p>","protected":false},"excerpt":{"rendered":"<p>A\u00e7\u00e3o aberta pelo Minist\u00e9rio P\u00fablico do Trabalho ap\u00f3s constata\u00e7\u00e3o de ass\u00e9dio eleitoral envolvendo \u00f3rg\u00e3os municipais no pleito de 2024. Pal\u00e1cio Felipe Camar\u00e3o, sede da Prefeitura de Natal S\u00e9rgio Henrique Santos\/Inter &#8230;<\/p>\n","protected":false},"author":0,"featured_media":13148,"parent":0,"menu_order":0,"comment_status":"closed","ping_status":"closed","template":"","meta":{"footnotes":""},"class_list":["post-13147","page","type-page","status-publish","has-post-thumbnail","hentry"],"yoast_head":"<!-- This site is optimized with the Yoast SEO plugin v27.1.1 - https:\/\/yoast.com\/product\/yoast-seo-wordpress\/ -->\n<title>Prefeitura de Natal \u00e9 condenada a pagar indeniza\u00e7\u00e3o de R$ 200 mil por danos morais em caso de ass\u00e9dio eleitoral - Taveira Jr<\/title>\n<meta name=\"robots\" content=\"index, follow, max-snippet:-1, max-image-preview:large, max-video-preview:-1\" \/>\n<link rel=\"canonical\" href=\"https:\/\/deputadotaveirajr.com.br\/index.php\/prefeitura-de-natal-e-condenada-a-pagar-indenizacao-de-r-200-mil-por-danos-morais-em-caso-de-assedio-eleitoral\/\" \/>\n<meta property=\"og:locale\" content=\"pt_BR\" \/>\n<meta property=\"og:type\" content=\"article\" \/>\n<meta property=\"og:title\" content=\"Prefeitura de Natal \u00e9 condenada a pagar indeniza\u00e7\u00e3o de R$ 200 mil por danos morais em caso de ass\u00e9dio eleitoral - Taveira Jr\" \/>\n<meta property=\"og:description\" content=\"A\u00e7\u00e3o aberta pelo Minist\u00e9rio P\u00fablico do Trabalho ap\u00f3s constata\u00e7\u00e3o de ass\u00e9dio eleitoral envolvendo \u00f3rg\u00e3os municipais no pleito de 2024. Pal\u00e1cio Felipe Camar\u00e3o, sede da Prefeitura de Natal S\u00e9rgio Henrique Santos\/Inter ...\" \/>\n<meta property=\"og:url\" content=\"https:\/\/deputadotaveirajr.com.br\/index.php\/prefeitura-de-natal-e-condenada-a-pagar-indenizacao-de-r-200-mil-por-danos-morais-em-caso-de-assedio-eleitoral\/\" \/>\n<meta property=\"og:site_name\" content=\"Taveira Jr\" \/>\n<meta property=\"og:image\" content=\"https:\/\/s2-g1.glbimg.com\/QXe-DdmeoBatzBKwePxmIeaER_k=\/i.s3.glbimg.com\/v1\/AUTH_59edd422c0c84a879bd37670ae4f538a\/internal_photos\/bs\/2024\/Z\/O\/cA5MExTNWQn79FpmAFEA\/whatsapp-image-2024-12-31-at-16.16.50.jpeg\" \/>\n<meta name=\"twitter:card\" content=\"summary_large_image\" \/>\n<meta name=\"twitter:label1\" content=\"Est. tempo de leitura\" \/>\n\t<meta name=\"twitter:data1\" content=\"4 minutos\" \/>\n<script type=\"application\/ld+json\" class=\"yoast-schema-graph\">{\"@context\":\"https:\/\/schema.org\",\"@graph\":[{\"@type\":\"WebPage\",\"@id\":\"https:\/\/deputadotaveirajr.com.br\/index.php\/prefeitura-de-natal-e-condenada-a-pagar-indenizacao-de-r-200-mil-por-danos-morais-em-caso-de-assedio-eleitoral\/\",\"url\":\"https:\/\/deputadotaveirajr.com.br\/index.php\/prefeitura-de-natal-e-condenada-a-pagar-indenizacao-de-r-200-mil-por-danos-morais-em-caso-de-assedio-eleitoral\/\",\"name\":\"Prefeitura de Natal \u00e9 condenada a pagar indeniza\u00e7\u00e3o de R$ 200 mil por danos morais em caso de ass\u00e9dio eleitoral - Taveira Jr\",\"isPartOf\":{\"@id\":\"https:\/\/deputadotaveirajr.com.br\/#website\"},\"primaryImageOfPage\":{\"@id\":\"https:\/\/deputadotaveirajr.com.br\/index.php\/prefeitura-de-natal-e-condenada-a-pagar-indenizacao-de-r-200-mil-por-danos-morais-em-caso-de-assedio-eleitoral\/#primaryimage\"},\"image\":{\"@id\":\"https:\/\/deputadotaveirajr.com.br\/index.php\/prefeitura-de-natal-e-condenada-a-pagar-indenizacao-de-r-200-mil-por-danos-morais-em-caso-de-assedio-eleitoral\/#primaryimage\"},\"thumbnailUrl\":\"https:\/\/deputadotaveirajr.com.br\/wp-content\/uploads\/2025\/06\/whatsapp-image-2024-12-31-at-16.16.50-RUwjpq-scaled.jpg\",\"datePublished\":\"2025-06-03T16:49:36+00:00\",\"breadcrumb\":{\"@id\":\"https:\/\/deputadotaveirajr.com.br\/index.php\/prefeitura-de-natal-e-condenada-a-pagar-indenizacao-de-r-200-mil-por-danos-morais-em-caso-de-assedio-eleitoral\/#breadcrumb\"},\"inLanguage\":\"pt-BR\",\"potentialAction\":[{\"@type\":\"ReadAction\",\"target\":[\"https:\/\/deputadotaveirajr.com.br\/index.php\/prefeitura-de-natal-e-condenada-a-pagar-indenizacao-de-r-200-mil-por-danos-morais-em-caso-de-assedio-eleitoral\/\"]}]},{\"@type\":\"ImageObject\",\"inLanguage\":\"pt-BR\",\"@id\":\"https:\/\/deputadotaveirajr.com.br\/index.php\/prefeitura-de-natal-e-condenada-a-pagar-indenizacao-de-r-200-mil-por-danos-morais-em-caso-de-assedio-eleitoral\/#primaryimage\",\"url\":\"https:\/\/deputadotaveirajr.com.br\/wp-content\/uploads\/2025\/06\/whatsapp-image-2024-12-31-at-16.16.50-RUwjpq-scaled.jpg\",\"contentUrl\":\"https:\/\/deputadotaveirajr.com.br\/wp-content\/uploads\/2025\/06\/whatsapp-image-2024-12-31-at-16.16.50-RUwjpq-scaled.jpg\",\"width\":2560,\"height\":1920},{\"@type\":\"BreadcrumbList\",\"@id\":\"https:\/\/deputadotaveirajr.com.br\/index.php\/prefeitura-de-natal-e-condenada-a-pagar-indenizacao-de-r-200-mil-por-danos-morais-em-caso-de-assedio-eleitoral\/#breadcrumb\",\"itemListElement\":[{\"@type\":\"ListItem\",\"position\":1,\"name\":\"In\u00edcio\",\"item\":\"https:\/\/deputadotaveirajr.com.br\/\"},{\"@type\":\"ListItem\",\"position\":2,\"name\":\"Prefeitura de Natal \u00e9 condenada a pagar indeniza\u00e7\u00e3o de R$ 200 mil por danos morais em caso de ass\u00e9dio eleitoral\"}]},{\"@type\":\"WebSite\",\"@id\":\"https:\/\/deputadotaveirajr.com.br\/#website\",\"url\":\"https:\/\/deputadotaveirajr.com.br\/\",\"name\":\"Taveira Jr\",\"description\":\"Deputado Estadual\",\"publisher\":{\"@id\":\"https:\/\/deputadotaveirajr.com.br\/#organization\"},\"potentialAction\":[{\"@type\":\"SearchAction\",\"target\":{\"@type\":\"EntryPoint\",\"urlTemplate\":\"https:\/\/deputadotaveirajr.com.br\/?s={search_term_string}\"},\"query-input\":{\"@type\":\"PropertyValueSpecification\",\"valueRequired\":true,\"valueName\":\"search_term_string\"}}],\"inLanguage\":\"pt-BR\"},{\"@type\":\"Organization\",\"@id\":\"https:\/\/deputadotaveirajr.com.br\/#organization\",\"name\":\"Taveira Jr\",\"url\":\"https:\/\/deputadotaveirajr.com.br\/\",\"logo\":{\"@type\":\"ImageObject\",\"inLanguage\":\"pt-BR\",\"@id\":\"https:\/\/deputadotaveirajr.com.br\/#\/schema\/logo\/image\/\",\"url\":\"https:\/\/deputadotaveirajr.com.br\/wp-content\/uploads\/2026\/01\/logolow2a.png\",\"contentUrl\":\"https:\/\/deputadotaveirajr.com.br\/wp-content\/uploads\/2026\/01\/logolow2a.png\",\"width\":290,\"height\":80,\"caption\":\"Taveira Jr\"},\"image\":{\"@id\":\"https:\/\/deputadotaveirajr.com.br\/#\/schema\/logo\/image\/\"}}]}<\/script>\n<!-- \/ Yoast SEO plugin. -->","yoast_head_json":{"title":"Prefeitura de Natal \u00e9 condenada a pagar indeniza\u00e7\u00e3o de R$ 200 mil por danos morais em caso de ass\u00e9dio eleitoral - Taveira Jr","robots":{"index":"index","follow":"follow","max-snippet":"max-snippet:-1","max-image-preview":"max-image-preview:large","max-video-preview":"max-video-preview:-1"},"canonical":"https:\/\/deputadotaveirajr.com.br\/index.php\/prefeitura-de-natal-e-condenada-a-pagar-indenizacao-de-r-200-mil-por-danos-morais-em-caso-de-assedio-eleitoral\/","og_locale":"pt_BR","og_type":"article","og_title":"Prefeitura de Natal \u00e9 condenada a pagar indeniza\u00e7\u00e3o de R$ 200 mil por danos morais em caso de ass\u00e9dio eleitoral - Taveira Jr","og_description":"A\u00e7\u00e3o aberta pelo Minist\u00e9rio P\u00fablico do Trabalho ap\u00f3s constata\u00e7\u00e3o de ass\u00e9dio eleitoral envolvendo \u00f3rg\u00e3os municipais no pleito de 2024. Pal\u00e1cio Felipe Camar\u00e3o, sede da Prefeitura de Natal S\u00e9rgio Henrique Santos\/Inter ...","og_url":"https:\/\/deputadotaveirajr.com.br\/index.php\/prefeitura-de-natal-e-condenada-a-pagar-indenizacao-de-r-200-mil-por-danos-morais-em-caso-de-assedio-eleitoral\/","og_site_name":"Taveira Jr","og_image":[{"url":"https:\/\/s2-g1.glbimg.com\/QXe-DdmeoBatzBKwePxmIeaER_k=\/i.s3.glbimg.com\/v1\/AUTH_59edd422c0c84a879bd37670ae4f538a\/internal_photos\/bs\/2024\/Z\/O\/cA5MExTNWQn79FpmAFEA\/whatsapp-image-2024-12-31-at-16.16.50.jpeg","type":"","width":"","height":""}],"twitter_card":"summary_large_image","twitter_misc":{"Est. tempo de leitura":"4 minutos"},"schema":{"@context":"https:\/\/schema.org","@graph":[{"@type":"WebPage","@id":"https:\/\/deputadotaveirajr.com.br\/index.php\/prefeitura-de-natal-e-condenada-a-pagar-indenizacao-de-r-200-mil-por-danos-morais-em-caso-de-assedio-eleitoral\/","url":"https:\/\/deputadotaveirajr.com.br\/index.php\/prefeitura-de-natal-e-condenada-a-pagar-indenizacao-de-r-200-mil-por-danos-morais-em-caso-de-assedio-eleitoral\/","name":"Prefeitura de Natal \u00e9 condenada a pagar indeniza\u00e7\u00e3o de R$ 200 mil por danos morais em caso de ass\u00e9dio eleitoral - Taveira Jr","isPartOf":{"@id":"https:\/\/deputadotaveirajr.com.br\/#website"},"primaryImageOfPage":{"@id":"https:\/\/deputadotaveirajr.com.br\/index.php\/prefeitura-de-natal-e-condenada-a-pagar-indenizacao-de-r-200-mil-por-danos-morais-em-caso-de-assedio-eleitoral\/#primaryimage"},"image":{"@id":"https:\/\/deputadotaveirajr.com.br\/index.php\/prefeitura-de-natal-e-condenada-a-pagar-indenizacao-de-r-200-mil-por-danos-morais-em-caso-de-assedio-eleitoral\/#primaryimage"},"thumbnailUrl":"https:\/\/deputadotaveirajr.com.br\/wp-content\/uploads\/2025\/06\/whatsapp-image-2024-12-31-at-16.16.50-RUwjpq-scaled.jpg","datePublished":"2025-06-03T16:49:36+00:00","breadcrumb":{"@id":"https:\/\/deputadotaveirajr.com.br\/index.php\/prefeitura-de-natal-e-condenada-a-pagar-indenizacao-de-r-200-mil-por-danos-morais-em-caso-de-assedio-eleitoral\/#breadcrumb"},"inLanguage":"pt-BR","potentialAction":[{"@type":"ReadAction","target":["https:\/\/deputadotaveirajr.com.br\/index.php\/prefeitura-de-natal-e-condenada-a-pagar-indenizacao-de-r-200-mil-por-danos-morais-em-caso-de-assedio-eleitoral\/"]}]},{"@type":"ImageObject","inLanguage":"pt-BR","@id":"https:\/\/deputadotaveirajr.com.br\/index.php\/prefeitura-de-natal-e-condenada-a-pagar-indenizacao-de-r-200-mil-por-danos-morais-em-caso-de-assedio-eleitoral\/#primaryimage","url":"https:\/\/deputadotaveirajr.com.br\/wp-content\/uploads\/2025\/06\/whatsapp-image-2024-12-31-at-16.16.50-RUwjpq-scaled.jpg","contentUrl":"https:\/\/deputadotaveirajr.com.br\/wp-content\/uploads\/2025\/06\/whatsapp-image-2024-12-31-at-16.16.50-RUwjpq-scaled.jpg","width":2560,"height":1920},{"@type":"BreadcrumbList","@id":"https:\/\/deputadotaveirajr.com.br\/index.php\/prefeitura-de-natal-e-condenada-a-pagar-indenizacao-de-r-200-mil-por-danos-morais-em-caso-de-assedio-eleitoral\/#breadcrumb","itemListElement":[{"@type":"ListItem","position":1,"name":"In\u00edcio","item":"https:\/\/deputadotaveirajr.com.br\/"},{"@type":"ListItem","position":2,"name":"Prefeitura de Natal \u00e9 condenada a pagar indeniza\u00e7\u00e3o de R$ 200 mil por danos morais em caso de ass\u00e9dio eleitoral"}]},{"@type":"WebSite","@id":"https:\/\/deputadotaveirajr.com.br\/#website","url":"https:\/\/deputadotaveirajr.com.br\/","name":"Taveira Jr","description":"Deputado Estadual","publisher":{"@id":"https:\/\/deputadotaveirajr.com.br\/#organization"},"potentialAction":[{"@type":"SearchAction","target":{"@type":"EntryPoint","urlTemplate":"https:\/\/deputadotaveirajr.com.br\/?s={search_term_string}"},"query-input":{"@type":"PropertyValueSpecification","valueRequired":true,"valueName":"search_term_string"}}],"inLanguage":"pt-BR"},{"@type":"Organization","@id":"https:\/\/deputadotaveirajr.com.br\/#organization","name":"Taveira Jr","url":"https:\/\/deputadotaveirajr.com.br\/","logo":{"@type":"ImageObject","inLanguage":"pt-BR","@id":"https:\/\/deputadotaveirajr.com.br\/#\/schema\/logo\/image\/","url":"https:\/\/deputadotaveirajr.com.br\/wp-content\/uploads\/2026\/01\/logolow2a.png","contentUrl":"https:\/\/deputadotaveirajr.com.br\/wp-content\/uploads\/2026\/01\/logolow2a.png","width":290,"height":80,"caption":"Taveira Jr"},"image":{"@id":"https:\/\/deputadotaveirajr.com.br\/#\/schema\/logo\/image\/"}}]}},"_links":{"self":[{"href":"https:\/\/deputadotaveirajr.com.br\/index.php\/wp-json\/wp\/v2\/pages\/13147","targetHints":{"allow":["GET"]}}],"collection":[{"href":"https:\/\/deputadotaveirajr.com.br\/index.php\/wp-json\/wp\/v2\/pages"}],"about":[{"href":"https:\/\/deputadotaveirajr.com.br\/index.php\/wp-json\/wp\/v2\/types\/page"}],"replies":[{"embeddable":true,"href":"https:\/\/deputadotaveirajr.com.br\/index.php\/wp-json\/wp\/v2\/comments?post=13147"}],"version-history":[{"count":0,"href":"https:\/\/deputadotaveirajr.com.br\/index.php\/wp-json\/wp\/v2\/pages\/13147\/revisions"}],"wp:featuredmedia":[{"embeddable":true,"href":"https:\/\/deputadotaveirajr.com.br\/index.php\/wp-json\/wp\/v2\/media\/13148"}],"wp:attachment":[{"href":"https:\/\/deputadotaveirajr.com.br\/index.php\/wp-json\/wp\/v2\/media?parent=13147"}],"curies":[{"name":"wp","href":"https:\/\/api.w.org\/{rel}","templated":true}]}}