{"id":13153,"date":"2025-06-06T18:41:06","date_gmt":"2025-06-06T21:41:06","guid":{"rendered":"https:\/\/deputadotaveirajr.com.br\/index.php\/conheca-o-pingo-da-mei-dia-tradicao-que-abre-o-mossoro-cidade-junina\/"},"modified":"2025-06-06T18:41:06","modified_gmt":"2025-06-06T21:41:06","slug":"conheca-o-pingo-da-mei-dia-tradicao-que-abre-o-mossoro-cidade-junina","status":"publish","type":"page","link":"https:\/\/deputadotaveirajr.com.br\/index.php\/conheca-o-pingo-da-mei-dia-tradicao-que-abre-o-mossoro-cidade-junina\/","title":{"rendered":"Conhe\u00e7a o Pingo da Mei Dia: tradi\u00e7\u00e3o que abre o Mossor\u00f3 Cidade Junina"},"content":{"rendered":"<p><img decoding=\"async\" src=\"https:\/\/s2-g1.glbimg.com\/KeNWN3yhF0Q83mnOW8Nl2QysCcs=\/i.s3.glbimg.com\/v1\/AUTH_59edd422c0c84a879bd37670ae4f538a\/internal_photos\/bs\/2024\/1\/a\/rw8elWSBiTFOqFa04h7Q\/pingo1.jpg\" \/><br \/>     Bloco junino arrasta multid\u00f5es pelas ruas de Mossor\u00f3, marca o in\u00edcio das festividades de junho e refor\u00e7a a identidade cultural da cidade. Pingo da Mei Dia em Mossor\u00f3 (Arquivo)<br \/>\nWilson Moreno\/Prefeitura de Mossor\u00f3<br \/>\nO Pingo da Mei Dia \u00e9 mais do que a abertura oficial do Mossor\u00f3 Cidade Junina. \u00c9 um momento esperado por moradores e visitantes que transforma as ruas da cidade do Oeste potiguar em um corredor de festa, cultura e identidade regional.<br \/>\nRealizado tradicionalmente no primeiro s\u00e1bado de junho, o evento j\u00e1 \u00e9 considerado um dos maiores blocos juninos do pa\u00eds.<br \/>\n\ud83d\udcf3Participe do canal do g1 RN no WhatsApp<br \/>\nA edi\u00e7\u00e3o de 2025 acontece neste s\u00e1bado, 7 de junho, a partir do meio-dia, no Corredor Cultural de Mossor\u00f3. A expectativa \u00e9 de que o evento re\u00fana cerca de 250 mil pessoas, segundo pesquisa realizada pela Universidade do Estado do Rio Grande do Norte (UERN) em parceria com a C\u00e2mara de Dirigentes Lojistas (CDL) .<br \/>\nCriado em 2009, o Pingo da Mei Dia mistura o formato dos trios el\u00e9tricos com o forr\u00f3 tradicional e arrasta uma multid\u00e3o a partir do meio-dia. Em 2024, o evento reuniu mais de 230 mil pessoas, segundo a prefeitura, com seis trios percorrendo o Corredor Cultural da cidade.<br \/>\nPara quem participa, o evento tem um valor simb\u00f3lico forte. O estudante de medicina Rodolfo Lobo, mossoroense, destaca que o Pingo sintetiza o que h\u00e1 de mais caracter\u00edstico na cultura local.<br \/>\nPingo da Mei Dia ser\u00e1 realizado neste sa\u0301bado (7) em Mossoro\u0301<br \/>\n&#8220;O Pingo representa um dos melhores momentos que a cultura mossoroense pode oferecer. Por ser a abertura oficial do Mossor\u00f3 Cidade Junina, ele traz um pouco de cada evento que est\u00e1 por vir&#8221;, disse.<br \/>\nO estudante tamb\u00e9m ressalta as express\u00f5es visuais do evento. &#8220;Durante a festa vemos um misto de arte, tanto musical, quanto visual. Tem trios com artistas de dentro e de fora, tocando forr\u00f3 e S\u00e3o Jo\u00e3o, e muita gente fantasiada de Lampi\u00e3o, Maria Bonita ou de matuto&#8221;.<br \/>\nEssa refer\u00eancia a figuras do canga\u00e7o tamb\u00e9m tem um sentido hist\u00f3rico. Em 1927, Mossor\u00f3 resistiu ao ataque do bando de Lampi\u00e3o, epis\u00f3dio que marca at\u00e9 hoje a identidade local.<br \/>\nRodolfo tamb\u00e9m conta que a escolha do nome refor\u00e7a o regionalismo da festa. \u201cA cultura mossoroense \u00e9 bem representada no Pingo. J\u00e1 come\u00e7ando pelo nome: \u2018pingo da mei dia\u2019. Uma frase bem reproduzida no popular interiorano do Alto Oeste potiguar\u201d, comenta.<br \/>\nPingo da Mei Dia 2025<br \/>\nA programa\u00e7\u00e3o do Pingo da Mei Dia 2025 conta com cerca de 15 atra\u00e7\u00f5es, incluindo artistas de renome nacional e regional. Entre os nomes confirmados est\u00e3o L\u00e9o Santana, Xand Avi\u00e3o, Felipe Amorim, Dan Ventura e a banda Grafith.<br \/>\nTamb\u00e9m se apresentam Forr\u00f3 com Ella, Nataly Vox, Forr\u00f3 dos 3, Alinne Reis, Giannini, Nilson Viana, Caroline Melo, Darlan Dias e Banda Inala.<br \/>\nOs trios el\u00e9tricos percorrer\u00e3o a avenida Rio Branco, transformando o Corredor Cultural em um verdadeiro palco a c\u00e9u aberto. A festa come\u00e7a ao meio-dia e se estende at\u00e9 a noite, proporcionando horas de m\u00fasica e anima\u00e7\u00e3o para o p\u00fablico.<br \/>\nPara a secret\u00e1ria de Cultura de Mossor\u00f3, Jana\u00edna Holanda, o evento \u00e9 mais do que uma festa, \u00e9 um reflexo do potencial cultural e econ\u00f4mico da cidade.<br \/>\n&#8220;\u00c9 um momento muito importante para o munic\u00edpio, para o Rio Grande do Norte. Todo mundo fica esperando esse momento. N\u00f3s estamos muito felizes em dar o pontap\u00e9 dessa festa que \u00e9 o Pingo, o maior bloco junino do Brasil e que se consolidou como uma das maiores do estado e do pa\u00eds&#8221;, afirma.<br \/>\nSegundo ela, a prepara\u00e7\u00e3o do evento envolve um planejamento cuidadoso. &#8220;Preparamos com todo carinho e seriedade a organiza\u00e7\u00e3o, desde a seguran\u00e7a at\u00e9 os detalhes de decora\u00e7\u00e3o. Teremos mais de seis trios animando o nosso Corredor Cultural e aquecendo a economia, o turismo e a nossa cultura local&#8221;, completa.<br \/>\nAl\u00e9m de ser uma manifesta\u00e7\u00e3o cultural, o Pingo movimenta diversos setores da cidade.<br \/>\n&#8220;A nossa expectativa \u00e9, mais uma vez, de recorde de p\u00fablico. E isso tem um reflexo direto na economia, no turismo e na valoriza\u00e7\u00e3o da nossa cultura&#8221;, refor\u00e7a Jana\u00edna Holanda.<br \/>\nVeja os v\u00eddeos mais assistidos do g1 RN<\/p>","protected":false},"excerpt":{"rendered":"<p>Bloco junino arrasta multid\u00f5es pelas ruas de Mossor\u00f3, marca o in\u00edcio das festividades de junho e refor\u00e7a a identidade cultural da cidade. Pingo da Mei Dia em Mossor\u00f3 (Arquivo) Wilson &#8230;<\/p>\n","protected":false},"author":0,"featured_media":13154,"parent":0,"menu_order":0,"comment_status":"closed","ping_status":"closed","template":"","meta":{"footnotes":""},"class_list":["post-13153","page","type-page","status-publish","has-post-thumbnail","hentry"],"yoast_head":"<!-- This site is optimized with the Yoast SEO plugin v27.1.1 - https:\/\/yoast.com\/product\/yoast-seo-wordpress\/ -->\n<title>Conhe\u00e7a o Pingo da Mei Dia: tradi\u00e7\u00e3o que abre o Mossor\u00f3 Cidade Junina - Taveira Jr<\/title>\n<meta name=\"robots\" content=\"index, follow, max-snippet:-1, max-image-preview:large, max-video-preview:-1\" \/>\n<link rel=\"canonical\" href=\"https:\/\/deputadotaveirajr.com.br\/index.php\/conheca-o-pingo-da-mei-dia-tradicao-que-abre-o-mossoro-cidade-junina\/\" \/>\n<meta property=\"og:locale\" content=\"pt_BR\" \/>\n<meta property=\"og:type\" content=\"article\" \/>\n<meta property=\"og:title\" content=\"Conhe\u00e7a o Pingo da Mei Dia: tradi\u00e7\u00e3o que abre o Mossor\u00f3 Cidade Junina - Taveira Jr\" \/>\n<meta property=\"og:description\" content=\"Bloco junino arrasta multid\u00f5es pelas ruas de Mossor\u00f3, marca o in\u00edcio das festividades de junho e refor\u00e7a a identidade cultural da cidade. Pingo da Mei Dia em Mossor\u00f3 (Arquivo) Wilson ...\" \/>\n<meta property=\"og:url\" content=\"https:\/\/deputadotaveirajr.com.br\/index.php\/conheca-o-pingo-da-mei-dia-tradicao-que-abre-o-mossoro-cidade-junina\/\" \/>\n<meta property=\"og:site_name\" content=\"Taveira Jr\" \/>\n<meta property=\"og:image\" content=\"https:\/\/s2-g1.glbimg.com\/KeNWN3yhF0Q83mnOW8Nl2QysCcs=\/i.s3.glbimg.com\/v1\/AUTH_59edd422c0c84a879bd37670ae4f538a\/internal_photos\/bs\/2024\/1\/a\/rw8elWSBiTFOqFa04h7Q\/pingo1.jpg\" \/>\n<meta name=\"twitter:card\" content=\"summary_large_image\" \/>\n<meta name=\"twitter:label1\" content=\"Est. tempo de leitura\" \/>\n\t<meta name=\"twitter:data1\" content=\"4 minutos\" \/>\n<script type=\"application\/ld+json\" class=\"yoast-schema-graph\">{\"@context\":\"https:\/\/schema.org\",\"@graph\":[{\"@type\":\"WebPage\",\"@id\":\"https:\/\/deputadotaveirajr.com.br\/index.php\/conheca-o-pingo-da-mei-dia-tradicao-que-abre-o-mossoro-cidade-junina\/\",\"url\":\"https:\/\/deputadotaveirajr.com.br\/index.php\/conheca-o-pingo-da-mei-dia-tradicao-que-abre-o-mossoro-cidade-junina\/\",\"name\":\"Conhe\u00e7a o Pingo da Mei Dia: tradi\u00e7\u00e3o que abre o Mossor\u00f3 Cidade Junina - Taveira Jr\",\"isPartOf\":{\"@id\":\"https:\/\/deputadotaveirajr.com.br\/#website\"},\"primaryImageOfPage\":{\"@id\":\"https:\/\/deputadotaveirajr.com.br\/index.php\/conheca-o-pingo-da-mei-dia-tradicao-que-abre-o-mossoro-cidade-junina\/#primaryimage\"},\"image\":{\"@id\":\"https:\/\/deputadotaveirajr.com.br\/index.php\/conheca-o-pingo-da-mei-dia-tradicao-que-abre-o-mossoro-cidade-junina\/#primaryimage\"},\"thumbnailUrl\":\"https:\/\/deputadotaveirajr.com.br\/wp-content\/uploads\/2025\/06\/pingo1-E2wRI1.jpg\",\"datePublished\":\"2025-06-06T21:41:06+00:00\",\"breadcrumb\":{\"@id\":\"https:\/\/deputadotaveirajr.com.br\/index.php\/conheca-o-pingo-da-mei-dia-tradicao-que-abre-o-mossoro-cidade-junina\/#breadcrumb\"},\"inLanguage\":\"pt-BR\",\"potentialAction\":[{\"@type\":\"ReadAction\",\"target\":[\"https:\/\/deputadotaveirajr.com.br\/index.php\/conheca-o-pingo-da-mei-dia-tradicao-que-abre-o-mossoro-cidade-junina\/\"]}]},{\"@type\":\"ImageObject\",\"inLanguage\":\"pt-BR\",\"@id\":\"https:\/\/deputadotaveirajr.com.br\/index.php\/conheca-o-pingo-da-mei-dia-tradicao-que-abre-o-mossoro-cidade-junina\/#primaryimage\",\"url\":\"https:\/\/deputadotaveirajr.com.br\/wp-content\/uploads\/2025\/06\/pingo1-E2wRI1.jpg\",\"contentUrl\":\"https:\/\/deputadotaveirajr.com.br\/wp-content\/uploads\/2025\/06\/pingo1-E2wRI1.jpg\",\"width\":1024,\"height\":576},{\"@type\":\"BreadcrumbList\",\"@id\":\"https:\/\/deputadotaveirajr.com.br\/index.php\/conheca-o-pingo-da-mei-dia-tradicao-que-abre-o-mossoro-cidade-junina\/#breadcrumb\",\"itemListElement\":[{\"@type\":\"ListItem\",\"position\":1,\"name\":\"In\u00edcio\",\"item\":\"https:\/\/deputadotaveirajr.com.br\/\"},{\"@type\":\"ListItem\",\"position\":2,\"name\":\"Conhe\u00e7a o Pingo da Mei Dia: tradi\u00e7\u00e3o que abre o Mossor\u00f3 Cidade Junina\"}]},{\"@type\":\"WebSite\",\"@id\":\"https:\/\/deputadotaveirajr.com.br\/#website\",\"url\":\"https:\/\/deputadotaveirajr.com.br\/\",\"name\":\"Taveira Jr\",\"description\":\"Deputado Estadual\",\"publisher\":{\"@id\":\"https:\/\/deputadotaveirajr.com.br\/#organization\"},\"potentialAction\":[{\"@type\":\"SearchAction\",\"target\":{\"@type\":\"EntryPoint\",\"urlTemplate\":\"https:\/\/deputadotaveirajr.com.br\/?s={search_term_string}\"},\"query-input\":{\"@type\":\"PropertyValueSpecification\",\"valueRequired\":true,\"valueName\":\"search_term_string\"}}],\"inLanguage\":\"pt-BR\"},{\"@type\":\"Organization\",\"@id\":\"https:\/\/deputadotaveirajr.com.br\/#organization\",\"name\":\"Taveira Jr\",\"url\":\"https:\/\/deputadotaveirajr.com.br\/\",\"logo\":{\"@type\":\"ImageObject\",\"inLanguage\":\"pt-BR\",\"@id\":\"https:\/\/deputadotaveirajr.com.br\/#\/schema\/logo\/image\/\",\"url\":\"https:\/\/deputadotaveirajr.com.br\/wp-content\/uploads\/2026\/01\/logolow2a.png\",\"contentUrl\":\"https:\/\/deputadotaveirajr.com.br\/wp-content\/uploads\/2026\/01\/logolow2a.png\",\"width\":290,\"height\":80,\"caption\":\"Taveira Jr\"},\"image\":{\"@id\":\"https:\/\/deputadotaveirajr.com.br\/#\/schema\/logo\/image\/\"}}]}<\/script>\n<!-- \/ Yoast SEO plugin. -->","yoast_head_json":{"title":"Conhe\u00e7a o Pingo da Mei Dia: tradi\u00e7\u00e3o que abre o Mossor\u00f3 Cidade Junina - Taveira Jr","robots":{"index":"index","follow":"follow","max-snippet":"max-snippet:-1","max-image-preview":"max-image-preview:large","max-video-preview":"max-video-preview:-1"},"canonical":"https:\/\/deputadotaveirajr.com.br\/index.php\/conheca-o-pingo-da-mei-dia-tradicao-que-abre-o-mossoro-cidade-junina\/","og_locale":"pt_BR","og_type":"article","og_title":"Conhe\u00e7a o Pingo da Mei Dia: tradi\u00e7\u00e3o que abre o Mossor\u00f3 Cidade Junina - Taveira Jr","og_description":"Bloco junino arrasta multid\u00f5es pelas ruas de Mossor\u00f3, marca o in\u00edcio das festividades de junho e refor\u00e7a a identidade cultural da cidade. Pingo da Mei Dia em Mossor\u00f3 (Arquivo) Wilson ...","og_url":"https:\/\/deputadotaveirajr.com.br\/index.php\/conheca-o-pingo-da-mei-dia-tradicao-que-abre-o-mossoro-cidade-junina\/","og_site_name":"Taveira Jr","og_image":[{"url":"https:\/\/s2-g1.glbimg.com\/KeNWN3yhF0Q83mnOW8Nl2QysCcs=\/i.s3.glbimg.com\/v1\/AUTH_59edd422c0c84a879bd37670ae4f538a\/internal_photos\/bs\/2024\/1\/a\/rw8elWSBiTFOqFa04h7Q\/pingo1.jpg","type":"","width":"","height":""}],"twitter_card":"summary_large_image","twitter_misc":{"Est. tempo de leitura":"4 minutos"},"schema":{"@context":"https:\/\/schema.org","@graph":[{"@type":"WebPage","@id":"https:\/\/deputadotaveirajr.com.br\/index.php\/conheca-o-pingo-da-mei-dia-tradicao-que-abre-o-mossoro-cidade-junina\/","url":"https:\/\/deputadotaveirajr.com.br\/index.php\/conheca-o-pingo-da-mei-dia-tradicao-que-abre-o-mossoro-cidade-junina\/","name":"Conhe\u00e7a o Pingo da Mei Dia: tradi\u00e7\u00e3o que abre o Mossor\u00f3 Cidade Junina - Taveira Jr","isPartOf":{"@id":"https:\/\/deputadotaveirajr.com.br\/#website"},"primaryImageOfPage":{"@id":"https:\/\/deputadotaveirajr.com.br\/index.php\/conheca-o-pingo-da-mei-dia-tradicao-que-abre-o-mossoro-cidade-junina\/#primaryimage"},"image":{"@id":"https:\/\/deputadotaveirajr.com.br\/index.php\/conheca-o-pingo-da-mei-dia-tradicao-que-abre-o-mossoro-cidade-junina\/#primaryimage"},"thumbnailUrl":"https:\/\/deputadotaveirajr.com.br\/wp-content\/uploads\/2025\/06\/pingo1-E2wRI1.jpg","datePublished":"2025-06-06T21:41:06+00:00","breadcrumb":{"@id":"https:\/\/deputadotaveirajr.com.br\/index.php\/conheca-o-pingo-da-mei-dia-tradicao-que-abre-o-mossoro-cidade-junina\/#breadcrumb"},"inLanguage":"pt-BR","potentialAction":[{"@type":"ReadAction","target":["https:\/\/deputadotaveirajr.com.br\/index.php\/conheca-o-pingo-da-mei-dia-tradicao-que-abre-o-mossoro-cidade-junina\/"]}]},{"@type":"ImageObject","inLanguage":"pt-BR","@id":"https:\/\/deputadotaveirajr.com.br\/index.php\/conheca-o-pingo-da-mei-dia-tradicao-que-abre-o-mossoro-cidade-junina\/#primaryimage","url":"https:\/\/deputadotaveirajr.com.br\/wp-content\/uploads\/2025\/06\/pingo1-E2wRI1.jpg","contentUrl":"https:\/\/deputadotaveirajr.com.br\/wp-content\/uploads\/2025\/06\/pingo1-E2wRI1.jpg","width":1024,"height":576},{"@type":"BreadcrumbList","@id":"https:\/\/deputadotaveirajr.com.br\/index.php\/conheca-o-pingo-da-mei-dia-tradicao-que-abre-o-mossoro-cidade-junina\/#breadcrumb","itemListElement":[{"@type":"ListItem","position":1,"name":"In\u00edcio","item":"https:\/\/deputadotaveirajr.com.br\/"},{"@type":"ListItem","position":2,"name":"Conhe\u00e7a o Pingo da Mei Dia: tradi\u00e7\u00e3o que abre o Mossor\u00f3 Cidade Junina"}]},{"@type":"WebSite","@id":"https:\/\/deputadotaveirajr.com.br\/#website","url":"https:\/\/deputadotaveirajr.com.br\/","name":"Taveira Jr","description":"Deputado Estadual","publisher":{"@id":"https:\/\/deputadotaveirajr.com.br\/#organization"},"potentialAction":[{"@type":"SearchAction","target":{"@type":"EntryPoint","urlTemplate":"https:\/\/deputadotaveirajr.com.br\/?s={search_term_string}"},"query-input":{"@type":"PropertyValueSpecification","valueRequired":true,"valueName":"search_term_string"}}],"inLanguage":"pt-BR"},{"@type":"Organization","@id":"https:\/\/deputadotaveirajr.com.br\/#organization","name":"Taveira Jr","url":"https:\/\/deputadotaveirajr.com.br\/","logo":{"@type":"ImageObject","inLanguage":"pt-BR","@id":"https:\/\/deputadotaveirajr.com.br\/#\/schema\/logo\/image\/","url":"https:\/\/deputadotaveirajr.com.br\/wp-content\/uploads\/2026\/01\/logolow2a.png","contentUrl":"https:\/\/deputadotaveirajr.com.br\/wp-content\/uploads\/2026\/01\/logolow2a.png","width":290,"height":80,"caption":"Taveira Jr"},"image":{"@id":"https:\/\/deputadotaveirajr.com.br\/#\/schema\/logo\/image\/"}}]}},"_links":{"self":[{"href":"https:\/\/deputadotaveirajr.com.br\/index.php\/wp-json\/wp\/v2\/pages\/13153","targetHints":{"allow":["GET"]}}],"collection":[{"href":"https:\/\/deputadotaveirajr.com.br\/index.php\/wp-json\/wp\/v2\/pages"}],"about":[{"href":"https:\/\/deputadotaveirajr.com.br\/index.php\/wp-json\/wp\/v2\/types\/page"}],"replies":[{"embeddable":true,"href":"https:\/\/deputadotaveirajr.com.br\/index.php\/wp-json\/wp\/v2\/comments?post=13153"}],"version-history":[{"count":0,"href":"https:\/\/deputadotaveirajr.com.br\/index.php\/wp-json\/wp\/v2\/pages\/13153\/revisions"}],"wp:featuredmedia":[{"embeddable":true,"href":"https:\/\/deputadotaveirajr.com.br\/index.php\/wp-json\/wp\/v2\/media\/13154"}],"wp:attachment":[{"href":"https:\/\/deputadotaveirajr.com.br\/index.php\/wp-json\/wp\/v2\/media?parent=13153"}],"curies":[{"name":"wp","href":"https:\/\/api.w.org\/{rel}","templated":true}]}}