{"id":13159,"date":"2025-06-07T08:00:15","date_gmt":"2025-06-07T11:00:15","guid":{"rendered":"https:\/\/deputadotaveirajr.com.br\/index.php\/sao-joao-de-natal-fim-de-semana-tem-calcinha-preta-pablo-e-mari-fernandez\/"},"modified":"2025-06-07T08:00:15","modified_gmt":"2025-06-07T11:00:15","slug":"sao-joao-de-natal-fim-de-semana-tem-calcinha-preta-pablo-e-mari-fernandez","status":"publish","type":"page","link":"https:\/\/deputadotaveirajr.com.br\/index.php\/sao-joao-de-natal-fim-de-semana-tem-calcinha-preta-pablo-e-mari-fernandez\/","title":{"rendered":"S\u00e3o Jo\u00e3o de Natal: fim de semana tem Calcinha Preta, Pablo e Mari Fernandez"},"content":{"rendered":"<p><img decoding=\"async\" src=\"https:\/\/s2-g1.glbimg.com\/M_xMz10L_B2-zwSt4Vx4ukrON9Q=\/i.s3.glbimg.com\/v1\/AUTH_59edd422c0c84a879bd37670ae4f538a\/internal_photos\/bs\/2025\/b\/M\/SMyOvaT8iwt7t8RA1Oug\/mari-fernandez-1.jpg\" \/><br \/>     Shows acontecem no estacionamento da Arena das Dunas, com entrada gratuita mediante doa\u00e7\u00e3o de alimentos. Programa\u00e7\u00e3o vai at\u00e9 o dia 29 em v\u00e1rios polos da cidade. Mari Fernandez se apresenta no S\u00e3o Jo\u00e3o de Natal neste domingo (8)<br \/>\nThallys Andrade<br \/>\nAs apresenta\u00e7\u00f5es no polo Arena das Dunas come\u00e7aram nesta sexta-feira (6) e seguem ao longo do fim de semana com nomes conhecidos do forr\u00f3, piseiro e pagode. Os shows s\u00e3o gratuitos e fazem parte do S\u00e3o Jo\u00e3o de Natal, promovido pela prefeitura.<br \/>\n\ud83d\udcf3Participe do canal do g1 RN no WhatsApp<br \/>\nNeste s\u00e1bado (7), sobem ao palco o projeto \u00c0 Vontade (Zezo, Ra\u00ed Saia Rodada e Luan Estilizado), Pablo e Calcinha Preta. No domingo (8), a programa\u00e7\u00e3o continua com L\u00e9o Foguete, Mari Fernandez e o grupo Menos \u00e9 Mais.<br \/>\nOs shows acontecem no estacionamento da Arena das Dunas, no bairro Lagoa Nova, na Zona Sul da cidade. A entrada \u00e9 gratuita, mas o p\u00fablico \u00e9 convidado a doar um quilo de alimento n\u00e3o perec\u00edvel, exceto sal.<br \/>\nLEIA TAMB\u00c9M<br \/>\nS\u00e3o Jo\u00e3o de Natal: veja bloqueios no tr\u00e2nsito e pontos para ve\u00edculos por aplicativos e t\u00e1xis<br \/>\nXand Avi\u00e3o, Alok e Jo\u00e3o Gomes: confira a programa\u00e7\u00e3o completa do S\u00e3o Jo\u00e3o de Natal 2025<br \/>\nS\u00e3o Jo\u00e3o na Arena das Dunas altera o tr\u00e2nsito na regi\u00e3o<br \/>\nAl\u00e9m do palco principal, o espa\u00e7o conta com o Camarote Solid\u00e1rio, com acesso mediante doa\u00e7\u00e3o de tr\u00eas latas de leite em p\u00f3 integral.<br \/>\n\u00c9 preciso tamb\u00e9m resgatar um ingresso simb\u00f3lico no site evenyx.com e apresentar o comprovante no local.<br \/>\nPrograma\u00e7\u00e3o do fim de semana na Arena das Dunas<br \/>\nS\u00e1bado (7): \u00c0 Vontade, Pablo e Calcinha Preta<br \/>\nDomingo (8): L\u00e9o Foguete, Mari Fernandez e Menos \u00e9 Mais<br \/>\nA programa\u00e7\u00e3o do S\u00e3o Jo\u00e3o de Natal segue at\u00e9 29 de junho, com eventos em outros polos espalhados pela cidade.<br \/>\ng1 RN tem p\u00e1gina especial sobre o S\u00e3o Jo\u00e3o de Natal<br \/>\nVeja os v\u00eddeos mais assistidos do g1 RN<br \/>\na<\/p>","protected":false},"excerpt":{"rendered":"<p>Shows acontecem no estacionamento da Arena das Dunas, com entrada gratuita mediante doa\u00e7\u00e3o de alimentos. Programa\u00e7\u00e3o vai at\u00e9 o dia 29 em v\u00e1rios polos da cidade. Mari Fernandez se apresenta &#8230;<\/p>\n","protected":false},"author":0,"featured_media":13160,"parent":0,"menu_order":0,"comment_status":"closed","ping_status":"closed","template":"","meta":{"footnotes":""},"class_list":["post-13159","page","type-page","status-publish","has-post-thumbnail","hentry"],"yoast_head":"<!-- This site is optimized with the Yoast SEO plugin v27.1.1 - https:\/\/yoast.com\/product\/yoast-seo-wordpress\/ -->\n<title>S\u00e3o Jo\u00e3o de Natal: fim de semana tem Calcinha Preta, Pablo e Mari Fernandez - Taveira Jr<\/title>\n<meta name=\"robots\" content=\"index, follow, max-snippet:-1, max-image-preview:large, max-video-preview:-1\" \/>\n<link rel=\"canonical\" href=\"https:\/\/deputadotaveirajr.com.br\/index.php\/sao-joao-de-natal-fim-de-semana-tem-calcinha-preta-pablo-e-mari-fernandez\/\" \/>\n<meta property=\"og:locale\" content=\"pt_BR\" \/>\n<meta property=\"og:type\" content=\"article\" \/>\n<meta property=\"og:title\" content=\"S\u00e3o Jo\u00e3o de Natal: fim de semana tem Calcinha Preta, Pablo e Mari Fernandez - Taveira Jr\" \/>\n<meta property=\"og:description\" content=\"Shows acontecem no estacionamento da Arena das Dunas, com entrada gratuita mediante doa\u00e7\u00e3o de alimentos. Programa\u00e7\u00e3o vai at\u00e9 o dia 29 em v\u00e1rios polos da cidade. Mari Fernandez se apresenta ...\" \/>\n<meta property=\"og:url\" content=\"https:\/\/deputadotaveirajr.com.br\/index.php\/sao-joao-de-natal-fim-de-semana-tem-calcinha-preta-pablo-e-mari-fernandez\/\" \/>\n<meta property=\"og:site_name\" content=\"Taveira Jr\" \/>\n<meta property=\"og:image\" content=\"https:\/\/s2-g1.glbimg.com\/M_xMz10L_B2-zwSt4Vx4ukrON9Q=\/i.s3.glbimg.com\/v1\/AUTH_59edd422c0c84a879bd37670ae4f538a\/internal_photos\/bs\/2025\/b\/M\/SMyOvaT8iwt7t8RA1Oug\/mari-fernandez-1.jpg\" \/>\n<meta name=\"twitter:card\" content=\"summary_large_image\" \/>\n<meta name=\"twitter:label1\" content=\"Est. tempo de leitura\" \/>\n\t<meta name=\"twitter:data1\" content=\"2 minutos\" \/>\n<script type=\"application\/ld+json\" class=\"yoast-schema-graph\">{\"@context\":\"https:\/\/schema.org\",\"@graph\":[{\"@type\":\"WebPage\",\"@id\":\"https:\/\/deputadotaveirajr.com.br\/index.php\/sao-joao-de-natal-fim-de-semana-tem-calcinha-preta-pablo-e-mari-fernandez\/\",\"url\":\"https:\/\/deputadotaveirajr.com.br\/index.php\/sao-joao-de-natal-fim-de-semana-tem-calcinha-preta-pablo-e-mari-fernandez\/\",\"name\":\"S\u00e3o Jo\u00e3o de Natal: fim de semana tem Calcinha Preta, Pablo e Mari Fernandez - Taveira Jr\",\"isPartOf\":{\"@id\":\"https:\/\/deputadotaveirajr.com.br\/#website\"},\"primaryImageOfPage\":{\"@id\":\"https:\/\/deputadotaveirajr.com.br\/index.php\/sao-joao-de-natal-fim-de-semana-tem-calcinha-preta-pablo-e-mari-fernandez\/#primaryimage\"},\"image\":{\"@id\":\"https:\/\/deputadotaveirajr.com.br\/index.php\/sao-joao-de-natal-fim-de-semana-tem-calcinha-preta-pablo-e-mari-fernandez\/#primaryimage\"},\"thumbnailUrl\":\"https:\/\/deputadotaveirajr.com.br\/wp-content\/uploads\/2025\/06\/mari-fernandez-1-uxWMBZ.jpg\",\"datePublished\":\"2025-06-07T11:00:15+00:00\",\"breadcrumb\":{\"@id\":\"https:\/\/deputadotaveirajr.com.br\/index.php\/sao-joao-de-natal-fim-de-semana-tem-calcinha-preta-pablo-e-mari-fernandez\/#breadcrumb\"},\"inLanguage\":\"pt-BR\",\"potentialAction\":[{\"@type\":\"ReadAction\",\"target\":[\"https:\/\/deputadotaveirajr.com.br\/index.php\/sao-joao-de-natal-fim-de-semana-tem-calcinha-preta-pablo-e-mari-fernandez\/\"]}]},{\"@type\":\"ImageObject\",\"inLanguage\":\"pt-BR\",\"@id\":\"https:\/\/deputadotaveirajr.com.br\/index.php\/sao-joao-de-natal-fim-de-semana-tem-calcinha-preta-pablo-e-mari-fernandez\/#primaryimage\",\"url\":\"https:\/\/deputadotaveirajr.com.br\/wp-content\/uploads\/2025\/06\/mari-fernandez-1-uxWMBZ.jpg\",\"contentUrl\":\"https:\/\/deputadotaveirajr.com.br\/wp-content\/uploads\/2025\/06\/mari-fernandez-1-uxWMBZ.jpg\",\"width\":1600,\"height\":1068},{\"@type\":\"BreadcrumbList\",\"@id\":\"https:\/\/deputadotaveirajr.com.br\/index.php\/sao-joao-de-natal-fim-de-semana-tem-calcinha-preta-pablo-e-mari-fernandez\/#breadcrumb\",\"itemListElement\":[{\"@type\":\"ListItem\",\"position\":1,\"name\":\"In\u00edcio\",\"item\":\"https:\/\/deputadotaveirajr.com.br\/\"},{\"@type\":\"ListItem\",\"position\":2,\"name\":\"S\u00e3o Jo\u00e3o de Natal: fim de semana tem Calcinha Preta, Pablo e Mari Fernandez\"}]},{\"@type\":\"WebSite\",\"@id\":\"https:\/\/deputadotaveirajr.com.br\/#website\",\"url\":\"https:\/\/deputadotaveirajr.com.br\/\",\"name\":\"Taveira Jr\",\"description\":\"Deputado Estadual\",\"publisher\":{\"@id\":\"https:\/\/deputadotaveirajr.com.br\/#organization\"},\"potentialAction\":[{\"@type\":\"SearchAction\",\"target\":{\"@type\":\"EntryPoint\",\"urlTemplate\":\"https:\/\/deputadotaveirajr.com.br\/?s={search_term_string}\"},\"query-input\":{\"@type\":\"PropertyValueSpecification\",\"valueRequired\":true,\"valueName\":\"search_term_string\"}}],\"inLanguage\":\"pt-BR\"},{\"@type\":\"Organization\",\"@id\":\"https:\/\/deputadotaveirajr.com.br\/#organization\",\"name\":\"Taveira Jr\",\"url\":\"https:\/\/deputadotaveirajr.com.br\/\",\"logo\":{\"@type\":\"ImageObject\",\"inLanguage\":\"pt-BR\",\"@id\":\"https:\/\/deputadotaveirajr.com.br\/#\/schema\/logo\/image\/\",\"url\":\"https:\/\/deputadotaveirajr.com.br\/wp-content\/uploads\/2026\/01\/logolow2a.png\",\"contentUrl\":\"https:\/\/deputadotaveirajr.com.br\/wp-content\/uploads\/2026\/01\/logolow2a.png\",\"width\":290,\"height\":80,\"caption\":\"Taveira Jr\"},\"image\":{\"@id\":\"https:\/\/deputadotaveirajr.com.br\/#\/schema\/logo\/image\/\"}}]}<\/script>\n<!-- \/ Yoast SEO plugin. -->","yoast_head_json":{"title":"S\u00e3o Jo\u00e3o de Natal: fim de semana tem Calcinha Preta, Pablo e Mari Fernandez - Taveira Jr","robots":{"index":"index","follow":"follow","max-snippet":"max-snippet:-1","max-image-preview":"max-image-preview:large","max-video-preview":"max-video-preview:-1"},"canonical":"https:\/\/deputadotaveirajr.com.br\/index.php\/sao-joao-de-natal-fim-de-semana-tem-calcinha-preta-pablo-e-mari-fernandez\/","og_locale":"pt_BR","og_type":"article","og_title":"S\u00e3o Jo\u00e3o de Natal: fim de semana tem Calcinha Preta, Pablo e Mari Fernandez - Taveira Jr","og_description":"Shows acontecem no estacionamento da Arena das Dunas, com entrada gratuita mediante doa\u00e7\u00e3o de alimentos. Programa\u00e7\u00e3o vai at\u00e9 o dia 29 em v\u00e1rios polos da cidade. Mari Fernandez se apresenta ...","og_url":"https:\/\/deputadotaveirajr.com.br\/index.php\/sao-joao-de-natal-fim-de-semana-tem-calcinha-preta-pablo-e-mari-fernandez\/","og_site_name":"Taveira Jr","og_image":[{"url":"https:\/\/s2-g1.glbimg.com\/M_xMz10L_B2-zwSt4Vx4ukrON9Q=\/i.s3.glbimg.com\/v1\/AUTH_59edd422c0c84a879bd37670ae4f538a\/internal_photos\/bs\/2025\/b\/M\/SMyOvaT8iwt7t8RA1Oug\/mari-fernandez-1.jpg","type":"","width":"","height":""}],"twitter_card":"summary_large_image","twitter_misc":{"Est. tempo de leitura":"2 minutos"},"schema":{"@context":"https:\/\/schema.org","@graph":[{"@type":"WebPage","@id":"https:\/\/deputadotaveirajr.com.br\/index.php\/sao-joao-de-natal-fim-de-semana-tem-calcinha-preta-pablo-e-mari-fernandez\/","url":"https:\/\/deputadotaveirajr.com.br\/index.php\/sao-joao-de-natal-fim-de-semana-tem-calcinha-preta-pablo-e-mari-fernandez\/","name":"S\u00e3o Jo\u00e3o de Natal: fim de semana tem Calcinha Preta, Pablo e Mari Fernandez - Taveira Jr","isPartOf":{"@id":"https:\/\/deputadotaveirajr.com.br\/#website"},"primaryImageOfPage":{"@id":"https:\/\/deputadotaveirajr.com.br\/index.php\/sao-joao-de-natal-fim-de-semana-tem-calcinha-preta-pablo-e-mari-fernandez\/#primaryimage"},"image":{"@id":"https:\/\/deputadotaveirajr.com.br\/index.php\/sao-joao-de-natal-fim-de-semana-tem-calcinha-preta-pablo-e-mari-fernandez\/#primaryimage"},"thumbnailUrl":"https:\/\/deputadotaveirajr.com.br\/wp-content\/uploads\/2025\/06\/mari-fernandez-1-uxWMBZ.jpg","datePublished":"2025-06-07T11:00:15+00:00","breadcrumb":{"@id":"https:\/\/deputadotaveirajr.com.br\/index.php\/sao-joao-de-natal-fim-de-semana-tem-calcinha-preta-pablo-e-mari-fernandez\/#breadcrumb"},"inLanguage":"pt-BR","potentialAction":[{"@type":"ReadAction","target":["https:\/\/deputadotaveirajr.com.br\/index.php\/sao-joao-de-natal-fim-de-semana-tem-calcinha-preta-pablo-e-mari-fernandez\/"]}]},{"@type":"ImageObject","inLanguage":"pt-BR","@id":"https:\/\/deputadotaveirajr.com.br\/index.php\/sao-joao-de-natal-fim-de-semana-tem-calcinha-preta-pablo-e-mari-fernandez\/#primaryimage","url":"https:\/\/deputadotaveirajr.com.br\/wp-content\/uploads\/2025\/06\/mari-fernandez-1-uxWMBZ.jpg","contentUrl":"https:\/\/deputadotaveirajr.com.br\/wp-content\/uploads\/2025\/06\/mari-fernandez-1-uxWMBZ.jpg","width":1600,"height":1068},{"@type":"BreadcrumbList","@id":"https:\/\/deputadotaveirajr.com.br\/index.php\/sao-joao-de-natal-fim-de-semana-tem-calcinha-preta-pablo-e-mari-fernandez\/#breadcrumb","itemListElement":[{"@type":"ListItem","position":1,"name":"In\u00edcio","item":"https:\/\/deputadotaveirajr.com.br\/"},{"@type":"ListItem","position":2,"name":"S\u00e3o Jo\u00e3o de Natal: fim de semana tem Calcinha Preta, Pablo e Mari Fernandez"}]},{"@type":"WebSite","@id":"https:\/\/deputadotaveirajr.com.br\/#website","url":"https:\/\/deputadotaveirajr.com.br\/","name":"Taveira Jr","description":"Deputado Estadual","publisher":{"@id":"https:\/\/deputadotaveirajr.com.br\/#organization"},"potentialAction":[{"@type":"SearchAction","target":{"@type":"EntryPoint","urlTemplate":"https:\/\/deputadotaveirajr.com.br\/?s={search_term_string}"},"query-input":{"@type":"PropertyValueSpecification","valueRequired":true,"valueName":"search_term_string"}}],"inLanguage":"pt-BR"},{"@type":"Organization","@id":"https:\/\/deputadotaveirajr.com.br\/#organization","name":"Taveira Jr","url":"https:\/\/deputadotaveirajr.com.br\/","logo":{"@type":"ImageObject","inLanguage":"pt-BR","@id":"https:\/\/deputadotaveirajr.com.br\/#\/schema\/logo\/image\/","url":"https:\/\/deputadotaveirajr.com.br\/wp-content\/uploads\/2026\/01\/logolow2a.png","contentUrl":"https:\/\/deputadotaveirajr.com.br\/wp-content\/uploads\/2026\/01\/logolow2a.png","width":290,"height":80,"caption":"Taveira Jr"},"image":{"@id":"https:\/\/deputadotaveirajr.com.br\/#\/schema\/logo\/image\/"}}]}},"_links":{"self":[{"href":"https:\/\/deputadotaveirajr.com.br\/index.php\/wp-json\/wp\/v2\/pages\/13159","targetHints":{"allow":["GET"]}}],"collection":[{"href":"https:\/\/deputadotaveirajr.com.br\/index.php\/wp-json\/wp\/v2\/pages"}],"about":[{"href":"https:\/\/deputadotaveirajr.com.br\/index.php\/wp-json\/wp\/v2\/types\/page"}],"replies":[{"embeddable":true,"href":"https:\/\/deputadotaveirajr.com.br\/index.php\/wp-json\/wp\/v2\/comments?post=13159"}],"version-history":[{"count":0,"href":"https:\/\/deputadotaveirajr.com.br\/index.php\/wp-json\/wp\/v2\/pages\/13159\/revisions"}],"wp:featuredmedia":[{"embeddable":true,"href":"https:\/\/deputadotaveirajr.com.br\/index.php\/wp-json\/wp\/v2\/media\/13160"}],"wp:attachment":[{"href":"https:\/\/deputadotaveirajr.com.br\/index.php\/wp-json\/wp\/v2\/media?parent=13159"}],"curies":[{"name":"wp","href":"https:\/\/api.w.org\/{rel}","templated":true}]}}