{"id":13161,"date":"2025-06-07T09:14:44","date_gmt":"2025-06-07T12:14:44","guid":{"rendered":"https:\/\/deputadotaveirajr.com.br\/index.php\/inscricoes-para-concurso-do-idema-sao-prorrogadas-ate-sexta-feira-13\/"},"modified":"2025-06-07T09:14:44","modified_gmt":"2025-06-07T12:14:44","slug":"inscricoes-para-concurso-do-idema-sao-prorrogadas-ate-sexta-feira-13","status":"publish","type":"page","link":"https:\/\/deputadotaveirajr.com.br\/index.php\/inscricoes-para-concurso-do-idema-sao-prorrogadas-ate-sexta-feira-13\/","title":{"rendered":"Inscri\u00e7\u00f5es para concurso do Idema s\u00e3o prorrogadas at\u00e9 sexta-feira (13)"},"content":{"rendered":"<p><img decoding=\"async\" src=\"https:\/\/s2-g1.glbimg.com\/mpWS5QDWygPJzwwkGTPH3Wq2Ymw=\/i.s3.glbimg.com\/v1\/AUTH_59edd422c0c84a879bd37670ae4f538a\/internal_photos\/bs\/2025\/g\/r\/qYVWSARpG5pRSDcE0RXA\/idema.jpeg\" \/><br \/>     Edital com altera\u00e7\u00f5es \u00e9 publicado no Di\u00e1rio Oficial do Estado. Provas objetivas e discursivas continuam marcadas para 27 de julho, em Natal.  Inscri\u00e7\u00f5es para concurso do Idema s\u00e3o prorrogadas at\u00e9 sexta-feira (13)<br \/>\nArthur Carvalho<br \/>\nO Governo do Rio Grande do Norte prorrogou at\u00e9 sexta-feira (13) o prazo de inscri\u00e7\u00f5es para o concurso p\u00fablico do Instituto de Desenvolvimento Sustent\u00e1vel e Meio Ambiente do Rio Grande do Norte (Idema).<br \/>\nA mudan\u00e7a foi publicada no Di\u00e1rio Oficial do Estado de sexta-feira (veja aqui).<br \/>\n\ud83d\udcf3Participe do canal do g1 RN no WhatsApp<br \/>\nOs interessados podem realizar a inscri\u00e7\u00e3o pela internet.<br \/>\nDe acordo com o governo, datas importantes do certame foram alteradas: a rela\u00e7\u00e3o definitiva de inscritos ser\u00e1 divulgada no dia 18 de junho e a publica\u00e7\u00e3o do edital de hor\u00e1rio e local da prova ser\u00e1 no dia 20 de julho.<br \/>\nAs provas objetivas e discursivas seguem marcadas para 27 de julho, em Natal, com aplica\u00e7\u00e3o em diferentes turnos. Pela manh\u00e3, a avalia\u00e7\u00e3o ser\u00e1 destinada para os cargos de Analista Ambiental e Analista Administrativo. \u00c0 tarde, a sele\u00e7\u00e3o ser\u00e1 dos candidatos para o cargo de Fiscal Ambiental.<br \/>\nA retifica\u00e7\u00e3o publicada no Di\u00e1rio Oficial tamb\u00e9m apontou mudan\u00e7as no conte\u00fado program\u00e1tico da prova (veja aqui).<br \/>\nSobre o concurso<br \/>\nA taxa de inscri\u00e7\u00e3o \u00e9 de R$ 150. Ao todo, s\u00e3o oferecidas 180 vagas com sal\u00e1rios inicias de R$ 5.118,52.<br \/>\nO edital oferece 113 vagas para Analista Ambiental, 27 para Analista Administrativo e 40 para Fiscal Ambiental. Todos os cargos s\u00e3o voltados para profissionais com ensino superior.<br \/>\nAs vagas de Analista Ambiental contemplam 24 \u00e1reas de forma\u00e7\u00e3o, incluindo biologia, engenharia ambiental, geologia, arquitetura, pedagogia e antropologia.<br \/>\nOs cargos de Analista Administrativo abrangem 10 \u00e1reas, como administra\u00e7\u00e3o, direito, contabilidade e jornalismo. O cargo de Fiscal Ambiental exige forma\u00e7\u00e3o superior em qualquer \u00e1rea.<br \/>\nA validade do concurso ser\u00e1 de dois anos a partir da homologa\u00e7\u00e3o do resultado, podendo ser prorrogada por igual per\u00edodo.<br \/>\nAs provas objetivas ser\u00e3o divididas entre conhecimentos gerais e espec\u00edficos. A primeira parte abordar\u00e1 l\u00edngua portuguesa, hist\u00f3ria do Rio Grande do Norte, aspectos geoecon\u00f4micos do estado e inform\u00e1tica.<br \/>\nA segunda parte da sele\u00e7\u00e3o contempla conte\u00fados espec\u00edficos dos cargos pretendidos, al\u00e9m de legisla\u00e7\u00e3o ambiental (federal e estadual).<br \/>\nVeja dicas de como fazer uma boa reda\u00e7\u00e3o para concurso<br \/>\nVeja os v\u00eddeos mais assistidos no g1 RN<\/p>","protected":false},"excerpt":{"rendered":"<p>Edital com altera\u00e7\u00f5es \u00e9 publicado no Di\u00e1rio Oficial do Estado. Provas objetivas e discursivas continuam marcadas para 27 de julho, em Natal. Inscri\u00e7\u00f5es para concurso do Idema s\u00e3o prorrogadas at\u00e9 &#8230;<\/p>\n","protected":false},"author":0,"featured_media":13162,"parent":0,"menu_order":0,"comment_status":"closed","ping_status":"closed","template":"","meta":{"footnotes":""},"class_list":["post-13161","page","type-page","status-publish","has-post-thumbnail","hentry"],"yoast_head":"<!-- This site is optimized with the Yoast SEO plugin v27.1.1 - https:\/\/yoast.com\/product\/yoast-seo-wordpress\/ -->\n<title>Inscri\u00e7\u00f5es para concurso do Idema s\u00e3o prorrogadas at\u00e9 sexta-feira (13) - Taveira Jr<\/title>\n<meta name=\"robots\" content=\"index, follow, max-snippet:-1, max-image-preview:large, max-video-preview:-1\" \/>\n<link rel=\"canonical\" href=\"https:\/\/deputadotaveirajr.com.br\/index.php\/inscricoes-para-concurso-do-idema-sao-prorrogadas-ate-sexta-feira-13\/\" \/>\n<meta property=\"og:locale\" content=\"pt_BR\" \/>\n<meta property=\"og:type\" content=\"article\" \/>\n<meta property=\"og:title\" content=\"Inscri\u00e7\u00f5es para concurso do Idema s\u00e3o prorrogadas at\u00e9 sexta-feira (13) - Taveira Jr\" \/>\n<meta property=\"og:description\" content=\"Edital com altera\u00e7\u00f5es \u00e9 publicado no Di\u00e1rio Oficial do Estado. Provas objetivas e discursivas continuam marcadas para 27 de julho, em Natal. Inscri\u00e7\u00f5es para concurso do Idema s\u00e3o prorrogadas at\u00e9 ...\" \/>\n<meta property=\"og:url\" content=\"https:\/\/deputadotaveirajr.com.br\/index.php\/inscricoes-para-concurso-do-idema-sao-prorrogadas-ate-sexta-feira-13\/\" \/>\n<meta property=\"og:site_name\" content=\"Taveira Jr\" \/>\n<meta property=\"og:image\" content=\"https:\/\/s2-g1.glbimg.com\/mpWS5QDWygPJzwwkGTPH3Wq2Ymw=\/i.s3.glbimg.com\/v1\/AUTH_59edd422c0c84a879bd37670ae4f538a\/internal_photos\/bs\/2025\/g\/r\/qYVWSARpG5pRSDcE0RXA\/idema.jpeg\" \/>\n<meta name=\"twitter:card\" content=\"summary_large_image\" \/>\n<meta name=\"twitter:label1\" content=\"Est. tempo de leitura\" \/>\n\t<meta name=\"twitter:data1\" content=\"2 minutos\" \/>\n<script type=\"application\/ld+json\" class=\"yoast-schema-graph\">{\"@context\":\"https:\/\/schema.org\",\"@graph\":[{\"@type\":\"WebPage\",\"@id\":\"https:\/\/deputadotaveirajr.com.br\/index.php\/inscricoes-para-concurso-do-idema-sao-prorrogadas-ate-sexta-feira-13\/\",\"url\":\"https:\/\/deputadotaveirajr.com.br\/index.php\/inscricoes-para-concurso-do-idema-sao-prorrogadas-ate-sexta-feira-13\/\",\"name\":\"Inscri\u00e7\u00f5es para concurso do Idema s\u00e3o prorrogadas at\u00e9 sexta-feira (13) - Taveira Jr\",\"isPartOf\":{\"@id\":\"https:\/\/deputadotaveirajr.com.br\/#website\"},\"primaryImageOfPage\":{\"@id\":\"https:\/\/deputadotaveirajr.com.br\/index.php\/inscricoes-para-concurso-do-idema-sao-prorrogadas-ate-sexta-feira-13\/#primaryimage\"},\"image\":{\"@id\":\"https:\/\/deputadotaveirajr.com.br\/index.php\/inscricoes-para-concurso-do-idema-sao-prorrogadas-ate-sexta-feira-13\/#primaryimage\"},\"thumbnailUrl\":\"https:\/\/deputadotaveirajr.com.br\/wp-content\/uploads\/2025\/06\/idema-qQwVQQ.jpg\",\"datePublished\":\"2025-06-07T12:14:44+00:00\",\"breadcrumb\":{\"@id\":\"https:\/\/deputadotaveirajr.com.br\/index.php\/inscricoes-para-concurso-do-idema-sao-prorrogadas-ate-sexta-feira-13\/#breadcrumb\"},\"inLanguage\":\"pt-BR\",\"potentialAction\":[{\"@type\":\"ReadAction\",\"target\":[\"https:\/\/deputadotaveirajr.com.br\/index.php\/inscricoes-para-concurso-do-idema-sao-prorrogadas-ate-sexta-feira-13\/\"]}]},{\"@type\":\"ImageObject\",\"inLanguage\":\"pt-BR\",\"@id\":\"https:\/\/deputadotaveirajr.com.br\/index.php\/inscricoes-para-concurso-do-idema-sao-prorrogadas-ate-sexta-feira-13\/#primaryimage\",\"url\":\"https:\/\/deputadotaveirajr.com.br\/wp-content\/uploads\/2025\/06\/idema-qQwVQQ.jpg\",\"contentUrl\":\"https:\/\/deputadotaveirajr.com.br\/wp-content\/uploads\/2025\/06\/idema-qQwVQQ.jpg\",\"width\":2560,\"height\":1706},{\"@type\":\"BreadcrumbList\",\"@id\":\"https:\/\/deputadotaveirajr.com.br\/index.php\/inscricoes-para-concurso-do-idema-sao-prorrogadas-ate-sexta-feira-13\/#breadcrumb\",\"itemListElement\":[{\"@type\":\"ListItem\",\"position\":1,\"name\":\"In\u00edcio\",\"item\":\"https:\/\/deputadotaveirajr.com.br\/\"},{\"@type\":\"ListItem\",\"position\":2,\"name\":\"Inscri\u00e7\u00f5es para concurso do Idema s\u00e3o prorrogadas at\u00e9 sexta-feira (13)\"}]},{\"@type\":\"WebSite\",\"@id\":\"https:\/\/deputadotaveirajr.com.br\/#website\",\"url\":\"https:\/\/deputadotaveirajr.com.br\/\",\"name\":\"Taveira Jr\",\"description\":\"Deputado Estadual\",\"publisher\":{\"@id\":\"https:\/\/deputadotaveirajr.com.br\/#organization\"},\"potentialAction\":[{\"@type\":\"SearchAction\",\"target\":{\"@type\":\"EntryPoint\",\"urlTemplate\":\"https:\/\/deputadotaveirajr.com.br\/?s={search_term_string}\"},\"query-input\":{\"@type\":\"PropertyValueSpecification\",\"valueRequired\":true,\"valueName\":\"search_term_string\"}}],\"inLanguage\":\"pt-BR\"},{\"@type\":\"Organization\",\"@id\":\"https:\/\/deputadotaveirajr.com.br\/#organization\",\"name\":\"Taveira Jr\",\"url\":\"https:\/\/deputadotaveirajr.com.br\/\",\"logo\":{\"@type\":\"ImageObject\",\"inLanguage\":\"pt-BR\",\"@id\":\"https:\/\/deputadotaveirajr.com.br\/#\/schema\/logo\/image\/\",\"url\":\"https:\/\/deputadotaveirajr.com.br\/wp-content\/uploads\/2026\/01\/logolow2a.png\",\"contentUrl\":\"https:\/\/deputadotaveirajr.com.br\/wp-content\/uploads\/2026\/01\/logolow2a.png\",\"width\":290,\"height\":80,\"caption\":\"Taveira Jr\"},\"image\":{\"@id\":\"https:\/\/deputadotaveirajr.com.br\/#\/schema\/logo\/image\/\"}}]}<\/script>\n<!-- \/ Yoast SEO plugin. -->","yoast_head_json":{"title":"Inscri\u00e7\u00f5es para concurso do Idema s\u00e3o prorrogadas at\u00e9 sexta-feira (13) - Taveira Jr","robots":{"index":"index","follow":"follow","max-snippet":"max-snippet:-1","max-image-preview":"max-image-preview:large","max-video-preview":"max-video-preview:-1"},"canonical":"https:\/\/deputadotaveirajr.com.br\/index.php\/inscricoes-para-concurso-do-idema-sao-prorrogadas-ate-sexta-feira-13\/","og_locale":"pt_BR","og_type":"article","og_title":"Inscri\u00e7\u00f5es para concurso do Idema s\u00e3o prorrogadas at\u00e9 sexta-feira (13) - Taveira Jr","og_description":"Edital com altera\u00e7\u00f5es \u00e9 publicado no Di\u00e1rio Oficial do Estado. Provas objetivas e discursivas continuam marcadas para 27 de julho, em Natal. Inscri\u00e7\u00f5es para concurso do Idema s\u00e3o prorrogadas at\u00e9 ...","og_url":"https:\/\/deputadotaveirajr.com.br\/index.php\/inscricoes-para-concurso-do-idema-sao-prorrogadas-ate-sexta-feira-13\/","og_site_name":"Taveira Jr","og_image":[{"url":"https:\/\/s2-g1.glbimg.com\/mpWS5QDWygPJzwwkGTPH3Wq2Ymw=\/i.s3.glbimg.com\/v1\/AUTH_59edd422c0c84a879bd37670ae4f538a\/internal_photos\/bs\/2025\/g\/r\/qYVWSARpG5pRSDcE0RXA\/idema.jpeg","type":"","width":"","height":""}],"twitter_card":"summary_large_image","twitter_misc":{"Est. tempo de leitura":"2 minutos"},"schema":{"@context":"https:\/\/schema.org","@graph":[{"@type":"WebPage","@id":"https:\/\/deputadotaveirajr.com.br\/index.php\/inscricoes-para-concurso-do-idema-sao-prorrogadas-ate-sexta-feira-13\/","url":"https:\/\/deputadotaveirajr.com.br\/index.php\/inscricoes-para-concurso-do-idema-sao-prorrogadas-ate-sexta-feira-13\/","name":"Inscri\u00e7\u00f5es para concurso do Idema s\u00e3o prorrogadas at\u00e9 sexta-feira (13) - Taveira Jr","isPartOf":{"@id":"https:\/\/deputadotaveirajr.com.br\/#website"},"primaryImageOfPage":{"@id":"https:\/\/deputadotaveirajr.com.br\/index.php\/inscricoes-para-concurso-do-idema-sao-prorrogadas-ate-sexta-feira-13\/#primaryimage"},"image":{"@id":"https:\/\/deputadotaveirajr.com.br\/index.php\/inscricoes-para-concurso-do-idema-sao-prorrogadas-ate-sexta-feira-13\/#primaryimage"},"thumbnailUrl":"https:\/\/deputadotaveirajr.com.br\/wp-content\/uploads\/2025\/06\/idema-qQwVQQ.jpg","datePublished":"2025-06-07T12:14:44+00:00","breadcrumb":{"@id":"https:\/\/deputadotaveirajr.com.br\/index.php\/inscricoes-para-concurso-do-idema-sao-prorrogadas-ate-sexta-feira-13\/#breadcrumb"},"inLanguage":"pt-BR","potentialAction":[{"@type":"ReadAction","target":["https:\/\/deputadotaveirajr.com.br\/index.php\/inscricoes-para-concurso-do-idema-sao-prorrogadas-ate-sexta-feira-13\/"]}]},{"@type":"ImageObject","inLanguage":"pt-BR","@id":"https:\/\/deputadotaveirajr.com.br\/index.php\/inscricoes-para-concurso-do-idema-sao-prorrogadas-ate-sexta-feira-13\/#primaryimage","url":"https:\/\/deputadotaveirajr.com.br\/wp-content\/uploads\/2025\/06\/idema-qQwVQQ.jpg","contentUrl":"https:\/\/deputadotaveirajr.com.br\/wp-content\/uploads\/2025\/06\/idema-qQwVQQ.jpg","width":2560,"height":1706},{"@type":"BreadcrumbList","@id":"https:\/\/deputadotaveirajr.com.br\/index.php\/inscricoes-para-concurso-do-idema-sao-prorrogadas-ate-sexta-feira-13\/#breadcrumb","itemListElement":[{"@type":"ListItem","position":1,"name":"In\u00edcio","item":"https:\/\/deputadotaveirajr.com.br\/"},{"@type":"ListItem","position":2,"name":"Inscri\u00e7\u00f5es para concurso do Idema s\u00e3o prorrogadas at\u00e9 sexta-feira (13)"}]},{"@type":"WebSite","@id":"https:\/\/deputadotaveirajr.com.br\/#website","url":"https:\/\/deputadotaveirajr.com.br\/","name":"Taveira Jr","description":"Deputado Estadual","publisher":{"@id":"https:\/\/deputadotaveirajr.com.br\/#organization"},"potentialAction":[{"@type":"SearchAction","target":{"@type":"EntryPoint","urlTemplate":"https:\/\/deputadotaveirajr.com.br\/?s={search_term_string}"},"query-input":{"@type":"PropertyValueSpecification","valueRequired":true,"valueName":"search_term_string"}}],"inLanguage":"pt-BR"},{"@type":"Organization","@id":"https:\/\/deputadotaveirajr.com.br\/#organization","name":"Taveira Jr","url":"https:\/\/deputadotaveirajr.com.br\/","logo":{"@type":"ImageObject","inLanguage":"pt-BR","@id":"https:\/\/deputadotaveirajr.com.br\/#\/schema\/logo\/image\/","url":"https:\/\/deputadotaveirajr.com.br\/wp-content\/uploads\/2026\/01\/logolow2a.png","contentUrl":"https:\/\/deputadotaveirajr.com.br\/wp-content\/uploads\/2026\/01\/logolow2a.png","width":290,"height":80,"caption":"Taveira Jr"},"image":{"@id":"https:\/\/deputadotaveirajr.com.br\/#\/schema\/logo\/image\/"}}]}},"_links":{"self":[{"href":"https:\/\/deputadotaveirajr.com.br\/index.php\/wp-json\/wp\/v2\/pages\/13161","targetHints":{"allow":["GET"]}}],"collection":[{"href":"https:\/\/deputadotaveirajr.com.br\/index.php\/wp-json\/wp\/v2\/pages"}],"about":[{"href":"https:\/\/deputadotaveirajr.com.br\/index.php\/wp-json\/wp\/v2\/types\/page"}],"replies":[{"embeddable":true,"href":"https:\/\/deputadotaveirajr.com.br\/index.php\/wp-json\/wp\/v2\/comments?post=13161"}],"version-history":[{"count":0,"href":"https:\/\/deputadotaveirajr.com.br\/index.php\/wp-json\/wp\/v2\/pages\/13161\/revisions"}],"wp:featuredmedia":[{"embeddable":true,"href":"https:\/\/deputadotaveirajr.com.br\/index.php\/wp-json\/wp\/v2\/media\/13162"}],"wp:attachment":[{"href":"https:\/\/deputadotaveirajr.com.br\/index.php\/wp-json\/wp\/v2\/media?parent=13161"}],"curies":[{"name":"wp","href":"https:\/\/api.w.org\/{rel}","templated":true}]}}