{"id":13173,"date":"2025-06-10T12:59:00","date_gmt":"2025-06-10T15:59:00","guid":{"rendered":"https:\/\/deputadotaveirajr.com.br\/index.php\/sao-joao-impulsiona-turismo-e-rn-registra-70-de-ocupacao-hoteleira-em-junho-aponta-abih\/"},"modified":"2025-06-10T12:59:00","modified_gmt":"2025-06-10T15:59:00","slug":"sao-joao-impulsiona-turismo-e-rn-registra-70-de-ocupacao-hoteleira-em-junho-aponta-abih","status":"publish","type":"page","link":"https:\/\/deputadotaveirajr.com.br\/index.php\/sao-joao-impulsiona-turismo-e-rn-registra-70-de-ocupacao-hoteleira-em-junho-aponta-abih\/","title":{"rendered":"S\u00e3o Jo\u00e3o impulsiona turismo e RN registra 70% de ocupa\u00e7\u00e3o hoteleira em junho, aponta ABIH"},"content":{"rendered":"<p><img decoding=\"async\" src=\"https:\/\/s2-g1.glbimg.com\/eB3cTYVVJ1ERk3ZKJ7RvYJPKF9M=\/i.s3.glbimg.com\/v1\/AUTH_59edd422c0c84a879bd37670ae4f538a\/internal_photos\/bs\/2025\/F\/n\/PE7afUQ5icbuXqtuatng\/pingo-da-mei-dia.jpg\" \/><br \/>     Mossor\u00f3 atinge 79% de ocupa\u00e7\u00e3o, impulsionada pelo Cidade Junina; Natal registra 66%. Pingo da Mei Dia abre o Mossor\u00f3 Cidade Junina em 2025<br \/>\nFrancinildo Silva\/Prefeitura de Mossor\u00f3<br \/>\nO Rio Grande do Norte tem uma taxa m\u00e9dia de 70% na ocupa\u00e7\u00e3o dos hot\u00e9is associados \u00e0 Associa\u00e7\u00e3o Brasileira da Ind\u00fastria de Hot\u00e9is no estado (ABIH-RN) durante o m\u00eas de junho. Os dados refor\u00e7am a consolida\u00e7\u00e3o do estado como um dos principais destinos tur\u00edsticos do Nordeste durante o per\u00edodo junino.<br \/>\nEntre os munic\u00edpios potiguares, Mossor\u00f3 alcan\u00e7ou 79% de ocupa\u00e7\u00e3o, impulsionada pelo Mossor\u00f3 Cidade Junina. Em Natal, a taxa foi de 66%, com destaque para o fluxo de turistas regionais.<br \/>\n\ud83d\udcf3Participe do canal do g1 RN no WhatsApp<br \/>\nDe acordo com o presidente da ABIH-RN, Edmar Gadelha, o desempenho reflete o impacto das festas no setor.<br \/>\n\u201cOs n\u00fameros refor\u00e7am a efic\u00e1cia da nossa estrat\u00e9gia de diversificar o calend\u00e1rio de eventos. Mossor\u00f3, por exemplo, j\u00e1 ultrapassou 90% de ocupa\u00e7\u00e3o em edi\u00e7\u00f5es anteriores do seu S\u00e3o Jo\u00e3o, e esse ano mant\u00e9m uma demanda robusta. Em Natal, mesmo com um percentual menor, vemos um fluxo consistente\u201d, afirmou.<br \/>\nGadelha tamb\u00e9m apontou que a\u00e7\u00f5es integradas entre setor p\u00fablico e privado s\u00e3o fundamentais para reduzir a sazonalidade do turismo no estado.<br \/>\n\u201cEventos como o Mossor\u00f3 Cidade Junina e o S\u00e3o Jo\u00e3o de Natal provam que, com planejamento e promo\u00e7\u00e3o adequados, podemos atrair visitantes o ano todo\u201d, disse.<br \/>\nA expectativa da associa\u00e7\u00e3o \u00e9 que o m\u00eas de junho feche com n\u00fameros pr\u00f3ximos \u00e0s proje\u00e7\u00f5es, refor\u00e7ando a import\u00e2ncia do per\u00edodo para a economia do turismo no RN.<br \/>\ng1 RN tem p\u00e1gina especial sobre o S\u00e3o Jo\u00e3o de Natal<br \/>\nVeja os v\u00eddeos mais assistidos do g1 RN<\/p>","protected":false},"excerpt":{"rendered":"<p>Mossor\u00f3 atinge 79% de ocupa\u00e7\u00e3o, impulsionada pelo Cidade Junina; Natal registra 66%. Pingo da Mei Dia abre o Mossor\u00f3 Cidade Junina em 2025 Francinildo Silva\/Prefeitura de Mossor\u00f3 O Rio Grande &#8230;<\/p>\n","protected":false},"author":0,"featured_media":13174,"parent":0,"menu_order":0,"comment_status":"closed","ping_status":"closed","template":"","meta":{"footnotes":""},"class_list":["post-13173","page","type-page","status-publish","has-post-thumbnail","hentry"],"yoast_head":"<!-- This site is optimized with the Yoast SEO plugin v27.1.1 - https:\/\/yoast.com\/product\/yoast-seo-wordpress\/ -->\n<title>S\u00e3o Jo\u00e3o impulsiona turismo e RN registra 70% de ocupa\u00e7\u00e3o hoteleira em junho, aponta ABIH - Taveira Jr<\/title>\n<meta name=\"robots\" content=\"index, follow, max-snippet:-1, max-image-preview:large, max-video-preview:-1\" \/>\n<link rel=\"canonical\" href=\"https:\/\/deputadotaveirajr.com.br\/index.php\/sao-joao-impulsiona-turismo-e-rn-registra-70-de-ocupacao-hoteleira-em-junho-aponta-abih\/\" \/>\n<meta property=\"og:locale\" content=\"pt_BR\" \/>\n<meta property=\"og:type\" content=\"article\" \/>\n<meta property=\"og:title\" content=\"S\u00e3o Jo\u00e3o impulsiona turismo e RN registra 70% de ocupa\u00e7\u00e3o hoteleira em junho, aponta ABIH - Taveira Jr\" \/>\n<meta property=\"og:description\" content=\"Mossor\u00f3 atinge 79% de ocupa\u00e7\u00e3o, impulsionada pelo Cidade Junina; Natal registra 66%. Pingo da Mei Dia abre o Mossor\u00f3 Cidade Junina em 2025 Francinildo Silva\/Prefeitura de Mossor\u00f3 O Rio Grande ...\" \/>\n<meta property=\"og:url\" content=\"https:\/\/deputadotaveirajr.com.br\/index.php\/sao-joao-impulsiona-turismo-e-rn-registra-70-de-ocupacao-hoteleira-em-junho-aponta-abih\/\" \/>\n<meta property=\"og:site_name\" content=\"Taveira Jr\" \/>\n<meta property=\"og:image\" content=\"https:\/\/s2-g1.glbimg.com\/eB3cTYVVJ1ERk3ZKJ7RvYJPKF9M=\/i.s3.glbimg.com\/v1\/AUTH_59edd422c0c84a879bd37670ae4f538a\/internal_photos\/bs\/2025\/F\/n\/PE7afUQ5icbuXqtuatng\/pingo-da-mei-dia.jpg\" \/>\n<meta name=\"twitter:card\" content=\"summary_large_image\" \/>\n<meta name=\"twitter:label1\" content=\"Est. tempo de leitura\" \/>\n\t<meta name=\"twitter:data1\" content=\"2 minutos\" \/>\n<script type=\"application\/ld+json\" class=\"yoast-schema-graph\">{\"@context\":\"https:\/\/schema.org\",\"@graph\":[{\"@type\":\"WebPage\",\"@id\":\"https:\/\/deputadotaveirajr.com.br\/index.php\/sao-joao-impulsiona-turismo-e-rn-registra-70-de-ocupacao-hoteleira-em-junho-aponta-abih\/\",\"url\":\"https:\/\/deputadotaveirajr.com.br\/index.php\/sao-joao-impulsiona-turismo-e-rn-registra-70-de-ocupacao-hoteleira-em-junho-aponta-abih\/\",\"name\":\"S\u00e3o Jo\u00e3o impulsiona turismo e RN registra 70% de ocupa\u00e7\u00e3o hoteleira em junho, aponta ABIH - Taveira Jr\",\"isPartOf\":{\"@id\":\"https:\/\/deputadotaveirajr.com.br\/#website\"},\"primaryImageOfPage\":{\"@id\":\"https:\/\/deputadotaveirajr.com.br\/index.php\/sao-joao-impulsiona-turismo-e-rn-registra-70-de-ocupacao-hoteleira-em-junho-aponta-abih\/#primaryimage\"},\"image\":{\"@id\":\"https:\/\/deputadotaveirajr.com.br\/index.php\/sao-joao-impulsiona-turismo-e-rn-registra-70-de-ocupacao-hoteleira-em-junho-aponta-abih\/#primaryimage\"},\"thumbnailUrl\":\"https:\/\/deputadotaveirajr.com.br\/wp-content\/uploads\/2025\/06\/pingo-da-mei-dia-fVfp0A.jpg\",\"datePublished\":\"2025-06-10T15:59:00+00:00\",\"breadcrumb\":{\"@id\":\"https:\/\/deputadotaveirajr.com.br\/index.php\/sao-joao-impulsiona-turismo-e-rn-registra-70-de-ocupacao-hoteleira-em-junho-aponta-abih\/#breadcrumb\"},\"inLanguage\":\"pt-BR\",\"potentialAction\":[{\"@type\":\"ReadAction\",\"target\":[\"https:\/\/deputadotaveirajr.com.br\/index.php\/sao-joao-impulsiona-turismo-e-rn-registra-70-de-ocupacao-hoteleira-em-junho-aponta-abih\/\"]}]},{\"@type\":\"ImageObject\",\"inLanguage\":\"pt-BR\",\"@id\":\"https:\/\/deputadotaveirajr.com.br\/index.php\/sao-joao-impulsiona-turismo-e-rn-registra-70-de-ocupacao-hoteleira-em-junho-aponta-abih\/#primaryimage\",\"url\":\"https:\/\/deputadotaveirajr.com.br\/wp-content\/uploads\/2025\/06\/pingo-da-mei-dia-fVfp0A.jpg\",\"contentUrl\":\"https:\/\/deputadotaveirajr.com.br\/wp-content\/uploads\/2025\/06\/pingo-da-mei-dia-fVfp0A.jpg\",\"width\":1600,\"height\":1181},{\"@type\":\"BreadcrumbList\",\"@id\":\"https:\/\/deputadotaveirajr.com.br\/index.php\/sao-joao-impulsiona-turismo-e-rn-registra-70-de-ocupacao-hoteleira-em-junho-aponta-abih\/#breadcrumb\",\"itemListElement\":[{\"@type\":\"ListItem\",\"position\":1,\"name\":\"In\u00edcio\",\"item\":\"https:\/\/deputadotaveirajr.com.br\/\"},{\"@type\":\"ListItem\",\"position\":2,\"name\":\"S\u00e3o Jo\u00e3o impulsiona turismo e RN registra 70% de ocupa\u00e7\u00e3o hoteleira em junho, aponta ABIH\"}]},{\"@type\":\"WebSite\",\"@id\":\"https:\/\/deputadotaveirajr.com.br\/#website\",\"url\":\"https:\/\/deputadotaveirajr.com.br\/\",\"name\":\"Taveira Jr\",\"description\":\"Deputado Estadual\",\"publisher\":{\"@id\":\"https:\/\/deputadotaveirajr.com.br\/#organization\"},\"potentialAction\":[{\"@type\":\"SearchAction\",\"target\":{\"@type\":\"EntryPoint\",\"urlTemplate\":\"https:\/\/deputadotaveirajr.com.br\/?s={search_term_string}\"},\"query-input\":{\"@type\":\"PropertyValueSpecification\",\"valueRequired\":true,\"valueName\":\"search_term_string\"}}],\"inLanguage\":\"pt-BR\"},{\"@type\":\"Organization\",\"@id\":\"https:\/\/deputadotaveirajr.com.br\/#organization\",\"name\":\"Taveira Jr\",\"url\":\"https:\/\/deputadotaveirajr.com.br\/\",\"logo\":{\"@type\":\"ImageObject\",\"inLanguage\":\"pt-BR\",\"@id\":\"https:\/\/deputadotaveirajr.com.br\/#\/schema\/logo\/image\/\",\"url\":\"https:\/\/deputadotaveirajr.com.br\/wp-content\/uploads\/2026\/01\/logolow2a.png\",\"contentUrl\":\"https:\/\/deputadotaveirajr.com.br\/wp-content\/uploads\/2026\/01\/logolow2a.png\",\"width\":290,\"height\":80,\"caption\":\"Taveira Jr\"},\"image\":{\"@id\":\"https:\/\/deputadotaveirajr.com.br\/#\/schema\/logo\/image\/\"}}]}<\/script>\n<!-- \/ Yoast SEO plugin. -->","yoast_head_json":{"title":"S\u00e3o Jo\u00e3o impulsiona turismo e RN registra 70% de ocupa\u00e7\u00e3o hoteleira em junho, aponta ABIH - Taveira Jr","robots":{"index":"index","follow":"follow","max-snippet":"max-snippet:-1","max-image-preview":"max-image-preview:large","max-video-preview":"max-video-preview:-1"},"canonical":"https:\/\/deputadotaveirajr.com.br\/index.php\/sao-joao-impulsiona-turismo-e-rn-registra-70-de-ocupacao-hoteleira-em-junho-aponta-abih\/","og_locale":"pt_BR","og_type":"article","og_title":"S\u00e3o Jo\u00e3o impulsiona turismo e RN registra 70% de ocupa\u00e7\u00e3o hoteleira em junho, aponta ABIH - Taveira Jr","og_description":"Mossor\u00f3 atinge 79% de ocupa\u00e7\u00e3o, impulsionada pelo Cidade Junina; Natal registra 66%. Pingo da Mei Dia abre o Mossor\u00f3 Cidade Junina em 2025 Francinildo Silva\/Prefeitura de Mossor\u00f3 O Rio Grande ...","og_url":"https:\/\/deputadotaveirajr.com.br\/index.php\/sao-joao-impulsiona-turismo-e-rn-registra-70-de-ocupacao-hoteleira-em-junho-aponta-abih\/","og_site_name":"Taveira Jr","og_image":[{"url":"https:\/\/s2-g1.glbimg.com\/eB3cTYVVJ1ERk3ZKJ7RvYJPKF9M=\/i.s3.glbimg.com\/v1\/AUTH_59edd422c0c84a879bd37670ae4f538a\/internal_photos\/bs\/2025\/F\/n\/PE7afUQ5icbuXqtuatng\/pingo-da-mei-dia.jpg","type":"","width":"","height":""}],"twitter_card":"summary_large_image","twitter_misc":{"Est. tempo de leitura":"2 minutos"},"schema":{"@context":"https:\/\/schema.org","@graph":[{"@type":"WebPage","@id":"https:\/\/deputadotaveirajr.com.br\/index.php\/sao-joao-impulsiona-turismo-e-rn-registra-70-de-ocupacao-hoteleira-em-junho-aponta-abih\/","url":"https:\/\/deputadotaveirajr.com.br\/index.php\/sao-joao-impulsiona-turismo-e-rn-registra-70-de-ocupacao-hoteleira-em-junho-aponta-abih\/","name":"S\u00e3o Jo\u00e3o impulsiona turismo e RN registra 70% de ocupa\u00e7\u00e3o hoteleira em junho, aponta ABIH - Taveira Jr","isPartOf":{"@id":"https:\/\/deputadotaveirajr.com.br\/#website"},"primaryImageOfPage":{"@id":"https:\/\/deputadotaveirajr.com.br\/index.php\/sao-joao-impulsiona-turismo-e-rn-registra-70-de-ocupacao-hoteleira-em-junho-aponta-abih\/#primaryimage"},"image":{"@id":"https:\/\/deputadotaveirajr.com.br\/index.php\/sao-joao-impulsiona-turismo-e-rn-registra-70-de-ocupacao-hoteleira-em-junho-aponta-abih\/#primaryimage"},"thumbnailUrl":"https:\/\/deputadotaveirajr.com.br\/wp-content\/uploads\/2025\/06\/pingo-da-mei-dia-fVfp0A.jpg","datePublished":"2025-06-10T15:59:00+00:00","breadcrumb":{"@id":"https:\/\/deputadotaveirajr.com.br\/index.php\/sao-joao-impulsiona-turismo-e-rn-registra-70-de-ocupacao-hoteleira-em-junho-aponta-abih\/#breadcrumb"},"inLanguage":"pt-BR","potentialAction":[{"@type":"ReadAction","target":["https:\/\/deputadotaveirajr.com.br\/index.php\/sao-joao-impulsiona-turismo-e-rn-registra-70-de-ocupacao-hoteleira-em-junho-aponta-abih\/"]}]},{"@type":"ImageObject","inLanguage":"pt-BR","@id":"https:\/\/deputadotaveirajr.com.br\/index.php\/sao-joao-impulsiona-turismo-e-rn-registra-70-de-ocupacao-hoteleira-em-junho-aponta-abih\/#primaryimage","url":"https:\/\/deputadotaveirajr.com.br\/wp-content\/uploads\/2025\/06\/pingo-da-mei-dia-fVfp0A.jpg","contentUrl":"https:\/\/deputadotaveirajr.com.br\/wp-content\/uploads\/2025\/06\/pingo-da-mei-dia-fVfp0A.jpg","width":1600,"height":1181},{"@type":"BreadcrumbList","@id":"https:\/\/deputadotaveirajr.com.br\/index.php\/sao-joao-impulsiona-turismo-e-rn-registra-70-de-ocupacao-hoteleira-em-junho-aponta-abih\/#breadcrumb","itemListElement":[{"@type":"ListItem","position":1,"name":"In\u00edcio","item":"https:\/\/deputadotaveirajr.com.br\/"},{"@type":"ListItem","position":2,"name":"S\u00e3o Jo\u00e3o impulsiona turismo e RN registra 70% de ocupa\u00e7\u00e3o hoteleira em junho, aponta ABIH"}]},{"@type":"WebSite","@id":"https:\/\/deputadotaveirajr.com.br\/#website","url":"https:\/\/deputadotaveirajr.com.br\/","name":"Taveira Jr","description":"Deputado Estadual","publisher":{"@id":"https:\/\/deputadotaveirajr.com.br\/#organization"},"potentialAction":[{"@type":"SearchAction","target":{"@type":"EntryPoint","urlTemplate":"https:\/\/deputadotaveirajr.com.br\/?s={search_term_string}"},"query-input":{"@type":"PropertyValueSpecification","valueRequired":true,"valueName":"search_term_string"}}],"inLanguage":"pt-BR"},{"@type":"Organization","@id":"https:\/\/deputadotaveirajr.com.br\/#organization","name":"Taveira Jr","url":"https:\/\/deputadotaveirajr.com.br\/","logo":{"@type":"ImageObject","inLanguage":"pt-BR","@id":"https:\/\/deputadotaveirajr.com.br\/#\/schema\/logo\/image\/","url":"https:\/\/deputadotaveirajr.com.br\/wp-content\/uploads\/2026\/01\/logolow2a.png","contentUrl":"https:\/\/deputadotaveirajr.com.br\/wp-content\/uploads\/2026\/01\/logolow2a.png","width":290,"height":80,"caption":"Taveira Jr"},"image":{"@id":"https:\/\/deputadotaveirajr.com.br\/#\/schema\/logo\/image\/"}}]}},"_links":{"self":[{"href":"https:\/\/deputadotaveirajr.com.br\/index.php\/wp-json\/wp\/v2\/pages\/13173","targetHints":{"allow":["GET"]}}],"collection":[{"href":"https:\/\/deputadotaveirajr.com.br\/index.php\/wp-json\/wp\/v2\/pages"}],"about":[{"href":"https:\/\/deputadotaveirajr.com.br\/index.php\/wp-json\/wp\/v2\/types\/page"}],"replies":[{"embeddable":true,"href":"https:\/\/deputadotaveirajr.com.br\/index.php\/wp-json\/wp\/v2\/comments?post=13173"}],"version-history":[{"count":0,"href":"https:\/\/deputadotaveirajr.com.br\/index.php\/wp-json\/wp\/v2\/pages\/13173\/revisions"}],"wp:featuredmedia":[{"embeddable":true,"href":"https:\/\/deputadotaveirajr.com.br\/index.php\/wp-json\/wp\/v2\/media\/13174"}],"wp:attachment":[{"href":"https:\/\/deputadotaveirajr.com.br\/index.php\/wp-json\/wp\/v2\/media?parent=13173"}],"curies":[{"name":"wp","href":"https:\/\/api.w.org\/{rel}","templated":true}]}}