{"id":13186,"date":"2025-06-13T15:11:42","date_gmt":"2025-06-13T18:11:42","guid":{"rendered":"https:\/\/deputadotaveirajr.com.br\/index.php\/idoso-morre-atropelado-em-faixa-de-pedestre-em-natal\/"},"modified":"2025-06-13T15:11:42","modified_gmt":"2025-06-13T18:11:42","slug":"idoso-morre-atropelado-em-faixa-de-pedestre-em-natal","status":"publish","type":"page","link":"https:\/\/deputadotaveirajr.com.br\/index.php\/idoso-morre-atropelado-em-faixa-de-pedestre-em-natal\/","title":{"rendered":"Idoso morre atropelado em faixa de pedestre em Natal"},"content":{"rendered":"<p><img decoding=\"async\" src=\"https:\/\/s2-g1.glbimg.com\/ToU5aqXxpWkrFxaVfwEkTHESDAs=\/i.s3.glbimg.com\/v1\/AUTH_59edd422c0c84a879bd37670ae4f538a\/internal_photos\/bs\/2025\/F\/c\/cb8eOfTvO6ASVsYx5SXA\/whatsapp-image-2025-06-13-at-14.41.03.jpeg\" \/><br \/>     Acidente aconteceu na manh\u00e3 desta sexta (13) na Avenida Felizardo Moura. Motorista do ve\u00edculo disse que v\u00edtima apareceu rapidamente e por isso n\u00e3o conseguiu parar. Acidente aconteceu na manh\u00e3 desta sexta-feira na Felizardo Moura<br \/>\nS\u00e9rgio Henrique Santos\/Inter TV Cabugi<br \/>\nUm idoso morreu atropelado por uma caminhonete no fim da manh\u00e3 desta sexta-feira (13) quando atravessava uma faixa de pedestres na Avenida Felizardo Moura, na Zona Oeste de Natal.<br \/>\nA v\u00edtima foi identificada como Luiz Gonzaga Morais Gon\u00e7alves, de 66 anos de idade. Ele chegou a ser arrastado com o impacto do acidente e morreu na hora, antes da chegada da ambul\u00e2ncia.<br \/>\n\ud83d\udcf3Participe do canal do g1 RN no WhatsApp<br \/>\nDe acordo com a Secretaria Mobilidade Urbana de Natal (STTU), o motorista do ve\u00edculo disse que o idoso teria atravessado a faixa rapidamente e que ele n\u00e3o conseguiu parar a tempo.<br \/>\n&#8220;Ele disse que n\u00e3o percebeu quando viu o senhor na frente, tentou desviar, mas infelizmente n\u00e3o conseguiu evitar o atropelamento e parou mais ali na frente. Infelizmente, veio esse senhor a \u00f3bito no local&#8221;,  explicou o inspetor M\u00e1rcio, da STTU.<br \/>\nO acidente aconteceu pouco antes das 12h. O ve\u00edculo, segundo a STTU, transitava normalmente na faixa revers\u00edvel da Felizardo Moura quando ocorreu o acidente. O motorista permaneceu no local ap\u00f3s o acidente.<br \/>\n&#8220;Ficou no local. Ele estava meio abalado, ficou abalado, em choque, mas ficou no local e est\u00e1 prestando os pedidos de esclarecimento&#8221;, falou o inspetor.<br \/>\nA morte foi constatada pela equipe do Servi\u00e7o de Atendimento M\u00f3vel de Urg\u00eancia (Samu), assim que a ambul\u00e2ncia chegou ao local.<br \/>\nA STTU informou por nota que a via permanecia, \u00e0s 15h, parcialmente interditada para &#8220;conclus\u00e3o dos protocolos operacionais e periciais&#8221;.<br \/>\nO Instituto T\u00e9cnico-Cient\u00edfico de Per\u00edcia (Itep) foi acionado para averiguar o acidente e realizar a necropsia do corpo. Como o caso envolveu morte, a investiga\u00e7\u00e3o fica a cargo da Delegacia Especializada em Acidentes de Tr\u00e2nsito.<br \/>\n\u2b07\ufe0f Acidentes de tr\u00e2nsito foram registados em Natal e Cear\u00e1-mirim nesta sexta-feira. Veja v\u00eddeo:<br \/>\nAcidente de tr\u00e2nsito s\u00e3o registados em Natal e Cear\u00e1-mirim<br \/>\nV\u00eddeos mais assistidos do g1 RN<\/p>","protected":false},"excerpt":{"rendered":"<p>Acidente aconteceu na manh\u00e3 desta sexta (13) na Avenida Felizardo Moura. Motorista do ve\u00edculo disse que v\u00edtima apareceu rapidamente e por isso n\u00e3o conseguiu parar. Acidente aconteceu na manh\u00e3 desta &#8230;<\/p>\n","protected":false},"author":0,"featured_media":13187,"parent":0,"menu_order":0,"comment_status":"closed","ping_status":"closed","template":"","meta":{"footnotes":""},"class_list":["post-13186","page","type-page","status-publish","has-post-thumbnail","hentry"],"yoast_head":"<!-- This site is optimized with the Yoast SEO plugin v27.1.1 - https:\/\/yoast.com\/product\/yoast-seo-wordpress\/ -->\n<title>Idoso morre atropelado em faixa de pedestre em Natal - Taveira Jr<\/title>\n<meta name=\"robots\" content=\"index, follow, max-snippet:-1, max-image-preview:large, max-video-preview:-1\" \/>\n<link rel=\"canonical\" href=\"https:\/\/deputadotaveirajr.com.br\/index.php\/idoso-morre-atropelado-em-faixa-de-pedestre-em-natal\/\" \/>\n<meta property=\"og:locale\" content=\"pt_BR\" \/>\n<meta property=\"og:type\" content=\"article\" \/>\n<meta property=\"og:title\" content=\"Idoso morre atropelado em faixa de pedestre em Natal - Taveira Jr\" \/>\n<meta property=\"og:description\" content=\"Acidente aconteceu na manh\u00e3 desta sexta (13) na Avenida Felizardo Moura. Motorista do ve\u00edculo disse que v\u00edtima apareceu rapidamente e por isso n\u00e3o conseguiu parar. Acidente aconteceu na manh\u00e3 desta ...\" \/>\n<meta property=\"og:url\" content=\"https:\/\/deputadotaveirajr.com.br\/index.php\/idoso-morre-atropelado-em-faixa-de-pedestre-em-natal\/\" \/>\n<meta property=\"og:site_name\" content=\"Taveira Jr\" \/>\n<meta property=\"og:image\" content=\"https:\/\/s2-g1.glbimg.com\/ToU5aqXxpWkrFxaVfwEkTHESDAs=\/i.s3.glbimg.com\/v1\/AUTH_59edd422c0c84a879bd37670ae4f538a\/internal_photos\/bs\/2025\/F\/c\/cb8eOfTvO6ASVsYx5SXA\/whatsapp-image-2025-06-13-at-14.41.03.jpeg\" \/>\n<meta name=\"twitter:card\" content=\"summary_large_image\" \/>\n<meta name=\"twitter:label1\" content=\"Est. tempo de leitura\" \/>\n\t<meta name=\"twitter:data1\" content=\"2 minutos\" \/>\n<script type=\"application\/ld+json\" class=\"yoast-schema-graph\">{\"@context\":\"https:\/\/schema.org\",\"@graph\":[{\"@type\":\"WebPage\",\"@id\":\"https:\/\/deputadotaveirajr.com.br\/index.php\/idoso-morre-atropelado-em-faixa-de-pedestre-em-natal\/\",\"url\":\"https:\/\/deputadotaveirajr.com.br\/index.php\/idoso-morre-atropelado-em-faixa-de-pedestre-em-natal\/\",\"name\":\"Idoso morre atropelado em faixa de pedestre em Natal - Taveira Jr\",\"isPartOf\":{\"@id\":\"https:\/\/deputadotaveirajr.com.br\/#website\"},\"primaryImageOfPage\":{\"@id\":\"https:\/\/deputadotaveirajr.com.br\/index.php\/idoso-morre-atropelado-em-faixa-de-pedestre-em-natal\/#primaryimage\"},\"image\":{\"@id\":\"https:\/\/deputadotaveirajr.com.br\/index.php\/idoso-morre-atropelado-em-faixa-de-pedestre-em-natal\/#primaryimage\"},\"thumbnailUrl\":\"https:\/\/deputadotaveirajr.com.br\/wp-content\/uploads\/2025\/06\/whatsapp-image-2025-06-13-at-14.41.03-syFpt0-scaled.jpg\",\"datePublished\":\"2025-06-13T18:11:42+00:00\",\"breadcrumb\":{\"@id\":\"https:\/\/deputadotaveirajr.com.br\/index.php\/idoso-morre-atropelado-em-faixa-de-pedestre-em-natal\/#breadcrumb\"},\"inLanguage\":\"pt-BR\",\"potentialAction\":[{\"@type\":\"ReadAction\",\"target\":[\"https:\/\/deputadotaveirajr.com.br\/index.php\/idoso-morre-atropelado-em-faixa-de-pedestre-em-natal\/\"]}]},{\"@type\":\"ImageObject\",\"inLanguage\":\"pt-BR\",\"@id\":\"https:\/\/deputadotaveirajr.com.br\/index.php\/idoso-morre-atropelado-em-faixa-de-pedestre-em-natal\/#primaryimage\",\"url\":\"https:\/\/deputadotaveirajr.com.br\/wp-content\/uploads\/2025\/06\/whatsapp-image-2025-06-13-at-14.41.03-syFpt0-scaled.jpg\",\"contentUrl\":\"https:\/\/deputadotaveirajr.com.br\/wp-content\/uploads\/2025\/06\/whatsapp-image-2025-06-13-at-14.41.03-syFpt0-scaled.jpg\",\"width\":2560,\"height\":1920},{\"@type\":\"BreadcrumbList\",\"@id\":\"https:\/\/deputadotaveirajr.com.br\/index.php\/idoso-morre-atropelado-em-faixa-de-pedestre-em-natal\/#breadcrumb\",\"itemListElement\":[{\"@type\":\"ListItem\",\"position\":1,\"name\":\"In\u00edcio\",\"item\":\"https:\/\/deputadotaveirajr.com.br\/\"},{\"@type\":\"ListItem\",\"position\":2,\"name\":\"Idoso morre atropelado em faixa de pedestre em Natal\"}]},{\"@type\":\"WebSite\",\"@id\":\"https:\/\/deputadotaveirajr.com.br\/#website\",\"url\":\"https:\/\/deputadotaveirajr.com.br\/\",\"name\":\"Taveira Jr\",\"description\":\"Deputado Estadual\",\"publisher\":{\"@id\":\"https:\/\/deputadotaveirajr.com.br\/#organization\"},\"potentialAction\":[{\"@type\":\"SearchAction\",\"target\":{\"@type\":\"EntryPoint\",\"urlTemplate\":\"https:\/\/deputadotaveirajr.com.br\/?s={search_term_string}\"},\"query-input\":{\"@type\":\"PropertyValueSpecification\",\"valueRequired\":true,\"valueName\":\"search_term_string\"}}],\"inLanguage\":\"pt-BR\"},{\"@type\":\"Organization\",\"@id\":\"https:\/\/deputadotaveirajr.com.br\/#organization\",\"name\":\"Taveira Jr\",\"url\":\"https:\/\/deputadotaveirajr.com.br\/\",\"logo\":{\"@type\":\"ImageObject\",\"inLanguage\":\"pt-BR\",\"@id\":\"https:\/\/deputadotaveirajr.com.br\/#\/schema\/logo\/image\/\",\"url\":\"https:\/\/deputadotaveirajr.com.br\/wp-content\/uploads\/2026\/01\/logolow2a.png\",\"contentUrl\":\"https:\/\/deputadotaveirajr.com.br\/wp-content\/uploads\/2026\/01\/logolow2a.png\",\"width\":290,\"height\":80,\"caption\":\"Taveira Jr\"},\"image\":{\"@id\":\"https:\/\/deputadotaveirajr.com.br\/#\/schema\/logo\/image\/\"}}]}<\/script>\n<!-- \/ Yoast SEO plugin. -->","yoast_head_json":{"title":"Idoso morre atropelado em faixa de pedestre em Natal - Taveira Jr","robots":{"index":"index","follow":"follow","max-snippet":"max-snippet:-1","max-image-preview":"max-image-preview:large","max-video-preview":"max-video-preview:-1"},"canonical":"https:\/\/deputadotaveirajr.com.br\/index.php\/idoso-morre-atropelado-em-faixa-de-pedestre-em-natal\/","og_locale":"pt_BR","og_type":"article","og_title":"Idoso morre atropelado em faixa de pedestre em Natal - Taveira Jr","og_description":"Acidente aconteceu na manh\u00e3 desta sexta (13) na Avenida Felizardo Moura. Motorista do ve\u00edculo disse que v\u00edtima apareceu rapidamente e por isso n\u00e3o conseguiu parar. Acidente aconteceu na manh\u00e3 desta ...","og_url":"https:\/\/deputadotaveirajr.com.br\/index.php\/idoso-morre-atropelado-em-faixa-de-pedestre-em-natal\/","og_site_name":"Taveira Jr","og_image":[{"url":"https:\/\/s2-g1.glbimg.com\/ToU5aqXxpWkrFxaVfwEkTHESDAs=\/i.s3.glbimg.com\/v1\/AUTH_59edd422c0c84a879bd37670ae4f538a\/internal_photos\/bs\/2025\/F\/c\/cb8eOfTvO6ASVsYx5SXA\/whatsapp-image-2025-06-13-at-14.41.03.jpeg","type":"","width":"","height":""}],"twitter_card":"summary_large_image","twitter_misc":{"Est. tempo de leitura":"2 minutos"},"schema":{"@context":"https:\/\/schema.org","@graph":[{"@type":"WebPage","@id":"https:\/\/deputadotaveirajr.com.br\/index.php\/idoso-morre-atropelado-em-faixa-de-pedestre-em-natal\/","url":"https:\/\/deputadotaveirajr.com.br\/index.php\/idoso-morre-atropelado-em-faixa-de-pedestre-em-natal\/","name":"Idoso morre atropelado em faixa de pedestre em Natal - Taveira Jr","isPartOf":{"@id":"https:\/\/deputadotaveirajr.com.br\/#website"},"primaryImageOfPage":{"@id":"https:\/\/deputadotaveirajr.com.br\/index.php\/idoso-morre-atropelado-em-faixa-de-pedestre-em-natal\/#primaryimage"},"image":{"@id":"https:\/\/deputadotaveirajr.com.br\/index.php\/idoso-morre-atropelado-em-faixa-de-pedestre-em-natal\/#primaryimage"},"thumbnailUrl":"https:\/\/deputadotaveirajr.com.br\/wp-content\/uploads\/2025\/06\/whatsapp-image-2025-06-13-at-14.41.03-syFpt0-scaled.jpg","datePublished":"2025-06-13T18:11:42+00:00","breadcrumb":{"@id":"https:\/\/deputadotaveirajr.com.br\/index.php\/idoso-morre-atropelado-em-faixa-de-pedestre-em-natal\/#breadcrumb"},"inLanguage":"pt-BR","potentialAction":[{"@type":"ReadAction","target":["https:\/\/deputadotaveirajr.com.br\/index.php\/idoso-morre-atropelado-em-faixa-de-pedestre-em-natal\/"]}]},{"@type":"ImageObject","inLanguage":"pt-BR","@id":"https:\/\/deputadotaveirajr.com.br\/index.php\/idoso-morre-atropelado-em-faixa-de-pedestre-em-natal\/#primaryimage","url":"https:\/\/deputadotaveirajr.com.br\/wp-content\/uploads\/2025\/06\/whatsapp-image-2025-06-13-at-14.41.03-syFpt0-scaled.jpg","contentUrl":"https:\/\/deputadotaveirajr.com.br\/wp-content\/uploads\/2025\/06\/whatsapp-image-2025-06-13-at-14.41.03-syFpt0-scaled.jpg","width":2560,"height":1920},{"@type":"BreadcrumbList","@id":"https:\/\/deputadotaveirajr.com.br\/index.php\/idoso-morre-atropelado-em-faixa-de-pedestre-em-natal\/#breadcrumb","itemListElement":[{"@type":"ListItem","position":1,"name":"In\u00edcio","item":"https:\/\/deputadotaveirajr.com.br\/"},{"@type":"ListItem","position":2,"name":"Idoso morre atropelado em faixa de pedestre em Natal"}]},{"@type":"WebSite","@id":"https:\/\/deputadotaveirajr.com.br\/#website","url":"https:\/\/deputadotaveirajr.com.br\/","name":"Taveira Jr","description":"Deputado Estadual","publisher":{"@id":"https:\/\/deputadotaveirajr.com.br\/#organization"},"potentialAction":[{"@type":"SearchAction","target":{"@type":"EntryPoint","urlTemplate":"https:\/\/deputadotaveirajr.com.br\/?s={search_term_string}"},"query-input":{"@type":"PropertyValueSpecification","valueRequired":true,"valueName":"search_term_string"}}],"inLanguage":"pt-BR"},{"@type":"Organization","@id":"https:\/\/deputadotaveirajr.com.br\/#organization","name":"Taveira Jr","url":"https:\/\/deputadotaveirajr.com.br\/","logo":{"@type":"ImageObject","inLanguage":"pt-BR","@id":"https:\/\/deputadotaveirajr.com.br\/#\/schema\/logo\/image\/","url":"https:\/\/deputadotaveirajr.com.br\/wp-content\/uploads\/2026\/01\/logolow2a.png","contentUrl":"https:\/\/deputadotaveirajr.com.br\/wp-content\/uploads\/2026\/01\/logolow2a.png","width":290,"height":80,"caption":"Taveira Jr"},"image":{"@id":"https:\/\/deputadotaveirajr.com.br\/#\/schema\/logo\/image\/"}}]}},"_links":{"self":[{"href":"https:\/\/deputadotaveirajr.com.br\/index.php\/wp-json\/wp\/v2\/pages\/13186","targetHints":{"allow":["GET"]}}],"collection":[{"href":"https:\/\/deputadotaveirajr.com.br\/index.php\/wp-json\/wp\/v2\/pages"}],"about":[{"href":"https:\/\/deputadotaveirajr.com.br\/index.php\/wp-json\/wp\/v2\/types\/page"}],"replies":[{"embeddable":true,"href":"https:\/\/deputadotaveirajr.com.br\/index.php\/wp-json\/wp\/v2\/comments?post=13186"}],"version-history":[{"count":0,"href":"https:\/\/deputadotaveirajr.com.br\/index.php\/wp-json\/wp\/v2\/pages\/13186\/revisions"}],"wp:featuredmedia":[{"embeddable":true,"href":"https:\/\/deputadotaveirajr.com.br\/index.php\/wp-json\/wp\/v2\/media\/13187"}],"wp:attachment":[{"href":"https:\/\/deputadotaveirajr.com.br\/index.php\/wp-json\/wp\/v2\/media?parent=13186"}],"curies":[{"name":"wp","href":"https:\/\/api.w.org\/{rel}","templated":true}]}}