{"id":13196,"date":"2025-06-13T19:47:41","date_gmt":"2025-06-13T22:47:41","guid":{"rendered":"https:\/\/deputadotaveirajr.com.br\/index.php\/secretario-municipal-de-natal-relata-apreensao-em-bunker-apos-ataque-a-israel-sensacao-de-inseguranca\/"},"modified":"2025-06-13T19:47:41","modified_gmt":"2025-06-13T22:47:41","slug":"secretario-municipal-de-natal-relata-apreensao-em-bunker-apos-ataque-a-israel-sensacao-de-inseguranca","status":"publish","type":"page","link":"https:\/\/deputadotaveirajr.com.br\/index.php\/secretario-municipal-de-natal-relata-apreensao-em-bunker-apos-ataque-a-israel-sensacao-de-inseguranca\/","title":{"rendered":"Secret\u00e1rio municipal de Natal relata apreens\u00e3o em bunker ap\u00f3s ataque a Israel: &#8216;Sensa\u00e7\u00e3o de inseguran\u00e7a&#8217;"},"content":{"rendered":"<p><img decoding=\"async\" src=\"https:\/\/s2-g1.glbimg.com\/2Nt5NwlL_U6qVKtTQQ03MYGYK80=\/i.s3.glbimg.com\/v1\/AUTH_59edd422c0c84a879bd37670ae4f538a\/internal_photos\/bs\/2025\/L\/6\/CnBZsLRAeUUBJfDuNDvQ\/vagner-araujo-esta-em-um-bunker.jpg\" \/><br \/>     Vagner Ara\u00fajo participa de visita de delega\u00e7\u00e3o com representantes de cidades brasileiras a Israel. Pa\u00eds sofreu bombardeio nesta sexta (13) horas depois de atacar Ir\u00e3.  Secret\u00e1rio municipal de Natal relata explos\u00f5es ouvidas e clima de apreens\u00e3o em Israel<br \/>\nO secret\u00e1rio municipal de Planejamento de Natal, Vagner Ara\u00fajo, relatou que viveu um clima de apreens\u00e3o em um bunker &#8211; um abrigo contra ataques a\u00e9reos &#8211; ap\u00f3s o bombardeio do Ir\u00e3 em Israel na tarde desta sexta-feira (13), no hor\u00e1rio de Bras\u00edlia.<br \/>\nO gestor foi para Israel junto com uma comitiva de representantes de cidades brasileiras e de outros pa\u00edses da Am\u00e9rica Latina, a convite do governo local, para conhecer sistemas de tecnologia em diversas \u00e1reas de seguran\u00e7a, de educa\u00e7\u00e3o, e de cidades inteligentes.<br \/>\n\ud83d\udcf3Participe do canal do g1 RN no WhatsApp<br \/>\nNa quinta-feira (12), Israel atacou o Ir\u00e3, que revidou nesta sexta. Vagner Ara\u00fajo relatou que ele e os demais representantes da comitiva receberam a instru\u00e7\u00e3o de seguir para um bunker cerca de 15 km distante de Tel Aviv, uma das cidades atacadas.<br \/>\n&#8220;No in\u00edcio da noite houve uma verdadeira chuva de drones. N\u00f3s recebemos pelo menos uns cinco alertas para descer e nos recolhermos nos abrigos&#8221;, contou.<br \/>\n&#8220;Daqui n\u00f3s conseguimos ouvir algumas explos\u00f5es&#8221;, falou.<br \/>\nV\u00e1gner Ara\u00fajo, Secret\u00e1rio de Planejamento de Natal, em bunker em Israel<br \/>\nReprodu\u00e7\u00e3o<br \/>\nO secret\u00e1rio relatou que as 35 pessoas da delega\u00e7\u00e3o, al\u00e9m de uns 20 locais, inclusive crian\u00e7as, estavam no bunker.<br \/>\n&#8220;Depois soubemos que \u00e9 uma parte desse barulho, dessas explos\u00f5es, desses estampidos n\u00e3o eram da chegada desses m\u00edsseis nos seus alvos, mas de intercepta\u00e7\u00f5es que eram feitas pelo chamado Domo de Ferro, que \u00e9 \u00e9 o sistema de prote\u00e7\u00e3o antia\u00e9reo que Israel tem&#8221;, disse.<br \/>\n&#8220;Mas, assim, a impress\u00e3o, a sensa\u00e7\u00e3o \u00e9 realmente de apreens\u00e3o, de inseguran\u00e7a&#8221;.<br \/>\nAO VIVO: Acompanhe as \u00faltimas atualiza\u00e7\u00f5es do agravamento da situa\u00e7\u00e3o Israel x Ir\u00e3<br \/>\nIr\u00e3 volta a atacar Israel com m\u00edsseis<br \/>\nExpectativa de voltar ao Brasil<br \/>\nO secret\u00e1rio contou que ap\u00f3s um sequ\u00eancia de ataques eles receberam um aviso que poderiam voltar para o solo, mas permanecessem em alerta.<br \/>\n&#8220;H\u00e1 poucos instantes recebemos um aviso, um alerta de que poder\u00edamos sair para do abrigo, voltar para para o solo l\u00e1 para para os apartamentos, mas que fiquemos de alerta porque a qualquer momento poderemos poder\u00e1 haver a necessidade de retornar&#8221;, disse.<br \/>\nSegundo ele, a expectativa agora \u00e9 conseguir retornar para o Brasil.<br \/>\n&#8220;N\u00f3s estamos aguardando not\u00edcias do governo brasileiro, a quem j\u00e1 se pediu a vinda de um avi\u00e3o para nos resgatar, a delega\u00e7\u00e3o&#8221;, falou.<br \/>\n&#8220;Esse \u00e9 o nosso maior esfor\u00e7o [voltar para o Brasil]. \u00c9 um esfor\u00e7o, um desafio log\u00edstico&#8221;, falou.<br \/>\nSecret\u00e1rio j\u00e1 havia passado madrugada em bunker<br \/>\nMais cedo, o secret\u00e1rio havia relatado ao g1 que tinha passado parte da madrugada desta sexta (13) em um bunker ap\u00f3s Israel bombardear a capital do Ir\u00e3, Teer\u00e3. Isso porque Israel j\u00e1 previa o revide iraniano ap\u00f3s o ataque.<br \/>\nDe acordo com ele, por volta das 3h da madrugada no hor\u00e1rio local, cerca de 21h da quinta-feira (12) no hor\u00e1rio de Bras\u00edlia, todos os membros do grupo receberam um alerta nos telefones determinando que se dirigissem a um abrigo.<br \/>\nO grupo chegou a Israel no dia 9 de junho e est\u00e1 na cidade de Kfar Saba, na regi\u00e3o central de Israel. A princ\u00edpio, a viagem se encerraria no dia 20.<br \/>\n&#8220;N\u00f3s recebemos um alerta bastante barulhento no telefone, nos telefones de todo mundo, dizendo para a gente se dirigir imediatamente a um abrigo antia\u00e9reo que tem em v\u00e1rios lugares, inclusive nesse lugar onde a gente est\u00e1 hospedado aqui, que \u00e9 um uma esp\u00e9cie de um campus universit\u00e1rio. N\u00f3s ent\u00e3o nos nos dirigimos para l\u00e1 e ficamos aguardando not\u00edcias. H\u00e1 nesse momento uma expectativa de que haja uma \u00e9, vamos dizer assim, um retorno do Ir\u00e3. Um ataque de volta contra Israel&#8221;, afirmou o secret\u00e1rio.<br \/>\nDe acordo com o secret\u00e1rio, o prefeito de Jo\u00e3o Pessoa, C\u00edcero Lucena, que faz parte da comitiva, ligou para o presidente da C\u00e2mara, Hugo Mota, relatando a situa\u00e7\u00e3o e pedindo apoio do governo brasileiro para uma poss\u00edvel retirada da delega\u00e7\u00e3o brasileira de Israel.<br \/>\nVagner Ara\u00fajo e outros membros da comitiva em bunker, ap\u00f3s alerta emitido pelo governo de Israel<br \/>\nVagner Ara\u00fajo\/Cedida<br \/>\nVagner explicou que o espa\u00e7o a\u00e9reo do pa\u00eds foi fechado por 48 horas, mas ele acredita que esse tempo deve se estender.<br \/>\n&#8220;Quando isso acontece, as companhias a\u00e9reas internacionais n\u00e3o operam voos. Mesmo que o espa\u00e7o seja reaberto, as companhias levam um certo tempo, talvez uma semana, para voltar a operar no pa\u00eds. Dentro das circunst\u00e2ncias, da gravidade, da tens\u00e3o que se estabeleceu com esse ataque contra um pa\u00eds com como o Ir\u00e3 &#8211; s\u00e3o dois pa\u00edses importantes, com grande capacidade militar e com toda a complexidade que a gente sabe &#8211;  n\u00f3s n\u00e3o acreditamos na possibilidade de opera\u00e7\u00e3o de voos de companhias internacionais nos pr\u00f3ximos dias&#8221;, pontuou.<br \/>\nApesar da tens\u00e3o que se estabeleceu no pa\u00eds, o secret\u00e1rio afirmou que a comitiva est\u00e1 tranquila, especialmente porque o grupo n\u00e3o est\u00e1 em uma regi\u00e3o central como Tel Aviv, que tem mais propens\u00e3o a receber ataques.<br \/>\n&#8220;\u00c9 uma regi\u00e3o que fica um pouco afastada e isso \u00e9 um fator de seguran\u00e7a, um fator que nos d\u00e1 um pouco mais de tranquilidade porque tem menor risco de se tornar alvo de algum ataque&#8221;, pontuou.<br \/>\nComitiva em bunker ap\u00f3s alertas do governo de Israel<br \/>\nVagner Ara\u00fajo<br \/>\nSecret\u00e1rio de Planejamento de Natal relata tens\u00e3o em Israel ap\u00f3s ataque ao Ir\u00e3<br \/>\nAtaques de Ir\u00e3 e Israel<br \/>\nO Ir\u00e3 lan\u00e7ou m\u00edsseis bal\u00edsticos contra Israel nesta sexta-feira (13), provocando explos\u00f5es em cidades como Tel Aviv e Jerusal\u00e9m.<br \/>\nOs ataques ocorreram logo ap\u00f3s o l\u00edder supremo do Ir\u00e3, Ali Khamenei, afirmar que o pa\u00eds iria retaliar Israel pelos ataques contra instala\u00e7\u00f5es militares e nucleares iranianas na noite de quinta (12), no hor\u00e1rio de Bras\u00edlia.<br \/>\nNesta sexta, Israel retomou os ataques ao Ir\u00e3. Fortes explos\u00f5es foram ouvidas nos arredores de Teer\u00e3 por moradores da capital.<br \/>\nEntenda a cronologia da escalada de tens\u00f5es entre Ir\u00e3 e Israel<br \/>\nIsrael x Ir\u00e3: entenda o conflito<br \/>\nEditoria de arte do g1<br \/>\nVeja os v\u00eddeos mais assistidos no g1 RN<\/p>","protected":false},"excerpt":{"rendered":"<p>Vagner Ara\u00fajo participa de visita de delega\u00e7\u00e3o com representantes de cidades brasileiras a Israel. Pa\u00eds sofreu bombardeio nesta sexta (13) horas depois de atacar Ir\u00e3. Secret\u00e1rio municipal de Natal relata &#8230;<\/p>\n","protected":false},"author":0,"featured_media":13197,"parent":0,"menu_order":0,"comment_status":"closed","ping_status":"closed","template":"","meta":{"footnotes":""},"class_list":["post-13196","page","type-page","status-publish","has-post-thumbnail","hentry"],"yoast_head":"<!-- This site is optimized with the Yoast SEO plugin v27.1.1 - https:\/\/yoast.com\/product\/yoast-seo-wordpress\/ -->\n<title>Secret\u00e1rio municipal de Natal relata apreens\u00e3o em bunker ap\u00f3s ataque a Israel: &#039;Sensa\u00e7\u00e3o de inseguran\u00e7a&#039; - Taveira Jr<\/title>\n<meta name=\"robots\" content=\"index, follow, max-snippet:-1, max-image-preview:large, max-video-preview:-1\" \/>\n<link rel=\"canonical\" href=\"https:\/\/deputadotaveirajr.com.br\/index.php\/secretario-municipal-de-natal-relata-apreensao-em-bunker-apos-ataque-a-israel-sensacao-de-inseguranca\/\" \/>\n<meta property=\"og:locale\" content=\"pt_BR\" \/>\n<meta property=\"og:type\" content=\"article\" \/>\n<meta property=\"og:title\" content=\"Secret\u00e1rio municipal de Natal relata apreens\u00e3o em bunker ap\u00f3s ataque a Israel: &#039;Sensa\u00e7\u00e3o de inseguran\u00e7a&#039; - Taveira Jr\" \/>\n<meta property=\"og:description\" content=\"Vagner Ara\u00fajo participa de visita de delega\u00e7\u00e3o com representantes de cidades brasileiras a Israel. Pa\u00eds sofreu bombardeio nesta sexta (13) horas depois de atacar Ir\u00e3. Secret\u00e1rio municipal de Natal relata ...\" \/>\n<meta property=\"og:url\" content=\"https:\/\/deputadotaveirajr.com.br\/index.php\/secretario-municipal-de-natal-relata-apreensao-em-bunker-apos-ataque-a-israel-sensacao-de-inseguranca\/\" \/>\n<meta property=\"og:site_name\" content=\"Taveira Jr\" \/>\n<meta property=\"og:image\" content=\"https:\/\/s2-g1.glbimg.com\/2Nt5NwlL_U6qVKtTQQ03MYGYK80=\/i.s3.glbimg.com\/v1\/AUTH_59edd422c0c84a879bd37670ae4f538a\/internal_photos\/bs\/2025\/L\/6\/CnBZsLRAeUUBJfDuNDvQ\/vagner-araujo-esta-em-um-bunker.jpg\" \/>\n<meta name=\"twitter:card\" content=\"summary_large_image\" \/>\n<meta name=\"twitter:label1\" content=\"Est. tempo de leitura\" \/>\n\t<meta name=\"twitter:data1\" content=\"6 minutos\" \/>\n<script type=\"application\/ld+json\" class=\"yoast-schema-graph\">{\"@context\":\"https:\/\/schema.org\",\"@graph\":[{\"@type\":\"WebPage\",\"@id\":\"https:\/\/deputadotaveirajr.com.br\/index.php\/secretario-municipal-de-natal-relata-apreensao-em-bunker-apos-ataque-a-israel-sensacao-de-inseguranca\/\",\"url\":\"https:\/\/deputadotaveirajr.com.br\/index.php\/secretario-municipal-de-natal-relata-apreensao-em-bunker-apos-ataque-a-israel-sensacao-de-inseguranca\/\",\"name\":\"Secret\u00e1rio municipal de Natal relata apreens\u00e3o em bunker ap\u00f3s ataque a Israel: 'Sensa\u00e7\u00e3o de inseguran\u00e7a' - Taveira Jr\",\"isPartOf\":{\"@id\":\"https:\/\/deputadotaveirajr.com.br\/#website\"},\"primaryImageOfPage\":{\"@id\":\"https:\/\/deputadotaveirajr.com.br\/index.php\/secretario-municipal-de-natal-relata-apreensao-em-bunker-apos-ataque-a-israel-sensacao-de-inseguranca\/#primaryimage\"},\"image\":{\"@id\":\"https:\/\/deputadotaveirajr.com.br\/index.php\/secretario-municipal-de-natal-relata-apreensao-em-bunker-apos-ataque-a-israel-sensacao-de-inseguranca\/#primaryimage\"},\"thumbnailUrl\":\"https:\/\/deputadotaveirajr.com.br\/wp-content\/uploads\/2025\/06\/vagner-araujo-esta-em-um-bunker-41Svhg.jpg\",\"datePublished\":\"2025-06-13T22:47:41+00:00\",\"breadcrumb\":{\"@id\":\"https:\/\/deputadotaveirajr.com.br\/index.php\/secretario-municipal-de-natal-relata-apreensao-em-bunker-apos-ataque-a-israel-sensacao-de-inseguranca\/#breadcrumb\"},\"inLanguage\":\"pt-BR\",\"potentialAction\":[{\"@type\":\"ReadAction\",\"target\":[\"https:\/\/deputadotaveirajr.com.br\/index.php\/secretario-municipal-de-natal-relata-apreensao-em-bunker-apos-ataque-a-israel-sensacao-de-inseguranca\/\"]}]},{\"@type\":\"ImageObject\",\"inLanguage\":\"pt-BR\",\"@id\":\"https:\/\/deputadotaveirajr.com.br\/index.php\/secretario-municipal-de-natal-relata-apreensao-em-bunker-apos-ataque-a-israel-sensacao-de-inseguranca\/#primaryimage\",\"url\":\"https:\/\/deputadotaveirajr.com.br\/wp-content\/uploads\/2025\/06\/vagner-araujo-esta-em-um-bunker-41Svhg.jpg\",\"contentUrl\":\"https:\/\/deputadotaveirajr.com.br\/wp-content\/uploads\/2025\/06\/vagner-araujo-esta-em-um-bunker-41Svhg.jpg\",\"width\":1268,\"height\":900},{\"@type\":\"BreadcrumbList\",\"@id\":\"https:\/\/deputadotaveirajr.com.br\/index.php\/secretario-municipal-de-natal-relata-apreensao-em-bunker-apos-ataque-a-israel-sensacao-de-inseguranca\/#breadcrumb\",\"itemListElement\":[{\"@type\":\"ListItem\",\"position\":1,\"name\":\"In\u00edcio\",\"item\":\"https:\/\/deputadotaveirajr.com.br\/\"},{\"@type\":\"ListItem\",\"position\":2,\"name\":\"Secret\u00e1rio municipal de Natal relata apreens\u00e3o em bunker ap\u00f3s ataque a Israel: &#8216;Sensa\u00e7\u00e3o de inseguran\u00e7a&#8217;\"}]},{\"@type\":\"WebSite\",\"@id\":\"https:\/\/deputadotaveirajr.com.br\/#website\",\"url\":\"https:\/\/deputadotaveirajr.com.br\/\",\"name\":\"Taveira Jr\",\"description\":\"Deputado Estadual\",\"publisher\":{\"@id\":\"https:\/\/deputadotaveirajr.com.br\/#organization\"},\"potentialAction\":[{\"@type\":\"SearchAction\",\"target\":{\"@type\":\"EntryPoint\",\"urlTemplate\":\"https:\/\/deputadotaveirajr.com.br\/?s={search_term_string}\"},\"query-input\":{\"@type\":\"PropertyValueSpecification\",\"valueRequired\":true,\"valueName\":\"search_term_string\"}}],\"inLanguage\":\"pt-BR\"},{\"@type\":\"Organization\",\"@id\":\"https:\/\/deputadotaveirajr.com.br\/#organization\",\"name\":\"Taveira Jr\",\"url\":\"https:\/\/deputadotaveirajr.com.br\/\",\"logo\":{\"@type\":\"ImageObject\",\"inLanguage\":\"pt-BR\",\"@id\":\"https:\/\/deputadotaveirajr.com.br\/#\/schema\/logo\/image\/\",\"url\":\"https:\/\/deputadotaveirajr.com.br\/wp-content\/uploads\/2026\/01\/logolow2a.png\",\"contentUrl\":\"https:\/\/deputadotaveirajr.com.br\/wp-content\/uploads\/2026\/01\/logolow2a.png\",\"width\":290,\"height\":80,\"caption\":\"Taveira Jr\"},\"image\":{\"@id\":\"https:\/\/deputadotaveirajr.com.br\/#\/schema\/logo\/image\/\"}}]}<\/script>\n<!-- \/ Yoast SEO plugin. -->","yoast_head_json":{"title":"Secret\u00e1rio municipal de Natal relata apreens\u00e3o em bunker ap\u00f3s ataque a Israel: 'Sensa\u00e7\u00e3o de inseguran\u00e7a' - Taveira Jr","robots":{"index":"index","follow":"follow","max-snippet":"max-snippet:-1","max-image-preview":"max-image-preview:large","max-video-preview":"max-video-preview:-1"},"canonical":"https:\/\/deputadotaveirajr.com.br\/index.php\/secretario-municipal-de-natal-relata-apreensao-em-bunker-apos-ataque-a-israel-sensacao-de-inseguranca\/","og_locale":"pt_BR","og_type":"article","og_title":"Secret\u00e1rio municipal de Natal relata apreens\u00e3o em bunker ap\u00f3s ataque a Israel: 'Sensa\u00e7\u00e3o de inseguran\u00e7a' - Taveira Jr","og_description":"Vagner Ara\u00fajo participa de visita de delega\u00e7\u00e3o com representantes de cidades brasileiras a Israel. Pa\u00eds sofreu bombardeio nesta sexta (13) horas depois de atacar Ir\u00e3. Secret\u00e1rio municipal de Natal relata ...","og_url":"https:\/\/deputadotaveirajr.com.br\/index.php\/secretario-municipal-de-natal-relata-apreensao-em-bunker-apos-ataque-a-israel-sensacao-de-inseguranca\/","og_site_name":"Taveira Jr","og_image":[{"url":"https:\/\/s2-g1.glbimg.com\/2Nt5NwlL_U6qVKtTQQ03MYGYK80=\/i.s3.glbimg.com\/v1\/AUTH_59edd422c0c84a879bd37670ae4f538a\/internal_photos\/bs\/2025\/L\/6\/CnBZsLRAeUUBJfDuNDvQ\/vagner-araujo-esta-em-um-bunker.jpg","type":"","width":"","height":""}],"twitter_card":"summary_large_image","twitter_misc":{"Est. tempo de leitura":"6 minutos"},"schema":{"@context":"https:\/\/schema.org","@graph":[{"@type":"WebPage","@id":"https:\/\/deputadotaveirajr.com.br\/index.php\/secretario-municipal-de-natal-relata-apreensao-em-bunker-apos-ataque-a-israel-sensacao-de-inseguranca\/","url":"https:\/\/deputadotaveirajr.com.br\/index.php\/secretario-municipal-de-natal-relata-apreensao-em-bunker-apos-ataque-a-israel-sensacao-de-inseguranca\/","name":"Secret\u00e1rio municipal de Natal relata apreens\u00e3o em bunker ap\u00f3s ataque a Israel: 'Sensa\u00e7\u00e3o de inseguran\u00e7a' - Taveira Jr","isPartOf":{"@id":"https:\/\/deputadotaveirajr.com.br\/#website"},"primaryImageOfPage":{"@id":"https:\/\/deputadotaveirajr.com.br\/index.php\/secretario-municipal-de-natal-relata-apreensao-em-bunker-apos-ataque-a-israel-sensacao-de-inseguranca\/#primaryimage"},"image":{"@id":"https:\/\/deputadotaveirajr.com.br\/index.php\/secretario-municipal-de-natal-relata-apreensao-em-bunker-apos-ataque-a-israel-sensacao-de-inseguranca\/#primaryimage"},"thumbnailUrl":"https:\/\/deputadotaveirajr.com.br\/wp-content\/uploads\/2025\/06\/vagner-araujo-esta-em-um-bunker-41Svhg.jpg","datePublished":"2025-06-13T22:47:41+00:00","breadcrumb":{"@id":"https:\/\/deputadotaveirajr.com.br\/index.php\/secretario-municipal-de-natal-relata-apreensao-em-bunker-apos-ataque-a-israel-sensacao-de-inseguranca\/#breadcrumb"},"inLanguage":"pt-BR","potentialAction":[{"@type":"ReadAction","target":["https:\/\/deputadotaveirajr.com.br\/index.php\/secretario-municipal-de-natal-relata-apreensao-em-bunker-apos-ataque-a-israel-sensacao-de-inseguranca\/"]}]},{"@type":"ImageObject","inLanguage":"pt-BR","@id":"https:\/\/deputadotaveirajr.com.br\/index.php\/secretario-municipal-de-natal-relata-apreensao-em-bunker-apos-ataque-a-israel-sensacao-de-inseguranca\/#primaryimage","url":"https:\/\/deputadotaveirajr.com.br\/wp-content\/uploads\/2025\/06\/vagner-araujo-esta-em-um-bunker-41Svhg.jpg","contentUrl":"https:\/\/deputadotaveirajr.com.br\/wp-content\/uploads\/2025\/06\/vagner-araujo-esta-em-um-bunker-41Svhg.jpg","width":1268,"height":900},{"@type":"BreadcrumbList","@id":"https:\/\/deputadotaveirajr.com.br\/index.php\/secretario-municipal-de-natal-relata-apreensao-em-bunker-apos-ataque-a-israel-sensacao-de-inseguranca\/#breadcrumb","itemListElement":[{"@type":"ListItem","position":1,"name":"In\u00edcio","item":"https:\/\/deputadotaveirajr.com.br\/"},{"@type":"ListItem","position":2,"name":"Secret\u00e1rio municipal de Natal relata apreens\u00e3o em bunker ap\u00f3s ataque a Israel: &#8216;Sensa\u00e7\u00e3o de inseguran\u00e7a&#8217;"}]},{"@type":"WebSite","@id":"https:\/\/deputadotaveirajr.com.br\/#website","url":"https:\/\/deputadotaveirajr.com.br\/","name":"Taveira Jr","description":"Deputado Estadual","publisher":{"@id":"https:\/\/deputadotaveirajr.com.br\/#organization"},"potentialAction":[{"@type":"SearchAction","target":{"@type":"EntryPoint","urlTemplate":"https:\/\/deputadotaveirajr.com.br\/?s={search_term_string}"},"query-input":{"@type":"PropertyValueSpecification","valueRequired":true,"valueName":"search_term_string"}}],"inLanguage":"pt-BR"},{"@type":"Organization","@id":"https:\/\/deputadotaveirajr.com.br\/#organization","name":"Taveira Jr","url":"https:\/\/deputadotaveirajr.com.br\/","logo":{"@type":"ImageObject","inLanguage":"pt-BR","@id":"https:\/\/deputadotaveirajr.com.br\/#\/schema\/logo\/image\/","url":"https:\/\/deputadotaveirajr.com.br\/wp-content\/uploads\/2026\/01\/logolow2a.png","contentUrl":"https:\/\/deputadotaveirajr.com.br\/wp-content\/uploads\/2026\/01\/logolow2a.png","width":290,"height":80,"caption":"Taveira Jr"},"image":{"@id":"https:\/\/deputadotaveirajr.com.br\/#\/schema\/logo\/image\/"}}]}},"_links":{"self":[{"href":"https:\/\/deputadotaveirajr.com.br\/index.php\/wp-json\/wp\/v2\/pages\/13196","targetHints":{"allow":["GET"]}}],"collection":[{"href":"https:\/\/deputadotaveirajr.com.br\/index.php\/wp-json\/wp\/v2\/pages"}],"about":[{"href":"https:\/\/deputadotaveirajr.com.br\/index.php\/wp-json\/wp\/v2\/types\/page"}],"replies":[{"embeddable":true,"href":"https:\/\/deputadotaveirajr.com.br\/index.php\/wp-json\/wp\/v2\/comments?post=13196"}],"version-history":[{"count":0,"href":"https:\/\/deputadotaveirajr.com.br\/index.php\/wp-json\/wp\/v2\/pages\/13196\/revisions"}],"wp:featuredmedia":[{"embeddable":true,"href":"https:\/\/deputadotaveirajr.com.br\/index.php\/wp-json\/wp\/v2\/media\/13197"}],"wp:attachment":[{"href":"https:\/\/deputadotaveirajr.com.br\/index.php\/wp-json\/wp\/v2\/media?parent=13196"}],"curies":[{"name":"wp","href":"https:\/\/api.w.org\/{rel}","templated":true}]}}