{"id":13200,"date":"2025-06-16T17:31:49","date_gmt":"2025-06-16T20:31:49","guid":{"rendered":"https:\/\/deputadotaveirajr.com.br\/index.php\/tiroteio-em-praca-deixa-tres-mortos-na-grande-natal\/"},"modified":"2025-06-16T17:31:49","modified_gmt":"2025-06-16T20:31:49","slug":"tiroteio-em-praca-deixa-tres-mortos-na-grande-natal","status":"publish","type":"page","link":"https:\/\/deputadotaveirajr.com.br\/index.php\/tiroteio-em-praca-deixa-tres-mortos-na-grande-natal\/","title":{"rendered":"Tiroteio em pra\u00e7a deixa tr\u00eas mortos na Grande Natal"},"content":{"rendered":"<p><img decoding=\"async\" src=\"https:\/\/s2-g1.glbimg.com\/7dB0ePz-1X3zi8Rh2IXCPIV8SK4=\/i.s3.glbimg.com\/v1\/AUTH_59edd422c0c84a879bd37670ae4f538a\/internal_photos\/bs\/2025\/1\/J\/IgjoLATuKXOQTeDi0bZw\/whatsapp-image-2025-06-16-at-16.38.05.jpeg\" \/><br \/>     Dois homens foram abordados em pra\u00e7a por criminosos e houve troca de tiros, que terminou com a morte dos dois amigos e de um criminoso. Crime aconteceu na pra\u00e7a no Jardim Lola, em S\u00e3o Gon\u00e7alo do Amarante<br \/>\nKleber Teixeira\/Inter TV Cabugi<br \/>\nTr\u00eas homens morreram em uma troca de tiros na tarde desta segunda-feira (16) em uma pra\u00e7a em S\u00e3o Gon\u00e7alo do Amarante, na Regi\u00e3o Metropolitana de Natal.<br \/>\nAt\u00e9 a atualiza\u00e7\u00e3o mais recente desta reportagem, apenas uma v\u00edtima havia sido identificada: Richardson de Lima Costa, de 38 anos de idade.<br \/>\n\ud83d\udcf3Participe do canal do g1 RN no WhatsApp<br \/>\nO crime aconteceu em uma pra\u00e7a que fica na esquina das ruas Monte Belo e Carlos Gomes, no bairro Jardim Lola.<br \/>\nDe acordo com a Pol\u00edcia Militar, dois homens estavam sentados e consumindo bebidas alc\u00f3olicas na pra\u00e7a, quando foram cercados por quatro crimnosos e sofreram disparos de arma de fogo.<br \/>\nSegundo a PM, os dois homens que estavam na pra\u00e7a tamb\u00e9m estavam armados e revidaram os tiros, atingindo um criminoso.<br \/>\nOs dois amigos que estavam na pra\u00e7a morreram na hora. O criminoso atingido na troca de tiros chegou a ser socorrido e levado para a Unidade de Pronto-Atendimento (UPA) Potengi, na Zona Norte de Natal, mas n\u00e3o resistiu aos ferimentos e tamb\u00e9m morreu.<br \/>\nOs outros tr\u00eas criminosos fugiram ap\u00f3s a troca de tiros e n\u00e3o haviam sido encontrados pela pol\u00edcia at\u00e9 a tarde desta segunda.<br \/>\nO Instituto T\u00e9cnico-Cient\u00edfico de Per\u00edcia (Itep) foi acionado para an\u00e1lise da cena do crime e necropsia dos corpos, e o caso vai ser investigado pela Pol\u00edcia Civil.<br \/>\nCrime aconteceu em pra\u00e7a no Jardim Lola, em S\u00e3o Gon\u00e7alo do Amarante<br \/>\nKleber Teixeira\/Inter TV Cabugi<br \/>\n\u2b07\ufe0f Mulher \u00e9 agredida com tapa no rosto por vizinho em Natal; veja reportagem abaixo:<br \/>\nMulher \u00e9 agredida com tapa no rosto por vizinho<br \/>\nV\u00eddeos mais assistidos do g1 RN<\/p>","protected":false},"excerpt":{"rendered":"<p>Dois homens foram abordados em pra\u00e7a por criminosos e houve troca de tiros, que terminou com a morte dos dois amigos e de um criminoso. Crime aconteceu na pra\u00e7a no &#8230;<\/p>\n","protected":false},"author":0,"featured_media":13201,"parent":0,"menu_order":0,"comment_status":"closed","ping_status":"closed","template":"","meta":{"footnotes":""},"class_list":["post-13200","page","type-page","status-publish","has-post-thumbnail","hentry"],"yoast_head":"<!-- This site is optimized with the Yoast SEO plugin v27.1.1 - https:\/\/yoast.com\/product\/yoast-seo-wordpress\/ -->\n<title>Tiroteio em pra\u00e7a deixa tr\u00eas mortos na Grande Natal - Taveira Jr<\/title>\n<meta name=\"robots\" content=\"index, follow, max-snippet:-1, max-image-preview:large, max-video-preview:-1\" \/>\n<link rel=\"canonical\" href=\"https:\/\/deputadotaveirajr.com.br\/index.php\/tiroteio-em-praca-deixa-tres-mortos-na-grande-natal\/\" \/>\n<meta property=\"og:locale\" content=\"pt_BR\" \/>\n<meta property=\"og:type\" content=\"article\" \/>\n<meta property=\"og:title\" content=\"Tiroteio em pra\u00e7a deixa tr\u00eas mortos na Grande Natal - Taveira Jr\" \/>\n<meta property=\"og:description\" content=\"Dois homens foram abordados em pra\u00e7a por criminosos e houve troca de tiros, que terminou com a morte dos dois amigos e de um criminoso. Crime aconteceu na pra\u00e7a no ...\" \/>\n<meta property=\"og:url\" content=\"https:\/\/deputadotaveirajr.com.br\/index.php\/tiroteio-em-praca-deixa-tres-mortos-na-grande-natal\/\" \/>\n<meta property=\"og:site_name\" content=\"Taveira Jr\" \/>\n<meta property=\"og:image\" content=\"https:\/\/s2-g1.glbimg.com\/7dB0ePz-1X3zi8Rh2IXCPIV8SK4=\/i.s3.glbimg.com\/v1\/AUTH_59edd422c0c84a879bd37670ae4f538a\/internal_photos\/bs\/2025\/1\/J\/IgjoLATuKXOQTeDi0bZw\/whatsapp-image-2025-06-16-at-16.38.05.jpeg\" \/>\n<meta name=\"twitter:card\" content=\"summary_large_image\" \/>\n<meta name=\"twitter:label1\" content=\"Est. tempo de leitura\" \/>\n\t<meta name=\"twitter:data1\" content=\"2 minutos\" \/>\n<script type=\"application\/ld+json\" class=\"yoast-schema-graph\">{\"@context\":\"https:\/\/schema.org\",\"@graph\":[{\"@type\":\"WebPage\",\"@id\":\"https:\/\/deputadotaveirajr.com.br\/index.php\/tiroteio-em-praca-deixa-tres-mortos-na-grande-natal\/\",\"url\":\"https:\/\/deputadotaveirajr.com.br\/index.php\/tiroteio-em-praca-deixa-tres-mortos-na-grande-natal\/\",\"name\":\"Tiroteio em pra\u00e7a deixa tr\u00eas mortos na Grande Natal - Taveira Jr\",\"isPartOf\":{\"@id\":\"https:\/\/deputadotaveirajr.com.br\/#website\"},\"primaryImageOfPage\":{\"@id\":\"https:\/\/deputadotaveirajr.com.br\/index.php\/tiroteio-em-praca-deixa-tres-mortos-na-grande-natal\/#primaryimage\"},\"image\":{\"@id\":\"https:\/\/deputadotaveirajr.com.br\/index.php\/tiroteio-em-praca-deixa-tres-mortos-na-grande-natal\/#primaryimage\"},\"thumbnailUrl\":\"https:\/\/deputadotaveirajr.com.br\/wp-content\/uploads\/2025\/06\/whatsapp-image-2025-06-16-at-16.38.05-MdPwPp.jpg\",\"datePublished\":\"2025-06-16T20:31:49+00:00\",\"breadcrumb\":{\"@id\":\"https:\/\/deputadotaveirajr.com.br\/index.php\/tiroteio-em-praca-deixa-tres-mortos-na-grande-natal\/#breadcrumb\"},\"inLanguage\":\"pt-BR\",\"potentialAction\":[{\"@type\":\"ReadAction\",\"target\":[\"https:\/\/deputadotaveirajr.com.br\/index.php\/tiroteio-em-praca-deixa-tres-mortos-na-grande-natal\/\"]}]},{\"@type\":\"ImageObject\",\"inLanguage\":\"pt-BR\",\"@id\":\"https:\/\/deputadotaveirajr.com.br\/index.php\/tiroteio-em-praca-deixa-tres-mortos-na-grande-natal\/#primaryimage\",\"url\":\"https:\/\/deputadotaveirajr.com.br\/wp-content\/uploads\/2025\/06\/whatsapp-image-2025-06-16-at-16.38.05-MdPwPp.jpg\",\"contentUrl\":\"https:\/\/deputadotaveirajr.com.br\/wp-content\/uploads\/2025\/06\/whatsapp-image-2025-06-16-at-16.38.05-MdPwPp.jpg\",\"width\":1600,\"height\":900},{\"@type\":\"BreadcrumbList\",\"@id\":\"https:\/\/deputadotaveirajr.com.br\/index.php\/tiroteio-em-praca-deixa-tres-mortos-na-grande-natal\/#breadcrumb\",\"itemListElement\":[{\"@type\":\"ListItem\",\"position\":1,\"name\":\"In\u00edcio\",\"item\":\"https:\/\/deputadotaveirajr.com.br\/\"},{\"@type\":\"ListItem\",\"position\":2,\"name\":\"Tiroteio em pra\u00e7a deixa tr\u00eas mortos na Grande Natal\"}]},{\"@type\":\"WebSite\",\"@id\":\"https:\/\/deputadotaveirajr.com.br\/#website\",\"url\":\"https:\/\/deputadotaveirajr.com.br\/\",\"name\":\"Taveira Jr\",\"description\":\"Deputado Estadual\",\"publisher\":{\"@id\":\"https:\/\/deputadotaveirajr.com.br\/#organization\"},\"potentialAction\":[{\"@type\":\"SearchAction\",\"target\":{\"@type\":\"EntryPoint\",\"urlTemplate\":\"https:\/\/deputadotaveirajr.com.br\/?s={search_term_string}\"},\"query-input\":{\"@type\":\"PropertyValueSpecification\",\"valueRequired\":true,\"valueName\":\"search_term_string\"}}],\"inLanguage\":\"pt-BR\"},{\"@type\":\"Organization\",\"@id\":\"https:\/\/deputadotaveirajr.com.br\/#organization\",\"name\":\"Taveira Jr\",\"url\":\"https:\/\/deputadotaveirajr.com.br\/\",\"logo\":{\"@type\":\"ImageObject\",\"inLanguage\":\"pt-BR\",\"@id\":\"https:\/\/deputadotaveirajr.com.br\/#\/schema\/logo\/image\/\",\"url\":\"https:\/\/deputadotaveirajr.com.br\/wp-content\/uploads\/2026\/01\/logolow2a.png\",\"contentUrl\":\"https:\/\/deputadotaveirajr.com.br\/wp-content\/uploads\/2026\/01\/logolow2a.png\",\"width\":290,\"height\":80,\"caption\":\"Taveira Jr\"},\"image\":{\"@id\":\"https:\/\/deputadotaveirajr.com.br\/#\/schema\/logo\/image\/\"}}]}<\/script>\n<!-- \/ Yoast SEO plugin. -->","yoast_head_json":{"title":"Tiroteio em pra\u00e7a deixa tr\u00eas mortos na Grande Natal - Taveira Jr","robots":{"index":"index","follow":"follow","max-snippet":"max-snippet:-1","max-image-preview":"max-image-preview:large","max-video-preview":"max-video-preview:-1"},"canonical":"https:\/\/deputadotaveirajr.com.br\/index.php\/tiroteio-em-praca-deixa-tres-mortos-na-grande-natal\/","og_locale":"pt_BR","og_type":"article","og_title":"Tiroteio em pra\u00e7a deixa tr\u00eas mortos na Grande Natal - Taveira Jr","og_description":"Dois homens foram abordados em pra\u00e7a por criminosos e houve troca de tiros, que terminou com a morte dos dois amigos e de um criminoso. Crime aconteceu na pra\u00e7a no ...","og_url":"https:\/\/deputadotaveirajr.com.br\/index.php\/tiroteio-em-praca-deixa-tres-mortos-na-grande-natal\/","og_site_name":"Taveira Jr","og_image":[{"url":"https:\/\/s2-g1.glbimg.com\/7dB0ePz-1X3zi8Rh2IXCPIV8SK4=\/i.s3.glbimg.com\/v1\/AUTH_59edd422c0c84a879bd37670ae4f538a\/internal_photos\/bs\/2025\/1\/J\/IgjoLATuKXOQTeDi0bZw\/whatsapp-image-2025-06-16-at-16.38.05.jpeg","type":"","width":"","height":""}],"twitter_card":"summary_large_image","twitter_misc":{"Est. tempo de leitura":"2 minutos"},"schema":{"@context":"https:\/\/schema.org","@graph":[{"@type":"WebPage","@id":"https:\/\/deputadotaveirajr.com.br\/index.php\/tiroteio-em-praca-deixa-tres-mortos-na-grande-natal\/","url":"https:\/\/deputadotaveirajr.com.br\/index.php\/tiroteio-em-praca-deixa-tres-mortos-na-grande-natal\/","name":"Tiroteio em pra\u00e7a deixa tr\u00eas mortos na Grande Natal - Taveira Jr","isPartOf":{"@id":"https:\/\/deputadotaveirajr.com.br\/#website"},"primaryImageOfPage":{"@id":"https:\/\/deputadotaveirajr.com.br\/index.php\/tiroteio-em-praca-deixa-tres-mortos-na-grande-natal\/#primaryimage"},"image":{"@id":"https:\/\/deputadotaveirajr.com.br\/index.php\/tiroteio-em-praca-deixa-tres-mortos-na-grande-natal\/#primaryimage"},"thumbnailUrl":"https:\/\/deputadotaveirajr.com.br\/wp-content\/uploads\/2025\/06\/whatsapp-image-2025-06-16-at-16.38.05-MdPwPp.jpg","datePublished":"2025-06-16T20:31:49+00:00","breadcrumb":{"@id":"https:\/\/deputadotaveirajr.com.br\/index.php\/tiroteio-em-praca-deixa-tres-mortos-na-grande-natal\/#breadcrumb"},"inLanguage":"pt-BR","potentialAction":[{"@type":"ReadAction","target":["https:\/\/deputadotaveirajr.com.br\/index.php\/tiroteio-em-praca-deixa-tres-mortos-na-grande-natal\/"]}]},{"@type":"ImageObject","inLanguage":"pt-BR","@id":"https:\/\/deputadotaveirajr.com.br\/index.php\/tiroteio-em-praca-deixa-tres-mortos-na-grande-natal\/#primaryimage","url":"https:\/\/deputadotaveirajr.com.br\/wp-content\/uploads\/2025\/06\/whatsapp-image-2025-06-16-at-16.38.05-MdPwPp.jpg","contentUrl":"https:\/\/deputadotaveirajr.com.br\/wp-content\/uploads\/2025\/06\/whatsapp-image-2025-06-16-at-16.38.05-MdPwPp.jpg","width":1600,"height":900},{"@type":"BreadcrumbList","@id":"https:\/\/deputadotaveirajr.com.br\/index.php\/tiroteio-em-praca-deixa-tres-mortos-na-grande-natal\/#breadcrumb","itemListElement":[{"@type":"ListItem","position":1,"name":"In\u00edcio","item":"https:\/\/deputadotaveirajr.com.br\/"},{"@type":"ListItem","position":2,"name":"Tiroteio em pra\u00e7a deixa tr\u00eas mortos na Grande Natal"}]},{"@type":"WebSite","@id":"https:\/\/deputadotaveirajr.com.br\/#website","url":"https:\/\/deputadotaveirajr.com.br\/","name":"Taveira Jr","description":"Deputado Estadual","publisher":{"@id":"https:\/\/deputadotaveirajr.com.br\/#organization"},"potentialAction":[{"@type":"SearchAction","target":{"@type":"EntryPoint","urlTemplate":"https:\/\/deputadotaveirajr.com.br\/?s={search_term_string}"},"query-input":{"@type":"PropertyValueSpecification","valueRequired":true,"valueName":"search_term_string"}}],"inLanguage":"pt-BR"},{"@type":"Organization","@id":"https:\/\/deputadotaveirajr.com.br\/#organization","name":"Taveira Jr","url":"https:\/\/deputadotaveirajr.com.br\/","logo":{"@type":"ImageObject","inLanguage":"pt-BR","@id":"https:\/\/deputadotaveirajr.com.br\/#\/schema\/logo\/image\/","url":"https:\/\/deputadotaveirajr.com.br\/wp-content\/uploads\/2026\/01\/logolow2a.png","contentUrl":"https:\/\/deputadotaveirajr.com.br\/wp-content\/uploads\/2026\/01\/logolow2a.png","width":290,"height":80,"caption":"Taveira Jr"},"image":{"@id":"https:\/\/deputadotaveirajr.com.br\/#\/schema\/logo\/image\/"}}]}},"_links":{"self":[{"href":"https:\/\/deputadotaveirajr.com.br\/index.php\/wp-json\/wp\/v2\/pages\/13200","targetHints":{"allow":["GET"]}}],"collection":[{"href":"https:\/\/deputadotaveirajr.com.br\/index.php\/wp-json\/wp\/v2\/pages"}],"about":[{"href":"https:\/\/deputadotaveirajr.com.br\/index.php\/wp-json\/wp\/v2\/types\/page"}],"replies":[{"embeddable":true,"href":"https:\/\/deputadotaveirajr.com.br\/index.php\/wp-json\/wp\/v2\/comments?post=13200"}],"version-history":[{"count":0,"href":"https:\/\/deputadotaveirajr.com.br\/index.php\/wp-json\/wp\/v2\/pages\/13200\/revisions"}],"wp:featuredmedia":[{"embeddable":true,"href":"https:\/\/deputadotaveirajr.com.br\/index.php\/wp-json\/wp\/v2\/media\/13201"}],"wp:attachment":[{"href":"https:\/\/deputadotaveirajr.com.br\/index.php\/wp-json\/wp\/v2\/media?parent=13200"}],"curies":[{"name":"wp","href":"https:\/\/api.w.org\/{rel}","templated":true}]}}