{"id":13204,"date":"2025-06-16T13:21:03","date_gmt":"2025-06-16T16:21:03","guid":{"rendered":"https:\/\/deputadotaveirajr.com.br\/index.php\/navio-naufraga-a-90-km-do-litoral-do-rn-tripulacao-e-resgatada\/"},"modified":"2025-06-16T13:21:03","modified_gmt":"2025-06-16T16:21:03","slug":"navio-naufraga-a-90-km-do-litoral-do-rn-tripulacao-e-resgatada","status":"publish","type":"page","link":"https:\/\/deputadotaveirajr.com.br\/index.php\/navio-naufraga-a-90-km-do-litoral-do-rn-tripulacao-e-resgatada\/","title":{"rendered":"Navio naufraga a 90 km do litoral do RN; tripula\u00e7\u00e3o \u00e9 resgatada"},"content":{"rendered":"<p><img decoding=\"async\" src=\"https:\/\/s2-g1.glbimg.com\/_dx29UoIDZYKNKP3BzxC7iZTY_U=\/i.s3.glbimg.com\/v1\/AUTH_59edd422c0c84a879bd37670ae4f538a\/internal_photos\/bs\/2025\/H\/l\/ZORQPNTVaxQBUqTOZarw\/tripulantes.jpg\" \/><br \/>     Marinha foi notificada de acidente na noite deste domingo (15). Equipe da embarca\u00e7\u00e3o foi resgatada por navio mercante que trafegava na mesma regi\u00e3o.  Trpulantes resgatados de navio que naufragou a 90 m do litoral de Tibau do Sul no RN<br \/>\nDivulga\u00e7\u00e3o<br \/>\nUm navio de transporte de cargas naufragou pr\u00f3ximo ao litoral do Rio Grande do Norte neste domingo (16), segundo a Marinha do Brasil. Os oito tripulantes foram resgatados com vida.<br \/>\nSegundo a Marinha, o caso foi notificado na noite deste domingo (15). O navio &#8220;Harmonia&#8221; estava h\u00e1 cerca de 50 milhas n\u00e1uticas, aproximadamente 90 km, do munic\u00edpio de Tibau do Sul.<br \/>\n\ud83d\udcf3Participe do canal do g1 RN no WhatsApp<br \/>\nCom o naufr\u00e1gio, os tripulantes da embarca\u00e7\u00e3o foram resgatados pela equipe do navio mercante M.V. Amstel Lion, que trafegava nas proximidades. Segundo a Marinha, todos se encontram em bom estado de sa\u00fade.<br \/>\nSegundo a Marinha, o Salvamar Nordeste permanece em coordena\u00e7\u00e3o com o navio que realizou o resgate, a fim de reconduzir a tripula\u00e7\u00e3o resgatada \u00e0 terra firme em seguran\u00e7a.<br \/>\n&#8220;Adicionalmente, foi instaurado um Inqu\u00e9rito sobre Acidentes e Fatos da Navega\u00e7\u00e3o (IAFN), pela Capitania dos Portos do Rio Grande do Norte (CPRN), a fim de apurar as circunst\u00e2ncias e causas do naufr\u00e1gio&#8221;, informou a corpora\u00e7\u00e3o.<br \/>\nR\u00e9plica em 3D do Titanic revela detalhes do naufr\u00e1gio<br \/>\nVeja os v\u00eddeos mais assistidos no g1 RN<\/p>","protected":false},"excerpt":{"rendered":"<p>Marinha foi notificada de acidente na noite deste domingo (15). Equipe da embarca\u00e7\u00e3o foi resgatada por navio mercante que trafegava na mesma regi\u00e3o. Trpulantes resgatados de navio que naufragou a &#8230;<\/p>\n","protected":false},"author":0,"featured_media":13205,"parent":0,"menu_order":0,"comment_status":"closed","ping_status":"closed","template":"","meta":{"footnotes":""},"class_list":["post-13204","page","type-page","status-publish","has-post-thumbnail","hentry"],"yoast_head":"<!-- This site is optimized with the Yoast SEO plugin v27.1.1 - https:\/\/yoast.com\/product\/yoast-seo-wordpress\/ -->\n<title>Navio naufraga a 90 km do litoral do RN; tripula\u00e7\u00e3o \u00e9 resgatada - Taveira Jr<\/title>\n<meta name=\"robots\" content=\"index, follow, max-snippet:-1, max-image-preview:large, max-video-preview:-1\" \/>\n<link rel=\"canonical\" href=\"https:\/\/deputadotaveirajr.com.br\/index.php\/navio-naufraga-a-90-km-do-litoral-do-rn-tripulacao-e-resgatada\/\" \/>\n<meta property=\"og:locale\" content=\"pt_BR\" \/>\n<meta property=\"og:type\" content=\"article\" \/>\n<meta property=\"og:title\" content=\"Navio naufraga a 90 km do litoral do RN; tripula\u00e7\u00e3o \u00e9 resgatada - Taveira Jr\" \/>\n<meta property=\"og:description\" content=\"Marinha foi notificada de acidente na noite deste domingo (15). Equipe da embarca\u00e7\u00e3o foi resgatada por navio mercante que trafegava na mesma regi\u00e3o. Trpulantes resgatados de navio que naufragou a ...\" \/>\n<meta property=\"og:url\" content=\"https:\/\/deputadotaveirajr.com.br\/index.php\/navio-naufraga-a-90-km-do-litoral-do-rn-tripulacao-e-resgatada\/\" \/>\n<meta property=\"og:site_name\" content=\"Taveira Jr\" \/>\n<meta property=\"og:image\" content=\"https:\/\/s2-g1.glbimg.com\/_dx29UoIDZYKNKP3BzxC7iZTY_U=\/i.s3.glbimg.com\/v1\/AUTH_59edd422c0c84a879bd37670ae4f538a\/internal_photos\/bs\/2025\/H\/l\/ZORQPNTVaxQBUqTOZarw\/tripulantes.jpg\" \/>\n<meta name=\"twitter:card\" content=\"summary_large_image\" \/>\n<meta name=\"twitter:label1\" content=\"Est. tempo de leitura\" \/>\n\t<meta name=\"twitter:data1\" content=\"1 minuto\" \/>\n<script type=\"application\/ld+json\" class=\"yoast-schema-graph\">{\"@context\":\"https:\/\/schema.org\",\"@graph\":[{\"@type\":\"WebPage\",\"@id\":\"https:\/\/deputadotaveirajr.com.br\/index.php\/navio-naufraga-a-90-km-do-litoral-do-rn-tripulacao-e-resgatada\/\",\"url\":\"https:\/\/deputadotaveirajr.com.br\/index.php\/navio-naufraga-a-90-km-do-litoral-do-rn-tripulacao-e-resgatada\/\",\"name\":\"Navio naufraga a 90 km do litoral do RN; tripula\u00e7\u00e3o \u00e9 resgatada - Taveira Jr\",\"isPartOf\":{\"@id\":\"https:\/\/deputadotaveirajr.com.br\/#website\"},\"primaryImageOfPage\":{\"@id\":\"https:\/\/deputadotaveirajr.com.br\/index.php\/navio-naufraga-a-90-km-do-litoral-do-rn-tripulacao-e-resgatada\/#primaryimage\"},\"image\":{\"@id\":\"https:\/\/deputadotaveirajr.com.br\/index.php\/navio-naufraga-a-90-km-do-litoral-do-rn-tripulacao-e-resgatada\/#primaryimage\"},\"thumbnailUrl\":\"https:\/\/deputadotaveirajr.com.br\/wp-content\/uploads\/2025\/06\/tripulantes-Gd56QB.jpg\",\"datePublished\":\"2025-06-16T16:21:03+00:00\",\"breadcrumb\":{\"@id\":\"https:\/\/deputadotaveirajr.com.br\/index.php\/navio-naufraga-a-90-km-do-litoral-do-rn-tripulacao-e-resgatada\/#breadcrumb\"},\"inLanguage\":\"pt-BR\",\"potentialAction\":[{\"@type\":\"ReadAction\",\"target\":[\"https:\/\/deputadotaveirajr.com.br\/index.php\/navio-naufraga-a-90-km-do-litoral-do-rn-tripulacao-e-resgatada\/\"]}]},{\"@type\":\"ImageObject\",\"inLanguage\":\"pt-BR\",\"@id\":\"https:\/\/deputadotaveirajr.com.br\/index.php\/navio-naufraga-a-90-km-do-litoral-do-rn-tripulacao-e-resgatada\/#primaryimage\",\"url\":\"https:\/\/deputadotaveirajr.com.br\/wp-content\/uploads\/2025\/06\/tripulantes-Gd56QB.jpg\",\"contentUrl\":\"https:\/\/deputadotaveirajr.com.br\/wp-content\/uploads\/2025\/06\/tripulantes-Gd56QB.jpg\",\"width\":1280,\"height\":907},{\"@type\":\"BreadcrumbList\",\"@id\":\"https:\/\/deputadotaveirajr.com.br\/index.php\/navio-naufraga-a-90-km-do-litoral-do-rn-tripulacao-e-resgatada\/#breadcrumb\",\"itemListElement\":[{\"@type\":\"ListItem\",\"position\":1,\"name\":\"In\u00edcio\",\"item\":\"https:\/\/deputadotaveirajr.com.br\/\"},{\"@type\":\"ListItem\",\"position\":2,\"name\":\"Navio naufraga a 90 km do litoral do RN; tripula\u00e7\u00e3o \u00e9 resgatada\"}]},{\"@type\":\"WebSite\",\"@id\":\"https:\/\/deputadotaveirajr.com.br\/#website\",\"url\":\"https:\/\/deputadotaveirajr.com.br\/\",\"name\":\"Taveira Jr\",\"description\":\"Deputado Estadual\",\"publisher\":{\"@id\":\"https:\/\/deputadotaveirajr.com.br\/#organization\"},\"potentialAction\":[{\"@type\":\"SearchAction\",\"target\":{\"@type\":\"EntryPoint\",\"urlTemplate\":\"https:\/\/deputadotaveirajr.com.br\/?s={search_term_string}\"},\"query-input\":{\"@type\":\"PropertyValueSpecification\",\"valueRequired\":true,\"valueName\":\"search_term_string\"}}],\"inLanguage\":\"pt-BR\"},{\"@type\":\"Organization\",\"@id\":\"https:\/\/deputadotaveirajr.com.br\/#organization\",\"name\":\"Taveira Jr\",\"url\":\"https:\/\/deputadotaveirajr.com.br\/\",\"logo\":{\"@type\":\"ImageObject\",\"inLanguage\":\"pt-BR\",\"@id\":\"https:\/\/deputadotaveirajr.com.br\/#\/schema\/logo\/image\/\",\"url\":\"https:\/\/deputadotaveirajr.com.br\/wp-content\/uploads\/2026\/01\/logolow2a.png\",\"contentUrl\":\"https:\/\/deputadotaveirajr.com.br\/wp-content\/uploads\/2026\/01\/logolow2a.png\",\"width\":290,\"height\":80,\"caption\":\"Taveira Jr\"},\"image\":{\"@id\":\"https:\/\/deputadotaveirajr.com.br\/#\/schema\/logo\/image\/\"}}]}<\/script>\n<!-- \/ Yoast SEO plugin. -->","yoast_head_json":{"title":"Navio naufraga a 90 km do litoral do RN; tripula\u00e7\u00e3o \u00e9 resgatada - Taveira Jr","robots":{"index":"index","follow":"follow","max-snippet":"max-snippet:-1","max-image-preview":"max-image-preview:large","max-video-preview":"max-video-preview:-1"},"canonical":"https:\/\/deputadotaveirajr.com.br\/index.php\/navio-naufraga-a-90-km-do-litoral-do-rn-tripulacao-e-resgatada\/","og_locale":"pt_BR","og_type":"article","og_title":"Navio naufraga a 90 km do litoral do RN; tripula\u00e7\u00e3o \u00e9 resgatada - Taveira Jr","og_description":"Marinha foi notificada de acidente na noite deste domingo (15). Equipe da embarca\u00e7\u00e3o foi resgatada por navio mercante que trafegava na mesma regi\u00e3o. Trpulantes resgatados de navio que naufragou a ...","og_url":"https:\/\/deputadotaveirajr.com.br\/index.php\/navio-naufraga-a-90-km-do-litoral-do-rn-tripulacao-e-resgatada\/","og_site_name":"Taveira Jr","og_image":[{"url":"https:\/\/s2-g1.glbimg.com\/_dx29UoIDZYKNKP3BzxC7iZTY_U=\/i.s3.glbimg.com\/v1\/AUTH_59edd422c0c84a879bd37670ae4f538a\/internal_photos\/bs\/2025\/H\/l\/ZORQPNTVaxQBUqTOZarw\/tripulantes.jpg","type":"","width":"","height":""}],"twitter_card":"summary_large_image","twitter_misc":{"Est. tempo de leitura":"1 minuto"},"schema":{"@context":"https:\/\/schema.org","@graph":[{"@type":"WebPage","@id":"https:\/\/deputadotaveirajr.com.br\/index.php\/navio-naufraga-a-90-km-do-litoral-do-rn-tripulacao-e-resgatada\/","url":"https:\/\/deputadotaveirajr.com.br\/index.php\/navio-naufraga-a-90-km-do-litoral-do-rn-tripulacao-e-resgatada\/","name":"Navio naufraga a 90 km do litoral do RN; tripula\u00e7\u00e3o \u00e9 resgatada - Taveira Jr","isPartOf":{"@id":"https:\/\/deputadotaveirajr.com.br\/#website"},"primaryImageOfPage":{"@id":"https:\/\/deputadotaveirajr.com.br\/index.php\/navio-naufraga-a-90-km-do-litoral-do-rn-tripulacao-e-resgatada\/#primaryimage"},"image":{"@id":"https:\/\/deputadotaveirajr.com.br\/index.php\/navio-naufraga-a-90-km-do-litoral-do-rn-tripulacao-e-resgatada\/#primaryimage"},"thumbnailUrl":"https:\/\/deputadotaveirajr.com.br\/wp-content\/uploads\/2025\/06\/tripulantes-Gd56QB.jpg","datePublished":"2025-06-16T16:21:03+00:00","breadcrumb":{"@id":"https:\/\/deputadotaveirajr.com.br\/index.php\/navio-naufraga-a-90-km-do-litoral-do-rn-tripulacao-e-resgatada\/#breadcrumb"},"inLanguage":"pt-BR","potentialAction":[{"@type":"ReadAction","target":["https:\/\/deputadotaveirajr.com.br\/index.php\/navio-naufraga-a-90-km-do-litoral-do-rn-tripulacao-e-resgatada\/"]}]},{"@type":"ImageObject","inLanguage":"pt-BR","@id":"https:\/\/deputadotaveirajr.com.br\/index.php\/navio-naufraga-a-90-km-do-litoral-do-rn-tripulacao-e-resgatada\/#primaryimage","url":"https:\/\/deputadotaveirajr.com.br\/wp-content\/uploads\/2025\/06\/tripulantes-Gd56QB.jpg","contentUrl":"https:\/\/deputadotaveirajr.com.br\/wp-content\/uploads\/2025\/06\/tripulantes-Gd56QB.jpg","width":1280,"height":907},{"@type":"BreadcrumbList","@id":"https:\/\/deputadotaveirajr.com.br\/index.php\/navio-naufraga-a-90-km-do-litoral-do-rn-tripulacao-e-resgatada\/#breadcrumb","itemListElement":[{"@type":"ListItem","position":1,"name":"In\u00edcio","item":"https:\/\/deputadotaveirajr.com.br\/"},{"@type":"ListItem","position":2,"name":"Navio naufraga a 90 km do litoral do RN; tripula\u00e7\u00e3o \u00e9 resgatada"}]},{"@type":"WebSite","@id":"https:\/\/deputadotaveirajr.com.br\/#website","url":"https:\/\/deputadotaveirajr.com.br\/","name":"Taveira Jr","description":"Deputado Estadual","publisher":{"@id":"https:\/\/deputadotaveirajr.com.br\/#organization"},"potentialAction":[{"@type":"SearchAction","target":{"@type":"EntryPoint","urlTemplate":"https:\/\/deputadotaveirajr.com.br\/?s={search_term_string}"},"query-input":{"@type":"PropertyValueSpecification","valueRequired":true,"valueName":"search_term_string"}}],"inLanguage":"pt-BR"},{"@type":"Organization","@id":"https:\/\/deputadotaveirajr.com.br\/#organization","name":"Taveira Jr","url":"https:\/\/deputadotaveirajr.com.br\/","logo":{"@type":"ImageObject","inLanguage":"pt-BR","@id":"https:\/\/deputadotaveirajr.com.br\/#\/schema\/logo\/image\/","url":"https:\/\/deputadotaveirajr.com.br\/wp-content\/uploads\/2026\/01\/logolow2a.png","contentUrl":"https:\/\/deputadotaveirajr.com.br\/wp-content\/uploads\/2026\/01\/logolow2a.png","width":290,"height":80,"caption":"Taveira Jr"},"image":{"@id":"https:\/\/deputadotaveirajr.com.br\/#\/schema\/logo\/image\/"}}]}},"_links":{"self":[{"href":"https:\/\/deputadotaveirajr.com.br\/index.php\/wp-json\/wp\/v2\/pages\/13204","targetHints":{"allow":["GET"]}}],"collection":[{"href":"https:\/\/deputadotaveirajr.com.br\/index.php\/wp-json\/wp\/v2\/pages"}],"about":[{"href":"https:\/\/deputadotaveirajr.com.br\/index.php\/wp-json\/wp\/v2\/types\/page"}],"replies":[{"embeddable":true,"href":"https:\/\/deputadotaveirajr.com.br\/index.php\/wp-json\/wp\/v2\/comments?post=13204"}],"version-history":[{"count":0,"href":"https:\/\/deputadotaveirajr.com.br\/index.php\/wp-json\/wp\/v2\/pages\/13204\/revisions"}],"wp:featuredmedia":[{"embeddable":true,"href":"https:\/\/deputadotaveirajr.com.br\/index.php\/wp-json\/wp\/v2\/media\/13205"}],"wp:attachment":[{"href":"https:\/\/deputadotaveirajr.com.br\/index.php\/wp-json\/wp\/v2\/media?parent=13204"}],"curies":[{"name":"wp","href":"https:\/\/api.w.org\/{rel}","templated":true}]}}