{"id":13219,"date":"2025-06-19T19:22:29","date_gmt":"2025-06-19T22:22:29","guid":{"rendered":"https:\/\/deputadotaveirajr.com.br\/index.php\/professor-e-morto-a-tiros-dentro-de-casa-na-grande-natal\/"},"modified":"2025-06-19T19:22:29","modified_gmt":"2025-06-19T22:22:29","slug":"professor-e-morto-a-tiros-dentro-de-casa-na-grande-natal","status":"publish","type":"page","link":"https:\/\/deputadotaveirajr.com.br\/index.php\/professor-e-morto-a-tiros-dentro-de-casa-na-grande-natal\/","title":{"rendered":"Professor \u00e9 morto a tiros dentro de casa na Grande Natal"},"content":{"rendered":"<p><img decoding=\"async\" src=\"https:\/\/s2-g1.glbimg.com\/z34u1Hb4JfifaCdPBQNViFhsIMg=\/i.s3.glbimg.com\/v1\/AUTH_59edd422c0c84a879bd37670ae4f538a\/internal_photos\/bs\/2025\/L\/S\/K7BLLgQgKF9LE00HHrrw\/blogueiro.jpg\" \/><br \/>     Alexandre Freire, de 52 anos, atuava tamb\u00e9m como blogueiro no munic\u00edpio de S\u00e3o Jos\u00e9 de Mipibu. Ele foi morto a tiros na madrugada desta segunda (19). Alexandre Freire tinha 52 anos de idade e morava em S\u00e3o Jos\u00e9 de Mipibu<br \/>\nReprodu\u00e7\u00e3o\/Inter TV Cabugi<br \/>\nUm professor, que tamb\u00e9m atuava como blogueiro, foi morto a tiros dentro da pr\u00f3pria casa na madrugada desta quinta-feira (19) na cidade de S\u00e3o Jos\u00e9 de Mipibu, na Regi\u00e3o Metropolitana de Natal.<br \/>\nA v\u00edtima foi identificada como Alexandre Freire, de 52 anos de idade. Ele era professor da rede municipal de ensino da cidade.<br \/>\nDe acordo com a Pol\u00edcia Militar, criminosos armados invadiram a resid\u00eancia, na Travessa Padre C\u00edcero, na regi\u00e3o central da cidade, onde Alexandre estava com a esposa, e atiraram contra a v\u00edtima.<br \/>\n\ud83d\udcf3Participe do canal do g1 RN no WhatsApp<br \/>\nAlexandre chegou a ser socorrido e levado para a Unidade de Pronto Atendimento (UPA) de S\u00e3o Jos\u00e9 de Mipibu, mas n\u00e3o resistiu aos ferimentos e morreu.<br \/>\nA motiva\u00e7\u00e3o do assassinato permanecia desconhecida, segundo as autoridades. Os suspeitos tamb\u00e9m escaparam ap\u00f3s o crime.<br \/>\nO corpo de Alexandre passou por necropsia no Instituto T\u00e9cnico-Cient\u00edfico de Per\u00edcia (Itep), o que vai auxiliar na investiga\u00e7\u00e3o da Pol\u00edcia Civil.<br \/>\nSepultamento<br \/>\nO corpo do professor e blogueiro foi sepultado na tarde desta quinta-feira (19) em um centro funer\u00e1rio na pr\u00f3pria cidade de S\u00e3o Jos\u00e9 de Mipibu, sob como\u00e7\u00e3o de amigos e familiares.<br \/>\nO prefeito de S\u00e3o Jos\u00e9 de Mipibu, Z\u00e9 Figueiredo, emitiu uma nota de pesar, e disse que com tristeza recebia a not\u00edcia da morte de Alexandre Freire, que era blogueiro e professor da rede municipal.<br \/>\n&#8220;Alexandre sempre teve uma atua\u00e7\u00e3o firme, cr\u00edtica e construtiva, contribuindo para o debate p\u00fablico e para o fortalecimento da nossa democracia. Sua aus\u00eancia ser\u00e1 sentida por todos que o conheciam&#8221;, escreveu o prefeito.<br \/>\nA C\u00e2mara Municipal de S\u00e3o Jos\u00e9 de Mipibu tamb\u00e9m se manifestou sobre a morte do professor.  &#8220;Externamos o mais profundo sentimento de pesar aos familiares e amigos, pedindo a Deus que os conforte neste momento de dor&#8221;, disse na nota.<br \/>\n\u2b07\ufe0f Sargento da PM foi morto pelo pr\u00f3prio filho em Maca\u00edba. Veja, abaixo, reportagem:<br \/>\nSargento da PM \u00e9 morto pelo pr\u00f3prio filho<br \/>\nV\u00eddeos mais assistidos do g1 RN<\/p>","protected":false},"excerpt":{"rendered":"<p>Alexandre Freire, de 52 anos, atuava tamb\u00e9m como blogueiro no munic\u00edpio de S\u00e3o Jos\u00e9 de Mipibu. Ele foi morto a tiros na madrugada desta segunda (19). Alexandre Freire tinha 52 &#8230;<\/p>\n","protected":false},"author":0,"featured_media":13220,"parent":0,"menu_order":0,"comment_status":"closed","ping_status":"closed","template":"","meta":{"footnotes":""},"class_list":["post-13219","page","type-page","status-publish","has-post-thumbnail","hentry"],"yoast_head":"<!-- This site is optimized with the Yoast SEO plugin v27.1.1 - https:\/\/yoast.com\/product\/yoast-seo-wordpress\/ -->\n<title>Professor \u00e9 morto a tiros dentro de casa na Grande Natal - Taveira Jr<\/title>\n<meta name=\"robots\" content=\"index, follow, max-snippet:-1, max-image-preview:large, max-video-preview:-1\" \/>\n<link rel=\"canonical\" href=\"https:\/\/deputadotaveirajr.com.br\/index.php\/professor-e-morto-a-tiros-dentro-de-casa-na-grande-natal\/\" \/>\n<meta property=\"og:locale\" content=\"pt_BR\" \/>\n<meta property=\"og:type\" content=\"article\" \/>\n<meta property=\"og:title\" content=\"Professor \u00e9 morto a tiros dentro de casa na Grande Natal - Taveira Jr\" \/>\n<meta property=\"og:description\" content=\"Alexandre Freire, de 52 anos, atuava tamb\u00e9m como blogueiro no munic\u00edpio de S\u00e3o Jos\u00e9 de Mipibu. Ele foi morto a tiros na madrugada desta segunda (19). Alexandre Freire tinha 52 ...\" \/>\n<meta property=\"og:url\" content=\"https:\/\/deputadotaveirajr.com.br\/index.php\/professor-e-morto-a-tiros-dentro-de-casa-na-grande-natal\/\" \/>\n<meta property=\"og:site_name\" content=\"Taveira Jr\" \/>\n<meta property=\"og:image\" content=\"https:\/\/s2-g1.glbimg.com\/z34u1Hb4JfifaCdPBQNViFhsIMg=\/i.s3.glbimg.com\/v1\/AUTH_59edd422c0c84a879bd37670ae4f538a\/internal_photos\/bs\/2025\/L\/S\/K7BLLgQgKF9LE00HHrrw\/blogueiro.jpg\" \/>\n<meta name=\"twitter:card\" content=\"summary_large_image\" \/>\n<meta name=\"twitter:label1\" content=\"Est. tempo de leitura\" \/>\n\t<meta name=\"twitter:data1\" content=\"2 minutos\" \/>\n<script type=\"application\/ld+json\" class=\"yoast-schema-graph\">{\"@context\":\"https:\/\/schema.org\",\"@graph\":[{\"@type\":\"WebPage\",\"@id\":\"https:\/\/deputadotaveirajr.com.br\/index.php\/professor-e-morto-a-tiros-dentro-de-casa-na-grande-natal\/\",\"url\":\"https:\/\/deputadotaveirajr.com.br\/index.php\/professor-e-morto-a-tiros-dentro-de-casa-na-grande-natal\/\",\"name\":\"Professor \u00e9 morto a tiros dentro de casa na Grande Natal - Taveira Jr\",\"isPartOf\":{\"@id\":\"https:\/\/deputadotaveirajr.com.br\/#website\"},\"primaryImageOfPage\":{\"@id\":\"https:\/\/deputadotaveirajr.com.br\/index.php\/professor-e-morto-a-tiros-dentro-de-casa-na-grande-natal\/#primaryimage\"},\"image\":{\"@id\":\"https:\/\/deputadotaveirajr.com.br\/index.php\/professor-e-morto-a-tiros-dentro-de-casa-na-grande-natal\/#primaryimage\"},\"thumbnailUrl\":\"https:\/\/deputadotaveirajr.com.br\/wp-content\/uploads\/2025\/06\/blogueiro-catXjt.jpg\",\"datePublished\":\"2025-06-19T22:22:29+00:00\",\"breadcrumb\":{\"@id\":\"https:\/\/deputadotaveirajr.com.br\/index.php\/professor-e-morto-a-tiros-dentro-de-casa-na-grande-natal\/#breadcrumb\"},\"inLanguage\":\"pt-BR\",\"potentialAction\":[{\"@type\":\"ReadAction\",\"target\":[\"https:\/\/deputadotaveirajr.com.br\/index.php\/professor-e-morto-a-tiros-dentro-de-casa-na-grande-natal\/\"]}]},{\"@type\":\"ImageObject\",\"inLanguage\":\"pt-BR\",\"@id\":\"https:\/\/deputadotaveirajr.com.br\/index.php\/professor-e-morto-a-tiros-dentro-de-casa-na-grande-natal\/#primaryimage\",\"url\":\"https:\/\/deputadotaveirajr.com.br\/wp-content\/uploads\/2025\/06\/blogueiro-catXjt.jpg\",\"contentUrl\":\"https:\/\/deputadotaveirajr.com.br\/wp-content\/uploads\/2025\/06\/blogueiro-catXjt.jpg\",\"width\":1200,\"height\":1186},{\"@type\":\"BreadcrumbList\",\"@id\":\"https:\/\/deputadotaveirajr.com.br\/index.php\/professor-e-morto-a-tiros-dentro-de-casa-na-grande-natal\/#breadcrumb\",\"itemListElement\":[{\"@type\":\"ListItem\",\"position\":1,\"name\":\"In\u00edcio\",\"item\":\"https:\/\/deputadotaveirajr.com.br\/\"},{\"@type\":\"ListItem\",\"position\":2,\"name\":\"Professor \u00e9 morto a tiros dentro de casa na Grande Natal\"}]},{\"@type\":\"WebSite\",\"@id\":\"https:\/\/deputadotaveirajr.com.br\/#website\",\"url\":\"https:\/\/deputadotaveirajr.com.br\/\",\"name\":\"Taveira Jr\",\"description\":\"Deputado Estadual\",\"publisher\":{\"@id\":\"https:\/\/deputadotaveirajr.com.br\/#organization\"},\"potentialAction\":[{\"@type\":\"SearchAction\",\"target\":{\"@type\":\"EntryPoint\",\"urlTemplate\":\"https:\/\/deputadotaveirajr.com.br\/?s={search_term_string}\"},\"query-input\":{\"@type\":\"PropertyValueSpecification\",\"valueRequired\":true,\"valueName\":\"search_term_string\"}}],\"inLanguage\":\"pt-BR\"},{\"@type\":\"Organization\",\"@id\":\"https:\/\/deputadotaveirajr.com.br\/#organization\",\"name\":\"Taveira Jr\",\"url\":\"https:\/\/deputadotaveirajr.com.br\/\",\"logo\":{\"@type\":\"ImageObject\",\"inLanguage\":\"pt-BR\",\"@id\":\"https:\/\/deputadotaveirajr.com.br\/#\/schema\/logo\/image\/\",\"url\":\"https:\/\/deputadotaveirajr.com.br\/wp-content\/uploads\/2026\/01\/logolow2a.png\",\"contentUrl\":\"https:\/\/deputadotaveirajr.com.br\/wp-content\/uploads\/2026\/01\/logolow2a.png\",\"width\":290,\"height\":80,\"caption\":\"Taveira Jr\"},\"image\":{\"@id\":\"https:\/\/deputadotaveirajr.com.br\/#\/schema\/logo\/image\/\"}}]}<\/script>\n<!-- \/ Yoast SEO plugin. -->","yoast_head_json":{"title":"Professor \u00e9 morto a tiros dentro de casa na Grande Natal - Taveira Jr","robots":{"index":"index","follow":"follow","max-snippet":"max-snippet:-1","max-image-preview":"max-image-preview:large","max-video-preview":"max-video-preview:-1"},"canonical":"https:\/\/deputadotaveirajr.com.br\/index.php\/professor-e-morto-a-tiros-dentro-de-casa-na-grande-natal\/","og_locale":"pt_BR","og_type":"article","og_title":"Professor \u00e9 morto a tiros dentro de casa na Grande Natal - Taveira Jr","og_description":"Alexandre Freire, de 52 anos, atuava tamb\u00e9m como blogueiro no munic\u00edpio de S\u00e3o Jos\u00e9 de Mipibu. Ele foi morto a tiros na madrugada desta segunda (19). Alexandre Freire tinha 52 ...","og_url":"https:\/\/deputadotaveirajr.com.br\/index.php\/professor-e-morto-a-tiros-dentro-de-casa-na-grande-natal\/","og_site_name":"Taveira Jr","og_image":[{"url":"https:\/\/s2-g1.glbimg.com\/z34u1Hb4JfifaCdPBQNViFhsIMg=\/i.s3.glbimg.com\/v1\/AUTH_59edd422c0c84a879bd37670ae4f538a\/internal_photos\/bs\/2025\/L\/S\/K7BLLgQgKF9LE00HHrrw\/blogueiro.jpg","type":"","width":"","height":""}],"twitter_card":"summary_large_image","twitter_misc":{"Est. tempo de leitura":"2 minutos"},"schema":{"@context":"https:\/\/schema.org","@graph":[{"@type":"WebPage","@id":"https:\/\/deputadotaveirajr.com.br\/index.php\/professor-e-morto-a-tiros-dentro-de-casa-na-grande-natal\/","url":"https:\/\/deputadotaveirajr.com.br\/index.php\/professor-e-morto-a-tiros-dentro-de-casa-na-grande-natal\/","name":"Professor \u00e9 morto a tiros dentro de casa na Grande Natal - Taveira Jr","isPartOf":{"@id":"https:\/\/deputadotaveirajr.com.br\/#website"},"primaryImageOfPage":{"@id":"https:\/\/deputadotaveirajr.com.br\/index.php\/professor-e-morto-a-tiros-dentro-de-casa-na-grande-natal\/#primaryimage"},"image":{"@id":"https:\/\/deputadotaveirajr.com.br\/index.php\/professor-e-morto-a-tiros-dentro-de-casa-na-grande-natal\/#primaryimage"},"thumbnailUrl":"https:\/\/deputadotaveirajr.com.br\/wp-content\/uploads\/2025\/06\/blogueiro-catXjt.jpg","datePublished":"2025-06-19T22:22:29+00:00","breadcrumb":{"@id":"https:\/\/deputadotaveirajr.com.br\/index.php\/professor-e-morto-a-tiros-dentro-de-casa-na-grande-natal\/#breadcrumb"},"inLanguage":"pt-BR","potentialAction":[{"@type":"ReadAction","target":["https:\/\/deputadotaveirajr.com.br\/index.php\/professor-e-morto-a-tiros-dentro-de-casa-na-grande-natal\/"]}]},{"@type":"ImageObject","inLanguage":"pt-BR","@id":"https:\/\/deputadotaveirajr.com.br\/index.php\/professor-e-morto-a-tiros-dentro-de-casa-na-grande-natal\/#primaryimage","url":"https:\/\/deputadotaveirajr.com.br\/wp-content\/uploads\/2025\/06\/blogueiro-catXjt.jpg","contentUrl":"https:\/\/deputadotaveirajr.com.br\/wp-content\/uploads\/2025\/06\/blogueiro-catXjt.jpg","width":1200,"height":1186},{"@type":"BreadcrumbList","@id":"https:\/\/deputadotaveirajr.com.br\/index.php\/professor-e-morto-a-tiros-dentro-de-casa-na-grande-natal\/#breadcrumb","itemListElement":[{"@type":"ListItem","position":1,"name":"In\u00edcio","item":"https:\/\/deputadotaveirajr.com.br\/"},{"@type":"ListItem","position":2,"name":"Professor \u00e9 morto a tiros dentro de casa na Grande Natal"}]},{"@type":"WebSite","@id":"https:\/\/deputadotaveirajr.com.br\/#website","url":"https:\/\/deputadotaveirajr.com.br\/","name":"Taveira Jr","description":"Deputado Estadual","publisher":{"@id":"https:\/\/deputadotaveirajr.com.br\/#organization"},"potentialAction":[{"@type":"SearchAction","target":{"@type":"EntryPoint","urlTemplate":"https:\/\/deputadotaveirajr.com.br\/?s={search_term_string}"},"query-input":{"@type":"PropertyValueSpecification","valueRequired":true,"valueName":"search_term_string"}}],"inLanguage":"pt-BR"},{"@type":"Organization","@id":"https:\/\/deputadotaveirajr.com.br\/#organization","name":"Taveira Jr","url":"https:\/\/deputadotaveirajr.com.br\/","logo":{"@type":"ImageObject","inLanguage":"pt-BR","@id":"https:\/\/deputadotaveirajr.com.br\/#\/schema\/logo\/image\/","url":"https:\/\/deputadotaveirajr.com.br\/wp-content\/uploads\/2026\/01\/logolow2a.png","contentUrl":"https:\/\/deputadotaveirajr.com.br\/wp-content\/uploads\/2026\/01\/logolow2a.png","width":290,"height":80,"caption":"Taveira Jr"},"image":{"@id":"https:\/\/deputadotaveirajr.com.br\/#\/schema\/logo\/image\/"}}]}},"_links":{"self":[{"href":"https:\/\/deputadotaveirajr.com.br\/index.php\/wp-json\/wp\/v2\/pages\/13219","targetHints":{"allow":["GET"]}}],"collection":[{"href":"https:\/\/deputadotaveirajr.com.br\/index.php\/wp-json\/wp\/v2\/pages"}],"about":[{"href":"https:\/\/deputadotaveirajr.com.br\/index.php\/wp-json\/wp\/v2\/types\/page"}],"replies":[{"embeddable":true,"href":"https:\/\/deputadotaveirajr.com.br\/index.php\/wp-json\/wp\/v2\/comments?post=13219"}],"version-history":[{"count":0,"href":"https:\/\/deputadotaveirajr.com.br\/index.php\/wp-json\/wp\/v2\/pages\/13219\/revisions"}],"wp:featuredmedia":[{"embeddable":true,"href":"https:\/\/deputadotaveirajr.com.br\/index.php\/wp-json\/wp\/v2\/media\/13220"}],"wp:attachment":[{"href":"https:\/\/deputadotaveirajr.com.br\/index.php\/wp-json\/wp\/v2\/media?parent=13219"}],"curies":[{"name":"wp","href":"https:\/\/api.w.org\/{rel}","templated":true}]}}