{"id":13241,"date":"2025-06-20T14:17:03","date_gmt":"2025-06-20T17:17:03","guid":{"rendered":"https:\/\/deputadotaveirajr.com.br\/index.php\/inmet-amplia-ate-sabado-21-alerta-de-chuvas-para-43-cidades-do-rn-veja-lista\/"},"modified":"2025-06-20T14:17:03","modified_gmt":"2025-06-20T17:17:03","slug":"inmet-amplia-ate-sabado-21-alerta-de-chuvas-para-43-cidades-do-rn-veja-lista","status":"publish","type":"page","link":"https:\/\/deputadotaveirajr.com.br\/index.php\/inmet-amplia-ate-sabado-21-alerta-de-chuvas-para-43-cidades-do-rn-veja-lista\/","title":{"rendered":"Inmet amplia at\u00e9 s\u00e1bado (21) alerta de chuvas para 43 cidades do RN; veja lista"},"content":{"rendered":"<p><img decoding=\"async\" src=\"https:\/\/s2-g1.glbimg.com\/EQZWIqcaX6s1bMjEmTEtG21XuxA=\/i.s3.glbimg.com\/v1\/AUTH_59edd422c0c84a879bd37670ae4f538a\/internal_photos\/bs\/2025\/C\/2\/xJMy9RQ3qwEArxWfnzYQ\/inmetj.jpg\" \/><br \/>     Alerta da cor amarela prev\u00ea chuva entre 20 a 30 mil\u00edmetros por hora ou at\u00e9 de 50 mm por dia at\u00e9 10h deste s\u00e1bado (21). Alerta do Inmet para cidades do Rn<br \/>\nDivulga\u00e7\u00e3o\/Inmet<br \/>\nO Instituto Nacional de Meteorologia (Inmet) ampliou at\u00e9 este s\u00e1basdo (21) o alerta de acumulado de chuvas para Natal e mais 42 cidades do Rio Grande do Norte. O aviso anterior valia at\u00e9 esta sexta (20).<br \/>\n\ud83d\udd0e Nesta sexta-feira (20), a chuva causou alagamentos em ruas e avenidas em Natal. Entre ter\u00e7a e quarta-feira, em 24 horas, a capital potiguar registrou mais de 110 mil\u00edmetros de chuva, um ter\u00e7o do que era previsto para todo o m\u00eas de junho. O volume de chuvas causou transbordamento de lagoas de capta\u00e7\u00e3o, queda de \u00e1rvore e postes.<br \/>\n\ud83d\udcf3Participe do canal do g1 RN no WhatsApp<br \/>\n\ud83d\udfe1 O alerta do Inmet \u00e9 da cor amarela, de perigo potencial, o n\u00edvel mais baixo na escala de severidade do \u00f3rg\u00e3o. Os dois n\u00edveis acima s\u00e3o laranja (perigo) e vermelho (grande perigo).<br \/>\nDe acordo com o Inmet, s\u00e3o previstas chuvas entre 20 a 30 mil\u00edmetros por hora ou at\u00e9 de 50 mm por dia.<br \/>\nNeste tipo de situa\u00e7\u00e3o, segundo o \u00f3rg\u00e3o, h\u00e1 &#8220;baixo risco de alagamentos e pequenos deslizamentos, em cidades com tais \u00e1reas de risco&#8221;.<br \/>\nEm caso de chuvas, \u00e9 recomendado pelo Instituto:<br \/>\nevitar enfrentar o mau tempo;<br \/>\nobservar altera\u00e7\u00f5es nas encostas.<br \/>\nevitar usar aparelhos eletr\u00f4nicos ligados \u00e0 tomada.<br \/>\nEm caso de necessidade ou para buscar mais informa\u00e7\u00f5es, a orienta\u00e7\u00e3o \u00e9 acionar a Defesa Civil (telefone 199) e o Corpo de Bombeiros (telefone 193).<br \/>\n\u27a1\ufe0f O aviso de acumulado de chuvas se diferere do de chuvas intensas porque ele considera apenas o volume das chuvas, enquanto o segundo aviso considera ainda as descargas el\u00e9tricas e a possibilidade de ventania, o que n\u00e3o est\u00e1 previsto neste alerta para o Rio Grande do Norte.<br \/>\nVeja cidades no alerta<br \/>\nAreia Branca<br \/>\nArez<br \/>\nBa\u00eda Formosa<br \/>\nBrejinho<br \/>\nCai\u00e7ara do Norte<br \/>\nCanguaretama<br \/>\nCear\u00e1-Mirim<br \/>\nEsp\u00edrito Santo<br \/>\nExtremoz<br \/>\nGalinhos<br \/>\nGoianinha<br \/>\nGuamar\u00e9<br \/>\nIelmo Marinho<br \/>\nJo\u00e3o C\u00e2mara<br \/>\nJundi\u00e1<br \/>\nMaca\u00edba<br \/>\nMacau<br \/>\nMaxaranguape<br \/>\nMontanhas<br \/>\nMonte Alegre<br \/>\nNatal<br \/>\nN\u00edsia Floresta<br \/>\nNova Cruz<br \/>\nParazinho<br \/>\nParnamirim<br \/>\nPedra Grande<br \/>\nPedro Velho<br \/>\nPo\u00e7o Branco<br \/>\nPorto do Mangue<br \/>\nPureza<br \/>\nRio do Fogo<br \/>\nS\u00e3o Bento do Norte<br \/>\nS\u00e3o Gon\u00e7alo do Amarante<br \/>\nS\u00e3o Jos\u00e9 de Mipibu<br \/>\nS\u00e3o Miguel do Gostoso<br \/>\nSenador Georgino Avelino<br \/>\nSerra do Mel<br \/>\nTaipu<br \/>\nTibau do Sul<br \/>\nTouros<br \/>\nV\u00e1rzea<br \/>\nVera Cruz<br \/>\nVila Flor<br \/>\nChuva causa transtornos em Natal e Parnamirim<br \/>\nV\u00eddeos mais assistidos do g1 RN<\/p>","protected":false},"excerpt":{"rendered":"<p>Alerta da cor amarela prev\u00ea chuva entre 20 a 30 mil\u00edmetros por hora ou at\u00e9 de 50 mm por dia at\u00e9 10h deste s\u00e1bado (21). Alerta do Inmet para cidades &#8230;<\/p>\n","protected":false},"author":0,"featured_media":13242,"parent":0,"menu_order":0,"comment_status":"closed","ping_status":"closed","template":"","meta":{"footnotes":""},"class_list":["post-13241","page","type-page","status-publish","has-post-thumbnail","hentry"],"yoast_head":"<!-- This site is optimized with the Yoast SEO plugin v27.1.1 - https:\/\/yoast.com\/product\/yoast-seo-wordpress\/ -->\n<title>Inmet amplia at\u00e9 s\u00e1bado (21) alerta de chuvas para 43 cidades do RN; veja lista - Taveira Jr<\/title>\n<meta name=\"robots\" content=\"index, follow, max-snippet:-1, max-image-preview:large, max-video-preview:-1\" \/>\n<link rel=\"canonical\" href=\"https:\/\/deputadotaveirajr.com.br\/index.php\/inmet-amplia-ate-sabado-21-alerta-de-chuvas-para-43-cidades-do-rn-veja-lista\/\" \/>\n<meta property=\"og:locale\" content=\"pt_BR\" \/>\n<meta property=\"og:type\" content=\"article\" \/>\n<meta property=\"og:title\" content=\"Inmet amplia at\u00e9 s\u00e1bado (21) alerta de chuvas para 43 cidades do RN; veja lista - Taveira Jr\" \/>\n<meta property=\"og:description\" content=\"Alerta da cor amarela prev\u00ea chuva entre 20 a 30 mil\u00edmetros por hora ou at\u00e9 de 50 mm por dia at\u00e9 10h deste s\u00e1bado (21). Alerta do Inmet para cidades ...\" \/>\n<meta property=\"og:url\" content=\"https:\/\/deputadotaveirajr.com.br\/index.php\/inmet-amplia-ate-sabado-21-alerta-de-chuvas-para-43-cidades-do-rn-veja-lista\/\" \/>\n<meta property=\"og:site_name\" content=\"Taveira Jr\" \/>\n<meta property=\"og:image\" content=\"https:\/\/s2-g1.glbimg.com\/EQZWIqcaX6s1bMjEmTEtG21XuxA=\/i.s3.glbimg.com\/v1\/AUTH_59edd422c0c84a879bd37670ae4f538a\/internal_photos\/bs\/2025\/C\/2\/xJMy9RQ3qwEArxWfnzYQ\/inmetj.jpg\" \/>\n<meta name=\"twitter:card\" content=\"summary_large_image\" \/>\n<meta name=\"twitter:label1\" content=\"Est. tempo de leitura\" \/>\n\t<meta name=\"twitter:data1\" content=\"2 minutos\" \/>\n<script type=\"application\/ld+json\" class=\"yoast-schema-graph\">{\"@context\":\"https:\/\/schema.org\",\"@graph\":[{\"@type\":\"WebPage\",\"@id\":\"https:\/\/deputadotaveirajr.com.br\/index.php\/inmet-amplia-ate-sabado-21-alerta-de-chuvas-para-43-cidades-do-rn-veja-lista\/\",\"url\":\"https:\/\/deputadotaveirajr.com.br\/index.php\/inmet-amplia-ate-sabado-21-alerta-de-chuvas-para-43-cidades-do-rn-veja-lista\/\",\"name\":\"Inmet amplia at\u00e9 s\u00e1bado (21) alerta de chuvas para 43 cidades do RN; veja lista - Taveira Jr\",\"isPartOf\":{\"@id\":\"https:\/\/deputadotaveirajr.com.br\/#website\"},\"primaryImageOfPage\":{\"@id\":\"https:\/\/deputadotaveirajr.com.br\/index.php\/inmet-amplia-ate-sabado-21-alerta-de-chuvas-para-43-cidades-do-rn-veja-lista\/#primaryimage\"},\"image\":{\"@id\":\"https:\/\/deputadotaveirajr.com.br\/index.php\/inmet-amplia-ate-sabado-21-alerta-de-chuvas-para-43-cidades-do-rn-veja-lista\/#primaryimage\"},\"thumbnailUrl\":\"https:\/\/deputadotaveirajr.com.br\/wp-content\/uploads\/2025\/06\/inmetj-WAQDso.png\",\"datePublished\":\"2025-06-20T17:17:03+00:00\",\"breadcrumb\":{\"@id\":\"https:\/\/deputadotaveirajr.com.br\/index.php\/inmet-amplia-ate-sabado-21-alerta-de-chuvas-para-43-cidades-do-rn-veja-lista\/#breadcrumb\"},\"inLanguage\":\"pt-BR\",\"potentialAction\":[{\"@type\":\"ReadAction\",\"target\":[\"https:\/\/deputadotaveirajr.com.br\/index.php\/inmet-amplia-ate-sabado-21-alerta-de-chuvas-para-43-cidades-do-rn-veja-lista\/\"]}]},{\"@type\":\"ImageObject\",\"inLanguage\":\"pt-BR\",\"@id\":\"https:\/\/deputadotaveirajr.com.br\/index.php\/inmet-amplia-ate-sabado-21-alerta-de-chuvas-para-43-cidades-do-rn-veja-lista\/#primaryimage\",\"url\":\"https:\/\/deputadotaveirajr.com.br\/wp-content\/uploads\/2025\/06\/inmetj-WAQDso.png\",\"contentUrl\":\"https:\/\/deputadotaveirajr.com.br\/wp-content\/uploads\/2025\/06\/inmetj-WAQDso.png\",\"width\":1200,\"height\":926},{\"@type\":\"BreadcrumbList\",\"@id\":\"https:\/\/deputadotaveirajr.com.br\/index.php\/inmet-amplia-ate-sabado-21-alerta-de-chuvas-para-43-cidades-do-rn-veja-lista\/#breadcrumb\",\"itemListElement\":[{\"@type\":\"ListItem\",\"position\":1,\"name\":\"In\u00edcio\",\"item\":\"https:\/\/deputadotaveirajr.com.br\/\"},{\"@type\":\"ListItem\",\"position\":2,\"name\":\"Inmet amplia at\u00e9 s\u00e1bado (21) alerta de chuvas para 43 cidades do RN; veja lista\"}]},{\"@type\":\"WebSite\",\"@id\":\"https:\/\/deputadotaveirajr.com.br\/#website\",\"url\":\"https:\/\/deputadotaveirajr.com.br\/\",\"name\":\"Taveira Jr\",\"description\":\"Deputado Estadual\",\"publisher\":{\"@id\":\"https:\/\/deputadotaveirajr.com.br\/#organization\"},\"potentialAction\":[{\"@type\":\"SearchAction\",\"target\":{\"@type\":\"EntryPoint\",\"urlTemplate\":\"https:\/\/deputadotaveirajr.com.br\/?s={search_term_string}\"},\"query-input\":{\"@type\":\"PropertyValueSpecification\",\"valueRequired\":true,\"valueName\":\"search_term_string\"}}],\"inLanguage\":\"pt-BR\"},{\"@type\":\"Organization\",\"@id\":\"https:\/\/deputadotaveirajr.com.br\/#organization\",\"name\":\"Taveira Jr\",\"url\":\"https:\/\/deputadotaveirajr.com.br\/\",\"logo\":{\"@type\":\"ImageObject\",\"inLanguage\":\"pt-BR\",\"@id\":\"https:\/\/deputadotaveirajr.com.br\/#\/schema\/logo\/image\/\",\"url\":\"https:\/\/deputadotaveirajr.com.br\/wp-content\/uploads\/2026\/01\/logolow2a.png\",\"contentUrl\":\"https:\/\/deputadotaveirajr.com.br\/wp-content\/uploads\/2026\/01\/logolow2a.png\",\"width\":290,\"height\":80,\"caption\":\"Taveira Jr\"},\"image\":{\"@id\":\"https:\/\/deputadotaveirajr.com.br\/#\/schema\/logo\/image\/\"}}]}<\/script>\n<!-- \/ Yoast SEO plugin. -->","yoast_head_json":{"title":"Inmet amplia at\u00e9 s\u00e1bado (21) alerta de chuvas para 43 cidades do RN; veja lista - Taveira Jr","robots":{"index":"index","follow":"follow","max-snippet":"max-snippet:-1","max-image-preview":"max-image-preview:large","max-video-preview":"max-video-preview:-1"},"canonical":"https:\/\/deputadotaveirajr.com.br\/index.php\/inmet-amplia-ate-sabado-21-alerta-de-chuvas-para-43-cidades-do-rn-veja-lista\/","og_locale":"pt_BR","og_type":"article","og_title":"Inmet amplia at\u00e9 s\u00e1bado (21) alerta de chuvas para 43 cidades do RN; veja lista - Taveira Jr","og_description":"Alerta da cor amarela prev\u00ea chuva entre 20 a 30 mil\u00edmetros por hora ou at\u00e9 de 50 mm por dia at\u00e9 10h deste s\u00e1bado (21). Alerta do Inmet para cidades ...","og_url":"https:\/\/deputadotaveirajr.com.br\/index.php\/inmet-amplia-ate-sabado-21-alerta-de-chuvas-para-43-cidades-do-rn-veja-lista\/","og_site_name":"Taveira Jr","og_image":[{"url":"https:\/\/s2-g1.glbimg.com\/EQZWIqcaX6s1bMjEmTEtG21XuxA=\/i.s3.glbimg.com\/v1\/AUTH_59edd422c0c84a879bd37670ae4f538a\/internal_photos\/bs\/2025\/C\/2\/xJMy9RQ3qwEArxWfnzYQ\/inmetj.jpg","type":"","width":"","height":""}],"twitter_card":"summary_large_image","twitter_misc":{"Est. tempo de leitura":"2 minutos"},"schema":{"@context":"https:\/\/schema.org","@graph":[{"@type":"WebPage","@id":"https:\/\/deputadotaveirajr.com.br\/index.php\/inmet-amplia-ate-sabado-21-alerta-de-chuvas-para-43-cidades-do-rn-veja-lista\/","url":"https:\/\/deputadotaveirajr.com.br\/index.php\/inmet-amplia-ate-sabado-21-alerta-de-chuvas-para-43-cidades-do-rn-veja-lista\/","name":"Inmet amplia at\u00e9 s\u00e1bado (21) alerta de chuvas para 43 cidades do RN; veja lista - Taveira Jr","isPartOf":{"@id":"https:\/\/deputadotaveirajr.com.br\/#website"},"primaryImageOfPage":{"@id":"https:\/\/deputadotaveirajr.com.br\/index.php\/inmet-amplia-ate-sabado-21-alerta-de-chuvas-para-43-cidades-do-rn-veja-lista\/#primaryimage"},"image":{"@id":"https:\/\/deputadotaveirajr.com.br\/index.php\/inmet-amplia-ate-sabado-21-alerta-de-chuvas-para-43-cidades-do-rn-veja-lista\/#primaryimage"},"thumbnailUrl":"https:\/\/deputadotaveirajr.com.br\/wp-content\/uploads\/2025\/06\/inmetj-WAQDso.png","datePublished":"2025-06-20T17:17:03+00:00","breadcrumb":{"@id":"https:\/\/deputadotaveirajr.com.br\/index.php\/inmet-amplia-ate-sabado-21-alerta-de-chuvas-para-43-cidades-do-rn-veja-lista\/#breadcrumb"},"inLanguage":"pt-BR","potentialAction":[{"@type":"ReadAction","target":["https:\/\/deputadotaveirajr.com.br\/index.php\/inmet-amplia-ate-sabado-21-alerta-de-chuvas-para-43-cidades-do-rn-veja-lista\/"]}]},{"@type":"ImageObject","inLanguage":"pt-BR","@id":"https:\/\/deputadotaveirajr.com.br\/index.php\/inmet-amplia-ate-sabado-21-alerta-de-chuvas-para-43-cidades-do-rn-veja-lista\/#primaryimage","url":"https:\/\/deputadotaveirajr.com.br\/wp-content\/uploads\/2025\/06\/inmetj-WAQDso.png","contentUrl":"https:\/\/deputadotaveirajr.com.br\/wp-content\/uploads\/2025\/06\/inmetj-WAQDso.png","width":1200,"height":926},{"@type":"BreadcrumbList","@id":"https:\/\/deputadotaveirajr.com.br\/index.php\/inmet-amplia-ate-sabado-21-alerta-de-chuvas-para-43-cidades-do-rn-veja-lista\/#breadcrumb","itemListElement":[{"@type":"ListItem","position":1,"name":"In\u00edcio","item":"https:\/\/deputadotaveirajr.com.br\/"},{"@type":"ListItem","position":2,"name":"Inmet amplia at\u00e9 s\u00e1bado (21) alerta de chuvas para 43 cidades do RN; veja lista"}]},{"@type":"WebSite","@id":"https:\/\/deputadotaveirajr.com.br\/#website","url":"https:\/\/deputadotaveirajr.com.br\/","name":"Taveira Jr","description":"Deputado Estadual","publisher":{"@id":"https:\/\/deputadotaveirajr.com.br\/#organization"},"potentialAction":[{"@type":"SearchAction","target":{"@type":"EntryPoint","urlTemplate":"https:\/\/deputadotaveirajr.com.br\/?s={search_term_string}"},"query-input":{"@type":"PropertyValueSpecification","valueRequired":true,"valueName":"search_term_string"}}],"inLanguage":"pt-BR"},{"@type":"Organization","@id":"https:\/\/deputadotaveirajr.com.br\/#organization","name":"Taveira Jr","url":"https:\/\/deputadotaveirajr.com.br\/","logo":{"@type":"ImageObject","inLanguage":"pt-BR","@id":"https:\/\/deputadotaveirajr.com.br\/#\/schema\/logo\/image\/","url":"https:\/\/deputadotaveirajr.com.br\/wp-content\/uploads\/2026\/01\/logolow2a.png","contentUrl":"https:\/\/deputadotaveirajr.com.br\/wp-content\/uploads\/2026\/01\/logolow2a.png","width":290,"height":80,"caption":"Taveira Jr"},"image":{"@id":"https:\/\/deputadotaveirajr.com.br\/#\/schema\/logo\/image\/"}}]}},"_links":{"self":[{"href":"https:\/\/deputadotaveirajr.com.br\/index.php\/wp-json\/wp\/v2\/pages\/13241","targetHints":{"allow":["GET"]}}],"collection":[{"href":"https:\/\/deputadotaveirajr.com.br\/index.php\/wp-json\/wp\/v2\/pages"}],"about":[{"href":"https:\/\/deputadotaveirajr.com.br\/index.php\/wp-json\/wp\/v2\/types\/page"}],"replies":[{"embeddable":true,"href":"https:\/\/deputadotaveirajr.com.br\/index.php\/wp-json\/wp\/v2\/comments?post=13241"}],"version-history":[{"count":0,"href":"https:\/\/deputadotaveirajr.com.br\/index.php\/wp-json\/wp\/v2\/pages\/13241\/revisions"}],"wp:featuredmedia":[{"embeddable":true,"href":"https:\/\/deputadotaveirajr.com.br\/index.php\/wp-json\/wp\/v2\/media\/13242"}],"wp:attachment":[{"href":"https:\/\/deputadotaveirajr.com.br\/index.php\/wp-json\/wp\/v2\/media?parent=13241"}],"curies":[{"name":"wp","href":"https:\/\/api.w.org\/{rel}","templated":true}]}}