{"id":13243,"date":"2025-06-20T15:33:27","date_gmt":"2025-06-20T18:33:27","guid":{"rendered":"https:\/\/deputadotaveirajr.com.br\/index.php\/servidores-da-saude-suspendem-greve-em-natal\/"},"modified":"2025-06-20T15:33:27","modified_gmt":"2025-06-20T18:33:27","slug":"servidores-da-saude-suspendem-greve-em-natal","status":"publish","type":"page","link":"https:\/\/deputadotaveirajr.com.br\/index.php\/servidores-da-saude-suspendem-greve-em-natal\/","title":{"rendered":"Servidores da sa\u00fade suspendem greve em Natal"},"content":{"rendered":"<p><img decoding=\"async\" src=\"https:\/\/s2-g1.glbimg.com\/oxnIXEd1hhCVKDsE3lkhvN--1XY=\/i.s3.glbimg.com\/v1\/AUTH_59edd422c0c84a879bd37670ae4f538a\/internal_photos\/bs\/2025\/t\/3\/6HGDz6RkaOh31Q10QA2Q\/sinsaude.jpg\" \/><br \/>     Categoria iniciou manifesta\u00e7\u00e3o na ter\u00e7a-feira (17) cobrando reajuste salarial, mas justi\u00e7a determinouna quinta-feira (19)  fim da paralisa\u00e7\u00e3o, com multa di\u00e1ria prevista. Protesto dos servidores da sa\u00fade em frente \u00e0 prefeitura de Natal<br \/>\nDivulga\u00e7\u00e3o\/SindSa\u00fade<br \/>\nOs servidores da sa\u00fade de Natal decidiram nesta sexta-feira (20) suspender a greve, que teve in\u00edcio na ter\u00e7a-feira (17) na capital potiguar. A decis\u00e3o aconteceu em assembleia ap\u00f3s a Justi\u00e7a determinar, na quinta (19), o fim do movimento.<br \/>\nA decis\u00e3o da Justi\u00e7a impunha uma multa di\u00e1ria de R$ 10 mil para cada sindicato envolvido na paralisa\u00e7\u00e3o at\u00e9 o limite de R$ 200 mil em caso de descumprimento da decis\u00e3o.  Al\u00e9m disso, determinou &#8220;continuidade integral da for\u00e7a de trabalho&#8221;<br \/>\n\ud83d\udcf3Participe do canal do g1 RN no WhatsApp<br \/>\nOs servidores cobravam um reajuste salarial de 24% dos sal\u00e1rios (veja detalhes mais abaixo).<br \/>\nApesar do fim da greve, o Sindicato dos Trabalhadores em Sa\u00fade do Rio Grande do Norte (SindSa\u00fade) publicou nas redes sociais que aprovou na assembleia desta sexta um cronograma de atividades &#8220;que visam denunciar as p\u00e9ssimas condi\u00e7\u00f5es de trabalho vivenciadas nas unidades de sa\u00fade da capital potiguar&#8221;.<br \/>\nLEIA TAMB\u00c9M<br \/>\nVazamentos e alagamentos: Maternidade Araken Pinto e Hospital dos Pescadores mudam funcionamento ap\u00f3s chuva<br \/>\nGreve come\u00e7ou na ter\u00e7a-feira<br \/>\nOs servidores da sa\u00fade de Natal entraram na ter\u00e7a-feira em greve. A categoria fez uma caminhada e realizou uma manifesta\u00e7\u00e3o em frente ao Pal\u00e1cio Felipe Camar\u00e3o, na sede da prefeitura, na Cidade Alta.<br \/>\nA prefeitura de Natal chegou a fazer uma proposta de reajuste salarial, que foi negada pela categoria em assembleia. Em nota, a prefeitura informou a proposta de reajuste salarial foi de 5,47% &#8220;sobre os valores atuais, percentual correspondente ao \u00edndice inflacion\u00e1rio entre mar\u00e7o de 2024 e mar\u00e7o deste ano&#8221;.<br \/>\n&#8220;O Munic\u00edpio comprometeu-se ainda, em avaliar as reivindica\u00e7\u00f5es da categoria e prop\u00f4s uma mesa de negocia\u00e7\u00e3o para aprofundar a discuss\u00e3o dos pontos apresentados, reafirmando a disposi\u00e7\u00e3o da gest\u00e3o em manter o di\u00e1logo aberto e permanente.<br \/>\nO munic\u00edpio informou aionda que busca construir uma agenda de valoriza\u00e7\u00e3o &#8220;continuada, realista e sustent\u00e1vel&#8221; e &#8220;manifesta seu apelo ao bom senso dos representantes da categoria para o acolhimento das propostas apresentadas pela gest\u00e3o e, sobretudo, para n\u00e3o prejudicar a presta\u00e7\u00e3o de servi\u00e7os que s\u00e3o essenciais aos natalenses&#8221;.<br \/>\nReivindica\u00e7\u00f5es<br \/>\nA categoria reivindica:<br \/>\numa recomposi\u00e7\u00e3o salarial de 24% (com base no limite prudencial);<br \/>\na implementa\u00e7\u00e3o da data-base retroativa a mar\u00e7o, a recomposi\u00e7\u00e3o das gratifica\u00e7\u00f5es previstas na Lei Complementar 120;<br \/>\ne o fim dos cortes dessas gratifica\u00e7\u00f5es nos per\u00edodos de licen\u00e7a dos servidores.<br \/>\nSegundo o SindSa\u00fade, a prefeitura prop\u00f4s ainda um prazo de at\u00e9 60 dias para regularizar a mesa de negocia\u00e7\u00e3o, o que n\u00e3o foi aceito, j\u00e1 que a categoria exige uma mesa de negocia\u00e7\u00e3o imediata.<br \/>\nO SindSa\u00fade informou que estava optando por paralisa\u00e7\u00f5es para pressionar a gest\u00e3o \u00e0 medida que a negocia\u00e7\u00e3o fosse se desenrolando, mas que a greve foi decidida por conta da urg\u00eancia de atendimento da pauta, que &#8220;exigiram medidas mais radicais&#8221;.<br \/>\nV\u00eddeos mais assistidos do g1 RN<\/p>","protected":false},"excerpt":{"rendered":"<p>Categoria iniciou manifesta\u00e7\u00e3o na ter\u00e7a-feira (17) cobrando reajuste salarial, mas justi\u00e7a determinouna quinta-feira (19) fim da paralisa\u00e7\u00e3o, com multa di\u00e1ria prevista. Protesto dos servidores da sa\u00fade em frente \u00e0 prefeitura &#8230;<\/p>\n","protected":false},"author":0,"featured_media":13244,"parent":0,"menu_order":0,"comment_status":"closed","ping_status":"closed","template":"","meta":{"footnotes":""},"class_list":["post-13243","page","type-page","status-publish","has-post-thumbnail","hentry"],"yoast_head":"<!-- This site is optimized with the Yoast SEO plugin v27.1.1 - https:\/\/yoast.com\/product\/yoast-seo-wordpress\/ -->\n<title>Servidores da sa\u00fade suspendem greve em Natal - Taveira Jr<\/title>\n<meta name=\"robots\" content=\"index, follow, max-snippet:-1, max-image-preview:large, max-video-preview:-1\" \/>\n<link rel=\"canonical\" href=\"https:\/\/deputadotaveirajr.com.br\/index.php\/servidores-da-saude-suspendem-greve-em-natal\/\" \/>\n<meta property=\"og:locale\" content=\"pt_BR\" \/>\n<meta property=\"og:type\" content=\"article\" \/>\n<meta property=\"og:title\" content=\"Servidores da sa\u00fade suspendem greve em Natal - Taveira Jr\" \/>\n<meta property=\"og:description\" content=\"Categoria iniciou manifesta\u00e7\u00e3o na ter\u00e7a-feira (17) cobrando reajuste salarial, mas justi\u00e7a determinouna quinta-feira (19) fim da paralisa\u00e7\u00e3o, com multa di\u00e1ria prevista. Protesto dos servidores da sa\u00fade em frente \u00e0 prefeitura ...\" \/>\n<meta property=\"og:url\" content=\"https:\/\/deputadotaveirajr.com.br\/index.php\/servidores-da-saude-suspendem-greve-em-natal\/\" \/>\n<meta property=\"og:site_name\" content=\"Taveira Jr\" \/>\n<meta property=\"og:image\" content=\"https:\/\/s2-g1.glbimg.com\/oxnIXEd1hhCVKDsE3lkhvN--1XY=\/i.s3.glbimg.com\/v1\/AUTH_59edd422c0c84a879bd37670ae4f538a\/internal_photos\/bs\/2025\/t\/3\/6HGDz6RkaOh31Q10QA2Q\/sinsaude.jpg\" \/>\n<meta name=\"twitter:card\" content=\"summary_large_image\" \/>\n<meta name=\"twitter:label1\" content=\"Est. tempo de leitura\" \/>\n\t<meta name=\"twitter:data1\" content=\"3 minutos\" \/>\n<script type=\"application\/ld+json\" class=\"yoast-schema-graph\">{\"@context\":\"https:\/\/schema.org\",\"@graph\":[{\"@type\":\"WebPage\",\"@id\":\"https:\/\/deputadotaveirajr.com.br\/index.php\/servidores-da-saude-suspendem-greve-em-natal\/\",\"url\":\"https:\/\/deputadotaveirajr.com.br\/index.php\/servidores-da-saude-suspendem-greve-em-natal\/\",\"name\":\"Servidores da sa\u00fade suspendem greve em Natal - Taveira Jr\",\"isPartOf\":{\"@id\":\"https:\/\/deputadotaveirajr.com.br\/#website\"},\"primaryImageOfPage\":{\"@id\":\"https:\/\/deputadotaveirajr.com.br\/index.php\/servidores-da-saude-suspendem-greve-em-natal\/#primaryimage\"},\"image\":{\"@id\":\"https:\/\/deputadotaveirajr.com.br\/index.php\/servidores-da-saude-suspendem-greve-em-natal\/#primaryimage\"},\"thumbnailUrl\":\"https:\/\/deputadotaveirajr.com.br\/wp-content\/uploads\/2025\/06\/sinsaude-txgQXW.jpg\",\"datePublished\":\"2025-06-20T18:33:27+00:00\",\"breadcrumb\":{\"@id\":\"https:\/\/deputadotaveirajr.com.br\/index.php\/servidores-da-saude-suspendem-greve-em-natal\/#breadcrumb\"},\"inLanguage\":\"pt-BR\",\"potentialAction\":[{\"@type\":\"ReadAction\",\"target\":[\"https:\/\/deputadotaveirajr.com.br\/index.php\/servidores-da-saude-suspendem-greve-em-natal\/\"]}]},{\"@type\":\"ImageObject\",\"inLanguage\":\"pt-BR\",\"@id\":\"https:\/\/deputadotaveirajr.com.br\/index.php\/servidores-da-saude-suspendem-greve-em-natal\/#primaryimage\",\"url\":\"https:\/\/deputadotaveirajr.com.br\/wp-content\/uploads\/2025\/06\/sinsaude-txgQXW.jpg\",\"contentUrl\":\"https:\/\/deputadotaveirajr.com.br\/wp-content\/uploads\/2025\/06\/sinsaude-txgQXW.jpg\",\"width\":1600,\"height\":1200},{\"@type\":\"BreadcrumbList\",\"@id\":\"https:\/\/deputadotaveirajr.com.br\/index.php\/servidores-da-saude-suspendem-greve-em-natal\/#breadcrumb\",\"itemListElement\":[{\"@type\":\"ListItem\",\"position\":1,\"name\":\"In\u00edcio\",\"item\":\"https:\/\/deputadotaveirajr.com.br\/\"},{\"@type\":\"ListItem\",\"position\":2,\"name\":\"Servidores da sa\u00fade suspendem greve em Natal\"}]},{\"@type\":\"WebSite\",\"@id\":\"https:\/\/deputadotaveirajr.com.br\/#website\",\"url\":\"https:\/\/deputadotaveirajr.com.br\/\",\"name\":\"Taveira Jr\",\"description\":\"Deputado Estadual\",\"publisher\":{\"@id\":\"https:\/\/deputadotaveirajr.com.br\/#organization\"},\"potentialAction\":[{\"@type\":\"SearchAction\",\"target\":{\"@type\":\"EntryPoint\",\"urlTemplate\":\"https:\/\/deputadotaveirajr.com.br\/?s={search_term_string}\"},\"query-input\":{\"@type\":\"PropertyValueSpecification\",\"valueRequired\":true,\"valueName\":\"search_term_string\"}}],\"inLanguage\":\"pt-BR\"},{\"@type\":\"Organization\",\"@id\":\"https:\/\/deputadotaveirajr.com.br\/#organization\",\"name\":\"Taveira Jr\",\"url\":\"https:\/\/deputadotaveirajr.com.br\/\",\"logo\":{\"@type\":\"ImageObject\",\"inLanguage\":\"pt-BR\",\"@id\":\"https:\/\/deputadotaveirajr.com.br\/#\/schema\/logo\/image\/\",\"url\":\"https:\/\/deputadotaveirajr.com.br\/wp-content\/uploads\/2026\/01\/logolow2a.png\",\"contentUrl\":\"https:\/\/deputadotaveirajr.com.br\/wp-content\/uploads\/2026\/01\/logolow2a.png\",\"width\":290,\"height\":80,\"caption\":\"Taveira Jr\"},\"image\":{\"@id\":\"https:\/\/deputadotaveirajr.com.br\/#\/schema\/logo\/image\/\"}}]}<\/script>\n<!-- \/ Yoast SEO plugin. -->","yoast_head_json":{"title":"Servidores da sa\u00fade suspendem greve em Natal - Taveira Jr","robots":{"index":"index","follow":"follow","max-snippet":"max-snippet:-1","max-image-preview":"max-image-preview:large","max-video-preview":"max-video-preview:-1"},"canonical":"https:\/\/deputadotaveirajr.com.br\/index.php\/servidores-da-saude-suspendem-greve-em-natal\/","og_locale":"pt_BR","og_type":"article","og_title":"Servidores da sa\u00fade suspendem greve em Natal - Taveira Jr","og_description":"Categoria iniciou manifesta\u00e7\u00e3o na ter\u00e7a-feira (17) cobrando reajuste salarial, mas justi\u00e7a determinouna quinta-feira (19) fim da paralisa\u00e7\u00e3o, com multa di\u00e1ria prevista. Protesto dos servidores da sa\u00fade em frente \u00e0 prefeitura ...","og_url":"https:\/\/deputadotaveirajr.com.br\/index.php\/servidores-da-saude-suspendem-greve-em-natal\/","og_site_name":"Taveira Jr","og_image":[{"url":"https:\/\/s2-g1.glbimg.com\/oxnIXEd1hhCVKDsE3lkhvN--1XY=\/i.s3.glbimg.com\/v1\/AUTH_59edd422c0c84a879bd37670ae4f538a\/internal_photos\/bs\/2025\/t\/3\/6HGDz6RkaOh31Q10QA2Q\/sinsaude.jpg","type":"","width":"","height":""}],"twitter_card":"summary_large_image","twitter_misc":{"Est. tempo de leitura":"3 minutos"},"schema":{"@context":"https:\/\/schema.org","@graph":[{"@type":"WebPage","@id":"https:\/\/deputadotaveirajr.com.br\/index.php\/servidores-da-saude-suspendem-greve-em-natal\/","url":"https:\/\/deputadotaveirajr.com.br\/index.php\/servidores-da-saude-suspendem-greve-em-natal\/","name":"Servidores da sa\u00fade suspendem greve em Natal - Taveira Jr","isPartOf":{"@id":"https:\/\/deputadotaveirajr.com.br\/#website"},"primaryImageOfPage":{"@id":"https:\/\/deputadotaveirajr.com.br\/index.php\/servidores-da-saude-suspendem-greve-em-natal\/#primaryimage"},"image":{"@id":"https:\/\/deputadotaveirajr.com.br\/index.php\/servidores-da-saude-suspendem-greve-em-natal\/#primaryimage"},"thumbnailUrl":"https:\/\/deputadotaveirajr.com.br\/wp-content\/uploads\/2025\/06\/sinsaude-txgQXW.jpg","datePublished":"2025-06-20T18:33:27+00:00","breadcrumb":{"@id":"https:\/\/deputadotaveirajr.com.br\/index.php\/servidores-da-saude-suspendem-greve-em-natal\/#breadcrumb"},"inLanguage":"pt-BR","potentialAction":[{"@type":"ReadAction","target":["https:\/\/deputadotaveirajr.com.br\/index.php\/servidores-da-saude-suspendem-greve-em-natal\/"]}]},{"@type":"ImageObject","inLanguage":"pt-BR","@id":"https:\/\/deputadotaveirajr.com.br\/index.php\/servidores-da-saude-suspendem-greve-em-natal\/#primaryimage","url":"https:\/\/deputadotaveirajr.com.br\/wp-content\/uploads\/2025\/06\/sinsaude-txgQXW.jpg","contentUrl":"https:\/\/deputadotaveirajr.com.br\/wp-content\/uploads\/2025\/06\/sinsaude-txgQXW.jpg","width":1600,"height":1200},{"@type":"BreadcrumbList","@id":"https:\/\/deputadotaveirajr.com.br\/index.php\/servidores-da-saude-suspendem-greve-em-natal\/#breadcrumb","itemListElement":[{"@type":"ListItem","position":1,"name":"In\u00edcio","item":"https:\/\/deputadotaveirajr.com.br\/"},{"@type":"ListItem","position":2,"name":"Servidores da sa\u00fade suspendem greve em Natal"}]},{"@type":"WebSite","@id":"https:\/\/deputadotaveirajr.com.br\/#website","url":"https:\/\/deputadotaveirajr.com.br\/","name":"Taveira Jr","description":"Deputado Estadual","publisher":{"@id":"https:\/\/deputadotaveirajr.com.br\/#organization"},"potentialAction":[{"@type":"SearchAction","target":{"@type":"EntryPoint","urlTemplate":"https:\/\/deputadotaveirajr.com.br\/?s={search_term_string}"},"query-input":{"@type":"PropertyValueSpecification","valueRequired":true,"valueName":"search_term_string"}}],"inLanguage":"pt-BR"},{"@type":"Organization","@id":"https:\/\/deputadotaveirajr.com.br\/#organization","name":"Taveira Jr","url":"https:\/\/deputadotaveirajr.com.br\/","logo":{"@type":"ImageObject","inLanguage":"pt-BR","@id":"https:\/\/deputadotaveirajr.com.br\/#\/schema\/logo\/image\/","url":"https:\/\/deputadotaveirajr.com.br\/wp-content\/uploads\/2026\/01\/logolow2a.png","contentUrl":"https:\/\/deputadotaveirajr.com.br\/wp-content\/uploads\/2026\/01\/logolow2a.png","width":290,"height":80,"caption":"Taveira Jr"},"image":{"@id":"https:\/\/deputadotaveirajr.com.br\/#\/schema\/logo\/image\/"}}]}},"_links":{"self":[{"href":"https:\/\/deputadotaveirajr.com.br\/index.php\/wp-json\/wp\/v2\/pages\/13243","targetHints":{"allow":["GET"]}}],"collection":[{"href":"https:\/\/deputadotaveirajr.com.br\/index.php\/wp-json\/wp\/v2\/pages"}],"about":[{"href":"https:\/\/deputadotaveirajr.com.br\/index.php\/wp-json\/wp\/v2\/types\/page"}],"replies":[{"embeddable":true,"href":"https:\/\/deputadotaveirajr.com.br\/index.php\/wp-json\/wp\/v2\/comments?post=13243"}],"version-history":[{"count":0,"href":"https:\/\/deputadotaveirajr.com.br\/index.php\/wp-json\/wp\/v2\/pages\/13243\/revisions"}],"wp:featuredmedia":[{"embeddable":true,"href":"https:\/\/deputadotaveirajr.com.br\/index.php\/wp-json\/wp\/v2\/media\/13244"}],"wp:attachment":[{"href":"https:\/\/deputadotaveirajr.com.br\/index.php\/wp-json\/wp\/v2\/media?parent=13243"}],"curies":[{"name":"wp","href":"https:\/\/api.w.org\/{rel}","templated":true}]}}