{"id":13245,"date":"2025-06-20T16:36:39","date_gmt":"2025-06-20T19:36:39","guid":{"rendered":"https:\/\/deputadotaveirajr.com.br\/index.php\/suspeito-de-matar-ex-namorada-na-paraiba-ha-24-anos-e-preso-no-rio-grande-do-norte\/"},"modified":"2025-06-20T16:36:39","modified_gmt":"2025-06-20T19:36:39","slug":"suspeito-de-matar-ex-namorada-na-paraiba-ha-24-anos-e-preso-no-rio-grande-do-norte","status":"publish","type":"page","link":"https:\/\/deputadotaveirajr.com.br\/index.php\/suspeito-de-matar-ex-namorada-na-paraiba-ha-24-anos-e-preso-no-rio-grande-do-norte\/","title":{"rendered":"Suspeito de matar ex-namorada na Para\u00edba h\u00e1 24 anos \u00e9 preso no Rio Grande do Norte"},"content":{"rendered":"<p><img decoding=\"async\" src=\"https:\/\/s2-g1.glbimg.com\/wwPujtZKWweI1-W1PSBBwOYpeD8=\/i.s3.glbimg.com\/v1\/AUTH_59edd422c0c84a879bd37670ae4f538a\/internal_photos\/bs\/2025\/a\/X\/ERMSuPQs6NrK17gzBG5Q\/img-8621.jpg\" \/><br \/>     De acordo com a Pol\u00edcia Civil, o suspeito estava foragido pelo crime desde 2001 e tamb\u00e9m tentou matar um homem que acompanhava a ex-namorada, na cidade de Mar\u00ed, na Zona da Mata, ap\u00f3s uma vaquejada.  Viatura da Pol\u00edcia Civil, na Para\u00edba<br \/>\nPol\u00edcia Civil\/Divulga\u00e7\u00e3o<br \/>\nUm homem suspeito de matar a ex-namorada na cidade de Mar\u00ed, na Zona da Mata da Para\u00edba, no ano de 2001, foi preso na cidade de S\u00e3o Gon\u00e7alo do Amarante, no Rio Grande do Norte, nesta sexta-feira (20). As informa\u00e7\u00f5es foram confirmadas pela Pol\u00edcia Civil.<br \/>\nDe acordo com as investiga\u00e7\u00f5es, o suspeito e a v\u00edtima mantinham um relacionamento e estavam saindo de uma festa de vaquejada em Mar\u00ed, quando em determinado momento o homem investigado viu a mulher se dirigindo a um matagal com outro homem.<br \/>\nO suspeito teria seguido a mulher para esse matagal e agredido a pauladas na cabe\u00e7a de outro homem, que ficou desacordado. Ap\u00f3s as agress\u00f5es, ele matou a ent\u00e3o namorada. Ele fugiu depois do crime e estava foragido desde ent\u00e3o.<br \/>\nRecentemente, a Pol\u00edcia Civil na Para\u00edba retomou as investiga\u00e7\u00f5es do caso e, contando com a participa\u00e7\u00e3o da corpora\u00e7\u00e3o no Rio Grande do Norte conseguiu localiz\u00e1-lo no estado.<br \/>\nV\u00eddeos mais assistidos do g1 Para\u00edba<\/p>","protected":false},"excerpt":{"rendered":"<p>De acordo com a Pol\u00edcia Civil, o suspeito estava foragido pelo crime desde 2001 e tamb\u00e9m tentou matar um homem que acompanhava a ex-namorada, na cidade de Mar\u00ed, na Zona &#8230;<\/p>\n","protected":false},"author":0,"featured_media":13246,"parent":0,"menu_order":0,"comment_status":"closed","ping_status":"closed","template":"","meta":{"footnotes":""},"class_list":["post-13245","page","type-page","status-publish","has-post-thumbnail","hentry"],"yoast_head":"<!-- This site is optimized with the Yoast SEO plugin v27.1.1 - https:\/\/yoast.com\/product\/yoast-seo-wordpress\/ -->\n<title>Suspeito de matar ex-namorada na Para\u00edba h\u00e1 24 anos \u00e9 preso no Rio Grande do Norte - Taveira Jr<\/title>\n<meta name=\"robots\" content=\"index, follow, max-snippet:-1, max-image-preview:large, max-video-preview:-1\" \/>\n<link rel=\"canonical\" href=\"https:\/\/deputadotaveirajr.com.br\/index.php\/suspeito-de-matar-ex-namorada-na-paraiba-ha-24-anos-e-preso-no-rio-grande-do-norte\/\" \/>\n<meta property=\"og:locale\" content=\"pt_BR\" \/>\n<meta property=\"og:type\" content=\"article\" \/>\n<meta property=\"og:title\" content=\"Suspeito de matar ex-namorada na Para\u00edba h\u00e1 24 anos \u00e9 preso no Rio Grande do Norte - Taveira Jr\" \/>\n<meta property=\"og:description\" content=\"De acordo com a Pol\u00edcia Civil, o suspeito estava foragido pelo crime desde 2001 e tamb\u00e9m tentou matar um homem que acompanhava a ex-namorada, na cidade de Mar\u00ed, na Zona ...\" \/>\n<meta property=\"og:url\" content=\"https:\/\/deputadotaveirajr.com.br\/index.php\/suspeito-de-matar-ex-namorada-na-paraiba-ha-24-anos-e-preso-no-rio-grande-do-norte\/\" \/>\n<meta property=\"og:site_name\" content=\"Taveira Jr\" \/>\n<meta property=\"og:image\" content=\"https:\/\/s2-g1.glbimg.com\/wwPujtZKWweI1-W1PSBBwOYpeD8=\/i.s3.glbimg.com\/v1\/AUTH_59edd422c0c84a879bd37670ae4f538a\/internal_photos\/bs\/2025\/a\/X\/ERMSuPQs6NrK17gzBG5Q\/img-8621.jpg\" \/>\n<meta name=\"twitter:card\" content=\"summary_large_image\" \/>\n<meta name=\"twitter:label1\" content=\"Est. tempo de leitura\" \/>\n\t<meta name=\"twitter:data1\" content=\"1 minuto\" \/>\n<script type=\"application\/ld+json\" class=\"yoast-schema-graph\">{\"@context\":\"https:\/\/schema.org\",\"@graph\":[{\"@type\":\"WebPage\",\"@id\":\"https:\/\/deputadotaveirajr.com.br\/index.php\/suspeito-de-matar-ex-namorada-na-paraiba-ha-24-anos-e-preso-no-rio-grande-do-norte\/\",\"url\":\"https:\/\/deputadotaveirajr.com.br\/index.php\/suspeito-de-matar-ex-namorada-na-paraiba-ha-24-anos-e-preso-no-rio-grande-do-norte\/\",\"name\":\"Suspeito de matar ex-namorada na Para\u00edba h\u00e1 24 anos \u00e9 preso no Rio Grande do Norte - Taveira Jr\",\"isPartOf\":{\"@id\":\"https:\/\/deputadotaveirajr.com.br\/#website\"},\"primaryImageOfPage\":{\"@id\":\"https:\/\/deputadotaveirajr.com.br\/index.php\/suspeito-de-matar-ex-namorada-na-paraiba-ha-24-anos-e-preso-no-rio-grande-do-norte\/#primaryimage\"},\"image\":{\"@id\":\"https:\/\/deputadotaveirajr.com.br\/index.php\/suspeito-de-matar-ex-namorada-na-paraiba-ha-24-anos-e-preso-no-rio-grande-do-norte\/#primaryimage\"},\"thumbnailUrl\":\"https:\/\/deputadotaveirajr.com.br\/wp-content\/uploads\/2025\/06\/img-8621-saUnoW.png\",\"datePublished\":\"2025-06-20T19:36:39+00:00\",\"breadcrumb\":{\"@id\":\"https:\/\/deputadotaveirajr.com.br\/index.php\/suspeito-de-matar-ex-namorada-na-paraiba-ha-24-anos-e-preso-no-rio-grande-do-norte\/#breadcrumb\"},\"inLanguage\":\"pt-BR\",\"potentialAction\":[{\"@type\":\"ReadAction\",\"target\":[\"https:\/\/deputadotaveirajr.com.br\/index.php\/suspeito-de-matar-ex-namorada-na-paraiba-ha-24-anos-e-preso-no-rio-grande-do-norte\/\"]}]},{\"@type\":\"ImageObject\",\"inLanguage\":\"pt-BR\",\"@id\":\"https:\/\/deputadotaveirajr.com.br\/index.php\/suspeito-de-matar-ex-namorada-na-paraiba-ha-24-anos-e-preso-no-rio-grande-do-norte\/#primaryimage\",\"url\":\"https:\/\/deputadotaveirajr.com.br\/wp-content\/uploads\/2025\/06\/img-8621-saUnoW.png\",\"contentUrl\":\"https:\/\/deputadotaveirajr.com.br\/wp-content\/uploads\/2025\/06\/img-8621-saUnoW.png\",\"width\":1920,\"height\":1280},{\"@type\":\"BreadcrumbList\",\"@id\":\"https:\/\/deputadotaveirajr.com.br\/index.php\/suspeito-de-matar-ex-namorada-na-paraiba-ha-24-anos-e-preso-no-rio-grande-do-norte\/#breadcrumb\",\"itemListElement\":[{\"@type\":\"ListItem\",\"position\":1,\"name\":\"In\u00edcio\",\"item\":\"https:\/\/deputadotaveirajr.com.br\/\"},{\"@type\":\"ListItem\",\"position\":2,\"name\":\"Suspeito de matar ex-namorada na Para\u00edba h\u00e1 24 anos \u00e9 preso no Rio Grande do Norte\"}]},{\"@type\":\"WebSite\",\"@id\":\"https:\/\/deputadotaveirajr.com.br\/#website\",\"url\":\"https:\/\/deputadotaveirajr.com.br\/\",\"name\":\"Taveira Jr\",\"description\":\"Deputado Estadual\",\"publisher\":{\"@id\":\"https:\/\/deputadotaveirajr.com.br\/#organization\"},\"potentialAction\":[{\"@type\":\"SearchAction\",\"target\":{\"@type\":\"EntryPoint\",\"urlTemplate\":\"https:\/\/deputadotaveirajr.com.br\/?s={search_term_string}\"},\"query-input\":{\"@type\":\"PropertyValueSpecification\",\"valueRequired\":true,\"valueName\":\"search_term_string\"}}],\"inLanguage\":\"pt-BR\"},{\"@type\":\"Organization\",\"@id\":\"https:\/\/deputadotaveirajr.com.br\/#organization\",\"name\":\"Taveira Jr\",\"url\":\"https:\/\/deputadotaveirajr.com.br\/\",\"logo\":{\"@type\":\"ImageObject\",\"inLanguage\":\"pt-BR\",\"@id\":\"https:\/\/deputadotaveirajr.com.br\/#\/schema\/logo\/image\/\",\"url\":\"https:\/\/deputadotaveirajr.com.br\/wp-content\/uploads\/2026\/01\/logolow2a.png\",\"contentUrl\":\"https:\/\/deputadotaveirajr.com.br\/wp-content\/uploads\/2026\/01\/logolow2a.png\",\"width\":290,\"height\":80,\"caption\":\"Taveira Jr\"},\"image\":{\"@id\":\"https:\/\/deputadotaveirajr.com.br\/#\/schema\/logo\/image\/\"}}]}<\/script>\n<!-- \/ Yoast SEO plugin. -->","yoast_head_json":{"title":"Suspeito de matar ex-namorada na Para\u00edba h\u00e1 24 anos \u00e9 preso no Rio Grande do Norte - Taveira Jr","robots":{"index":"index","follow":"follow","max-snippet":"max-snippet:-1","max-image-preview":"max-image-preview:large","max-video-preview":"max-video-preview:-1"},"canonical":"https:\/\/deputadotaveirajr.com.br\/index.php\/suspeito-de-matar-ex-namorada-na-paraiba-ha-24-anos-e-preso-no-rio-grande-do-norte\/","og_locale":"pt_BR","og_type":"article","og_title":"Suspeito de matar ex-namorada na Para\u00edba h\u00e1 24 anos \u00e9 preso no Rio Grande do Norte - Taveira Jr","og_description":"De acordo com a Pol\u00edcia Civil, o suspeito estava foragido pelo crime desde 2001 e tamb\u00e9m tentou matar um homem que acompanhava a ex-namorada, na cidade de Mar\u00ed, na Zona ...","og_url":"https:\/\/deputadotaveirajr.com.br\/index.php\/suspeito-de-matar-ex-namorada-na-paraiba-ha-24-anos-e-preso-no-rio-grande-do-norte\/","og_site_name":"Taveira Jr","og_image":[{"url":"https:\/\/s2-g1.glbimg.com\/wwPujtZKWweI1-W1PSBBwOYpeD8=\/i.s3.glbimg.com\/v1\/AUTH_59edd422c0c84a879bd37670ae4f538a\/internal_photos\/bs\/2025\/a\/X\/ERMSuPQs6NrK17gzBG5Q\/img-8621.jpg","type":"","width":"","height":""}],"twitter_card":"summary_large_image","twitter_misc":{"Est. tempo de leitura":"1 minuto"},"schema":{"@context":"https:\/\/schema.org","@graph":[{"@type":"WebPage","@id":"https:\/\/deputadotaveirajr.com.br\/index.php\/suspeito-de-matar-ex-namorada-na-paraiba-ha-24-anos-e-preso-no-rio-grande-do-norte\/","url":"https:\/\/deputadotaveirajr.com.br\/index.php\/suspeito-de-matar-ex-namorada-na-paraiba-ha-24-anos-e-preso-no-rio-grande-do-norte\/","name":"Suspeito de matar ex-namorada na Para\u00edba h\u00e1 24 anos \u00e9 preso no Rio Grande do Norte - Taveira Jr","isPartOf":{"@id":"https:\/\/deputadotaveirajr.com.br\/#website"},"primaryImageOfPage":{"@id":"https:\/\/deputadotaveirajr.com.br\/index.php\/suspeito-de-matar-ex-namorada-na-paraiba-ha-24-anos-e-preso-no-rio-grande-do-norte\/#primaryimage"},"image":{"@id":"https:\/\/deputadotaveirajr.com.br\/index.php\/suspeito-de-matar-ex-namorada-na-paraiba-ha-24-anos-e-preso-no-rio-grande-do-norte\/#primaryimage"},"thumbnailUrl":"https:\/\/deputadotaveirajr.com.br\/wp-content\/uploads\/2025\/06\/img-8621-saUnoW.png","datePublished":"2025-06-20T19:36:39+00:00","breadcrumb":{"@id":"https:\/\/deputadotaveirajr.com.br\/index.php\/suspeito-de-matar-ex-namorada-na-paraiba-ha-24-anos-e-preso-no-rio-grande-do-norte\/#breadcrumb"},"inLanguage":"pt-BR","potentialAction":[{"@type":"ReadAction","target":["https:\/\/deputadotaveirajr.com.br\/index.php\/suspeito-de-matar-ex-namorada-na-paraiba-ha-24-anos-e-preso-no-rio-grande-do-norte\/"]}]},{"@type":"ImageObject","inLanguage":"pt-BR","@id":"https:\/\/deputadotaveirajr.com.br\/index.php\/suspeito-de-matar-ex-namorada-na-paraiba-ha-24-anos-e-preso-no-rio-grande-do-norte\/#primaryimage","url":"https:\/\/deputadotaveirajr.com.br\/wp-content\/uploads\/2025\/06\/img-8621-saUnoW.png","contentUrl":"https:\/\/deputadotaveirajr.com.br\/wp-content\/uploads\/2025\/06\/img-8621-saUnoW.png","width":1920,"height":1280},{"@type":"BreadcrumbList","@id":"https:\/\/deputadotaveirajr.com.br\/index.php\/suspeito-de-matar-ex-namorada-na-paraiba-ha-24-anos-e-preso-no-rio-grande-do-norte\/#breadcrumb","itemListElement":[{"@type":"ListItem","position":1,"name":"In\u00edcio","item":"https:\/\/deputadotaveirajr.com.br\/"},{"@type":"ListItem","position":2,"name":"Suspeito de matar ex-namorada na Para\u00edba h\u00e1 24 anos \u00e9 preso no Rio Grande do Norte"}]},{"@type":"WebSite","@id":"https:\/\/deputadotaveirajr.com.br\/#website","url":"https:\/\/deputadotaveirajr.com.br\/","name":"Taveira Jr","description":"Deputado Estadual","publisher":{"@id":"https:\/\/deputadotaveirajr.com.br\/#organization"},"potentialAction":[{"@type":"SearchAction","target":{"@type":"EntryPoint","urlTemplate":"https:\/\/deputadotaveirajr.com.br\/?s={search_term_string}"},"query-input":{"@type":"PropertyValueSpecification","valueRequired":true,"valueName":"search_term_string"}}],"inLanguage":"pt-BR"},{"@type":"Organization","@id":"https:\/\/deputadotaveirajr.com.br\/#organization","name":"Taveira Jr","url":"https:\/\/deputadotaveirajr.com.br\/","logo":{"@type":"ImageObject","inLanguage":"pt-BR","@id":"https:\/\/deputadotaveirajr.com.br\/#\/schema\/logo\/image\/","url":"https:\/\/deputadotaveirajr.com.br\/wp-content\/uploads\/2026\/01\/logolow2a.png","contentUrl":"https:\/\/deputadotaveirajr.com.br\/wp-content\/uploads\/2026\/01\/logolow2a.png","width":290,"height":80,"caption":"Taveira Jr"},"image":{"@id":"https:\/\/deputadotaveirajr.com.br\/#\/schema\/logo\/image\/"}}]}},"_links":{"self":[{"href":"https:\/\/deputadotaveirajr.com.br\/index.php\/wp-json\/wp\/v2\/pages\/13245","targetHints":{"allow":["GET"]}}],"collection":[{"href":"https:\/\/deputadotaveirajr.com.br\/index.php\/wp-json\/wp\/v2\/pages"}],"about":[{"href":"https:\/\/deputadotaveirajr.com.br\/index.php\/wp-json\/wp\/v2\/types\/page"}],"replies":[{"embeddable":true,"href":"https:\/\/deputadotaveirajr.com.br\/index.php\/wp-json\/wp\/v2\/comments?post=13245"}],"version-history":[{"count":0,"href":"https:\/\/deputadotaveirajr.com.br\/index.php\/wp-json\/wp\/v2\/pages\/13245\/revisions"}],"wp:featuredmedia":[{"embeddable":true,"href":"https:\/\/deputadotaveirajr.com.br\/index.php\/wp-json\/wp\/v2\/media\/13246"}],"wp:attachment":[{"href":"https:\/\/deputadotaveirajr.com.br\/index.php\/wp-json\/wp\/v2\/media?parent=13245"}],"curies":[{"name":"wp","href":"https:\/\/api.w.org\/{rel}","templated":true}]}}