{"id":13247,"date":"2025-06-20T16:10:50","date_gmt":"2025-06-20T19:10:50","guid":{"rendered":"https:\/\/deputadotaveirajr.com.br\/index.php\/fa-dorme-em-local-do-show-e-realiza-sonho-de-conhecer-cantor-pablo-em-mossoro\/"},"modified":"2025-06-20T16:10:50","modified_gmt":"2025-06-20T19:10:50","slug":"fa-dorme-em-local-do-show-e-realiza-sonho-de-conhecer-cantor-pablo-em-mossoro","status":"publish","type":"page","link":"https:\/\/deputadotaveirajr.com.br\/index.php\/fa-dorme-em-local-do-show-e-realiza-sonho-de-conhecer-cantor-pablo-em-mossoro\/","title":{"rendered":"\u200b\u200bF\u00e3 dorme em local do show e realiza sonho de conhecer cantor Pablo em Mossor\u00f3"},"content":{"rendered":"<p><img decoding=\"async\" src=\"https:\/\/s2-g1.glbimg.com\/SHOSmGGitAHgzD__ltu6FH_hshc=\/i.s3.glbimg.com\/v1\/AUTH_59edd422c0c84a879bd37670ae4f538a\/internal_photos\/bs\/2025\/y\/M\/k3zuNpQLSUcc2WAcQTuw\/whatsapp-image-2025-06-20-at-13.13.45.jpeg\" \/><br \/>     Jana\u00edna Silva chegou \u00e0 Esta\u00e7\u00e3o das Artes ainda na tarde da v\u00e9spera do show para garantir vaga na grade e foi convidada para assistir ao show no palco.  \u200b\u200bF\u00e3 dorme na Esta\u00e7\u00e3o das Artes para ver show de Pablo no Mossor\u00f3 Cidade Junina<br \/>\nJana\u00edna Silva dormiu na Esta\u00e7\u00e3o das Artes, em Mossor\u00f3, para garantir um lugar na grade pr\u00f3xima ao palco para ver o show do cantor Pablo, realizado nesta quinta-feira (19), no Mossor\u00f3 Cidade Junina. A f\u00e3 chegou ao local ainda na tarde da quarta-feira (18) e passou a noite no espa\u00e7o reservado para o evento. Foram quase 30 horas de espera at\u00e9 o in\u00edcio da apresenta\u00e7\u00e3o.<br \/>\nA persist\u00eancia foi recompensada com um encontro com o cantor antes da apresenta\u00e7\u00e3o. Emocionada, ela agradeceu pela oportunidade de realizar o sonho de ver Pablo de perto. O artista ainda a convidou para assistir ao show em um lugar privilegiado: em cima do palco.<br \/>\n\ud83d\udcf3Participe do canal do g1 RN no WhatsApp<br \/>\nJanaina Silva conheceu Pablo antes do show come\u00e7ar<br \/>\nReprodu\u00e7\u00e3o\/Instagram<br \/>\n&#8220;Eu cheguei aqui \u00e0s 16h30 (de quarta-feira). Eu te amo muito. O povo fala tudo, mas eu n\u00e3o ligo. S\u00f3 Deus sabe o quanto amo voc\u00ea, sua voz, suas m\u00fasicas. Eu sonhei esse tempo todo para dizer isso pessoalmente&#8221;, disse.<br \/>\nDurante a conversa, a f\u00e3 tamb\u00e9m pediu que o cantor enviasse recados a outros admiradores.<br \/>\nNo fim do encontro, Jana\u00edna relembrou a rela\u00e7\u00e3o da m\u00e3e, j\u00e1 falecida, com a m\u00fasica de Pablo. &#8220;Eu fico mais feliz ainda porque a minha m\u00e3e, quando era viva, gostava de voc\u00ea. E eu sei que, onde ela est\u00e1 hoje, est\u00e1 feliz porque eu estou realizando o meu sonho&#8221;.<br \/>\nO show de Pablo foi uma das atra\u00e7\u00f5es da programa\u00e7\u00e3o do Mossor\u00f3 Cidade Junina nesta quinta-feira. A Esta\u00e7\u00e3o das Artes \u00e9 um dos principais polos do evento.<\/p>","protected":false},"excerpt":{"rendered":"<p>Jana\u00edna Silva chegou \u00e0 Esta\u00e7\u00e3o das Artes ainda na tarde da v\u00e9spera do show para garantir vaga na grade e foi convidada para assistir ao show no palco. \u200b\u200bF\u00e3 dorme &#8230;<\/p>\n","protected":false},"author":0,"featured_media":13248,"parent":0,"menu_order":0,"comment_status":"closed","ping_status":"closed","template":"","meta":{"footnotes":""},"class_list":["post-13247","page","type-page","status-publish","has-post-thumbnail","hentry"],"yoast_head":"<!-- This site is optimized with the Yoast SEO plugin v27.1.1 - https:\/\/yoast.com\/product\/yoast-seo-wordpress\/ -->\n<title>\u200b\u200bF\u00e3 dorme em local do show e realiza sonho de conhecer cantor Pablo em Mossor\u00f3 - Taveira Jr<\/title>\n<meta name=\"robots\" content=\"index, follow, max-snippet:-1, max-image-preview:large, max-video-preview:-1\" \/>\n<link rel=\"canonical\" href=\"https:\/\/deputadotaveirajr.com.br\/index.php\/fa-dorme-em-local-do-show-e-realiza-sonho-de-conhecer-cantor-pablo-em-mossoro\/\" \/>\n<meta property=\"og:locale\" content=\"pt_BR\" \/>\n<meta property=\"og:type\" content=\"article\" \/>\n<meta property=\"og:title\" content=\"\u200b\u200bF\u00e3 dorme em local do show e realiza sonho de conhecer cantor Pablo em Mossor\u00f3 - Taveira Jr\" \/>\n<meta property=\"og:description\" content=\"Jana\u00edna Silva chegou \u00e0 Esta\u00e7\u00e3o das Artes ainda na tarde da v\u00e9spera do show para garantir vaga na grade e foi convidada para assistir ao show no palco. \u200b\u200bF\u00e3 dorme ...\" \/>\n<meta property=\"og:url\" content=\"https:\/\/deputadotaveirajr.com.br\/index.php\/fa-dorme-em-local-do-show-e-realiza-sonho-de-conhecer-cantor-pablo-em-mossoro\/\" \/>\n<meta property=\"og:site_name\" content=\"Taveira Jr\" \/>\n<meta property=\"og:image\" content=\"https:\/\/s2-g1.glbimg.com\/SHOSmGGitAHgzD__ltu6FH_hshc=\/i.s3.glbimg.com\/v1\/AUTH_59edd422c0c84a879bd37670ae4f538a\/internal_photos\/bs\/2025\/y\/M\/k3zuNpQLSUcc2WAcQTuw\/whatsapp-image-2025-06-20-at-13.13.45.jpeg\" \/>\n<meta name=\"twitter:card\" content=\"summary_large_image\" \/>\n<meta name=\"twitter:label1\" content=\"Est. tempo de leitura\" \/>\n\t<meta name=\"twitter:data1\" content=\"2 minutos\" \/>\n<script type=\"application\/ld+json\" class=\"yoast-schema-graph\">{\"@context\":\"https:\/\/schema.org\",\"@graph\":[{\"@type\":\"WebPage\",\"@id\":\"https:\/\/deputadotaveirajr.com.br\/index.php\/fa-dorme-em-local-do-show-e-realiza-sonho-de-conhecer-cantor-pablo-em-mossoro\/\",\"url\":\"https:\/\/deputadotaveirajr.com.br\/index.php\/fa-dorme-em-local-do-show-e-realiza-sonho-de-conhecer-cantor-pablo-em-mossoro\/\",\"name\":\"\u200b\u200bF\u00e3 dorme em local do show e realiza sonho de conhecer cantor Pablo em Mossor\u00f3 - Taveira Jr\",\"isPartOf\":{\"@id\":\"https:\/\/deputadotaveirajr.com.br\/#website\"},\"primaryImageOfPage\":{\"@id\":\"https:\/\/deputadotaveirajr.com.br\/index.php\/fa-dorme-em-local-do-show-e-realiza-sonho-de-conhecer-cantor-pablo-em-mossoro\/#primaryimage\"},\"image\":{\"@id\":\"https:\/\/deputadotaveirajr.com.br\/index.php\/fa-dorme-em-local-do-show-e-realiza-sonho-de-conhecer-cantor-pablo-em-mossoro\/#primaryimage\"},\"thumbnailUrl\":\"https:\/\/deputadotaveirajr.com.br\/wp-content\/uploads\/2025\/06\/whatsapp-image-2025-06-20-at-13.13.45-zQ13uX.jpg\",\"datePublished\":\"2025-06-20T19:10:50+00:00\",\"breadcrumb\":{\"@id\":\"https:\/\/deputadotaveirajr.com.br\/index.php\/fa-dorme-em-local-do-show-e-realiza-sonho-de-conhecer-cantor-pablo-em-mossoro\/#breadcrumb\"},\"inLanguage\":\"pt-BR\",\"potentialAction\":[{\"@type\":\"ReadAction\",\"target\":[\"https:\/\/deputadotaveirajr.com.br\/index.php\/fa-dorme-em-local-do-show-e-realiza-sonho-de-conhecer-cantor-pablo-em-mossoro\/\"]}]},{\"@type\":\"ImageObject\",\"inLanguage\":\"pt-BR\",\"@id\":\"https:\/\/deputadotaveirajr.com.br\/index.php\/fa-dorme-em-local-do-show-e-realiza-sonho-de-conhecer-cantor-pablo-em-mossoro\/#primaryimage\",\"url\":\"https:\/\/deputadotaveirajr.com.br\/wp-content\/uploads\/2025\/06\/whatsapp-image-2025-06-20-at-13.13.45-zQ13uX.jpg\",\"contentUrl\":\"https:\/\/deputadotaveirajr.com.br\/wp-content\/uploads\/2025\/06\/whatsapp-image-2025-06-20-at-13.13.45-zQ13uX.jpg\",\"width\":1170,\"height\":977},{\"@type\":\"BreadcrumbList\",\"@id\":\"https:\/\/deputadotaveirajr.com.br\/index.php\/fa-dorme-em-local-do-show-e-realiza-sonho-de-conhecer-cantor-pablo-em-mossoro\/#breadcrumb\",\"itemListElement\":[{\"@type\":\"ListItem\",\"position\":1,\"name\":\"In\u00edcio\",\"item\":\"https:\/\/deputadotaveirajr.com.br\/\"},{\"@type\":\"ListItem\",\"position\":2,\"name\":\"\u200b\u200bF\u00e3 dorme em local do show e realiza sonho de conhecer cantor Pablo em Mossor\u00f3\"}]},{\"@type\":\"WebSite\",\"@id\":\"https:\/\/deputadotaveirajr.com.br\/#website\",\"url\":\"https:\/\/deputadotaveirajr.com.br\/\",\"name\":\"Taveira Jr\",\"description\":\"Deputado Estadual\",\"publisher\":{\"@id\":\"https:\/\/deputadotaveirajr.com.br\/#organization\"},\"potentialAction\":[{\"@type\":\"SearchAction\",\"target\":{\"@type\":\"EntryPoint\",\"urlTemplate\":\"https:\/\/deputadotaveirajr.com.br\/?s={search_term_string}\"},\"query-input\":{\"@type\":\"PropertyValueSpecification\",\"valueRequired\":true,\"valueName\":\"search_term_string\"}}],\"inLanguage\":\"pt-BR\"},{\"@type\":\"Organization\",\"@id\":\"https:\/\/deputadotaveirajr.com.br\/#organization\",\"name\":\"Taveira Jr\",\"url\":\"https:\/\/deputadotaveirajr.com.br\/\",\"logo\":{\"@type\":\"ImageObject\",\"inLanguage\":\"pt-BR\",\"@id\":\"https:\/\/deputadotaveirajr.com.br\/#\/schema\/logo\/image\/\",\"url\":\"https:\/\/deputadotaveirajr.com.br\/wp-content\/uploads\/2026\/01\/logolow2a.png\",\"contentUrl\":\"https:\/\/deputadotaveirajr.com.br\/wp-content\/uploads\/2026\/01\/logolow2a.png\",\"width\":290,\"height\":80,\"caption\":\"Taveira Jr\"},\"image\":{\"@id\":\"https:\/\/deputadotaveirajr.com.br\/#\/schema\/logo\/image\/\"}}]}<\/script>\n<!-- \/ Yoast SEO plugin. -->","yoast_head_json":{"title":"\u200b\u200bF\u00e3 dorme em local do show e realiza sonho de conhecer cantor Pablo em Mossor\u00f3 - Taveira Jr","robots":{"index":"index","follow":"follow","max-snippet":"max-snippet:-1","max-image-preview":"max-image-preview:large","max-video-preview":"max-video-preview:-1"},"canonical":"https:\/\/deputadotaveirajr.com.br\/index.php\/fa-dorme-em-local-do-show-e-realiza-sonho-de-conhecer-cantor-pablo-em-mossoro\/","og_locale":"pt_BR","og_type":"article","og_title":"\u200b\u200bF\u00e3 dorme em local do show e realiza sonho de conhecer cantor Pablo em Mossor\u00f3 - Taveira Jr","og_description":"Jana\u00edna Silva chegou \u00e0 Esta\u00e7\u00e3o das Artes ainda na tarde da v\u00e9spera do show para garantir vaga na grade e foi convidada para assistir ao show no palco. \u200b\u200bF\u00e3 dorme ...","og_url":"https:\/\/deputadotaveirajr.com.br\/index.php\/fa-dorme-em-local-do-show-e-realiza-sonho-de-conhecer-cantor-pablo-em-mossoro\/","og_site_name":"Taveira Jr","og_image":[{"url":"https:\/\/s2-g1.glbimg.com\/SHOSmGGitAHgzD__ltu6FH_hshc=\/i.s3.glbimg.com\/v1\/AUTH_59edd422c0c84a879bd37670ae4f538a\/internal_photos\/bs\/2025\/y\/M\/k3zuNpQLSUcc2WAcQTuw\/whatsapp-image-2025-06-20-at-13.13.45.jpeg","type":"","width":"","height":""}],"twitter_card":"summary_large_image","twitter_misc":{"Est. tempo de leitura":"2 minutos"},"schema":{"@context":"https:\/\/schema.org","@graph":[{"@type":"WebPage","@id":"https:\/\/deputadotaveirajr.com.br\/index.php\/fa-dorme-em-local-do-show-e-realiza-sonho-de-conhecer-cantor-pablo-em-mossoro\/","url":"https:\/\/deputadotaveirajr.com.br\/index.php\/fa-dorme-em-local-do-show-e-realiza-sonho-de-conhecer-cantor-pablo-em-mossoro\/","name":"\u200b\u200bF\u00e3 dorme em local do show e realiza sonho de conhecer cantor Pablo em Mossor\u00f3 - Taveira Jr","isPartOf":{"@id":"https:\/\/deputadotaveirajr.com.br\/#website"},"primaryImageOfPage":{"@id":"https:\/\/deputadotaveirajr.com.br\/index.php\/fa-dorme-em-local-do-show-e-realiza-sonho-de-conhecer-cantor-pablo-em-mossoro\/#primaryimage"},"image":{"@id":"https:\/\/deputadotaveirajr.com.br\/index.php\/fa-dorme-em-local-do-show-e-realiza-sonho-de-conhecer-cantor-pablo-em-mossoro\/#primaryimage"},"thumbnailUrl":"https:\/\/deputadotaveirajr.com.br\/wp-content\/uploads\/2025\/06\/whatsapp-image-2025-06-20-at-13.13.45-zQ13uX.jpg","datePublished":"2025-06-20T19:10:50+00:00","breadcrumb":{"@id":"https:\/\/deputadotaveirajr.com.br\/index.php\/fa-dorme-em-local-do-show-e-realiza-sonho-de-conhecer-cantor-pablo-em-mossoro\/#breadcrumb"},"inLanguage":"pt-BR","potentialAction":[{"@type":"ReadAction","target":["https:\/\/deputadotaveirajr.com.br\/index.php\/fa-dorme-em-local-do-show-e-realiza-sonho-de-conhecer-cantor-pablo-em-mossoro\/"]}]},{"@type":"ImageObject","inLanguage":"pt-BR","@id":"https:\/\/deputadotaveirajr.com.br\/index.php\/fa-dorme-em-local-do-show-e-realiza-sonho-de-conhecer-cantor-pablo-em-mossoro\/#primaryimage","url":"https:\/\/deputadotaveirajr.com.br\/wp-content\/uploads\/2025\/06\/whatsapp-image-2025-06-20-at-13.13.45-zQ13uX.jpg","contentUrl":"https:\/\/deputadotaveirajr.com.br\/wp-content\/uploads\/2025\/06\/whatsapp-image-2025-06-20-at-13.13.45-zQ13uX.jpg","width":1170,"height":977},{"@type":"BreadcrumbList","@id":"https:\/\/deputadotaveirajr.com.br\/index.php\/fa-dorme-em-local-do-show-e-realiza-sonho-de-conhecer-cantor-pablo-em-mossoro\/#breadcrumb","itemListElement":[{"@type":"ListItem","position":1,"name":"In\u00edcio","item":"https:\/\/deputadotaveirajr.com.br\/"},{"@type":"ListItem","position":2,"name":"\u200b\u200bF\u00e3 dorme em local do show e realiza sonho de conhecer cantor Pablo em Mossor\u00f3"}]},{"@type":"WebSite","@id":"https:\/\/deputadotaveirajr.com.br\/#website","url":"https:\/\/deputadotaveirajr.com.br\/","name":"Taveira Jr","description":"Deputado Estadual","publisher":{"@id":"https:\/\/deputadotaveirajr.com.br\/#organization"},"potentialAction":[{"@type":"SearchAction","target":{"@type":"EntryPoint","urlTemplate":"https:\/\/deputadotaveirajr.com.br\/?s={search_term_string}"},"query-input":{"@type":"PropertyValueSpecification","valueRequired":true,"valueName":"search_term_string"}}],"inLanguage":"pt-BR"},{"@type":"Organization","@id":"https:\/\/deputadotaveirajr.com.br\/#organization","name":"Taveira Jr","url":"https:\/\/deputadotaveirajr.com.br\/","logo":{"@type":"ImageObject","inLanguage":"pt-BR","@id":"https:\/\/deputadotaveirajr.com.br\/#\/schema\/logo\/image\/","url":"https:\/\/deputadotaveirajr.com.br\/wp-content\/uploads\/2026\/01\/logolow2a.png","contentUrl":"https:\/\/deputadotaveirajr.com.br\/wp-content\/uploads\/2026\/01\/logolow2a.png","width":290,"height":80,"caption":"Taveira Jr"},"image":{"@id":"https:\/\/deputadotaveirajr.com.br\/#\/schema\/logo\/image\/"}}]}},"_links":{"self":[{"href":"https:\/\/deputadotaveirajr.com.br\/index.php\/wp-json\/wp\/v2\/pages\/13247","targetHints":{"allow":["GET"]}}],"collection":[{"href":"https:\/\/deputadotaveirajr.com.br\/index.php\/wp-json\/wp\/v2\/pages"}],"about":[{"href":"https:\/\/deputadotaveirajr.com.br\/index.php\/wp-json\/wp\/v2\/types\/page"}],"replies":[{"embeddable":true,"href":"https:\/\/deputadotaveirajr.com.br\/index.php\/wp-json\/wp\/v2\/comments?post=13247"}],"version-history":[{"count":0,"href":"https:\/\/deputadotaveirajr.com.br\/index.php\/wp-json\/wp\/v2\/pages\/13247\/revisions"}],"wp:featuredmedia":[{"embeddable":true,"href":"https:\/\/deputadotaveirajr.com.br\/index.php\/wp-json\/wp\/v2\/media\/13248"}],"wp:attachment":[{"href":"https:\/\/deputadotaveirajr.com.br\/index.php\/wp-json\/wp\/v2\/media?parent=13247"}],"curies":[{"name":"wp","href":"https:\/\/api.w.org\/{rel}","templated":true}]}}