{"id":13281,"date":"2025-06-23T16:26:58","date_gmt":"2025-06-23T19:26:58","guid":{"rendered":"https:\/\/deputadotaveirajr.com.br\/index.php\/ufrn-oferta-238-vagas-residuais-para-cursos-de-graduacao\/"},"modified":"2025-06-23T16:26:58","modified_gmt":"2025-06-23T19:26:58","slug":"ufrn-oferta-238-vagas-residuais-para-cursos-de-graduacao","status":"publish","type":"page","link":"https:\/\/deputadotaveirajr.com.br\/index.php\/ufrn-oferta-238-vagas-residuais-para-cursos-de-graduacao\/","title":{"rendered":"UFRN oferta 238 vagas residuais para cursos de gradua\u00e7\u00e3o"},"content":{"rendered":"<p><img decoding=\"async\" src=\"https:\/\/s2-g1.glbimg.com\/1iWfF48NqTRde8nlrJg8ks1LzOo=\/i.s3.glbimg.com\/v1\/AUTH_59edd422c0c84a879bd37670ae4f538a\/internal_photos\/bs\/2023\/U\/A\/DyOBzsT2mPBAXvMUDi4g\/whatsapp-image-2023-03-27-at-06.18.06.jpeg\" \/><br \/>     Inscri\u00e7\u00f5es ficam abertas at\u00e9 o dia 30 de junho e devem ser feitas pelo site da Comperve. Valor para se inscrever \u00e9 de R$ 30. UFRN campus Central, Natal<br \/>\nLucas Cortez\/Inter TV Cabugi<br \/>\nA Universidade Federal do Rio Grande do Norte (UFRN) abriu inscri\u00e7\u00f5es para um processo seletivo com 238 vagas residuais dos cursos de gradua\u00e7\u00e3o. As vagas s\u00e3o para os campi de Natal, Caic\u00f3 e Santa Cruz.<br \/>\nAs inscri\u00e7\u00f5es ficam abertas at\u00e9 o dia 30 de junho e devem ser feitas pelo site da Comperve. O valor para se inscrever \u00e9 de R$ 30.<br \/>\n\ud83d\udcf3Participe do canal do g1 RN no WhatsApp<br \/>\nAs vagas, dispon\u00edveis para o segundo semestre de 2025, s\u00e3o para as \u00e1reas de Ci\u00eancias da Vida e da Sa\u00fade, Ci\u00eancias Humanas e Sociais Aplicadas, e Ci\u00eancias Exatas e Tecnol\u00f3gicas (veja vagas mais abaixo).<br \/>\nAs vagas residuais s\u00e3o oriundas de cancelamentos de matr\u00edculas por parte dos estudantes e de vagas n\u00e3o ocupadas pela forma principal de ingresso no curso.<br \/>\n\ud83d\udcc2 Clique aqui para ver o edital da reocupa\u00e7\u00e3o das vagas residuais<br \/>\nSele\u00e7\u00e3o<br \/>\nA sele\u00e7\u00e3o ser\u00e1 realizada em duas etapas:<br \/>\nAvalia\u00e7\u00e3o do Desempenho no Exame Nacional do Ensino M\u00e9dio (Enem), de car\u00e1ter eliminat\u00f3rio e classificat\u00f3rio;<br \/>\nAvalia\u00e7\u00e3o Institucional e Acad\u00eamica, de car\u00e1ter classificat\u00f3rio, \u00e0 qual ser\u00e1 atribu\u00edda pontua\u00e7\u00e3o aos candidatos conforme detalhado no edital.<br \/>\nO resultado final do processo seletivo est\u00e1 previsto para ser divulgado em 25 de julho.<br \/>\nQuem pode participar<br \/>\nPodem participar do processo seletivo:<br \/>\ncandidatos com v\u00ednculo ativo em curso de gradua\u00e7\u00e3o na UFRN, desde que seja em curso distinto daquele em que possuam v\u00ednculo atual;<br \/>\ncandidatos com v\u00ednculo ativo em curso de gradua\u00e7\u00e3o em outra institui\u00e7\u00e3o de ensino superior, desde que para o mesmo curso em que possuam v\u00ednculo;<br \/>\ncandidatos portadores de diploma de curso de gradua\u00e7\u00e3o, desde que a inscri\u00e7\u00e3o seja para curso distinto daquele que tenham conclu\u00eddo;<br \/>\ne candidatos que tenham tido o curso cancelado na UFRN \u2014 por abandono, decurso do prazo m\u00e1ximo ou insufici\u00eancia de desempenho acad\u00eamico \u2014 nos per\u00edodos de 2020.1 a 2024.2, desde que se inscrevam para o mesmo curso anteriormente cursado.<br \/>\nVeja vagas<br \/>\n\u00c1rea de Ci\u00eancias da Vida e da Sa\u00fade<br \/>\nCampus de Natal<br \/>\nCi\u00eancias Biol\u00f3gicas (B) (M) &#8211; N\u00famero de vagas: 2<br \/>\nCi\u00eancias Biol\u00f3gicas (L) (MT) &#8211; N\u00famero de vagas: 2<br \/>\nCi\u00eancias Biol\u00f3gicas (L) (N) &#8211; N\u00famero de vagas: 3<br \/>\nEduca\u00e7\u00e3o F\u00edsica (B) (N) &#8211;  N\u00famero de vagas: 4<br \/>\nEnfermagem (B) (MT) &#8211; N\u00famero de vagas: 5<br \/>\nFarm\u00e1cia (B) (MT) &#8211; N\u00famero de vagas: 4<br \/>\nFarm\u00e1cia (B) (N) &#8211; N\u00famero de vagas: 3<br \/>\nFisioterapia (B) (MT) &#8211; N\u00famero de vagas: 4<br \/>\nGest\u00e3o Hospitalar (Tec) (TN) &#8211; N\u00famero de vagas: 4<br \/>\nMedicina (B) (MTN) &#8211; N\u00famero de vagas: 1<br \/>\nNutri\u00e7\u00e3o (B) (MT) &#8211; N\u00famero de vagas: 4<br \/>\nOdontologia (B) (MT) &#8211; N\u00famero de vagas: 4<br \/>\nMulticampi (Caic\u00f3, Currais Novos e Santa Cruz)<br \/>\nMedicina (B) (MTN) &#8211; N\u00famero de vagas: 3<br \/>\nCampus Santa Cruz<br \/>\nEnfermagem (B) (MT) &#8211; N\u00famero de vagas: 4<br \/>\n\u00c1rea de Ci\u00eancias Humanas e Sociais Aplicadas<br \/>\nCampus de Natal<br \/>\nAdministra\u00e7\u00e3o (B) (M) &#8211; N\u00famero de vagas: 5<br \/>\nAdministra\u00e7\u00e3o (B) (N) &#8211; N\u00famero de vagas: 5<br \/>\nCi\u00eancias Cont\u00e1beis (B) (M) &#8211; N\u00famero de vagas: 5<br \/>\nCi\u00eancias Cont\u00e1beis (B) (N) &#8211; N\u00famero de vagas: 10<br \/>\nCi\u00eancias Econ\u00f4micas (B) (M) &#8211; N\u00famero de vagas: 5<br \/>\nTurismo (B) (T) &#8211; N\u00famero de vagas: 5<br \/>\nBiblioteconomia (B) (T) &#8211; N\u00famero de vagas: 3<br \/>\nComunica\u00e7\u00e3o Social &#8211; Audiovisual (B) (N) &#8211; N\u00famero de vagas: 4<br \/>\nComunica\u00e7\u00e3o Social &#8211; Publicidade e Propaganda (B) (N) &#8211; N\u00famero de vagas: 4<br \/>\nDesign (B) (MT) &#8211; N\u00famero de vagas: 4<br \/>\nDireito (B) (M) &#8211; N\u00famero de vagas: 5<br \/>\nDireito (B) (N) &#8211; N\u00famero de vagas: 5<br \/>\nGest\u00e3o de Pol\u00edticas P\u00fablicas (B) (T) &#8211; N\u00famero de vagas: 6<br \/>\nGest\u00e3o de Pol\u00edticas P\u00fablicas (B) (N) &#8211; N\u00famero de vagas: 6<br \/>\nJornalismo B (M) &#8211; N\u00famero de vagas: 4<br \/>\nLetras &#8211; L\u00edngua Espanhola (L) (N) &#8211; N\u00famero de vagas: 2<br \/>\nLetras &#8211; L\u00edngua Portuguesa (L) (N) &#8211; N\u00famero de vagas: 4<br \/>\nPedagogia (L) (T) &#8211; N\u00famero de vagas: 5<br \/>\nPedagogia (L) (N) &#8211; N\u00famero de vagas: 5<br \/>\nServi\u00e7o Social (B) (T) &#8211; N\u00famero de vagas: 4<br \/>\n\u00c1rea de Ci\u00eancias Exatas e Tecnol\u00f3gicas<br \/>\nCampus de Natal<br \/>\nArquitetura e Urbanismo (B) (MTN) &#8211; N\u00famero de vagas: 2<br \/>\nCi\u00eancias e Tecnologia (B) (MT) &#8211; N\u00famero de vagas: 24<br \/>\nCi\u00eancias e Tecnologia (B) (N) &#8211; N\u00famero de vagas: 16<br \/>\nEngenharia Ambiental (B) (MT) &#8211; N\u00famero de vagas: 2<br \/>\nEngenharia Biom\u00e9dica (B) (N) &#8211; N\u00famero de vagas: 2<br \/>\nEngenharia Civil (B) (MTN) &#8211; N\u00famero de vagas: 5<br \/>\nEngenharia de Alimentos (B) (N) &#8211; N\u00famero de vagas: 10<br \/>\nEngenharia de Computa\u00e7\u00e3o (B) (MT) &#8211; N\u00famero de vagas: 2<br \/>\nEngenharia de Materiais (B) (MT) &#8211; N\u00famero de vagas: 1<br \/>\nEngenharia de Materiais (B) (N) &#8211; N\u00famero de vagas: 1<br \/>\nEngenharia de Petr\u00f3leo (B) (MTN) &#8211; N\u00famero de vagas: 1<br \/>\nEngenharia de Produ\u00e7\u00e3o (B) (N) &#8211; N\u00famero de vagas: 4<br \/>\nEngenharia de Telecomunica\u00e7\u00f5es (B) (N) &#8211; N\u00famero de vagas: 1<br \/>\nEngenharia El\u00e9trica (B) (MTN) &#8211; N\u00famero de vagas: 4<br \/>\nEngenharia Mec\u00e2nica (B) (N) &#8211; N\u00famero de vagas: 2<br \/>\nEngenharia Mecatr\u00f4nica (B) (MT) &#8211; N\u00famero de vagas: 5<br \/>\nEngenharia Qu\u00edmica (B) (MTN) &#8211; N\u00famero de vagas: 10<br \/>\nEngenharia T\u00eaxtil (B) (TN) &#8211; N\u00famero de vagas: 3<br \/>\nConhe\u00e7a os servi\u00e7os e aux\u00edlios da UFRN<br \/>\nV\u00eddeos mais assistidos do g1 RN<\/p>","protected":false},"excerpt":{"rendered":"<p>Inscri\u00e7\u00f5es ficam abertas at\u00e9 o dia 30 de junho e devem ser feitas pelo site da Comperve. Valor para se inscrever \u00e9 de R$ 30. UFRN campus Central, Natal Lucas &#8230;<\/p>\n","protected":false},"author":0,"featured_media":13282,"parent":0,"menu_order":0,"comment_status":"closed","ping_status":"closed","template":"","meta":{"footnotes":""},"class_list":["post-13281","page","type-page","status-publish","has-post-thumbnail","hentry"],"yoast_head":"<!-- This site is optimized with the Yoast SEO plugin v27.1.1 - https:\/\/yoast.com\/product\/yoast-seo-wordpress\/ -->\n<title>UFRN oferta 238 vagas residuais para cursos de gradua\u00e7\u00e3o - Taveira Jr<\/title>\n<meta name=\"robots\" content=\"index, follow, max-snippet:-1, max-image-preview:large, max-video-preview:-1\" \/>\n<link rel=\"canonical\" href=\"https:\/\/deputadotaveirajr.com.br\/index.php\/ufrn-oferta-238-vagas-residuais-para-cursos-de-graduacao\/\" \/>\n<meta property=\"og:locale\" content=\"pt_BR\" \/>\n<meta property=\"og:type\" content=\"article\" \/>\n<meta property=\"og:title\" content=\"UFRN oferta 238 vagas residuais para cursos de gradua\u00e7\u00e3o - Taveira Jr\" \/>\n<meta property=\"og:description\" content=\"Inscri\u00e7\u00f5es ficam abertas at\u00e9 o dia 30 de junho e devem ser feitas pelo site da Comperve. Valor para se inscrever \u00e9 de R$ 30. UFRN campus Central, Natal Lucas ...\" \/>\n<meta property=\"og:url\" content=\"https:\/\/deputadotaveirajr.com.br\/index.php\/ufrn-oferta-238-vagas-residuais-para-cursos-de-graduacao\/\" \/>\n<meta property=\"og:site_name\" content=\"Taveira Jr\" \/>\n<meta property=\"og:image\" content=\"https:\/\/s2-g1.glbimg.com\/1iWfF48NqTRde8nlrJg8ks1LzOo=\/i.s3.glbimg.com\/v1\/AUTH_59edd422c0c84a879bd37670ae4f538a\/internal_photos\/bs\/2023\/U\/A\/DyOBzsT2mPBAXvMUDi4g\/whatsapp-image-2023-03-27-at-06.18.06.jpeg\" \/>\n<meta name=\"twitter:card\" content=\"summary_large_image\" \/>\n<meta name=\"twitter:label1\" content=\"Est. tempo de leitura\" \/>\n\t<meta name=\"twitter:data1\" content=\"5 minutos\" \/>\n<script type=\"application\/ld+json\" class=\"yoast-schema-graph\">{\"@context\":\"https:\/\/schema.org\",\"@graph\":[{\"@type\":\"WebPage\",\"@id\":\"https:\/\/deputadotaveirajr.com.br\/index.php\/ufrn-oferta-238-vagas-residuais-para-cursos-de-graduacao\/\",\"url\":\"https:\/\/deputadotaveirajr.com.br\/index.php\/ufrn-oferta-238-vagas-residuais-para-cursos-de-graduacao\/\",\"name\":\"UFRN oferta 238 vagas residuais para cursos de gradua\u00e7\u00e3o - Taveira Jr\",\"isPartOf\":{\"@id\":\"https:\/\/deputadotaveirajr.com.br\/#website\"},\"primaryImageOfPage\":{\"@id\":\"https:\/\/deputadotaveirajr.com.br\/index.php\/ufrn-oferta-238-vagas-residuais-para-cursos-de-graduacao\/#primaryimage\"},\"image\":{\"@id\":\"https:\/\/deputadotaveirajr.com.br\/index.php\/ufrn-oferta-238-vagas-residuais-para-cursos-de-graduacao\/#primaryimage\"},\"thumbnailUrl\":\"https:\/\/deputadotaveirajr.com.br\/wp-content\/uploads\/2025\/06\/whatsapp-image-2023-03-27-at-06.18.06-IdM0la.jpg\",\"datePublished\":\"2025-06-23T19:26:58+00:00\",\"breadcrumb\":{\"@id\":\"https:\/\/deputadotaveirajr.com.br\/index.php\/ufrn-oferta-238-vagas-residuais-para-cursos-de-graduacao\/#breadcrumb\"},\"inLanguage\":\"pt-BR\",\"potentialAction\":[{\"@type\":\"ReadAction\",\"target\":[\"https:\/\/deputadotaveirajr.com.br\/index.php\/ufrn-oferta-238-vagas-residuais-para-cursos-de-graduacao\/\"]}]},{\"@type\":\"ImageObject\",\"inLanguage\":\"pt-BR\",\"@id\":\"https:\/\/deputadotaveirajr.com.br\/index.php\/ufrn-oferta-238-vagas-residuais-para-cursos-de-graduacao\/#primaryimage\",\"url\":\"https:\/\/deputadotaveirajr.com.br\/wp-content\/uploads\/2025\/06\/whatsapp-image-2023-03-27-at-06.18.06-IdM0la.jpg\",\"contentUrl\":\"https:\/\/deputadotaveirajr.com.br\/wp-content\/uploads\/2025\/06\/whatsapp-image-2023-03-27-at-06.18.06-IdM0la.jpg\",\"width\":1600,\"height\":1200},{\"@type\":\"BreadcrumbList\",\"@id\":\"https:\/\/deputadotaveirajr.com.br\/index.php\/ufrn-oferta-238-vagas-residuais-para-cursos-de-graduacao\/#breadcrumb\",\"itemListElement\":[{\"@type\":\"ListItem\",\"position\":1,\"name\":\"In\u00edcio\",\"item\":\"https:\/\/deputadotaveirajr.com.br\/\"},{\"@type\":\"ListItem\",\"position\":2,\"name\":\"UFRN oferta 238 vagas residuais para cursos de gradua\u00e7\u00e3o\"}]},{\"@type\":\"WebSite\",\"@id\":\"https:\/\/deputadotaveirajr.com.br\/#website\",\"url\":\"https:\/\/deputadotaveirajr.com.br\/\",\"name\":\"Taveira Jr\",\"description\":\"Deputado Estadual\",\"publisher\":{\"@id\":\"https:\/\/deputadotaveirajr.com.br\/#organization\"},\"potentialAction\":[{\"@type\":\"SearchAction\",\"target\":{\"@type\":\"EntryPoint\",\"urlTemplate\":\"https:\/\/deputadotaveirajr.com.br\/?s={search_term_string}\"},\"query-input\":{\"@type\":\"PropertyValueSpecification\",\"valueRequired\":true,\"valueName\":\"search_term_string\"}}],\"inLanguage\":\"pt-BR\"},{\"@type\":\"Organization\",\"@id\":\"https:\/\/deputadotaveirajr.com.br\/#organization\",\"name\":\"Taveira Jr\",\"url\":\"https:\/\/deputadotaveirajr.com.br\/\",\"logo\":{\"@type\":\"ImageObject\",\"inLanguage\":\"pt-BR\",\"@id\":\"https:\/\/deputadotaveirajr.com.br\/#\/schema\/logo\/image\/\",\"url\":\"https:\/\/deputadotaveirajr.com.br\/wp-content\/uploads\/2026\/01\/logolow2a.png\",\"contentUrl\":\"https:\/\/deputadotaveirajr.com.br\/wp-content\/uploads\/2026\/01\/logolow2a.png\",\"width\":290,\"height\":80,\"caption\":\"Taveira Jr\"},\"image\":{\"@id\":\"https:\/\/deputadotaveirajr.com.br\/#\/schema\/logo\/image\/\"}}]}<\/script>\n<!-- \/ Yoast SEO plugin. -->","yoast_head_json":{"title":"UFRN oferta 238 vagas residuais para cursos de gradua\u00e7\u00e3o - Taveira Jr","robots":{"index":"index","follow":"follow","max-snippet":"max-snippet:-1","max-image-preview":"max-image-preview:large","max-video-preview":"max-video-preview:-1"},"canonical":"https:\/\/deputadotaveirajr.com.br\/index.php\/ufrn-oferta-238-vagas-residuais-para-cursos-de-graduacao\/","og_locale":"pt_BR","og_type":"article","og_title":"UFRN oferta 238 vagas residuais para cursos de gradua\u00e7\u00e3o - Taveira Jr","og_description":"Inscri\u00e7\u00f5es ficam abertas at\u00e9 o dia 30 de junho e devem ser feitas pelo site da Comperve. Valor para se inscrever \u00e9 de R$ 30. UFRN campus Central, Natal Lucas ...","og_url":"https:\/\/deputadotaveirajr.com.br\/index.php\/ufrn-oferta-238-vagas-residuais-para-cursos-de-graduacao\/","og_site_name":"Taveira Jr","og_image":[{"url":"https:\/\/s2-g1.glbimg.com\/1iWfF48NqTRde8nlrJg8ks1LzOo=\/i.s3.glbimg.com\/v1\/AUTH_59edd422c0c84a879bd37670ae4f538a\/internal_photos\/bs\/2023\/U\/A\/DyOBzsT2mPBAXvMUDi4g\/whatsapp-image-2023-03-27-at-06.18.06.jpeg","type":"","width":"","height":""}],"twitter_card":"summary_large_image","twitter_misc":{"Est. tempo de leitura":"5 minutos"},"schema":{"@context":"https:\/\/schema.org","@graph":[{"@type":"WebPage","@id":"https:\/\/deputadotaveirajr.com.br\/index.php\/ufrn-oferta-238-vagas-residuais-para-cursos-de-graduacao\/","url":"https:\/\/deputadotaveirajr.com.br\/index.php\/ufrn-oferta-238-vagas-residuais-para-cursos-de-graduacao\/","name":"UFRN oferta 238 vagas residuais para cursos de gradua\u00e7\u00e3o - Taveira Jr","isPartOf":{"@id":"https:\/\/deputadotaveirajr.com.br\/#website"},"primaryImageOfPage":{"@id":"https:\/\/deputadotaveirajr.com.br\/index.php\/ufrn-oferta-238-vagas-residuais-para-cursos-de-graduacao\/#primaryimage"},"image":{"@id":"https:\/\/deputadotaveirajr.com.br\/index.php\/ufrn-oferta-238-vagas-residuais-para-cursos-de-graduacao\/#primaryimage"},"thumbnailUrl":"https:\/\/deputadotaveirajr.com.br\/wp-content\/uploads\/2025\/06\/whatsapp-image-2023-03-27-at-06.18.06-IdM0la.jpg","datePublished":"2025-06-23T19:26:58+00:00","breadcrumb":{"@id":"https:\/\/deputadotaveirajr.com.br\/index.php\/ufrn-oferta-238-vagas-residuais-para-cursos-de-graduacao\/#breadcrumb"},"inLanguage":"pt-BR","potentialAction":[{"@type":"ReadAction","target":["https:\/\/deputadotaveirajr.com.br\/index.php\/ufrn-oferta-238-vagas-residuais-para-cursos-de-graduacao\/"]}]},{"@type":"ImageObject","inLanguage":"pt-BR","@id":"https:\/\/deputadotaveirajr.com.br\/index.php\/ufrn-oferta-238-vagas-residuais-para-cursos-de-graduacao\/#primaryimage","url":"https:\/\/deputadotaveirajr.com.br\/wp-content\/uploads\/2025\/06\/whatsapp-image-2023-03-27-at-06.18.06-IdM0la.jpg","contentUrl":"https:\/\/deputadotaveirajr.com.br\/wp-content\/uploads\/2025\/06\/whatsapp-image-2023-03-27-at-06.18.06-IdM0la.jpg","width":1600,"height":1200},{"@type":"BreadcrumbList","@id":"https:\/\/deputadotaveirajr.com.br\/index.php\/ufrn-oferta-238-vagas-residuais-para-cursos-de-graduacao\/#breadcrumb","itemListElement":[{"@type":"ListItem","position":1,"name":"In\u00edcio","item":"https:\/\/deputadotaveirajr.com.br\/"},{"@type":"ListItem","position":2,"name":"UFRN oferta 238 vagas residuais para cursos de gradua\u00e7\u00e3o"}]},{"@type":"WebSite","@id":"https:\/\/deputadotaveirajr.com.br\/#website","url":"https:\/\/deputadotaveirajr.com.br\/","name":"Taveira Jr","description":"Deputado Estadual","publisher":{"@id":"https:\/\/deputadotaveirajr.com.br\/#organization"},"potentialAction":[{"@type":"SearchAction","target":{"@type":"EntryPoint","urlTemplate":"https:\/\/deputadotaveirajr.com.br\/?s={search_term_string}"},"query-input":{"@type":"PropertyValueSpecification","valueRequired":true,"valueName":"search_term_string"}}],"inLanguage":"pt-BR"},{"@type":"Organization","@id":"https:\/\/deputadotaveirajr.com.br\/#organization","name":"Taveira Jr","url":"https:\/\/deputadotaveirajr.com.br\/","logo":{"@type":"ImageObject","inLanguage":"pt-BR","@id":"https:\/\/deputadotaveirajr.com.br\/#\/schema\/logo\/image\/","url":"https:\/\/deputadotaveirajr.com.br\/wp-content\/uploads\/2026\/01\/logolow2a.png","contentUrl":"https:\/\/deputadotaveirajr.com.br\/wp-content\/uploads\/2026\/01\/logolow2a.png","width":290,"height":80,"caption":"Taveira Jr"},"image":{"@id":"https:\/\/deputadotaveirajr.com.br\/#\/schema\/logo\/image\/"}}]}},"_links":{"self":[{"href":"https:\/\/deputadotaveirajr.com.br\/index.php\/wp-json\/wp\/v2\/pages\/13281","targetHints":{"allow":["GET"]}}],"collection":[{"href":"https:\/\/deputadotaveirajr.com.br\/index.php\/wp-json\/wp\/v2\/pages"}],"about":[{"href":"https:\/\/deputadotaveirajr.com.br\/index.php\/wp-json\/wp\/v2\/types\/page"}],"replies":[{"embeddable":true,"href":"https:\/\/deputadotaveirajr.com.br\/index.php\/wp-json\/wp\/v2\/comments?post=13281"}],"version-history":[{"count":0,"href":"https:\/\/deputadotaveirajr.com.br\/index.php\/wp-json\/wp\/v2\/pages\/13281\/revisions"}],"wp:featuredmedia":[{"embeddable":true,"href":"https:\/\/deputadotaveirajr.com.br\/index.php\/wp-json\/wp\/v2\/media\/13282"}],"wp:attachment":[{"href":"https:\/\/deputadotaveirajr.com.br\/index.php\/wp-json\/wp\/v2\/media?parent=13281"}],"curies":[{"name":"wp","href":"https:\/\/api.w.org\/{rel}","templated":true}]}}