{"id":13283,"date":"2025-06-23T14:19:26","date_gmt":"2025-06-23T17:19:26","guid":{"rendered":"https:\/\/deputadotaveirajr.com.br\/index.php\/inmet-alerta-para-chuvas-em-natal-e-mais-22-cidades-do-rn-veja-lista\/"},"modified":"2025-06-23T14:19:26","modified_gmt":"2025-06-23T17:19:26","slug":"inmet-alerta-para-chuvas-em-natal-e-mais-22-cidades-do-rn-veja-lista","status":"publish","type":"page","link":"https:\/\/deputadotaveirajr.com.br\/index.php\/inmet-alerta-para-chuvas-em-natal-e-mais-22-cidades-do-rn-veja-lista\/","title":{"rendered":"Inmet alerta para chuvas em Natal e mais 22 cidades do RN; veja lista"},"content":{"rendered":"<p><img decoding=\"async\" src=\"https:\/\/s2-g1.glbimg.com\/MOkBXjowr_zJGTO5hMBBbhS9spE=\/i.s3.glbimg.com\/v1\/AUTH_59edd422c0c84a879bd37670ae4f538a\/internal_photos\/bs\/2025\/I\/e\/cdvG3BTL6ZNQoUfyfkfw\/capturar.jpg\" \/><br \/>     Alerta da cor amarela prev\u00ea chuva entre 20 a 30 mil\u00edmetros por hora ou at\u00e9 de 50 mm por dia at\u00e9 10h da ter\u00e7a-feira (24). Chuva atinge parte do litoral e cidades do RN<br \/>\nInmet\/Divulga\u00e7\u00e3o<br \/>\nO Instituto Nacional de Meteorologia (Inmet) renovou o alerta de acumulado de chuvas para 23 cidades do Rio Grande do Norte, incluindo a capital Natal. O novo aviso vale at\u00e9 10h da ter\u00e7a-feira (24).<br \/>\nO Inmet tem emitido alertas sequenciais para chuvas no Rio Grande do Norte desde a ter\u00e7a-feira passada (17). O alerta mais recente, que valia at\u00e9 esta segunda, inclu\u00eda 48 cidades &#8211; n\u00famero que foi reduzido no novo aviso do \u00f3rg\u00e3o.<br \/>\n\ud83d\udcf3Participe do canal do g1 RN no WhatsApp<br \/>\n\ud83d\udd0e Desde a ter\u00e7a-feira passada (17) que a chuva tem causado estragos em Natal &#8211; com alagamentos, transbordamentos de lagoas e quedas de \u00e1rvores e postes. A praia de Ponta Negra tamb\u00e9m teve uma vala aberta no trecho da engorda.  No s\u00e1bado (21), a Lagoa de S\u00e3o Conrado, no bairro bairro Nossa Senhora de Nazar\u00e9, transbordou ap\u00f3s as fortes chuvas, e a \u00e1gua invadiu casas da regi\u00e3o.<br \/>\n\ud83d\udfe1 O alerta do Inmet \u00e9 da cor amarela, de perigo potencial, o n\u00edvel mais baixo na escala de severidade do \u00f3rg\u00e3o. Os dois n\u00edveis acima s\u00e3o laranja (perigo) e vermelho (grande perigo).<br \/>\nDe acordo com o Inmet, s\u00e3o previstas chuvas entre 20 a 30 mil\u00edmetros por hora ou at\u00e9 de 50 mm por dia.<br \/>\nNeste tipo de alerta, segundo o \u00f3rg\u00e3o, h\u00e1 &#8220;baixo risco de alagamentos e pequenos deslizamentos, em cidades com tais \u00e1reas de risco&#8221;.<br \/>\nEm caso de chuvas, \u00e9 recomendado pelo Instituto:<br \/>\nevitar enfrentar o mau tempo;<br \/>\nobservar altera\u00e7\u00f5es nas encostas;<br \/>\nevitar usar aparelhos eletr\u00f4nicos ligados \u00e0 tomada.<br \/>\nEm caso de necessidade ou para buscar mais informa\u00e7\u00f5es, a orienta\u00e7\u00e3o \u00e9 acionar a Defesa Civil (telefone 199) e o Corpo de Bombeiros (telefone 193).<br \/>\n\u27a1\ufe0f O aviso de acumulado de chuvas se diferere do de chuvas intensas porque ele considera apenas o volume das chuvas, enquanto o segundo aviso considera ainda as descargas el\u00e9tricas e a possibilidade de ventania, o que n\u00e3o est\u00e1 previsto neste alerta para o Rio Grande do Norte.<br \/>\nVeja cidades no alerta<br \/>\nArez<br \/>\nBa\u00eda Formosa<br \/>\nCanguaretama<br \/>\nCear\u00e1-Mirim<br \/>\nEsp\u00edrito Santo<br \/>\nExtremoz<br \/>\nGoianinha<br \/>\nMaca\u00edba<br \/>\nMaxaranguape<br \/>\nMontanhas<br \/>\nMonte Alegre<br \/>\nNatal<br \/>\nN\u00edsia Floresta<br \/>\nParnamirim<br \/>\nPedro Velho<br \/>\nPureza<br \/>\nRio do Fogo<br \/>\nS\u00e3o Gon\u00e7alo do Amarante<br \/>\nS\u00e3o Jos\u00e9 de Mipibu<br \/>\nSenador Georgino Avelino<br \/>\nTibau do Sul<br \/>\nTouros<br \/>\nVila Flor<br \/>\nMoradores enfrentam estragos ap\u00f3s chuvas em Natal<br \/>\nV\u00eddeos mais assistidos do g1 RN<\/p>","protected":false},"excerpt":{"rendered":"<p>Alerta da cor amarela prev\u00ea chuva entre 20 a 30 mil\u00edmetros por hora ou at\u00e9 de 50 mm por dia at\u00e9 10h da ter\u00e7a-feira (24). Chuva atinge parte do litoral &#8230;<\/p>\n","protected":false},"author":0,"featured_media":13284,"parent":0,"menu_order":0,"comment_status":"closed","ping_status":"closed","template":"","meta":{"footnotes":""},"class_list":["post-13283","page","type-page","status-publish","has-post-thumbnail","hentry"],"yoast_head":"<!-- This site is optimized with the Yoast SEO plugin v27.1.1 - https:\/\/yoast.com\/product\/yoast-seo-wordpress\/ -->\n<title>Inmet alerta para chuvas em Natal e mais 22 cidades do RN; veja lista - Taveira Jr<\/title>\n<meta name=\"robots\" content=\"index, follow, max-snippet:-1, max-image-preview:large, max-video-preview:-1\" \/>\n<link rel=\"canonical\" href=\"https:\/\/deputadotaveirajr.com.br\/index.php\/inmet-alerta-para-chuvas-em-natal-e-mais-22-cidades-do-rn-veja-lista\/\" \/>\n<meta property=\"og:locale\" content=\"pt_BR\" \/>\n<meta property=\"og:type\" content=\"article\" \/>\n<meta property=\"og:title\" content=\"Inmet alerta para chuvas em Natal e mais 22 cidades do RN; veja lista - Taveira Jr\" \/>\n<meta property=\"og:description\" content=\"Alerta da cor amarela prev\u00ea chuva entre 20 a 30 mil\u00edmetros por hora ou at\u00e9 de 50 mm por dia at\u00e9 10h da ter\u00e7a-feira (24). Chuva atinge parte do litoral ...\" \/>\n<meta property=\"og:url\" content=\"https:\/\/deputadotaveirajr.com.br\/index.php\/inmet-alerta-para-chuvas-em-natal-e-mais-22-cidades-do-rn-veja-lista\/\" \/>\n<meta property=\"og:site_name\" content=\"Taveira Jr\" \/>\n<meta property=\"og:image\" content=\"https:\/\/s2-g1.glbimg.com\/MOkBXjowr_zJGTO5hMBBbhS9spE=\/i.s3.glbimg.com\/v1\/AUTH_59edd422c0c84a879bd37670ae4f538a\/internal_photos\/bs\/2025\/I\/e\/cdvG3BTL6ZNQoUfyfkfw\/capturar.jpg\" \/>\n<meta name=\"twitter:card\" content=\"summary_large_image\" \/>\n<meta name=\"twitter:label1\" content=\"Est. tempo de leitura\" \/>\n\t<meta name=\"twitter:data1\" content=\"2 minutos\" \/>\n<script type=\"application\/ld+json\" class=\"yoast-schema-graph\">{\"@context\":\"https:\/\/schema.org\",\"@graph\":[{\"@type\":\"WebPage\",\"@id\":\"https:\/\/deputadotaveirajr.com.br\/index.php\/inmet-alerta-para-chuvas-em-natal-e-mais-22-cidades-do-rn-veja-lista\/\",\"url\":\"https:\/\/deputadotaveirajr.com.br\/index.php\/inmet-alerta-para-chuvas-em-natal-e-mais-22-cidades-do-rn-veja-lista\/\",\"name\":\"Inmet alerta para chuvas em Natal e mais 22 cidades do RN; veja lista - Taveira Jr\",\"isPartOf\":{\"@id\":\"https:\/\/deputadotaveirajr.com.br\/#website\"},\"primaryImageOfPage\":{\"@id\":\"https:\/\/deputadotaveirajr.com.br\/index.php\/inmet-alerta-para-chuvas-em-natal-e-mais-22-cidades-do-rn-veja-lista\/#primaryimage\"},\"image\":{\"@id\":\"https:\/\/deputadotaveirajr.com.br\/index.php\/inmet-alerta-para-chuvas-em-natal-e-mais-22-cidades-do-rn-veja-lista\/#primaryimage\"},\"thumbnailUrl\":\"https:\/\/deputadotaveirajr.com.br\/wp-content\/uploads\/2025\/06\/capturar-XrbBqr.jpg\",\"datePublished\":\"2025-06-23T17:19:26+00:00\",\"breadcrumb\":{\"@id\":\"https:\/\/deputadotaveirajr.com.br\/index.php\/inmet-alerta-para-chuvas-em-natal-e-mais-22-cidades-do-rn-veja-lista\/#breadcrumb\"},\"inLanguage\":\"pt-BR\",\"potentialAction\":[{\"@type\":\"ReadAction\",\"target\":[\"https:\/\/deputadotaveirajr.com.br\/index.php\/inmet-alerta-para-chuvas-em-natal-e-mais-22-cidades-do-rn-veja-lista\/\"]}]},{\"@type\":\"ImageObject\",\"inLanguage\":\"pt-BR\",\"@id\":\"https:\/\/deputadotaveirajr.com.br\/index.php\/inmet-alerta-para-chuvas-em-natal-e-mais-22-cidades-do-rn-veja-lista\/#primaryimage\",\"url\":\"https:\/\/deputadotaveirajr.com.br\/wp-content\/uploads\/2025\/06\/capturar-XrbBqr.jpg\",\"contentUrl\":\"https:\/\/deputadotaveirajr.com.br\/wp-content\/uploads\/2025\/06\/capturar-XrbBqr.jpg\",\"width\":1250,\"height\":935},{\"@type\":\"BreadcrumbList\",\"@id\":\"https:\/\/deputadotaveirajr.com.br\/index.php\/inmet-alerta-para-chuvas-em-natal-e-mais-22-cidades-do-rn-veja-lista\/#breadcrumb\",\"itemListElement\":[{\"@type\":\"ListItem\",\"position\":1,\"name\":\"In\u00edcio\",\"item\":\"https:\/\/deputadotaveirajr.com.br\/\"},{\"@type\":\"ListItem\",\"position\":2,\"name\":\"Inmet alerta para chuvas em Natal e mais 22 cidades do RN; veja lista\"}]},{\"@type\":\"WebSite\",\"@id\":\"https:\/\/deputadotaveirajr.com.br\/#website\",\"url\":\"https:\/\/deputadotaveirajr.com.br\/\",\"name\":\"Taveira Jr\",\"description\":\"Deputado Estadual\",\"publisher\":{\"@id\":\"https:\/\/deputadotaveirajr.com.br\/#organization\"},\"potentialAction\":[{\"@type\":\"SearchAction\",\"target\":{\"@type\":\"EntryPoint\",\"urlTemplate\":\"https:\/\/deputadotaveirajr.com.br\/?s={search_term_string}\"},\"query-input\":{\"@type\":\"PropertyValueSpecification\",\"valueRequired\":true,\"valueName\":\"search_term_string\"}}],\"inLanguage\":\"pt-BR\"},{\"@type\":\"Organization\",\"@id\":\"https:\/\/deputadotaveirajr.com.br\/#organization\",\"name\":\"Taveira Jr\",\"url\":\"https:\/\/deputadotaveirajr.com.br\/\",\"logo\":{\"@type\":\"ImageObject\",\"inLanguage\":\"pt-BR\",\"@id\":\"https:\/\/deputadotaveirajr.com.br\/#\/schema\/logo\/image\/\",\"url\":\"https:\/\/deputadotaveirajr.com.br\/wp-content\/uploads\/2026\/01\/logolow2a.png\",\"contentUrl\":\"https:\/\/deputadotaveirajr.com.br\/wp-content\/uploads\/2026\/01\/logolow2a.png\",\"width\":290,\"height\":80,\"caption\":\"Taveira Jr\"},\"image\":{\"@id\":\"https:\/\/deputadotaveirajr.com.br\/#\/schema\/logo\/image\/\"}}]}<\/script>\n<!-- \/ Yoast SEO plugin. -->","yoast_head_json":{"title":"Inmet alerta para chuvas em Natal e mais 22 cidades do RN; veja lista - Taveira Jr","robots":{"index":"index","follow":"follow","max-snippet":"max-snippet:-1","max-image-preview":"max-image-preview:large","max-video-preview":"max-video-preview:-1"},"canonical":"https:\/\/deputadotaveirajr.com.br\/index.php\/inmet-alerta-para-chuvas-em-natal-e-mais-22-cidades-do-rn-veja-lista\/","og_locale":"pt_BR","og_type":"article","og_title":"Inmet alerta para chuvas em Natal e mais 22 cidades do RN; veja lista - Taveira Jr","og_description":"Alerta da cor amarela prev\u00ea chuva entre 20 a 30 mil\u00edmetros por hora ou at\u00e9 de 50 mm por dia at\u00e9 10h da ter\u00e7a-feira (24). Chuva atinge parte do litoral ...","og_url":"https:\/\/deputadotaveirajr.com.br\/index.php\/inmet-alerta-para-chuvas-em-natal-e-mais-22-cidades-do-rn-veja-lista\/","og_site_name":"Taveira Jr","og_image":[{"url":"https:\/\/s2-g1.glbimg.com\/MOkBXjowr_zJGTO5hMBBbhS9spE=\/i.s3.glbimg.com\/v1\/AUTH_59edd422c0c84a879bd37670ae4f538a\/internal_photos\/bs\/2025\/I\/e\/cdvG3BTL6ZNQoUfyfkfw\/capturar.jpg","type":"","width":"","height":""}],"twitter_card":"summary_large_image","twitter_misc":{"Est. tempo de leitura":"2 minutos"},"schema":{"@context":"https:\/\/schema.org","@graph":[{"@type":"WebPage","@id":"https:\/\/deputadotaveirajr.com.br\/index.php\/inmet-alerta-para-chuvas-em-natal-e-mais-22-cidades-do-rn-veja-lista\/","url":"https:\/\/deputadotaveirajr.com.br\/index.php\/inmet-alerta-para-chuvas-em-natal-e-mais-22-cidades-do-rn-veja-lista\/","name":"Inmet alerta para chuvas em Natal e mais 22 cidades do RN; veja lista - Taveira Jr","isPartOf":{"@id":"https:\/\/deputadotaveirajr.com.br\/#website"},"primaryImageOfPage":{"@id":"https:\/\/deputadotaveirajr.com.br\/index.php\/inmet-alerta-para-chuvas-em-natal-e-mais-22-cidades-do-rn-veja-lista\/#primaryimage"},"image":{"@id":"https:\/\/deputadotaveirajr.com.br\/index.php\/inmet-alerta-para-chuvas-em-natal-e-mais-22-cidades-do-rn-veja-lista\/#primaryimage"},"thumbnailUrl":"https:\/\/deputadotaveirajr.com.br\/wp-content\/uploads\/2025\/06\/capturar-XrbBqr.jpg","datePublished":"2025-06-23T17:19:26+00:00","breadcrumb":{"@id":"https:\/\/deputadotaveirajr.com.br\/index.php\/inmet-alerta-para-chuvas-em-natal-e-mais-22-cidades-do-rn-veja-lista\/#breadcrumb"},"inLanguage":"pt-BR","potentialAction":[{"@type":"ReadAction","target":["https:\/\/deputadotaveirajr.com.br\/index.php\/inmet-alerta-para-chuvas-em-natal-e-mais-22-cidades-do-rn-veja-lista\/"]}]},{"@type":"ImageObject","inLanguage":"pt-BR","@id":"https:\/\/deputadotaveirajr.com.br\/index.php\/inmet-alerta-para-chuvas-em-natal-e-mais-22-cidades-do-rn-veja-lista\/#primaryimage","url":"https:\/\/deputadotaveirajr.com.br\/wp-content\/uploads\/2025\/06\/capturar-XrbBqr.jpg","contentUrl":"https:\/\/deputadotaveirajr.com.br\/wp-content\/uploads\/2025\/06\/capturar-XrbBqr.jpg","width":1250,"height":935},{"@type":"BreadcrumbList","@id":"https:\/\/deputadotaveirajr.com.br\/index.php\/inmet-alerta-para-chuvas-em-natal-e-mais-22-cidades-do-rn-veja-lista\/#breadcrumb","itemListElement":[{"@type":"ListItem","position":1,"name":"In\u00edcio","item":"https:\/\/deputadotaveirajr.com.br\/"},{"@type":"ListItem","position":2,"name":"Inmet alerta para chuvas em Natal e mais 22 cidades do RN; veja lista"}]},{"@type":"WebSite","@id":"https:\/\/deputadotaveirajr.com.br\/#website","url":"https:\/\/deputadotaveirajr.com.br\/","name":"Taveira Jr","description":"Deputado Estadual","publisher":{"@id":"https:\/\/deputadotaveirajr.com.br\/#organization"},"potentialAction":[{"@type":"SearchAction","target":{"@type":"EntryPoint","urlTemplate":"https:\/\/deputadotaveirajr.com.br\/?s={search_term_string}"},"query-input":{"@type":"PropertyValueSpecification","valueRequired":true,"valueName":"search_term_string"}}],"inLanguage":"pt-BR"},{"@type":"Organization","@id":"https:\/\/deputadotaveirajr.com.br\/#organization","name":"Taveira Jr","url":"https:\/\/deputadotaveirajr.com.br\/","logo":{"@type":"ImageObject","inLanguage":"pt-BR","@id":"https:\/\/deputadotaveirajr.com.br\/#\/schema\/logo\/image\/","url":"https:\/\/deputadotaveirajr.com.br\/wp-content\/uploads\/2026\/01\/logolow2a.png","contentUrl":"https:\/\/deputadotaveirajr.com.br\/wp-content\/uploads\/2026\/01\/logolow2a.png","width":290,"height":80,"caption":"Taveira Jr"},"image":{"@id":"https:\/\/deputadotaveirajr.com.br\/#\/schema\/logo\/image\/"}}]}},"_links":{"self":[{"href":"https:\/\/deputadotaveirajr.com.br\/index.php\/wp-json\/wp\/v2\/pages\/13283","targetHints":{"allow":["GET"]}}],"collection":[{"href":"https:\/\/deputadotaveirajr.com.br\/index.php\/wp-json\/wp\/v2\/pages"}],"about":[{"href":"https:\/\/deputadotaveirajr.com.br\/index.php\/wp-json\/wp\/v2\/types\/page"}],"replies":[{"embeddable":true,"href":"https:\/\/deputadotaveirajr.com.br\/index.php\/wp-json\/wp\/v2\/comments?post=13283"}],"version-history":[{"count":0,"href":"https:\/\/deputadotaveirajr.com.br\/index.php\/wp-json\/wp\/v2\/pages\/13283\/revisions"}],"wp:featuredmedia":[{"embeddable":true,"href":"https:\/\/deputadotaveirajr.com.br\/index.php\/wp-json\/wp\/v2\/media\/13284"}],"wp:attachment":[{"href":"https:\/\/deputadotaveirajr.com.br\/index.php\/wp-json\/wp\/v2\/media?parent=13283"}],"curies":[{"name":"wp","href":"https:\/\/api.w.org\/{rel}","templated":true}]}}