{"id":13285,"date":"2025-06-23T13:49:30","date_gmt":"2025-06-23T16:49:30","guid":{"rendered":"https:\/\/deputadotaveirajr.com.br\/index.php\/pai-mae-e-filho-mortos-em-acidente-estavam-a-caminho-de-festa-de-aniversario\/"},"modified":"2025-06-23T13:49:30","modified_gmt":"2025-06-23T16:49:30","slug":"pai-mae-e-filho-mortos-em-acidente-estavam-a-caminho-de-festa-de-aniversario","status":"publish","type":"page","link":"https:\/\/deputadotaveirajr.com.br\/index.php\/pai-mae-e-filho-mortos-em-acidente-estavam-a-caminho-de-festa-de-aniversario\/","title":{"rendered":"Pai, m\u00e3e e filho mortos em acidente estavam a caminho de festa de anivers\u00e1rio"},"content":{"rendered":"<p><img decoding=\"async\" src=\"https:\/\/s2-g1.glbimg.com\/o-3NQRugaMCZu29AC21ccxrcO0A=\/i.s3.glbimg.com\/v1\/AUTH_59edd422c0c84a879bd37670ae4f538a\/internal_photos\/bs\/2025\/I\/b\/ljz0PTSAuSaD4ChTAqIw\/whatsapp-image-2025-06-22-at-11.49.44-1-.jpeg\" \/><br \/>     Outras quatro crian\u00e7as que estavam no mesmo carro foram socorridas feridas. Motorista do outro ve\u00edculo estava embriagado e foi preso.  Policial rodovi\u00e1ria Julianne Vilela fala sobre acidente que vitimou fam\u00edlia no RN<br \/>\nUm casal e o filho que morreram em uma colis\u00e3o frontal entre dois carros na manh\u00e3 deste domingo (22), na BR-226, no interior do Rio Grande do Norte, seguiam para uma festa de anivers\u00e1rio, quando a trag\u00e9dia aconteceu.<br \/>\nNo carro onde estava a fam\u00edlia, ainda havia outras quatro crian\u00e7as que ficaram feridas. Elas estavam no banco traseiro.<br \/>\nO motorista do outro carro envolvido no acidente foi preso em flagrante por dirigir embriagado. Ele seguia detido no in\u00edcio da tarde desta segunda (23) \u00e0 espera de uma audi\u00eancia de cust\u00f3dia.<br \/>\n\ud83d\udcf3Participe do canal do g1 RN no WhatsApp<br \/>\nA fam\u00edlia que morreu estava nos bancos da frente do ve\u00edculo, com a crian\u00e7a no colo, segundo a Pol\u00edcia Rodovi\u00e1ria Federal.  As v\u00edtimas foram identificadas como:<br \/>\nFernando Ven\u00e2ncio da Silva<br \/>\nAna Paula Ven\u00e2ncio<br \/>\nRafael Ven\u00e2ncio, de 2 anos de idade, filho do casal<br \/>\nAcidente aconteceu na BR-226 no interior do RN<br \/>\nDivulga\u00e7\u00e3o\/PRF<br \/>\nO acidente<br \/>\nA colis\u00e3o aconteceu na BR-226 na altura do munic\u00edpio Senador El\u00f3i de Souza. Segundo a Pol\u00edcia Rodovi\u00e1ria Federal, os dois ve\u00edculos bateram de frente.<br \/>\nUm dos carros seguia de Cuit\u00e9, na Para\u00edba, em dire\u00e7\u00e3o a Natal. O outro, onde estava a fam\u00edlia que morreu, seguia de S\u00e3o Paulo do Potengi com destino a Tangar\u00e1, onde as v\u00edtimas participariam da festa de anivers\u00e1rio.<br \/>\nCrian\u00e7as feridas<br \/>\nAl\u00e9m da fam\u00edlia que morreu, outras quatro crian\u00e7as estavam no banco traseiro do mesmo carro. Duas delas foram socorridas com gravidade para o Pronto-Socorro Cl\u00f3vis Sarinho, no Hospital Walfredo Gurgel em Natal.<br \/>\nOs pais dessas quatro crian\u00e7as estavam em uma moto atr\u00e1s do ve\u00edculo e presenciaram o acidente.<br \/>\nUma das crian\u00e7as, uma menina de 6 anos, passou por cirurgia de f\u00eamur e segue internada na pediatria do Hospital Walfredo Gurgel, nesta segunda (23). Um menino de tr\u00eas anos tamb\u00e9m continua sob cuidados m\u00e9dicos, mas sem ferimentos graves.<br \/>\nAs outras duas crian\u00e7as receberam alta no hospital de Bom Jesus, onde foram atendidas ap\u00f3s o acidente.<br \/>\nCondutor embriagado foi preso<br \/>\nSegundo a PRF, o condutor do outro ve\u00edculo que provocou o acidente tinha sinais de embriaguez. No teste do baf\u00f4metro, o resultado foi de 1,14 miligramas de \u00e1lcool por litro de ar expirado &#8211; quase quatro vezes o limite m\u00e1ximo permitido por lei.<br \/>\nO homem teve ferimentos leves, foi preso em flagrante e levado para a Delegacia de Santa Cruz. Ele vai responder por homic\u00eddio culposo, les\u00e3o corporal e embriaguez ao volante.<br \/>\nSegundo a pol\u00edcia, o condutor vai passar por audi\u00eancia de cust\u00f3dia na tarde desta segunda-feira (23). Na ocasi\u00e3o, a Justi\u00e7a dever\u00e1 decidir se ele vai continuar preso, ou se vai responder pelos crimes em liberdade.<br \/>\nCasal e filha morrem em acidente na BR-226 no RN<br \/>\nV\u00eddeos mais assistidos do g1 RN<\/p>","protected":false},"excerpt":{"rendered":"<p>Outras quatro crian\u00e7as que estavam no mesmo carro foram socorridas feridas. Motorista do outro ve\u00edculo estava embriagado e foi preso. Policial rodovi\u00e1ria Julianne Vilela fala sobre acidente que vitimou fam\u00edlia &#8230;<\/p>\n","protected":false},"author":0,"featured_media":13286,"parent":0,"menu_order":0,"comment_status":"closed","ping_status":"closed","template":"","meta":{"footnotes":""},"class_list":["post-13285","page","type-page","status-publish","has-post-thumbnail","hentry"],"yoast_head":"<!-- This site is optimized with the Yoast SEO plugin v27.1.1 - https:\/\/yoast.com\/product\/yoast-seo-wordpress\/ -->\n<title>Pai, m\u00e3e e filho mortos em acidente estavam a caminho de festa de anivers\u00e1rio - Taveira Jr<\/title>\n<meta name=\"robots\" content=\"index, follow, max-snippet:-1, max-image-preview:large, max-video-preview:-1\" \/>\n<link rel=\"canonical\" href=\"https:\/\/deputadotaveirajr.com.br\/index.php\/pai-mae-e-filho-mortos-em-acidente-estavam-a-caminho-de-festa-de-aniversario\/\" \/>\n<meta property=\"og:locale\" content=\"pt_BR\" \/>\n<meta property=\"og:type\" content=\"article\" \/>\n<meta property=\"og:title\" content=\"Pai, m\u00e3e e filho mortos em acidente estavam a caminho de festa de anivers\u00e1rio - Taveira Jr\" \/>\n<meta property=\"og:description\" content=\"Outras quatro crian\u00e7as que estavam no mesmo carro foram socorridas feridas. Motorista do outro ve\u00edculo estava embriagado e foi preso. Policial rodovi\u00e1ria Julianne Vilela fala sobre acidente que vitimou fam\u00edlia ...\" \/>\n<meta property=\"og:url\" content=\"https:\/\/deputadotaveirajr.com.br\/index.php\/pai-mae-e-filho-mortos-em-acidente-estavam-a-caminho-de-festa-de-aniversario\/\" \/>\n<meta property=\"og:site_name\" content=\"Taveira Jr\" \/>\n<meta property=\"og:image\" content=\"https:\/\/s2-g1.glbimg.com\/o-3NQRugaMCZu29AC21ccxrcO0A=\/i.s3.glbimg.com\/v1\/AUTH_59edd422c0c84a879bd37670ae4f538a\/internal_photos\/bs\/2025\/I\/b\/ljz0PTSAuSaD4ChTAqIw\/whatsapp-image-2025-06-22-at-11.49.44-1-.jpeg\" \/>\n<meta name=\"twitter:card\" content=\"summary_large_image\" \/>\n<meta name=\"twitter:label1\" content=\"Est. tempo de leitura\" \/>\n\t<meta name=\"twitter:data1\" content=\"3 minutos\" \/>\n<script type=\"application\/ld+json\" class=\"yoast-schema-graph\">{\"@context\":\"https:\/\/schema.org\",\"@graph\":[{\"@type\":\"WebPage\",\"@id\":\"https:\/\/deputadotaveirajr.com.br\/index.php\/pai-mae-e-filho-mortos-em-acidente-estavam-a-caminho-de-festa-de-aniversario\/\",\"url\":\"https:\/\/deputadotaveirajr.com.br\/index.php\/pai-mae-e-filho-mortos-em-acidente-estavam-a-caminho-de-festa-de-aniversario\/\",\"name\":\"Pai, m\u00e3e e filho mortos em acidente estavam a caminho de festa de anivers\u00e1rio - Taveira Jr\",\"isPartOf\":{\"@id\":\"https:\/\/deputadotaveirajr.com.br\/#website\"},\"primaryImageOfPage\":{\"@id\":\"https:\/\/deputadotaveirajr.com.br\/index.php\/pai-mae-e-filho-mortos-em-acidente-estavam-a-caminho-de-festa-de-aniversario\/#primaryimage\"},\"image\":{\"@id\":\"https:\/\/deputadotaveirajr.com.br\/index.php\/pai-mae-e-filho-mortos-em-acidente-estavam-a-caminho-de-festa-de-aniversario\/#primaryimage\"},\"thumbnailUrl\":\"https:\/\/deputadotaveirajr.com.br\/wp-content\/uploads\/2025\/06\/whatsapp-image-2025-06-22-at-11.49.44-1-h5dReo.jpg\",\"datePublished\":\"2025-06-23T16:49:30+00:00\",\"breadcrumb\":{\"@id\":\"https:\/\/deputadotaveirajr.com.br\/index.php\/pai-mae-e-filho-mortos-em-acidente-estavam-a-caminho-de-festa-de-aniversario\/#breadcrumb\"},\"inLanguage\":\"pt-BR\",\"potentialAction\":[{\"@type\":\"ReadAction\",\"target\":[\"https:\/\/deputadotaveirajr.com.br\/index.php\/pai-mae-e-filho-mortos-em-acidente-estavam-a-caminho-de-festa-de-aniversario\/\"]}]},{\"@type\":\"ImageObject\",\"inLanguage\":\"pt-BR\",\"@id\":\"https:\/\/deputadotaveirajr.com.br\/index.php\/pai-mae-e-filho-mortos-em-acidente-estavam-a-caminho-de-festa-de-aniversario\/#primaryimage\",\"url\":\"https:\/\/deputadotaveirajr.com.br\/wp-content\/uploads\/2025\/06\/whatsapp-image-2025-06-22-at-11.49.44-1-h5dReo.jpg\",\"contentUrl\":\"https:\/\/deputadotaveirajr.com.br\/wp-content\/uploads\/2025\/06\/whatsapp-image-2025-06-22-at-11.49.44-1-h5dReo.jpg\",\"width\":1280,\"height\":960},{\"@type\":\"BreadcrumbList\",\"@id\":\"https:\/\/deputadotaveirajr.com.br\/index.php\/pai-mae-e-filho-mortos-em-acidente-estavam-a-caminho-de-festa-de-aniversario\/#breadcrumb\",\"itemListElement\":[{\"@type\":\"ListItem\",\"position\":1,\"name\":\"In\u00edcio\",\"item\":\"https:\/\/deputadotaveirajr.com.br\/\"},{\"@type\":\"ListItem\",\"position\":2,\"name\":\"Pai, m\u00e3e e filho mortos em acidente estavam a caminho de festa de anivers\u00e1rio\"}]},{\"@type\":\"WebSite\",\"@id\":\"https:\/\/deputadotaveirajr.com.br\/#website\",\"url\":\"https:\/\/deputadotaveirajr.com.br\/\",\"name\":\"Taveira Jr\",\"description\":\"Deputado Estadual\",\"publisher\":{\"@id\":\"https:\/\/deputadotaveirajr.com.br\/#organization\"},\"potentialAction\":[{\"@type\":\"SearchAction\",\"target\":{\"@type\":\"EntryPoint\",\"urlTemplate\":\"https:\/\/deputadotaveirajr.com.br\/?s={search_term_string}\"},\"query-input\":{\"@type\":\"PropertyValueSpecification\",\"valueRequired\":true,\"valueName\":\"search_term_string\"}}],\"inLanguage\":\"pt-BR\"},{\"@type\":\"Organization\",\"@id\":\"https:\/\/deputadotaveirajr.com.br\/#organization\",\"name\":\"Taveira Jr\",\"url\":\"https:\/\/deputadotaveirajr.com.br\/\",\"logo\":{\"@type\":\"ImageObject\",\"inLanguage\":\"pt-BR\",\"@id\":\"https:\/\/deputadotaveirajr.com.br\/#\/schema\/logo\/image\/\",\"url\":\"https:\/\/deputadotaveirajr.com.br\/wp-content\/uploads\/2026\/01\/logolow2a.png\",\"contentUrl\":\"https:\/\/deputadotaveirajr.com.br\/wp-content\/uploads\/2026\/01\/logolow2a.png\",\"width\":290,\"height\":80,\"caption\":\"Taveira Jr\"},\"image\":{\"@id\":\"https:\/\/deputadotaveirajr.com.br\/#\/schema\/logo\/image\/\"}}]}<\/script>\n<!-- \/ Yoast SEO plugin. -->","yoast_head_json":{"title":"Pai, m\u00e3e e filho mortos em acidente estavam a caminho de festa de anivers\u00e1rio - Taveira Jr","robots":{"index":"index","follow":"follow","max-snippet":"max-snippet:-1","max-image-preview":"max-image-preview:large","max-video-preview":"max-video-preview:-1"},"canonical":"https:\/\/deputadotaveirajr.com.br\/index.php\/pai-mae-e-filho-mortos-em-acidente-estavam-a-caminho-de-festa-de-aniversario\/","og_locale":"pt_BR","og_type":"article","og_title":"Pai, m\u00e3e e filho mortos em acidente estavam a caminho de festa de anivers\u00e1rio - Taveira Jr","og_description":"Outras quatro crian\u00e7as que estavam no mesmo carro foram socorridas feridas. Motorista do outro ve\u00edculo estava embriagado e foi preso. Policial rodovi\u00e1ria Julianne Vilela fala sobre acidente que vitimou fam\u00edlia ...","og_url":"https:\/\/deputadotaveirajr.com.br\/index.php\/pai-mae-e-filho-mortos-em-acidente-estavam-a-caminho-de-festa-de-aniversario\/","og_site_name":"Taveira Jr","og_image":[{"url":"https:\/\/s2-g1.glbimg.com\/o-3NQRugaMCZu29AC21ccxrcO0A=\/i.s3.glbimg.com\/v1\/AUTH_59edd422c0c84a879bd37670ae4f538a\/internal_photos\/bs\/2025\/I\/b\/ljz0PTSAuSaD4ChTAqIw\/whatsapp-image-2025-06-22-at-11.49.44-1-.jpeg","type":"","width":"","height":""}],"twitter_card":"summary_large_image","twitter_misc":{"Est. tempo de leitura":"3 minutos"},"schema":{"@context":"https:\/\/schema.org","@graph":[{"@type":"WebPage","@id":"https:\/\/deputadotaveirajr.com.br\/index.php\/pai-mae-e-filho-mortos-em-acidente-estavam-a-caminho-de-festa-de-aniversario\/","url":"https:\/\/deputadotaveirajr.com.br\/index.php\/pai-mae-e-filho-mortos-em-acidente-estavam-a-caminho-de-festa-de-aniversario\/","name":"Pai, m\u00e3e e filho mortos em acidente estavam a caminho de festa de anivers\u00e1rio - Taveira Jr","isPartOf":{"@id":"https:\/\/deputadotaveirajr.com.br\/#website"},"primaryImageOfPage":{"@id":"https:\/\/deputadotaveirajr.com.br\/index.php\/pai-mae-e-filho-mortos-em-acidente-estavam-a-caminho-de-festa-de-aniversario\/#primaryimage"},"image":{"@id":"https:\/\/deputadotaveirajr.com.br\/index.php\/pai-mae-e-filho-mortos-em-acidente-estavam-a-caminho-de-festa-de-aniversario\/#primaryimage"},"thumbnailUrl":"https:\/\/deputadotaveirajr.com.br\/wp-content\/uploads\/2025\/06\/whatsapp-image-2025-06-22-at-11.49.44-1-h5dReo.jpg","datePublished":"2025-06-23T16:49:30+00:00","breadcrumb":{"@id":"https:\/\/deputadotaveirajr.com.br\/index.php\/pai-mae-e-filho-mortos-em-acidente-estavam-a-caminho-de-festa-de-aniversario\/#breadcrumb"},"inLanguage":"pt-BR","potentialAction":[{"@type":"ReadAction","target":["https:\/\/deputadotaveirajr.com.br\/index.php\/pai-mae-e-filho-mortos-em-acidente-estavam-a-caminho-de-festa-de-aniversario\/"]}]},{"@type":"ImageObject","inLanguage":"pt-BR","@id":"https:\/\/deputadotaveirajr.com.br\/index.php\/pai-mae-e-filho-mortos-em-acidente-estavam-a-caminho-de-festa-de-aniversario\/#primaryimage","url":"https:\/\/deputadotaveirajr.com.br\/wp-content\/uploads\/2025\/06\/whatsapp-image-2025-06-22-at-11.49.44-1-h5dReo.jpg","contentUrl":"https:\/\/deputadotaveirajr.com.br\/wp-content\/uploads\/2025\/06\/whatsapp-image-2025-06-22-at-11.49.44-1-h5dReo.jpg","width":1280,"height":960},{"@type":"BreadcrumbList","@id":"https:\/\/deputadotaveirajr.com.br\/index.php\/pai-mae-e-filho-mortos-em-acidente-estavam-a-caminho-de-festa-de-aniversario\/#breadcrumb","itemListElement":[{"@type":"ListItem","position":1,"name":"In\u00edcio","item":"https:\/\/deputadotaveirajr.com.br\/"},{"@type":"ListItem","position":2,"name":"Pai, m\u00e3e e filho mortos em acidente estavam a caminho de festa de anivers\u00e1rio"}]},{"@type":"WebSite","@id":"https:\/\/deputadotaveirajr.com.br\/#website","url":"https:\/\/deputadotaveirajr.com.br\/","name":"Taveira Jr","description":"Deputado Estadual","publisher":{"@id":"https:\/\/deputadotaveirajr.com.br\/#organization"},"potentialAction":[{"@type":"SearchAction","target":{"@type":"EntryPoint","urlTemplate":"https:\/\/deputadotaveirajr.com.br\/?s={search_term_string}"},"query-input":{"@type":"PropertyValueSpecification","valueRequired":true,"valueName":"search_term_string"}}],"inLanguage":"pt-BR"},{"@type":"Organization","@id":"https:\/\/deputadotaveirajr.com.br\/#organization","name":"Taveira Jr","url":"https:\/\/deputadotaveirajr.com.br\/","logo":{"@type":"ImageObject","inLanguage":"pt-BR","@id":"https:\/\/deputadotaveirajr.com.br\/#\/schema\/logo\/image\/","url":"https:\/\/deputadotaveirajr.com.br\/wp-content\/uploads\/2026\/01\/logolow2a.png","contentUrl":"https:\/\/deputadotaveirajr.com.br\/wp-content\/uploads\/2026\/01\/logolow2a.png","width":290,"height":80,"caption":"Taveira Jr"},"image":{"@id":"https:\/\/deputadotaveirajr.com.br\/#\/schema\/logo\/image\/"}}]}},"_links":{"self":[{"href":"https:\/\/deputadotaveirajr.com.br\/index.php\/wp-json\/wp\/v2\/pages\/13285","targetHints":{"allow":["GET"]}}],"collection":[{"href":"https:\/\/deputadotaveirajr.com.br\/index.php\/wp-json\/wp\/v2\/pages"}],"about":[{"href":"https:\/\/deputadotaveirajr.com.br\/index.php\/wp-json\/wp\/v2\/types\/page"}],"replies":[{"embeddable":true,"href":"https:\/\/deputadotaveirajr.com.br\/index.php\/wp-json\/wp\/v2\/comments?post=13285"}],"version-history":[{"count":0,"href":"https:\/\/deputadotaveirajr.com.br\/index.php\/wp-json\/wp\/v2\/pages\/13285\/revisions"}],"wp:featuredmedia":[{"embeddable":true,"href":"https:\/\/deputadotaveirajr.com.br\/index.php\/wp-json\/wp\/v2\/media\/13286"}],"wp:attachment":[{"href":"https:\/\/deputadotaveirajr.com.br\/index.php\/wp-json\/wp\/v2\/media?parent=13285"}],"curies":[{"name":"wp","href":"https:\/\/api.w.org\/{rel}","templated":true}]}}