{"id":13287,"date":"2025-06-23T12:15:14","date_gmt":"2025-06-23T15:15:14","guid":{"rendered":"https:\/\/deputadotaveirajr.com.br\/index.php\/passageira-morre-em-queda-de-moto-na-br-304-em-mossoro\/"},"modified":"2025-06-23T12:15:14","modified_gmt":"2025-06-23T15:15:14","slug":"passageira-morre-em-queda-de-moto-na-br-304-em-mossoro","status":"publish","type":"page","link":"https:\/\/deputadotaveirajr.com.br\/index.php\/passageira-morre-em-queda-de-moto-na-br-304-em-mossoro\/","title":{"rendered":"Passageira morre em queda de moto na BR-304 em Mossor\u00f3"},"content":{"rendered":"<p><img decoding=\"async\" src=\"https:\/\/s2-g1.glbimg.com\/jcgs5GZtN9C3jnu4TJQ1IrLiZJQ=\/i.s3.glbimg.com\/v1\/AUTH_59edd422c0c84a879bd37670ae4f538a\/internal_photos\/bs\/2025\/l\/y\/MGzx4ZQTey0ia5jzWtzg\/whatsapp-image-2025-06-23-at-08.04.45.jpeg\" \/><br \/>     Mulher de 53 anos estava em ve\u00edculo pilotado pelo companheiro e caiu depois que pneu estourou. Caso aconteceu no in\u00edcio da manh\u00e3 desta segunda-feira (23).  Acidente aconteceu na manh\u00e3 desta segunda (23) em Mossor\u00f3<br \/>\nReprodu\u00e7\u00e3o<br \/>\nUma mulher que era passageira de uma moto morreu na manh\u00e3 desta segunda-feira (23) ap\u00f3s o pneu traseiro do ve\u00edculo estourar e causar a queda dela e do companheiro, que era o piloto.<br \/>\nSegundo a Pol\u00edcia Rodovi\u00e1ria Federal, o acidente aconteceu por volta das 5h30 na altura do quil\u00f4metro 41 da BR-304 em Mossor\u00f3, no Oeste potiguar.<br \/>\n\ud83d\udcf3Participe do canal do g1 RN no WhatsApp<br \/>\nA v\u00edtima foi identificada como Aldeneide Alves da Mota, 53 anos. Ela teve a morte constatada por uma equipe do Corpo de Bombeiros, que foi enviada ao local para atendimento.<br \/>\nO casal seguia para o munic\u00edpio de S\u00e3o Bento, na Para\u00edba, quando o pneu da motocicleta estourou. Os dois ca\u00edram no ch\u00e3o, por\u00e9m o capacete de Aldeneide teria escapado da cabe\u00e7a dela, por n\u00e3o estar afivelado. Ela morreu na hora.<br \/>\nO marido da v\u00edtima sofreu escoria\u00e7\u00f5es e foi atendido no local.<br \/>\nMotociclista \u00e9 atendido ap\u00f3s acidente em Mossor\u00f3<br \/>\nA equipe da PRF isolou o local do acidente e o Instituto T\u00e9cnico-Cient\u00edfico de Per\u00edcia foi acionado para realizar a per\u00edcia no local e recolher o corpo da v\u00edtima, a fim de passar por exames necrosc\u00f3picos.<br \/>\nO casal era paraibano, estava em Mossor\u00f3 desde a \u00faltima quinta-feira (19) e voltava para sua cidade de origem.<br \/>\nVeja os v\u00eddeos mais assistidos no g1 RN<\/p>","protected":false},"excerpt":{"rendered":"<p>Mulher de 53 anos estava em ve\u00edculo pilotado pelo companheiro e caiu depois que pneu estourou. Caso aconteceu no in\u00edcio da manh\u00e3 desta segunda-feira (23). Acidente aconteceu na manh\u00e3 desta &#8230;<\/p>\n","protected":false},"author":0,"featured_media":13288,"parent":0,"menu_order":0,"comment_status":"closed","ping_status":"closed","template":"","meta":{"footnotes":""},"class_list":["post-13287","page","type-page","status-publish","has-post-thumbnail","hentry"],"yoast_head":"<!-- This site is optimized with the Yoast SEO plugin v27.1.1 - https:\/\/yoast.com\/product\/yoast-seo-wordpress\/ -->\n<title>Passageira morre em queda de moto na BR-304 em Mossor\u00f3 - Taveira Jr<\/title>\n<meta name=\"robots\" content=\"index, follow, max-snippet:-1, max-image-preview:large, max-video-preview:-1\" \/>\n<link rel=\"canonical\" href=\"https:\/\/deputadotaveirajr.com.br\/index.php\/passageira-morre-em-queda-de-moto-na-br-304-em-mossoro\/\" \/>\n<meta property=\"og:locale\" content=\"pt_BR\" \/>\n<meta property=\"og:type\" content=\"article\" \/>\n<meta property=\"og:title\" content=\"Passageira morre em queda de moto na BR-304 em Mossor\u00f3 - Taveira Jr\" \/>\n<meta property=\"og:description\" content=\"Mulher de 53 anos estava em ve\u00edculo pilotado pelo companheiro e caiu depois que pneu estourou. Caso aconteceu no in\u00edcio da manh\u00e3 desta segunda-feira (23). Acidente aconteceu na manh\u00e3 desta ...\" \/>\n<meta property=\"og:url\" content=\"https:\/\/deputadotaveirajr.com.br\/index.php\/passageira-morre-em-queda-de-moto-na-br-304-em-mossoro\/\" \/>\n<meta property=\"og:site_name\" content=\"Taveira Jr\" \/>\n<meta property=\"og:image\" content=\"https:\/\/s2-g1.glbimg.com\/jcgs5GZtN9C3jnu4TJQ1IrLiZJQ=\/i.s3.glbimg.com\/v1\/AUTH_59edd422c0c84a879bd37670ae4f538a\/internal_photos\/bs\/2025\/l\/y\/MGzx4ZQTey0ia5jzWtzg\/whatsapp-image-2025-06-23-at-08.04.45.jpeg\" \/>\n<meta name=\"twitter:card\" content=\"summary_large_image\" \/>\n<meta name=\"twitter:label1\" content=\"Est. tempo de leitura\" \/>\n\t<meta name=\"twitter:data1\" content=\"1 minuto\" \/>\n<script type=\"application\/ld+json\" class=\"yoast-schema-graph\">{\"@context\":\"https:\/\/schema.org\",\"@graph\":[{\"@type\":\"WebPage\",\"@id\":\"https:\/\/deputadotaveirajr.com.br\/index.php\/passageira-morre-em-queda-de-moto-na-br-304-em-mossoro\/\",\"url\":\"https:\/\/deputadotaveirajr.com.br\/index.php\/passageira-morre-em-queda-de-moto-na-br-304-em-mossoro\/\",\"name\":\"Passageira morre em queda de moto na BR-304 em Mossor\u00f3 - Taveira Jr\",\"isPartOf\":{\"@id\":\"https:\/\/deputadotaveirajr.com.br\/#website\"},\"primaryImageOfPage\":{\"@id\":\"https:\/\/deputadotaveirajr.com.br\/index.php\/passageira-morre-em-queda-de-moto-na-br-304-em-mossoro\/#primaryimage\"},\"image\":{\"@id\":\"https:\/\/deputadotaveirajr.com.br\/index.php\/passageira-morre-em-queda-de-moto-na-br-304-em-mossoro\/#primaryimage\"},\"thumbnailUrl\":\"https:\/\/deputadotaveirajr.com.br\/wp-content\/uploads\/2025\/06\/whatsapp-image-2025-06-23-at-08.04.45-m770Qu.jpg\",\"datePublished\":\"2025-06-23T15:15:14+00:00\",\"breadcrumb\":{\"@id\":\"https:\/\/deputadotaveirajr.com.br\/index.php\/passageira-morre-em-queda-de-moto-na-br-304-em-mossoro\/#breadcrumb\"},\"inLanguage\":\"pt-BR\",\"potentialAction\":[{\"@type\":\"ReadAction\",\"target\":[\"https:\/\/deputadotaveirajr.com.br\/index.php\/passageira-morre-em-queda-de-moto-na-br-304-em-mossoro\/\"]}]},{\"@type\":\"ImageObject\",\"inLanguage\":\"pt-BR\",\"@id\":\"https:\/\/deputadotaveirajr.com.br\/index.php\/passageira-morre-em-queda-de-moto-na-br-304-em-mossoro\/#primaryimage\",\"url\":\"https:\/\/deputadotaveirajr.com.br\/wp-content\/uploads\/2025\/06\/whatsapp-image-2025-06-23-at-08.04.45-m770Qu.jpg\",\"contentUrl\":\"https:\/\/deputadotaveirajr.com.br\/wp-content\/uploads\/2025\/06\/whatsapp-image-2025-06-23-at-08.04.45-m770Qu.jpg\",\"width\":1280,\"height\":960},{\"@type\":\"BreadcrumbList\",\"@id\":\"https:\/\/deputadotaveirajr.com.br\/index.php\/passageira-morre-em-queda-de-moto-na-br-304-em-mossoro\/#breadcrumb\",\"itemListElement\":[{\"@type\":\"ListItem\",\"position\":1,\"name\":\"In\u00edcio\",\"item\":\"https:\/\/deputadotaveirajr.com.br\/\"},{\"@type\":\"ListItem\",\"position\":2,\"name\":\"Passageira morre em queda de moto na BR-304 em Mossor\u00f3\"}]},{\"@type\":\"WebSite\",\"@id\":\"https:\/\/deputadotaveirajr.com.br\/#website\",\"url\":\"https:\/\/deputadotaveirajr.com.br\/\",\"name\":\"Taveira Jr\",\"description\":\"Deputado Estadual\",\"publisher\":{\"@id\":\"https:\/\/deputadotaveirajr.com.br\/#organization\"},\"potentialAction\":[{\"@type\":\"SearchAction\",\"target\":{\"@type\":\"EntryPoint\",\"urlTemplate\":\"https:\/\/deputadotaveirajr.com.br\/?s={search_term_string}\"},\"query-input\":{\"@type\":\"PropertyValueSpecification\",\"valueRequired\":true,\"valueName\":\"search_term_string\"}}],\"inLanguage\":\"pt-BR\"},{\"@type\":\"Organization\",\"@id\":\"https:\/\/deputadotaveirajr.com.br\/#organization\",\"name\":\"Taveira Jr\",\"url\":\"https:\/\/deputadotaveirajr.com.br\/\",\"logo\":{\"@type\":\"ImageObject\",\"inLanguage\":\"pt-BR\",\"@id\":\"https:\/\/deputadotaveirajr.com.br\/#\/schema\/logo\/image\/\",\"url\":\"https:\/\/deputadotaveirajr.com.br\/wp-content\/uploads\/2026\/01\/logolow2a.png\",\"contentUrl\":\"https:\/\/deputadotaveirajr.com.br\/wp-content\/uploads\/2026\/01\/logolow2a.png\",\"width\":290,\"height\":80,\"caption\":\"Taveira Jr\"},\"image\":{\"@id\":\"https:\/\/deputadotaveirajr.com.br\/#\/schema\/logo\/image\/\"}}]}<\/script>\n<!-- \/ Yoast SEO plugin. -->","yoast_head_json":{"title":"Passageira morre em queda de moto na BR-304 em Mossor\u00f3 - Taveira Jr","robots":{"index":"index","follow":"follow","max-snippet":"max-snippet:-1","max-image-preview":"max-image-preview:large","max-video-preview":"max-video-preview:-1"},"canonical":"https:\/\/deputadotaveirajr.com.br\/index.php\/passageira-morre-em-queda-de-moto-na-br-304-em-mossoro\/","og_locale":"pt_BR","og_type":"article","og_title":"Passageira morre em queda de moto na BR-304 em Mossor\u00f3 - Taveira Jr","og_description":"Mulher de 53 anos estava em ve\u00edculo pilotado pelo companheiro e caiu depois que pneu estourou. Caso aconteceu no in\u00edcio da manh\u00e3 desta segunda-feira (23). Acidente aconteceu na manh\u00e3 desta ...","og_url":"https:\/\/deputadotaveirajr.com.br\/index.php\/passageira-morre-em-queda-de-moto-na-br-304-em-mossoro\/","og_site_name":"Taveira Jr","og_image":[{"url":"https:\/\/s2-g1.glbimg.com\/jcgs5GZtN9C3jnu4TJQ1IrLiZJQ=\/i.s3.glbimg.com\/v1\/AUTH_59edd422c0c84a879bd37670ae4f538a\/internal_photos\/bs\/2025\/l\/y\/MGzx4ZQTey0ia5jzWtzg\/whatsapp-image-2025-06-23-at-08.04.45.jpeg","type":"","width":"","height":""}],"twitter_card":"summary_large_image","twitter_misc":{"Est. tempo de leitura":"1 minuto"},"schema":{"@context":"https:\/\/schema.org","@graph":[{"@type":"WebPage","@id":"https:\/\/deputadotaveirajr.com.br\/index.php\/passageira-morre-em-queda-de-moto-na-br-304-em-mossoro\/","url":"https:\/\/deputadotaveirajr.com.br\/index.php\/passageira-morre-em-queda-de-moto-na-br-304-em-mossoro\/","name":"Passageira morre em queda de moto na BR-304 em Mossor\u00f3 - Taveira Jr","isPartOf":{"@id":"https:\/\/deputadotaveirajr.com.br\/#website"},"primaryImageOfPage":{"@id":"https:\/\/deputadotaveirajr.com.br\/index.php\/passageira-morre-em-queda-de-moto-na-br-304-em-mossoro\/#primaryimage"},"image":{"@id":"https:\/\/deputadotaveirajr.com.br\/index.php\/passageira-morre-em-queda-de-moto-na-br-304-em-mossoro\/#primaryimage"},"thumbnailUrl":"https:\/\/deputadotaveirajr.com.br\/wp-content\/uploads\/2025\/06\/whatsapp-image-2025-06-23-at-08.04.45-m770Qu.jpg","datePublished":"2025-06-23T15:15:14+00:00","breadcrumb":{"@id":"https:\/\/deputadotaveirajr.com.br\/index.php\/passageira-morre-em-queda-de-moto-na-br-304-em-mossoro\/#breadcrumb"},"inLanguage":"pt-BR","potentialAction":[{"@type":"ReadAction","target":["https:\/\/deputadotaveirajr.com.br\/index.php\/passageira-morre-em-queda-de-moto-na-br-304-em-mossoro\/"]}]},{"@type":"ImageObject","inLanguage":"pt-BR","@id":"https:\/\/deputadotaveirajr.com.br\/index.php\/passageira-morre-em-queda-de-moto-na-br-304-em-mossoro\/#primaryimage","url":"https:\/\/deputadotaveirajr.com.br\/wp-content\/uploads\/2025\/06\/whatsapp-image-2025-06-23-at-08.04.45-m770Qu.jpg","contentUrl":"https:\/\/deputadotaveirajr.com.br\/wp-content\/uploads\/2025\/06\/whatsapp-image-2025-06-23-at-08.04.45-m770Qu.jpg","width":1280,"height":960},{"@type":"BreadcrumbList","@id":"https:\/\/deputadotaveirajr.com.br\/index.php\/passageira-morre-em-queda-de-moto-na-br-304-em-mossoro\/#breadcrumb","itemListElement":[{"@type":"ListItem","position":1,"name":"In\u00edcio","item":"https:\/\/deputadotaveirajr.com.br\/"},{"@type":"ListItem","position":2,"name":"Passageira morre em queda de moto na BR-304 em Mossor\u00f3"}]},{"@type":"WebSite","@id":"https:\/\/deputadotaveirajr.com.br\/#website","url":"https:\/\/deputadotaveirajr.com.br\/","name":"Taveira Jr","description":"Deputado Estadual","publisher":{"@id":"https:\/\/deputadotaveirajr.com.br\/#organization"},"potentialAction":[{"@type":"SearchAction","target":{"@type":"EntryPoint","urlTemplate":"https:\/\/deputadotaveirajr.com.br\/?s={search_term_string}"},"query-input":{"@type":"PropertyValueSpecification","valueRequired":true,"valueName":"search_term_string"}}],"inLanguage":"pt-BR"},{"@type":"Organization","@id":"https:\/\/deputadotaveirajr.com.br\/#organization","name":"Taveira Jr","url":"https:\/\/deputadotaveirajr.com.br\/","logo":{"@type":"ImageObject","inLanguage":"pt-BR","@id":"https:\/\/deputadotaveirajr.com.br\/#\/schema\/logo\/image\/","url":"https:\/\/deputadotaveirajr.com.br\/wp-content\/uploads\/2026\/01\/logolow2a.png","contentUrl":"https:\/\/deputadotaveirajr.com.br\/wp-content\/uploads\/2026\/01\/logolow2a.png","width":290,"height":80,"caption":"Taveira Jr"},"image":{"@id":"https:\/\/deputadotaveirajr.com.br\/#\/schema\/logo\/image\/"}}]}},"_links":{"self":[{"href":"https:\/\/deputadotaveirajr.com.br\/index.php\/wp-json\/wp\/v2\/pages\/13287","targetHints":{"allow":["GET"]}}],"collection":[{"href":"https:\/\/deputadotaveirajr.com.br\/index.php\/wp-json\/wp\/v2\/pages"}],"about":[{"href":"https:\/\/deputadotaveirajr.com.br\/index.php\/wp-json\/wp\/v2\/types\/page"}],"replies":[{"embeddable":true,"href":"https:\/\/deputadotaveirajr.com.br\/index.php\/wp-json\/wp\/v2\/comments?post=13287"}],"version-history":[{"count":0,"href":"https:\/\/deputadotaveirajr.com.br\/index.php\/wp-json\/wp\/v2\/pages\/13287\/revisions"}],"wp:featuredmedia":[{"embeddable":true,"href":"https:\/\/deputadotaveirajr.com.br\/index.php\/wp-json\/wp\/v2\/media\/13288"}],"wp:attachment":[{"href":"https:\/\/deputadotaveirajr.com.br\/index.php\/wp-json\/wp\/v2\/media?parent=13287"}],"curies":[{"name":"wp","href":"https:\/\/api.w.org\/{rel}","templated":true}]}}