{"id":13480,"date":"2025-06-26T12:58:20","date_gmt":"2025-06-26T15:58:20","guid":{"rendered":"https:\/\/deputadotaveirajr.com.br\/index.php\/video-homem-e-indiciado-por-maus-tratos-apos-morder-cabeca-de-idosas-em-abrigo-no-rn\/"},"modified":"2025-06-26T12:58:20","modified_gmt":"2025-06-26T15:58:20","slug":"video-homem-e-indiciado-por-maus-tratos-apos-morder-cabeca-de-idosas-em-abrigo-no-rn","status":"publish","type":"page","link":"https:\/\/deputadotaveirajr.com.br\/index.php\/video-homem-e-indiciado-por-maus-tratos-apos-morder-cabeca-de-idosas-em-abrigo-no-rn\/","title":{"rendered":"V\u00cdDEO: Homem \u00e9 indiciado por maus-tratos ap\u00f3s morder cabe\u00e7a de idosas em abrigo no RN"},"content":{"rendered":"<p><img decoding=\"async\" src=\"https:\/\/s2-g1.glbimg.com\/GgO6kAj770TKthnTkP2HvMduIUw=\/i.s3.glbimg.com\/v1\/AUTH_59edd422c0c84a879bd37670ae4f538a\/internal_photos\/bs\/2025\/9\/f\/FuzkvHSOmQXeorUwVNrA\/homem-morte-cabeca-de-idosa.jpg\" \/><br \/>     Crime aconteceu em abril na cidade de S\u00e3o Jos\u00e9 do Serid\u00f3. Suspeito de 35 anos foi afastado de fun\u00e7\u00f5es. Homem \u00e9 suspeito de morder idosas em abrigo no interior do RN<br \/>\nUm homem foi indiciado por maus-tratos contra pessoa idosa ap\u00f3s morder a cabe\u00e7a de idosas em uma institui\u00e7\u00e3o de longa perman\u00eancia que atende pessoas da terceira idade em S\u00e3o Jos\u00e9 do Serid\u00f3, na regi\u00e3o Serid\u00f3 potiguar.<br \/>\nA Pol\u00edcia Civil do Rio Grande do Norte confirmou nesta quinta-feira (26) que concluiu o procedimento investigativo que apurou a den\u00fancia da fam\u00edlia de uma das v\u00edtimas &#8211; uma senhora de 97 anos &#8211; e enviou o caso para Justi\u00e7a.<br \/>\n\ud83d\udcf3Participe do canal do g1 RN no WhatsApp<br \/>\nA investiga\u00e7\u00e3o teve in\u00edcio ap\u00f3s o registro de boletim de ocorr\u00eancia relatando que um funcion\u00e1rio da institui\u00e7\u00e3o, homem de 35 anos, teria mordido a cabe\u00e7a de uma idosa durante um contato direto com a v\u00edtima, no dia 27 de abril de 2025.<br \/>\nUm v\u00eddeo gravado por c\u00e2meras de seguran\u00e7a mostra o momento em que o homem se aproxima das idosas como se fosse beijar suas cabe\u00e7as, mas morde elas.<br \/>\n&#8220;Com a conclus\u00e3o das dilig\u00eancias, o inqu\u00e9rito policial foi encaminhado ao Poder Judici\u00e1rio, onde seguir\u00e1 para as provid\u00eancias cab\u00edveis \u00e0 responsabiliza\u00e7\u00e3o penal do suspeito&#8221;, informou a Pol\u00edcia Civil.<br \/>\nHomem morde cabe\u00e7as de idosas em abrigo para pessoas da terceira idade no RN<br \/>\nReprodu\u00e7\u00e3o<br \/>\nEm nota, a Associa\u00e7\u00e3o de Amparo \u00e0 Pessoa Idosa, gestora do Pal\u00e1cio da Sabedoria, onde o caso aconteceu, repudiou o &#8220;lament\u00e1vel epis\u00f3dio ocorrido em suas depend\u00eancias&#8221;.<br \/>\nAinda de acordo com entidade, assim que a gest\u00e3o tomou conhecimento do fato, o volunt\u00e1rio envolvido foi afastado e o caso comunicado \u00e0s autoridades.<br \/>\nNa declara\u00e7\u00e3o enviada \u00e0 imprensa, a entidade informou que tamb\u00e9m se considera v\u00edtima do ato praticado pelo homem.<br \/>\n&#8220;Ressaltamos que se trata de um caso isolado, alheio \u00e0 conduta e aos princ\u00edpios que sempre nortearam nossa institui\u00e7\u00e3o. Nenhum ato individual pode apagar quase tr\u00eas d\u00e9cadas de dedica\u00e7\u00e3o e bons servi\u00e7os prestados. Ao contr\u00e1rio, esse epis\u00f3dio refor\u00e7a nosso compromisso em combater qualquer viola\u00e7\u00e3o de direitos&#8221;, diz a nota.<br \/>\nJ\u00e1 a prefeitura de S\u00e3o Jos\u00e9 do Serid\u00f3 informou que a institui\u00e7\u00e3o \u00e9 uma entidade privada, por\u00e9m o homem tamb\u00e9m ocupa cargo efetivo na administra\u00e7\u00e3o municipal.<br \/>\n&#8220;Esclarecemos que os fatos ocorreram fora do exerc\u00edcio de suas atividades p\u00fablicas. Mesmo assim, repudiamos veementemente a conduta registrada nas imagens, por sua gravidade e desrespeito \u00e0s pessoas idosas. O servidor foi imediatamente afastado de suas fun\u00e7\u00f5es at\u00e9 a completa apura\u00e7\u00e3o dos fatos pelas autoridades competentes&#8221;, informou a gest\u00e3o.<br \/>\nA prefeitura tamb\u00e9m se solidarizou com as v\u00edtimas, com as fam\u00edlias e colaboradores do Pal\u00e1cio da Sabedoria.<br \/>\nVeja os v\u00eddeos mais assistidos no g1 RN<\/p>","protected":false},"excerpt":{"rendered":"<p>Crime aconteceu em abril na cidade de S\u00e3o Jos\u00e9 do Serid\u00f3. Suspeito de 35 anos foi afastado de fun\u00e7\u00f5es. Homem \u00e9 suspeito de morder idosas em abrigo no interior do &#8230;<\/p>\n","protected":false},"author":0,"featured_media":13481,"parent":0,"menu_order":0,"comment_status":"closed","ping_status":"closed","template":"","meta":{"footnotes":""},"class_list":["post-13480","page","type-page","status-publish","has-post-thumbnail","hentry"],"yoast_head":"<!-- This site is optimized with the Yoast SEO plugin v27.1.1 - https:\/\/yoast.com\/product\/yoast-seo-wordpress\/ -->\n<title>V\u00cdDEO: Homem \u00e9 indiciado por maus-tratos ap\u00f3s morder cabe\u00e7a de idosas em abrigo no RN - Taveira Jr<\/title>\n<meta name=\"robots\" content=\"index, follow, max-snippet:-1, max-image-preview:large, max-video-preview:-1\" \/>\n<link rel=\"canonical\" href=\"https:\/\/deputadotaveirajr.com.br\/index.php\/video-homem-e-indiciado-por-maus-tratos-apos-morder-cabeca-de-idosas-em-abrigo-no-rn\/\" \/>\n<meta property=\"og:locale\" content=\"pt_BR\" \/>\n<meta property=\"og:type\" content=\"article\" \/>\n<meta property=\"og:title\" content=\"V\u00cdDEO: Homem \u00e9 indiciado por maus-tratos ap\u00f3s morder cabe\u00e7a de idosas em abrigo no RN - Taveira Jr\" \/>\n<meta property=\"og:description\" content=\"Crime aconteceu em abril na cidade de S\u00e3o Jos\u00e9 do Serid\u00f3. Suspeito de 35 anos foi afastado de fun\u00e7\u00f5es. Homem \u00e9 suspeito de morder idosas em abrigo no interior do ...\" \/>\n<meta property=\"og:url\" content=\"https:\/\/deputadotaveirajr.com.br\/index.php\/video-homem-e-indiciado-por-maus-tratos-apos-morder-cabeca-de-idosas-em-abrigo-no-rn\/\" \/>\n<meta property=\"og:site_name\" content=\"Taveira Jr\" \/>\n<meta property=\"og:image\" content=\"https:\/\/s2-g1.glbimg.com\/GgO6kAj770TKthnTkP2HvMduIUw=\/i.s3.glbimg.com\/v1\/AUTH_59edd422c0c84a879bd37670ae4f538a\/internal_photos\/bs\/2025\/9\/f\/FuzkvHSOmQXeorUwVNrA\/homem-morte-cabeca-de-idosa.jpg\" \/>\n<meta name=\"twitter:card\" content=\"summary_large_image\" \/>\n<meta name=\"twitter:label1\" content=\"Est. tempo de leitura\" \/>\n\t<meta name=\"twitter:data1\" content=\"3 minutos\" \/>\n<script type=\"application\/ld+json\" class=\"yoast-schema-graph\">{\"@context\":\"https:\/\/schema.org\",\"@graph\":[{\"@type\":\"WebPage\",\"@id\":\"https:\/\/deputadotaveirajr.com.br\/index.php\/video-homem-e-indiciado-por-maus-tratos-apos-morder-cabeca-de-idosas-em-abrigo-no-rn\/\",\"url\":\"https:\/\/deputadotaveirajr.com.br\/index.php\/video-homem-e-indiciado-por-maus-tratos-apos-morder-cabeca-de-idosas-em-abrigo-no-rn\/\",\"name\":\"V\u00cdDEO: Homem \u00e9 indiciado por maus-tratos ap\u00f3s morder cabe\u00e7a de idosas em abrigo no RN - Taveira Jr\",\"isPartOf\":{\"@id\":\"https:\/\/deputadotaveirajr.com.br\/#website\"},\"primaryImageOfPage\":{\"@id\":\"https:\/\/deputadotaveirajr.com.br\/index.php\/video-homem-e-indiciado-por-maus-tratos-apos-morder-cabeca-de-idosas-em-abrigo-no-rn\/#primaryimage\"},\"image\":{\"@id\":\"https:\/\/deputadotaveirajr.com.br\/index.php\/video-homem-e-indiciado-por-maus-tratos-apos-morder-cabeca-de-idosas-em-abrigo-no-rn\/#primaryimage\"},\"thumbnailUrl\":\"https:\/\/deputadotaveirajr.com.br\/wp-content\/uploads\/2025\/06\/homem-morte-cabeca-de-idosa-jsOGUj.jpg\",\"datePublished\":\"2025-06-26T15:58:20+00:00\",\"breadcrumb\":{\"@id\":\"https:\/\/deputadotaveirajr.com.br\/index.php\/video-homem-e-indiciado-por-maus-tratos-apos-morder-cabeca-de-idosas-em-abrigo-no-rn\/#breadcrumb\"},\"inLanguage\":\"pt-BR\",\"potentialAction\":[{\"@type\":\"ReadAction\",\"target\":[\"https:\/\/deputadotaveirajr.com.br\/index.php\/video-homem-e-indiciado-por-maus-tratos-apos-morder-cabeca-de-idosas-em-abrigo-no-rn\/\"]}]},{\"@type\":\"ImageObject\",\"inLanguage\":\"pt-BR\",\"@id\":\"https:\/\/deputadotaveirajr.com.br\/index.php\/video-homem-e-indiciado-por-maus-tratos-apos-morder-cabeca-de-idosas-em-abrigo-no-rn\/#primaryimage\",\"url\":\"https:\/\/deputadotaveirajr.com.br\/wp-content\/uploads\/2025\/06\/homem-morte-cabeca-de-idosa-jsOGUj.jpg\",\"contentUrl\":\"https:\/\/deputadotaveirajr.com.br\/wp-content\/uploads\/2025\/06\/homem-morte-cabeca-de-idosa-jsOGUj.jpg\",\"width\":1200,\"height\":682},{\"@type\":\"BreadcrumbList\",\"@id\":\"https:\/\/deputadotaveirajr.com.br\/index.php\/video-homem-e-indiciado-por-maus-tratos-apos-morder-cabeca-de-idosas-em-abrigo-no-rn\/#breadcrumb\",\"itemListElement\":[{\"@type\":\"ListItem\",\"position\":1,\"name\":\"In\u00edcio\",\"item\":\"https:\/\/deputadotaveirajr.com.br\/\"},{\"@type\":\"ListItem\",\"position\":2,\"name\":\"V\u00cdDEO: Homem \u00e9 indiciado por maus-tratos ap\u00f3s morder cabe\u00e7a de idosas em abrigo no RN\"}]},{\"@type\":\"WebSite\",\"@id\":\"https:\/\/deputadotaveirajr.com.br\/#website\",\"url\":\"https:\/\/deputadotaveirajr.com.br\/\",\"name\":\"Taveira Jr\",\"description\":\"Deputado Estadual\",\"publisher\":{\"@id\":\"https:\/\/deputadotaveirajr.com.br\/#organization\"},\"potentialAction\":[{\"@type\":\"SearchAction\",\"target\":{\"@type\":\"EntryPoint\",\"urlTemplate\":\"https:\/\/deputadotaveirajr.com.br\/?s={search_term_string}\"},\"query-input\":{\"@type\":\"PropertyValueSpecification\",\"valueRequired\":true,\"valueName\":\"search_term_string\"}}],\"inLanguage\":\"pt-BR\"},{\"@type\":\"Organization\",\"@id\":\"https:\/\/deputadotaveirajr.com.br\/#organization\",\"name\":\"Taveira Jr\",\"url\":\"https:\/\/deputadotaveirajr.com.br\/\",\"logo\":{\"@type\":\"ImageObject\",\"inLanguage\":\"pt-BR\",\"@id\":\"https:\/\/deputadotaveirajr.com.br\/#\/schema\/logo\/image\/\",\"url\":\"https:\/\/deputadotaveirajr.com.br\/wp-content\/uploads\/2026\/01\/logolow2a.png\",\"contentUrl\":\"https:\/\/deputadotaveirajr.com.br\/wp-content\/uploads\/2026\/01\/logolow2a.png\",\"width\":290,\"height\":80,\"caption\":\"Taveira Jr\"},\"image\":{\"@id\":\"https:\/\/deputadotaveirajr.com.br\/#\/schema\/logo\/image\/\"}}]}<\/script>\n<!-- \/ Yoast SEO plugin. -->","yoast_head_json":{"title":"V\u00cdDEO: Homem \u00e9 indiciado por maus-tratos ap\u00f3s morder cabe\u00e7a de idosas em abrigo no RN - Taveira Jr","robots":{"index":"index","follow":"follow","max-snippet":"max-snippet:-1","max-image-preview":"max-image-preview:large","max-video-preview":"max-video-preview:-1"},"canonical":"https:\/\/deputadotaveirajr.com.br\/index.php\/video-homem-e-indiciado-por-maus-tratos-apos-morder-cabeca-de-idosas-em-abrigo-no-rn\/","og_locale":"pt_BR","og_type":"article","og_title":"V\u00cdDEO: Homem \u00e9 indiciado por maus-tratos ap\u00f3s morder cabe\u00e7a de idosas em abrigo no RN - Taveira Jr","og_description":"Crime aconteceu em abril na cidade de S\u00e3o Jos\u00e9 do Serid\u00f3. Suspeito de 35 anos foi afastado de fun\u00e7\u00f5es. Homem \u00e9 suspeito de morder idosas em abrigo no interior do ...","og_url":"https:\/\/deputadotaveirajr.com.br\/index.php\/video-homem-e-indiciado-por-maus-tratos-apos-morder-cabeca-de-idosas-em-abrigo-no-rn\/","og_site_name":"Taveira Jr","og_image":[{"url":"https:\/\/s2-g1.glbimg.com\/GgO6kAj770TKthnTkP2HvMduIUw=\/i.s3.glbimg.com\/v1\/AUTH_59edd422c0c84a879bd37670ae4f538a\/internal_photos\/bs\/2025\/9\/f\/FuzkvHSOmQXeorUwVNrA\/homem-morte-cabeca-de-idosa.jpg","type":"","width":"","height":""}],"twitter_card":"summary_large_image","twitter_misc":{"Est. tempo de leitura":"3 minutos"},"schema":{"@context":"https:\/\/schema.org","@graph":[{"@type":"WebPage","@id":"https:\/\/deputadotaveirajr.com.br\/index.php\/video-homem-e-indiciado-por-maus-tratos-apos-morder-cabeca-de-idosas-em-abrigo-no-rn\/","url":"https:\/\/deputadotaveirajr.com.br\/index.php\/video-homem-e-indiciado-por-maus-tratos-apos-morder-cabeca-de-idosas-em-abrigo-no-rn\/","name":"V\u00cdDEO: Homem \u00e9 indiciado por maus-tratos ap\u00f3s morder cabe\u00e7a de idosas em abrigo no RN - Taveira Jr","isPartOf":{"@id":"https:\/\/deputadotaveirajr.com.br\/#website"},"primaryImageOfPage":{"@id":"https:\/\/deputadotaveirajr.com.br\/index.php\/video-homem-e-indiciado-por-maus-tratos-apos-morder-cabeca-de-idosas-em-abrigo-no-rn\/#primaryimage"},"image":{"@id":"https:\/\/deputadotaveirajr.com.br\/index.php\/video-homem-e-indiciado-por-maus-tratos-apos-morder-cabeca-de-idosas-em-abrigo-no-rn\/#primaryimage"},"thumbnailUrl":"https:\/\/deputadotaveirajr.com.br\/wp-content\/uploads\/2025\/06\/homem-morte-cabeca-de-idosa-jsOGUj.jpg","datePublished":"2025-06-26T15:58:20+00:00","breadcrumb":{"@id":"https:\/\/deputadotaveirajr.com.br\/index.php\/video-homem-e-indiciado-por-maus-tratos-apos-morder-cabeca-de-idosas-em-abrigo-no-rn\/#breadcrumb"},"inLanguage":"pt-BR","potentialAction":[{"@type":"ReadAction","target":["https:\/\/deputadotaveirajr.com.br\/index.php\/video-homem-e-indiciado-por-maus-tratos-apos-morder-cabeca-de-idosas-em-abrigo-no-rn\/"]}]},{"@type":"ImageObject","inLanguage":"pt-BR","@id":"https:\/\/deputadotaveirajr.com.br\/index.php\/video-homem-e-indiciado-por-maus-tratos-apos-morder-cabeca-de-idosas-em-abrigo-no-rn\/#primaryimage","url":"https:\/\/deputadotaveirajr.com.br\/wp-content\/uploads\/2025\/06\/homem-morte-cabeca-de-idosa-jsOGUj.jpg","contentUrl":"https:\/\/deputadotaveirajr.com.br\/wp-content\/uploads\/2025\/06\/homem-morte-cabeca-de-idosa-jsOGUj.jpg","width":1200,"height":682},{"@type":"BreadcrumbList","@id":"https:\/\/deputadotaveirajr.com.br\/index.php\/video-homem-e-indiciado-por-maus-tratos-apos-morder-cabeca-de-idosas-em-abrigo-no-rn\/#breadcrumb","itemListElement":[{"@type":"ListItem","position":1,"name":"In\u00edcio","item":"https:\/\/deputadotaveirajr.com.br\/"},{"@type":"ListItem","position":2,"name":"V\u00cdDEO: Homem \u00e9 indiciado por maus-tratos ap\u00f3s morder cabe\u00e7a de idosas em abrigo no RN"}]},{"@type":"WebSite","@id":"https:\/\/deputadotaveirajr.com.br\/#website","url":"https:\/\/deputadotaveirajr.com.br\/","name":"Taveira Jr","description":"Deputado Estadual","publisher":{"@id":"https:\/\/deputadotaveirajr.com.br\/#organization"},"potentialAction":[{"@type":"SearchAction","target":{"@type":"EntryPoint","urlTemplate":"https:\/\/deputadotaveirajr.com.br\/?s={search_term_string}"},"query-input":{"@type":"PropertyValueSpecification","valueRequired":true,"valueName":"search_term_string"}}],"inLanguage":"pt-BR"},{"@type":"Organization","@id":"https:\/\/deputadotaveirajr.com.br\/#organization","name":"Taveira Jr","url":"https:\/\/deputadotaveirajr.com.br\/","logo":{"@type":"ImageObject","inLanguage":"pt-BR","@id":"https:\/\/deputadotaveirajr.com.br\/#\/schema\/logo\/image\/","url":"https:\/\/deputadotaveirajr.com.br\/wp-content\/uploads\/2026\/01\/logolow2a.png","contentUrl":"https:\/\/deputadotaveirajr.com.br\/wp-content\/uploads\/2026\/01\/logolow2a.png","width":290,"height":80,"caption":"Taveira Jr"},"image":{"@id":"https:\/\/deputadotaveirajr.com.br\/#\/schema\/logo\/image\/"}}]}},"_links":{"self":[{"href":"https:\/\/deputadotaveirajr.com.br\/index.php\/wp-json\/wp\/v2\/pages\/13480","targetHints":{"allow":["GET"]}}],"collection":[{"href":"https:\/\/deputadotaveirajr.com.br\/index.php\/wp-json\/wp\/v2\/pages"}],"about":[{"href":"https:\/\/deputadotaveirajr.com.br\/index.php\/wp-json\/wp\/v2\/types\/page"}],"replies":[{"embeddable":true,"href":"https:\/\/deputadotaveirajr.com.br\/index.php\/wp-json\/wp\/v2\/comments?post=13480"}],"version-history":[{"count":0,"href":"https:\/\/deputadotaveirajr.com.br\/index.php\/wp-json\/wp\/v2\/pages\/13480\/revisions"}],"wp:featuredmedia":[{"embeddable":true,"href":"https:\/\/deputadotaveirajr.com.br\/index.php\/wp-json\/wp\/v2\/media\/13481"}],"wp:attachment":[{"href":"https:\/\/deputadotaveirajr.com.br\/index.php\/wp-json\/wp\/v2\/media?parent=13480"}],"curies":[{"name":"wp","href":"https:\/\/api.w.org\/{rel}","templated":true}]}}