{"id":13482,"date":"2025-06-26T12:02:27","date_gmt":"2025-06-26T15:02:27","guid":{"rendered":"https:\/\/deputadotaveirajr.com.br\/index.php\/prefeitura-anuncia-mudancas-na-programacao-para-os-300-anos-do-sao-joao-de-assu-em-2026\/"},"modified":"2025-06-26T12:02:27","modified_gmt":"2025-06-26T15:02:27","slug":"prefeitura-anuncia-mudancas-na-programacao-para-os-300-anos-do-sao-joao-de-assu-em-2026","status":"publish","type":"page","link":"https:\/\/deputadotaveirajr.com.br\/index.php\/prefeitura-anuncia-mudancas-na-programacao-para-os-300-anos-do-sao-joao-de-assu-em-2026\/","title":{"rendered":"Prefeitura anuncia mudan\u00e7as na programa\u00e7\u00e3o para os 300 anos do S\u00e3o Jo\u00e3o de Assu em 2026"},"content":{"rendered":"<p><img decoding=\"async\" src=\"https:\/\/s2-g1.glbimg.com\/Q-QOJy0wKJYKlUwpSvpm_lp44y0=\/i.s3.glbimg.com\/v1\/AUTH_59edd422c0c84a879bd37670ae4f538a\/internal_photos\/bs\/2025\/N\/A\/yS1KCrRTOnHNDyrMYZ7w\/whatsapp-image-2025-06-15-at-09.17.29-700x466.jpeg\" \/><br \/>     Prefeito Lula Soares confirmou que os dias 23 e 24 de junho ser\u00e3o voltados apenas \u00e0 programa\u00e7\u00e3o religiosa; popula\u00e7\u00e3o poder\u00e1 sugerir atra\u00e7\u00f5es para o tricenten\u00e1rio. Abertura do S\u00e3o Jo\u00e3o de Assu 2025 reuniu p\u00fablico de 40 mil pessoas<br \/>\nDivulga\u00e7\u00e3o\/Prefeitura de Assu<br \/>\nPela primeira vez em quase 300 anos de hist\u00f3ria, o S\u00e3o Jo\u00e3o de Assu vai reservar os dias 23 e 24 de junho exclusivamente para a programa\u00e7\u00e3o religiosa. O an\u00fancio foi feito na noite de ter\u00e7a-feira (24) pelo prefeito Lula Soares, durante o encerramento da edi\u00e7\u00e3o 2025 da festa.<br \/>\nA mudan\u00e7a j\u00e1 passa a valer em 2026, quando o evento completa tr\u00eas s\u00e9culos. Segundo o prefeito, a decis\u00e3o refor\u00e7a a liga\u00e7\u00e3o da festa com sua origem, ligada \u00e0 devo\u00e7\u00e3o a S\u00e3o Jo\u00e3o Batista, padroeiro da cidade.<br \/>\n\ud83d\udcf3Participe do canal do g1 RN no WhatsApp<br \/>\n\u201cEstamos iniciando hoje o planejamento do tricenten\u00e1rio com uma mudan\u00e7a importante: reservar esses dois dias inteiramente para os momentos religiosos, com mais espa\u00e7o para a f\u00e9 e a espiritualidade que sempre moveram o nosso povo\u201d, afirmou Lula Soares.<br \/>\nO prefeito tamb\u00e9m anunciou que a popula\u00e7\u00e3o poder\u00e1 participar da constru\u00e7\u00e3o da programa\u00e7\u00e3o da edi\u00e7\u00e3o hist\u00f3rica sugerindo atra\u00e7\u00f5es e ideias. A consulta ser\u00e1 conduzida pela prefeitura nos pr\u00f3ximos meses.<br \/>\nDurante a edi\u00e7\u00e3o deste ano, o prefeito avaliou positivamente os dez dias de evento. \u201cO saldo \u00e9 muito positivo. Estou feliz com o trabalho coletivo realizado. Foram 10 dias de muita festa, alegria, anima\u00e7\u00e3o e tradi\u00e7\u00e3o. Honramos a hist\u00f3ria do nosso S\u00e3o Jo\u00e3o\u201d, disse.<br \/>\nO encerramento da programa\u00e7\u00e3o de 2025 contou com a tradicional Prociss\u00e3o e a Missa dos Peregrinos, que reuniu fi\u00e9is de diversas cidades do Vale do A\u00e7u. O prefeito participou ao lado da vice-prefeita Isabela Morais, da governadora F\u00e1tima Bezerra, de autoridades e moradores de Assu e regi\u00e3o.<br \/>\nCom o fim da edi\u00e7\u00e3o 2025, os preparativos para o tricenten\u00e1rio j\u00e1 come\u00e7aram. A pr\u00f3xima edi\u00e7\u00e3o promete marcar um novo cap\u00edtulo da festa, unindo f\u00e9, tradi\u00e7\u00e3o e participa\u00e7\u00e3o popular.<br \/>\nFi\u00e9is celebram dia de S\u00e3o Jo\u00e3o Batista em Ass\u00fa<br \/>\nVeja os v\u00eddeos do g1 RN<\/p>","protected":false},"excerpt":{"rendered":"<p>Prefeito Lula Soares confirmou que os dias 23 e 24 de junho ser\u00e3o voltados apenas \u00e0 programa\u00e7\u00e3o religiosa; popula\u00e7\u00e3o poder\u00e1 sugerir atra\u00e7\u00f5es para o tricenten\u00e1rio. Abertura do S\u00e3o Jo\u00e3o de &#8230;<\/p>\n","protected":false},"author":0,"featured_media":13483,"parent":0,"menu_order":0,"comment_status":"closed","ping_status":"closed","template":"","meta":{"footnotes":""},"class_list":["post-13482","page","type-page","status-publish","has-post-thumbnail","hentry"],"yoast_head":"<!-- This site is optimized with the Yoast SEO plugin v27.1.1 - https:\/\/yoast.com\/product\/yoast-seo-wordpress\/ -->\n<title>Prefeitura anuncia mudan\u00e7as na programa\u00e7\u00e3o para os 300 anos do S\u00e3o Jo\u00e3o de Assu em 2026 - Taveira Jr<\/title>\n<meta name=\"robots\" content=\"index, follow, max-snippet:-1, max-image-preview:large, max-video-preview:-1\" \/>\n<link rel=\"canonical\" href=\"https:\/\/deputadotaveirajr.com.br\/index.php\/prefeitura-anuncia-mudancas-na-programacao-para-os-300-anos-do-sao-joao-de-assu-em-2026\/\" \/>\n<meta property=\"og:locale\" content=\"pt_BR\" \/>\n<meta property=\"og:type\" content=\"article\" \/>\n<meta property=\"og:title\" content=\"Prefeitura anuncia mudan\u00e7as na programa\u00e7\u00e3o para os 300 anos do S\u00e3o Jo\u00e3o de Assu em 2026 - Taveira Jr\" \/>\n<meta property=\"og:description\" content=\"Prefeito Lula Soares confirmou que os dias 23 e 24 de junho ser\u00e3o voltados apenas \u00e0 programa\u00e7\u00e3o religiosa; popula\u00e7\u00e3o poder\u00e1 sugerir atra\u00e7\u00f5es para o tricenten\u00e1rio. Abertura do S\u00e3o Jo\u00e3o de ...\" \/>\n<meta property=\"og:url\" content=\"https:\/\/deputadotaveirajr.com.br\/index.php\/prefeitura-anuncia-mudancas-na-programacao-para-os-300-anos-do-sao-joao-de-assu-em-2026\/\" \/>\n<meta property=\"og:site_name\" content=\"Taveira Jr\" \/>\n<meta property=\"og:image\" content=\"https:\/\/s2-g1.glbimg.com\/Q-QOJy0wKJYKlUwpSvpm_lp44y0=\/i.s3.glbimg.com\/v1\/AUTH_59edd422c0c84a879bd37670ae4f538a\/internal_photos\/bs\/2025\/N\/A\/yS1KCrRTOnHNDyrMYZ7w\/whatsapp-image-2025-06-15-at-09.17.29-700x466.jpeg\" \/>\n<meta name=\"twitter:card\" content=\"summary_large_image\" \/>\n<meta name=\"twitter:label1\" content=\"Est. tempo de leitura\" \/>\n\t<meta name=\"twitter:data1\" content=\"2 minutos\" \/>\n<script type=\"application\/ld+json\" class=\"yoast-schema-graph\">{\"@context\":\"https:\/\/schema.org\",\"@graph\":[{\"@type\":\"WebPage\",\"@id\":\"https:\/\/deputadotaveirajr.com.br\/index.php\/prefeitura-anuncia-mudancas-na-programacao-para-os-300-anos-do-sao-joao-de-assu-em-2026\/\",\"url\":\"https:\/\/deputadotaveirajr.com.br\/index.php\/prefeitura-anuncia-mudancas-na-programacao-para-os-300-anos-do-sao-joao-de-assu-em-2026\/\",\"name\":\"Prefeitura anuncia mudan\u00e7as na programa\u00e7\u00e3o para os 300 anos do S\u00e3o Jo\u00e3o de Assu em 2026 - Taveira Jr\",\"isPartOf\":{\"@id\":\"https:\/\/deputadotaveirajr.com.br\/#website\"},\"primaryImageOfPage\":{\"@id\":\"https:\/\/deputadotaveirajr.com.br\/index.php\/prefeitura-anuncia-mudancas-na-programacao-para-os-300-anos-do-sao-joao-de-assu-em-2026\/#primaryimage\"},\"image\":{\"@id\":\"https:\/\/deputadotaveirajr.com.br\/index.php\/prefeitura-anuncia-mudancas-na-programacao-para-os-300-anos-do-sao-joao-de-assu-em-2026\/#primaryimage\"},\"thumbnailUrl\":\"https:\/\/deputadotaveirajr.com.br\/wp-content\/uploads\/2025\/06\/whatsapp-image-2025-06-15-at-09.17.29-700x466-z53e6s.jpg\",\"datePublished\":\"2025-06-26T15:02:27+00:00\",\"breadcrumb\":{\"@id\":\"https:\/\/deputadotaveirajr.com.br\/index.php\/prefeitura-anuncia-mudancas-na-programacao-para-os-300-anos-do-sao-joao-de-assu-em-2026\/#breadcrumb\"},\"inLanguage\":\"pt-BR\",\"potentialAction\":[{\"@type\":\"ReadAction\",\"target\":[\"https:\/\/deputadotaveirajr.com.br\/index.php\/prefeitura-anuncia-mudancas-na-programacao-para-os-300-anos-do-sao-joao-de-assu-em-2026\/\"]}]},{\"@type\":\"ImageObject\",\"inLanguage\":\"pt-BR\",\"@id\":\"https:\/\/deputadotaveirajr.com.br\/index.php\/prefeitura-anuncia-mudancas-na-programacao-para-os-300-anos-do-sao-joao-de-assu-em-2026\/#primaryimage\",\"url\":\"https:\/\/deputadotaveirajr.com.br\/wp-content\/uploads\/2025\/06\/whatsapp-image-2025-06-15-at-09.17.29-700x466-z53e6s.jpg\",\"contentUrl\":\"https:\/\/deputadotaveirajr.com.br\/wp-content\/uploads\/2025\/06\/whatsapp-image-2025-06-15-at-09.17.29-700x466-z53e6s.jpg\",\"width\":700,\"height\":466},{\"@type\":\"BreadcrumbList\",\"@id\":\"https:\/\/deputadotaveirajr.com.br\/index.php\/prefeitura-anuncia-mudancas-na-programacao-para-os-300-anos-do-sao-joao-de-assu-em-2026\/#breadcrumb\",\"itemListElement\":[{\"@type\":\"ListItem\",\"position\":1,\"name\":\"In\u00edcio\",\"item\":\"https:\/\/deputadotaveirajr.com.br\/\"},{\"@type\":\"ListItem\",\"position\":2,\"name\":\"Prefeitura anuncia mudan\u00e7as na programa\u00e7\u00e3o para os 300 anos do S\u00e3o Jo\u00e3o de Assu em 2026\"}]},{\"@type\":\"WebSite\",\"@id\":\"https:\/\/deputadotaveirajr.com.br\/#website\",\"url\":\"https:\/\/deputadotaveirajr.com.br\/\",\"name\":\"Taveira Jr\",\"description\":\"Deputado Estadual\",\"publisher\":{\"@id\":\"https:\/\/deputadotaveirajr.com.br\/#organization\"},\"potentialAction\":[{\"@type\":\"SearchAction\",\"target\":{\"@type\":\"EntryPoint\",\"urlTemplate\":\"https:\/\/deputadotaveirajr.com.br\/?s={search_term_string}\"},\"query-input\":{\"@type\":\"PropertyValueSpecification\",\"valueRequired\":true,\"valueName\":\"search_term_string\"}}],\"inLanguage\":\"pt-BR\"},{\"@type\":\"Organization\",\"@id\":\"https:\/\/deputadotaveirajr.com.br\/#organization\",\"name\":\"Taveira Jr\",\"url\":\"https:\/\/deputadotaveirajr.com.br\/\",\"logo\":{\"@type\":\"ImageObject\",\"inLanguage\":\"pt-BR\",\"@id\":\"https:\/\/deputadotaveirajr.com.br\/#\/schema\/logo\/image\/\",\"url\":\"https:\/\/deputadotaveirajr.com.br\/wp-content\/uploads\/2026\/01\/logolow2a.png\",\"contentUrl\":\"https:\/\/deputadotaveirajr.com.br\/wp-content\/uploads\/2026\/01\/logolow2a.png\",\"width\":290,\"height\":80,\"caption\":\"Taveira Jr\"},\"image\":{\"@id\":\"https:\/\/deputadotaveirajr.com.br\/#\/schema\/logo\/image\/\"}}]}<\/script>\n<!-- \/ Yoast SEO plugin. -->","yoast_head_json":{"title":"Prefeitura anuncia mudan\u00e7as na programa\u00e7\u00e3o para os 300 anos do S\u00e3o Jo\u00e3o de Assu em 2026 - Taveira Jr","robots":{"index":"index","follow":"follow","max-snippet":"max-snippet:-1","max-image-preview":"max-image-preview:large","max-video-preview":"max-video-preview:-1"},"canonical":"https:\/\/deputadotaveirajr.com.br\/index.php\/prefeitura-anuncia-mudancas-na-programacao-para-os-300-anos-do-sao-joao-de-assu-em-2026\/","og_locale":"pt_BR","og_type":"article","og_title":"Prefeitura anuncia mudan\u00e7as na programa\u00e7\u00e3o para os 300 anos do S\u00e3o Jo\u00e3o de Assu em 2026 - Taveira Jr","og_description":"Prefeito Lula Soares confirmou que os dias 23 e 24 de junho ser\u00e3o voltados apenas \u00e0 programa\u00e7\u00e3o religiosa; popula\u00e7\u00e3o poder\u00e1 sugerir atra\u00e7\u00f5es para o tricenten\u00e1rio. Abertura do S\u00e3o Jo\u00e3o de ...","og_url":"https:\/\/deputadotaveirajr.com.br\/index.php\/prefeitura-anuncia-mudancas-na-programacao-para-os-300-anos-do-sao-joao-de-assu-em-2026\/","og_site_name":"Taveira Jr","og_image":[{"url":"https:\/\/s2-g1.glbimg.com\/Q-QOJy0wKJYKlUwpSvpm_lp44y0=\/i.s3.glbimg.com\/v1\/AUTH_59edd422c0c84a879bd37670ae4f538a\/internal_photos\/bs\/2025\/N\/A\/yS1KCrRTOnHNDyrMYZ7w\/whatsapp-image-2025-06-15-at-09.17.29-700x466.jpeg","type":"","width":"","height":""}],"twitter_card":"summary_large_image","twitter_misc":{"Est. tempo de leitura":"2 minutos"},"schema":{"@context":"https:\/\/schema.org","@graph":[{"@type":"WebPage","@id":"https:\/\/deputadotaveirajr.com.br\/index.php\/prefeitura-anuncia-mudancas-na-programacao-para-os-300-anos-do-sao-joao-de-assu-em-2026\/","url":"https:\/\/deputadotaveirajr.com.br\/index.php\/prefeitura-anuncia-mudancas-na-programacao-para-os-300-anos-do-sao-joao-de-assu-em-2026\/","name":"Prefeitura anuncia mudan\u00e7as na programa\u00e7\u00e3o para os 300 anos do S\u00e3o Jo\u00e3o de Assu em 2026 - Taveira Jr","isPartOf":{"@id":"https:\/\/deputadotaveirajr.com.br\/#website"},"primaryImageOfPage":{"@id":"https:\/\/deputadotaveirajr.com.br\/index.php\/prefeitura-anuncia-mudancas-na-programacao-para-os-300-anos-do-sao-joao-de-assu-em-2026\/#primaryimage"},"image":{"@id":"https:\/\/deputadotaveirajr.com.br\/index.php\/prefeitura-anuncia-mudancas-na-programacao-para-os-300-anos-do-sao-joao-de-assu-em-2026\/#primaryimage"},"thumbnailUrl":"https:\/\/deputadotaveirajr.com.br\/wp-content\/uploads\/2025\/06\/whatsapp-image-2025-06-15-at-09.17.29-700x466-z53e6s.jpg","datePublished":"2025-06-26T15:02:27+00:00","breadcrumb":{"@id":"https:\/\/deputadotaveirajr.com.br\/index.php\/prefeitura-anuncia-mudancas-na-programacao-para-os-300-anos-do-sao-joao-de-assu-em-2026\/#breadcrumb"},"inLanguage":"pt-BR","potentialAction":[{"@type":"ReadAction","target":["https:\/\/deputadotaveirajr.com.br\/index.php\/prefeitura-anuncia-mudancas-na-programacao-para-os-300-anos-do-sao-joao-de-assu-em-2026\/"]}]},{"@type":"ImageObject","inLanguage":"pt-BR","@id":"https:\/\/deputadotaveirajr.com.br\/index.php\/prefeitura-anuncia-mudancas-na-programacao-para-os-300-anos-do-sao-joao-de-assu-em-2026\/#primaryimage","url":"https:\/\/deputadotaveirajr.com.br\/wp-content\/uploads\/2025\/06\/whatsapp-image-2025-06-15-at-09.17.29-700x466-z53e6s.jpg","contentUrl":"https:\/\/deputadotaveirajr.com.br\/wp-content\/uploads\/2025\/06\/whatsapp-image-2025-06-15-at-09.17.29-700x466-z53e6s.jpg","width":700,"height":466},{"@type":"BreadcrumbList","@id":"https:\/\/deputadotaveirajr.com.br\/index.php\/prefeitura-anuncia-mudancas-na-programacao-para-os-300-anos-do-sao-joao-de-assu-em-2026\/#breadcrumb","itemListElement":[{"@type":"ListItem","position":1,"name":"In\u00edcio","item":"https:\/\/deputadotaveirajr.com.br\/"},{"@type":"ListItem","position":2,"name":"Prefeitura anuncia mudan\u00e7as na programa\u00e7\u00e3o para os 300 anos do S\u00e3o Jo\u00e3o de Assu em 2026"}]},{"@type":"WebSite","@id":"https:\/\/deputadotaveirajr.com.br\/#website","url":"https:\/\/deputadotaveirajr.com.br\/","name":"Taveira Jr","description":"Deputado Estadual","publisher":{"@id":"https:\/\/deputadotaveirajr.com.br\/#organization"},"potentialAction":[{"@type":"SearchAction","target":{"@type":"EntryPoint","urlTemplate":"https:\/\/deputadotaveirajr.com.br\/?s={search_term_string}"},"query-input":{"@type":"PropertyValueSpecification","valueRequired":true,"valueName":"search_term_string"}}],"inLanguage":"pt-BR"},{"@type":"Organization","@id":"https:\/\/deputadotaveirajr.com.br\/#organization","name":"Taveira Jr","url":"https:\/\/deputadotaveirajr.com.br\/","logo":{"@type":"ImageObject","inLanguage":"pt-BR","@id":"https:\/\/deputadotaveirajr.com.br\/#\/schema\/logo\/image\/","url":"https:\/\/deputadotaveirajr.com.br\/wp-content\/uploads\/2026\/01\/logolow2a.png","contentUrl":"https:\/\/deputadotaveirajr.com.br\/wp-content\/uploads\/2026\/01\/logolow2a.png","width":290,"height":80,"caption":"Taveira Jr"},"image":{"@id":"https:\/\/deputadotaveirajr.com.br\/#\/schema\/logo\/image\/"}}]}},"_links":{"self":[{"href":"https:\/\/deputadotaveirajr.com.br\/index.php\/wp-json\/wp\/v2\/pages\/13482","targetHints":{"allow":["GET"]}}],"collection":[{"href":"https:\/\/deputadotaveirajr.com.br\/index.php\/wp-json\/wp\/v2\/pages"}],"about":[{"href":"https:\/\/deputadotaveirajr.com.br\/index.php\/wp-json\/wp\/v2\/types\/page"}],"replies":[{"embeddable":true,"href":"https:\/\/deputadotaveirajr.com.br\/index.php\/wp-json\/wp\/v2\/comments?post=13482"}],"version-history":[{"count":0,"href":"https:\/\/deputadotaveirajr.com.br\/index.php\/wp-json\/wp\/v2\/pages\/13482\/revisions"}],"wp:featuredmedia":[{"embeddable":true,"href":"https:\/\/deputadotaveirajr.com.br\/index.php\/wp-json\/wp\/v2\/media\/13483"}],"wp:attachment":[{"href":"https:\/\/deputadotaveirajr.com.br\/index.php\/wp-json\/wp\/v2\/media?parent=13482"}],"curies":[{"name":"wp","href":"https:\/\/api.w.org\/{rel}","templated":true}]}}