{"id":13484,"date":"2025-06-26T11:40:07","date_gmt":"2025-06-26T14:40:07","guid":{"rendered":"https:\/\/deputadotaveirajr.com.br\/index.php\/filho-de-vereadora-no-rn-e-encontrado-morto-no-rio-potengi\/"},"modified":"2025-06-26T11:40:07","modified_gmt":"2025-06-26T14:40:07","slug":"filho-de-vereadora-no-rn-e-encontrado-morto-no-rio-potengi","status":"publish","type":"page","link":"https:\/\/deputadotaveirajr.com.br\/index.php\/filho-de-vereadora-no-rn-e-encontrado-morto-no-rio-potengi\/","title":{"rendered":"Filho de vereadora no RN \u00e9 encontrado morto no Rio Potengi"},"content":{"rendered":"<p><img decoding=\"async\" src=\"https:\/\/s2-g1.glbimg.com\/aPPfdUPtjxTL8mX6JV0UntLZw0M=\/i.s3.glbimg.com\/v1\/AUTH_59edd422c0c84a879bd37670ae4f538a\/internal_photos\/bs\/2025\/u\/f\/Sdk9NTSCSBHplZJ9EqRQ\/rigner.jpg\" \/><br \/>     Rigner Luiz Freitas de Fran\u00e7a, de 28 anos, foi encontrado morto \u00e0s margens do Rio Potengi em S\u00e3o Gon\u00e7alo do Amarante com sinais de afogamento.  Corpo de motorista por aplicativo \u00e9 encontrado em S\u00e3o Gon\u00e7alo do Amarante<br \/>\nO filho de uma vereadora da cidade de Cear\u00e1-Mirim, na Grande Natal, foi encontrado morto \u00e0s margens do Rio Potengi em S\u00e3o Gon\u00e7alo do Amarante, na tarde desta quarta-feira (25). A causa da morte n\u00e3o foi esclarecida pela pol\u00edcia at\u00e9 a \u00faltima atualiza\u00e7\u00e3o desta reportagem.<br \/>\nO homem foi identificado como Rigner Luiz Freitas de Fran\u00e7a, de 28 anos, que trabalhava como motorista por aplicativo. Ele era filho da vereadora Carina Freitas (PSD) e, segundo a pol\u00edcia, estava desaparecido desde o dia anterior.<br \/>\n\ud83d\udcf3Participe do canal do g1 RN no WhatsApp<br \/>\nSegundo a Delegacia de Homic\u00eddios e Prote\u00e7\u00e3o \u00e0 Pessoa (DHPP) de S\u00e3o Gon\u00e7alo do Amarante, a equipe foi acionada por volta das 13h para uma suposta ocorr\u00eancia de homic\u00eddio pr\u00f3ximo ao bairro Santo Ant\u00f4nio do Potengi.<br \/>\nOs policiais militares que estavam no local informaram que receberam informa\u00e7\u00f5es acerca de um poss\u00edvel tiroteio na regi\u00e3o, por\u00e9m os investigadores consideraram n\u00e3o havia nenhum vest\u00edgio que pudesse confirmar a narrativa.<br \/>\nRigner Luiz foi encontrado morto no Rio Potengi, na Grande Natal<br \/>\nInter TV Cabugi\/Reprodu\u00e7\u00e3o<br \/>\nUm carro modelo Prisma foi encontrado abandonado em um barranco, com os airbags abertos e marcas de batida em sua parte dianteira.<br \/>\nCom a placa do ve\u00edculo, os policiais identificaram que um boletim de ocorr\u00eancia que registrava o desaparecimento de Rigner Luiz. O documento apontava que que havia sa\u00eddo dirigindo o carro no dia anterior e, desde ent\u00e3o, n\u00e3o tinha sido mais encontrado pela fam\u00edlia.<br \/>\nO pai de Rigner disse \u00e0 pol\u00edcia que seu filho tinha sa\u00eddo de casa para fazer um reparo no sistema de G\u00e1s Natural Veicular (GNV) do carro por volta das 16h e n\u00e3o voltou.<br \/>\nAinda segundo a pol\u00edcia, o corpo de Rigner foi encontrado dentro do rio, enroscado nos galhos que estavam na margem. Foi necess\u00e1rio o apoio do Corpo de Bombeiros para retirar o cad\u00e1ver da \u00e1gua.<br \/>\nEm seguida, o Instituto T\u00e9cnico-Cient\u00edfico de Per\u00edcia (Itep) realizou exames periciais no ve\u00edculo e no corpo, apreendeu dois celulares e arrecadou digitais encontradas no carro.<br \/>\nDe acordo com a Pol\u00edcia Civil, a perita que foi ao local informou que o cad\u00e1ver possu\u00eda sinais de afogamento e n\u00e3o apresentava, a princ\u00edpio, nenhuma marca de perfura\u00e7\u00e3o.<br \/>\nCarro do homem foi encontrado pr\u00f3ximo \u00e0 margem do Rio Potengi, em S\u00e3o Gon\u00e7alo do Amarante<br \/>\nInter TV Cabugi\/Reprodu\u00e7\u00e3o<br \/>\nA regi\u00e3o \u00e9 de dif\u00edcil acesso, n\u00e3o possui resid\u00eancias pr\u00f3ximas e a pol\u00edcia n\u00e3o localizou nenhuma testemunha da morte. Tamb\u00e9m n\u00e3o foram encontradas c\u00e2meras de vigil\u00e2ncia nos acessos ao local.<br \/>\nO corpo do homem foi recolhido \u00e0 sede do Itep para passar por exames. O carro foi transportado para um p\u00e1tio da Pol\u00edcia Civil.<br \/>\nO Delegado de Pol\u00edcia solicitou os exames periciais a fim de esclarecer a causa da morte e a ocorr\u00eancia ou n\u00e3o de crime.<br \/>\nAt\u00e9 a manh\u00e3 desta quinta (26) o corpo seguia na sede do Itep sem causa da morte definida.<br \/>\nA Prefeitura e a C\u00e2mara Municipal de Cear\u00e1-Mirim lamentaram a morte de Rigner. O Legislativo tamb\u00e9m suspendeu a sess\u00e3o ordin\u00e1ria que aconteceria nesta quinta-feira (26).<br \/>\nVeja os v\u00eddeos mais assistidos no g1 RN<\/p>","protected":false},"excerpt":{"rendered":"<p>Rigner Luiz Freitas de Fran\u00e7a, de 28 anos, foi encontrado morto \u00e0s margens do Rio Potengi em S\u00e3o Gon\u00e7alo do Amarante com sinais de afogamento. Corpo de motorista por aplicativo &#8230;<\/p>\n","protected":false},"author":0,"featured_media":13485,"parent":0,"menu_order":0,"comment_status":"closed","ping_status":"closed","template":"","meta":{"footnotes":""},"class_list":["post-13484","page","type-page","status-publish","has-post-thumbnail","hentry"],"yoast_head":"<!-- This site is optimized with the Yoast SEO plugin v27.1.1 - https:\/\/yoast.com\/product\/yoast-seo-wordpress\/ -->\n<title>Filho de vereadora no RN \u00e9 encontrado morto no Rio Potengi - Taveira Jr<\/title>\n<meta name=\"robots\" content=\"index, follow, max-snippet:-1, max-image-preview:large, max-video-preview:-1\" \/>\n<link rel=\"canonical\" href=\"https:\/\/deputadotaveirajr.com.br\/index.php\/filho-de-vereadora-no-rn-e-encontrado-morto-no-rio-potengi\/\" \/>\n<meta property=\"og:locale\" content=\"pt_BR\" \/>\n<meta property=\"og:type\" content=\"article\" \/>\n<meta property=\"og:title\" content=\"Filho de vereadora no RN \u00e9 encontrado morto no Rio Potengi - Taveira Jr\" \/>\n<meta property=\"og:description\" content=\"Rigner Luiz Freitas de Fran\u00e7a, de 28 anos, foi encontrado morto \u00e0s margens do Rio Potengi em S\u00e3o Gon\u00e7alo do Amarante com sinais de afogamento. Corpo de motorista por aplicativo ...\" \/>\n<meta property=\"og:url\" content=\"https:\/\/deputadotaveirajr.com.br\/index.php\/filho-de-vereadora-no-rn-e-encontrado-morto-no-rio-potengi\/\" \/>\n<meta property=\"og:site_name\" content=\"Taveira Jr\" \/>\n<meta property=\"og:image\" content=\"https:\/\/s2-g1.glbimg.com\/aPPfdUPtjxTL8mX6JV0UntLZw0M=\/i.s3.glbimg.com\/v1\/AUTH_59edd422c0c84a879bd37670ae4f538a\/internal_photos\/bs\/2025\/u\/f\/Sdk9NTSCSBHplZJ9EqRQ\/rigner.jpg\" \/>\n<meta name=\"twitter:card\" content=\"summary_large_image\" \/>\n<meta name=\"twitter:label1\" content=\"Est. tempo de leitura\" \/>\n\t<meta name=\"twitter:data1\" content=\"3 minutos\" \/>\n<script type=\"application\/ld+json\" class=\"yoast-schema-graph\">{\"@context\":\"https:\/\/schema.org\",\"@graph\":[{\"@type\":\"WebPage\",\"@id\":\"https:\/\/deputadotaveirajr.com.br\/index.php\/filho-de-vereadora-no-rn-e-encontrado-morto-no-rio-potengi\/\",\"url\":\"https:\/\/deputadotaveirajr.com.br\/index.php\/filho-de-vereadora-no-rn-e-encontrado-morto-no-rio-potengi\/\",\"name\":\"Filho de vereadora no RN \u00e9 encontrado morto no Rio Potengi - Taveira Jr\",\"isPartOf\":{\"@id\":\"https:\/\/deputadotaveirajr.com.br\/#website\"},\"primaryImageOfPage\":{\"@id\":\"https:\/\/deputadotaveirajr.com.br\/index.php\/filho-de-vereadora-no-rn-e-encontrado-morto-no-rio-potengi\/#primaryimage\"},\"image\":{\"@id\":\"https:\/\/deputadotaveirajr.com.br\/index.php\/filho-de-vereadora-no-rn-e-encontrado-morto-no-rio-potengi\/#primaryimage\"},\"thumbnailUrl\":\"https:\/\/deputadotaveirajr.com.br\/wp-content\/uploads\/2025\/06\/rigner-8yP8rE.jpg\",\"datePublished\":\"2025-06-26T14:40:07+00:00\",\"breadcrumb\":{\"@id\":\"https:\/\/deputadotaveirajr.com.br\/index.php\/filho-de-vereadora-no-rn-e-encontrado-morto-no-rio-potengi\/#breadcrumb\"},\"inLanguage\":\"pt-BR\",\"potentialAction\":[{\"@type\":\"ReadAction\",\"target\":[\"https:\/\/deputadotaveirajr.com.br\/index.php\/filho-de-vereadora-no-rn-e-encontrado-morto-no-rio-potengi\/\"]}]},{\"@type\":\"ImageObject\",\"inLanguage\":\"pt-BR\",\"@id\":\"https:\/\/deputadotaveirajr.com.br\/index.php\/filho-de-vereadora-no-rn-e-encontrado-morto-no-rio-potengi\/#primaryimage\",\"url\":\"https:\/\/deputadotaveirajr.com.br\/wp-content\/uploads\/2025\/06\/rigner-8yP8rE.jpg\",\"contentUrl\":\"https:\/\/deputadotaveirajr.com.br\/wp-content\/uploads\/2025\/06\/rigner-8yP8rE.jpg\",\"width\":1200,\"height\":871},{\"@type\":\"BreadcrumbList\",\"@id\":\"https:\/\/deputadotaveirajr.com.br\/index.php\/filho-de-vereadora-no-rn-e-encontrado-morto-no-rio-potengi\/#breadcrumb\",\"itemListElement\":[{\"@type\":\"ListItem\",\"position\":1,\"name\":\"In\u00edcio\",\"item\":\"https:\/\/deputadotaveirajr.com.br\/\"},{\"@type\":\"ListItem\",\"position\":2,\"name\":\"Filho de vereadora no RN \u00e9 encontrado morto no Rio Potengi\"}]},{\"@type\":\"WebSite\",\"@id\":\"https:\/\/deputadotaveirajr.com.br\/#website\",\"url\":\"https:\/\/deputadotaveirajr.com.br\/\",\"name\":\"Taveira Jr\",\"description\":\"Deputado Estadual\",\"publisher\":{\"@id\":\"https:\/\/deputadotaveirajr.com.br\/#organization\"},\"potentialAction\":[{\"@type\":\"SearchAction\",\"target\":{\"@type\":\"EntryPoint\",\"urlTemplate\":\"https:\/\/deputadotaveirajr.com.br\/?s={search_term_string}\"},\"query-input\":{\"@type\":\"PropertyValueSpecification\",\"valueRequired\":true,\"valueName\":\"search_term_string\"}}],\"inLanguage\":\"pt-BR\"},{\"@type\":\"Organization\",\"@id\":\"https:\/\/deputadotaveirajr.com.br\/#organization\",\"name\":\"Taveira Jr\",\"url\":\"https:\/\/deputadotaveirajr.com.br\/\",\"logo\":{\"@type\":\"ImageObject\",\"inLanguage\":\"pt-BR\",\"@id\":\"https:\/\/deputadotaveirajr.com.br\/#\/schema\/logo\/image\/\",\"url\":\"https:\/\/deputadotaveirajr.com.br\/wp-content\/uploads\/2026\/01\/logolow2a.png\",\"contentUrl\":\"https:\/\/deputadotaveirajr.com.br\/wp-content\/uploads\/2026\/01\/logolow2a.png\",\"width\":290,\"height\":80,\"caption\":\"Taveira Jr\"},\"image\":{\"@id\":\"https:\/\/deputadotaveirajr.com.br\/#\/schema\/logo\/image\/\"}}]}<\/script>\n<!-- \/ Yoast SEO plugin. -->","yoast_head_json":{"title":"Filho de vereadora no RN \u00e9 encontrado morto no Rio Potengi - Taveira Jr","robots":{"index":"index","follow":"follow","max-snippet":"max-snippet:-1","max-image-preview":"max-image-preview:large","max-video-preview":"max-video-preview:-1"},"canonical":"https:\/\/deputadotaveirajr.com.br\/index.php\/filho-de-vereadora-no-rn-e-encontrado-morto-no-rio-potengi\/","og_locale":"pt_BR","og_type":"article","og_title":"Filho de vereadora no RN \u00e9 encontrado morto no Rio Potengi - Taveira Jr","og_description":"Rigner Luiz Freitas de Fran\u00e7a, de 28 anos, foi encontrado morto \u00e0s margens do Rio Potengi em S\u00e3o Gon\u00e7alo do Amarante com sinais de afogamento. Corpo de motorista por aplicativo ...","og_url":"https:\/\/deputadotaveirajr.com.br\/index.php\/filho-de-vereadora-no-rn-e-encontrado-morto-no-rio-potengi\/","og_site_name":"Taveira Jr","og_image":[{"url":"https:\/\/s2-g1.glbimg.com\/aPPfdUPtjxTL8mX6JV0UntLZw0M=\/i.s3.glbimg.com\/v1\/AUTH_59edd422c0c84a879bd37670ae4f538a\/internal_photos\/bs\/2025\/u\/f\/Sdk9NTSCSBHplZJ9EqRQ\/rigner.jpg","type":"","width":"","height":""}],"twitter_card":"summary_large_image","twitter_misc":{"Est. tempo de leitura":"3 minutos"},"schema":{"@context":"https:\/\/schema.org","@graph":[{"@type":"WebPage","@id":"https:\/\/deputadotaveirajr.com.br\/index.php\/filho-de-vereadora-no-rn-e-encontrado-morto-no-rio-potengi\/","url":"https:\/\/deputadotaveirajr.com.br\/index.php\/filho-de-vereadora-no-rn-e-encontrado-morto-no-rio-potengi\/","name":"Filho de vereadora no RN \u00e9 encontrado morto no Rio Potengi - Taveira Jr","isPartOf":{"@id":"https:\/\/deputadotaveirajr.com.br\/#website"},"primaryImageOfPage":{"@id":"https:\/\/deputadotaveirajr.com.br\/index.php\/filho-de-vereadora-no-rn-e-encontrado-morto-no-rio-potengi\/#primaryimage"},"image":{"@id":"https:\/\/deputadotaveirajr.com.br\/index.php\/filho-de-vereadora-no-rn-e-encontrado-morto-no-rio-potengi\/#primaryimage"},"thumbnailUrl":"https:\/\/deputadotaveirajr.com.br\/wp-content\/uploads\/2025\/06\/rigner-8yP8rE.jpg","datePublished":"2025-06-26T14:40:07+00:00","breadcrumb":{"@id":"https:\/\/deputadotaveirajr.com.br\/index.php\/filho-de-vereadora-no-rn-e-encontrado-morto-no-rio-potengi\/#breadcrumb"},"inLanguage":"pt-BR","potentialAction":[{"@type":"ReadAction","target":["https:\/\/deputadotaveirajr.com.br\/index.php\/filho-de-vereadora-no-rn-e-encontrado-morto-no-rio-potengi\/"]}]},{"@type":"ImageObject","inLanguage":"pt-BR","@id":"https:\/\/deputadotaveirajr.com.br\/index.php\/filho-de-vereadora-no-rn-e-encontrado-morto-no-rio-potengi\/#primaryimage","url":"https:\/\/deputadotaveirajr.com.br\/wp-content\/uploads\/2025\/06\/rigner-8yP8rE.jpg","contentUrl":"https:\/\/deputadotaveirajr.com.br\/wp-content\/uploads\/2025\/06\/rigner-8yP8rE.jpg","width":1200,"height":871},{"@type":"BreadcrumbList","@id":"https:\/\/deputadotaveirajr.com.br\/index.php\/filho-de-vereadora-no-rn-e-encontrado-morto-no-rio-potengi\/#breadcrumb","itemListElement":[{"@type":"ListItem","position":1,"name":"In\u00edcio","item":"https:\/\/deputadotaveirajr.com.br\/"},{"@type":"ListItem","position":2,"name":"Filho de vereadora no RN \u00e9 encontrado morto no Rio Potengi"}]},{"@type":"WebSite","@id":"https:\/\/deputadotaveirajr.com.br\/#website","url":"https:\/\/deputadotaveirajr.com.br\/","name":"Taveira Jr","description":"Deputado Estadual","publisher":{"@id":"https:\/\/deputadotaveirajr.com.br\/#organization"},"potentialAction":[{"@type":"SearchAction","target":{"@type":"EntryPoint","urlTemplate":"https:\/\/deputadotaveirajr.com.br\/?s={search_term_string}"},"query-input":{"@type":"PropertyValueSpecification","valueRequired":true,"valueName":"search_term_string"}}],"inLanguage":"pt-BR"},{"@type":"Organization","@id":"https:\/\/deputadotaveirajr.com.br\/#organization","name":"Taveira Jr","url":"https:\/\/deputadotaveirajr.com.br\/","logo":{"@type":"ImageObject","inLanguage":"pt-BR","@id":"https:\/\/deputadotaveirajr.com.br\/#\/schema\/logo\/image\/","url":"https:\/\/deputadotaveirajr.com.br\/wp-content\/uploads\/2026\/01\/logolow2a.png","contentUrl":"https:\/\/deputadotaveirajr.com.br\/wp-content\/uploads\/2026\/01\/logolow2a.png","width":290,"height":80,"caption":"Taveira Jr"},"image":{"@id":"https:\/\/deputadotaveirajr.com.br\/#\/schema\/logo\/image\/"}}]}},"_links":{"self":[{"href":"https:\/\/deputadotaveirajr.com.br\/index.php\/wp-json\/wp\/v2\/pages\/13484","targetHints":{"allow":["GET"]}}],"collection":[{"href":"https:\/\/deputadotaveirajr.com.br\/index.php\/wp-json\/wp\/v2\/pages"}],"about":[{"href":"https:\/\/deputadotaveirajr.com.br\/index.php\/wp-json\/wp\/v2\/types\/page"}],"replies":[{"embeddable":true,"href":"https:\/\/deputadotaveirajr.com.br\/index.php\/wp-json\/wp\/v2\/comments?post=13484"}],"version-history":[{"count":0,"href":"https:\/\/deputadotaveirajr.com.br\/index.php\/wp-json\/wp\/v2\/pages\/13484\/revisions"}],"wp:featuredmedia":[{"embeddable":true,"href":"https:\/\/deputadotaveirajr.com.br\/index.php\/wp-json\/wp\/v2\/media\/13485"}],"wp:attachment":[{"href":"https:\/\/deputadotaveirajr.com.br\/index.php\/wp-json\/wp\/v2\/media?parent=13484"}],"curies":[{"name":"wp","href":"https:\/\/api.w.org\/{rel}","templated":true}]}}