{"id":13503,"date":"2025-06-28T13:47:29","date_gmt":"2025-06-28T16:47:29","guid":{"rendered":"https:\/\/deputadotaveirajr.com.br\/index.php\/exposicao-suico-brasileira-sobre-a-amazonia-segue-ate-30-de-junho-no-aeroporto-de-natal\/"},"modified":"2025-06-28T13:47:29","modified_gmt":"2025-06-28T16:47:29","slug":"exposicao-suico-brasileira-sobre-a-amazonia-segue-ate-30-de-junho-no-aeroporto-de-natal","status":"publish","type":"page","link":"https:\/\/deputadotaveirajr.com.br\/index.php\/exposicao-suico-brasileira-sobre-a-amazonia-segue-ate-30-de-junho-no-aeroporto-de-natal\/","title":{"rendered":"Exposi\u00e7\u00e3o su\u00ed\u00e7o-brasileira sobre a Amaz\u00f4nia segue at\u00e9 30 de junho no Aeroporto de Natal"},"content":{"rendered":"<p><img decoding=\"async\" src=\"https:\/\/s2-g1.glbimg.com\/A2W3ZTPUHQEf-d-4sW_PWpiiCx4=\/i.s3.glbimg.com\/v1\/AUTH_59edd422c0c84a879bd37670ae4f538a\/internal_photos\/bs\/2025\/G\/B\/yPSMEMQWWfEpqvd7JnWw\/mostra.jpg\" \/><br \/>     A\u00e7\u00e3o aborda a biodiversidade amaz\u00f4nica e tem entrada gratuita. Mostra aborda trabalho do naturalista su\u00ed\u00e7o Em\u00edlio Goeldi e do artista Oswaldo Goeldi, filho do cientista. Exposi\u00e7\u00e3o segue aberta no Aeroporto de Natal at\u00e9 30 de junho.<br \/>\nDivulga\u00e7\u00e3o<br \/>\nA exposi\u00e7\u00e3o \u201cO Legado Su\u00ed\u00e7o-Brasileiro na Amaz\u00f4nia: Arte, Ci\u00eancia e Sustentabilidade\u201d, promovida pela Embaixada da Su\u00ed\u00e7a no Brasil e pelo Consulado-geral da Su\u00ed\u00e7a no Rio de Janeiro, est\u00e1 aberta para a visita\u00e7\u00e3o do p\u00fablico, no Aeroporto de Natal, at\u00e9 o dia 30 de junho.<br \/>\nA mostra destaca as contribui\u00e7\u00f5es hist\u00f3ricas da Su\u00ed\u00e7a \u00e0 preserva\u00e7\u00e3o da biodiversidade amaz\u00f4nica, em especial por meio do trabalho do naturalista su\u00ed\u00e7o Em\u00edlio Goeldi e do artista Oswaldo Goeldi, filho do cientista.<br \/>\n\ud83d\udcf3Participe do canal do g1 RN no WhatsApp<br \/>\nA mostra integra o programa Road to Belem, uma s\u00e9rie de a\u00e7\u00f5es organizadas pelas representa\u00e7\u00f5es su\u00ed\u00e7as no Brasil com foco na COP 30, a confer\u00eancia mundial sobre mudan\u00e7as clim\u00e1ticas, que ser\u00e1 realizada em novembro de 2025, em Bel\u00e9m, capital do Par\u00e1.<br \/>\nO acervo j\u00e1 foi exibido em Bras\u00edlia, Porto Alegre, S\u00e3o Paulo, Florian\u00f3polis, Rio de Janeiro, Nova Friburgo e Natal, ressaltando a agenda de sustentabilidade e meio ambiente da Su\u00ed\u00e7a no Brasil. A visita\u00e7\u00e3o \u00e0 exposi\u00e7\u00e3o \u00e9 gratuita e aberta ao p\u00fablico diariamente, das 9h \u00e0s 21h.<br \/>\nExposi\u00e7\u00e3o no Aeroporto de Natal<br \/>\nDivulga\u00e7\u00e3o<br \/>\nA exposi\u00e7\u00e3o no Aeroporto de Natal contempla todos os p\u00fablicos e j\u00e1 recebeu 3.500 visitantes. \u201cTivemos agendamento de escolas p\u00fablicas e privadas tamb\u00e9m\u201d, informou Lani Goeldi, curadora interinstitucional da exposi\u00e7\u00e3o e bisneta de Em\u00edlio Goeldi.<br \/>\nO chefe de miss\u00e3o-adjunto da Embaixada da Su\u00ed\u00e7a, ministro Pierre-Yves Morier, destacou que a exposi\u00e7\u00e3o apresenta as distintas conex\u00f5es que existem entre a Su\u00ed\u00e7a e o Brasil, atrav\u00e9s da arte, da ci\u00eancia e da sustentabilidade.<br \/>\n\u201cArte porque podem conhecer obras de grandes grafistas; ci\u00eancia, porque Em\u00edlio Goeldi foi um naturalista su\u00ed\u00e7o de grande import\u00e2ncia mundial; e, finalmente, a sustentabilidade porque apresentamos o que a Su\u00ed\u00e7a tem feito atrav\u00e9s de contribui\u00e7\u00f5es em v\u00e1rios projetos regionais para preserva\u00e7\u00e3o do meio ambiente, como o Fundo Amaz\u00f4nia\u201d, afirmou.<br \/>\nA exposi\u00e7\u00e3o apresenta ilustra\u00e7\u00f5es de 337 esp\u00e9cies de aves amaz\u00f4nicas pertencentes ao acervo do Museu de Hist\u00f3ria Natural de Berna, na Su\u00ed\u00e7a, e incorpora tecnologia de realidade aumentada, oferecendo aos visitantes uma experi\u00eancia imersiva e educativa.<br \/>\nNova Friburgo recebe exposi\u00e7\u00e3o sobre o legado su\u00ed\u00e7o-brasileiro na Amaz\u00f4nia<br \/>\nO acervo art\u00edstico \u00e9 complementado por 22 xilogravuras coloridas de flores brasileiras assinadas por Oswaldo Goeldi, refor\u00e7ando o di\u00e1logo entre arte e ci\u00eancia.<br \/>\n\u201cEssa exposi\u00e7\u00e3o n\u00e3o fala apenas de Em\u00edlio Goeldi, meu bisav\u00f4, nem somente das 337 aves retratadas por Ernst Lohse ou das flores gravadas por Oswaldo Goeldi. Ela fala de pertencimento, de ra\u00edzes, de um Brasil que pulsa na biodiversidade e que encontra, na arte e no afeto, caminhos para se reconectar com sua pr\u00f3pria hist\u00f3ria\u201d, assinalou a curadora.<br \/>\nDepois de Natal, a exposi\u00e7\u00e3o segue para Manaus, no Amazonas.<br \/>\nServi\u00e7o<br \/>\nExposi\u00e7\u00e3o: O Legado Su\u00ed\u00e7o-Brasileiro na Amaz\u00f4nia: Arte, Ci\u00eancia e Sustentabilidade.<br \/>\nLocal: Aeroporto de Natal \u2013 S\u00e3o Gon\u00e7alo do Amarante (RN).<br \/>\nData: at\u00e9 30 de junho de 2025.<br \/>\nHor\u00e1rio: 9h \u00e0s 21h | Entrada gratuita.<br \/>\nVeja os v\u00eddeos mais assistidos no g1 RN<\/p>","protected":false},"excerpt":{"rendered":"<p>A\u00e7\u00e3o aborda a biodiversidade amaz\u00f4nica e tem entrada gratuita. Mostra aborda trabalho do naturalista su\u00ed\u00e7o Em\u00edlio Goeldi e do artista Oswaldo Goeldi, filho do cientista. Exposi\u00e7\u00e3o segue aberta no Aeroporto &#8230;<\/p>\n","protected":false},"author":0,"featured_media":13504,"parent":0,"menu_order":0,"comment_status":"closed","ping_status":"closed","template":"","meta":{"footnotes":""},"class_list":["post-13503","page","type-page","status-publish","has-post-thumbnail","hentry"],"yoast_head":"<!-- This site is optimized with the Yoast SEO plugin v27.1.1 - https:\/\/yoast.com\/product\/yoast-seo-wordpress\/ -->\n<title>Exposi\u00e7\u00e3o su\u00ed\u00e7o-brasileira sobre a Amaz\u00f4nia segue at\u00e9 30 de junho no Aeroporto de Natal - Taveira Jr<\/title>\n<meta name=\"robots\" content=\"index, follow, max-snippet:-1, max-image-preview:large, max-video-preview:-1\" \/>\n<link rel=\"canonical\" href=\"https:\/\/deputadotaveirajr.com.br\/index.php\/exposicao-suico-brasileira-sobre-a-amazonia-segue-ate-30-de-junho-no-aeroporto-de-natal\/\" \/>\n<meta property=\"og:locale\" content=\"pt_BR\" \/>\n<meta property=\"og:type\" content=\"article\" \/>\n<meta property=\"og:title\" content=\"Exposi\u00e7\u00e3o su\u00ed\u00e7o-brasileira sobre a Amaz\u00f4nia segue at\u00e9 30 de junho no Aeroporto de Natal - Taveira Jr\" \/>\n<meta property=\"og:description\" content=\"A\u00e7\u00e3o aborda a biodiversidade amaz\u00f4nica e tem entrada gratuita. Mostra aborda trabalho do naturalista su\u00ed\u00e7o Em\u00edlio Goeldi e do artista Oswaldo Goeldi, filho do cientista. Exposi\u00e7\u00e3o segue aberta no Aeroporto ...\" \/>\n<meta property=\"og:url\" content=\"https:\/\/deputadotaveirajr.com.br\/index.php\/exposicao-suico-brasileira-sobre-a-amazonia-segue-ate-30-de-junho-no-aeroporto-de-natal\/\" \/>\n<meta property=\"og:site_name\" content=\"Taveira Jr\" \/>\n<meta property=\"og:image\" content=\"https:\/\/s2-g1.glbimg.com\/A2W3ZTPUHQEf-d-4sW_PWpiiCx4=\/i.s3.glbimg.com\/v1\/AUTH_59edd422c0c84a879bd37670ae4f538a\/internal_photos\/bs\/2025\/G\/B\/yPSMEMQWWfEpqvd7JnWw\/mostra.jpg\" \/>\n<meta name=\"twitter:card\" content=\"summary_large_image\" \/>\n<meta name=\"twitter:label1\" content=\"Est. tempo de leitura\" \/>\n\t<meta name=\"twitter:data1\" content=\"3 minutos\" \/>\n<script type=\"application\/ld+json\" class=\"yoast-schema-graph\">{\"@context\":\"https:\/\/schema.org\",\"@graph\":[{\"@type\":\"WebPage\",\"@id\":\"https:\/\/deputadotaveirajr.com.br\/index.php\/exposicao-suico-brasileira-sobre-a-amazonia-segue-ate-30-de-junho-no-aeroporto-de-natal\/\",\"url\":\"https:\/\/deputadotaveirajr.com.br\/index.php\/exposicao-suico-brasileira-sobre-a-amazonia-segue-ate-30-de-junho-no-aeroporto-de-natal\/\",\"name\":\"Exposi\u00e7\u00e3o su\u00ed\u00e7o-brasileira sobre a Amaz\u00f4nia segue at\u00e9 30 de junho no Aeroporto de Natal - Taveira Jr\",\"isPartOf\":{\"@id\":\"https:\/\/deputadotaveirajr.com.br\/#website\"},\"primaryImageOfPage\":{\"@id\":\"https:\/\/deputadotaveirajr.com.br\/index.php\/exposicao-suico-brasileira-sobre-a-amazonia-segue-ate-30-de-junho-no-aeroporto-de-natal\/#primaryimage\"},\"image\":{\"@id\":\"https:\/\/deputadotaveirajr.com.br\/index.php\/exposicao-suico-brasileira-sobre-a-amazonia-segue-ate-30-de-junho-no-aeroporto-de-natal\/#primaryimage\"},\"thumbnailUrl\":\"https:\/\/deputadotaveirajr.com.br\/wp-content\/uploads\/2025\/06\/mostra-L3KUxD.jpg\",\"datePublished\":\"2025-06-28T16:47:29+00:00\",\"breadcrumb\":{\"@id\":\"https:\/\/deputadotaveirajr.com.br\/index.php\/exposicao-suico-brasileira-sobre-a-amazonia-segue-ate-30-de-junho-no-aeroporto-de-natal\/#breadcrumb\"},\"inLanguage\":\"pt-BR\",\"potentialAction\":[{\"@type\":\"ReadAction\",\"target\":[\"https:\/\/deputadotaveirajr.com.br\/index.php\/exposicao-suico-brasileira-sobre-a-amazonia-segue-ate-30-de-junho-no-aeroporto-de-natal\/\"]}]},{\"@type\":\"ImageObject\",\"inLanguage\":\"pt-BR\",\"@id\":\"https:\/\/deputadotaveirajr.com.br\/index.php\/exposicao-suico-brasileira-sobre-a-amazonia-segue-ate-30-de-junho-no-aeroporto-de-natal\/#primaryimage\",\"url\":\"https:\/\/deputadotaveirajr.com.br\/wp-content\/uploads\/2025\/06\/mostra-L3KUxD.jpg\",\"contentUrl\":\"https:\/\/deputadotaveirajr.com.br\/wp-content\/uploads\/2025\/06\/mostra-L3KUxD.jpg\",\"width\":1200,\"height\":900},{\"@type\":\"BreadcrumbList\",\"@id\":\"https:\/\/deputadotaveirajr.com.br\/index.php\/exposicao-suico-brasileira-sobre-a-amazonia-segue-ate-30-de-junho-no-aeroporto-de-natal\/#breadcrumb\",\"itemListElement\":[{\"@type\":\"ListItem\",\"position\":1,\"name\":\"In\u00edcio\",\"item\":\"https:\/\/deputadotaveirajr.com.br\/\"},{\"@type\":\"ListItem\",\"position\":2,\"name\":\"Exposi\u00e7\u00e3o su\u00ed\u00e7o-brasileira sobre a Amaz\u00f4nia segue at\u00e9 30 de junho no Aeroporto de Natal\"}]},{\"@type\":\"WebSite\",\"@id\":\"https:\/\/deputadotaveirajr.com.br\/#website\",\"url\":\"https:\/\/deputadotaveirajr.com.br\/\",\"name\":\"Taveira Jr\",\"description\":\"Deputado Estadual\",\"publisher\":{\"@id\":\"https:\/\/deputadotaveirajr.com.br\/#organization\"},\"potentialAction\":[{\"@type\":\"SearchAction\",\"target\":{\"@type\":\"EntryPoint\",\"urlTemplate\":\"https:\/\/deputadotaveirajr.com.br\/?s={search_term_string}\"},\"query-input\":{\"@type\":\"PropertyValueSpecification\",\"valueRequired\":true,\"valueName\":\"search_term_string\"}}],\"inLanguage\":\"pt-BR\"},{\"@type\":\"Organization\",\"@id\":\"https:\/\/deputadotaveirajr.com.br\/#organization\",\"name\":\"Taveira Jr\",\"url\":\"https:\/\/deputadotaveirajr.com.br\/\",\"logo\":{\"@type\":\"ImageObject\",\"inLanguage\":\"pt-BR\",\"@id\":\"https:\/\/deputadotaveirajr.com.br\/#\/schema\/logo\/image\/\",\"url\":\"https:\/\/deputadotaveirajr.com.br\/wp-content\/uploads\/2026\/01\/logolow2a.png\",\"contentUrl\":\"https:\/\/deputadotaveirajr.com.br\/wp-content\/uploads\/2026\/01\/logolow2a.png\",\"width\":290,\"height\":80,\"caption\":\"Taveira Jr\"},\"image\":{\"@id\":\"https:\/\/deputadotaveirajr.com.br\/#\/schema\/logo\/image\/\"}}]}<\/script>\n<!-- \/ Yoast SEO plugin. -->","yoast_head_json":{"title":"Exposi\u00e7\u00e3o su\u00ed\u00e7o-brasileira sobre a Amaz\u00f4nia segue at\u00e9 30 de junho no Aeroporto de Natal - Taveira Jr","robots":{"index":"index","follow":"follow","max-snippet":"max-snippet:-1","max-image-preview":"max-image-preview:large","max-video-preview":"max-video-preview:-1"},"canonical":"https:\/\/deputadotaveirajr.com.br\/index.php\/exposicao-suico-brasileira-sobre-a-amazonia-segue-ate-30-de-junho-no-aeroporto-de-natal\/","og_locale":"pt_BR","og_type":"article","og_title":"Exposi\u00e7\u00e3o su\u00ed\u00e7o-brasileira sobre a Amaz\u00f4nia segue at\u00e9 30 de junho no Aeroporto de Natal - Taveira Jr","og_description":"A\u00e7\u00e3o aborda a biodiversidade amaz\u00f4nica e tem entrada gratuita. Mostra aborda trabalho do naturalista su\u00ed\u00e7o Em\u00edlio Goeldi e do artista Oswaldo Goeldi, filho do cientista. Exposi\u00e7\u00e3o segue aberta no Aeroporto ...","og_url":"https:\/\/deputadotaveirajr.com.br\/index.php\/exposicao-suico-brasileira-sobre-a-amazonia-segue-ate-30-de-junho-no-aeroporto-de-natal\/","og_site_name":"Taveira Jr","og_image":[{"url":"https:\/\/s2-g1.glbimg.com\/A2W3ZTPUHQEf-d-4sW_PWpiiCx4=\/i.s3.glbimg.com\/v1\/AUTH_59edd422c0c84a879bd37670ae4f538a\/internal_photos\/bs\/2025\/G\/B\/yPSMEMQWWfEpqvd7JnWw\/mostra.jpg","type":"","width":"","height":""}],"twitter_card":"summary_large_image","twitter_misc":{"Est. tempo de leitura":"3 minutos"},"schema":{"@context":"https:\/\/schema.org","@graph":[{"@type":"WebPage","@id":"https:\/\/deputadotaveirajr.com.br\/index.php\/exposicao-suico-brasileira-sobre-a-amazonia-segue-ate-30-de-junho-no-aeroporto-de-natal\/","url":"https:\/\/deputadotaveirajr.com.br\/index.php\/exposicao-suico-brasileira-sobre-a-amazonia-segue-ate-30-de-junho-no-aeroporto-de-natal\/","name":"Exposi\u00e7\u00e3o su\u00ed\u00e7o-brasileira sobre a Amaz\u00f4nia segue at\u00e9 30 de junho no Aeroporto de Natal - Taveira Jr","isPartOf":{"@id":"https:\/\/deputadotaveirajr.com.br\/#website"},"primaryImageOfPage":{"@id":"https:\/\/deputadotaveirajr.com.br\/index.php\/exposicao-suico-brasileira-sobre-a-amazonia-segue-ate-30-de-junho-no-aeroporto-de-natal\/#primaryimage"},"image":{"@id":"https:\/\/deputadotaveirajr.com.br\/index.php\/exposicao-suico-brasileira-sobre-a-amazonia-segue-ate-30-de-junho-no-aeroporto-de-natal\/#primaryimage"},"thumbnailUrl":"https:\/\/deputadotaveirajr.com.br\/wp-content\/uploads\/2025\/06\/mostra-L3KUxD.jpg","datePublished":"2025-06-28T16:47:29+00:00","breadcrumb":{"@id":"https:\/\/deputadotaveirajr.com.br\/index.php\/exposicao-suico-brasileira-sobre-a-amazonia-segue-ate-30-de-junho-no-aeroporto-de-natal\/#breadcrumb"},"inLanguage":"pt-BR","potentialAction":[{"@type":"ReadAction","target":["https:\/\/deputadotaveirajr.com.br\/index.php\/exposicao-suico-brasileira-sobre-a-amazonia-segue-ate-30-de-junho-no-aeroporto-de-natal\/"]}]},{"@type":"ImageObject","inLanguage":"pt-BR","@id":"https:\/\/deputadotaveirajr.com.br\/index.php\/exposicao-suico-brasileira-sobre-a-amazonia-segue-ate-30-de-junho-no-aeroporto-de-natal\/#primaryimage","url":"https:\/\/deputadotaveirajr.com.br\/wp-content\/uploads\/2025\/06\/mostra-L3KUxD.jpg","contentUrl":"https:\/\/deputadotaveirajr.com.br\/wp-content\/uploads\/2025\/06\/mostra-L3KUxD.jpg","width":1200,"height":900},{"@type":"BreadcrumbList","@id":"https:\/\/deputadotaveirajr.com.br\/index.php\/exposicao-suico-brasileira-sobre-a-amazonia-segue-ate-30-de-junho-no-aeroporto-de-natal\/#breadcrumb","itemListElement":[{"@type":"ListItem","position":1,"name":"In\u00edcio","item":"https:\/\/deputadotaveirajr.com.br\/"},{"@type":"ListItem","position":2,"name":"Exposi\u00e7\u00e3o su\u00ed\u00e7o-brasileira sobre a Amaz\u00f4nia segue at\u00e9 30 de junho no Aeroporto de Natal"}]},{"@type":"WebSite","@id":"https:\/\/deputadotaveirajr.com.br\/#website","url":"https:\/\/deputadotaveirajr.com.br\/","name":"Taveira Jr","description":"Deputado Estadual","publisher":{"@id":"https:\/\/deputadotaveirajr.com.br\/#organization"},"potentialAction":[{"@type":"SearchAction","target":{"@type":"EntryPoint","urlTemplate":"https:\/\/deputadotaveirajr.com.br\/?s={search_term_string}"},"query-input":{"@type":"PropertyValueSpecification","valueRequired":true,"valueName":"search_term_string"}}],"inLanguage":"pt-BR"},{"@type":"Organization","@id":"https:\/\/deputadotaveirajr.com.br\/#organization","name":"Taveira Jr","url":"https:\/\/deputadotaveirajr.com.br\/","logo":{"@type":"ImageObject","inLanguage":"pt-BR","@id":"https:\/\/deputadotaveirajr.com.br\/#\/schema\/logo\/image\/","url":"https:\/\/deputadotaveirajr.com.br\/wp-content\/uploads\/2026\/01\/logolow2a.png","contentUrl":"https:\/\/deputadotaveirajr.com.br\/wp-content\/uploads\/2026\/01\/logolow2a.png","width":290,"height":80,"caption":"Taveira Jr"},"image":{"@id":"https:\/\/deputadotaveirajr.com.br\/#\/schema\/logo\/image\/"}}]}},"_links":{"self":[{"href":"https:\/\/deputadotaveirajr.com.br\/index.php\/wp-json\/wp\/v2\/pages\/13503","targetHints":{"allow":["GET"]}}],"collection":[{"href":"https:\/\/deputadotaveirajr.com.br\/index.php\/wp-json\/wp\/v2\/pages"}],"about":[{"href":"https:\/\/deputadotaveirajr.com.br\/index.php\/wp-json\/wp\/v2\/types\/page"}],"replies":[{"embeddable":true,"href":"https:\/\/deputadotaveirajr.com.br\/index.php\/wp-json\/wp\/v2\/comments?post=13503"}],"version-history":[{"count":0,"href":"https:\/\/deputadotaveirajr.com.br\/index.php\/wp-json\/wp\/v2\/pages\/13503\/revisions"}],"wp:featuredmedia":[{"embeddable":true,"href":"https:\/\/deputadotaveirajr.com.br\/index.php\/wp-json\/wp\/v2\/media\/13504"}],"wp:attachment":[{"href":"https:\/\/deputadotaveirajr.com.br\/index.php\/wp-json\/wp\/v2\/media?parent=13503"}],"curies":[{"name":"wp","href":"https:\/\/api.w.org\/{rel}","templated":true}]}}