{"id":13507,"date":"2025-06-28T12:40:44","date_gmt":"2025-06-28T15:40:44","guid":{"rendered":"https:\/\/deputadotaveirajr.com.br\/index.php\/inmet-emite-novo-alerta-de-chuvas-para-o-litoral-do-rn\/"},"modified":"2025-06-28T12:40:44","modified_gmt":"2025-06-28T15:40:44","slug":"inmet-emite-novo-alerta-de-chuvas-para-o-litoral-do-rn","status":"publish","type":"page","link":"https:\/\/deputadotaveirajr.com.br\/index.php\/inmet-emite-novo-alerta-de-chuvas-para-o-litoral-do-rn\/","title":{"rendered":"Inmet emite novo alerta de chuvas para o litoral do RN"},"content":{"rendered":"<p><img decoding=\"async\" src=\"https:\/\/s2-g1.glbimg.com\/0WE5EU_2KOkELKJB0p-dKv3gwa8=\/i.s3.glbimg.com\/v1\/AUTH_59edd422c0c84a879bd37670ae4f538a\/internal_photos\/bs\/2025\/o\/E\/GzNmIWS9Kvnl1wKGVFBQ\/mapa.jpg\" \/><br \/>     Aviso \u00e9 v\u00e1lido das 10h deste s\u00e1bado (28) at\u00e9 as 10h de domingo (29), com previs\u00e3o de acumulado de at\u00e9 50 mil\u00edmetros por dia.  Alerta de chuvas no litoral do RN<br \/>\nInmet\/Reprodu\u00e7\u00e3o<br \/>\nO Instituto Nacional de Meteorologia (Inmet) emitiu um novo alerta de acumulado de chuva para 46 cidades do litoral do Rio Grande do Norte.<br \/>\nO aviso tem grau de severidade classificado como perigo potencial &#8211; na cor amarela &#8211; e \u00e9 v\u00e1lido a partir das 10h deste s\u00e1bado (28) at\u00e9 as 10h de domingo (29).<br \/>\n\ud83d\udcf3Participe do canal do g1 RN no WhatsApp<br \/>\nDe acordo com o Inmet, as chuvas previstas para o per\u00edodo devem variar entre 20 a 30 mil\u00edmetros por hora ou atingir at\u00e9 50 mil\u00edmetros por dia.<br \/>\nEmbora o risco seja considerado baixo, o \u00f3rg\u00e3o alerta para a possibilidade de alagamentos pontuais e pequenos deslizamentos, especialmente em \u00e1reas que j\u00e1 apresentam algum tipo de vulnerabilidade.<br \/>\nO alerta amarelo (perigo potencial) \u00e9 o de menor gravidade, entre os emitidos pelo \u00f3rg\u00e3o de meteorologia, que tamb\u00e9m conta com alertas de n\u00edvel laranja (perigo) e vermelho (grande perigo).<br \/>\nEntre as recomenda\u00e7\u00f5es do instituto est\u00e3o: evitar enfrentar o mau tempo; ficar atento a altera\u00e7\u00f5es nas encostas e n\u00e3o utilizar aparelhos eletr\u00f4nicos conectados \u00e0 tomada durante as chuvas.<br \/>\nVeja as cidades sob alerta amarelo no Rio Grande do Norte<br \/>\nAreia Branca<br \/>\nAr\u00eas<br \/>\nBa\u00eda Formosa<br \/>\nCai\u00e7ara do Norte<br \/>\nCanguaretama<br \/>\nCarnaubais<br \/>\nCear\u00e1-Mirim<br \/>\nEsp\u00edrito Santo<br \/>\nExtremoz<br \/>\nGalinhos<br \/>\nGoianinha<br \/>\nGrossos<br \/>\nGuamar\u00e9<br \/>\nIelmo Marinho<br \/>\nJanda\u00edra<br \/>\nJo\u00e3o C\u00e2mara<br \/>\nMaca\u00edba<br \/>\nMacau<br \/>\nMaxaranguape<br \/>\nMontanhas<br \/>\nMonte Alegre<br \/>\nMossor\u00f3<br \/>\nNatal<br \/>\nN\u00edsia Floresta<br \/>\nParazinho<br \/>\nParnamirim<br \/>\nPedra Grande<br \/>\nPedra Preta<br \/>\nPedro Avelino<br \/>\nPedro Velho<br \/>\nPend\u00eancias<br \/>\nPo\u00e7o Branco<br \/>\nPorto do Mangue<br \/>\nPureza<br \/>\nRio do Fogo<br \/>\nS\u00e3o Bento do Norte<br \/>\nS\u00e3o Gon\u00e7alo do Amarante<br \/>\nS\u00e3o Jos\u00e9 de Mipibu<br \/>\nS\u00e3o Miguel do Gostoso<br \/>\nSenador Georgino Avelino<br \/>\nSerra do Mel<br \/>\nTaipu<br \/>\nTibau do Sul<br \/>\nTouros<br \/>\nVera Cruz<br \/>\nVila Flor<br \/>\nVeja os v\u00eddeos mais assistidos no g1 RN<\/p>","protected":false},"excerpt":{"rendered":"<p>Aviso \u00e9 v\u00e1lido das 10h deste s\u00e1bado (28) at\u00e9 as 10h de domingo (29), com previs\u00e3o de acumulado de at\u00e9 50 mil\u00edmetros por dia. Alerta de chuvas no litoral do &#8230;<\/p>\n","protected":false},"author":0,"featured_media":13508,"parent":0,"menu_order":0,"comment_status":"closed","ping_status":"closed","template":"","meta":{"footnotes":""},"class_list":["post-13507","page","type-page","status-publish","has-post-thumbnail","hentry"],"yoast_head":"<!-- This site is optimized with the Yoast SEO plugin v27.1.1 - https:\/\/yoast.com\/product\/yoast-seo-wordpress\/ -->\n<title>Inmet emite novo alerta de chuvas para o litoral do RN - Taveira Jr<\/title>\n<meta name=\"robots\" content=\"index, follow, max-snippet:-1, max-image-preview:large, max-video-preview:-1\" \/>\n<link rel=\"canonical\" href=\"https:\/\/deputadotaveirajr.com.br\/index.php\/inmet-emite-novo-alerta-de-chuvas-para-o-litoral-do-rn\/\" \/>\n<meta property=\"og:locale\" content=\"pt_BR\" \/>\n<meta property=\"og:type\" content=\"article\" \/>\n<meta property=\"og:title\" content=\"Inmet emite novo alerta de chuvas para o litoral do RN - Taveira Jr\" \/>\n<meta property=\"og:description\" content=\"Aviso \u00e9 v\u00e1lido das 10h deste s\u00e1bado (28) at\u00e9 as 10h de domingo (29), com previs\u00e3o de acumulado de at\u00e9 50 mil\u00edmetros por dia. Alerta de chuvas no litoral do ...\" \/>\n<meta property=\"og:url\" content=\"https:\/\/deputadotaveirajr.com.br\/index.php\/inmet-emite-novo-alerta-de-chuvas-para-o-litoral-do-rn\/\" \/>\n<meta property=\"og:site_name\" content=\"Taveira Jr\" \/>\n<meta property=\"og:image\" content=\"https:\/\/s2-g1.glbimg.com\/0WE5EU_2KOkELKJB0p-dKv3gwa8=\/i.s3.glbimg.com\/v1\/AUTH_59edd422c0c84a879bd37670ae4f538a\/internal_photos\/bs\/2025\/o\/E\/GzNmIWS9Kvnl1wKGVFBQ\/mapa.jpg\" \/>\n<meta name=\"twitter:card\" content=\"summary_large_image\" \/>\n<meta name=\"twitter:label1\" content=\"Est. tempo de leitura\" \/>\n\t<meta name=\"twitter:data1\" content=\"2 minutos\" \/>\n<script type=\"application\/ld+json\" class=\"yoast-schema-graph\">{\"@context\":\"https:\/\/schema.org\",\"@graph\":[{\"@type\":\"WebPage\",\"@id\":\"https:\/\/deputadotaveirajr.com.br\/index.php\/inmet-emite-novo-alerta-de-chuvas-para-o-litoral-do-rn\/\",\"url\":\"https:\/\/deputadotaveirajr.com.br\/index.php\/inmet-emite-novo-alerta-de-chuvas-para-o-litoral-do-rn\/\",\"name\":\"Inmet emite novo alerta de chuvas para o litoral do RN - Taveira Jr\",\"isPartOf\":{\"@id\":\"https:\/\/deputadotaveirajr.com.br\/#website\"},\"primaryImageOfPage\":{\"@id\":\"https:\/\/deputadotaveirajr.com.br\/index.php\/inmet-emite-novo-alerta-de-chuvas-para-o-litoral-do-rn\/#primaryimage\"},\"image\":{\"@id\":\"https:\/\/deputadotaveirajr.com.br\/index.php\/inmet-emite-novo-alerta-de-chuvas-para-o-litoral-do-rn\/#primaryimage\"},\"thumbnailUrl\":\"https:\/\/deputadotaveirajr.com.br\/wp-content\/uploads\/2025\/06\/mapa-g0A2AS.jpg\",\"datePublished\":\"2025-06-28T15:40:44+00:00\",\"breadcrumb\":{\"@id\":\"https:\/\/deputadotaveirajr.com.br\/index.php\/inmet-emite-novo-alerta-de-chuvas-para-o-litoral-do-rn\/#breadcrumb\"},\"inLanguage\":\"pt-BR\",\"potentialAction\":[{\"@type\":\"ReadAction\",\"target\":[\"https:\/\/deputadotaveirajr.com.br\/index.php\/inmet-emite-novo-alerta-de-chuvas-para-o-litoral-do-rn\/\"]}]},{\"@type\":\"ImageObject\",\"inLanguage\":\"pt-BR\",\"@id\":\"https:\/\/deputadotaveirajr.com.br\/index.php\/inmet-emite-novo-alerta-de-chuvas-para-o-litoral-do-rn\/#primaryimage\",\"url\":\"https:\/\/deputadotaveirajr.com.br\/wp-content\/uploads\/2025\/06\/mapa-g0A2AS.jpg\",\"contentUrl\":\"https:\/\/deputadotaveirajr.com.br\/wp-content\/uploads\/2025\/06\/mapa-g0A2AS.jpg\",\"width\":1200,\"height\":785},{\"@type\":\"BreadcrumbList\",\"@id\":\"https:\/\/deputadotaveirajr.com.br\/index.php\/inmet-emite-novo-alerta-de-chuvas-para-o-litoral-do-rn\/#breadcrumb\",\"itemListElement\":[{\"@type\":\"ListItem\",\"position\":1,\"name\":\"In\u00edcio\",\"item\":\"https:\/\/deputadotaveirajr.com.br\/\"},{\"@type\":\"ListItem\",\"position\":2,\"name\":\"Inmet emite novo alerta de chuvas para o litoral do RN\"}]},{\"@type\":\"WebSite\",\"@id\":\"https:\/\/deputadotaveirajr.com.br\/#website\",\"url\":\"https:\/\/deputadotaveirajr.com.br\/\",\"name\":\"Taveira Jr\",\"description\":\"Deputado Estadual\",\"publisher\":{\"@id\":\"https:\/\/deputadotaveirajr.com.br\/#organization\"},\"potentialAction\":[{\"@type\":\"SearchAction\",\"target\":{\"@type\":\"EntryPoint\",\"urlTemplate\":\"https:\/\/deputadotaveirajr.com.br\/?s={search_term_string}\"},\"query-input\":{\"@type\":\"PropertyValueSpecification\",\"valueRequired\":true,\"valueName\":\"search_term_string\"}}],\"inLanguage\":\"pt-BR\"},{\"@type\":\"Organization\",\"@id\":\"https:\/\/deputadotaveirajr.com.br\/#organization\",\"name\":\"Taveira Jr\",\"url\":\"https:\/\/deputadotaveirajr.com.br\/\",\"logo\":{\"@type\":\"ImageObject\",\"inLanguage\":\"pt-BR\",\"@id\":\"https:\/\/deputadotaveirajr.com.br\/#\/schema\/logo\/image\/\",\"url\":\"https:\/\/deputadotaveirajr.com.br\/wp-content\/uploads\/2026\/01\/logolow2a.png\",\"contentUrl\":\"https:\/\/deputadotaveirajr.com.br\/wp-content\/uploads\/2026\/01\/logolow2a.png\",\"width\":290,\"height\":80,\"caption\":\"Taveira Jr\"},\"image\":{\"@id\":\"https:\/\/deputadotaveirajr.com.br\/#\/schema\/logo\/image\/\"}}]}<\/script>\n<!-- \/ Yoast SEO plugin. -->","yoast_head_json":{"title":"Inmet emite novo alerta de chuvas para o litoral do RN - Taveira Jr","robots":{"index":"index","follow":"follow","max-snippet":"max-snippet:-1","max-image-preview":"max-image-preview:large","max-video-preview":"max-video-preview:-1"},"canonical":"https:\/\/deputadotaveirajr.com.br\/index.php\/inmet-emite-novo-alerta-de-chuvas-para-o-litoral-do-rn\/","og_locale":"pt_BR","og_type":"article","og_title":"Inmet emite novo alerta de chuvas para o litoral do RN - Taveira Jr","og_description":"Aviso \u00e9 v\u00e1lido das 10h deste s\u00e1bado (28) at\u00e9 as 10h de domingo (29), com previs\u00e3o de acumulado de at\u00e9 50 mil\u00edmetros por dia. Alerta de chuvas no litoral do ...","og_url":"https:\/\/deputadotaveirajr.com.br\/index.php\/inmet-emite-novo-alerta-de-chuvas-para-o-litoral-do-rn\/","og_site_name":"Taveira Jr","og_image":[{"url":"https:\/\/s2-g1.glbimg.com\/0WE5EU_2KOkELKJB0p-dKv3gwa8=\/i.s3.glbimg.com\/v1\/AUTH_59edd422c0c84a879bd37670ae4f538a\/internal_photos\/bs\/2025\/o\/E\/GzNmIWS9Kvnl1wKGVFBQ\/mapa.jpg","type":"","width":"","height":""}],"twitter_card":"summary_large_image","twitter_misc":{"Est. tempo de leitura":"2 minutos"},"schema":{"@context":"https:\/\/schema.org","@graph":[{"@type":"WebPage","@id":"https:\/\/deputadotaveirajr.com.br\/index.php\/inmet-emite-novo-alerta-de-chuvas-para-o-litoral-do-rn\/","url":"https:\/\/deputadotaveirajr.com.br\/index.php\/inmet-emite-novo-alerta-de-chuvas-para-o-litoral-do-rn\/","name":"Inmet emite novo alerta de chuvas para o litoral do RN - Taveira Jr","isPartOf":{"@id":"https:\/\/deputadotaveirajr.com.br\/#website"},"primaryImageOfPage":{"@id":"https:\/\/deputadotaveirajr.com.br\/index.php\/inmet-emite-novo-alerta-de-chuvas-para-o-litoral-do-rn\/#primaryimage"},"image":{"@id":"https:\/\/deputadotaveirajr.com.br\/index.php\/inmet-emite-novo-alerta-de-chuvas-para-o-litoral-do-rn\/#primaryimage"},"thumbnailUrl":"https:\/\/deputadotaveirajr.com.br\/wp-content\/uploads\/2025\/06\/mapa-g0A2AS.jpg","datePublished":"2025-06-28T15:40:44+00:00","breadcrumb":{"@id":"https:\/\/deputadotaveirajr.com.br\/index.php\/inmet-emite-novo-alerta-de-chuvas-para-o-litoral-do-rn\/#breadcrumb"},"inLanguage":"pt-BR","potentialAction":[{"@type":"ReadAction","target":["https:\/\/deputadotaveirajr.com.br\/index.php\/inmet-emite-novo-alerta-de-chuvas-para-o-litoral-do-rn\/"]}]},{"@type":"ImageObject","inLanguage":"pt-BR","@id":"https:\/\/deputadotaveirajr.com.br\/index.php\/inmet-emite-novo-alerta-de-chuvas-para-o-litoral-do-rn\/#primaryimage","url":"https:\/\/deputadotaveirajr.com.br\/wp-content\/uploads\/2025\/06\/mapa-g0A2AS.jpg","contentUrl":"https:\/\/deputadotaveirajr.com.br\/wp-content\/uploads\/2025\/06\/mapa-g0A2AS.jpg","width":1200,"height":785},{"@type":"BreadcrumbList","@id":"https:\/\/deputadotaveirajr.com.br\/index.php\/inmet-emite-novo-alerta-de-chuvas-para-o-litoral-do-rn\/#breadcrumb","itemListElement":[{"@type":"ListItem","position":1,"name":"In\u00edcio","item":"https:\/\/deputadotaveirajr.com.br\/"},{"@type":"ListItem","position":2,"name":"Inmet emite novo alerta de chuvas para o litoral do RN"}]},{"@type":"WebSite","@id":"https:\/\/deputadotaveirajr.com.br\/#website","url":"https:\/\/deputadotaveirajr.com.br\/","name":"Taveira Jr","description":"Deputado Estadual","publisher":{"@id":"https:\/\/deputadotaveirajr.com.br\/#organization"},"potentialAction":[{"@type":"SearchAction","target":{"@type":"EntryPoint","urlTemplate":"https:\/\/deputadotaveirajr.com.br\/?s={search_term_string}"},"query-input":{"@type":"PropertyValueSpecification","valueRequired":true,"valueName":"search_term_string"}}],"inLanguage":"pt-BR"},{"@type":"Organization","@id":"https:\/\/deputadotaveirajr.com.br\/#organization","name":"Taveira Jr","url":"https:\/\/deputadotaveirajr.com.br\/","logo":{"@type":"ImageObject","inLanguage":"pt-BR","@id":"https:\/\/deputadotaveirajr.com.br\/#\/schema\/logo\/image\/","url":"https:\/\/deputadotaveirajr.com.br\/wp-content\/uploads\/2026\/01\/logolow2a.png","contentUrl":"https:\/\/deputadotaveirajr.com.br\/wp-content\/uploads\/2026\/01\/logolow2a.png","width":290,"height":80,"caption":"Taveira Jr"},"image":{"@id":"https:\/\/deputadotaveirajr.com.br\/#\/schema\/logo\/image\/"}}]}},"_links":{"self":[{"href":"https:\/\/deputadotaveirajr.com.br\/index.php\/wp-json\/wp\/v2\/pages\/13507","targetHints":{"allow":["GET"]}}],"collection":[{"href":"https:\/\/deputadotaveirajr.com.br\/index.php\/wp-json\/wp\/v2\/pages"}],"about":[{"href":"https:\/\/deputadotaveirajr.com.br\/index.php\/wp-json\/wp\/v2\/types\/page"}],"replies":[{"embeddable":true,"href":"https:\/\/deputadotaveirajr.com.br\/index.php\/wp-json\/wp\/v2\/comments?post=13507"}],"version-history":[{"count":0,"href":"https:\/\/deputadotaveirajr.com.br\/index.php\/wp-json\/wp\/v2\/pages\/13507\/revisions"}],"wp:featuredmedia":[{"embeddable":true,"href":"https:\/\/deputadotaveirajr.com.br\/index.php\/wp-json\/wp\/v2\/media\/13508"}],"wp:attachment":[{"href":"https:\/\/deputadotaveirajr.com.br\/index.php\/wp-json\/wp\/v2\/media?parent=13507"}],"curies":[{"name":"wp","href":"https:\/\/api.w.org\/{rel}","templated":true}]}}