{"id":13538,"date":"2025-07-02T17:53:20","date_gmt":"2025-07-02T20:53:20","guid":{"rendered":"https:\/\/deputadotaveirajr.com.br\/index.php\/saiba-quais-entes-publicos-possuem-mais-servidores-com-acumulo-de-cargos-no-rn\/"},"modified":"2025-07-02T17:53:20","modified_gmt":"2025-07-02T20:53:20","slug":"saiba-quais-entes-publicos-possuem-mais-servidores-com-acumulo-de-cargos-no-rn","status":"publish","type":"page","link":"https:\/\/deputadotaveirajr.com.br\/index.php\/saiba-quais-entes-publicos-possuem-mais-servidores-com-acumulo-de-cargos-no-rn\/","title":{"rendered":"Saiba quais entes p\u00fablicos possuem mais servidores com ac\u00famulo de cargos no RN"},"content":{"rendered":"<p><img decoding=\"async\" src=\"https:\/\/s2-g1.glbimg.com\/jk_xFnZK946OU2YHdVgptnVGnio=\/i.s3.glbimg.com\/v1\/AUTH_59edd422c0c84a879bd37670ae4f538a\/internal_photos\/bs\/2024\/w\/6\/Eh0sHhRzWqnKDlI7uuBw\/whatsapp-image-2024-12-23-at-12.18.15.jpeg\" \/><br \/>     TCE apontou aumento no n\u00famero de servidores com dois v\u00ednculos em 2024 &#8211; o que, por si s\u00f3, n\u00e3o \u00e9 ilegal &#8211; e tamb\u00e9m de servidores com tr\u00eas v\u00ednculos, o que \u00e9 ilegal.  Centro Administrativo do governo do RN<br \/>\nSandro Menezes\/governo do RN<br \/>\nUm relat\u00f3rio divulgado nesta quarta-feira (2) pelo Tribunal de Contas do Estado (TCE-RN) levantou dados sobre o n\u00famero de servidores com ac\u00famulo de cargos nos entes p\u00fablicos do Rio Grande do Norte em 2024.<br \/>\nO documento  apontou aumento no n\u00famero de servidores que tinham dois v\u00ednculos no ano passado &#8211; o que, por si s\u00f3, n\u00e3o \u00e9 ilegal &#8211; e tamb\u00e9m o de servidores com tr\u00eas v\u00ednculos, o que \u00e9 ilegal.<br \/>\n\ud83d\udcf3Participe do canal do g1 RN no WhatsApp<br \/>\nO TCE analisou as principais secretarias e \u00f3rg\u00e3os estaduais, prefeituras e tamb\u00e9m as c\u00e2maras municipais.<br \/>\nAs secretarias estaduais de Educa\u00e7\u00e3o, de Sa\u00fade, de Administra\u00e7\u00e3o e o Instituto de Previd\u00eancia do RN, al\u00e9m das prefeituras de Natal de Parnamirim, apareceram entre os principais quantitativos nas listas de dois ou tr\u00eas v\u00ednculos.<br \/>\nO g1 reuniu alguns dos principais dados do levantamento (veja detalhados mais abaixo).<br \/>\nAumento de servidores com mais de um v\u00ednculo<br \/>\n\ud83d\udc49 Dois cargos: Segundo o TCE, houve aumento de 11,12% no n\u00famero de servidores com dois cargos, saltando de 23.638 agentes em 2023 para 26.266 registros em 2024. Segundo o TCE, essa varia\u00e7\u00e3o fugiu da normalidade das m\u00e9dias anuais \u2013 entre -5% e +5% \u2013 de um ano para o outro.<br \/>\n&#8220;O ac\u00famulo de dois v\u00ednculos n\u00e3o \u00e9, por si s\u00f3, ind\u00edcio de irregularidade, pois h\u00e1 exce\u00e7\u00f5es constitucionais previstas. Nesse caso, o objetivo do relat\u00f3rio \u00e9 orientar os gestores para que verifiquem se h\u00e1 previs\u00e3o legal em cada situa\u00e7\u00e3o de ac\u00famulo duplo e se a carga hor\u00e1ria de ambos os v\u00ednculos \u00e9 compat\u00edvel&#8221;, informou o TCE.<br \/>\nO relat\u00f3rio aponta ainda que as Secretarias de Educa\u00e7\u00e3o e Sa\u00fade do RN &#8220;s\u00e3o sens\u00edveis quanto \u00e0 acumula\u00e7\u00e3o de cargos p\u00fablicos, pois s\u00e3o \u00f3rg\u00e3os que est\u00e3o lotados os cargos dos permissivos constitucionais (professores e profissionais da sa\u00fade) relativos \u00e0 acumula\u00e7\u00e3o de v\u00ednculos&#8221;.<br \/>\n\ud83d\udc49 Tr\u00eas cargos:  O aumento de servidores com tr\u00eas ou mais v\u00ednculos foi de 25% em 2024 &#8211; saltando de 507 para 634 servidores. Segundo o TCE, esse dado interrompeu uma sequ\u00eancia de redu\u00e7\u00f5es nos quatro anos anteriores.<br \/>\n&#8220;Diferente do ac\u00famulo de dois v\u00ednculos p\u00fablicos, o ac\u00famulo de tr\u00eas ou mais v\u00ednculos \u00e9 uma irregularidade patente, pois, em nenhuma hip\u00f3tese o texto constitucional permitiu a acumula\u00e7\u00e3o remunerada de tr\u00eas ou mais cargos, empregos, fun\u00e7\u00f5es ou proventos de aposentadoria, ainda que porventura subsista compatibilidade de hor\u00e1rios&#8221;, apontou no relat\u00f3rio, o TCE.<br \/>\nO \u00f3rg\u00e3o ainda afirmou que \u00e9 poss\u00edvel, em casos excepcionais, haver tr\u00eas registros de v\u00ednculos que n\u00e3o caracterizam irregularidade, como no caso de um agente p\u00fablico acumular dois v\u00ednculos em \u00f3rg\u00e3os distintos e ser cedido para um terceiro, ocasionando o registro de v\u00ednculo em tr\u00eas entes distintos.<br \/>\nTr\u00eas v\u00ednculos<br \/>\nA s\u00e9rie hist\u00f3rica do TCE aponta que, em 2017, havia uma m\u00e9dia de 1.303 agentes p\u00fablicos que possu\u00edam ac\u00famulos de 3 v\u00ednculos ou mais. Em dezembro de 2024, esse n\u00famero reduziu para 639.<br \/>\nApesar disso, o n\u00famero em 2024 representou o \u00fanico aumento em todo esse per\u00edodo em compara\u00e7\u00e3o com o ano anterior.<br \/>\n\u00d3rg\u00e3os estaduais<br \/>\nSegundo o TCE, as secretarias de Administra\u00e7\u00e3o, Sa\u00fade e Educa\u00e7\u00e3o, proporcionalmente, &#8220;s\u00e3o os tr\u00eas maiores \u00f3rg\u00e3os [estaduais] que possuem situa\u00e7\u00e3o de ac\u00famulos de tr\u00eas v\u00ednculos ou mais&#8221;, assim como ocoreu nos casos de ac\u00famulo de dois cargos.<br \/>\nApenas esses tr\u00eas \u00f3rg\u00e3os p\u00fablicos, segundo o relat\u00f3rio, possuem 79,06% de situa\u00e7\u00f5es de ac\u00famulo superior a dois v\u00ednculos entre os \u00f3rg\u00e3os com abrang\u00eancia estadual. (Veja tabela na imagem abaixo).<br \/>\nTabela com dados dos \u00f3rg\u00e3os estaduais: tr\u00eas ou mais v\u00ednculos<br \/>\nDivulga\u00e7\u00e3o\/TCE<br \/>\nPrefeituras<br \/>\nAs prefeituras analisadas foram as que possu\u00edam mais de 500 agentes p\u00fablicos, o que totalizou 68 munic\u00edpios.<br \/>\nSegundo o TCE, as prefeituras de Macau, Ielmo Marinho e Extremoz s\u00e3o os entes municipais com mais registros de ac\u00famulos de tr\u00eas v\u00ednculos ou mais &#8220;em termos de maior propor\u00e7\u00e3o de ac\u00famulos d\u00faplices em rela\u00e7\u00e3o ao seu pr\u00f3prio quadro funcional.&#8221;<br \/>\nEmm termos quantitativos, as prefeituras de Natal, Parnamirim e Cear\u00e1-Mirim, s\u00e3o as que possuem mais registros de ac\u00famulos de tr\u00eas v\u00ednculos ou mais. &#8220;Apenas esses tr\u00eas \u00f3rg\u00e3os p\u00fablicos possuem 25,78% de situa\u00e7\u00f5es de ac\u00famulo de tr\u00eas ou mais v\u00ednculos entre as Prefeituras Municipais do RN&#8221;, informou o documento. (Veja tabela na imagem abaixo).<br \/>\nRela\u00e7\u00e3o de munic\u00edpios com servidores com dois ou mais v\u00ednculos no RN<br \/>\nDivulga\u00e7\u00e3o\/TCE<br \/>\nDois v\u00ednculos<br \/>\nSegundo o TCE, na s\u00e9rie hist\u00f3rica, de 2017 a 2024, n\u00e3o \u00e9 poss\u00edvel afirmar se h\u00e1 uma tend\u00eancia de queda ou crescimento em rela\u00e7\u00e3o a servidores com dois v\u00ednculos no RN. O relat\u00f3rio apontou ainda que sempre nos meses de janeiro h\u00e1 redu\u00e7\u00e3o no quantitativo de ac\u00famulos p\u00fablicos.<br \/>\n&#8220;Isto se deve em raz\u00e3o de uma pr\u00e1tica comum dos entes jurisdicionados, especialmente nas prefeituras municipais, que contratam temporariamente agentes p\u00fablicos cuja vig\u00eancia do contrato se encerra em dezembro, causando uma diminui\u00e7\u00e3o no n\u00famero desses agentes na folha de pagamento de janeiro de cada ano, e, consequentemente, no n\u00famero de v\u00ednculos p\u00fablicos em acumula\u00e7\u00e3o&#8221;, apontou o TCE.<br \/>\n\u00d3rg\u00e3os estaduais<br \/>\nDos 12 \u00f3rg\u00e3os avaliados, segundo  TCE, as secretarias de Educa\u00e7\u00e3o, Administra\u00e7\u00e3o e Sa\u00fade tamb\u00e9m ficaram no topo da tabela com maior propor\u00e7\u00e3o de ac\u00famulos d\u00faplices em rela\u00e7\u00e3o ao quadro funcional.<br \/>\nEm termos quantitativos, os dados apontam para o Instituto de Previd\u00eancia no lugar da Secretaria de Adminsitra\u00e7\u00e3o entre os tr\u00eas principais. &#8220;Apenas esses tr\u00eas \u00f3rg\u00e3os p\u00fablicos possuem 83,71% de situa\u00e7\u00f5es de ac\u00famulo d\u00faplice entre os \u00f3rg\u00e3os com abrang\u00eancia estadual&#8221;, apontou o relat\u00f3rio. (Veja tabela na imagem abaixo).<br \/>\n\u00d3rg\u00e3os do RN com servidores com dois ou mais<br \/>\nDivulga\u00e7\u00e3o\/TCE<br \/>\nPrefeituras municipais<br \/>\nO TCE apontou que as prefeituras de Natal, Parnamirim e Macau s\u00e3o os entes municipais com mais registros de ac\u00famulos de dois v\u00ednculos em termos de maior propor\u00e7\u00e3o em rela\u00e7\u00e3o ao quadro.<br \/>\nEm termos quantitativos, est\u00e3o as prefeituras de Natal, Parnamirim e Mossor\u00f3. &#8220;Apenas esses tr\u00eas \u00f3rg\u00e3os p\u00fablicos possuem 36,38% de situa\u00e7\u00f5es de ac\u00famulo d\u00faplice entre as Prefeituras Municipais do RN&#8221;, aponta o TCE.  (Veja tabela na imagem abaixo).<br \/>\nRela\u00e7\u00e3o de munic\u00edpios com servidores com dois v\u00ednculos no RN<br \/>\nDivulga\u00e7\u00e3o TCE\/RN<br \/>\nV\u00ednculos encerrados<br \/>\nO relat\u00f3rio apontou ainda que 1.505 v\u00ednculos foram encerrados em 2024, representando 1.036 agentes p\u00fablicos que encerraram ao menos um dos v\u00ednculos.<br \/>\n&#8220;Com o encerramento dos v\u00ednculos em 2024, um total de R$ 33.081.736,59 deixou de ser pago a agentes p\u00fablicos em situa\u00e7\u00e3o potencialmente irregular. Esse montante se refere aos valores de remunera\u00e7\u00e3o n\u00e3o pagos nos meses subsequentes ao encerramento do v\u00ednculo&#8221;, informou o TCE.<br \/>\nO TCE informou que emitiu um of\u00edcio aos gestores p\u00fablicos orientando para sanar as situa\u00e7\u00f5es irregulares. Durante os pr\u00f3ximos meses, informou, vai &#8220;monitorar a situa\u00e7\u00e3o de cada ente e, caso as situa\u00e7\u00f5es irregulares permane\u00e7am, ser\u00e3o instaurados processos de representa\u00e7\u00e3o para responsabilizar e multar os gestores que n\u00e3o tomarem as provid\u00eancias legais para sanar as irregularidades&#8221;.<br \/>\nAdvogada explica os tipos de empregos que podem ser acumulados com cargos p\u00fablicos<br \/>\nV\u00eddeos mais assistidos do g1 RN<\/p>","protected":false},"excerpt":{"rendered":"<p>TCE apontou aumento no n\u00famero de servidores com dois v\u00ednculos em 2024 &#8211; o que, por si s\u00f3, n\u00e3o \u00e9 ilegal &#8211; e tamb\u00e9m de servidores com tr\u00eas v\u00ednculos, o &#8230;<\/p>\n","protected":false},"author":0,"featured_media":13539,"parent":0,"menu_order":0,"comment_status":"closed","ping_status":"closed","template":"","meta":{"footnotes":""},"class_list":["post-13538","page","type-page","status-publish","has-post-thumbnail","hentry"],"yoast_head":"<!-- This site is optimized with the Yoast SEO plugin v27.1.1 - https:\/\/yoast.com\/product\/yoast-seo-wordpress\/ -->\n<title>Saiba quais entes p\u00fablicos possuem mais servidores com ac\u00famulo de cargos no RN - Taveira Jr<\/title>\n<meta name=\"robots\" content=\"index, follow, max-snippet:-1, max-image-preview:large, max-video-preview:-1\" \/>\n<link rel=\"canonical\" href=\"https:\/\/deputadotaveirajr.com.br\/index.php\/saiba-quais-entes-publicos-possuem-mais-servidores-com-acumulo-de-cargos-no-rn\/\" \/>\n<meta property=\"og:locale\" content=\"pt_BR\" \/>\n<meta property=\"og:type\" content=\"article\" \/>\n<meta property=\"og:title\" content=\"Saiba quais entes p\u00fablicos possuem mais servidores com ac\u00famulo de cargos no RN - Taveira Jr\" \/>\n<meta property=\"og:description\" content=\"TCE apontou aumento no n\u00famero de servidores com dois v\u00ednculos em 2024 &#8211; o que, por si s\u00f3, n\u00e3o \u00e9 ilegal &#8211; e tamb\u00e9m de servidores com tr\u00eas v\u00ednculos, o ...\" \/>\n<meta property=\"og:url\" content=\"https:\/\/deputadotaveirajr.com.br\/index.php\/saiba-quais-entes-publicos-possuem-mais-servidores-com-acumulo-de-cargos-no-rn\/\" \/>\n<meta property=\"og:site_name\" content=\"Taveira Jr\" \/>\n<meta property=\"og:image\" content=\"https:\/\/s2-g1.glbimg.com\/jk_xFnZK946OU2YHdVgptnVGnio=\/i.s3.glbimg.com\/v1\/AUTH_59edd422c0c84a879bd37670ae4f538a\/internal_photos\/bs\/2024\/w\/6\/Eh0sHhRzWqnKDlI7uuBw\/whatsapp-image-2024-12-23-at-12.18.15.jpeg\" \/>\n<meta name=\"twitter:card\" content=\"summary_large_image\" \/>\n<meta name=\"twitter:label1\" content=\"Est. tempo de leitura\" \/>\n\t<meta name=\"twitter:data1\" content=\"7 minutos\" \/>\n<script type=\"application\/ld+json\" class=\"yoast-schema-graph\">{\"@context\":\"https:\/\/schema.org\",\"@graph\":[{\"@type\":\"WebPage\",\"@id\":\"https:\/\/deputadotaveirajr.com.br\/index.php\/saiba-quais-entes-publicos-possuem-mais-servidores-com-acumulo-de-cargos-no-rn\/\",\"url\":\"https:\/\/deputadotaveirajr.com.br\/index.php\/saiba-quais-entes-publicos-possuem-mais-servidores-com-acumulo-de-cargos-no-rn\/\",\"name\":\"Saiba quais entes p\u00fablicos possuem mais servidores com ac\u00famulo de cargos no RN - Taveira Jr\",\"isPartOf\":{\"@id\":\"https:\/\/deputadotaveirajr.com.br\/#website\"},\"primaryImageOfPage\":{\"@id\":\"https:\/\/deputadotaveirajr.com.br\/index.php\/saiba-quais-entes-publicos-possuem-mais-servidores-com-acumulo-de-cargos-no-rn\/#primaryimage\"},\"image\":{\"@id\":\"https:\/\/deputadotaveirajr.com.br\/index.php\/saiba-quais-entes-publicos-possuem-mais-servidores-com-acumulo-de-cargos-no-rn\/#primaryimage\"},\"thumbnailUrl\":\"https:\/\/deputadotaveirajr.com.br\/wp-content\/uploads\/2025\/07\/whatsapp-image-2024-12-23-at-12.18.15-CIUkhm.jpg\",\"datePublished\":\"2025-07-02T20:53:20+00:00\",\"breadcrumb\":{\"@id\":\"https:\/\/deputadotaveirajr.com.br\/index.php\/saiba-quais-entes-publicos-possuem-mais-servidores-com-acumulo-de-cargos-no-rn\/#breadcrumb\"},\"inLanguage\":\"pt-BR\",\"potentialAction\":[{\"@type\":\"ReadAction\",\"target\":[\"https:\/\/deputadotaveirajr.com.br\/index.php\/saiba-quais-entes-publicos-possuem-mais-servidores-com-acumulo-de-cargos-no-rn\/\"]}]},{\"@type\":\"ImageObject\",\"inLanguage\":\"pt-BR\",\"@id\":\"https:\/\/deputadotaveirajr.com.br\/index.php\/saiba-quais-entes-publicos-possuem-mais-servidores-com-acumulo-de-cargos-no-rn\/#primaryimage\",\"url\":\"https:\/\/deputadotaveirajr.com.br\/wp-content\/uploads\/2025\/07\/whatsapp-image-2024-12-23-at-12.18.15-CIUkhm.jpg\",\"contentUrl\":\"https:\/\/deputadotaveirajr.com.br\/wp-content\/uploads\/2025\/07\/whatsapp-image-2024-12-23-at-12.18.15-CIUkhm.jpg\",\"width\":1577,\"height\":1063},{\"@type\":\"BreadcrumbList\",\"@id\":\"https:\/\/deputadotaveirajr.com.br\/index.php\/saiba-quais-entes-publicos-possuem-mais-servidores-com-acumulo-de-cargos-no-rn\/#breadcrumb\",\"itemListElement\":[{\"@type\":\"ListItem\",\"position\":1,\"name\":\"In\u00edcio\",\"item\":\"https:\/\/deputadotaveirajr.com.br\/\"},{\"@type\":\"ListItem\",\"position\":2,\"name\":\"Saiba quais entes p\u00fablicos possuem mais servidores com ac\u00famulo de cargos no RN\"}]},{\"@type\":\"WebSite\",\"@id\":\"https:\/\/deputadotaveirajr.com.br\/#website\",\"url\":\"https:\/\/deputadotaveirajr.com.br\/\",\"name\":\"Taveira Jr\",\"description\":\"Deputado Estadual\",\"publisher\":{\"@id\":\"https:\/\/deputadotaveirajr.com.br\/#organization\"},\"potentialAction\":[{\"@type\":\"SearchAction\",\"target\":{\"@type\":\"EntryPoint\",\"urlTemplate\":\"https:\/\/deputadotaveirajr.com.br\/?s={search_term_string}\"},\"query-input\":{\"@type\":\"PropertyValueSpecification\",\"valueRequired\":true,\"valueName\":\"search_term_string\"}}],\"inLanguage\":\"pt-BR\"},{\"@type\":\"Organization\",\"@id\":\"https:\/\/deputadotaveirajr.com.br\/#organization\",\"name\":\"Taveira Jr\",\"url\":\"https:\/\/deputadotaveirajr.com.br\/\",\"logo\":{\"@type\":\"ImageObject\",\"inLanguage\":\"pt-BR\",\"@id\":\"https:\/\/deputadotaveirajr.com.br\/#\/schema\/logo\/image\/\",\"url\":\"https:\/\/deputadotaveirajr.com.br\/wp-content\/uploads\/2026\/01\/logolow2a.png\",\"contentUrl\":\"https:\/\/deputadotaveirajr.com.br\/wp-content\/uploads\/2026\/01\/logolow2a.png\",\"width\":290,\"height\":80,\"caption\":\"Taveira Jr\"},\"image\":{\"@id\":\"https:\/\/deputadotaveirajr.com.br\/#\/schema\/logo\/image\/\"}}]}<\/script>\n<!-- \/ Yoast SEO plugin. -->","yoast_head_json":{"title":"Saiba quais entes p\u00fablicos possuem mais servidores com ac\u00famulo de cargos no RN - Taveira Jr","robots":{"index":"index","follow":"follow","max-snippet":"max-snippet:-1","max-image-preview":"max-image-preview:large","max-video-preview":"max-video-preview:-1"},"canonical":"https:\/\/deputadotaveirajr.com.br\/index.php\/saiba-quais-entes-publicos-possuem-mais-servidores-com-acumulo-de-cargos-no-rn\/","og_locale":"pt_BR","og_type":"article","og_title":"Saiba quais entes p\u00fablicos possuem mais servidores com ac\u00famulo de cargos no RN - Taveira Jr","og_description":"TCE apontou aumento no n\u00famero de servidores com dois v\u00ednculos em 2024 &#8211; o que, por si s\u00f3, n\u00e3o \u00e9 ilegal &#8211; e tamb\u00e9m de servidores com tr\u00eas v\u00ednculos, o ...","og_url":"https:\/\/deputadotaveirajr.com.br\/index.php\/saiba-quais-entes-publicos-possuem-mais-servidores-com-acumulo-de-cargos-no-rn\/","og_site_name":"Taveira Jr","og_image":[{"url":"https:\/\/s2-g1.glbimg.com\/jk_xFnZK946OU2YHdVgptnVGnio=\/i.s3.glbimg.com\/v1\/AUTH_59edd422c0c84a879bd37670ae4f538a\/internal_photos\/bs\/2024\/w\/6\/Eh0sHhRzWqnKDlI7uuBw\/whatsapp-image-2024-12-23-at-12.18.15.jpeg","type":"","width":"","height":""}],"twitter_card":"summary_large_image","twitter_misc":{"Est. tempo de leitura":"7 minutos"},"schema":{"@context":"https:\/\/schema.org","@graph":[{"@type":"WebPage","@id":"https:\/\/deputadotaveirajr.com.br\/index.php\/saiba-quais-entes-publicos-possuem-mais-servidores-com-acumulo-de-cargos-no-rn\/","url":"https:\/\/deputadotaveirajr.com.br\/index.php\/saiba-quais-entes-publicos-possuem-mais-servidores-com-acumulo-de-cargos-no-rn\/","name":"Saiba quais entes p\u00fablicos possuem mais servidores com ac\u00famulo de cargos no RN - Taveira Jr","isPartOf":{"@id":"https:\/\/deputadotaveirajr.com.br\/#website"},"primaryImageOfPage":{"@id":"https:\/\/deputadotaveirajr.com.br\/index.php\/saiba-quais-entes-publicos-possuem-mais-servidores-com-acumulo-de-cargos-no-rn\/#primaryimage"},"image":{"@id":"https:\/\/deputadotaveirajr.com.br\/index.php\/saiba-quais-entes-publicos-possuem-mais-servidores-com-acumulo-de-cargos-no-rn\/#primaryimage"},"thumbnailUrl":"https:\/\/deputadotaveirajr.com.br\/wp-content\/uploads\/2025\/07\/whatsapp-image-2024-12-23-at-12.18.15-CIUkhm.jpg","datePublished":"2025-07-02T20:53:20+00:00","breadcrumb":{"@id":"https:\/\/deputadotaveirajr.com.br\/index.php\/saiba-quais-entes-publicos-possuem-mais-servidores-com-acumulo-de-cargos-no-rn\/#breadcrumb"},"inLanguage":"pt-BR","potentialAction":[{"@type":"ReadAction","target":["https:\/\/deputadotaveirajr.com.br\/index.php\/saiba-quais-entes-publicos-possuem-mais-servidores-com-acumulo-de-cargos-no-rn\/"]}]},{"@type":"ImageObject","inLanguage":"pt-BR","@id":"https:\/\/deputadotaveirajr.com.br\/index.php\/saiba-quais-entes-publicos-possuem-mais-servidores-com-acumulo-de-cargos-no-rn\/#primaryimage","url":"https:\/\/deputadotaveirajr.com.br\/wp-content\/uploads\/2025\/07\/whatsapp-image-2024-12-23-at-12.18.15-CIUkhm.jpg","contentUrl":"https:\/\/deputadotaveirajr.com.br\/wp-content\/uploads\/2025\/07\/whatsapp-image-2024-12-23-at-12.18.15-CIUkhm.jpg","width":1577,"height":1063},{"@type":"BreadcrumbList","@id":"https:\/\/deputadotaveirajr.com.br\/index.php\/saiba-quais-entes-publicos-possuem-mais-servidores-com-acumulo-de-cargos-no-rn\/#breadcrumb","itemListElement":[{"@type":"ListItem","position":1,"name":"In\u00edcio","item":"https:\/\/deputadotaveirajr.com.br\/"},{"@type":"ListItem","position":2,"name":"Saiba quais entes p\u00fablicos possuem mais servidores com ac\u00famulo de cargos no RN"}]},{"@type":"WebSite","@id":"https:\/\/deputadotaveirajr.com.br\/#website","url":"https:\/\/deputadotaveirajr.com.br\/","name":"Taveira Jr","description":"Deputado Estadual","publisher":{"@id":"https:\/\/deputadotaveirajr.com.br\/#organization"},"potentialAction":[{"@type":"SearchAction","target":{"@type":"EntryPoint","urlTemplate":"https:\/\/deputadotaveirajr.com.br\/?s={search_term_string}"},"query-input":{"@type":"PropertyValueSpecification","valueRequired":true,"valueName":"search_term_string"}}],"inLanguage":"pt-BR"},{"@type":"Organization","@id":"https:\/\/deputadotaveirajr.com.br\/#organization","name":"Taveira Jr","url":"https:\/\/deputadotaveirajr.com.br\/","logo":{"@type":"ImageObject","inLanguage":"pt-BR","@id":"https:\/\/deputadotaveirajr.com.br\/#\/schema\/logo\/image\/","url":"https:\/\/deputadotaveirajr.com.br\/wp-content\/uploads\/2026\/01\/logolow2a.png","contentUrl":"https:\/\/deputadotaveirajr.com.br\/wp-content\/uploads\/2026\/01\/logolow2a.png","width":290,"height":80,"caption":"Taveira Jr"},"image":{"@id":"https:\/\/deputadotaveirajr.com.br\/#\/schema\/logo\/image\/"}}]}},"_links":{"self":[{"href":"https:\/\/deputadotaveirajr.com.br\/index.php\/wp-json\/wp\/v2\/pages\/13538","targetHints":{"allow":["GET"]}}],"collection":[{"href":"https:\/\/deputadotaveirajr.com.br\/index.php\/wp-json\/wp\/v2\/pages"}],"about":[{"href":"https:\/\/deputadotaveirajr.com.br\/index.php\/wp-json\/wp\/v2\/types\/page"}],"replies":[{"embeddable":true,"href":"https:\/\/deputadotaveirajr.com.br\/index.php\/wp-json\/wp\/v2\/comments?post=13538"}],"version-history":[{"count":0,"href":"https:\/\/deputadotaveirajr.com.br\/index.php\/wp-json\/wp\/v2\/pages\/13538\/revisions"}],"wp:featuredmedia":[{"embeddable":true,"href":"https:\/\/deputadotaveirajr.com.br\/index.php\/wp-json\/wp\/v2\/media\/13539"}],"wp:attachment":[{"href":"https:\/\/deputadotaveirajr.com.br\/index.php\/wp-json\/wp\/v2\/media?parent=13538"}],"curies":[{"name":"wp","href":"https:\/\/api.w.org\/{rel}","templated":true}]}}