{"id":13542,"date":"2025-07-02T12:49:07","date_gmt":"2025-07-02T15:49:07","guid":{"rendered":"https:\/\/deputadotaveirajr.com.br\/index.php\/quatro-suspeitos-de-assalto-a-joalheria-na-paraiba-sao-presos-no-rio-grande-do-norte\/"},"modified":"2025-07-02T12:49:07","modified_gmt":"2025-07-02T15:49:07","slug":"quatro-suspeitos-de-assalto-a-joalheria-na-paraiba-sao-presos-no-rio-grande-do-norte","status":"publish","type":"page","link":"https:\/\/deputadotaveirajr.com.br\/index.php\/quatro-suspeitos-de-assalto-a-joalheria-na-paraiba-sao-presos-no-rio-grande-do-norte\/","title":{"rendered":"Quatro suspeitos de assalto a joalheria na Para\u00edba s\u00e3o presos no Rio Grande do Norte"},"content":{"rendered":"<p><img decoding=\"async\" src=\"https:\/\/s2-g1.glbimg.com\/ty-aLKxyMe1A-mbf0RcxvXaNry0=\/i.s3.glbimg.com\/v1\/AUTH_59edd422c0c84a879bd37670ae4f538a\/internal_photos\/bs\/2025\/Z\/0\/6dQ6QEQXW95xemBfL7qg\/assalto.jpg\" \/><br \/>     Assalto aconteceu na manh\u00e3 de ter\u00e7a-feira (1) em S\u00e3o Bento, na Para\u00edba. Tr\u00eas suspeitos foram presos em Campo Redondo e outro em Natal.  V\u00eddeo mostra assalto a joalheria e fuga de criminosos na PB; suspeitos foram presos no RN<br \/>\nQuatro pessoas suspeitas de envolvimento em um assalto que aconteceu em uma joalheria na cidade de S\u00e3o Bento, na Para\u00edba, foram presas no Rio Grande do Norte, em a\u00e7\u00f5es da Pol\u00edcia Rodovi\u00e1ria Federal e da Pol\u00edcia Civil potiguar.<br \/>\nO roubo aconteceu na manh\u00e3 de ter\u00e7a-feira (1). Na ocasi\u00e3o, os criminosos levaram cerca de R$ 300 mil em joias, segundo a pol\u00edcia.<br \/>\n\ud83d\udcf3Participe do canal do g1 RN no WhatsApp<br \/>\nUm v\u00eddeo mostra o momento em que um dos assaltantes leva as v\u00edtimas para os fundos da loja enquanto uma mulher recolhe as joias. Em seguida, tr\u00eas suspeitos deixam o local e fogem em um carro modelo HB20.<br \/>\nNo fim da noite, a PRF abordou um carro Audi de cor preta, era ocupado por dois homens, de 42 e 30 anos, e uma mulher de 20 anos, durante uma fiscaliza\u00e7\u00e3o de rotina na base da corpora\u00e7\u00e3o em Campo Redondo, na regi\u00e3o Agreste do Rio Grande do Norte.<br \/>\nDurante a verifica\u00e7\u00e3o, os policiais constataram que os ocupantes tinham caracter\u00edsticas semelhantes \u00e0s repassadas pelas autoridades paraibanas, relacionadas ao assalto \u00e0 joalheria.<br \/>\nV\u00eddeo mostra assalto que aconteceu no interior da Para\u00edba<br \/>\nReprodu\u00e7\u00e3o<br \/>\nSegundo as informa\u00e7\u00f5es levantadas, o grupo teria utilizado pelo menos tr\u00eas ve\u00edculos na a\u00e7\u00e3o criminosa: o Audi, um HB20 e um Renault Sandero.<br \/>\nO material roubado, no entanto, n\u00e3o foi encontrado com os suspeitos.<br \/>\nJ\u00e1 na manh\u00e3 desta quarta-feira (2), em uma a\u00e7\u00e3o integrada, equipes da Coordenadoria de Recursos Especiais (CORE) da Pol\u00edcia Civil do Rio Grande do Norte localizaram o Sandero utilizado como carro de apoio e prenderam um quarto integrante da quadrilha em Natal.<br \/>\nContra ele havia um mandado de pris\u00e3o em aberto pelo crime de roubo.<br \/>\nOs dois homens detidos inicialmente j\u00e1 possu\u00edam antecedentes criminais e respondem por crimes de roubo (art. 157 do C\u00f3digo Penal). Todos os presos foram encaminhados \u00e0 Delegacia de Pol\u00edcia Civil, que seguir\u00e1 com as investiga\u00e7\u00f5es.<br \/>\nMaterial apreendido com suspeitos no RN<br \/>\nPRF\/Divulga\u00e7\u00e3o<br \/>\nVeja os v\u00eddeos mais assistidos no g1 RN<\/p>","protected":false},"excerpt":{"rendered":"<p>Assalto aconteceu na manh\u00e3 de ter\u00e7a-feira (1) em S\u00e3o Bento, na Para\u00edba. Tr\u00eas suspeitos foram presos em Campo Redondo e outro em Natal. V\u00eddeo mostra assalto a joalheria e fuga &#8230;<\/p>\n","protected":false},"author":0,"featured_media":13543,"parent":0,"menu_order":0,"comment_status":"closed","ping_status":"closed","template":"","meta":{"footnotes":""},"class_list":["post-13542","page","type-page","status-publish","has-post-thumbnail","hentry"],"yoast_head":"<!-- This site is optimized with the Yoast SEO plugin v27.1.1 - https:\/\/yoast.com\/product\/yoast-seo-wordpress\/ -->\n<title>Quatro suspeitos de assalto a joalheria na Para\u00edba s\u00e3o presos no Rio Grande do Norte - Taveira Jr<\/title>\n<meta name=\"robots\" content=\"index, follow, max-snippet:-1, max-image-preview:large, max-video-preview:-1\" \/>\n<link rel=\"canonical\" href=\"https:\/\/deputadotaveirajr.com.br\/index.php\/quatro-suspeitos-de-assalto-a-joalheria-na-paraiba-sao-presos-no-rio-grande-do-norte\/\" \/>\n<meta property=\"og:locale\" content=\"pt_BR\" \/>\n<meta property=\"og:type\" content=\"article\" \/>\n<meta property=\"og:title\" content=\"Quatro suspeitos de assalto a joalheria na Para\u00edba s\u00e3o presos no Rio Grande do Norte - Taveira Jr\" \/>\n<meta property=\"og:description\" content=\"Assalto aconteceu na manh\u00e3 de ter\u00e7a-feira (1) em S\u00e3o Bento, na Para\u00edba. Tr\u00eas suspeitos foram presos em Campo Redondo e outro em Natal. V\u00eddeo mostra assalto a joalheria e fuga ...\" \/>\n<meta property=\"og:url\" content=\"https:\/\/deputadotaveirajr.com.br\/index.php\/quatro-suspeitos-de-assalto-a-joalheria-na-paraiba-sao-presos-no-rio-grande-do-norte\/\" \/>\n<meta property=\"og:site_name\" content=\"Taveira Jr\" \/>\n<meta property=\"og:image\" content=\"https:\/\/s2-g1.glbimg.com\/ty-aLKxyMe1A-mbf0RcxvXaNry0=\/i.s3.glbimg.com\/v1\/AUTH_59edd422c0c84a879bd37670ae4f538a\/internal_photos\/bs\/2025\/Z\/0\/6dQ6QEQXW95xemBfL7qg\/assalto.jpg\" \/>\n<meta name=\"twitter:card\" content=\"summary_large_image\" \/>\n<meta name=\"twitter:label1\" content=\"Est. tempo de leitura\" \/>\n\t<meta name=\"twitter:data1\" content=\"2 minutos\" \/>\n<script type=\"application\/ld+json\" class=\"yoast-schema-graph\">{\"@context\":\"https:\/\/schema.org\",\"@graph\":[{\"@type\":\"WebPage\",\"@id\":\"https:\/\/deputadotaveirajr.com.br\/index.php\/quatro-suspeitos-de-assalto-a-joalheria-na-paraiba-sao-presos-no-rio-grande-do-norte\/\",\"url\":\"https:\/\/deputadotaveirajr.com.br\/index.php\/quatro-suspeitos-de-assalto-a-joalheria-na-paraiba-sao-presos-no-rio-grande-do-norte\/\",\"name\":\"Quatro suspeitos de assalto a joalheria na Para\u00edba s\u00e3o presos no Rio Grande do Norte - Taveira Jr\",\"isPartOf\":{\"@id\":\"https:\/\/deputadotaveirajr.com.br\/#website\"},\"primaryImageOfPage\":{\"@id\":\"https:\/\/deputadotaveirajr.com.br\/index.php\/quatro-suspeitos-de-assalto-a-joalheria-na-paraiba-sao-presos-no-rio-grande-do-norte\/#primaryimage\"},\"image\":{\"@id\":\"https:\/\/deputadotaveirajr.com.br\/index.php\/quatro-suspeitos-de-assalto-a-joalheria-na-paraiba-sao-presos-no-rio-grande-do-norte\/#primaryimage\"},\"thumbnailUrl\":\"https:\/\/deputadotaveirajr.com.br\/wp-content\/uploads\/2025\/07\/assalto-Op27ok.jpg\",\"datePublished\":\"2025-07-02T15:49:07+00:00\",\"breadcrumb\":{\"@id\":\"https:\/\/deputadotaveirajr.com.br\/index.php\/quatro-suspeitos-de-assalto-a-joalheria-na-paraiba-sao-presos-no-rio-grande-do-norte\/#breadcrumb\"},\"inLanguage\":\"pt-BR\",\"potentialAction\":[{\"@type\":\"ReadAction\",\"target\":[\"https:\/\/deputadotaveirajr.com.br\/index.php\/quatro-suspeitos-de-assalto-a-joalheria-na-paraiba-sao-presos-no-rio-grande-do-norte\/\"]}]},{\"@type\":\"ImageObject\",\"inLanguage\":\"pt-BR\",\"@id\":\"https:\/\/deputadotaveirajr.com.br\/index.php\/quatro-suspeitos-de-assalto-a-joalheria-na-paraiba-sao-presos-no-rio-grande-do-norte\/#primaryimage\",\"url\":\"https:\/\/deputadotaveirajr.com.br\/wp-content\/uploads\/2025\/07\/assalto-Op27ok.jpg\",\"contentUrl\":\"https:\/\/deputadotaveirajr.com.br\/wp-content\/uploads\/2025\/07\/assalto-Op27ok.jpg\",\"width\":1200,\"height\":662},{\"@type\":\"BreadcrumbList\",\"@id\":\"https:\/\/deputadotaveirajr.com.br\/index.php\/quatro-suspeitos-de-assalto-a-joalheria-na-paraiba-sao-presos-no-rio-grande-do-norte\/#breadcrumb\",\"itemListElement\":[{\"@type\":\"ListItem\",\"position\":1,\"name\":\"In\u00edcio\",\"item\":\"https:\/\/deputadotaveirajr.com.br\/\"},{\"@type\":\"ListItem\",\"position\":2,\"name\":\"Quatro suspeitos de assalto a joalheria na Para\u00edba s\u00e3o presos no Rio Grande do Norte\"}]},{\"@type\":\"WebSite\",\"@id\":\"https:\/\/deputadotaveirajr.com.br\/#website\",\"url\":\"https:\/\/deputadotaveirajr.com.br\/\",\"name\":\"Taveira Jr\",\"description\":\"Deputado Estadual\",\"publisher\":{\"@id\":\"https:\/\/deputadotaveirajr.com.br\/#organization\"},\"potentialAction\":[{\"@type\":\"SearchAction\",\"target\":{\"@type\":\"EntryPoint\",\"urlTemplate\":\"https:\/\/deputadotaveirajr.com.br\/?s={search_term_string}\"},\"query-input\":{\"@type\":\"PropertyValueSpecification\",\"valueRequired\":true,\"valueName\":\"search_term_string\"}}],\"inLanguage\":\"pt-BR\"},{\"@type\":\"Organization\",\"@id\":\"https:\/\/deputadotaveirajr.com.br\/#organization\",\"name\":\"Taveira Jr\",\"url\":\"https:\/\/deputadotaveirajr.com.br\/\",\"logo\":{\"@type\":\"ImageObject\",\"inLanguage\":\"pt-BR\",\"@id\":\"https:\/\/deputadotaveirajr.com.br\/#\/schema\/logo\/image\/\",\"url\":\"https:\/\/deputadotaveirajr.com.br\/wp-content\/uploads\/2026\/01\/logolow2a.png\",\"contentUrl\":\"https:\/\/deputadotaveirajr.com.br\/wp-content\/uploads\/2026\/01\/logolow2a.png\",\"width\":290,\"height\":80,\"caption\":\"Taveira Jr\"},\"image\":{\"@id\":\"https:\/\/deputadotaveirajr.com.br\/#\/schema\/logo\/image\/\"}}]}<\/script>\n<!-- \/ Yoast SEO plugin. -->","yoast_head_json":{"title":"Quatro suspeitos de assalto a joalheria na Para\u00edba s\u00e3o presos no Rio Grande do Norte - Taveira Jr","robots":{"index":"index","follow":"follow","max-snippet":"max-snippet:-1","max-image-preview":"max-image-preview:large","max-video-preview":"max-video-preview:-1"},"canonical":"https:\/\/deputadotaveirajr.com.br\/index.php\/quatro-suspeitos-de-assalto-a-joalheria-na-paraiba-sao-presos-no-rio-grande-do-norte\/","og_locale":"pt_BR","og_type":"article","og_title":"Quatro suspeitos de assalto a joalheria na Para\u00edba s\u00e3o presos no Rio Grande do Norte - Taveira Jr","og_description":"Assalto aconteceu na manh\u00e3 de ter\u00e7a-feira (1) em S\u00e3o Bento, na Para\u00edba. Tr\u00eas suspeitos foram presos em Campo Redondo e outro em Natal. V\u00eddeo mostra assalto a joalheria e fuga ...","og_url":"https:\/\/deputadotaveirajr.com.br\/index.php\/quatro-suspeitos-de-assalto-a-joalheria-na-paraiba-sao-presos-no-rio-grande-do-norte\/","og_site_name":"Taveira Jr","og_image":[{"url":"https:\/\/s2-g1.glbimg.com\/ty-aLKxyMe1A-mbf0RcxvXaNry0=\/i.s3.glbimg.com\/v1\/AUTH_59edd422c0c84a879bd37670ae4f538a\/internal_photos\/bs\/2025\/Z\/0\/6dQ6QEQXW95xemBfL7qg\/assalto.jpg","type":"","width":"","height":""}],"twitter_card":"summary_large_image","twitter_misc":{"Est. tempo de leitura":"2 minutos"},"schema":{"@context":"https:\/\/schema.org","@graph":[{"@type":"WebPage","@id":"https:\/\/deputadotaveirajr.com.br\/index.php\/quatro-suspeitos-de-assalto-a-joalheria-na-paraiba-sao-presos-no-rio-grande-do-norte\/","url":"https:\/\/deputadotaveirajr.com.br\/index.php\/quatro-suspeitos-de-assalto-a-joalheria-na-paraiba-sao-presos-no-rio-grande-do-norte\/","name":"Quatro suspeitos de assalto a joalheria na Para\u00edba s\u00e3o presos no Rio Grande do Norte - Taveira Jr","isPartOf":{"@id":"https:\/\/deputadotaveirajr.com.br\/#website"},"primaryImageOfPage":{"@id":"https:\/\/deputadotaveirajr.com.br\/index.php\/quatro-suspeitos-de-assalto-a-joalheria-na-paraiba-sao-presos-no-rio-grande-do-norte\/#primaryimage"},"image":{"@id":"https:\/\/deputadotaveirajr.com.br\/index.php\/quatro-suspeitos-de-assalto-a-joalheria-na-paraiba-sao-presos-no-rio-grande-do-norte\/#primaryimage"},"thumbnailUrl":"https:\/\/deputadotaveirajr.com.br\/wp-content\/uploads\/2025\/07\/assalto-Op27ok.jpg","datePublished":"2025-07-02T15:49:07+00:00","breadcrumb":{"@id":"https:\/\/deputadotaveirajr.com.br\/index.php\/quatro-suspeitos-de-assalto-a-joalheria-na-paraiba-sao-presos-no-rio-grande-do-norte\/#breadcrumb"},"inLanguage":"pt-BR","potentialAction":[{"@type":"ReadAction","target":["https:\/\/deputadotaveirajr.com.br\/index.php\/quatro-suspeitos-de-assalto-a-joalheria-na-paraiba-sao-presos-no-rio-grande-do-norte\/"]}]},{"@type":"ImageObject","inLanguage":"pt-BR","@id":"https:\/\/deputadotaveirajr.com.br\/index.php\/quatro-suspeitos-de-assalto-a-joalheria-na-paraiba-sao-presos-no-rio-grande-do-norte\/#primaryimage","url":"https:\/\/deputadotaveirajr.com.br\/wp-content\/uploads\/2025\/07\/assalto-Op27ok.jpg","contentUrl":"https:\/\/deputadotaveirajr.com.br\/wp-content\/uploads\/2025\/07\/assalto-Op27ok.jpg","width":1200,"height":662},{"@type":"BreadcrumbList","@id":"https:\/\/deputadotaveirajr.com.br\/index.php\/quatro-suspeitos-de-assalto-a-joalheria-na-paraiba-sao-presos-no-rio-grande-do-norte\/#breadcrumb","itemListElement":[{"@type":"ListItem","position":1,"name":"In\u00edcio","item":"https:\/\/deputadotaveirajr.com.br\/"},{"@type":"ListItem","position":2,"name":"Quatro suspeitos de assalto a joalheria na Para\u00edba s\u00e3o presos no Rio Grande do Norte"}]},{"@type":"WebSite","@id":"https:\/\/deputadotaveirajr.com.br\/#website","url":"https:\/\/deputadotaveirajr.com.br\/","name":"Taveira Jr","description":"Deputado Estadual","publisher":{"@id":"https:\/\/deputadotaveirajr.com.br\/#organization"},"potentialAction":[{"@type":"SearchAction","target":{"@type":"EntryPoint","urlTemplate":"https:\/\/deputadotaveirajr.com.br\/?s={search_term_string}"},"query-input":{"@type":"PropertyValueSpecification","valueRequired":true,"valueName":"search_term_string"}}],"inLanguage":"pt-BR"},{"@type":"Organization","@id":"https:\/\/deputadotaveirajr.com.br\/#organization","name":"Taveira Jr","url":"https:\/\/deputadotaveirajr.com.br\/","logo":{"@type":"ImageObject","inLanguage":"pt-BR","@id":"https:\/\/deputadotaveirajr.com.br\/#\/schema\/logo\/image\/","url":"https:\/\/deputadotaveirajr.com.br\/wp-content\/uploads\/2026\/01\/logolow2a.png","contentUrl":"https:\/\/deputadotaveirajr.com.br\/wp-content\/uploads\/2026\/01\/logolow2a.png","width":290,"height":80,"caption":"Taveira Jr"},"image":{"@id":"https:\/\/deputadotaveirajr.com.br\/#\/schema\/logo\/image\/"}}]}},"_links":{"self":[{"href":"https:\/\/deputadotaveirajr.com.br\/index.php\/wp-json\/wp\/v2\/pages\/13542","targetHints":{"allow":["GET"]}}],"collection":[{"href":"https:\/\/deputadotaveirajr.com.br\/index.php\/wp-json\/wp\/v2\/pages"}],"about":[{"href":"https:\/\/deputadotaveirajr.com.br\/index.php\/wp-json\/wp\/v2\/types\/page"}],"replies":[{"embeddable":true,"href":"https:\/\/deputadotaveirajr.com.br\/index.php\/wp-json\/wp\/v2\/comments?post=13542"}],"version-history":[{"count":0,"href":"https:\/\/deputadotaveirajr.com.br\/index.php\/wp-json\/wp\/v2\/pages\/13542\/revisions"}],"wp:featuredmedia":[{"embeddable":true,"href":"https:\/\/deputadotaveirajr.com.br\/index.php\/wp-json\/wp\/v2\/media\/13543"}],"wp:attachment":[{"href":"https:\/\/deputadotaveirajr.com.br\/index.php\/wp-json\/wp\/v2\/media?parent=13542"}],"curies":[{"name":"wp","href":"https:\/\/api.w.org\/{rel}","templated":true}]}}