{"id":13573,"date":"2025-07-05T10:38:29","date_gmt":"2025-07-05T13:38:29","guid":{"rendered":"https:\/\/deputadotaveirajr.com.br\/index.php\/litoral-potiguar-tem-4-pontos-improprios-para-o-banho-veja-quais\/"},"modified":"2025-07-05T10:38:29","modified_gmt":"2025-07-05T13:38:29","slug":"litoral-potiguar-tem-4-pontos-improprios-para-o-banho-veja-quais","status":"publish","type":"page","link":"https:\/\/deputadotaveirajr.com.br\/index.php\/litoral-potiguar-tem-4-pontos-improprios-para-o-banho-veja-quais\/","title":{"rendered":"Litoral potiguar tem 4 pontos impr\u00f3prios para o banho; veja quais"},"content":{"rendered":"<p><img decoding=\"async\" src=\"https:\/\/s2-g1.glbimg.com\/y7ncR_NzSxzuepKLvjjZdjEBqxk=\/i.s3.glbimg.com\/v1\/AUTH_59edd422c0c84a879bd37670ae4f538a\/internal_photos\/bs\/2021\/B\/z\/EAwWRzRFKyMzEMuchaHg\/whatsapp-image-2021-09-05-at-17.14.04.jpeg\" \/><br \/>     Outros 29 trechos de praias e rios analisados est\u00e3o pr\u00f3prios para banhistas, segundo boletim publicado nesta sexta-feira (4) pelo Idema.  Pesquisadores fazem an\u00e1lise da \u00e1gua no rio Pium, na Grande Natal<br \/>\nPedro Vitorino<br \/>\nO litoral da regi\u00e3o metropolitana de Natal tem quatro pontos impr\u00f3prios para banho neste fim de semana, de acordo com o Boletim da Balneabilidade das Praias do Rio Grande do Norte emitido nesta sexta-feira (4) pelo Instituto de Desenvolvimento Sustent\u00e1vel de Meio Ambiente (Idema).<br \/>\nDe acordo com o documento, do total de 33 trechos analisados, 29 praias e rios est\u00e3o pr\u00f3prios para o banho.<br \/>\n\ud83d\udcf3Participe do canal do g1 RN no WhatsApp<br \/>\nOs pontos identificados como impr\u00f3prios s\u00e3o:<br \/>\nFoz do Rio Pirangi, em N\u00edsia Floresta;<br \/>\nRio Pirangi (Ponte Nova), em Parnamirim<br \/>\nRio Pirangi-Pium (Balne\u00e1rio Pium), em Parnamirim<br \/>\nAreia Preta (Escadaria de M\u00e3e Lu\u00edza), em Natal.<br \/>\nOs quatro pontos j\u00e1 tinham sido considerados impr\u00f3prios no \u00faltimo fim de semana.<br \/>\nSegundo o Idema, a an\u00e1lise leva em conta a quantidade de coliformes termotolerantes encontrados nas amostras de \u00e1gua coletadas semanalmente.<br \/>\nA classifica\u00e7\u00e3o tem por base as normas determinadas na Resolu\u00e7\u00e3o n.\u00ba 274\/2000 do Conselho Nacional do Meio Ambiente &#8211; Conama.<br \/>\nOs pesquisadores usam os resultados de cinco semanas consecutivas, para avaliar se o trecho est\u00e1 impr\u00f3prio ou n\u00e3o.<br \/>\nSe dois ou mais desses resultados possu\u00edrem mais de mil coliformes fecais por 100 ml de \u00e1gua, a praia \u00e9 classificada como impr\u00f3pria.<br \/>\nE se na an\u00e1lise mais recente houver mais de 2.500 coliformes fecais, com apenas esse resultado ela j\u00e1 passa a ser considerada impr\u00f3pria.<br \/>\nO estudo \u00e9 uma parceria entre o Instituto de Desenvolvimento Sustent\u00e1vel e Meio Ambiente (Idema), o Instituto Federal de Educa\u00e7\u00e3o, Ci\u00eancia e Tecnologia do Rio Grande do Norte (IFRN) e a Funda\u00e7\u00e3o de Apoio \u00e0 Educa\u00e7\u00e3o e ao Desenvolvimento Tecnol\u00f3gico do RN (FUNCERN), e faz parte do Programa \u00c1gua Azul.<br \/>\nJacar\u00e9s em lago de Maracaja\u00fa<br \/>\nVeja os v\u00eddeos mais assistidos no g1 RN<\/p>","protected":false},"excerpt":{"rendered":"<p>Outros 29 trechos de praias e rios analisados est\u00e3o pr\u00f3prios para banhistas, segundo boletim publicado nesta sexta-feira (4) pelo Idema. Pesquisadores fazem an\u00e1lise da \u00e1gua no rio Pium, na Grande &#8230;<\/p>\n","protected":false},"author":0,"featured_media":13574,"parent":0,"menu_order":0,"comment_status":"closed","ping_status":"closed","template":"","meta":{"footnotes":""},"class_list":["post-13573","page","type-page","status-publish","has-post-thumbnail","hentry"],"yoast_head":"<!-- This site is optimized with the Yoast SEO plugin v27.1.1 - https:\/\/yoast.com\/product\/yoast-seo-wordpress\/ -->\n<title>Litoral potiguar tem 4 pontos impr\u00f3prios para o banho; veja quais - Taveira Jr<\/title>\n<meta name=\"robots\" content=\"index, follow, max-snippet:-1, max-image-preview:large, max-video-preview:-1\" \/>\n<link rel=\"canonical\" href=\"https:\/\/deputadotaveirajr.com.br\/index.php\/litoral-potiguar-tem-4-pontos-improprios-para-o-banho-veja-quais\/\" \/>\n<meta property=\"og:locale\" content=\"pt_BR\" \/>\n<meta property=\"og:type\" content=\"article\" \/>\n<meta property=\"og:title\" content=\"Litoral potiguar tem 4 pontos impr\u00f3prios para o banho; veja quais - Taveira Jr\" \/>\n<meta property=\"og:description\" content=\"Outros 29 trechos de praias e rios analisados est\u00e3o pr\u00f3prios para banhistas, segundo boletim publicado nesta sexta-feira (4) pelo Idema. Pesquisadores fazem an\u00e1lise da \u00e1gua no rio Pium, na Grande ...\" \/>\n<meta property=\"og:url\" content=\"https:\/\/deputadotaveirajr.com.br\/index.php\/litoral-potiguar-tem-4-pontos-improprios-para-o-banho-veja-quais\/\" \/>\n<meta property=\"og:site_name\" content=\"Taveira Jr\" \/>\n<meta property=\"og:image\" content=\"https:\/\/s2-g1.glbimg.com\/y7ncR_NzSxzuepKLvjjZdjEBqxk=\/i.s3.glbimg.com\/v1\/AUTH_59edd422c0c84a879bd37670ae4f538a\/internal_photos\/bs\/2021\/B\/z\/EAwWRzRFKyMzEMuchaHg\/whatsapp-image-2021-09-05-at-17.14.04.jpeg\" \/>\n<meta name=\"twitter:card\" content=\"summary_large_image\" \/>\n<meta name=\"twitter:label1\" content=\"Est. tempo de leitura\" \/>\n\t<meta name=\"twitter:data1\" content=\"2 minutos\" \/>\n<script type=\"application\/ld+json\" class=\"yoast-schema-graph\">{\"@context\":\"https:\/\/schema.org\",\"@graph\":[{\"@type\":\"WebPage\",\"@id\":\"https:\/\/deputadotaveirajr.com.br\/index.php\/litoral-potiguar-tem-4-pontos-improprios-para-o-banho-veja-quais\/\",\"url\":\"https:\/\/deputadotaveirajr.com.br\/index.php\/litoral-potiguar-tem-4-pontos-improprios-para-o-banho-veja-quais\/\",\"name\":\"Litoral potiguar tem 4 pontos impr\u00f3prios para o banho; veja quais - Taveira Jr\",\"isPartOf\":{\"@id\":\"https:\/\/deputadotaveirajr.com.br\/#website\"},\"primaryImageOfPage\":{\"@id\":\"https:\/\/deputadotaveirajr.com.br\/index.php\/litoral-potiguar-tem-4-pontos-improprios-para-o-banho-veja-quais\/#primaryimage\"},\"image\":{\"@id\":\"https:\/\/deputadotaveirajr.com.br\/index.php\/litoral-potiguar-tem-4-pontos-improprios-para-o-banho-veja-quais\/#primaryimage\"},\"thumbnailUrl\":\"https:\/\/deputadotaveirajr.com.br\/wp-content\/uploads\/2025\/07\/whatsapp-image-2021-09-05-at-17.14.04-qexo01.jpg\",\"datePublished\":\"2025-07-05T13:38:29+00:00\",\"breadcrumb\":{\"@id\":\"https:\/\/deputadotaveirajr.com.br\/index.php\/litoral-potiguar-tem-4-pontos-improprios-para-o-banho-veja-quais\/#breadcrumb\"},\"inLanguage\":\"pt-BR\",\"potentialAction\":[{\"@type\":\"ReadAction\",\"target\":[\"https:\/\/deputadotaveirajr.com.br\/index.php\/litoral-potiguar-tem-4-pontos-improprios-para-o-banho-veja-quais\/\"]}]},{\"@type\":\"ImageObject\",\"inLanguage\":\"pt-BR\",\"@id\":\"https:\/\/deputadotaveirajr.com.br\/index.php\/litoral-potiguar-tem-4-pontos-improprios-para-o-banho-veja-quais\/#primaryimage\",\"url\":\"https:\/\/deputadotaveirajr.com.br\/wp-content\/uploads\/2025\/07\/whatsapp-image-2021-09-05-at-17.14.04-qexo01.jpg\",\"contentUrl\":\"https:\/\/deputadotaveirajr.com.br\/wp-content\/uploads\/2025\/07\/whatsapp-image-2021-09-05-at-17.14.04-qexo01.jpg\",\"width\":1599,\"height\":1066},{\"@type\":\"BreadcrumbList\",\"@id\":\"https:\/\/deputadotaveirajr.com.br\/index.php\/litoral-potiguar-tem-4-pontos-improprios-para-o-banho-veja-quais\/#breadcrumb\",\"itemListElement\":[{\"@type\":\"ListItem\",\"position\":1,\"name\":\"In\u00edcio\",\"item\":\"https:\/\/deputadotaveirajr.com.br\/\"},{\"@type\":\"ListItem\",\"position\":2,\"name\":\"Litoral potiguar tem 4 pontos impr\u00f3prios para o banho; veja quais\"}]},{\"@type\":\"WebSite\",\"@id\":\"https:\/\/deputadotaveirajr.com.br\/#website\",\"url\":\"https:\/\/deputadotaveirajr.com.br\/\",\"name\":\"Taveira Jr\",\"description\":\"Deputado Estadual\",\"publisher\":{\"@id\":\"https:\/\/deputadotaveirajr.com.br\/#organization\"},\"potentialAction\":[{\"@type\":\"SearchAction\",\"target\":{\"@type\":\"EntryPoint\",\"urlTemplate\":\"https:\/\/deputadotaveirajr.com.br\/?s={search_term_string}\"},\"query-input\":{\"@type\":\"PropertyValueSpecification\",\"valueRequired\":true,\"valueName\":\"search_term_string\"}}],\"inLanguage\":\"pt-BR\"},{\"@type\":\"Organization\",\"@id\":\"https:\/\/deputadotaveirajr.com.br\/#organization\",\"name\":\"Taveira Jr\",\"url\":\"https:\/\/deputadotaveirajr.com.br\/\",\"logo\":{\"@type\":\"ImageObject\",\"inLanguage\":\"pt-BR\",\"@id\":\"https:\/\/deputadotaveirajr.com.br\/#\/schema\/logo\/image\/\",\"url\":\"https:\/\/deputadotaveirajr.com.br\/wp-content\/uploads\/2026\/01\/logolow2a.png\",\"contentUrl\":\"https:\/\/deputadotaveirajr.com.br\/wp-content\/uploads\/2026\/01\/logolow2a.png\",\"width\":290,\"height\":80,\"caption\":\"Taveira Jr\"},\"image\":{\"@id\":\"https:\/\/deputadotaveirajr.com.br\/#\/schema\/logo\/image\/\"}}]}<\/script>\n<!-- \/ Yoast SEO plugin. -->","yoast_head_json":{"title":"Litoral potiguar tem 4 pontos impr\u00f3prios para o banho; veja quais - Taveira Jr","robots":{"index":"index","follow":"follow","max-snippet":"max-snippet:-1","max-image-preview":"max-image-preview:large","max-video-preview":"max-video-preview:-1"},"canonical":"https:\/\/deputadotaveirajr.com.br\/index.php\/litoral-potiguar-tem-4-pontos-improprios-para-o-banho-veja-quais\/","og_locale":"pt_BR","og_type":"article","og_title":"Litoral potiguar tem 4 pontos impr\u00f3prios para o banho; veja quais - Taveira Jr","og_description":"Outros 29 trechos de praias e rios analisados est\u00e3o pr\u00f3prios para banhistas, segundo boletim publicado nesta sexta-feira (4) pelo Idema. Pesquisadores fazem an\u00e1lise da \u00e1gua no rio Pium, na Grande ...","og_url":"https:\/\/deputadotaveirajr.com.br\/index.php\/litoral-potiguar-tem-4-pontos-improprios-para-o-banho-veja-quais\/","og_site_name":"Taveira Jr","og_image":[{"url":"https:\/\/s2-g1.glbimg.com\/y7ncR_NzSxzuepKLvjjZdjEBqxk=\/i.s3.glbimg.com\/v1\/AUTH_59edd422c0c84a879bd37670ae4f538a\/internal_photos\/bs\/2021\/B\/z\/EAwWRzRFKyMzEMuchaHg\/whatsapp-image-2021-09-05-at-17.14.04.jpeg","type":"","width":"","height":""}],"twitter_card":"summary_large_image","twitter_misc":{"Est. tempo de leitura":"2 minutos"},"schema":{"@context":"https:\/\/schema.org","@graph":[{"@type":"WebPage","@id":"https:\/\/deputadotaveirajr.com.br\/index.php\/litoral-potiguar-tem-4-pontos-improprios-para-o-banho-veja-quais\/","url":"https:\/\/deputadotaveirajr.com.br\/index.php\/litoral-potiguar-tem-4-pontos-improprios-para-o-banho-veja-quais\/","name":"Litoral potiguar tem 4 pontos impr\u00f3prios para o banho; veja quais - Taveira Jr","isPartOf":{"@id":"https:\/\/deputadotaveirajr.com.br\/#website"},"primaryImageOfPage":{"@id":"https:\/\/deputadotaveirajr.com.br\/index.php\/litoral-potiguar-tem-4-pontos-improprios-para-o-banho-veja-quais\/#primaryimage"},"image":{"@id":"https:\/\/deputadotaveirajr.com.br\/index.php\/litoral-potiguar-tem-4-pontos-improprios-para-o-banho-veja-quais\/#primaryimage"},"thumbnailUrl":"https:\/\/deputadotaveirajr.com.br\/wp-content\/uploads\/2025\/07\/whatsapp-image-2021-09-05-at-17.14.04-qexo01.jpg","datePublished":"2025-07-05T13:38:29+00:00","breadcrumb":{"@id":"https:\/\/deputadotaveirajr.com.br\/index.php\/litoral-potiguar-tem-4-pontos-improprios-para-o-banho-veja-quais\/#breadcrumb"},"inLanguage":"pt-BR","potentialAction":[{"@type":"ReadAction","target":["https:\/\/deputadotaveirajr.com.br\/index.php\/litoral-potiguar-tem-4-pontos-improprios-para-o-banho-veja-quais\/"]}]},{"@type":"ImageObject","inLanguage":"pt-BR","@id":"https:\/\/deputadotaveirajr.com.br\/index.php\/litoral-potiguar-tem-4-pontos-improprios-para-o-banho-veja-quais\/#primaryimage","url":"https:\/\/deputadotaveirajr.com.br\/wp-content\/uploads\/2025\/07\/whatsapp-image-2021-09-05-at-17.14.04-qexo01.jpg","contentUrl":"https:\/\/deputadotaveirajr.com.br\/wp-content\/uploads\/2025\/07\/whatsapp-image-2021-09-05-at-17.14.04-qexo01.jpg","width":1599,"height":1066},{"@type":"BreadcrumbList","@id":"https:\/\/deputadotaveirajr.com.br\/index.php\/litoral-potiguar-tem-4-pontos-improprios-para-o-banho-veja-quais\/#breadcrumb","itemListElement":[{"@type":"ListItem","position":1,"name":"In\u00edcio","item":"https:\/\/deputadotaveirajr.com.br\/"},{"@type":"ListItem","position":2,"name":"Litoral potiguar tem 4 pontos impr\u00f3prios para o banho; veja quais"}]},{"@type":"WebSite","@id":"https:\/\/deputadotaveirajr.com.br\/#website","url":"https:\/\/deputadotaveirajr.com.br\/","name":"Taveira Jr","description":"Deputado Estadual","publisher":{"@id":"https:\/\/deputadotaveirajr.com.br\/#organization"},"potentialAction":[{"@type":"SearchAction","target":{"@type":"EntryPoint","urlTemplate":"https:\/\/deputadotaveirajr.com.br\/?s={search_term_string}"},"query-input":{"@type":"PropertyValueSpecification","valueRequired":true,"valueName":"search_term_string"}}],"inLanguage":"pt-BR"},{"@type":"Organization","@id":"https:\/\/deputadotaveirajr.com.br\/#organization","name":"Taveira Jr","url":"https:\/\/deputadotaveirajr.com.br\/","logo":{"@type":"ImageObject","inLanguage":"pt-BR","@id":"https:\/\/deputadotaveirajr.com.br\/#\/schema\/logo\/image\/","url":"https:\/\/deputadotaveirajr.com.br\/wp-content\/uploads\/2026\/01\/logolow2a.png","contentUrl":"https:\/\/deputadotaveirajr.com.br\/wp-content\/uploads\/2026\/01\/logolow2a.png","width":290,"height":80,"caption":"Taveira Jr"},"image":{"@id":"https:\/\/deputadotaveirajr.com.br\/#\/schema\/logo\/image\/"}}]}},"_links":{"self":[{"href":"https:\/\/deputadotaveirajr.com.br\/index.php\/wp-json\/wp\/v2\/pages\/13573","targetHints":{"allow":["GET"]}}],"collection":[{"href":"https:\/\/deputadotaveirajr.com.br\/index.php\/wp-json\/wp\/v2\/pages"}],"about":[{"href":"https:\/\/deputadotaveirajr.com.br\/index.php\/wp-json\/wp\/v2\/types\/page"}],"replies":[{"embeddable":true,"href":"https:\/\/deputadotaveirajr.com.br\/index.php\/wp-json\/wp\/v2\/comments?post=13573"}],"version-history":[{"count":0,"href":"https:\/\/deputadotaveirajr.com.br\/index.php\/wp-json\/wp\/v2\/pages\/13573\/revisions"}],"wp:featuredmedia":[{"embeddable":true,"href":"https:\/\/deputadotaveirajr.com.br\/index.php\/wp-json\/wp\/v2\/media\/13574"}],"wp:attachment":[{"href":"https:\/\/deputadotaveirajr.com.br\/index.php\/wp-json\/wp\/v2\/media?parent=13573"}],"curies":[{"name":"wp","href":"https:\/\/api.w.org\/{rel}","templated":true}]}}