{"id":13575,"date":"2025-07-06T15:38:38","date_gmt":"2025-07-06T18:38:38","guid":{"rendered":"https:\/\/deputadotaveirajr.com.br\/index.php\/jovem-e-morta-a-tiros-na-grande-natal\/"},"modified":"2025-07-06T15:38:38","modified_gmt":"2025-07-06T18:38:38","slug":"jovem-e-morta-a-tiros-na-grande-natal","status":"publish","type":"page","link":"https:\/\/deputadotaveirajr.com.br\/index.php\/jovem-e-morta-a-tiros-na-grande-natal\/","title":{"rendered":"Jovem \u00e9 morta a tiros na Grande Natal"},"content":{"rendered":"<p><img decoding=\"async\" src=\"https:\/\/s2-g1.glbimg.com\/DfXtHOidQRHfQC7aUuJx7MONxVA=\/i.s3.glbimg.com\/v1\/AUTH_59edd422c0c84a879bd37670ae4f538a\/internal_photos\/bs\/2025\/7\/O\/YKM7oVQSq6ZBxO1dJwKQ\/whatsapp-image-2025-07-06-at-09.31.27.jpeg\" \/><br \/>     Crime aconteceu em uma zona rural da cidade de Cear\u00e1-Mirim na madrugada deste domingo (6). V\u00edtima foi identificada como Maria Bruna. Maria Bruna tinha 27 anos de idade<br \/>\nDivulga\u00e7\u00e3o<br \/>\nUma jovem de 27 anos de idade foi morta a tiros na madrugada deste domingo (6) em Cear\u00e1-Mirim, na Regi\u00e3o Metropolitana de Natal. O crime teria ocorrido em uma tentativa de assalto.<br \/>\nA jovem foi identificada como Maria Bruna. Segundo relatos de pessoas pr\u00f3ximas, ela teria sido atingida com tiros dentro do carro.<br \/>\n\ud83d\udcf3Participe do canal do g1 RN no WhatsApp<br \/>\nO crime ocorreu na RN-064 na altura da comunidade Riach\u00e3o. Ela estava com a fam\u00edlia em um carro, voltando de um arrai\u00e1, quando foi atingida pelo disparo. Ela chegou a ser socorrida, mas n\u00e3o resistiu aos ferimentos e morreu.<br \/>\nEm nota, a prefeitura de Cear\u00e1-Mirim manifestou &#8220;profundo pesar e solidariedade \u00e0 fam\u00edlia e amigos de Maria Bruna, jovem ceareamirinense, nascida em 1997, que teve sua vida interrompida de forma tr\u00e1gica&#8221;.<br \/>\nA nota citou que a jovem era filha de de ministros da eucaristia da comunidade de S\u00e3o Geraldo, al\u00e9m de destacar o marido. O munic\u00edpoio tratou a fam\u00edlia como &#8220;muito querida e respeitada por todos&#8221;.<br \/>\nO vel\u00f3rio da jovem foi marcado para este domingo, a partir das 15h, na pr\u00f3pria resid\u00eancia dela. A missa de corpo presente foi marcada para ser celebrada segunda-feira, \u00e0s 8h, no santu\u00e1rio da cidade.<br \/>\n&#8220;Neste momento de dor, nos unimos em ora\u00e7\u00e3o e solidariedade, pedindo a Deus que conceda for\u00e7a aos seus familiares e que Maria Bruna descanse em paz&#8221;, informou o munic\u00edpio.<br \/>\nA Pol\u00edcia Civil assumiu a investiga\u00e7\u00e3o do caso.<br \/>\n\u2b07\ufe0f Veja, abaixo, reportagem sobre homem \u00e9 preso na grande Natal suspeito de estuprar e matar enteada:<br \/>\nHomem \u00e9 preso na grande Natal suspeito de estuprar e matar enteada<br \/>\nV\u00eddeos mais assistidos do g1 RN<\/p>","protected":false},"excerpt":{"rendered":"<p>Crime aconteceu em uma zona rural da cidade de Cear\u00e1-Mirim na madrugada deste domingo (6). V\u00edtima foi identificada como Maria Bruna. Maria Bruna tinha 27 anos de idade Divulga\u00e7\u00e3o Uma &#8230;<\/p>\n","protected":false},"author":0,"featured_media":13576,"parent":0,"menu_order":0,"comment_status":"closed","ping_status":"closed","template":"","meta":{"footnotes":""},"class_list":["post-13575","page","type-page","status-publish","has-post-thumbnail","hentry"],"yoast_head":"<!-- This site is optimized with the Yoast SEO plugin v27.1.1 - https:\/\/yoast.com\/product\/yoast-seo-wordpress\/ -->\n<title>Jovem \u00e9 morta a tiros na Grande Natal - Taveira Jr<\/title>\n<meta name=\"robots\" content=\"index, follow, max-snippet:-1, max-image-preview:large, max-video-preview:-1\" \/>\n<link rel=\"canonical\" href=\"https:\/\/deputadotaveirajr.com.br\/index.php\/jovem-e-morta-a-tiros-na-grande-natal\/\" \/>\n<meta property=\"og:locale\" content=\"pt_BR\" \/>\n<meta property=\"og:type\" content=\"article\" \/>\n<meta property=\"og:title\" content=\"Jovem \u00e9 morta a tiros na Grande Natal - Taveira Jr\" \/>\n<meta property=\"og:description\" content=\"Crime aconteceu em uma zona rural da cidade de Cear\u00e1-Mirim na madrugada deste domingo (6). V\u00edtima foi identificada como Maria Bruna. Maria Bruna tinha 27 anos de idade Divulga\u00e7\u00e3o Uma ...\" \/>\n<meta property=\"og:url\" content=\"https:\/\/deputadotaveirajr.com.br\/index.php\/jovem-e-morta-a-tiros-na-grande-natal\/\" \/>\n<meta property=\"og:site_name\" content=\"Taveira Jr\" \/>\n<meta property=\"og:image\" content=\"https:\/\/s2-g1.glbimg.com\/DfXtHOidQRHfQC7aUuJx7MONxVA=\/i.s3.glbimg.com\/v1\/AUTH_59edd422c0c84a879bd37670ae4f538a\/internal_photos\/bs\/2025\/7\/O\/YKM7oVQSq6ZBxO1dJwKQ\/whatsapp-image-2025-07-06-at-09.31.27.jpeg\" \/>\n<meta name=\"twitter:card\" content=\"summary_large_image\" \/>\n<meta name=\"twitter:label1\" content=\"Est. tempo de leitura\" \/>\n\t<meta name=\"twitter:data1\" content=\"2 minutos\" \/>\n<script type=\"application\/ld+json\" class=\"yoast-schema-graph\">{\"@context\":\"https:\/\/schema.org\",\"@graph\":[{\"@type\":\"WebPage\",\"@id\":\"https:\/\/deputadotaveirajr.com.br\/index.php\/jovem-e-morta-a-tiros-na-grande-natal\/\",\"url\":\"https:\/\/deputadotaveirajr.com.br\/index.php\/jovem-e-morta-a-tiros-na-grande-natal\/\",\"name\":\"Jovem \u00e9 morta a tiros na Grande Natal - Taveira Jr\",\"isPartOf\":{\"@id\":\"https:\/\/deputadotaveirajr.com.br\/#website\"},\"primaryImageOfPage\":{\"@id\":\"https:\/\/deputadotaveirajr.com.br\/index.php\/jovem-e-morta-a-tiros-na-grande-natal\/#primaryimage\"},\"image\":{\"@id\":\"https:\/\/deputadotaveirajr.com.br\/index.php\/jovem-e-morta-a-tiros-na-grande-natal\/#primaryimage\"},\"thumbnailUrl\":\"https:\/\/deputadotaveirajr.com.br\/wp-content\/uploads\/2025\/07\/whatsapp-image-2025-07-06-at-09.31.27-MjcSAH.jpg\",\"datePublished\":\"2025-07-06T18:38:38+00:00\",\"breadcrumb\":{\"@id\":\"https:\/\/deputadotaveirajr.com.br\/index.php\/jovem-e-morta-a-tiros-na-grande-natal\/#breadcrumb\"},\"inLanguage\":\"pt-BR\",\"potentialAction\":[{\"@type\":\"ReadAction\",\"target\":[\"https:\/\/deputadotaveirajr.com.br\/index.php\/jovem-e-morta-a-tiros-na-grande-natal\/\"]}]},{\"@type\":\"ImageObject\",\"inLanguage\":\"pt-BR\",\"@id\":\"https:\/\/deputadotaveirajr.com.br\/index.php\/jovem-e-morta-a-tiros-na-grande-natal\/#primaryimage\",\"url\":\"https:\/\/deputadotaveirajr.com.br\/wp-content\/uploads\/2025\/07\/whatsapp-image-2025-07-06-at-09.31.27-MjcSAH.jpg\",\"contentUrl\":\"https:\/\/deputadotaveirajr.com.br\/wp-content\/uploads\/2025\/07\/whatsapp-image-2025-07-06-at-09.31.27-MjcSAH.jpg\",\"width\":1200,\"height\":1482},{\"@type\":\"BreadcrumbList\",\"@id\":\"https:\/\/deputadotaveirajr.com.br\/index.php\/jovem-e-morta-a-tiros-na-grande-natal\/#breadcrumb\",\"itemListElement\":[{\"@type\":\"ListItem\",\"position\":1,\"name\":\"In\u00edcio\",\"item\":\"https:\/\/deputadotaveirajr.com.br\/\"},{\"@type\":\"ListItem\",\"position\":2,\"name\":\"Jovem \u00e9 morta a tiros na Grande Natal\"}]},{\"@type\":\"WebSite\",\"@id\":\"https:\/\/deputadotaveirajr.com.br\/#website\",\"url\":\"https:\/\/deputadotaveirajr.com.br\/\",\"name\":\"Taveira Jr\",\"description\":\"Deputado Estadual\",\"publisher\":{\"@id\":\"https:\/\/deputadotaveirajr.com.br\/#organization\"},\"potentialAction\":[{\"@type\":\"SearchAction\",\"target\":{\"@type\":\"EntryPoint\",\"urlTemplate\":\"https:\/\/deputadotaveirajr.com.br\/?s={search_term_string}\"},\"query-input\":{\"@type\":\"PropertyValueSpecification\",\"valueRequired\":true,\"valueName\":\"search_term_string\"}}],\"inLanguage\":\"pt-BR\"},{\"@type\":\"Organization\",\"@id\":\"https:\/\/deputadotaveirajr.com.br\/#organization\",\"name\":\"Taveira Jr\",\"url\":\"https:\/\/deputadotaveirajr.com.br\/\",\"logo\":{\"@type\":\"ImageObject\",\"inLanguage\":\"pt-BR\",\"@id\":\"https:\/\/deputadotaveirajr.com.br\/#\/schema\/logo\/image\/\",\"url\":\"https:\/\/deputadotaveirajr.com.br\/wp-content\/uploads\/2026\/01\/logolow2a.png\",\"contentUrl\":\"https:\/\/deputadotaveirajr.com.br\/wp-content\/uploads\/2026\/01\/logolow2a.png\",\"width\":290,\"height\":80,\"caption\":\"Taveira Jr\"},\"image\":{\"@id\":\"https:\/\/deputadotaveirajr.com.br\/#\/schema\/logo\/image\/\"}}]}<\/script>\n<!-- \/ Yoast SEO plugin. -->","yoast_head_json":{"title":"Jovem \u00e9 morta a tiros na Grande Natal - Taveira Jr","robots":{"index":"index","follow":"follow","max-snippet":"max-snippet:-1","max-image-preview":"max-image-preview:large","max-video-preview":"max-video-preview:-1"},"canonical":"https:\/\/deputadotaveirajr.com.br\/index.php\/jovem-e-morta-a-tiros-na-grande-natal\/","og_locale":"pt_BR","og_type":"article","og_title":"Jovem \u00e9 morta a tiros na Grande Natal - Taveira Jr","og_description":"Crime aconteceu em uma zona rural da cidade de Cear\u00e1-Mirim na madrugada deste domingo (6). V\u00edtima foi identificada como Maria Bruna. Maria Bruna tinha 27 anos de idade Divulga\u00e7\u00e3o Uma ...","og_url":"https:\/\/deputadotaveirajr.com.br\/index.php\/jovem-e-morta-a-tiros-na-grande-natal\/","og_site_name":"Taveira Jr","og_image":[{"url":"https:\/\/s2-g1.glbimg.com\/DfXtHOidQRHfQC7aUuJx7MONxVA=\/i.s3.glbimg.com\/v1\/AUTH_59edd422c0c84a879bd37670ae4f538a\/internal_photos\/bs\/2025\/7\/O\/YKM7oVQSq6ZBxO1dJwKQ\/whatsapp-image-2025-07-06-at-09.31.27.jpeg","type":"","width":"","height":""}],"twitter_card":"summary_large_image","twitter_misc":{"Est. tempo de leitura":"2 minutos"},"schema":{"@context":"https:\/\/schema.org","@graph":[{"@type":"WebPage","@id":"https:\/\/deputadotaveirajr.com.br\/index.php\/jovem-e-morta-a-tiros-na-grande-natal\/","url":"https:\/\/deputadotaveirajr.com.br\/index.php\/jovem-e-morta-a-tiros-na-grande-natal\/","name":"Jovem \u00e9 morta a tiros na Grande Natal - Taveira Jr","isPartOf":{"@id":"https:\/\/deputadotaveirajr.com.br\/#website"},"primaryImageOfPage":{"@id":"https:\/\/deputadotaveirajr.com.br\/index.php\/jovem-e-morta-a-tiros-na-grande-natal\/#primaryimage"},"image":{"@id":"https:\/\/deputadotaveirajr.com.br\/index.php\/jovem-e-morta-a-tiros-na-grande-natal\/#primaryimage"},"thumbnailUrl":"https:\/\/deputadotaveirajr.com.br\/wp-content\/uploads\/2025\/07\/whatsapp-image-2025-07-06-at-09.31.27-MjcSAH.jpg","datePublished":"2025-07-06T18:38:38+00:00","breadcrumb":{"@id":"https:\/\/deputadotaveirajr.com.br\/index.php\/jovem-e-morta-a-tiros-na-grande-natal\/#breadcrumb"},"inLanguage":"pt-BR","potentialAction":[{"@type":"ReadAction","target":["https:\/\/deputadotaveirajr.com.br\/index.php\/jovem-e-morta-a-tiros-na-grande-natal\/"]}]},{"@type":"ImageObject","inLanguage":"pt-BR","@id":"https:\/\/deputadotaveirajr.com.br\/index.php\/jovem-e-morta-a-tiros-na-grande-natal\/#primaryimage","url":"https:\/\/deputadotaveirajr.com.br\/wp-content\/uploads\/2025\/07\/whatsapp-image-2025-07-06-at-09.31.27-MjcSAH.jpg","contentUrl":"https:\/\/deputadotaveirajr.com.br\/wp-content\/uploads\/2025\/07\/whatsapp-image-2025-07-06-at-09.31.27-MjcSAH.jpg","width":1200,"height":1482},{"@type":"BreadcrumbList","@id":"https:\/\/deputadotaveirajr.com.br\/index.php\/jovem-e-morta-a-tiros-na-grande-natal\/#breadcrumb","itemListElement":[{"@type":"ListItem","position":1,"name":"In\u00edcio","item":"https:\/\/deputadotaveirajr.com.br\/"},{"@type":"ListItem","position":2,"name":"Jovem \u00e9 morta a tiros na Grande Natal"}]},{"@type":"WebSite","@id":"https:\/\/deputadotaveirajr.com.br\/#website","url":"https:\/\/deputadotaveirajr.com.br\/","name":"Taveira Jr","description":"Deputado Estadual","publisher":{"@id":"https:\/\/deputadotaveirajr.com.br\/#organization"},"potentialAction":[{"@type":"SearchAction","target":{"@type":"EntryPoint","urlTemplate":"https:\/\/deputadotaveirajr.com.br\/?s={search_term_string}"},"query-input":{"@type":"PropertyValueSpecification","valueRequired":true,"valueName":"search_term_string"}}],"inLanguage":"pt-BR"},{"@type":"Organization","@id":"https:\/\/deputadotaveirajr.com.br\/#organization","name":"Taveira Jr","url":"https:\/\/deputadotaveirajr.com.br\/","logo":{"@type":"ImageObject","inLanguage":"pt-BR","@id":"https:\/\/deputadotaveirajr.com.br\/#\/schema\/logo\/image\/","url":"https:\/\/deputadotaveirajr.com.br\/wp-content\/uploads\/2026\/01\/logolow2a.png","contentUrl":"https:\/\/deputadotaveirajr.com.br\/wp-content\/uploads\/2026\/01\/logolow2a.png","width":290,"height":80,"caption":"Taveira Jr"},"image":{"@id":"https:\/\/deputadotaveirajr.com.br\/#\/schema\/logo\/image\/"}}]}},"_links":{"self":[{"href":"https:\/\/deputadotaveirajr.com.br\/index.php\/wp-json\/wp\/v2\/pages\/13575","targetHints":{"allow":["GET"]}}],"collection":[{"href":"https:\/\/deputadotaveirajr.com.br\/index.php\/wp-json\/wp\/v2\/pages"}],"about":[{"href":"https:\/\/deputadotaveirajr.com.br\/index.php\/wp-json\/wp\/v2\/types\/page"}],"replies":[{"embeddable":true,"href":"https:\/\/deputadotaveirajr.com.br\/index.php\/wp-json\/wp\/v2\/comments?post=13575"}],"version-history":[{"count":0,"href":"https:\/\/deputadotaveirajr.com.br\/index.php\/wp-json\/wp\/v2\/pages\/13575\/revisions"}],"wp:featuredmedia":[{"embeddable":true,"href":"https:\/\/deputadotaveirajr.com.br\/index.php\/wp-json\/wp\/v2\/media\/13576"}],"wp:attachment":[{"href":"https:\/\/deputadotaveirajr.com.br\/index.php\/wp-json\/wp\/v2\/media?parent=13575"}],"curies":[{"name":"wp","href":"https:\/\/api.w.org\/{rel}","templated":true}]}}