{"id":13620,"date":"2025-07-09T15:03:59","date_gmt":"2025-07-09T18:03:59","guid":{"rendered":"https:\/\/deputadotaveirajr.com.br\/index.php\/inmet-mantem-alerta-de-chuvas-para-natal-e-mais-19-cidades-do-rn\/"},"modified":"2025-07-09T15:03:59","modified_gmt":"2025-07-09T18:03:59","slug":"inmet-mantem-alerta-de-chuvas-para-natal-e-mais-19-cidades-do-rn","status":"publish","type":"page","link":"https:\/\/deputadotaveirajr.com.br\/index.php\/inmet-mantem-alerta-de-chuvas-para-natal-e-mais-19-cidades-do-rn\/","title":{"rendered":"Inmet mant\u00e9m alerta de chuvas para Natal e mais 19 cidades do RN"},"content":{"rendered":"<p><img decoding=\"async\" src=\"https:\/\/s2-g1.glbimg.com\/w3YDLsKCJG9IdvB_SksDZBgPEsc=\/i.s3.glbimg.com\/v1\/AUTH_59edd422c0c84a879bd37670ae4f538a\/internal_photos\/bs\/2025\/t\/j\/Wg6nojSgGFcjyhv8Cefw\/inmet4785.jpg\" \/><br \/>     Aviso reduziu de 85 para 20 cidades e vale at\u00e9 10h desta quinta-feira (10), com previs\u00e3o de chuvas de 20 a 30 mil\u00edmetros por hora ou at\u00e9 de 50 mm por dia. Alerta do Inmet de chuvas para Natal e mais 19 cidades do RN<br \/>\nDivulga\u00e7\u00e3o\/Inmet<br \/>\nO Instituto Nacional de Meteorologia (Inmet) manteve o alerta de acumulado de chuvas para Natal e outras 19 cidades do Rio Grande do Norte. O aviso anterior era para 85 munic\u00edpios.<br \/>\nO novo alerta vale at\u00e9 10h desta quinta-feira (10). (Veja lista de cidades mais abaixo).<br \/>\n\ud83d\udcf3Participe do canal do g1 RN no WhatsApp<br \/>\n\ud83d\udfe1 O aviso \u00e9 da cor amarela, de perigo potencial, o n\u00edvel mais baixo na escala de severidade do Inmet. Os dois n\u00edveis acima s\u00e3o laranja (perigo) e vermelho (grande perigo).<br \/>\nNeste tipo de alerta, as chuvas previstas ficam entre 20 a 30 mil\u00edmetros por hora ou at\u00e9 de 50 mm por dia.<br \/>\nSegundo o \u00f3rg\u00e3o, h\u00e1 &#8220;baixo risco de alagamentos e pequenos deslizamentos, em cidades com tais \u00e1reas de risco&#8221;.<br \/>\nEm caso de chuvas, \u00e9 recomendado pelo Instituto:<br \/>\nevitar enfrentar o mau tempo;<br \/>\nobservar altera\u00e7\u00f5es nas encostas;<br \/>\nevitar usar aparelhos eletr\u00f4nicos ligados \u00e0 tomada.<br \/>\nEm caso de necessidade ou para buscar mais informa\u00e7\u00f5es, a orienta\u00e7\u00e3o \u00e9 acionar a Defesa Civil (telefone 199) e o Corpo de Bombeiros (telefone 193).<br \/>\n\u27a1\ufe0f O aviso de acumulado de chuvas se diferere do de chuvas intensas porque ele considera apenas o volume das chuvas, enquanto o segundo aviso considera ainda as descargas el\u00e9tricas e a possibilidade de ventania, o que n\u00e3o est\u00e1 previsto neste alerta para o Rio Grande do Norte.<br \/>\nArez<br \/>\nBa\u00eda Formosa<br \/>\nCanguaretama<br \/>\nCear\u00e1-Mirim<br \/>\nExtremoz<br \/>\nGoianinha<br \/>\nMaca\u00edba<br \/>\nMaxaranguape<br \/>\nNatal<br \/>\nN\u00edsia Floresta<br \/>\nParnamirim<br \/>\nPureza<br \/>\nRio do Fogo<br \/>\nS\u00e3o Gon\u00e7alo do Amarante<br \/>\nS\u00e3o Jos\u00e9 de Mipibu<br \/>\nS\u00e3o Miguel do Gostoso<br \/>\nSenador Georgino Avelino<br \/>\nTibau do Sul<br \/>\nTouros<br \/>\nVila Flor<br \/>\n\u2b07\ufe0f Em junho, as chuvas causaram estragos em Natal, e problemas cr\u00f4nicos voltaram a aparecer. Confira abaixo:<br \/>\nMoradores enfrentam estragos ap\u00f3s chuvas em Natal<br \/>\nV\u00eddeos mais assistidos do g1 RN<\/p>","protected":false},"excerpt":{"rendered":"<p>Aviso reduziu de 85 para 20 cidades e vale at\u00e9 10h desta quinta-feira (10), com previs\u00e3o de chuvas de 20 a 30 mil\u00edmetros por hora ou at\u00e9 de 50 mm &#8230;<\/p>\n","protected":false},"author":0,"featured_media":13621,"parent":0,"menu_order":0,"comment_status":"closed","ping_status":"closed","template":"","meta":{"footnotes":""},"class_list":["post-13620","page","type-page","status-publish","has-post-thumbnail","hentry"],"yoast_head":"<!-- This site is optimized with the Yoast SEO plugin v27.1.1 - https:\/\/yoast.com\/product\/yoast-seo-wordpress\/ -->\n<title>Inmet mant\u00e9m alerta de chuvas para Natal e mais 19 cidades do RN - Taveira Jr<\/title>\n<meta name=\"robots\" content=\"index, follow, max-snippet:-1, max-image-preview:large, max-video-preview:-1\" \/>\n<link rel=\"canonical\" href=\"https:\/\/deputadotaveirajr.com.br\/index.php\/inmet-mantem-alerta-de-chuvas-para-natal-e-mais-19-cidades-do-rn\/\" \/>\n<meta property=\"og:locale\" content=\"pt_BR\" \/>\n<meta property=\"og:type\" content=\"article\" \/>\n<meta property=\"og:title\" content=\"Inmet mant\u00e9m alerta de chuvas para Natal e mais 19 cidades do RN - Taveira Jr\" \/>\n<meta property=\"og:description\" content=\"Aviso reduziu de 85 para 20 cidades e vale at\u00e9 10h desta quinta-feira (10), com previs\u00e3o de chuvas de 20 a 30 mil\u00edmetros por hora ou at\u00e9 de 50 mm ...\" \/>\n<meta property=\"og:url\" content=\"https:\/\/deputadotaveirajr.com.br\/index.php\/inmet-mantem-alerta-de-chuvas-para-natal-e-mais-19-cidades-do-rn\/\" \/>\n<meta property=\"og:site_name\" content=\"Taveira Jr\" \/>\n<meta property=\"og:image\" content=\"https:\/\/s2-g1.glbimg.com\/w3YDLsKCJG9IdvB_SksDZBgPEsc=\/i.s3.glbimg.com\/v1\/AUTH_59edd422c0c84a879bd37670ae4f538a\/internal_photos\/bs\/2025\/t\/j\/Wg6nojSgGFcjyhv8Cefw\/inmet4785.jpg\" \/>\n<meta name=\"twitter:card\" content=\"summary_large_image\" \/>\n<meta name=\"twitter:label1\" content=\"Est. tempo de leitura\" \/>\n\t<meta name=\"twitter:data1\" content=\"2 minutos\" \/>\n<script type=\"application\/ld+json\" class=\"yoast-schema-graph\">{\"@context\":\"https:\/\/schema.org\",\"@graph\":[{\"@type\":\"WebPage\",\"@id\":\"https:\/\/deputadotaveirajr.com.br\/index.php\/inmet-mantem-alerta-de-chuvas-para-natal-e-mais-19-cidades-do-rn\/\",\"url\":\"https:\/\/deputadotaveirajr.com.br\/index.php\/inmet-mantem-alerta-de-chuvas-para-natal-e-mais-19-cidades-do-rn\/\",\"name\":\"Inmet mant\u00e9m alerta de chuvas para Natal e mais 19 cidades do RN - Taveira Jr\",\"isPartOf\":{\"@id\":\"https:\/\/deputadotaveirajr.com.br\/#website\"},\"primaryImageOfPage\":{\"@id\":\"https:\/\/deputadotaveirajr.com.br\/index.php\/inmet-mantem-alerta-de-chuvas-para-natal-e-mais-19-cidades-do-rn\/#primaryimage\"},\"image\":{\"@id\":\"https:\/\/deputadotaveirajr.com.br\/index.php\/inmet-mantem-alerta-de-chuvas-para-natal-e-mais-19-cidades-do-rn\/#primaryimage\"},\"thumbnailUrl\":\"https:\/\/deputadotaveirajr.com.br\/wp-content\/uploads\/2025\/07\/inmet4785-1GJUWu.jpg\",\"datePublished\":\"2025-07-09T18:03:59+00:00\",\"breadcrumb\":{\"@id\":\"https:\/\/deputadotaveirajr.com.br\/index.php\/inmet-mantem-alerta-de-chuvas-para-natal-e-mais-19-cidades-do-rn\/#breadcrumb\"},\"inLanguage\":\"pt-BR\",\"potentialAction\":[{\"@type\":\"ReadAction\",\"target\":[\"https:\/\/deputadotaveirajr.com.br\/index.php\/inmet-mantem-alerta-de-chuvas-para-natal-e-mais-19-cidades-do-rn\/\"]}]},{\"@type\":\"ImageObject\",\"inLanguage\":\"pt-BR\",\"@id\":\"https:\/\/deputadotaveirajr.com.br\/index.php\/inmet-mantem-alerta-de-chuvas-para-natal-e-mais-19-cidades-do-rn\/#primaryimage\",\"url\":\"https:\/\/deputadotaveirajr.com.br\/wp-content\/uploads\/2025\/07\/inmet4785-1GJUWu.jpg\",\"contentUrl\":\"https:\/\/deputadotaveirajr.com.br\/wp-content\/uploads\/2025\/07\/inmet4785-1GJUWu.jpg\",\"width\":1200,\"height\":815},{\"@type\":\"BreadcrumbList\",\"@id\":\"https:\/\/deputadotaveirajr.com.br\/index.php\/inmet-mantem-alerta-de-chuvas-para-natal-e-mais-19-cidades-do-rn\/#breadcrumb\",\"itemListElement\":[{\"@type\":\"ListItem\",\"position\":1,\"name\":\"In\u00edcio\",\"item\":\"https:\/\/deputadotaveirajr.com.br\/\"},{\"@type\":\"ListItem\",\"position\":2,\"name\":\"Inmet mant\u00e9m alerta de chuvas para Natal e mais 19 cidades do RN\"}]},{\"@type\":\"WebSite\",\"@id\":\"https:\/\/deputadotaveirajr.com.br\/#website\",\"url\":\"https:\/\/deputadotaveirajr.com.br\/\",\"name\":\"Taveira Jr\",\"description\":\"Deputado Estadual\",\"publisher\":{\"@id\":\"https:\/\/deputadotaveirajr.com.br\/#organization\"},\"potentialAction\":[{\"@type\":\"SearchAction\",\"target\":{\"@type\":\"EntryPoint\",\"urlTemplate\":\"https:\/\/deputadotaveirajr.com.br\/?s={search_term_string}\"},\"query-input\":{\"@type\":\"PropertyValueSpecification\",\"valueRequired\":true,\"valueName\":\"search_term_string\"}}],\"inLanguage\":\"pt-BR\"},{\"@type\":\"Organization\",\"@id\":\"https:\/\/deputadotaveirajr.com.br\/#organization\",\"name\":\"Taveira Jr\",\"url\":\"https:\/\/deputadotaveirajr.com.br\/\",\"logo\":{\"@type\":\"ImageObject\",\"inLanguage\":\"pt-BR\",\"@id\":\"https:\/\/deputadotaveirajr.com.br\/#\/schema\/logo\/image\/\",\"url\":\"https:\/\/deputadotaveirajr.com.br\/wp-content\/uploads\/2026\/01\/logolow2a.png\",\"contentUrl\":\"https:\/\/deputadotaveirajr.com.br\/wp-content\/uploads\/2026\/01\/logolow2a.png\",\"width\":290,\"height\":80,\"caption\":\"Taveira Jr\"},\"image\":{\"@id\":\"https:\/\/deputadotaveirajr.com.br\/#\/schema\/logo\/image\/\"}}]}<\/script>\n<!-- \/ Yoast SEO plugin. -->","yoast_head_json":{"title":"Inmet mant\u00e9m alerta de chuvas para Natal e mais 19 cidades do RN - Taveira Jr","robots":{"index":"index","follow":"follow","max-snippet":"max-snippet:-1","max-image-preview":"max-image-preview:large","max-video-preview":"max-video-preview:-1"},"canonical":"https:\/\/deputadotaveirajr.com.br\/index.php\/inmet-mantem-alerta-de-chuvas-para-natal-e-mais-19-cidades-do-rn\/","og_locale":"pt_BR","og_type":"article","og_title":"Inmet mant\u00e9m alerta de chuvas para Natal e mais 19 cidades do RN - Taveira Jr","og_description":"Aviso reduziu de 85 para 20 cidades e vale at\u00e9 10h desta quinta-feira (10), com previs\u00e3o de chuvas de 20 a 30 mil\u00edmetros por hora ou at\u00e9 de 50 mm ...","og_url":"https:\/\/deputadotaveirajr.com.br\/index.php\/inmet-mantem-alerta-de-chuvas-para-natal-e-mais-19-cidades-do-rn\/","og_site_name":"Taveira Jr","og_image":[{"url":"https:\/\/s2-g1.glbimg.com\/w3YDLsKCJG9IdvB_SksDZBgPEsc=\/i.s3.glbimg.com\/v1\/AUTH_59edd422c0c84a879bd37670ae4f538a\/internal_photos\/bs\/2025\/t\/j\/Wg6nojSgGFcjyhv8Cefw\/inmet4785.jpg","type":"","width":"","height":""}],"twitter_card":"summary_large_image","twitter_misc":{"Est. tempo de leitura":"2 minutos"},"schema":{"@context":"https:\/\/schema.org","@graph":[{"@type":"WebPage","@id":"https:\/\/deputadotaveirajr.com.br\/index.php\/inmet-mantem-alerta-de-chuvas-para-natal-e-mais-19-cidades-do-rn\/","url":"https:\/\/deputadotaveirajr.com.br\/index.php\/inmet-mantem-alerta-de-chuvas-para-natal-e-mais-19-cidades-do-rn\/","name":"Inmet mant\u00e9m alerta de chuvas para Natal e mais 19 cidades do RN - Taveira Jr","isPartOf":{"@id":"https:\/\/deputadotaveirajr.com.br\/#website"},"primaryImageOfPage":{"@id":"https:\/\/deputadotaveirajr.com.br\/index.php\/inmet-mantem-alerta-de-chuvas-para-natal-e-mais-19-cidades-do-rn\/#primaryimage"},"image":{"@id":"https:\/\/deputadotaveirajr.com.br\/index.php\/inmet-mantem-alerta-de-chuvas-para-natal-e-mais-19-cidades-do-rn\/#primaryimage"},"thumbnailUrl":"https:\/\/deputadotaveirajr.com.br\/wp-content\/uploads\/2025\/07\/inmet4785-1GJUWu.jpg","datePublished":"2025-07-09T18:03:59+00:00","breadcrumb":{"@id":"https:\/\/deputadotaveirajr.com.br\/index.php\/inmet-mantem-alerta-de-chuvas-para-natal-e-mais-19-cidades-do-rn\/#breadcrumb"},"inLanguage":"pt-BR","potentialAction":[{"@type":"ReadAction","target":["https:\/\/deputadotaveirajr.com.br\/index.php\/inmet-mantem-alerta-de-chuvas-para-natal-e-mais-19-cidades-do-rn\/"]}]},{"@type":"ImageObject","inLanguage":"pt-BR","@id":"https:\/\/deputadotaveirajr.com.br\/index.php\/inmet-mantem-alerta-de-chuvas-para-natal-e-mais-19-cidades-do-rn\/#primaryimage","url":"https:\/\/deputadotaveirajr.com.br\/wp-content\/uploads\/2025\/07\/inmet4785-1GJUWu.jpg","contentUrl":"https:\/\/deputadotaveirajr.com.br\/wp-content\/uploads\/2025\/07\/inmet4785-1GJUWu.jpg","width":1200,"height":815},{"@type":"BreadcrumbList","@id":"https:\/\/deputadotaveirajr.com.br\/index.php\/inmet-mantem-alerta-de-chuvas-para-natal-e-mais-19-cidades-do-rn\/#breadcrumb","itemListElement":[{"@type":"ListItem","position":1,"name":"In\u00edcio","item":"https:\/\/deputadotaveirajr.com.br\/"},{"@type":"ListItem","position":2,"name":"Inmet mant\u00e9m alerta de chuvas para Natal e mais 19 cidades do RN"}]},{"@type":"WebSite","@id":"https:\/\/deputadotaveirajr.com.br\/#website","url":"https:\/\/deputadotaveirajr.com.br\/","name":"Taveira Jr","description":"Deputado Estadual","publisher":{"@id":"https:\/\/deputadotaveirajr.com.br\/#organization"},"potentialAction":[{"@type":"SearchAction","target":{"@type":"EntryPoint","urlTemplate":"https:\/\/deputadotaveirajr.com.br\/?s={search_term_string}"},"query-input":{"@type":"PropertyValueSpecification","valueRequired":true,"valueName":"search_term_string"}}],"inLanguage":"pt-BR"},{"@type":"Organization","@id":"https:\/\/deputadotaveirajr.com.br\/#organization","name":"Taveira Jr","url":"https:\/\/deputadotaveirajr.com.br\/","logo":{"@type":"ImageObject","inLanguage":"pt-BR","@id":"https:\/\/deputadotaveirajr.com.br\/#\/schema\/logo\/image\/","url":"https:\/\/deputadotaveirajr.com.br\/wp-content\/uploads\/2026\/01\/logolow2a.png","contentUrl":"https:\/\/deputadotaveirajr.com.br\/wp-content\/uploads\/2026\/01\/logolow2a.png","width":290,"height":80,"caption":"Taveira Jr"},"image":{"@id":"https:\/\/deputadotaveirajr.com.br\/#\/schema\/logo\/image\/"}}]}},"_links":{"self":[{"href":"https:\/\/deputadotaveirajr.com.br\/index.php\/wp-json\/wp\/v2\/pages\/13620","targetHints":{"allow":["GET"]}}],"collection":[{"href":"https:\/\/deputadotaveirajr.com.br\/index.php\/wp-json\/wp\/v2\/pages"}],"about":[{"href":"https:\/\/deputadotaveirajr.com.br\/index.php\/wp-json\/wp\/v2\/types\/page"}],"replies":[{"embeddable":true,"href":"https:\/\/deputadotaveirajr.com.br\/index.php\/wp-json\/wp\/v2\/comments?post=13620"}],"version-history":[{"count":0,"href":"https:\/\/deputadotaveirajr.com.br\/index.php\/wp-json\/wp\/v2\/pages\/13620\/revisions"}],"wp:featuredmedia":[{"embeddable":true,"href":"https:\/\/deputadotaveirajr.com.br\/index.php\/wp-json\/wp\/v2\/media\/13621"}],"wp:attachment":[{"href":"https:\/\/deputadotaveirajr.com.br\/index.php\/wp-json\/wp\/v2\/media?parent=13620"}],"curies":[{"name":"wp","href":"https:\/\/api.w.org\/{rel}","templated":true}]}}