{"id":13622,"date":"2025-07-09T14:38:58","date_gmt":"2025-07-09T17:38:58","guid":{"rendered":"https:\/\/deputadotaveirajr.com.br\/index.php\/festival-gastronomico-e-cultural-de-martins-tem-shows-de-nando-reis-geraldo-azevedo-e-maria-gadu\/"},"modified":"2025-07-09T14:38:58","modified_gmt":"2025-07-09T17:38:58","slug":"festival-gastronomico-e-cultural-de-martins-tem-shows-de-nando-reis-geraldo-azevedo-e-maria-gadu","status":"publish","type":"page","link":"https:\/\/deputadotaveirajr.com.br\/index.php\/festival-gastronomico-e-cultural-de-martins-tem-shows-de-nando-reis-geraldo-azevedo-e-maria-gadu\/","title":{"rendered":"Festival Gastron\u00f4mico e Cultural de Martins tem shows de Nando Reis, Geraldo Azevedo e Maria Gad\u00fa"},"content":{"rendered":"<p><img decoding=\"async\" src=\"https:\/\/s2-g1.glbimg.com\/Bx2ySLuPLQlci9vMN-t7W3yGSAo=\/i.s3.glbimg.com\/v1\/AUTH_59edd422c0c84a879bd37670ae4f538a\/internal_photos\/bs\/2025\/6\/7\/ArG2WwTLueSZ94bBVUog\/dsc-1899.jpg\" \/><br \/>     Humorista Z\u00e9 Lezin tamb\u00e9m est\u00e1 entre atra\u00e7\u00f5es de evento que ser\u00e1 realizado de quinta (10) a domingo (13), na cidade de Martins, a 370 km de Natal. Geraldo Azevedo canta &#8216;Dia Branco&#8217; no palco do Show da Vida<br \/>\nA 17\u00aa edi\u00e7\u00e3o do Festival Gastron\u00f4mico e Cultural de Martins tem in\u00edcio nesta quinta-feira (10). Com estrutura mais ampla, a cidade serrana se prepara para receber mais de 60 mil pessoas, superando as 30 mil de 2024.<br \/>\n\ud83d\udcf3Participe do canal do g1 RN no WhatsApp<br \/>\nA programa\u00e7\u00e3o que une m\u00fasica, gastronomia e cultura em um s\u00f3 lugar contar\u00e1 com atra\u00e7\u00f5es nacionais como Nando Reis, na quinta-feira (10), Geraldo Azevedo, na sexta (11), Maria Gad\u00fa, no s\u00e1bado (12), e humorista Z\u00e9 Lezin no encerramento, no domingo (13). A entrada \u00e9 gratuita.<br \/>\nNando Reis se apresenta no Festival Gastron\u00f4mico e Cultural de Martins<br \/>\n\u00c9rico Andrade\/g1<br \/>\nPara receber os visitantes, o munic\u00edpio ampliou o n\u00famero de leitos, organizou um sistema de tr\u00e2nsito em parceria com a Pol\u00edcia Rodovi\u00e1ria Estadual e vai oferecer transporte gratuito saindo a cada 15 minutos do campo de pouso at\u00e9 o local da festa, evitando tumulto no Centro.<br \/>\nTemperaturas amenas: RN tem previs\u00e3o de m\u00ednima de at\u00e9 16\u00ba no fim de semana, diz Emparn<br \/>\nAl\u00e9m dos shows, a gastronomia continua sendo um dos grandes destaques, com o j\u00e1 tradicional concurso \u201cO Melhor Prato do Ano\u201d, que valoriza ingredientes regionais como o Su\u00edno de Sol e o caju e incentiva a criatividade dos restaurantes locais.<br \/>\nConfira a programa\u00e7\u00e3o de shows:<br \/>\nQuinta-feira (10)<br \/>\nNando Reis<br \/>\nMarina Elali<br \/>\nRobinz Band<br \/>\nSexta-feira (11)<br \/>\nGeraldo Azevedo<br \/>\nIgor Tenor<br \/>\nAlex do Acordeon<br \/>\nEsquema Sertanejo<br \/>\nMarcelo Alexandre<br \/>\nFul\u00f4 de Algod\u00e3o e Samba Chorro da Terra<br \/>\nS\u00e1bado (12)<br \/>\nMaria Gad\u00fa<br \/>\nLuiz Bento<br \/>\nRosas na Cartola<br \/>\nForr\u00f3 do Severo<br \/>\nFarra dos Poetas<br \/>\nS\u00e2mela Ramos Jazz<br \/>\nDomigo (13)<br \/>\nZ\u00e9 Lezin<br \/>\nPagode do Coxa<br \/>\nNonato Neto<br \/>\nKoisa Nossa<br \/>\nFrequ\u00eancia 2<br \/>\nPaulinho t\u00e1 on: Maria Gad\u00fa faz homenagem a artistas da MPB<br \/>\nVeja os v\u00eddeos mais assistidos no g1 RN<br \/>\nConfira a programa\u00e7\u00e3o d shw<\/p>","protected":false},"excerpt":{"rendered":"<p>Humorista Z\u00e9 Lezin tamb\u00e9m est\u00e1 entre atra\u00e7\u00f5es de evento que ser\u00e1 realizado de quinta (10) a domingo (13), na cidade de Martins, a 370 km de Natal. Geraldo Azevedo canta &#8230;<\/p>\n","protected":false},"author":0,"featured_media":13623,"parent":0,"menu_order":0,"comment_status":"closed","ping_status":"closed","template":"","meta":{"footnotes":""},"class_list":["post-13622","page","type-page","status-publish","has-post-thumbnail","hentry"],"yoast_head":"<!-- This site is optimized with the Yoast SEO plugin v27.1.1 - https:\/\/yoast.com\/product\/yoast-seo-wordpress\/ -->\n<title>Festival Gastron\u00f4mico e Cultural de Martins tem shows de Nando Reis, Geraldo Azevedo e Maria Gad\u00fa - Taveira Jr<\/title>\n<meta name=\"robots\" content=\"index, follow, max-snippet:-1, max-image-preview:large, max-video-preview:-1\" \/>\n<link rel=\"canonical\" href=\"https:\/\/deputadotaveirajr.com.br\/index.php\/festival-gastronomico-e-cultural-de-martins-tem-shows-de-nando-reis-geraldo-azevedo-e-maria-gadu\/\" \/>\n<meta property=\"og:locale\" content=\"pt_BR\" \/>\n<meta property=\"og:type\" content=\"article\" \/>\n<meta property=\"og:title\" content=\"Festival Gastron\u00f4mico e Cultural de Martins tem shows de Nando Reis, Geraldo Azevedo e Maria Gad\u00fa - Taveira Jr\" \/>\n<meta property=\"og:description\" content=\"Humorista Z\u00e9 Lezin tamb\u00e9m est\u00e1 entre atra\u00e7\u00f5es de evento que ser\u00e1 realizado de quinta (10) a domingo (13), na cidade de Martins, a 370 km de Natal. Geraldo Azevedo canta ...\" \/>\n<meta property=\"og:url\" content=\"https:\/\/deputadotaveirajr.com.br\/index.php\/festival-gastronomico-e-cultural-de-martins-tem-shows-de-nando-reis-geraldo-azevedo-e-maria-gadu\/\" \/>\n<meta property=\"og:site_name\" content=\"Taveira Jr\" \/>\n<meta property=\"og:image\" content=\"https:\/\/s2-g1.glbimg.com\/Bx2ySLuPLQlci9vMN-t7W3yGSAo=\/i.s3.glbimg.com\/v1\/AUTH_59edd422c0c84a879bd37670ae4f538a\/internal_photos\/bs\/2025\/6\/7\/ArG2WwTLueSZ94bBVUog\/dsc-1899.jpg\" \/>\n<meta name=\"twitter:card\" content=\"summary_large_image\" \/>\n<meta name=\"twitter:label1\" content=\"Est. tempo de leitura\" \/>\n\t<meta name=\"twitter:data1\" content=\"2 minutos\" \/>\n<script type=\"application\/ld+json\" class=\"yoast-schema-graph\">{\"@context\":\"https:\/\/schema.org\",\"@graph\":[{\"@type\":\"WebPage\",\"@id\":\"https:\/\/deputadotaveirajr.com.br\/index.php\/festival-gastronomico-e-cultural-de-martins-tem-shows-de-nando-reis-geraldo-azevedo-e-maria-gadu\/\",\"url\":\"https:\/\/deputadotaveirajr.com.br\/index.php\/festival-gastronomico-e-cultural-de-martins-tem-shows-de-nando-reis-geraldo-azevedo-e-maria-gadu\/\",\"name\":\"Festival Gastron\u00f4mico e Cultural de Martins tem shows de Nando Reis, Geraldo Azevedo e Maria Gad\u00fa - Taveira Jr\",\"isPartOf\":{\"@id\":\"https:\/\/deputadotaveirajr.com.br\/#website\"},\"primaryImageOfPage\":{\"@id\":\"https:\/\/deputadotaveirajr.com.br\/index.php\/festival-gastronomico-e-cultural-de-martins-tem-shows-de-nando-reis-geraldo-azevedo-e-maria-gadu\/#primaryimage\"},\"image\":{\"@id\":\"https:\/\/deputadotaveirajr.com.br\/index.php\/festival-gastronomico-e-cultural-de-martins-tem-shows-de-nando-reis-geraldo-azevedo-e-maria-gadu\/#primaryimage\"},\"thumbnailUrl\":\"https:\/\/deputadotaveirajr.com.br\/wp-content\/uploads\/2025\/07\/dsc-1899-1XygsS.jpg\",\"datePublished\":\"2025-07-09T17:38:58+00:00\",\"breadcrumb\":{\"@id\":\"https:\/\/deputadotaveirajr.com.br\/index.php\/festival-gastronomico-e-cultural-de-martins-tem-shows-de-nando-reis-geraldo-azevedo-e-maria-gadu\/#breadcrumb\"},\"inLanguage\":\"pt-BR\",\"potentialAction\":[{\"@type\":\"ReadAction\",\"target\":[\"https:\/\/deputadotaveirajr.com.br\/index.php\/festival-gastronomico-e-cultural-de-martins-tem-shows-de-nando-reis-geraldo-azevedo-e-maria-gadu\/\"]}]},{\"@type\":\"ImageObject\",\"inLanguage\":\"pt-BR\",\"@id\":\"https:\/\/deputadotaveirajr.com.br\/index.php\/festival-gastronomico-e-cultural-de-martins-tem-shows-de-nando-reis-geraldo-azevedo-e-maria-gadu\/#primaryimage\",\"url\":\"https:\/\/deputadotaveirajr.com.br\/wp-content\/uploads\/2025\/07\/dsc-1899-1XygsS.jpg\",\"contentUrl\":\"https:\/\/deputadotaveirajr.com.br\/wp-content\/uploads\/2025\/07\/dsc-1899-1XygsS.jpg\",\"width\":2200,\"height\":1382},{\"@type\":\"BreadcrumbList\",\"@id\":\"https:\/\/deputadotaveirajr.com.br\/index.php\/festival-gastronomico-e-cultural-de-martins-tem-shows-de-nando-reis-geraldo-azevedo-e-maria-gadu\/#breadcrumb\",\"itemListElement\":[{\"@type\":\"ListItem\",\"position\":1,\"name\":\"In\u00edcio\",\"item\":\"https:\/\/deputadotaveirajr.com.br\/\"},{\"@type\":\"ListItem\",\"position\":2,\"name\":\"Festival Gastron\u00f4mico e Cultural de Martins tem shows de Nando Reis, Geraldo Azevedo e Maria Gad\u00fa\"}]},{\"@type\":\"WebSite\",\"@id\":\"https:\/\/deputadotaveirajr.com.br\/#website\",\"url\":\"https:\/\/deputadotaveirajr.com.br\/\",\"name\":\"Taveira Jr\",\"description\":\"Deputado Estadual\",\"publisher\":{\"@id\":\"https:\/\/deputadotaveirajr.com.br\/#organization\"},\"potentialAction\":[{\"@type\":\"SearchAction\",\"target\":{\"@type\":\"EntryPoint\",\"urlTemplate\":\"https:\/\/deputadotaveirajr.com.br\/?s={search_term_string}\"},\"query-input\":{\"@type\":\"PropertyValueSpecification\",\"valueRequired\":true,\"valueName\":\"search_term_string\"}}],\"inLanguage\":\"pt-BR\"},{\"@type\":\"Organization\",\"@id\":\"https:\/\/deputadotaveirajr.com.br\/#organization\",\"name\":\"Taveira Jr\",\"url\":\"https:\/\/deputadotaveirajr.com.br\/\",\"logo\":{\"@type\":\"ImageObject\",\"inLanguage\":\"pt-BR\",\"@id\":\"https:\/\/deputadotaveirajr.com.br\/#\/schema\/logo\/image\/\",\"url\":\"https:\/\/deputadotaveirajr.com.br\/wp-content\/uploads\/2026\/01\/logolow2a.png\",\"contentUrl\":\"https:\/\/deputadotaveirajr.com.br\/wp-content\/uploads\/2026\/01\/logolow2a.png\",\"width\":290,\"height\":80,\"caption\":\"Taveira Jr\"},\"image\":{\"@id\":\"https:\/\/deputadotaveirajr.com.br\/#\/schema\/logo\/image\/\"}}]}<\/script>\n<!-- \/ Yoast SEO plugin. -->","yoast_head_json":{"title":"Festival Gastron\u00f4mico e Cultural de Martins tem shows de Nando Reis, Geraldo Azevedo e Maria Gad\u00fa - Taveira Jr","robots":{"index":"index","follow":"follow","max-snippet":"max-snippet:-1","max-image-preview":"max-image-preview:large","max-video-preview":"max-video-preview:-1"},"canonical":"https:\/\/deputadotaveirajr.com.br\/index.php\/festival-gastronomico-e-cultural-de-martins-tem-shows-de-nando-reis-geraldo-azevedo-e-maria-gadu\/","og_locale":"pt_BR","og_type":"article","og_title":"Festival Gastron\u00f4mico e Cultural de Martins tem shows de Nando Reis, Geraldo Azevedo e Maria Gad\u00fa - Taveira Jr","og_description":"Humorista Z\u00e9 Lezin tamb\u00e9m est\u00e1 entre atra\u00e7\u00f5es de evento que ser\u00e1 realizado de quinta (10) a domingo (13), na cidade de Martins, a 370 km de Natal. Geraldo Azevedo canta ...","og_url":"https:\/\/deputadotaveirajr.com.br\/index.php\/festival-gastronomico-e-cultural-de-martins-tem-shows-de-nando-reis-geraldo-azevedo-e-maria-gadu\/","og_site_name":"Taveira Jr","og_image":[{"url":"https:\/\/s2-g1.glbimg.com\/Bx2ySLuPLQlci9vMN-t7W3yGSAo=\/i.s3.glbimg.com\/v1\/AUTH_59edd422c0c84a879bd37670ae4f538a\/internal_photos\/bs\/2025\/6\/7\/ArG2WwTLueSZ94bBVUog\/dsc-1899.jpg","type":"","width":"","height":""}],"twitter_card":"summary_large_image","twitter_misc":{"Est. tempo de leitura":"2 minutos"},"schema":{"@context":"https:\/\/schema.org","@graph":[{"@type":"WebPage","@id":"https:\/\/deputadotaveirajr.com.br\/index.php\/festival-gastronomico-e-cultural-de-martins-tem-shows-de-nando-reis-geraldo-azevedo-e-maria-gadu\/","url":"https:\/\/deputadotaveirajr.com.br\/index.php\/festival-gastronomico-e-cultural-de-martins-tem-shows-de-nando-reis-geraldo-azevedo-e-maria-gadu\/","name":"Festival Gastron\u00f4mico e Cultural de Martins tem shows de Nando Reis, Geraldo Azevedo e Maria Gad\u00fa - Taveira Jr","isPartOf":{"@id":"https:\/\/deputadotaveirajr.com.br\/#website"},"primaryImageOfPage":{"@id":"https:\/\/deputadotaveirajr.com.br\/index.php\/festival-gastronomico-e-cultural-de-martins-tem-shows-de-nando-reis-geraldo-azevedo-e-maria-gadu\/#primaryimage"},"image":{"@id":"https:\/\/deputadotaveirajr.com.br\/index.php\/festival-gastronomico-e-cultural-de-martins-tem-shows-de-nando-reis-geraldo-azevedo-e-maria-gadu\/#primaryimage"},"thumbnailUrl":"https:\/\/deputadotaveirajr.com.br\/wp-content\/uploads\/2025\/07\/dsc-1899-1XygsS.jpg","datePublished":"2025-07-09T17:38:58+00:00","breadcrumb":{"@id":"https:\/\/deputadotaveirajr.com.br\/index.php\/festival-gastronomico-e-cultural-de-martins-tem-shows-de-nando-reis-geraldo-azevedo-e-maria-gadu\/#breadcrumb"},"inLanguage":"pt-BR","potentialAction":[{"@type":"ReadAction","target":["https:\/\/deputadotaveirajr.com.br\/index.php\/festival-gastronomico-e-cultural-de-martins-tem-shows-de-nando-reis-geraldo-azevedo-e-maria-gadu\/"]}]},{"@type":"ImageObject","inLanguage":"pt-BR","@id":"https:\/\/deputadotaveirajr.com.br\/index.php\/festival-gastronomico-e-cultural-de-martins-tem-shows-de-nando-reis-geraldo-azevedo-e-maria-gadu\/#primaryimage","url":"https:\/\/deputadotaveirajr.com.br\/wp-content\/uploads\/2025\/07\/dsc-1899-1XygsS.jpg","contentUrl":"https:\/\/deputadotaveirajr.com.br\/wp-content\/uploads\/2025\/07\/dsc-1899-1XygsS.jpg","width":2200,"height":1382},{"@type":"BreadcrumbList","@id":"https:\/\/deputadotaveirajr.com.br\/index.php\/festival-gastronomico-e-cultural-de-martins-tem-shows-de-nando-reis-geraldo-azevedo-e-maria-gadu\/#breadcrumb","itemListElement":[{"@type":"ListItem","position":1,"name":"In\u00edcio","item":"https:\/\/deputadotaveirajr.com.br\/"},{"@type":"ListItem","position":2,"name":"Festival Gastron\u00f4mico e Cultural de Martins tem shows de Nando Reis, Geraldo Azevedo e Maria Gad\u00fa"}]},{"@type":"WebSite","@id":"https:\/\/deputadotaveirajr.com.br\/#website","url":"https:\/\/deputadotaveirajr.com.br\/","name":"Taveira Jr","description":"Deputado Estadual","publisher":{"@id":"https:\/\/deputadotaveirajr.com.br\/#organization"},"potentialAction":[{"@type":"SearchAction","target":{"@type":"EntryPoint","urlTemplate":"https:\/\/deputadotaveirajr.com.br\/?s={search_term_string}"},"query-input":{"@type":"PropertyValueSpecification","valueRequired":true,"valueName":"search_term_string"}}],"inLanguage":"pt-BR"},{"@type":"Organization","@id":"https:\/\/deputadotaveirajr.com.br\/#organization","name":"Taveira Jr","url":"https:\/\/deputadotaveirajr.com.br\/","logo":{"@type":"ImageObject","inLanguage":"pt-BR","@id":"https:\/\/deputadotaveirajr.com.br\/#\/schema\/logo\/image\/","url":"https:\/\/deputadotaveirajr.com.br\/wp-content\/uploads\/2026\/01\/logolow2a.png","contentUrl":"https:\/\/deputadotaveirajr.com.br\/wp-content\/uploads\/2026\/01\/logolow2a.png","width":290,"height":80,"caption":"Taveira Jr"},"image":{"@id":"https:\/\/deputadotaveirajr.com.br\/#\/schema\/logo\/image\/"}}]}},"_links":{"self":[{"href":"https:\/\/deputadotaveirajr.com.br\/index.php\/wp-json\/wp\/v2\/pages\/13622","targetHints":{"allow":["GET"]}}],"collection":[{"href":"https:\/\/deputadotaveirajr.com.br\/index.php\/wp-json\/wp\/v2\/pages"}],"about":[{"href":"https:\/\/deputadotaveirajr.com.br\/index.php\/wp-json\/wp\/v2\/types\/page"}],"replies":[{"embeddable":true,"href":"https:\/\/deputadotaveirajr.com.br\/index.php\/wp-json\/wp\/v2\/comments?post=13622"}],"version-history":[{"count":0,"href":"https:\/\/deputadotaveirajr.com.br\/index.php\/wp-json\/wp\/v2\/pages\/13622\/revisions"}],"wp:featuredmedia":[{"embeddable":true,"href":"https:\/\/deputadotaveirajr.com.br\/index.php\/wp-json\/wp\/v2\/media\/13623"}],"wp:attachment":[{"href":"https:\/\/deputadotaveirajr.com.br\/index.php\/wp-json\/wp\/v2\/media?parent=13622"}],"curies":[{"name":"wp","href":"https:\/\/api.w.org\/{rel}","templated":true}]}}