{"id":13624,"date":"2025-07-09T13:49:33","date_gmt":"2025-07-09T16:49:33","guid":{"rendered":"https:\/\/deputadotaveirajr.com.br\/index.php\/lamonie-dantas-e-o-grande-vencedor-da-batalha-dos-sanfoneiros-do-rn1\/"},"modified":"2025-07-09T13:49:33","modified_gmt":"2025-07-09T16:49:33","slug":"lamonie-dantas-e-o-grande-vencedor-da-batalha-dos-sanfoneiros-do-rn1","status":"publish","type":"page","link":"https:\/\/deputadotaveirajr.com.br\/index.php\/lamonie-dantas-e-o-grande-vencedor-da-batalha-dos-sanfoneiros-do-rn1\/","title":{"rendered":"Lamoni\u00ea Dantas \u00e9 o grande vencedor da Batalha dos Sanfoneiros do RN1"},"content":{"rendered":"<p><img decoding=\"async\" src=\"https:\/\/s2-g1.glbimg.com\/EGnj1arRlU2NPD9dRRDQgEGpZtU=\/i.s3.glbimg.com\/v1\/AUTH_59edd422c0c84a879bd37670ae4f538a\/internal_photos\/bs\/2025\/y\/A\/OlasxATlaxWhwlrH7Jdw\/whatsapp-image-2025-07-09-at-13.04.11.jpeg\" \/><br \/>     Sanfoneiro de Bom Jesus representava a regi\u00e3o Agreste e se tornou o primeiro vencedor da disputa. Final aconteceu nesta quarta-feira (9) em Natal. Somente na final foram computados mais de 167 mil votos no g1 RN. Batalha dos Sanfoneiros do RN1: conhec\u0327a Lamonie\u0302 Dantas, finalista da regia\u0303o Central<br \/>\nO sanfoneiro Lamoni\u00ea Dantas foi o grande campe\u00e3o da Batalha dos Sanfoneiros do RN1, cuja final aconteceu nesta quarta-feira (9) em Natal. O m\u00fasico \u00e9 do munic\u00edpio de Bom Jesus e chegou \u00e0 final como representante da regi\u00e3o Agreste potiguar.<br \/>\nO resultado da vota\u00e7\u00e3o foi divulgado na edi\u00e7\u00e3o desta quarta-feira (9) do telejornal.<br \/>\n\ud83d\udcf3Participe do canal do g1 RN no WhatsApp<br \/>\n\ud83d\udcca A disputa foi acirrada. Lamoni\u00ea venceu por tr\u00eas votos, contra dois em Jandy do Acordeon, de S\u00e3o Vicente, na regi\u00e3o Central.<br \/>\nLamoni\u00ea Dantas recebeu votos dos tr\u00eas jurados oficiais da competi\u00e7\u00e3o: os cantores Deusa do Forr\u00f3 e Giannini Alencar, al\u00e9m do professor Cl\u00e1udio Ara\u00fajo.<br \/>\nA disputa tamb\u00e9m contava com vota\u00e7\u00e3o do p\u00fablico no portal g1 e no Instagram da Inter TV &#8211; o resultado em cada uma das plataformas valia como um voto na disputa.<br \/>\nNo g1, o voto do p\u00fablico foi para Jandy do Acordeon, de S\u00e3o Vicente, na regi\u00e3o Central, que obteve 28,61% dos votos. No instagram, o voto do p\u00fablico tamb\u00e9m ficou com Jandy: 34%. Os outros dois participantes foram Luca Martins, da regi\u00e3o Leste, e Diassis Gama, da regi\u00e3o Oeste.<br \/>\nAo todo, mais de 167 mil pessoas participaram da vota\u00e7\u00e3o pelo g1 somente na final. Durante toda a Batalha dos Sanfoneiros foram 241.087 votos no g1.<br \/>\n&#8220;Eu estou bastante feliz e com sentimento de muita gratid\u00e3o no cora\u00e7\u00e3o. Primeiramente, agradecer a Deus pela oportunidade de estar participando desse evento maravilhoso. Agradecer \u00e0 minha fam\u00edlia, que me apoiou desde o in\u00edcio, meus amigos mais \u00edntimos, toda a popula\u00e7\u00e3o do Bom Jesus, que abra\u00e7ou a causa e votou at\u00e9 o final&#8221;, disse o sanfoneiro.<br \/>\nO m\u00fasico ainda garantiu que junto com a esposa, a cantora Jo\u00e9lika Dinniz, e banda, vai fazer uma festa da vit\u00f3ria no pr\u00f3ximo domingo (13) na cidade de Bom Jesus. Lamoni\u00ea ainda disse que vai se manter tranquilo na constru\u00e7\u00e3o do projeto musical que tem com a esposa.<br \/>\n&#8220;Eu me mantenho muito tranquilo, como como sempre fui e sou. Tenho um projeto com minha esposa e, junto com ela, tenho essa paz de continuar estudando, com calma, com paci\u00eancia, sem estresse, sem pisar em ningu\u00e9m. Se Deus quiser, de pouquinho em pouquinho, a gente vai subindo degrau a degrau&#8221;, disse.<br \/>\n\u27a1\ufe0f A Batalha dos Sanfoneiros teve in\u00edcio neste m\u00eas de junho e, a cada semana, uma regi\u00e3o foi contemplada na disputa. Sanfoneiros de diferentes munic\u00edpios tiveram chance de mostrar seu talento e disputar a prefer\u00eancia do p\u00fablico.<br \/>\nApenas quatro, um representante de cada regi\u00e3o do estado, p\u00f4de chegar \u00e0 grande final ao vivo.<br \/>\nLamoni\u00ea Dantas tinha sido o escolhido, na competi\u00e7\u00e3o, pelo Professor Cl\u00e1udio Ara\u00fajo, maestro da orquestra sanf\u00f4nica de Mossor\u00f3.<br \/>\n&#8220;Dos v\u00eddeos que eu recebi, sem sombra de d\u00favidas, Lamoni\u00ea Dantas tem mais dom\u00ednio harm\u00f4nico, mel\u00f3dico, dom\u00ednio do instrumento e composicional&#8221;, disse o professor na ocasi\u00e3o em que o m\u00fasico foi escolhido para disputar a vaga da regi\u00e3o Agreste.<br \/>\nLamoni\u00ea Dantas &#8211; Batalha dos Sanfoneiros RN1 &#8211; Regi\u00e3o Agreste<br \/>\nIncentivo na fam\u00edlia<br \/>\nLamoni\u00ea Dantas tem 36 anos e conta que despertou interesse pelo instrumento aos 15 anos de idade. Ele j\u00e1 tinha outros sanfoneiros na fam\u00edlia. Um dos principais incentivos foi do primo Edir, tamb\u00e9m m\u00fasico, conhecido como Edir Vaqueiro.<br \/>\n&#8220;Ele foi a primeira pessoa a colocar o instrumento na minha m\u00e3o e dizer: &#8216;pega, para ver como \u00e9&#8217;. E a partir dali eu pude seguir o caminho da sanfona&#8221;, conta.<br \/>\nO que come\u00e7ou como brincadeira, logo virou coisa s\u00e9ria. Aos 15 anos, Lamoni\u00ea se mudou para Currais Novos para trabalhar na banda Sorriso de Menina &#8211; a primeira das v\u00e1rias bandas pelas quais passou no mercado local, como Circuito Musical, Cavaleiros do Forr\u00f3 e Ferro na Boneca.<br \/>\nInstrumentos emprestados<br \/>\nO primeiro instrumento pr\u00f3prio, no entanto, demorou para chegar. Lamoni\u00ea sempre usava sanfonas emprestadas, ou das bandas onde trabalhava, mas recebia confian\u00e7a dos empres\u00e1rios para levar o instrumento para casa, a fim de estudar.<br \/>\nSomente h\u00e1 cerca de 10 anos, o m\u00fasico conseguiu comprar a primeira sanfona, com o dinheiro que recebeu da rescis\u00e3o do contrato com uma das bandas.<br \/>\nAtualmente, ele trabalha em parceria com a esposa, a cantora Jo\u00e9lika Dinniz. Lamoni\u00ea tamb\u00e9m tem um album autoral e se dedica ao segundo trabalho do tipo, atualmente.<br \/>\nLamoni\u00ea, na foto com Santanna, venceu etapa da Batalha dos Sanfoneiros do RN1<br \/>\nCedida<br \/>\nInspirado em Dominguinhos<br \/>\nSegundo o sanfoneiro, seu contato com a m\u00fasica come\u00e7ou por meio de artistas como Fl\u00e1vio Jos\u00e9, Santana e Alcimar Monteiro. No entanto, ele destaca que sua grande inspira\u00e7\u00e3o \u00e9 Dominguinhos.<br \/>\n&#8220;Acho que \u00e9 a inspira\u00e7\u00e3o de todos os sanfoneiros, pelo menos a maioria, mesmo sabendo que a gente n\u00e3o vai chegar aos p\u00e9s dele. Com muito tempo j\u00e1, de sanfona, \u00e9 que eu vim conhecer o trabalho de Dominguinhos, a\u00ed eu vi realmente o que \u00e9 o amor pelo instrumento&#8221;, conta.<br \/>\nO artista afirmou que decidiu participar da batalha do RN1 como forma de propagar a arte da sanfona e inspirar outros m\u00fasicos.<br \/>\n&#8220;Quero inspirar principalmente a quest\u00e3o do trabalho autoral, a parte instrumental, que hoje em dia \u00e9 um pouco deixada de lado por conta do vi\u00e9s comercial da m\u00fasica. Hoje em dia muita gente quer cantar e vai deixando o estudo da sanfona meio que de lado&#8221;, lamentou.<br \/>\nLamoni\u00ea Dantas \u00e9 o grande vencedor da Batalha dos Sanfoneiros do RN1<br \/>\nPhilipe Salvador\/Inter TV Cabugi<br \/>\nV\u00eddeos mais assistidos do g1 RN<\/p>","protected":false},"excerpt":{"rendered":"<p>Sanfoneiro de Bom Jesus representava a regi\u00e3o Agreste e se tornou o primeiro vencedor da disputa. Final aconteceu nesta quarta-feira (9) em Natal. Somente na final foram computados mais de &#8230;<\/p>\n","protected":false},"author":0,"featured_media":13625,"parent":0,"menu_order":0,"comment_status":"closed","ping_status":"closed","template":"","meta":{"footnotes":""},"class_list":["post-13624","page","type-page","status-publish","has-post-thumbnail","hentry"],"yoast_head":"<!-- This site is optimized with the Yoast SEO plugin v27.1.1 - https:\/\/yoast.com\/product\/yoast-seo-wordpress\/ -->\n<title>Lamoni\u00ea Dantas \u00e9 o grande vencedor da Batalha dos Sanfoneiros do RN1 - Taveira Jr<\/title>\n<meta name=\"robots\" content=\"index, follow, max-snippet:-1, max-image-preview:large, max-video-preview:-1\" \/>\n<link rel=\"canonical\" href=\"https:\/\/deputadotaveirajr.com.br\/index.php\/lamonie-dantas-e-o-grande-vencedor-da-batalha-dos-sanfoneiros-do-rn1\/\" \/>\n<meta property=\"og:locale\" content=\"pt_BR\" \/>\n<meta property=\"og:type\" content=\"article\" \/>\n<meta property=\"og:title\" content=\"Lamoni\u00ea Dantas \u00e9 o grande vencedor da Batalha dos Sanfoneiros do RN1 - Taveira Jr\" \/>\n<meta property=\"og:description\" content=\"Sanfoneiro de Bom Jesus representava a regi\u00e3o Agreste e se tornou o primeiro vencedor da disputa. Final aconteceu nesta quarta-feira (9) em Natal. Somente na final foram computados mais de ...\" \/>\n<meta property=\"og:url\" content=\"https:\/\/deputadotaveirajr.com.br\/index.php\/lamonie-dantas-e-o-grande-vencedor-da-batalha-dos-sanfoneiros-do-rn1\/\" \/>\n<meta property=\"og:site_name\" content=\"Taveira Jr\" \/>\n<meta property=\"og:image\" content=\"https:\/\/s2-g1.glbimg.com\/EGnj1arRlU2NPD9dRRDQgEGpZtU=\/i.s3.glbimg.com\/v1\/AUTH_59edd422c0c84a879bd37670ae4f538a\/internal_photos\/bs\/2025\/y\/A\/OlasxATlaxWhwlrH7Jdw\/whatsapp-image-2025-07-09-at-13.04.11.jpeg\" \/>\n<meta name=\"twitter:card\" content=\"summary_large_image\" \/>\n<meta name=\"twitter:label1\" content=\"Est. tempo de leitura\" \/>\n\t<meta name=\"twitter:data1\" content=\"5 minutos\" \/>\n<script type=\"application\/ld+json\" class=\"yoast-schema-graph\">{\"@context\":\"https:\/\/schema.org\",\"@graph\":[{\"@type\":\"WebPage\",\"@id\":\"https:\/\/deputadotaveirajr.com.br\/index.php\/lamonie-dantas-e-o-grande-vencedor-da-batalha-dos-sanfoneiros-do-rn1\/\",\"url\":\"https:\/\/deputadotaveirajr.com.br\/index.php\/lamonie-dantas-e-o-grande-vencedor-da-batalha-dos-sanfoneiros-do-rn1\/\",\"name\":\"Lamoni\u00ea Dantas \u00e9 o grande vencedor da Batalha dos Sanfoneiros do RN1 - Taveira Jr\",\"isPartOf\":{\"@id\":\"https:\/\/deputadotaveirajr.com.br\/#website\"},\"primaryImageOfPage\":{\"@id\":\"https:\/\/deputadotaveirajr.com.br\/index.php\/lamonie-dantas-e-o-grande-vencedor-da-batalha-dos-sanfoneiros-do-rn1\/#primaryimage\"},\"image\":{\"@id\":\"https:\/\/deputadotaveirajr.com.br\/index.php\/lamonie-dantas-e-o-grande-vencedor-da-batalha-dos-sanfoneiros-do-rn1\/#primaryimage\"},\"thumbnailUrl\":\"https:\/\/deputadotaveirajr.com.br\/wp-content\/uploads\/2025\/07\/whatsapp-image-2025-07-09-at-13.04.11-iJqgTD.jpg\",\"datePublished\":\"2025-07-09T16:49:33+00:00\",\"breadcrumb\":{\"@id\":\"https:\/\/deputadotaveirajr.com.br\/index.php\/lamonie-dantas-e-o-grande-vencedor-da-batalha-dos-sanfoneiros-do-rn1\/#breadcrumb\"},\"inLanguage\":\"pt-BR\",\"potentialAction\":[{\"@type\":\"ReadAction\",\"target\":[\"https:\/\/deputadotaveirajr.com.br\/index.php\/lamonie-dantas-e-o-grande-vencedor-da-batalha-dos-sanfoneiros-do-rn1\/\"]}]},{\"@type\":\"ImageObject\",\"inLanguage\":\"pt-BR\",\"@id\":\"https:\/\/deputadotaveirajr.com.br\/index.php\/lamonie-dantas-e-o-grande-vencedor-da-batalha-dos-sanfoneiros-do-rn1\/#primaryimage\",\"url\":\"https:\/\/deputadotaveirajr.com.br\/wp-content\/uploads\/2025\/07\/whatsapp-image-2025-07-09-at-13.04.11-iJqgTD.jpg\",\"contentUrl\":\"https:\/\/deputadotaveirajr.com.br\/wp-content\/uploads\/2025\/07\/whatsapp-image-2025-07-09-at-13.04.11-iJqgTD.jpg\",\"width\":1600,\"height\":1200},{\"@type\":\"BreadcrumbList\",\"@id\":\"https:\/\/deputadotaveirajr.com.br\/index.php\/lamonie-dantas-e-o-grande-vencedor-da-batalha-dos-sanfoneiros-do-rn1\/#breadcrumb\",\"itemListElement\":[{\"@type\":\"ListItem\",\"position\":1,\"name\":\"In\u00edcio\",\"item\":\"https:\/\/deputadotaveirajr.com.br\/\"},{\"@type\":\"ListItem\",\"position\":2,\"name\":\"Lamoni\u00ea Dantas \u00e9 o grande vencedor da Batalha dos Sanfoneiros do RN1\"}]},{\"@type\":\"WebSite\",\"@id\":\"https:\/\/deputadotaveirajr.com.br\/#website\",\"url\":\"https:\/\/deputadotaveirajr.com.br\/\",\"name\":\"Taveira Jr\",\"description\":\"Deputado Estadual\",\"publisher\":{\"@id\":\"https:\/\/deputadotaveirajr.com.br\/#organization\"},\"potentialAction\":[{\"@type\":\"SearchAction\",\"target\":{\"@type\":\"EntryPoint\",\"urlTemplate\":\"https:\/\/deputadotaveirajr.com.br\/?s={search_term_string}\"},\"query-input\":{\"@type\":\"PropertyValueSpecification\",\"valueRequired\":true,\"valueName\":\"search_term_string\"}}],\"inLanguage\":\"pt-BR\"},{\"@type\":\"Organization\",\"@id\":\"https:\/\/deputadotaveirajr.com.br\/#organization\",\"name\":\"Taveira Jr\",\"url\":\"https:\/\/deputadotaveirajr.com.br\/\",\"logo\":{\"@type\":\"ImageObject\",\"inLanguage\":\"pt-BR\",\"@id\":\"https:\/\/deputadotaveirajr.com.br\/#\/schema\/logo\/image\/\",\"url\":\"https:\/\/deputadotaveirajr.com.br\/wp-content\/uploads\/2026\/01\/logolow2a.png\",\"contentUrl\":\"https:\/\/deputadotaveirajr.com.br\/wp-content\/uploads\/2026\/01\/logolow2a.png\",\"width\":290,\"height\":80,\"caption\":\"Taveira Jr\"},\"image\":{\"@id\":\"https:\/\/deputadotaveirajr.com.br\/#\/schema\/logo\/image\/\"}}]}<\/script>\n<!-- \/ Yoast SEO plugin. -->","yoast_head_json":{"title":"Lamoni\u00ea Dantas \u00e9 o grande vencedor da Batalha dos Sanfoneiros do RN1 - Taveira Jr","robots":{"index":"index","follow":"follow","max-snippet":"max-snippet:-1","max-image-preview":"max-image-preview:large","max-video-preview":"max-video-preview:-1"},"canonical":"https:\/\/deputadotaveirajr.com.br\/index.php\/lamonie-dantas-e-o-grande-vencedor-da-batalha-dos-sanfoneiros-do-rn1\/","og_locale":"pt_BR","og_type":"article","og_title":"Lamoni\u00ea Dantas \u00e9 o grande vencedor da Batalha dos Sanfoneiros do RN1 - Taveira Jr","og_description":"Sanfoneiro de Bom Jesus representava a regi\u00e3o Agreste e se tornou o primeiro vencedor da disputa. Final aconteceu nesta quarta-feira (9) em Natal. Somente na final foram computados mais de ...","og_url":"https:\/\/deputadotaveirajr.com.br\/index.php\/lamonie-dantas-e-o-grande-vencedor-da-batalha-dos-sanfoneiros-do-rn1\/","og_site_name":"Taveira Jr","og_image":[{"url":"https:\/\/s2-g1.glbimg.com\/EGnj1arRlU2NPD9dRRDQgEGpZtU=\/i.s3.glbimg.com\/v1\/AUTH_59edd422c0c84a879bd37670ae4f538a\/internal_photos\/bs\/2025\/y\/A\/OlasxATlaxWhwlrH7Jdw\/whatsapp-image-2025-07-09-at-13.04.11.jpeg","type":"","width":"","height":""}],"twitter_card":"summary_large_image","twitter_misc":{"Est. tempo de leitura":"5 minutos"},"schema":{"@context":"https:\/\/schema.org","@graph":[{"@type":"WebPage","@id":"https:\/\/deputadotaveirajr.com.br\/index.php\/lamonie-dantas-e-o-grande-vencedor-da-batalha-dos-sanfoneiros-do-rn1\/","url":"https:\/\/deputadotaveirajr.com.br\/index.php\/lamonie-dantas-e-o-grande-vencedor-da-batalha-dos-sanfoneiros-do-rn1\/","name":"Lamoni\u00ea Dantas \u00e9 o grande vencedor da Batalha dos Sanfoneiros do RN1 - Taveira Jr","isPartOf":{"@id":"https:\/\/deputadotaveirajr.com.br\/#website"},"primaryImageOfPage":{"@id":"https:\/\/deputadotaveirajr.com.br\/index.php\/lamonie-dantas-e-o-grande-vencedor-da-batalha-dos-sanfoneiros-do-rn1\/#primaryimage"},"image":{"@id":"https:\/\/deputadotaveirajr.com.br\/index.php\/lamonie-dantas-e-o-grande-vencedor-da-batalha-dos-sanfoneiros-do-rn1\/#primaryimage"},"thumbnailUrl":"https:\/\/deputadotaveirajr.com.br\/wp-content\/uploads\/2025\/07\/whatsapp-image-2025-07-09-at-13.04.11-iJqgTD.jpg","datePublished":"2025-07-09T16:49:33+00:00","breadcrumb":{"@id":"https:\/\/deputadotaveirajr.com.br\/index.php\/lamonie-dantas-e-o-grande-vencedor-da-batalha-dos-sanfoneiros-do-rn1\/#breadcrumb"},"inLanguage":"pt-BR","potentialAction":[{"@type":"ReadAction","target":["https:\/\/deputadotaveirajr.com.br\/index.php\/lamonie-dantas-e-o-grande-vencedor-da-batalha-dos-sanfoneiros-do-rn1\/"]}]},{"@type":"ImageObject","inLanguage":"pt-BR","@id":"https:\/\/deputadotaveirajr.com.br\/index.php\/lamonie-dantas-e-o-grande-vencedor-da-batalha-dos-sanfoneiros-do-rn1\/#primaryimage","url":"https:\/\/deputadotaveirajr.com.br\/wp-content\/uploads\/2025\/07\/whatsapp-image-2025-07-09-at-13.04.11-iJqgTD.jpg","contentUrl":"https:\/\/deputadotaveirajr.com.br\/wp-content\/uploads\/2025\/07\/whatsapp-image-2025-07-09-at-13.04.11-iJqgTD.jpg","width":1600,"height":1200},{"@type":"BreadcrumbList","@id":"https:\/\/deputadotaveirajr.com.br\/index.php\/lamonie-dantas-e-o-grande-vencedor-da-batalha-dos-sanfoneiros-do-rn1\/#breadcrumb","itemListElement":[{"@type":"ListItem","position":1,"name":"In\u00edcio","item":"https:\/\/deputadotaveirajr.com.br\/"},{"@type":"ListItem","position":2,"name":"Lamoni\u00ea Dantas \u00e9 o grande vencedor da Batalha dos Sanfoneiros do RN1"}]},{"@type":"WebSite","@id":"https:\/\/deputadotaveirajr.com.br\/#website","url":"https:\/\/deputadotaveirajr.com.br\/","name":"Taveira Jr","description":"Deputado Estadual","publisher":{"@id":"https:\/\/deputadotaveirajr.com.br\/#organization"},"potentialAction":[{"@type":"SearchAction","target":{"@type":"EntryPoint","urlTemplate":"https:\/\/deputadotaveirajr.com.br\/?s={search_term_string}"},"query-input":{"@type":"PropertyValueSpecification","valueRequired":true,"valueName":"search_term_string"}}],"inLanguage":"pt-BR"},{"@type":"Organization","@id":"https:\/\/deputadotaveirajr.com.br\/#organization","name":"Taveira Jr","url":"https:\/\/deputadotaveirajr.com.br\/","logo":{"@type":"ImageObject","inLanguage":"pt-BR","@id":"https:\/\/deputadotaveirajr.com.br\/#\/schema\/logo\/image\/","url":"https:\/\/deputadotaveirajr.com.br\/wp-content\/uploads\/2026\/01\/logolow2a.png","contentUrl":"https:\/\/deputadotaveirajr.com.br\/wp-content\/uploads\/2026\/01\/logolow2a.png","width":290,"height":80,"caption":"Taveira Jr"},"image":{"@id":"https:\/\/deputadotaveirajr.com.br\/#\/schema\/logo\/image\/"}}]}},"_links":{"self":[{"href":"https:\/\/deputadotaveirajr.com.br\/index.php\/wp-json\/wp\/v2\/pages\/13624","targetHints":{"allow":["GET"]}}],"collection":[{"href":"https:\/\/deputadotaveirajr.com.br\/index.php\/wp-json\/wp\/v2\/pages"}],"about":[{"href":"https:\/\/deputadotaveirajr.com.br\/index.php\/wp-json\/wp\/v2\/types\/page"}],"replies":[{"embeddable":true,"href":"https:\/\/deputadotaveirajr.com.br\/index.php\/wp-json\/wp\/v2\/comments?post=13624"}],"version-history":[{"count":0,"href":"https:\/\/deputadotaveirajr.com.br\/index.php\/wp-json\/wp\/v2\/pages\/13624\/revisions"}],"wp:featuredmedia":[{"embeddable":true,"href":"https:\/\/deputadotaveirajr.com.br\/index.php\/wp-json\/wp\/v2\/media\/13625"}],"wp:attachment":[{"href":"https:\/\/deputadotaveirajr.com.br\/index.php\/wp-json\/wp\/v2\/media?parent=13624"}],"curies":[{"name":"wp","href":"https:\/\/api.w.org\/{rel}","templated":true}]}}