{"id":13628,"date":"2025-07-09T18:01:08","date_gmt":"2025-07-09T21:01:08","guid":{"rendered":"https:\/\/deputadotaveirajr.com.br\/index.php\/peixes-aparecem-mortos-perto-de-barragem-no-rn-e-policia-investiga-se-agua-foi-contaminada-com-uso-de-drones\/"},"modified":"2025-07-09T18:01:08","modified_gmt":"2025-07-09T21:01:08","slug":"peixes-aparecem-mortos-perto-de-barragem-no-rn-e-policia-investiga-se-agua-foi-contaminada-com-uso-de-drones","status":"publish","type":"page","link":"https:\/\/deputadotaveirajr.com.br\/index.php\/peixes-aparecem-mortos-perto-de-barragem-no-rn-e-policia-investiga-se-agua-foi-contaminada-com-uso-de-drones\/","title":{"rendered":"Peixes aparecem mortos perto de barragem no RN, e pol\u00edcia  investiga se \u00e1gua foi contaminada com uso de drones"},"content":{"rendered":"<p><img decoding=\"async\" src=\"https:\/\/s2-g1.glbimg.com\/FsDJNekdwU-f7-_J21_jq_-9Qs8=\/i.s3.glbimg.com\/v1\/AUTH_59edd422c0c84a879bd37670ae4f538a\/internal_photos\/bs\/2025\/w\/a\/cqR5bWRrmJCnkoQM3Gqw\/peixes123456.png\" \/><br \/>     Peixes apareceram mortos em rios e afluentes que desaguam na barragem de Po\u00e7o Branco. Pescadores fizeram denuncia ap\u00f3s apari\u00e7\u00e3o de drone pulverizando nas proximidades. Mortandade de peixes na barragem de Po\u00e7o Branco, RN<br \/>\nUma mortandade de peixes ocorrida nos \u00faltimos dias nos rios e afluentes que desaguam na barragem de Po\u00e7o Branco, cidades distante 65 km de Natal, tem preocupado a comunidade de pescadores da localidade.  A barragem de Po\u00e7o Branco \u00e9 o quarto maior reservat\u00f3rio do Rio Grande do Norte.<br \/>\nOs pescadores denunciam uma poss\u00edvel contamina\u00e7\u00e3o na \u00e1gua. Segundo a Col\u00f4nia de Pescadores de Po\u00e7o Branco, que conta com 160 pescadores cadastrados, a hip\u00f3tese de que os peixes podem ter sidos envenenados foi levantada ap\u00f3s um drone ter sido visto pulverizando planta\u00e7\u00f5es com inseticida na regi\u00e3o.<br \/>\n\ud83d\udcf3Participe do canal do g1 RN no WhatsApp<br \/>\nA Pol\u00edcia Civil confirmou que iniciou uma investiga\u00e7\u00e3o do caso, incluindo a den\u00fancia sobre o drone.<br \/>\n&#8220;Eu recebi ontem [ter\u00e7a] uma den\u00fancia de um pescador, que tinha um drone pulverizando \u00e0s margens da barragem. Isso \u00e9 de longas datas que vem acontecendo&#8221;, falou o presidente da Col\u00f4nia de Pescadores de Po\u00e7o Branco, Davi Pinheiro.<br \/>\n&#8220;A gente suspeita que essa mortandade de peixes \u00e9 por causa dessa pulveriza\u00e7\u00e3o \u00e0s margens da barragem. Ent\u00e3o, o pescador tem receio que a \u00e1gua seja contaminada e  que o peixe tamb\u00e9m seja contaminado&#8221;, falou.<br \/>\nMortandade de peixes preocupa pescadores de Po\u00e7o Branco<br \/>\nRedes sociais<br \/>\nPrefeitura faz vistoria em fazenda<br \/>\nA prefeitura de Po\u00e7o Branco nformou que tamb\u00e9m apura as den\u00fancias. A Secretaria Municipal de Turismo e de Meio Ambiente disse que fez vistorias em uma fazenda nesta quarta-feira, mas n\u00e3o encontrou nenhum ind\u00edcio de crime ambiental.<br \/>\n&#8220;Notificamos a fazenda, tivemos a autoriza\u00e7\u00e3o do propriet\u00e1rio, entramos, fizemos uma visita in loco. n\u00e3o constatamos nenhuma degrada\u00e7\u00e3o em rela\u00e7\u00e3o \u00e0 mortandade de peixes, nenhuma degrada\u00e7\u00e3o que pudesse prejudicar a fauna e a flora, e todo o meio ambiente aqui na bacia hiodrogr\u00e1fica de Cear\u00e1-Mirim, na barragem de Po\u00e7o Branco&#8221;, explicou o secret\u00e1rio Eucana Samuel.<br \/>\nO gerente da fazenda em quest\u00e3o, Miguel Edimilson e Silva, contou que viu com surpresa a den\u00fancia e negou que a fazenda utilize drones para contaminar a barragem. &#8220;N\u00e3o tem drone, n\u00e3o tem peixe morto, n\u00e3o tem nada. Quem quiser vir, pode olhar&#8221;, disse.<br \/>\nEle atribuiu a morte dos peixes \u00e0s fortes chuvas em fevereiro, que encheram os riachos e, com a r\u00e1pida secagem posterior, teriam causado a morte dos animais.<br \/>\nA fazenda em quest\u00e3o \u00e9 uma propriedade de 1.300 hectares utilizada para a cria\u00e7\u00e3o de gado de corte.<br \/>\nO secret\u00e1rio de Meio Ambiente tamb\u00e9m confirmou que fez uma vistoria na barragem e n\u00e3o encontrou peixes mortos nesta quarta-feira.<br \/>\nBarragem de Po\u00e7o Branco no Rio Grande do Norte<br \/>\nS\u00e9rgio Henrique Santos\/Inter TV Cabugi<br \/>\nPreocupa\u00e7\u00e3o dos pescadores<br \/>\nSegundo a Col\u00f4nia de Pescadores de Po\u00e7o Branco, houve uma redu\u00e7\u00e3o na quantidade de pescado nos \u00faltimos meses aliado \u00e0 mortandade de peixes em afluentes e riachos. Davi Pinheiro, presidente da Col\u00f4nia, expressou a preocupa\u00e7\u00e3o da comunidade.<br \/>\n&#8220;Tem muitos pescadores que sobrevivem dessa barragem. A Col\u00f4nia tem 160 pescadores cadastrados. E tem muito mais de 300 pescadores pescando. Ent\u00e3o a gente tem o receio que a contamina\u00e7\u00e3o da \u00e1gua venha a prejudicar a cadeia alimentar da nossa regi\u00e3o&#8221;, falou.<br \/>\nSegundo o secret\u00e1rio, a equipe da fazenda que utiliza o drone explicou que o trabalho feito com o equipamento \u00e9 minucioso e com voo planejado.<br \/>\n&#8220;O drone tem plano de voo, faz uma sele\u00e7\u00e3o das part\u00edculas, ent\u00e3o \u00e9 tudo planejado, segundo ele. E a \u00fanica coisa que eles colocam na pulveriza\u00e7\u00e3o atrav\u00e9s do drone prejudica apenas as ervas daninhas&#8221;, falou.<br \/>\nBarragem de Po\u00e7o Branco no Rio Grande do Norte<br \/>\nS\u00e9rgio Henrique Santos\/Inter TV Cabugi<br \/>\nBarragem de Po\u00e7o Branco<br \/>\nA Barragem de Po\u00e7o Branco \u00e9 o quarto maior reservat\u00f3rio de \u00e1gua do Rio Grande do Norte, com capacidade para armazenar 136 milh\u00f5es de metros c\u00fabicos de \u00e1gua. Al\u00e9m de ser vital para a agricultura, pecu\u00e1ria e pesca, suas \u00e1guas tamb\u00e9m s\u00e3o utilizadas para o turismo na regi\u00e3o. Um balne\u00e1rio, que funciona no curso d\u2019\u00e1gua formado pelas comportas da barragem, permanece aberto o ano inteiro, independentemente de sangria ou n\u00e3o.<br \/>\nA barragem sangrou no ano passado, ap\u00f3s um per\u00edodo de 15 anos desde a \u00faltima sangria. A grande preocupa\u00e7\u00e3o agora \u00e9 com os eventuais preju\u00edzos econ\u00f4micos que podem surgir caso seja comprovado algum crime ambiental capaz de comprometer o pescado ou a qualidade da \u00e1gua do reservat\u00f3rio.<br \/>\nV\u00eddeos mais assistidos do g1 RN<br \/>\nO<\/p>","protected":false},"excerpt":{"rendered":"<p>Peixes apareceram mortos em rios e afluentes que desaguam na barragem de Po\u00e7o Branco. Pescadores fizeram denuncia ap\u00f3s apari\u00e7\u00e3o de drone pulverizando nas proximidades. Mortandade de peixes na barragem de &#8230;<\/p>\n","protected":false},"author":0,"featured_media":13629,"parent":0,"menu_order":0,"comment_status":"closed","ping_status":"closed","template":"","meta":{"footnotes":""},"class_list":["post-13628","page","type-page","status-publish","has-post-thumbnail","hentry"],"yoast_head":"<!-- This site is optimized with the Yoast SEO plugin v27.1.1 - https:\/\/yoast.com\/product\/yoast-seo-wordpress\/ -->\n<title>Peixes aparecem mortos perto de barragem no RN, e pol\u00edcia investiga se \u00e1gua foi contaminada com uso de drones - Taveira Jr<\/title>\n<meta name=\"robots\" content=\"index, follow, max-snippet:-1, max-image-preview:large, max-video-preview:-1\" \/>\n<link rel=\"canonical\" href=\"https:\/\/deputadotaveirajr.com.br\/index.php\/peixes-aparecem-mortos-perto-de-barragem-no-rn-e-policia-investiga-se-agua-foi-contaminada-com-uso-de-drones\/\" \/>\n<meta property=\"og:locale\" content=\"pt_BR\" \/>\n<meta property=\"og:type\" content=\"article\" \/>\n<meta property=\"og:title\" content=\"Peixes aparecem mortos perto de barragem no RN, e pol\u00edcia investiga se \u00e1gua foi contaminada com uso de drones - Taveira Jr\" \/>\n<meta property=\"og:description\" content=\"Peixes apareceram mortos em rios e afluentes que desaguam na barragem de Po\u00e7o Branco. Pescadores fizeram denuncia ap\u00f3s apari\u00e7\u00e3o de drone pulverizando nas proximidades. Mortandade de peixes na barragem de ...\" \/>\n<meta property=\"og:url\" content=\"https:\/\/deputadotaveirajr.com.br\/index.php\/peixes-aparecem-mortos-perto-de-barragem-no-rn-e-policia-investiga-se-agua-foi-contaminada-com-uso-de-drones\/\" \/>\n<meta property=\"og:site_name\" content=\"Taveira Jr\" \/>\n<meta property=\"og:image\" content=\"https:\/\/s2-g1.glbimg.com\/FsDJNekdwU-f7-_J21_jq_-9Qs8=\/i.s3.glbimg.com\/v1\/AUTH_59edd422c0c84a879bd37670ae4f538a\/internal_photos\/bs\/2025\/w\/a\/cqR5bWRrmJCnkoQM3Gqw\/peixes123456.png\" \/>\n<meta name=\"twitter:card\" content=\"summary_large_image\" \/>\n<meta name=\"twitter:label1\" content=\"Est. tempo de leitura\" \/>\n\t<meta name=\"twitter:data1\" content=\"4 minutos\" \/>\n<script type=\"application\/ld+json\" class=\"yoast-schema-graph\">{\"@context\":\"https:\/\/schema.org\",\"@graph\":[{\"@type\":\"WebPage\",\"@id\":\"https:\/\/deputadotaveirajr.com.br\/index.php\/peixes-aparecem-mortos-perto-de-barragem-no-rn-e-policia-investiga-se-agua-foi-contaminada-com-uso-de-drones\/\",\"url\":\"https:\/\/deputadotaveirajr.com.br\/index.php\/peixes-aparecem-mortos-perto-de-barragem-no-rn-e-policia-investiga-se-agua-foi-contaminada-com-uso-de-drones\/\",\"name\":\"Peixes aparecem mortos perto de barragem no RN, e pol\u00edcia investiga se \u00e1gua foi contaminada com uso de drones - Taveira Jr\",\"isPartOf\":{\"@id\":\"https:\/\/deputadotaveirajr.com.br\/#website\"},\"primaryImageOfPage\":{\"@id\":\"https:\/\/deputadotaveirajr.com.br\/index.php\/peixes-aparecem-mortos-perto-de-barragem-no-rn-e-policia-investiga-se-agua-foi-contaminada-com-uso-de-drones\/#primaryimage\"},\"image\":{\"@id\":\"https:\/\/deputadotaveirajr.com.br\/index.php\/peixes-aparecem-mortos-perto-de-barragem-no-rn-e-policia-investiga-se-agua-foi-contaminada-com-uso-de-drones\/#primaryimage\"},\"thumbnailUrl\":\"https:\/\/deputadotaveirajr.com.br\/wp-content\/uploads\/2025\/07\/peixes123456-0F5180.jpg\",\"datePublished\":\"2025-07-09T21:01:08+00:00\",\"breadcrumb\":{\"@id\":\"https:\/\/deputadotaveirajr.com.br\/index.php\/peixes-aparecem-mortos-perto-de-barragem-no-rn-e-policia-investiga-se-agua-foi-contaminada-com-uso-de-drones\/#breadcrumb\"},\"inLanguage\":\"pt-BR\",\"potentialAction\":[{\"@type\":\"ReadAction\",\"target\":[\"https:\/\/deputadotaveirajr.com.br\/index.php\/peixes-aparecem-mortos-perto-de-barragem-no-rn-e-policia-investiga-se-agua-foi-contaminada-com-uso-de-drones\/\"]}]},{\"@type\":\"ImageObject\",\"inLanguage\":\"pt-BR\",\"@id\":\"https:\/\/deputadotaveirajr.com.br\/index.php\/peixes-aparecem-mortos-perto-de-barragem-no-rn-e-policia-investiga-se-agua-foi-contaminada-com-uso-de-drones\/#primaryimage\",\"url\":\"https:\/\/deputadotaveirajr.com.br\/wp-content\/uploads\/2025\/07\/peixes123456-0F5180.jpg\",\"contentUrl\":\"https:\/\/deputadotaveirajr.com.br\/wp-content\/uploads\/2025\/07\/peixes123456-0F5180.jpg\",\"width\":2000,\"height\":2000},{\"@type\":\"BreadcrumbList\",\"@id\":\"https:\/\/deputadotaveirajr.com.br\/index.php\/peixes-aparecem-mortos-perto-de-barragem-no-rn-e-policia-investiga-se-agua-foi-contaminada-com-uso-de-drones\/#breadcrumb\",\"itemListElement\":[{\"@type\":\"ListItem\",\"position\":1,\"name\":\"In\u00edcio\",\"item\":\"https:\/\/deputadotaveirajr.com.br\/\"},{\"@type\":\"ListItem\",\"position\":2,\"name\":\"Peixes aparecem mortos perto de barragem no RN, e pol\u00edcia investiga se \u00e1gua foi contaminada com uso de drones\"}]},{\"@type\":\"WebSite\",\"@id\":\"https:\/\/deputadotaveirajr.com.br\/#website\",\"url\":\"https:\/\/deputadotaveirajr.com.br\/\",\"name\":\"Taveira Jr\",\"description\":\"Deputado Estadual\",\"publisher\":{\"@id\":\"https:\/\/deputadotaveirajr.com.br\/#organization\"},\"potentialAction\":[{\"@type\":\"SearchAction\",\"target\":{\"@type\":\"EntryPoint\",\"urlTemplate\":\"https:\/\/deputadotaveirajr.com.br\/?s={search_term_string}\"},\"query-input\":{\"@type\":\"PropertyValueSpecification\",\"valueRequired\":true,\"valueName\":\"search_term_string\"}}],\"inLanguage\":\"pt-BR\"},{\"@type\":\"Organization\",\"@id\":\"https:\/\/deputadotaveirajr.com.br\/#organization\",\"name\":\"Taveira Jr\",\"url\":\"https:\/\/deputadotaveirajr.com.br\/\",\"logo\":{\"@type\":\"ImageObject\",\"inLanguage\":\"pt-BR\",\"@id\":\"https:\/\/deputadotaveirajr.com.br\/#\/schema\/logo\/image\/\",\"url\":\"https:\/\/deputadotaveirajr.com.br\/wp-content\/uploads\/2026\/01\/logolow2a.png\",\"contentUrl\":\"https:\/\/deputadotaveirajr.com.br\/wp-content\/uploads\/2026\/01\/logolow2a.png\",\"width\":290,\"height\":80,\"caption\":\"Taveira Jr\"},\"image\":{\"@id\":\"https:\/\/deputadotaveirajr.com.br\/#\/schema\/logo\/image\/\"}}]}<\/script>\n<!-- \/ Yoast SEO plugin. -->","yoast_head_json":{"title":"Peixes aparecem mortos perto de barragem no RN, e pol\u00edcia investiga se \u00e1gua foi contaminada com uso de drones - Taveira Jr","robots":{"index":"index","follow":"follow","max-snippet":"max-snippet:-1","max-image-preview":"max-image-preview:large","max-video-preview":"max-video-preview:-1"},"canonical":"https:\/\/deputadotaveirajr.com.br\/index.php\/peixes-aparecem-mortos-perto-de-barragem-no-rn-e-policia-investiga-se-agua-foi-contaminada-com-uso-de-drones\/","og_locale":"pt_BR","og_type":"article","og_title":"Peixes aparecem mortos perto de barragem no RN, e pol\u00edcia investiga se \u00e1gua foi contaminada com uso de drones - Taveira Jr","og_description":"Peixes apareceram mortos em rios e afluentes que desaguam na barragem de Po\u00e7o Branco. Pescadores fizeram denuncia ap\u00f3s apari\u00e7\u00e3o de drone pulverizando nas proximidades. Mortandade de peixes na barragem de ...","og_url":"https:\/\/deputadotaveirajr.com.br\/index.php\/peixes-aparecem-mortos-perto-de-barragem-no-rn-e-policia-investiga-se-agua-foi-contaminada-com-uso-de-drones\/","og_site_name":"Taveira Jr","og_image":[{"url":"https:\/\/s2-g1.glbimg.com\/FsDJNekdwU-f7-_J21_jq_-9Qs8=\/i.s3.glbimg.com\/v1\/AUTH_59edd422c0c84a879bd37670ae4f538a\/internal_photos\/bs\/2025\/w\/a\/cqR5bWRrmJCnkoQM3Gqw\/peixes123456.png","type":"","width":"","height":""}],"twitter_card":"summary_large_image","twitter_misc":{"Est. tempo de leitura":"4 minutos"},"schema":{"@context":"https:\/\/schema.org","@graph":[{"@type":"WebPage","@id":"https:\/\/deputadotaveirajr.com.br\/index.php\/peixes-aparecem-mortos-perto-de-barragem-no-rn-e-policia-investiga-se-agua-foi-contaminada-com-uso-de-drones\/","url":"https:\/\/deputadotaveirajr.com.br\/index.php\/peixes-aparecem-mortos-perto-de-barragem-no-rn-e-policia-investiga-se-agua-foi-contaminada-com-uso-de-drones\/","name":"Peixes aparecem mortos perto de barragem no RN, e pol\u00edcia investiga se \u00e1gua foi contaminada com uso de drones - Taveira Jr","isPartOf":{"@id":"https:\/\/deputadotaveirajr.com.br\/#website"},"primaryImageOfPage":{"@id":"https:\/\/deputadotaveirajr.com.br\/index.php\/peixes-aparecem-mortos-perto-de-barragem-no-rn-e-policia-investiga-se-agua-foi-contaminada-com-uso-de-drones\/#primaryimage"},"image":{"@id":"https:\/\/deputadotaveirajr.com.br\/index.php\/peixes-aparecem-mortos-perto-de-barragem-no-rn-e-policia-investiga-se-agua-foi-contaminada-com-uso-de-drones\/#primaryimage"},"thumbnailUrl":"https:\/\/deputadotaveirajr.com.br\/wp-content\/uploads\/2025\/07\/peixes123456-0F5180.jpg","datePublished":"2025-07-09T21:01:08+00:00","breadcrumb":{"@id":"https:\/\/deputadotaveirajr.com.br\/index.php\/peixes-aparecem-mortos-perto-de-barragem-no-rn-e-policia-investiga-se-agua-foi-contaminada-com-uso-de-drones\/#breadcrumb"},"inLanguage":"pt-BR","potentialAction":[{"@type":"ReadAction","target":["https:\/\/deputadotaveirajr.com.br\/index.php\/peixes-aparecem-mortos-perto-de-barragem-no-rn-e-policia-investiga-se-agua-foi-contaminada-com-uso-de-drones\/"]}]},{"@type":"ImageObject","inLanguage":"pt-BR","@id":"https:\/\/deputadotaveirajr.com.br\/index.php\/peixes-aparecem-mortos-perto-de-barragem-no-rn-e-policia-investiga-se-agua-foi-contaminada-com-uso-de-drones\/#primaryimage","url":"https:\/\/deputadotaveirajr.com.br\/wp-content\/uploads\/2025\/07\/peixes123456-0F5180.jpg","contentUrl":"https:\/\/deputadotaveirajr.com.br\/wp-content\/uploads\/2025\/07\/peixes123456-0F5180.jpg","width":2000,"height":2000},{"@type":"BreadcrumbList","@id":"https:\/\/deputadotaveirajr.com.br\/index.php\/peixes-aparecem-mortos-perto-de-barragem-no-rn-e-policia-investiga-se-agua-foi-contaminada-com-uso-de-drones\/#breadcrumb","itemListElement":[{"@type":"ListItem","position":1,"name":"In\u00edcio","item":"https:\/\/deputadotaveirajr.com.br\/"},{"@type":"ListItem","position":2,"name":"Peixes aparecem mortos perto de barragem no RN, e pol\u00edcia investiga se \u00e1gua foi contaminada com uso de drones"}]},{"@type":"WebSite","@id":"https:\/\/deputadotaveirajr.com.br\/#website","url":"https:\/\/deputadotaveirajr.com.br\/","name":"Taveira Jr","description":"Deputado Estadual","publisher":{"@id":"https:\/\/deputadotaveirajr.com.br\/#organization"},"potentialAction":[{"@type":"SearchAction","target":{"@type":"EntryPoint","urlTemplate":"https:\/\/deputadotaveirajr.com.br\/?s={search_term_string}"},"query-input":{"@type":"PropertyValueSpecification","valueRequired":true,"valueName":"search_term_string"}}],"inLanguage":"pt-BR"},{"@type":"Organization","@id":"https:\/\/deputadotaveirajr.com.br\/#organization","name":"Taveira Jr","url":"https:\/\/deputadotaveirajr.com.br\/","logo":{"@type":"ImageObject","inLanguage":"pt-BR","@id":"https:\/\/deputadotaveirajr.com.br\/#\/schema\/logo\/image\/","url":"https:\/\/deputadotaveirajr.com.br\/wp-content\/uploads\/2026\/01\/logolow2a.png","contentUrl":"https:\/\/deputadotaveirajr.com.br\/wp-content\/uploads\/2026\/01\/logolow2a.png","width":290,"height":80,"caption":"Taveira Jr"},"image":{"@id":"https:\/\/deputadotaveirajr.com.br\/#\/schema\/logo\/image\/"}}]}},"_links":{"self":[{"href":"https:\/\/deputadotaveirajr.com.br\/index.php\/wp-json\/wp\/v2\/pages\/13628","targetHints":{"allow":["GET"]}}],"collection":[{"href":"https:\/\/deputadotaveirajr.com.br\/index.php\/wp-json\/wp\/v2\/pages"}],"about":[{"href":"https:\/\/deputadotaveirajr.com.br\/index.php\/wp-json\/wp\/v2\/types\/page"}],"replies":[{"embeddable":true,"href":"https:\/\/deputadotaveirajr.com.br\/index.php\/wp-json\/wp\/v2\/comments?post=13628"}],"version-history":[{"count":0,"href":"https:\/\/deputadotaveirajr.com.br\/index.php\/wp-json\/wp\/v2\/pages\/13628\/revisions"}],"wp:featuredmedia":[{"embeddable":true,"href":"https:\/\/deputadotaveirajr.com.br\/index.php\/wp-json\/wp\/v2\/media\/13629"}],"wp:attachment":[{"href":"https:\/\/deputadotaveirajr.com.br\/index.php\/wp-json\/wp\/v2\/media?parent=13628"}],"curies":[{"name":"wp","href":"https:\/\/api.w.org\/{rel}","templated":true}]}}