{"id":13630,"date":"2025-07-09T19:42:59","date_gmt":"2025-07-09T22:42:59","guid":{"rendered":"https:\/\/deputadotaveirajr.com.br\/index.php\/justica-eleitoral-cassa-mandato-de-vereador-em-bento-fernandes-por-fraude-de-partido-a-cota-de-genero\/"},"modified":"2025-07-09T19:42:59","modified_gmt":"2025-07-09T22:42:59","slug":"justica-eleitoral-cassa-mandato-de-vereador-em-bento-fernandes-por-fraude-de-partido-a-cota-de-genero","status":"publish","type":"page","link":"https:\/\/deputadotaveirajr.com.br\/index.php\/justica-eleitoral-cassa-mandato-de-vereador-em-bento-fernandes-por-fraude-de-partido-a-cota-de-genero\/","title":{"rendered":"Justi\u00e7a eleitoral cassa mandato de vereador em Bento Fernandes por fraude de partido \u00e0 cota de g\u00eanero"},"content":{"rendered":"<p><img decoding=\"async\" src=\"https:\/\/s2-g1.glbimg.com\/a7cb4ppdgDQht4YYSBH-glPgbvs=\/i.s3.glbimg.com\/v1\/AUTH_59edd422c0c84a879bd37670ae4f538a\/internal_photos\/bs\/2024\/k\/8\/UlA0BRR0WnlyNe9W95AQ\/foto.jpg\" \/><br \/>     Deca do Sindicato (PSOL) havia sido eleito com 108 votos nas elei\u00e7\u00f5es municipais de 2024. Ele pode recorrer da decis\u00e3o ao TSE. Retotaliza\u00e7\u00e3o dos votos foi marcada para 15 de julho. Urna eletr\u00f4nica<br \/>\nReprodu\u00e7\u00e3o\/TRE-RN<br \/>\nA Justi\u00e7a Eleitoral do Rio Grande do Norte cassou nesta quarta-feira (8) o mandato de Deca do Sindicato (PSOL), vereador eleito em 2024 em Bento Fernandes, cidade distante cerca de 95 quil\u00f4metros de Natal.  Ele pode recorrer da decis\u00e3o no Tribunal Superior Eleitoral (TSE).<br \/>\nSegundo a Justi\u00e7a, o PSOL, partido ao qual pertence Deca do Sindicato, fraudou a cota de g\u00eanero durante a campanha.<br \/>\n\ud83d\udcf3Participe do canal do g1 RN no WhatsApp<br \/>\nSegundo o Tribunal Regional Eleitoral do Rio Grande do Norte (TRE-RN), a retotaliza\u00e7\u00e3o de votos foi marcada para o pr\u00f3ximo dia 15 de julho para que um novo vereador seja eleito e empossado.<br \/>\nDeca do Sindicato foi eleito com 108 votos, segundo o nono mais votados entre os nove eleitos. Ele foi o \u00fanico candidato do PSOL que terminou eleito.<br \/>\nO que aconteceu<br \/>\nA Justi\u00e7a reconheceu a a\u00e7\u00e3o de uma coliga\u00e7\u00e3o rival, que alegou que PSOL, em Bento Fernandes, simulou as candidaturas de duas mulheres que tiveram uma vota\u00e7\u00e3o &#8220;extremamente baixa&#8221; \u2013 4 e 8 votos, cada\u2013, mas que receberam quase R$ 9 mil cada uma do Fundo Especial de Financiamento de Campanha.<br \/>\nA acusa\u00e7\u00e3o tamb\u00e9m apontou falta de atos de campanha e o fato de elas serem funcion\u00e1rias do presidente do partido e candidato a prefeito.<br \/>\nA Corte do Tribunal Regional Eleitoral do Rio Grande do Norte (TRE-RN) tamb\u00e9m decretou a nulidade dos votos obtidos pelo PSOL em Bento Fernandes e de todos os seus candidatos e candidatas ao cargo de vereador do munic\u00edpio nas Elei\u00e7\u00f5es de 2024<br \/>\nAs duas candidatas que tiveram a candidatura simuladas tamb\u00e9m ficaram ineleg\u00edveis.<br \/>\nDeca do Sindicato teve mandato cassado em Bento Fernandes pelo TRE<br \/>\nFoto 1: TSE | Foto 2: Divulga\u00e7\u00e3o\/TRE<br \/>\nDecis\u00e3o<br \/>\nO juiz Daniel Maia, relator do processo, embasou a decis\u00e3o de acordo com a s\u00famula vinculante do Tribunal Superior Eleitoral (TSE), que aborda diretamente fraudes \u00e0 cota de g\u00eanero, consistente no desrespeito ao percentual m\u00ednimo de 30% de candidaturas femininas &#8211; o que consta na Lei das Elei\u00e7\u00f5es.<br \/>\nA Justi\u00e7a entende como fraude \u00e0 cota de g\u00eanero:<br \/>\n&#8220;Configura-se com a presen\u00e7a de um ou alguns dos seguintes elementos, quando os fatos e as circunst\u00e2ncias do caso concreto assim permitirem concluir: (1) vota\u00e7\u00e3o zerada ou inexpressiva; (2) presta\u00e7\u00e3o de contas zerada, padronizada ou aus\u00eancia de movimenta\u00e7\u00e3o financeira relevante; e (3) aus\u00eancia de atos efetivos de campanhas, divulga\u00e7\u00e3o ou promo\u00e7\u00e3o da candidatura de terceiros\u201d.<br \/>\nSegundo o juiz relator, a situa\u00e7\u00e3o cabe com o caso em quest\u00e3o e com a finalidade da norma, &#8220;que visa a assegurar a m\u00e1xima efetividade ao princ\u00edpio da igualdade, n\u00e3o havendo que se falar em ofensa aos princ\u00edpios da razoabilidade, da proporcionalidade e do in dubio pro sufr\u00e1gio\u201d.<br \/>\nElei\u00e7\u00f5es 2024: veja a vota\u00e7\u00e3o para prefeito em Bento Fernandes (RN)<br \/>\nV\u00eddeos mais assistidos do g1 RN<\/p>","protected":false},"excerpt":{"rendered":"<p>Deca do Sindicato (PSOL) havia sido eleito com 108 votos nas elei\u00e7\u00f5es municipais de 2024. Ele pode recorrer da decis\u00e3o ao TSE. Retotaliza\u00e7\u00e3o dos votos foi marcada para 15 de &#8230;<\/p>\n","protected":false},"author":0,"featured_media":13631,"parent":0,"menu_order":0,"comment_status":"closed","ping_status":"closed","template":"","meta":{"footnotes":""},"class_list":["post-13630","page","type-page","status-publish","has-post-thumbnail","hentry"],"yoast_head":"<!-- This site is optimized with the Yoast SEO plugin v27.1.1 - https:\/\/yoast.com\/product\/yoast-seo-wordpress\/ -->\n<title>Justi\u00e7a eleitoral cassa mandato de vereador em Bento Fernandes por fraude de partido \u00e0 cota de g\u00eanero - Taveira Jr<\/title>\n<meta name=\"robots\" content=\"index, follow, max-snippet:-1, max-image-preview:large, max-video-preview:-1\" \/>\n<link rel=\"canonical\" href=\"https:\/\/deputadotaveirajr.com.br\/index.php\/justica-eleitoral-cassa-mandato-de-vereador-em-bento-fernandes-por-fraude-de-partido-a-cota-de-genero\/\" \/>\n<meta property=\"og:locale\" content=\"pt_BR\" \/>\n<meta property=\"og:type\" content=\"article\" \/>\n<meta property=\"og:title\" content=\"Justi\u00e7a eleitoral cassa mandato de vereador em Bento Fernandes por fraude de partido \u00e0 cota de g\u00eanero - Taveira Jr\" \/>\n<meta property=\"og:description\" content=\"Deca do Sindicato (PSOL) havia sido eleito com 108 votos nas elei\u00e7\u00f5es municipais de 2024. Ele pode recorrer da decis\u00e3o ao TSE. Retotaliza\u00e7\u00e3o dos votos foi marcada para 15 de ...\" \/>\n<meta property=\"og:url\" content=\"https:\/\/deputadotaveirajr.com.br\/index.php\/justica-eleitoral-cassa-mandato-de-vereador-em-bento-fernandes-por-fraude-de-partido-a-cota-de-genero\/\" \/>\n<meta property=\"og:site_name\" content=\"Taveira Jr\" \/>\n<meta property=\"og:image\" content=\"https:\/\/s2-g1.glbimg.com\/a7cb4ppdgDQht4YYSBH-glPgbvs=\/i.s3.glbimg.com\/v1\/AUTH_59edd422c0c84a879bd37670ae4f538a\/internal_photos\/bs\/2024\/k\/8\/UlA0BRR0WnlyNe9W95AQ\/foto.jpg\" \/>\n<meta name=\"twitter:card\" content=\"summary_large_image\" \/>\n<meta name=\"twitter:label1\" content=\"Est. tempo de leitura\" \/>\n\t<meta name=\"twitter:data1\" content=\"3 minutos\" \/>\n<script type=\"application\/ld+json\" class=\"yoast-schema-graph\">{\"@context\":\"https:\/\/schema.org\",\"@graph\":[{\"@type\":\"WebPage\",\"@id\":\"https:\/\/deputadotaveirajr.com.br\/index.php\/justica-eleitoral-cassa-mandato-de-vereador-em-bento-fernandes-por-fraude-de-partido-a-cota-de-genero\/\",\"url\":\"https:\/\/deputadotaveirajr.com.br\/index.php\/justica-eleitoral-cassa-mandato-de-vereador-em-bento-fernandes-por-fraude-de-partido-a-cota-de-genero\/\",\"name\":\"Justi\u00e7a eleitoral cassa mandato de vereador em Bento Fernandes por fraude de partido \u00e0 cota de g\u00eanero - Taveira Jr\",\"isPartOf\":{\"@id\":\"https:\/\/deputadotaveirajr.com.br\/#website\"},\"primaryImageOfPage\":{\"@id\":\"https:\/\/deputadotaveirajr.com.br\/index.php\/justica-eleitoral-cassa-mandato-de-vereador-em-bento-fernandes-por-fraude-de-partido-a-cota-de-genero\/#primaryimage\"},\"image\":{\"@id\":\"https:\/\/deputadotaveirajr.com.br\/index.php\/justica-eleitoral-cassa-mandato-de-vereador-em-bento-fernandes-por-fraude-de-partido-a-cota-de-genero\/#primaryimage\"},\"thumbnailUrl\":\"https:\/\/deputadotaveirajr.com.br\/wp-content\/uploads\/2025\/07\/foto-soTzyu.jpg\",\"datePublished\":\"2025-07-09T22:42:59+00:00\",\"breadcrumb\":{\"@id\":\"https:\/\/deputadotaveirajr.com.br\/index.php\/justica-eleitoral-cassa-mandato-de-vereador-em-bento-fernandes-por-fraude-de-partido-a-cota-de-genero\/#breadcrumb\"},\"inLanguage\":\"pt-BR\",\"potentialAction\":[{\"@type\":\"ReadAction\",\"target\":[\"https:\/\/deputadotaveirajr.com.br\/index.php\/justica-eleitoral-cassa-mandato-de-vereador-em-bento-fernandes-por-fraude-de-partido-a-cota-de-genero\/\"]}]},{\"@type\":\"ImageObject\",\"inLanguage\":\"pt-BR\",\"@id\":\"https:\/\/deputadotaveirajr.com.br\/index.php\/justica-eleitoral-cassa-mandato-de-vereador-em-bento-fernandes-por-fraude-de-partido-a-cota-de-genero\/#primaryimage\",\"url\":\"https:\/\/deputadotaveirajr.com.br\/wp-content\/uploads\/2025\/07\/foto-soTzyu.jpg\",\"contentUrl\":\"https:\/\/deputadotaveirajr.com.br\/wp-content\/uploads\/2025\/07\/foto-soTzyu.jpg\",\"width\":1700,\"height\":1065},{\"@type\":\"BreadcrumbList\",\"@id\":\"https:\/\/deputadotaveirajr.com.br\/index.php\/justica-eleitoral-cassa-mandato-de-vereador-em-bento-fernandes-por-fraude-de-partido-a-cota-de-genero\/#breadcrumb\",\"itemListElement\":[{\"@type\":\"ListItem\",\"position\":1,\"name\":\"In\u00edcio\",\"item\":\"https:\/\/deputadotaveirajr.com.br\/\"},{\"@type\":\"ListItem\",\"position\":2,\"name\":\"Justi\u00e7a eleitoral cassa mandato de vereador em Bento Fernandes por fraude de partido \u00e0 cota de g\u00eanero\"}]},{\"@type\":\"WebSite\",\"@id\":\"https:\/\/deputadotaveirajr.com.br\/#website\",\"url\":\"https:\/\/deputadotaveirajr.com.br\/\",\"name\":\"Taveira Jr\",\"description\":\"Deputado Estadual\",\"publisher\":{\"@id\":\"https:\/\/deputadotaveirajr.com.br\/#organization\"},\"potentialAction\":[{\"@type\":\"SearchAction\",\"target\":{\"@type\":\"EntryPoint\",\"urlTemplate\":\"https:\/\/deputadotaveirajr.com.br\/?s={search_term_string}\"},\"query-input\":{\"@type\":\"PropertyValueSpecification\",\"valueRequired\":true,\"valueName\":\"search_term_string\"}}],\"inLanguage\":\"pt-BR\"},{\"@type\":\"Organization\",\"@id\":\"https:\/\/deputadotaveirajr.com.br\/#organization\",\"name\":\"Taveira Jr\",\"url\":\"https:\/\/deputadotaveirajr.com.br\/\",\"logo\":{\"@type\":\"ImageObject\",\"inLanguage\":\"pt-BR\",\"@id\":\"https:\/\/deputadotaveirajr.com.br\/#\/schema\/logo\/image\/\",\"url\":\"https:\/\/deputadotaveirajr.com.br\/wp-content\/uploads\/2026\/01\/logolow2a.png\",\"contentUrl\":\"https:\/\/deputadotaveirajr.com.br\/wp-content\/uploads\/2026\/01\/logolow2a.png\",\"width\":290,\"height\":80,\"caption\":\"Taveira Jr\"},\"image\":{\"@id\":\"https:\/\/deputadotaveirajr.com.br\/#\/schema\/logo\/image\/\"}}]}<\/script>\n<!-- \/ Yoast SEO plugin. -->","yoast_head_json":{"title":"Justi\u00e7a eleitoral cassa mandato de vereador em Bento Fernandes por fraude de partido \u00e0 cota de g\u00eanero - Taveira Jr","robots":{"index":"index","follow":"follow","max-snippet":"max-snippet:-1","max-image-preview":"max-image-preview:large","max-video-preview":"max-video-preview:-1"},"canonical":"https:\/\/deputadotaveirajr.com.br\/index.php\/justica-eleitoral-cassa-mandato-de-vereador-em-bento-fernandes-por-fraude-de-partido-a-cota-de-genero\/","og_locale":"pt_BR","og_type":"article","og_title":"Justi\u00e7a eleitoral cassa mandato de vereador em Bento Fernandes por fraude de partido \u00e0 cota de g\u00eanero - Taveira Jr","og_description":"Deca do Sindicato (PSOL) havia sido eleito com 108 votos nas elei\u00e7\u00f5es municipais de 2024. Ele pode recorrer da decis\u00e3o ao TSE. Retotaliza\u00e7\u00e3o dos votos foi marcada para 15 de ...","og_url":"https:\/\/deputadotaveirajr.com.br\/index.php\/justica-eleitoral-cassa-mandato-de-vereador-em-bento-fernandes-por-fraude-de-partido-a-cota-de-genero\/","og_site_name":"Taveira Jr","og_image":[{"url":"https:\/\/s2-g1.glbimg.com\/a7cb4ppdgDQht4YYSBH-glPgbvs=\/i.s3.glbimg.com\/v1\/AUTH_59edd422c0c84a879bd37670ae4f538a\/internal_photos\/bs\/2024\/k\/8\/UlA0BRR0WnlyNe9W95AQ\/foto.jpg","type":"","width":"","height":""}],"twitter_card":"summary_large_image","twitter_misc":{"Est. tempo de leitura":"3 minutos"},"schema":{"@context":"https:\/\/schema.org","@graph":[{"@type":"WebPage","@id":"https:\/\/deputadotaveirajr.com.br\/index.php\/justica-eleitoral-cassa-mandato-de-vereador-em-bento-fernandes-por-fraude-de-partido-a-cota-de-genero\/","url":"https:\/\/deputadotaveirajr.com.br\/index.php\/justica-eleitoral-cassa-mandato-de-vereador-em-bento-fernandes-por-fraude-de-partido-a-cota-de-genero\/","name":"Justi\u00e7a eleitoral cassa mandato de vereador em Bento Fernandes por fraude de partido \u00e0 cota de g\u00eanero - Taveira Jr","isPartOf":{"@id":"https:\/\/deputadotaveirajr.com.br\/#website"},"primaryImageOfPage":{"@id":"https:\/\/deputadotaveirajr.com.br\/index.php\/justica-eleitoral-cassa-mandato-de-vereador-em-bento-fernandes-por-fraude-de-partido-a-cota-de-genero\/#primaryimage"},"image":{"@id":"https:\/\/deputadotaveirajr.com.br\/index.php\/justica-eleitoral-cassa-mandato-de-vereador-em-bento-fernandes-por-fraude-de-partido-a-cota-de-genero\/#primaryimage"},"thumbnailUrl":"https:\/\/deputadotaveirajr.com.br\/wp-content\/uploads\/2025\/07\/foto-soTzyu.jpg","datePublished":"2025-07-09T22:42:59+00:00","breadcrumb":{"@id":"https:\/\/deputadotaveirajr.com.br\/index.php\/justica-eleitoral-cassa-mandato-de-vereador-em-bento-fernandes-por-fraude-de-partido-a-cota-de-genero\/#breadcrumb"},"inLanguage":"pt-BR","potentialAction":[{"@type":"ReadAction","target":["https:\/\/deputadotaveirajr.com.br\/index.php\/justica-eleitoral-cassa-mandato-de-vereador-em-bento-fernandes-por-fraude-de-partido-a-cota-de-genero\/"]}]},{"@type":"ImageObject","inLanguage":"pt-BR","@id":"https:\/\/deputadotaveirajr.com.br\/index.php\/justica-eleitoral-cassa-mandato-de-vereador-em-bento-fernandes-por-fraude-de-partido-a-cota-de-genero\/#primaryimage","url":"https:\/\/deputadotaveirajr.com.br\/wp-content\/uploads\/2025\/07\/foto-soTzyu.jpg","contentUrl":"https:\/\/deputadotaveirajr.com.br\/wp-content\/uploads\/2025\/07\/foto-soTzyu.jpg","width":1700,"height":1065},{"@type":"BreadcrumbList","@id":"https:\/\/deputadotaveirajr.com.br\/index.php\/justica-eleitoral-cassa-mandato-de-vereador-em-bento-fernandes-por-fraude-de-partido-a-cota-de-genero\/#breadcrumb","itemListElement":[{"@type":"ListItem","position":1,"name":"In\u00edcio","item":"https:\/\/deputadotaveirajr.com.br\/"},{"@type":"ListItem","position":2,"name":"Justi\u00e7a eleitoral cassa mandato de vereador em Bento Fernandes por fraude de partido \u00e0 cota de g\u00eanero"}]},{"@type":"WebSite","@id":"https:\/\/deputadotaveirajr.com.br\/#website","url":"https:\/\/deputadotaveirajr.com.br\/","name":"Taveira Jr","description":"Deputado Estadual","publisher":{"@id":"https:\/\/deputadotaveirajr.com.br\/#organization"},"potentialAction":[{"@type":"SearchAction","target":{"@type":"EntryPoint","urlTemplate":"https:\/\/deputadotaveirajr.com.br\/?s={search_term_string}"},"query-input":{"@type":"PropertyValueSpecification","valueRequired":true,"valueName":"search_term_string"}}],"inLanguage":"pt-BR"},{"@type":"Organization","@id":"https:\/\/deputadotaveirajr.com.br\/#organization","name":"Taveira Jr","url":"https:\/\/deputadotaveirajr.com.br\/","logo":{"@type":"ImageObject","inLanguage":"pt-BR","@id":"https:\/\/deputadotaveirajr.com.br\/#\/schema\/logo\/image\/","url":"https:\/\/deputadotaveirajr.com.br\/wp-content\/uploads\/2026\/01\/logolow2a.png","contentUrl":"https:\/\/deputadotaveirajr.com.br\/wp-content\/uploads\/2026\/01\/logolow2a.png","width":290,"height":80,"caption":"Taveira Jr"},"image":{"@id":"https:\/\/deputadotaveirajr.com.br\/#\/schema\/logo\/image\/"}}]}},"_links":{"self":[{"href":"https:\/\/deputadotaveirajr.com.br\/index.php\/wp-json\/wp\/v2\/pages\/13630","targetHints":{"allow":["GET"]}}],"collection":[{"href":"https:\/\/deputadotaveirajr.com.br\/index.php\/wp-json\/wp\/v2\/pages"}],"about":[{"href":"https:\/\/deputadotaveirajr.com.br\/index.php\/wp-json\/wp\/v2\/types\/page"}],"replies":[{"embeddable":true,"href":"https:\/\/deputadotaveirajr.com.br\/index.php\/wp-json\/wp\/v2\/comments?post=13630"}],"version-history":[{"count":0,"href":"https:\/\/deputadotaveirajr.com.br\/index.php\/wp-json\/wp\/v2\/pages\/13630\/revisions"}],"wp:featuredmedia":[{"embeddable":true,"href":"https:\/\/deputadotaveirajr.com.br\/index.php\/wp-json\/wp\/v2\/media\/13631"}],"wp:attachment":[{"href":"https:\/\/deputadotaveirajr.com.br\/index.php\/wp-json\/wp\/v2\/media?parent=13630"}],"curies":[{"name":"wp","href":"https:\/\/api.w.org\/{rel}","templated":true}]}}