{"id":13642,"date":"2025-07-12T13:32:48","date_gmt":"2025-07-12T16:32:48","guid":{"rendered":"https:\/\/deputadotaveirajr.com.br\/index.php\/justica-declara-inconstitucional-lei-que-destina-5-das-vagas-para-travestis-e-trans-em-empresas-com-incentivos-fiscais-no-rn\/"},"modified":"2025-07-12T13:32:48","modified_gmt":"2025-07-12T16:32:48","slug":"justica-declara-inconstitucional-lei-que-destina-5-das-vagas-para-travestis-e-trans-em-empresas-com-incentivos-fiscais-no-rn","status":"publish","type":"page","link":"https:\/\/deputadotaveirajr.com.br\/index.php\/justica-declara-inconstitucional-lei-que-destina-5-das-vagas-para-travestis-e-trans-em-empresas-com-incentivos-fiscais-no-rn\/","title":{"rendered":"Justi\u00e7a declara inconstitucional lei que destina 5% das vagas para travestis e trans em empresas com incentivos fiscais no RN"},"content":{"rendered":"<p><img decoding=\"async\" src=\"https:\/\/s2-g1.glbimg.com\/PvsS5ofmkwNjFTPF7_7VXV5dqBE=\/i.s3.glbimg.com\/v1\/AUTH_59edd422c0c84a879bd37670ae4f538a\/internal_photos\/bs\/2021\/U\/D\/kweSBtQmA4sbST9qTi0Q\/whatsapp-image-2021-08-31-at-11.24.41.jpeg\" \/><br \/>     Decis\u00e3o citou que lei e decreto do governo do RN violam alguns princ\u00edpios e direitos e que o percentual determinado carece de base cient\u00edfica ou estudo t\u00e9cnico.  Governadoria do RN em Natal<br \/>\nAugusto C\u00e9sar Gomes\/g1<br \/>\nA Justi\u00e7a do Rio Grande do Norte declarou inconstitucional a lei estadual, de 2023, e o decreto, de 2024, que garantem a reserva de 5% das vagas de emprego para travestis e pessoas trans em empresas beneficiadas por incentivos fiscais estaduais.<br \/>\n\ud83d\udcf3Participe do canal do g1 RN no WhatsApp<br \/>\nNa decis\u00e3o, o desembargador Cl\u00e1udio Santos citou que a lei e o decreto violam:<br \/>\na compet\u00eancia privativa da Uni\u00e3o para legislar sobre direito do trabalho;<br \/>\na compet\u00eancia privativa da Uni\u00e3o para legislar sobre normas gerais de licita\u00e7\u00e3o e contrata\u00e7\u00e3o;<br \/>\nprinc\u00edpio do ato jur\u00eddico perfeito;<br \/>\no direito de uma rela\u00e7\u00e3o de emprego protegida contra a dispensa arbitr\u00e1ria e sem justa causa;<br \/>\nprinc\u00edpio da legalidade; princ\u00edpio da livre iniciativa; e o princ\u00edpio da anterioridade tribut\u00e1ria.<br \/>\nA a\u00e7\u00e3o foi movida pela Federa\u00e7\u00e3o das Ind\u00fastrias do Rio Grande do Norte (Fiern) e outras entidades representativas do setor produtivo do estado.<br \/>\nEm outubro do ano passado, a Justi\u00e7a suspendeu a lei e o decreto. Na decis\u00e3o, foi apontado que os documentos feriam os princ\u00edpios da legalidade, livre iniciativa e anterioridade tribut\u00e1ria.<br \/>\nA lei estadual que determina a cota de vagas para pessoas trans e travestis foi sancionada pelo governo do Estado em novembro de 2023, passando a valer de imediato.<br \/>\nO governo justificou, na \u00e9poca, que a medida visava apoiar a &#8220;autonomia financeira&#8221; do p\u00fablico alvo da cota por meio da inser\u00e7\u00e3o no mercado de trabalho.<br \/>\nDecis\u00e3o<br \/>\nNa decis\u00e3o, o desembargador Cl\u00e1udio Santos citou ainda que o percentual de 5% estabelecido pela lei para a contrata\u00e7\u00e3o de pessoas autodeclaradas travestis e transexuais &#8220;carece de qualquer base cient\u00edfica ou estudo t\u00e9cnico que o justifique, tratando-se de um verdadeiro &#8216;achismo&#8217; legislativo&#8221;.<br \/>\nPara ele, a determina\u00e7\u00e3o desse \u00e9 &#8220;arbitr\u00e1ria, sem levar em conta crit\u00e9rios objetivos ou a realidade demogr\u00e1fica e socioecon\u00f4mica das empresas e do mercado de trabalho&#8221;.<br \/>\n&#8220;E ao ignorar dados concretos e evid\u00eancias cient\u00edficas, a lei incorre em um grave erro de pol\u00edtica p\u00fablica, criando uma cota que n\u00e3o considera a capacidade das empresas de absorver essa demanda de maneira eficaz e sustent\u00e1vel, nem as necessidades reais das pessoas que pretende beneficiar&#8221;, disse na decis\u00e3o.<br \/>\nO desembargador pontuou ainda que a lei desrespeita o princ\u00edpio da proporcionalidade e compromete a efetividade das a\u00e7\u00f5es de inclus\u00e3o, &#8220;que deveriam ser pautadas por an\u00e1lises criteriosas e fundamentadas, e n\u00e3o por n\u00fameros aleat\u00f3rios e desconectados da realidade&#8221;.<br \/>\nA decis\u00e3o pontuou que \u00e9 leg\u00edtimo o Estado utilizar instrumentos tribut\u00e1rios para promover pol\u00edticas p\u00fablicas, mas que isso deve respeitar os limites constitucionais.<br \/>\n&#8220;No caso em an\u00e1lise, a imposi\u00e7\u00e3o de reserva de vagas como condi\u00e7\u00e3o para a manuten\u00e7\u00e3o de benef\u00edcios fiscais ultrapassa esses limites, ao interferir diretamente nas rela\u00e7\u00f5es de trabalho e na autonomia empresarial, sem a devida justificativa e sem a observ\u00e2ncia dos princ\u00edpios constitucionais que regem a ordem econ\u00f4mica&#8221;, citou.<br \/>\nO documento refor\u00e7a que n\u00e3o se pode ignorar a relev\u00e2ncia de pol\u00edticas afirmativas voltadas \u00e0 inclus\u00e3o de minorias e popula\u00e7\u00f5es historicamente marginalizadas, mas que essas pol\u00edticas precisam ser implementadas de maneira planejada e sem acarretar mais desigualdades e injusti\u00e7as.<br \/>\n&#8220;A imposi\u00e7\u00e3o legal de cotas sem crit\u00e9rios objetivos e sem um plano de transi\u00e7\u00e3o justo e gradativo acaba por prejudicar todos os envolvidos, ao inv\u00e9s de promover uma inclus\u00e3o efetiva&#8221;, pontuou.<br \/>\nSTF decide que Lei Maria da Penha protege casais homoafetivos, travestis e mulheres trans<br \/>\nV\u00eddeos mais assistidos do g1 RN<\/p>","protected":false},"excerpt":{"rendered":"<p>Decis\u00e3o citou que lei e decreto do governo do RN violam alguns princ\u00edpios e direitos e que o percentual determinado carece de base cient\u00edfica ou estudo t\u00e9cnico. Governadoria do RN &#8230;<\/p>\n","protected":false},"author":0,"featured_media":13643,"parent":0,"menu_order":0,"comment_status":"closed","ping_status":"closed","template":"","meta":{"footnotes":""},"class_list":["post-13642","page","type-page","status-publish","has-post-thumbnail","hentry"],"yoast_head":"<!-- This site is optimized with the Yoast SEO plugin v27.1.1 - https:\/\/yoast.com\/product\/yoast-seo-wordpress\/ -->\n<title>Justi\u00e7a declara inconstitucional lei que destina 5% das vagas para travestis e trans em empresas com incentivos fiscais no RN - Taveira Jr<\/title>\n<meta name=\"robots\" content=\"index, follow, max-snippet:-1, max-image-preview:large, max-video-preview:-1\" \/>\n<link rel=\"canonical\" href=\"https:\/\/deputadotaveirajr.com.br\/index.php\/justica-declara-inconstitucional-lei-que-destina-5-das-vagas-para-travestis-e-trans-em-empresas-com-incentivos-fiscais-no-rn\/\" \/>\n<meta property=\"og:locale\" content=\"pt_BR\" \/>\n<meta property=\"og:type\" content=\"article\" \/>\n<meta property=\"og:title\" content=\"Justi\u00e7a declara inconstitucional lei que destina 5% das vagas para travestis e trans em empresas com incentivos fiscais no RN - Taveira Jr\" \/>\n<meta property=\"og:description\" content=\"Decis\u00e3o citou que lei e decreto do governo do RN violam alguns princ\u00edpios e direitos e que o percentual determinado carece de base cient\u00edfica ou estudo t\u00e9cnico. Governadoria do RN ...\" \/>\n<meta property=\"og:url\" content=\"https:\/\/deputadotaveirajr.com.br\/index.php\/justica-declara-inconstitucional-lei-que-destina-5-das-vagas-para-travestis-e-trans-em-empresas-com-incentivos-fiscais-no-rn\/\" \/>\n<meta property=\"og:site_name\" content=\"Taveira Jr\" \/>\n<meta property=\"og:image\" content=\"https:\/\/s2-g1.glbimg.com\/PvsS5ofmkwNjFTPF7_7VXV5dqBE=\/i.s3.glbimg.com\/v1\/AUTH_59edd422c0c84a879bd37670ae4f538a\/internal_photos\/bs\/2021\/U\/D\/kweSBtQmA4sbST9qTi0Q\/whatsapp-image-2021-08-31-at-11.24.41.jpeg\" \/>\n<meta name=\"twitter:card\" content=\"summary_large_image\" \/>\n<meta name=\"twitter:label1\" content=\"Est. tempo de leitura\" \/>\n\t<meta name=\"twitter:data1\" content=\"3 minutos\" \/>\n<script type=\"application\/ld+json\" class=\"yoast-schema-graph\">{\"@context\":\"https:\/\/schema.org\",\"@graph\":[{\"@type\":\"WebPage\",\"@id\":\"https:\/\/deputadotaveirajr.com.br\/index.php\/justica-declara-inconstitucional-lei-que-destina-5-das-vagas-para-travestis-e-trans-em-empresas-com-incentivos-fiscais-no-rn\/\",\"url\":\"https:\/\/deputadotaveirajr.com.br\/index.php\/justica-declara-inconstitucional-lei-que-destina-5-das-vagas-para-travestis-e-trans-em-empresas-com-incentivos-fiscais-no-rn\/\",\"name\":\"Justi\u00e7a declara inconstitucional lei que destina 5% das vagas para travestis e trans em empresas com incentivos fiscais no RN - Taveira Jr\",\"isPartOf\":{\"@id\":\"https:\/\/deputadotaveirajr.com.br\/#website\"},\"primaryImageOfPage\":{\"@id\":\"https:\/\/deputadotaveirajr.com.br\/index.php\/justica-declara-inconstitucional-lei-que-destina-5-das-vagas-para-travestis-e-trans-em-empresas-com-incentivos-fiscais-no-rn\/#primaryimage\"},\"image\":{\"@id\":\"https:\/\/deputadotaveirajr.com.br\/index.php\/justica-declara-inconstitucional-lei-que-destina-5-das-vagas-para-travestis-e-trans-em-empresas-com-incentivos-fiscais-no-rn\/#primaryimage\"},\"thumbnailUrl\":\"https:\/\/deputadotaveirajr.com.br\/wp-content\/uploads\/2025\/07\/whatsapp-image-2021-08-31-at-11.24.41-SbBZoq.jpg\",\"datePublished\":\"2025-07-12T16:32:48+00:00\",\"breadcrumb\":{\"@id\":\"https:\/\/deputadotaveirajr.com.br\/index.php\/justica-declara-inconstitucional-lei-que-destina-5-das-vagas-para-travestis-e-trans-em-empresas-com-incentivos-fiscais-no-rn\/#breadcrumb\"},\"inLanguage\":\"pt-BR\",\"potentialAction\":[{\"@type\":\"ReadAction\",\"target\":[\"https:\/\/deputadotaveirajr.com.br\/index.php\/justica-declara-inconstitucional-lei-que-destina-5-das-vagas-para-travestis-e-trans-em-empresas-com-incentivos-fiscais-no-rn\/\"]}]},{\"@type\":\"ImageObject\",\"inLanguage\":\"pt-BR\",\"@id\":\"https:\/\/deputadotaveirajr.com.br\/index.php\/justica-declara-inconstitucional-lei-que-destina-5-das-vagas-para-travestis-e-trans-em-empresas-com-incentivos-fiscais-no-rn\/#primaryimage\",\"url\":\"https:\/\/deputadotaveirajr.com.br\/wp-content\/uploads\/2025\/07\/whatsapp-image-2021-08-31-at-11.24.41-SbBZoq.jpg\",\"contentUrl\":\"https:\/\/deputadotaveirajr.com.br\/wp-content\/uploads\/2025\/07\/whatsapp-image-2021-08-31-at-11.24.41-SbBZoq.jpg\",\"width\":1600,\"height\":1200},{\"@type\":\"BreadcrumbList\",\"@id\":\"https:\/\/deputadotaveirajr.com.br\/index.php\/justica-declara-inconstitucional-lei-que-destina-5-das-vagas-para-travestis-e-trans-em-empresas-com-incentivos-fiscais-no-rn\/#breadcrumb\",\"itemListElement\":[{\"@type\":\"ListItem\",\"position\":1,\"name\":\"In\u00edcio\",\"item\":\"https:\/\/deputadotaveirajr.com.br\/\"},{\"@type\":\"ListItem\",\"position\":2,\"name\":\"Justi\u00e7a declara inconstitucional lei que destina 5% das vagas para travestis e trans em empresas com incentivos fiscais no RN\"}]},{\"@type\":\"WebSite\",\"@id\":\"https:\/\/deputadotaveirajr.com.br\/#website\",\"url\":\"https:\/\/deputadotaveirajr.com.br\/\",\"name\":\"Taveira Jr\",\"description\":\"Deputado Estadual\",\"publisher\":{\"@id\":\"https:\/\/deputadotaveirajr.com.br\/#organization\"},\"potentialAction\":[{\"@type\":\"SearchAction\",\"target\":{\"@type\":\"EntryPoint\",\"urlTemplate\":\"https:\/\/deputadotaveirajr.com.br\/?s={search_term_string}\"},\"query-input\":{\"@type\":\"PropertyValueSpecification\",\"valueRequired\":true,\"valueName\":\"search_term_string\"}}],\"inLanguage\":\"pt-BR\"},{\"@type\":\"Organization\",\"@id\":\"https:\/\/deputadotaveirajr.com.br\/#organization\",\"name\":\"Taveira Jr\",\"url\":\"https:\/\/deputadotaveirajr.com.br\/\",\"logo\":{\"@type\":\"ImageObject\",\"inLanguage\":\"pt-BR\",\"@id\":\"https:\/\/deputadotaveirajr.com.br\/#\/schema\/logo\/image\/\",\"url\":\"https:\/\/deputadotaveirajr.com.br\/wp-content\/uploads\/2026\/01\/logolow2a.png\",\"contentUrl\":\"https:\/\/deputadotaveirajr.com.br\/wp-content\/uploads\/2026\/01\/logolow2a.png\",\"width\":290,\"height\":80,\"caption\":\"Taveira Jr\"},\"image\":{\"@id\":\"https:\/\/deputadotaveirajr.com.br\/#\/schema\/logo\/image\/\"}}]}<\/script>\n<!-- \/ Yoast SEO plugin. -->","yoast_head_json":{"title":"Justi\u00e7a declara inconstitucional lei que destina 5% das vagas para travestis e trans em empresas com incentivos fiscais no RN - Taveira Jr","robots":{"index":"index","follow":"follow","max-snippet":"max-snippet:-1","max-image-preview":"max-image-preview:large","max-video-preview":"max-video-preview:-1"},"canonical":"https:\/\/deputadotaveirajr.com.br\/index.php\/justica-declara-inconstitucional-lei-que-destina-5-das-vagas-para-travestis-e-trans-em-empresas-com-incentivos-fiscais-no-rn\/","og_locale":"pt_BR","og_type":"article","og_title":"Justi\u00e7a declara inconstitucional lei que destina 5% das vagas para travestis e trans em empresas com incentivos fiscais no RN - Taveira Jr","og_description":"Decis\u00e3o citou que lei e decreto do governo do RN violam alguns princ\u00edpios e direitos e que o percentual determinado carece de base cient\u00edfica ou estudo t\u00e9cnico. Governadoria do RN ...","og_url":"https:\/\/deputadotaveirajr.com.br\/index.php\/justica-declara-inconstitucional-lei-que-destina-5-das-vagas-para-travestis-e-trans-em-empresas-com-incentivos-fiscais-no-rn\/","og_site_name":"Taveira Jr","og_image":[{"url":"https:\/\/s2-g1.glbimg.com\/PvsS5ofmkwNjFTPF7_7VXV5dqBE=\/i.s3.glbimg.com\/v1\/AUTH_59edd422c0c84a879bd37670ae4f538a\/internal_photos\/bs\/2021\/U\/D\/kweSBtQmA4sbST9qTi0Q\/whatsapp-image-2021-08-31-at-11.24.41.jpeg","type":"","width":"","height":""}],"twitter_card":"summary_large_image","twitter_misc":{"Est. tempo de leitura":"3 minutos"},"schema":{"@context":"https:\/\/schema.org","@graph":[{"@type":"WebPage","@id":"https:\/\/deputadotaveirajr.com.br\/index.php\/justica-declara-inconstitucional-lei-que-destina-5-das-vagas-para-travestis-e-trans-em-empresas-com-incentivos-fiscais-no-rn\/","url":"https:\/\/deputadotaveirajr.com.br\/index.php\/justica-declara-inconstitucional-lei-que-destina-5-das-vagas-para-travestis-e-trans-em-empresas-com-incentivos-fiscais-no-rn\/","name":"Justi\u00e7a declara inconstitucional lei que destina 5% das vagas para travestis e trans em empresas com incentivos fiscais no RN - Taveira Jr","isPartOf":{"@id":"https:\/\/deputadotaveirajr.com.br\/#website"},"primaryImageOfPage":{"@id":"https:\/\/deputadotaveirajr.com.br\/index.php\/justica-declara-inconstitucional-lei-que-destina-5-das-vagas-para-travestis-e-trans-em-empresas-com-incentivos-fiscais-no-rn\/#primaryimage"},"image":{"@id":"https:\/\/deputadotaveirajr.com.br\/index.php\/justica-declara-inconstitucional-lei-que-destina-5-das-vagas-para-travestis-e-trans-em-empresas-com-incentivos-fiscais-no-rn\/#primaryimage"},"thumbnailUrl":"https:\/\/deputadotaveirajr.com.br\/wp-content\/uploads\/2025\/07\/whatsapp-image-2021-08-31-at-11.24.41-SbBZoq.jpg","datePublished":"2025-07-12T16:32:48+00:00","breadcrumb":{"@id":"https:\/\/deputadotaveirajr.com.br\/index.php\/justica-declara-inconstitucional-lei-que-destina-5-das-vagas-para-travestis-e-trans-em-empresas-com-incentivos-fiscais-no-rn\/#breadcrumb"},"inLanguage":"pt-BR","potentialAction":[{"@type":"ReadAction","target":["https:\/\/deputadotaveirajr.com.br\/index.php\/justica-declara-inconstitucional-lei-que-destina-5-das-vagas-para-travestis-e-trans-em-empresas-com-incentivos-fiscais-no-rn\/"]}]},{"@type":"ImageObject","inLanguage":"pt-BR","@id":"https:\/\/deputadotaveirajr.com.br\/index.php\/justica-declara-inconstitucional-lei-que-destina-5-das-vagas-para-travestis-e-trans-em-empresas-com-incentivos-fiscais-no-rn\/#primaryimage","url":"https:\/\/deputadotaveirajr.com.br\/wp-content\/uploads\/2025\/07\/whatsapp-image-2021-08-31-at-11.24.41-SbBZoq.jpg","contentUrl":"https:\/\/deputadotaveirajr.com.br\/wp-content\/uploads\/2025\/07\/whatsapp-image-2021-08-31-at-11.24.41-SbBZoq.jpg","width":1600,"height":1200},{"@type":"BreadcrumbList","@id":"https:\/\/deputadotaveirajr.com.br\/index.php\/justica-declara-inconstitucional-lei-que-destina-5-das-vagas-para-travestis-e-trans-em-empresas-com-incentivos-fiscais-no-rn\/#breadcrumb","itemListElement":[{"@type":"ListItem","position":1,"name":"In\u00edcio","item":"https:\/\/deputadotaveirajr.com.br\/"},{"@type":"ListItem","position":2,"name":"Justi\u00e7a declara inconstitucional lei que destina 5% das vagas para travestis e trans em empresas com incentivos fiscais no RN"}]},{"@type":"WebSite","@id":"https:\/\/deputadotaveirajr.com.br\/#website","url":"https:\/\/deputadotaveirajr.com.br\/","name":"Taveira Jr","description":"Deputado Estadual","publisher":{"@id":"https:\/\/deputadotaveirajr.com.br\/#organization"},"potentialAction":[{"@type":"SearchAction","target":{"@type":"EntryPoint","urlTemplate":"https:\/\/deputadotaveirajr.com.br\/?s={search_term_string}"},"query-input":{"@type":"PropertyValueSpecification","valueRequired":true,"valueName":"search_term_string"}}],"inLanguage":"pt-BR"},{"@type":"Organization","@id":"https:\/\/deputadotaveirajr.com.br\/#organization","name":"Taveira Jr","url":"https:\/\/deputadotaveirajr.com.br\/","logo":{"@type":"ImageObject","inLanguage":"pt-BR","@id":"https:\/\/deputadotaveirajr.com.br\/#\/schema\/logo\/image\/","url":"https:\/\/deputadotaveirajr.com.br\/wp-content\/uploads\/2026\/01\/logolow2a.png","contentUrl":"https:\/\/deputadotaveirajr.com.br\/wp-content\/uploads\/2026\/01\/logolow2a.png","width":290,"height":80,"caption":"Taveira Jr"},"image":{"@id":"https:\/\/deputadotaveirajr.com.br\/#\/schema\/logo\/image\/"}}]}},"_links":{"self":[{"href":"https:\/\/deputadotaveirajr.com.br\/index.php\/wp-json\/wp\/v2\/pages\/13642","targetHints":{"allow":["GET"]}}],"collection":[{"href":"https:\/\/deputadotaveirajr.com.br\/index.php\/wp-json\/wp\/v2\/pages"}],"about":[{"href":"https:\/\/deputadotaveirajr.com.br\/index.php\/wp-json\/wp\/v2\/types\/page"}],"replies":[{"embeddable":true,"href":"https:\/\/deputadotaveirajr.com.br\/index.php\/wp-json\/wp\/v2\/comments?post=13642"}],"version-history":[{"count":0,"href":"https:\/\/deputadotaveirajr.com.br\/index.php\/wp-json\/wp\/v2\/pages\/13642\/revisions"}],"wp:featuredmedia":[{"embeddable":true,"href":"https:\/\/deputadotaveirajr.com.br\/index.php\/wp-json\/wp\/v2\/media\/13643"}],"wp:attachment":[{"href":"https:\/\/deputadotaveirajr.com.br\/index.php\/wp-json\/wp\/v2\/media?parent=13642"}],"curies":[{"name":"wp","href":"https:\/\/api.w.org\/{rel}","templated":true}]}}