{"id":13648,"date":"2025-07-12T08:49:17","date_gmt":"2025-07-12T11:49:17","guid":{"rendered":"https:\/\/deputadotaveirajr.com.br\/index.php\/ia-ciencia-de-dados-e-jogos-digitais-imd-abre-55-vagas-para-cursos-gratuitos-em-tecnologia\/"},"modified":"2025-07-12T08:49:17","modified_gmt":"2025-07-12T11:49:17","slug":"ia-ciencia-de-dados-e-jogos-digitais-imd-abre-55-vagas-para-cursos-gratuitos-em-tecnologia","status":"publish","type":"page","link":"https:\/\/deputadotaveirajr.com.br\/index.php\/ia-ciencia-de-dados-e-jogos-digitais-imd-abre-55-vagas-para-cursos-gratuitos-em-tecnologia\/","title":{"rendered":"IA, Ci\u00eancia de Dados e Jogos Digitais: IMD abre 55 vagas para cursos gratuitos em tecnologia"},"content":{"rendered":"<p><img decoding=\"async\" src=\"https:\/\/s2-g1.glbimg.com\/bDe1jQiaU4UtBXQxjKo9rHcUgtQ=\/i.s3.glbimg.com\/v1\/AUTH_59edd422c0c84a879bd37670ae4f538a\/internal_photos\/bs\/2019\/E\/L\/5DrbtETFAB3Cc6HOeBkw\/imd-1-3-.jpg\" \/><br \/>     Inscri\u00e7\u00f5es custam R$ 70 e seguem at\u00e9 o dia 20 de julho deste m\u00eas. Vagas s\u00e3o destinadas a pessoas que n\u00e3o possuem cadastro ativo em cursos de gradua\u00e7\u00e3o da UFRN. Instituto Metr\u00f3pole Digital (IMD), na UFRN<br \/>\nJos\u00e9 J\u00fanior\/IMD<br \/>\nO Instituto Metr\u00f3pole Digital, da Universidade Federal do Rio Grande do Norte (UFRN), abriu inscri\u00e7\u00f5es para 55 vagas em cursos gratuitos ligados \u00e0 tecnologia. As inscri\u00e7\u00f5es, que custam R$ 70, seguem at\u00e9 o dia 20 de julho deste m\u00eas.<br \/>\nAs vagas s\u00e3o destinadas a pessoas que n\u00e3o possuem cadastro ativo em cursos de gradua\u00e7\u00e3o da UFRN. H\u00e1 um processo seletivo, com aplica\u00e7\u00e3o de provas, previsto (veja detalhes mais abaixo).<br \/>\n\ud83d\udcf3Participe do canal do g1 RN no WhatsApp<br \/>\nOs interessados em concorrer \u00e0s vagas devem j\u00e1 possuir uma gradua\u00e7\u00e3o, estar cursando uma ou mesmo j\u00e1 ter iniciado um curso superior, mesmo que n\u00e3o o tenha conclu\u00eddo.<br \/>\nAs inscri\u00e7\u00f5es acontecem exclusivamente pelo site Sigaa, da UFRN &#8211; na se\u00e7\u00e3o \u201cprocessos seletivos \u2013 forma\u00e7\u00e3o complementar\u201d.<br \/>\nPara se inscrever, o candidato deve anexar, em formato PDF, documentos como c\u00f3pia do diploma ou certificado de conclus\u00e3o, hist\u00f3rico de gradua\u00e7\u00e3o, documento de identifica\u00e7\u00e3o com foto e CPF.<br \/>\nCursos<br \/>\nAs oportunidades s\u00e3o para cursos de:<br \/>\nBioinform\u00e1tica;<br \/>\nCi\u00eancia de Dados;<br \/>\nInova\u00e7\u00e3o e Empreendedorismo;<br \/>\nIntelig\u00eancia Artificial (IA);<br \/>\nInternet das Coisas; e<br \/>\nJogos Digitais.<br \/>\n\u27a1\ufe0f Cada curso conta com cinco vagas, com exce\u00e7\u00e3o do curso de IA, que conta com 30 vagas.<br \/>\nAp\u00f3s a escolha do curso, n\u00e3o ser\u00e1 poss\u00edvel realizar altera\u00e7\u00f5es na forma\u00e7\u00e3o selecionada ao longo do per\u00edodo letivo.<br \/>\nAs aulas s\u00e3o presenciais, com hor\u00e1rios que podem variar a cada semestre, conforme a disponibilidade de infraestrutura e equipe docente.<br \/>\nProcesso seletivo<br \/>\nOs cursos fazem parte do Programa de Estudos Secund\u00e1rios do IMD.  O processo seletivo \u00e9  composto por uma Prova de Conhecimentos Espec\u00edficos, de car\u00e1ter objetivo.<br \/>\nA avalia\u00e7\u00e3o vai abordar conte\u00fados te\u00f3ricos e pr\u00e1ticos relacionados \u00e0 \u00e1rea de Tecnologia da Informa\u00e7\u00e3o (TI), bem como compet\u00eancias essenciais para o ingresso no programa.<br \/>\nO resultado final est\u00e1 previsto para ser publicado no dia 7 de agosto, na pr\u00f3pria p\u00e1gina da sele\u00e7\u00e3o no Sigaa.<br \/>\nPES<br \/>\nClassificado como um curso sequencial conforme regulamentado pela C\u00e2mara de Ensino Superior do Conselho Nacional de Educa\u00e7\u00e3o, o PES oferece forma\u00e7\u00f5es especializadas e pontuais em diversas \u00e1reas de tecnologia, totalizando entre 300 e 360 horas de aprendizado.<br \/>\nVoltado a profissionais de diferentes \u00e1reas, o programa busca desenvolver compet\u00eancias pouco exploradas nas grades curriculares tradicionais.<br \/>\nAo final da forma\u00e7\u00e3o, os participantes recebem certifica\u00e7\u00e3o na \u00e1rea escolhida, o que contribui para a valoriza\u00e7\u00e3o do curr\u00edculo e amplia\u00e7\u00e3o das possibilidades de atua\u00e7\u00e3o no mercado de trabalho.<br \/>\nCursos t\u00e9cnicos gratuitos na UFRN<br \/>\nV\u00eddeos mais assistidos do g1 RN<\/p>","protected":false},"excerpt":{"rendered":"<p>Inscri\u00e7\u00f5es custam R$ 70 e seguem at\u00e9 o dia 20 de julho deste m\u00eas. Vagas s\u00e3o destinadas a pessoas que n\u00e3o possuem cadastro ativo em cursos de gradua\u00e7\u00e3o da UFRN. &#8230;<\/p>\n","protected":false},"author":0,"featured_media":13649,"parent":0,"menu_order":0,"comment_status":"closed","ping_status":"closed","template":"","meta":{"footnotes":""},"class_list":["post-13648","page","type-page","status-publish","has-post-thumbnail","hentry"],"yoast_head":"<!-- This site is optimized with the Yoast SEO plugin v27.1.1 - https:\/\/yoast.com\/product\/yoast-seo-wordpress\/ -->\n<title>IA, Ci\u00eancia de Dados e Jogos Digitais: IMD abre 55 vagas para cursos gratuitos em tecnologia - Taveira Jr<\/title>\n<meta name=\"robots\" content=\"index, follow, max-snippet:-1, max-image-preview:large, max-video-preview:-1\" \/>\n<link rel=\"canonical\" href=\"https:\/\/deputadotaveirajr.com.br\/index.php\/ia-ciencia-de-dados-e-jogos-digitais-imd-abre-55-vagas-para-cursos-gratuitos-em-tecnologia\/\" \/>\n<meta property=\"og:locale\" content=\"pt_BR\" \/>\n<meta property=\"og:type\" content=\"article\" \/>\n<meta property=\"og:title\" content=\"IA, Ci\u00eancia de Dados e Jogos Digitais: IMD abre 55 vagas para cursos gratuitos em tecnologia - Taveira Jr\" \/>\n<meta property=\"og:description\" content=\"Inscri\u00e7\u00f5es custam R$ 70 e seguem at\u00e9 o dia 20 de julho deste m\u00eas. Vagas s\u00e3o destinadas a pessoas que n\u00e3o possuem cadastro ativo em cursos de gradua\u00e7\u00e3o da UFRN. ...\" \/>\n<meta property=\"og:url\" content=\"https:\/\/deputadotaveirajr.com.br\/index.php\/ia-ciencia-de-dados-e-jogos-digitais-imd-abre-55-vagas-para-cursos-gratuitos-em-tecnologia\/\" \/>\n<meta property=\"og:site_name\" content=\"Taveira Jr\" \/>\n<meta property=\"og:image\" content=\"https:\/\/s2-g1.glbimg.com\/bDe1jQiaU4UtBXQxjKo9rHcUgtQ=\/i.s3.glbimg.com\/v1\/AUTH_59edd422c0c84a879bd37670ae4f538a\/internal_photos\/bs\/2019\/E\/L\/5DrbtETFAB3Cc6HOeBkw\/imd-1-3-.jpg\" \/>\n<meta name=\"twitter:card\" content=\"summary_large_image\" \/>\n<meta name=\"twitter:label1\" content=\"Est. tempo de leitura\" \/>\n\t<meta name=\"twitter:data1\" content=\"2 minutos\" \/>\n<script type=\"application\/ld+json\" class=\"yoast-schema-graph\">{\"@context\":\"https:\/\/schema.org\",\"@graph\":[{\"@type\":\"WebPage\",\"@id\":\"https:\/\/deputadotaveirajr.com.br\/index.php\/ia-ciencia-de-dados-e-jogos-digitais-imd-abre-55-vagas-para-cursos-gratuitos-em-tecnologia\/\",\"url\":\"https:\/\/deputadotaveirajr.com.br\/index.php\/ia-ciencia-de-dados-e-jogos-digitais-imd-abre-55-vagas-para-cursos-gratuitos-em-tecnologia\/\",\"name\":\"IA, Ci\u00eancia de Dados e Jogos Digitais: IMD abre 55 vagas para cursos gratuitos em tecnologia - Taveira Jr\",\"isPartOf\":{\"@id\":\"https:\/\/deputadotaveirajr.com.br\/#website\"},\"primaryImageOfPage\":{\"@id\":\"https:\/\/deputadotaveirajr.com.br\/index.php\/ia-ciencia-de-dados-e-jogos-digitais-imd-abre-55-vagas-para-cursos-gratuitos-em-tecnologia\/#primaryimage\"},\"image\":{\"@id\":\"https:\/\/deputadotaveirajr.com.br\/index.php\/ia-ciencia-de-dados-e-jogos-digitais-imd-abre-55-vagas-para-cursos-gratuitos-em-tecnologia\/#primaryimage\"},\"thumbnailUrl\":\"https:\/\/deputadotaveirajr.com.br\/wp-content\/uploads\/2025\/07\/imd-1-3-ivOfIe.jpg\",\"datePublished\":\"2025-07-12T11:49:17+00:00\",\"breadcrumb\":{\"@id\":\"https:\/\/deputadotaveirajr.com.br\/index.php\/ia-ciencia-de-dados-e-jogos-digitais-imd-abre-55-vagas-para-cursos-gratuitos-em-tecnologia\/#breadcrumb\"},\"inLanguage\":\"pt-BR\",\"potentialAction\":[{\"@type\":\"ReadAction\",\"target\":[\"https:\/\/deputadotaveirajr.com.br\/index.php\/ia-ciencia-de-dados-e-jogos-digitais-imd-abre-55-vagas-para-cursos-gratuitos-em-tecnologia\/\"]}]},{\"@type\":\"ImageObject\",\"inLanguage\":\"pt-BR\",\"@id\":\"https:\/\/deputadotaveirajr.com.br\/index.php\/ia-ciencia-de-dados-e-jogos-digitais-imd-abre-55-vagas-para-cursos-gratuitos-em-tecnologia\/#primaryimage\",\"url\":\"https:\/\/deputadotaveirajr.com.br\/wp-content\/uploads\/2025\/07\/imd-1-3-ivOfIe.jpg\",\"contentUrl\":\"https:\/\/deputadotaveirajr.com.br\/wp-content\/uploads\/2025\/07\/imd-1-3-ivOfIe.jpg\",\"width\":1500,\"height\":1094},{\"@type\":\"BreadcrumbList\",\"@id\":\"https:\/\/deputadotaveirajr.com.br\/index.php\/ia-ciencia-de-dados-e-jogos-digitais-imd-abre-55-vagas-para-cursos-gratuitos-em-tecnologia\/#breadcrumb\",\"itemListElement\":[{\"@type\":\"ListItem\",\"position\":1,\"name\":\"In\u00edcio\",\"item\":\"https:\/\/deputadotaveirajr.com.br\/\"},{\"@type\":\"ListItem\",\"position\":2,\"name\":\"IA, Ci\u00eancia de Dados e Jogos Digitais: IMD abre 55 vagas para cursos gratuitos em tecnologia\"}]},{\"@type\":\"WebSite\",\"@id\":\"https:\/\/deputadotaveirajr.com.br\/#website\",\"url\":\"https:\/\/deputadotaveirajr.com.br\/\",\"name\":\"Taveira Jr\",\"description\":\"Deputado Estadual\",\"publisher\":{\"@id\":\"https:\/\/deputadotaveirajr.com.br\/#organization\"},\"potentialAction\":[{\"@type\":\"SearchAction\",\"target\":{\"@type\":\"EntryPoint\",\"urlTemplate\":\"https:\/\/deputadotaveirajr.com.br\/?s={search_term_string}\"},\"query-input\":{\"@type\":\"PropertyValueSpecification\",\"valueRequired\":true,\"valueName\":\"search_term_string\"}}],\"inLanguage\":\"pt-BR\"},{\"@type\":\"Organization\",\"@id\":\"https:\/\/deputadotaveirajr.com.br\/#organization\",\"name\":\"Taveira Jr\",\"url\":\"https:\/\/deputadotaveirajr.com.br\/\",\"logo\":{\"@type\":\"ImageObject\",\"inLanguage\":\"pt-BR\",\"@id\":\"https:\/\/deputadotaveirajr.com.br\/#\/schema\/logo\/image\/\",\"url\":\"https:\/\/deputadotaveirajr.com.br\/wp-content\/uploads\/2026\/01\/logolow2a.png\",\"contentUrl\":\"https:\/\/deputadotaveirajr.com.br\/wp-content\/uploads\/2026\/01\/logolow2a.png\",\"width\":290,\"height\":80,\"caption\":\"Taveira Jr\"},\"image\":{\"@id\":\"https:\/\/deputadotaveirajr.com.br\/#\/schema\/logo\/image\/\"}}]}<\/script>\n<!-- \/ Yoast SEO plugin. -->","yoast_head_json":{"title":"IA, Ci\u00eancia de Dados e Jogos Digitais: IMD abre 55 vagas para cursos gratuitos em tecnologia - Taveira Jr","robots":{"index":"index","follow":"follow","max-snippet":"max-snippet:-1","max-image-preview":"max-image-preview:large","max-video-preview":"max-video-preview:-1"},"canonical":"https:\/\/deputadotaveirajr.com.br\/index.php\/ia-ciencia-de-dados-e-jogos-digitais-imd-abre-55-vagas-para-cursos-gratuitos-em-tecnologia\/","og_locale":"pt_BR","og_type":"article","og_title":"IA, Ci\u00eancia de Dados e Jogos Digitais: IMD abre 55 vagas para cursos gratuitos em tecnologia - Taveira Jr","og_description":"Inscri\u00e7\u00f5es custam R$ 70 e seguem at\u00e9 o dia 20 de julho deste m\u00eas. Vagas s\u00e3o destinadas a pessoas que n\u00e3o possuem cadastro ativo em cursos de gradua\u00e7\u00e3o da UFRN. ...","og_url":"https:\/\/deputadotaveirajr.com.br\/index.php\/ia-ciencia-de-dados-e-jogos-digitais-imd-abre-55-vagas-para-cursos-gratuitos-em-tecnologia\/","og_site_name":"Taveira Jr","og_image":[{"url":"https:\/\/s2-g1.glbimg.com\/bDe1jQiaU4UtBXQxjKo9rHcUgtQ=\/i.s3.glbimg.com\/v1\/AUTH_59edd422c0c84a879bd37670ae4f538a\/internal_photos\/bs\/2019\/E\/L\/5DrbtETFAB3Cc6HOeBkw\/imd-1-3-.jpg","type":"","width":"","height":""}],"twitter_card":"summary_large_image","twitter_misc":{"Est. tempo de leitura":"2 minutos"},"schema":{"@context":"https:\/\/schema.org","@graph":[{"@type":"WebPage","@id":"https:\/\/deputadotaveirajr.com.br\/index.php\/ia-ciencia-de-dados-e-jogos-digitais-imd-abre-55-vagas-para-cursos-gratuitos-em-tecnologia\/","url":"https:\/\/deputadotaveirajr.com.br\/index.php\/ia-ciencia-de-dados-e-jogos-digitais-imd-abre-55-vagas-para-cursos-gratuitos-em-tecnologia\/","name":"IA, Ci\u00eancia de Dados e Jogos Digitais: IMD abre 55 vagas para cursos gratuitos em tecnologia - Taveira Jr","isPartOf":{"@id":"https:\/\/deputadotaveirajr.com.br\/#website"},"primaryImageOfPage":{"@id":"https:\/\/deputadotaveirajr.com.br\/index.php\/ia-ciencia-de-dados-e-jogos-digitais-imd-abre-55-vagas-para-cursos-gratuitos-em-tecnologia\/#primaryimage"},"image":{"@id":"https:\/\/deputadotaveirajr.com.br\/index.php\/ia-ciencia-de-dados-e-jogos-digitais-imd-abre-55-vagas-para-cursos-gratuitos-em-tecnologia\/#primaryimage"},"thumbnailUrl":"https:\/\/deputadotaveirajr.com.br\/wp-content\/uploads\/2025\/07\/imd-1-3-ivOfIe.jpg","datePublished":"2025-07-12T11:49:17+00:00","breadcrumb":{"@id":"https:\/\/deputadotaveirajr.com.br\/index.php\/ia-ciencia-de-dados-e-jogos-digitais-imd-abre-55-vagas-para-cursos-gratuitos-em-tecnologia\/#breadcrumb"},"inLanguage":"pt-BR","potentialAction":[{"@type":"ReadAction","target":["https:\/\/deputadotaveirajr.com.br\/index.php\/ia-ciencia-de-dados-e-jogos-digitais-imd-abre-55-vagas-para-cursos-gratuitos-em-tecnologia\/"]}]},{"@type":"ImageObject","inLanguage":"pt-BR","@id":"https:\/\/deputadotaveirajr.com.br\/index.php\/ia-ciencia-de-dados-e-jogos-digitais-imd-abre-55-vagas-para-cursos-gratuitos-em-tecnologia\/#primaryimage","url":"https:\/\/deputadotaveirajr.com.br\/wp-content\/uploads\/2025\/07\/imd-1-3-ivOfIe.jpg","contentUrl":"https:\/\/deputadotaveirajr.com.br\/wp-content\/uploads\/2025\/07\/imd-1-3-ivOfIe.jpg","width":1500,"height":1094},{"@type":"BreadcrumbList","@id":"https:\/\/deputadotaveirajr.com.br\/index.php\/ia-ciencia-de-dados-e-jogos-digitais-imd-abre-55-vagas-para-cursos-gratuitos-em-tecnologia\/#breadcrumb","itemListElement":[{"@type":"ListItem","position":1,"name":"In\u00edcio","item":"https:\/\/deputadotaveirajr.com.br\/"},{"@type":"ListItem","position":2,"name":"IA, Ci\u00eancia de Dados e Jogos Digitais: IMD abre 55 vagas para cursos gratuitos em tecnologia"}]},{"@type":"WebSite","@id":"https:\/\/deputadotaveirajr.com.br\/#website","url":"https:\/\/deputadotaveirajr.com.br\/","name":"Taveira Jr","description":"Deputado Estadual","publisher":{"@id":"https:\/\/deputadotaveirajr.com.br\/#organization"},"potentialAction":[{"@type":"SearchAction","target":{"@type":"EntryPoint","urlTemplate":"https:\/\/deputadotaveirajr.com.br\/?s={search_term_string}"},"query-input":{"@type":"PropertyValueSpecification","valueRequired":true,"valueName":"search_term_string"}}],"inLanguage":"pt-BR"},{"@type":"Organization","@id":"https:\/\/deputadotaveirajr.com.br\/#organization","name":"Taveira Jr","url":"https:\/\/deputadotaveirajr.com.br\/","logo":{"@type":"ImageObject","inLanguage":"pt-BR","@id":"https:\/\/deputadotaveirajr.com.br\/#\/schema\/logo\/image\/","url":"https:\/\/deputadotaveirajr.com.br\/wp-content\/uploads\/2026\/01\/logolow2a.png","contentUrl":"https:\/\/deputadotaveirajr.com.br\/wp-content\/uploads\/2026\/01\/logolow2a.png","width":290,"height":80,"caption":"Taveira Jr"},"image":{"@id":"https:\/\/deputadotaveirajr.com.br\/#\/schema\/logo\/image\/"}}]}},"_links":{"self":[{"href":"https:\/\/deputadotaveirajr.com.br\/index.php\/wp-json\/wp\/v2\/pages\/13648","targetHints":{"allow":["GET"]}}],"collection":[{"href":"https:\/\/deputadotaveirajr.com.br\/index.php\/wp-json\/wp\/v2\/pages"}],"about":[{"href":"https:\/\/deputadotaveirajr.com.br\/index.php\/wp-json\/wp\/v2\/types\/page"}],"replies":[{"embeddable":true,"href":"https:\/\/deputadotaveirajr.com.br\/index.php\/wp-json\/wp\/v2\/comments?post=13648"}],"version-history":[{"count":0,"href":"https:\/\/deputadotaveirajr.com.br\/index.php\/wp-json\/wp\/v2\/pages\/13648\/revisions"}],"wp:featuredmedia":[{"embeddable":true,"href":"https:\/\/deputadotaveirajr.com.br\/index.php\/wp-json\/wp\/v2\/media\/13649"}],"wp:attachment":[{"href":"https:\/\/deputadotaveirajr.com.br\/index.php\/wp-json\/wp\/v2\/media?parent=13648"}],"curies":[{"name":"wp","href":"https:\/\/api.w.org\/{rel}","templated":true}]}}