{"id":13650,"date":"2025-07-11T20:06:00","date_gmt":"2025-07-11T23:06:00","guid":{"rendered":"https:\/\/deputadotaveirajr.com.br\/index.php\/tce-aponta-irregularidades-em-obras-em-sao-goncalo-do-amarante-com-financiamento-internacional\/"},"modified":"2025-07-11T20:06:00","modified_gmt":"2025-07-11T23:06:00","slug":"tce-aponta-irregularidades-em-obras-em-sao-goncalo-do-amarante-com-financiamento-internacional","status":"publish","type":"page","link":"https:\/\/deputadotaveirajr.com.br\/index.php\/tce-aponta-irregularidades-em-obras-em-sao-goncalo-do-amarante-com-financiamento-internacional\/","title":{"rendered":"TCE aponta irregularidades em obras em S\u00e3o Gon\u00e7alo do Amarante com financiamento internacional"},"content":{"rendered":"<p><img decoding=\"async\" src=\"https:\/\/s2-g1.glbimg.com\/h8Uzgtu3SPdYQ7CVvO1NIFPyOzk=\/i.s3.glbimg.com\/v1\/AUTH_59edd422c0c84a879bd37670ae4f538a\/internal_photos\/bs\/2024\/i\/9\/kw4xawRUmCBH22vhysLw\/whatsapp-image-2024-07-17-at-11.22.03-1-.jpeg\" \/><br \/>     Programa tinha investimento previsto de 42 milh\u00f5es de d\u00f3lares. TCE apontou problemas em obras no  pontilh\u00e3o do Breu e em estrada do Coqueiral. Sede do Tribunal de Contas do Estado (TCE\/RN)<br \/>\nBruno Rocha\/Inter TV Cabugi<br \/>\nO Tribunal de Contas do Estado (TCE\/RN) identificou irregularidades no programa de obras de S\u00e3o Gon\u00e7alo do Amarante, cidade na Regi\u00e3o Metropolitana de Natal, que era financiado em parceira com um fundo internacional e tinha investimento de 42 milh\u00f5es de d\u00f3lares.<br \/>\nSegundo o TCE, a gest\u00e3o do programa apresentou falhas significativas no controle e na execu\u00e7\u00e3o dos investimentos, &#8220;ainda que tenha demonstrado alguns pontos positivos em rela\u00e7\u00e3o aos controles adotados pela unidade de execu\u00e7\u00e3o do programa&#8221;.<br \/>\n\ud83d\udcf3Participe do canal do g1 RN no WhatsApp<br \/>\nO Programa de A\u00e7\u00f5es Estruturantes de S\u00e3o Gon\u00e7alo do Amarante (PAES) \u00e9 financiado por meio de um empr\u00e9stimo junto ao Fundo Financeiro para o Desenvolvimento da Bacia do Prata, com contrapartida da Prefeitura.<br \/>\nDo total previsto de investimento, 34 milh\u00f5es de d\u00f3lares s\u00e3o do fundo internacional e 8,5 milh\u00f5es de d\u00f3lares da prefeitura.<br \/>\n&#8220;No entanto, enquanto quase a totalidade dos recursos do fundo j\u00e1 havia sido repassada (96,5%), a contrapartida municipal estava muito aqu\u00e9m do esperado, com apenas 59% executados. O descompasso no aporte de recursos revela um desequil\u00edbrio na execu\u00e7\u00e3o financeira do programa&#8221;, citou o TCE.<br \/>\nA gest\u00e3o finaceira do programa, segundo o TCE, estava sob responsabilidade do ex-prefeito Eraldo Paiva.<br \/>\nO que dizem os citados<br \/>\nEm nota, o ex-prefeito Eraldo Paiva informou que  a obra do Pontilh\u00e3o do Breu, citada no relat\u00f3rio, possui Licen\u00e7a Ambiental v\u00e1lida, emitida pelo Idema, com vig\u00eancia at\u00e9 25 de agosto de 2027. &#8220;Para sua obten\u00e7\u00e3o, foram exigidos estudos geot\u00e9cnicos e de impacto ambiental, devidamente realizados&#8221;,  citou.<br \/>\nO ex-gestor informou que a interven\u00e7\u00e3o na estrada do Coqueiral, tamb\u00e9m citada,  conta com Licen\u00e7a Ambienta expedida pela SEMURB-SGA, com validade at\u00e9 16 de novembro de 2024\u2014 documento vigente \u00e0 \u00e9poca da execu\u00e7\u00e3o das a\u00e7\u00f5es.<br \/>\n&#8220;A gest\u00e3o de Eraldo Paiva empenhou-se em garantir o equil\u00edbrio entre as contrapartidas do munic\u00edpio e os aportes oriundos do financiamento, possibilitando a continuidade das obras. No entanto, os avan\u00e7os foram totalmente paralisados pela atual administra\u00e7\u00e3o&#8221;, disse em nota.<br \/>\nO ex-prefeito disse que o relat\u00f3rio citou reiteradas vezes &#8220;a aus\u00eancia de envio de documentos e notas explicativas que s\u00e3o de responsabilidade da atual gest\u00e3o&#8221;.<br \/>\n&#8220;Tais omiss\u00f5es refor\u00e7am a conduta recorrente da administra\u00e7\u00e3o atual de desqualificar, de forma deliberada, os avan\u00e7os conquistados pela gest\u00e3o anterior, com objetivos meramente pol\u00edticos \u2014 em detrimento do interesse p\u00fablico e do desenvolvimento do munic\u00edpio de S\u00e3o Gon\u00e7alo do Amarante&#8221;, disse em nota.<br \/>\nA atual gest\u00e3o citou que recebeu com preocupa\u00e7\u00e3o o relat\u00f3rio, mas informou ter ci\u00eancia dos fatos &#8220;j\u00e1 que as investiga\u00e7\u00f5es do TCE tomaram como base den\u00fancias encaminhadas pela administra\u00e7\u00e3o&#8221;.<br \/>\nA prefeitura informou ainda que a Procuradoria-Geral do Munic\u00edpio est\u00e1 adotando as medidas cab\u00edveis para a responsabiliza\u00e7\u00e3o judicial dos envolvidos , colaborando com os \u00f3rg\u00e3os de controle e fiscaliza\u00e7\u00e3o, &#8220;assegurando que todos os atos sejam apurados com o devido rigor e dentro dos par\u00e2metros legais&#8221;.<br \/>\n&#8216;Fragilidade nos controles internos&#8217;<br \/>\nSegundo o TCE, entre os principais problemas encontrados pelos auditores, est\u00e1 a fragilidade nos controles internos da prefeitura, &#8220;que n\u00e3o possui processos claros para garantir o cumprimento das cl\u00e1usulas contratuais nem para avaliar a regularidade da documenta\u00e7\u00e3o de pagamento&#8221;.<br \/>\nEssa aus\u00eancia de procedimentos eficazes, segundo o TCE, aumenta o risco de erros e at\u00e9 de fraudes.<br \/>\nO TCE informou que notificou o fundo para que ele tome ci\u00eancia das falhas e avalie as medidas cab\u00edveis.<br \/>\nPontilh\u00e3o e Estrada do Coqueiral<br \/>\nDois casos espec\u00edficos de obras foram destacados no relat\u00f3rio do TCE.<br \/>\nO primeiro \u00e9 em rela\u00e7\u00e3o \u00e0 constru\u00e7\u00e3o de um pontilh\u00e3o na comunidade do Breu, que foi executado em local diferente do previsto originalmente, sem justificativas t\u00e9cnicas, sem licenciamento ambiental e sem autoriza\u00e7\u00e3o dos \u00f3rg\u00e3os competentes, apontou o Tribunal de Contas do Estado.<br \/>\nA obra, or\u00e7ada em R$ 904.150,60, foi considerada ineleg\u00edvel para financiamento com recursos do programa.<br \/>\nO TCE informou que vai apurar, em processo aut\u00f4nomo, as responsabilidades pela execu\u00e7\u00e3o indevida.<br \/>\nO segundo caso \u00e9 referente \u00e0 obra de requalifica\u00e7\u00e3o da Estrada do Coqueiral, que est\u00e1 paralisada. O Tribunal determinou que a prefeitura resolva os entraves ambientais e decida pela retomada ou rescis\u00e3o do contrato, al\u00e9m de responsabilizar os agentes p\u00fablicos ou privados pela paralisa\u00e7\u00e3o.<br \/>\nO relat\u00f3rio tamb\u00e9m determina que a atual secret\u00e1ria municipal de Desenvolvimento Econ\u00f4mico e Turismo e coordenadora da UEP, Juseni Tavares da Costa, implemente as recomenda\u00e7\u00f5es apontadas.<br \/>\nO TCE informou que segue no acompanhamento do caso e n\u00e3o descarta a abertura de novos processos para aprofundar a investiga\u00e7\u00e3o sobre as irregularidades nas obras mencionadas.<br \/>\nTCE-RN faz fiscaliza\u00e7\u00e3o de aposentados do servi\u00e7o p\u00fablico<br \/>\nV\u00eddeos mais assistidos do g1 RN<\/p>","protected":false},"excerpt":{"rendered":"<p>Programa tinha investimento previsto de 42 milh\u00f5es de d\u00f3lares. TCE apontou problemas em obras no pontilh\u00e3o do Breu e em estrada do Coqueiral. Sede do Tribunal de Contas do Estado &#8230;<\/p>\n","protected":false},"author":0,"featured_media":13651,"parent":0,"menu_order":0,"comment_status":"closed","ping_status":"closed","template":"","meta":{"footnotes":""},"class_list":["post-13650","page","type-page","status-publish","has-post-thumbnail","hentry"],"yoast_head":"<!-- This site is optimized with the Yoast SEO plugin v27.1.1 - https:\/\/yoast.com\/product\/yoast-seo-wordpress\/ -->\n<title>TCE aponta irregularidades em obras em S\u00e3o Gon\u00e7alo do Amarante com financiamento internacional - Taveira Jr<\/title>\n<meta name=\"robots\" content=\"index, follow, max-snippet:-1, max-image-preview:large, max-video-preview:-1\" \/>\n<link rel=\"canonical\" href=\"https:\/\/deputadotaveirajr.com.br\/index.php\/tce-aponta-irregularidades-em-obras-em-sao-goncalo-do-amarante-com-financiamento-internacional\/\" \/>\n<meta property=\"og:locale\" content=\"pt_BR\" \/>\n<meta property=\"og:type\" content=\"article\" \/>\n<meta property=\"og:title\" content=\"TCE aponta irregularidades em obras em S\u00e3o Gon\u00e7alo do Amarante com financiamento internacional - Taveira Jr\" \/>\n<meta property=\"og:description\" content=\"Programa tinha investimento previsto de 42 milh\u00f5es de d\u00f3lares. TCE apontou problemas em obras no pontilh\u00e3o do Breu e em estrada do Coqueiral. Sede do Tribunal de Contas do Estado ...\" \/>\n<meta property=\"og:url\" content=\"https:\/\/deputadotaveirajr.com.br\/index.php\/tce-aponta-irregularidades-em-obras-em-sao-goncalo-do-amarante-com-financiamento-internacional\/\" \/>\n<meta property=\"og:site_name\" content=\"Taveira Jr\" \/>\n<meta property=\"og:image\" content=\"https:\/\/s2-g1.glbimg.com\/h8Uzgtu3SPdYQ7CVvO1NIFPyOzk=\/i.s3.glbimg.com\/v1\/AUTH_59edd422c0c84a879bd37670ae4f538a\/internal_photos\/bs\/2024\/i\/9\/kw4xawRUmCBH22vhysLw\/whatsapp-image-2024-07-17-at-11.22.03-1-.jpeg\" \/>\n<meta name=\"twitter:card\" content=\"summary_large_image\" \/>\n<meta name=\"twitter:label1\" content=\"Est. tempo de leitura\" \/>\n\t<meta name=\"twitter:data1\" content=\"4 minutos\" \/>\n<script type=\"application\/ld+json\" class=\"yoast-schema-graph\">{\"@context\":\"https:\/\/schema.org\",\"@graph\":[{\"@type\":\"WebPage\",\"@id\":\"https:\/\/deputadotaveirajr.com.br\/index.php\/tce-aponta-irregularidades-em-obras-em-sao-goncalo-do-amarante-com-financiamento-internacional\/\",\"url\":\"https:\/\/deputadotaveirajr.com.br\/index.php\/tce-aponta-irregularidades-em-obras-em-sao-goncalo-do-amarante-com-financiamento-internacional\/\",\"name\":\"TCE aponta irregularidades em obras em S\u00e3o Gon\u00e7alo do Amarante com financiamento internacional - Taveira Jr\",\"isPartOf\":{\"@id\":\"https:\/\/deputadotaveirajr.com.br\/#website\"},\"primaryImageOfPage\":{\"@id\":\"https:\/\/deputadotaveirajr.com.br\/index.php\/tce-aponta-irregularidades-em-obras-em-sao-goncalo-do-amarante-com-financiamento-internacional\/#primaryimage\"},\"image\":{\"@id\":\"https:\/\/deputadotaveirajr.com.br\/index.php\/tce-aponta-irregularidades-em-obras-em-sao-goncalo-do-amarante-com-financiamento-internacional\/#primaryimage\"},\"thumbnailUrl\":\"https:\/\/deputadotaveirajr.com.br\/wp-content\/uploads\/2025\/07\/whatsapp-image-2024-07-17-at-11.22.03-1-7nqOFP.jpg\",\"datePublished\":\"2025-07-11T23:06:00+00:00\",\"breadcrumb\":{\"@id\":\"https:\/\/deputadotaveirajr.com.br\/index.php\/tce-aponta-irregularidades-em-obras-em-sao-goncalo-do-amarante-com-financiamento-internacional\/#breadcrumb\"},\"inLanguage\":\"pt-BR\",\"potentialAction\":[{\"@type\":\"ReadAction\",\"target\":[\"https:\/\/deputadotaveirajr.com.br\/index.php\/tce-aponta-irregularidades-em-obras-em-sao-goncalo-do-amarante-com-financiamento-internacional\/\"]}]},{\"@type\":\"ImageObject\",\"inLanguage\":\"pt-BR\",\"@id\":\"https:\/\/deputadotaveirajr.com.br\/index.php\/tce-aponta-irregularidades-em-obras-em-sao-goncalo-do-amarante-com-financiamento-internacional\/#primaryimage\",\"url\":\"https:\/\/deputadotaveirajr.com.br\/wp-content\/uploads\/2025\/07\/whatsapp-image-2024-07-17-at-11.22.03-1-7nqOFP.jpg\",\"contentUrl\":\"https:\/\/deputadotaveirajr.com.br\/wp-content\/uploads\/2025\/07\/whatsapp-image-2024-07-17-at-11.22.03-1-7nqOFP.jpg\",\"width\":1599,\"height\":899},{\"@type\":\"BreadcrumbList\",\"@id\":\"https:\/\/deputadotaveirajr.com.br\/index.php\/tce-aponta-irregularidades-em-obras-em-sao-goncalo-do-amarante-com-financiamento-internacional\/#breadcrumb\",\"itemListElement\":[{\"@type\":\"ListItem\",\"position\":1,\"name\":\"In\u00edcio\",\"item\":\"https:\/\/deputadotaveirajr.com.br\/\"},{\"@type\":\"ListItem\",\"position\":2,\"name\":\"TCE aponta irregularidades em obras em S\u00e3o Gon\u00e7alo do Amarante com financiamento internacional\"}]},{\"@type\":\"WebSite\",\"@id\":\"https:\/\/deputadotaveirajr.com.br\/#website\",\"url\":\"https:\/\/deputadotaveirajr.com.br\/\",\"name\":\"Taveira Jr\",\"description\":\"Deputado Estadual\",\"publisher\":{\"@id\":\"https:\/\/deputadotaveirajr.com.br\/#organization\"},\"potentialAction\":[{\"@type\":\"SearchAction\",\"target\":{\"@type\":\"EntryPoint\",\"urlTemplate\":\"https:\/\/deputadotaveirajr.com.br\/?s={search_term_string}\"},\"query-input\":{\"@type\":\"PropertyValueSpecification\",\"valueRequired\":true,\"valueName\":\"search_term_string\"}}],\"inLanguage\":\"pt-BR\"},{\"@type\":\"Organization\",\"@id\":\"https:\/\/deputadotaveirajr.com.br\/#organization\",\"name\":\"Taveira Jr\",\"url\":\"https:\/\/deputadotaveirajr.com.br\/\",\"logo\":{\"@type\":\"ImageObject\",\"inLanguage\":\"pt-BR\",\"@id\":\"https:\/\/deputadotaveirajr.com.br\/#\/schema\/logo\/image\/\",\"url\":\"https:\/\/deputadotaveirajr.com.br\/wp-content\/uploads\/2026\/01\/logolow2a.png\",\"contentUrl\":\"https:\/\/deputadotaveirajr.com.br\/wp-content\/uploads\/2026\/01\/logolow2a.png\",\"width\":290,\"height\":80,\"caption\":\"Taveira Jr\"},\"image\":{\"@id\":\"https:\/\/deputadotaveirajr.com.br\/#\/schema\/logo\/image\/\"}}]}<\/script>\n<!-- \/ Yoast SEO plugin. -->","yoast_head_json":{"title":"TCE aponta irregularidades em obras em S\u00e3o Gon\u00e7alo do Amarante com financiamento internacional - Taveira Jr","robots":{"index":"index","follow":"follow","max-snippet":"max-snippet:-1","max-image-preview":"max-image-preview:large","max-video-preview":"max-video-preview:-1"},"canonical":"https:\/\/deputadotaveirajr.com.br\/index.php\/tce-aponta-irregularidades-em-obras-em-sao-goncalo-do-amarante-com-financiamento-internacional\/","og_locale":"pt_BR","og_type":"article","og_title":"TCE aponta irregularidades em obras em S\u00e3o Gon\u00e7alo do Amarante com financiamento internacional - Taveira Jr","og_description":"Programa tinha investimento previsto de 42 milh\u00f5es de d\u00f3lares. TCE apontou problemas em obras no pontilh\u00e3o do Breu e em estrada do Coqueiral. Sede do Tribunal de Contas do Estado ...","og_url":"https:\/\/deputadotaveirajr.com.br\/index.php\/tce-aponta-irregularidades-em-obras-em-sao-goncalo-do-amarante-com-financiamento-internacional\/","og_site_name":"Taveira Jr","og_image":[{"url":"https:\/\/s2-g1.glbimg.com\/h8Uzgtu3SPdYQ7CVvO1NIFPyOzk=\/i.s3.glbimg.com\/v1\/AUTH_59edd422c0c84a879bd37670ae4f538a\/internal_photos\/bs\/2024\/i\/9\/kw4xawRUmCBH22vhysLw\/whatsapp-image-2024-07-17-at-11.22.03-1-.jpeg","type":"","width":"","height":""}],"twitter_card":"summary_large_image","twitter_misc":{"Est. tempo de leitura":"4 minutos"},"schema":{"@context":"https:\/\/schema.org","@graph":[{"@type":"WebPage","@id":"https:\/\/deputadotaveirajr.com.br\/index.php\/tce-aponta-irregularidades-em-obras-em-sao-goncalo-do-amarante-com-financiamento-internacional\/","url":"https:\/\/deputadotaveirajr.com.br\/index.php\/tce-aponta-irregularidades-em-obras-em-sao-goncalo-do-amarante-com-financiamento-internacional\/","name":"TCE aponta irregularidades em obras em S\u00e3o Gon\u00e7alo do Amarante com financiamento internacional - Taveira Jr","isPartOf":{"@id":"https:\/\/deputadotaveirajr.com.br\/#website"},"primaryImageOfPage":{"@id":"https:\/\/deputadotaveirajr.com.br\/index.php\/tce-aponta-irregularidades-em-obras-em-sao-goncalo-do-amarante-com-financiamento-internacional\/#primaryimage"},"image":{"@id":"https:\/\/deputadotaveirajr.com.br\/index.php\/tce-aponta-irregularidades-em-obras-em-sao-goncalo-do-amarante-com-financiamento-internacional\/#primaryimage"},"thumbnailUrl":"https:\/\/deputadotaveirajr.com.br\/wp-content\/uploads\/2025\/07\/whatsapp-image-2024-07-17-at-11.22.03-1-7nqOFP.jpg","datePublished":"2025-07-11T23:06:00+00:00","breadcrumb":{"@id":"https:\/\/deputadotaveirajr.com.br\/index.php\/tce-aponta-irregularidades-em-obras-em-sao-goncalo-do-amarante-com-financiamento-internacional\/#breadcrumb"},"inLanguage":"pt-BR","potentialAction":[{"@type":"ReadAction","target":["https:\/\/deputadotaveirajr.com.br\/index.php\/tce-aponta-irregularidades-em-obras-em-sao-goncalo-do-amarante-com-financiamento-internacional\/"]}]},{"@type":"ImageObject","inLanguage":"pt-BR","@id":"https:\/\/deputadotaveirajr.com.br\/index.php\/tce-aponta-irregularidades-em-obras-em-sao-goncalo-do-amarante-com-financiamento-internacional\/#primaryimage","url":"https:\/\/deputadotaveirajr.com.br\/wp-content\/uploads\/2025\/07\/whatsapp-image-2024-07-17-at-11.22.03-1-7nqOFP.jpg","contentUrl":"https:\/\/deputadotaveirajr.com.br\/wp-content\/uploads\/2025\/07\/whatsapp-image-2024-07-17-at-11.22.03-1-7nqOFP.jpg","width":1599,"height":899},{"@type":"BreadcrumbList","@id":"https:\/\/deputadotaveirajr.com.br\/index.php\/tce-aponta-irregularidades-em-obras-em-sao-goncalo-do-amarante-com-financiamento-internacional\/#breadcrumb","itemListElement":[{"@type":"ListItem","position":1,"name":"In\u00edcio","item":"https:\/\/deputadotaveirajr.com.br\/"},{"@type":"ListItem","position":2,"name":"TCE aponta irregularidades em obras em S\u00e3o Gon\u00e7alo do Amarante com financiamento internacional"}]},{"@type":"WebSite","@id":"https:\/\/deputadotaveirajr.com.br\/#website","url":"https:\/\/deputadotaveirajr.com.br\/","name":"Taveira Jr","description":"Deputado Estadual","publisher":{"@id":"https:\/\/deputadotaveirajr.com.br\/#organization"},"potentialAction":[{"@type":"SearchAction","target":{"@type":"EntryPoint","urlTemplate":"https:\/\/deputadotaveirajr.com.br\/?s={search_term_string}"},"query-input":{"@type":"PropertyValueSpecification","valueRequired":true,"valueName":"search_term_string"}}],"inLanguage":"pt-BR"},{"@type":"Organization","@id":"https:\/\/deputadotaveirajr.com.br\/#organization","name":"Taveira Jr","url":"https:\/\/deputadotaveirajr.com.br\/","logo":{"@type":"ImageObject","inLanguage":"pt-BR","@id":"https:\/\/deputadotaveirajr.com.br\/#\/schema\/logo\/image\/","url":"https:\/\/deputadotaveirajr.com.br\/wp-content\/uploads\/2026\/01\/logolow2a.png","contentUrl":"https:\/\/deputadotaveirajr.com.br\/wp-content\/uploads\/2026\/01\/logolow2a.png","width":290,"height":80,"caption":"Taveira Jr"},"image":{"@id":"https:\/\/deputadotaveirajr.com.br\/#\/schema\/logo\/image\/"}}]}},"_links":{"self":[{"href":"https:\/\/deputadotaveirajr.com.br\/index.php\/wp-json\/wp\/v2\/pages\/13650","targetHints":{"allow":["GET"]}}],"collection":[{"href":"https:\/\/deputadotaveirajr.com.br\/index.php\/wp-json\/wp\/v2\/pages"}],"about":[{"href":"https:\/\/deputadotaveirajr.com.br\/index.php\/wp-json\/wp\/v2\/types\/page"}],"replies":[{"embeddable":true,"href":"https:\/\/deputadotaveirajr.com.br\/index.php\/wp-json\/wp\/v2\/comments?post=13650"}],"version-history":[{"count":0,"href":"https:\/\/deputadotaveirajr.com.br\/index.php\/wp-json\/wp\/v2\/pages\/13650\/revisions"}],"wp:featuredmedia":[{"embeddable":true,"href":"https:\/\/deputadotaveirajr.com.br\/index.php\/wp-json\/wp\/v2\/media\/13651"}],"wp:attachment":[{"href":"https:\/\/deputadotaveirajr.com.br\/index.php\/wp-json\/wp\/v2\/media?parent=13650"}],"curies":[{"name":"wp","href":"https:\/\/api.w.org\/{rel}","templated":true}]}}