{"id":13663,"date":"2025-07-16T07:48:23","date_gmt":"2025-07-16T10:48:23","guid":{"rendered":"https:\/\/deputadotaveirajr.com.br\/index.php\/video-motorista-perde-o-controle-da-direcao-e-caminhao-fica-pendurado-em-ponte-na-br-304\/"},"modified":"2025-07-16T07:48:23","modified_gmt":"2025-07-16T10:48:23","slug":"video-motorista-perde-o-controle-da-direcao-e-caminhao-fica-pendurado-em-ponte-na-br-304","status":"publish","type":"page","link":"https:\/\/deputadotaveirajr.com.br\/index.php\/video-motorista-perde-o-controle-da-direcao-e-caminhao-fica-pendurado-em-ponte-na-br-304\/","title":{"rendered":"V\u00cdDEO: Motorista perde o controle da dire\u00e7\u00e3o e caminh\u00e3o fica pendurado em ponte na BR-304"},"content":{"rendered":"<p><img decoding=\"async\" src=\"https:\/\/s2-g1.glbimg.com\/GTBc9bDvfEbrvoZbEMBPdPSrmY8=\/i.s3.glbimg.com\/v1\/AUTH_59edd422c0c84a879bd37670ae4f538a\/internal_photos\/bs\/2025\/6\/c\/QekLUKQpCffEFiJdPnNA\/whatsapp-image-2025-07-15-at-22.47.38.jpeg\" \/><br \/>     Caminh\u00e3o com carga de embalagens fica pendurado em ponte na BR-304, em Angicos<br \/>\nUm caminh\u00e3o carregado com embalagens pl\u00e1sticas ficou pendurado na estrutura de uma ponte na BR-304 no munic\u00edpio de Angicos, na regi\u00e3o Central do Rio Grande do Norte. O acidente aconteceu por volta das 19h desta ter\u00e7a-feira (15), no km 178 da rodovia.<br \/>\nSegundo a Pol\u00edcia Rodovi\u00e1ria Federal (PRF), o ve\u00edculo seguia no sentido Jo\u00e3o Pessoa-Fortaleza quando saiu da pista ao cruzar com uma carreta no trecho da ponte, que \u00e9 mais estreito. O motorista, de 30 anos, relatou que perdeu o controle do caminh\u00e3o ao tentar desviar.<br \/>\n\ud83d\udcf3Participe do canal do g1 RN no WhatsApp<br \/>\nO ve\u00edculo ficou sustentado pelo guard rail \u2013 estrutura met\u00e1lica de prote\u00e7\u00e3o instalada na ponte \u2013 e por pouco n\u00e3o caiu completamente. Apesar do susto, o condutor teve apenas les\u00f5es leves e permaneceu no local. Ele fez o teste do baf\u00f4metro, que deu negativo para consumo de \u00e1lcool.<br \/>\nA Pol\u00edcia Militar tamb\u00e9m foi acionada para dar apoio \u00e0 ocorr\u00eancia. O caminh\u00e3o foi retirado do local por volta das 5h30 com a ajuda de um guincho.<br \/>\nMotorista perde o controle da dire\u00e7\u00e3o e caminh\u00e3o fica pendurado em ponte na BR-304<br \/>\nPRF<br \/>\nCaminh\u00e3o com carga de embalagens fica pendurado em ponte na BR-304, em Angicos<br \/>\nPRF\/Divulga\u00e7\u00e3o<\/p>","protected":false},"excerpt":{"rendered":"<p>Caminh\u00e3o com carga de embalagens fica pendurado em ponte na BR-304, em Angicos Um caminh\u00e3o carregado com embalagens pl\u00e1sticas ficou pendurado na estrutura de uma ponte na BR-304 no munic\u00edpio &#8230;<\/p>\n","protected":false},"author":0,"featured_media":13664,"parent":0,"menu_order":0,"comment_status":"closed","ping_status":"closed","template":"","meta":{"footnotes":""},"class_list":["post-13663","page","type-page","status-publish","has-post-thumbnail","hentry"],"yoast_head":"<!-- This site is optimized with the Yoast SEO plugin v27.1.1 - https:\/\/yoast.com\/product\/yoast-seo-wordpress\/ -->\n<title>V\u00cdDEO: Motorista perde o controle da dire\u00e7\u00e3o e caminh\u00e3o fica pendurado em ponte na BR-304 - Taveira Jr<\/title>\n<meta name=\"robots\" content=\"index, follow, max-snippet:-1, max-image-preview:large, max-video-preview:-1\" \/>\n<link rel=\"canonical\" href=\"https:\/\/deputadotaveirajr.com.br\/index.php\/video-motorista-perde-o-controle-da-direcao-e-caminhao-fica-pendurado-em-ponte-na-br-304\/\" \/>\n<meta property=\"og:locale\" content=\"pt_BR\" \/>\n<meta property=\"og:type\" content=\"article\" \/>\n<meta property=\"og:title\" content=\"V\u00cdDEO: Motorista perde o controle da dire\u00e7\u00e3o e caminh\u00e3o fica pendurado em ponte na BR-304 - Taveira Jr\" \/>\n<meta property=\"og:description\" content=\"Caminh\u00e3o com carga de embalagens fica pendurado em ponte na BR-304, em Angicos Um caminh\u00e3o carregado com embalagens pl\u00e1sticas ficou pendurado na estrutura de uma ponte na BR-304 no munic\u00edpio ...\" \/>\n<meta property=\"og:url\" content=\"https:\/\/deputadotaveirajr.com.br\/index.php\/video-motorista-perde-o-controle-da-direcao-e-caminhao-fica-pendurado-em-ponte-na-br-304\/\" \/>\n<meta property=\"og:site_name\" content=\"Taveira Jr\" \/>\n<meta property=\"og:image\" content=\"https:\/\/s2-g1.glbimg.com\/GTBc9bDvfEbrvoZbEMBPdPSrmY8=\/i.s3.glbimg.com\/v1\/AUTH_59edd422c0c84a879bd37670ae4f538a\/internal_photos\/bs\/2025\/6\/c\/QekLUKQpCffEFiJdPnNA\/whatsapp-image-2025-07-15-at-22.47.38.jpeg\" \/>\n<meta name=\"twitter:card\" content=\"summary_large_image\" \/>\n<meta name=\"twitter:label1\" content=\"Est. tempo de leitura\" \/>\n\t<meta name=\"twitter:data1\" content=\"1 minuto\" \/>\n<script type=\"application\/ld+json\" class=\"yoast-schema-graph\">{\"@context\":\"https:\/\/schema.org\",\"@graph\":[{\"@type\":\"WebPage\",\"@id\":\"https:\/\/deputadotaveirajr.com.br\/index.php\/video-motorista-perde-o-controle-da-direcao-e-caminhao-fica-pendurado-em-ponte-na-br-304\/\",\"url\":\"https:\/\/deputadotaveirajr.com.br\/index.php\/video-motorista-perde-o-controle-da-direcao-e-caminhao-fica-pendurado-em-ponte-na-br-304\/\",\"name\":\"V\u00cdDEO: Motorista perde o controle da dire\u00e7\u00e3o e caminh\u00e3o fica pendurado em ponte na BR-304 - Taveira Jr\",\"isPartOf\":{\"@id\":\"https:\/\/deputadotaveirajr.com.br\/#website\"},\"primaryImageOfPage\":{\"@id\":\"https:\/\/deputadotaveirajr.com.br\/index.php\/video-motorista-perde-o-controle-da-direcao-e-caminhao-fica-pendurado-em-ponte-na-br-304\/#primaryimage\"},\"image\":{\"@id\":\"https:\/\/deputadotaveirajr.com.br\/index.php\/video-motorista-perde-o-controle-da-direcao-e-caminhao-fica-pendurado-em-ponte-na-br-304\/#primaryimage\"},\"thumbnailUrl\":\"https:\/\/deputadotaveirajr.com.br\/wp-content\/uploads\/2025\/07\/whatsapp-image-2025-07-15-at-22.47.38-9uCxRn.jpg\",\"datePublished\":\"2025-07-16T10:48:23+00:00\",\"breadcrumb\":{\"@id\":\"https:\/\/deputadotaveirajr.com.br\/index.php\/video-motorista-perde-o-controle-da-direcao-e-caminhao-fica-pendurado-em-ponte-na-br-304\/#breadcrumb\"},\"inLanguage\":\"pt-BR\",\"potentialAction\":[{\"@type\":\"ReadAction\",\"target\":[\"https:\/\/deputadotaveirajr.com.br\/index.php\/video-motorista-perde-o-controle-da-direcao-e-caminhao-fica-pendurado-em-ponte-na-br-304\/\"]}]},{\"@type\":\"ImageObject\",\"inLanguage\":\"pt-BR\",\"@id\":\"https:\/\/deputadotaveirajr.com.br\/index.php\/video-motorista-perde-o-controle-da-direcao-e-caminhao-fica-pendurado-em-ponte-na-br-304\/#primaryimage\",\"url\":\"https:\/\/deputadotaveirajr.com.br\/wp-content\/uploads\/2025\/07\/whatsapp-image-2025-07-15-at-22.47.38-9uCxRn.jpg\",\"contentUrl\":\"https:\/\/deputadotaveirajr.com.br\/wp-content\/uploads\/2025\/07\/whatsapp-image-2025-07-15-at-22.47.38-9uCxRn.jpg\",\"width\":1200,\"height\":553},{\"@type\":\"BreadcrumbList\",\"@id\":\"https:\/\/deputadotaveirajr.com.br\/index.php\/video-motorista-perde-o-controle-da-direcao-e-caminhao-fica-pendurado-em-ponte-na-br-304\/#breadcrumb\",\"itemListElement\":[{\"@type\":\"ListItem\",\"position\":1,\"name\":\"In\u00edcio\",\"item\":\"https:\/\/deputadotaveirajr.com.br\/\"},{\"@type\":\"ListItem\",\"position\":2,\"name\":\"V\u00cdDEO: Motorista perde o controle da dire\u00e7\u00e3o e caminh\u00e3o fica pendurado em ponte na BR-304\"}]},{\"@type\":\"WebSite\",\"@id\":\"https:\/\/deputadotaveirajr.com.br\/#website\",\"url\":\"https:\/\/deputadotaveirajr.com.br\/\",\"name\":\"Taveira Jr\",\"description\":\"Deputado Estadual\",\"publisher\":{\"@id\":\"https:\/\/deputadotaveirajr.com.br\/#organization\"},\"potentialAction\":[{\"@type\":\"SearchAction\",\"target\":{\"@type\":\"EntryPoint\",\"urlTemplate\":\"https:\/\/deputadotaveirajr.com.br\/?s={search_term_string}\"},\"query-input\":{\"@type\":\"PropertyValueSpecification\",\"valueRequired\":true,\"valueName\":\"search_term_string\"}}],\"inLanguage\":\"pt-BR\"},{\"@type\":\"Organization\",\"@id\":\"https:\/\/deputadotaveirajr.com.br\/#organization\",\"name\":\"Taveira Jr\",\"url\":\"https:\/\/deputadotaveirajr.com.br\/\",\"logo\":{\"@type\":\"ImageObject\",\"inLanguage\":\"pt-BR\",\"@id\":\"https:\/\/deputadotaveirajr.com.br\/#\/schema\/logo\/image\/\",\"url\":\"https:\/\/deputadotaveirajr.com.br\/wp-content\/uploads\/2026\/01\/logolow2a.png\",\"contentUrl\":\"https:\/\/deputadotaveirajr.com.br\/wp-content\/uploads\/2026\/01\/logolow2a.png\",\"width\":290,\"height\":80,\"caption\":\"Taveira Jr\"},\"image\":{\"@id\":\"https:\/\/deputadotaveirajr.com.br\/#\/schema\/logo\/image\/\"}}]}<\/script>\n<!-- \/ Yoast SEO plugin. -->","yoast_head_json":{"title":"V\u00cdDEO: Motorista perde o controle da dire\u00e7\u00e3o e caminh\u00e3o fica pendurado em ponte na BR-304 - Taveira Jr","robots":{"index":"index","follow":"follow","max-snippet":"max-snippet:-1","max-image-preview":"max-image-preview:large","max-video-preview":"max-video-preview:-1"},"canonical":"https:\/\/deputadotaveirajr.com.br\/index.php\/video-motorista-perde-o-controle-da-direcao-e-caminhao-fica-pendurado-em-ponte-na-br-304\/","og_locale":"pt_BR","og_type":"article","og_title":"V\u00cdDEO: Motorista perde o controle da dire\u00e7\u00e3o e caminh\u00e3o fica pendurado em ponte na BR-304 - Taveira Jr","og_description":"Caminh\u00e3o com carga de embalagens fica pendurado em ponte na BR-304, em Angicos Um caminh\u00e3o carregado com embalagens pl\u00e1sticas ficou pendurado na estrutura de uma ponte na BR-304 no munic\u00edpio ...","og_url":"https:\/\/deputadotaveirajr.com.br\/index.php\/video-motorista-perde-o-controle-da-direcao-e-caminhao-fica-pendurado-em-ponte-na-br-304\/","og_site_name":"Taveira Jr","og_image":[{"url":"https:\/\/s2-g1.glbimg.com\/GTBc9bDvfEbrvoZbEMBPdPSrmY8=\/i.s3.glbimg.com\/v1\/AUTH_59edd422c0c84a879bd37670ae4f538a\/internal_photos\/bs\/2025\/6\/c\/QekLUKQpCffEFiJdPnNA\/whatsapp-image-2025-07-15-at-22.47.38.jpeg","type":"","width":"","height":""}],"twitter_card":"summary_large_image","twitter_misc":{"Est. tempo de leitura":"1 minuto"},"schema":{"@context":"https:\/\/schema.org","@graph":[{"@type":"WebPage","@id":"https:\/\/deputadotaveirajr.com.br\/index.php\/video-motorista-perde-o-controle-da-direcao-e-caminhao-fica-pendurado-em-ponte-na-br-304\/","url":"https:\/\/deputadotaveirajr.com.br\/index.php\/video-motorista-perde-o-controle-da-direcao-e-caminhao-fica-pendurado-em-ponte-na-br-304\/","name":"V\u00cdDEO: Motorista perde o controle da dire\u00e7\u00e3o e caminh\u00e3o fica pendurado em ponte na BR-304 - Taveira Jr","isPartOf":{"@id":"https:\/\/deputadotaveirajr.com.br\/#website"},"primaryImageOfPage":{"@id":"https:\/\/deputadotaveirajr.com.br\/index.php\/video-motorista-perde-o-controle-da-direcao-e-caminhao-fica-pendurado-em-ponte-na-br-304\/#primaryimage"},"image":{"@id":"https:\/\/deputadotaveirajr.com.br\/index.php\/video-motorista-perde-o-controle-da-direcao-e-caminhao-fica-pendurado-em-ponte-na-br-304\/#primaryimage"},"thumbnailUrl":"https:\/\/deputadotaveirajr.com.br\/wp-content\/uploads\/2025\/07\/whatsapp-image-2025-07-15-at-22.47.38-9uCxRn.jpg","datePublished":"2025-07-16T10:48:23+00:00","breadcrumb":{"@id":"https:\/\/deputadotaveirajr.com.br\/index.php\/video-motorista-perde-o-controle-da-direcao-e-caminhao-fica-pendurado-em-ponte-na-br-304\/#breadcrumb"},"inLanguage":"pt-BR","potentialAction":[{"@type":"ReadAction","target":["https:\/\/deputadotaveirajr.com.br\/index.php\/video-motorista-perde-o-controle-da-direcao-e-caminhao-fica-pendurado-em-ponte-na-br-304\/"]}]},{"@type":"ImageObject","inLanguage":"pt-BR","@id":"https:\/\/deputadotaveirajr.com.br\/index.php\/video-motorista-perde-o-controle-da-direcao-e-caminhao-fica-pendurado-em-ponte-na-br-304\/#primaryimage","url":"https:\/\/deputadotaveirajr.com.br\/wp-content\/uploads\/2025\/07\/whatsapp-image-2025-07-15-at-22.47.38-9uCxRn.jpg","contentUrl":"https:\/\/deputadotaveirajr.com.br\/wp-content\/uploads\/2025\/07\/whatsapp-image-2025-07-15-at-22.47.38-9uCxRn.jpg","width":1200,"height":553},{"@type":"BreadcrumbList","@id":"https:\/\/deputadotaveirajr.com.br\/index.php\/video-motorista-perde-o-controle-da-direcao-e-caminhao-fica-pendurado-em-ponte-na-br-304\/#breadcrumb","itemListElement":[{"@type":"ListItem","position":1,"name":"In\u00edcio","item":"https:\/\/deputadotaveirajr.com.br\/"},{"@type":"ListItem","position":2,"name":"V\u00cdDEO: Motorista perde o controle da dire\u00e7\u00e3o e caminh\u00e3o fica pendurado em ponte na BR-304"}]},{"@type":"WebSite","@id":"https:\/\/deputadotaveirajr.com.br\/#website","url":"https:\/\/deputadotaveirajr.com.br\/","name":"Taveira Jr","description":"Deputado Estadual","publisher":{"@id":"https:\/\/deputadotaveirajr.com.br\/#organization"},"potentialAction":[{"@type":"SearchAction","target":{"@type":"EntryPoint","urlTemplate":"https:\/\/deputadotaveirajr.com.br\/?s={search_term_string}"},"query-input":{"@type":"PropertyValueSpecification","valueRequired":true,"valueName":"search_term_string"}}],"inLanguage":"pt-BR"},{"@type":"Organization","@id":"https:\/\/deputadotaveirajr.com.br\/#organization","name":"Taveira Jr","url":"https:\/\/deputadotaveirajr.com.br\/","logo":{"@type":"ImageObject","inLanguage":"pt-BR","@id":"https:\/\/deputadotaveirajr.com.br\/#\/schema\/logo\/image\/","url":"https:\/\/deputadotaveirajr.com.br\/wp-content\/uploads\/2026\/01\/logolow2a.png","contentUrl":"https:\/\/deputadotaveirajr.com.br\/wp-content\/uploads\/2026\/01\/logolow2a.png","width":290,"height":80,"caption":"Taveira Jr"},"image":{"@id":"https:\/\/deputadotaveirajr.com.br\/#\/schema\/logo\/image\/"}}]}},"_links":{"self":[{"href":"https:\/\/deputadotaveirajr.com.br\/index.php\/wp-json\/wp\/v2\/pages\/13663","targetHints":{"allow":["GET"]}}],"collection":[{"href":"https:\/\/deputadotaveirajr.com.br\/index.php\/wp-json\/wp\/v2\/pages"}],"about":[{"href":"https:\/\/deputadotaveirajr.com.br\/index.php\/wp-json\/wp\/v2\/types\/page"}],"replies":[{"embeddable":true,"href":"https:\/\/deputadotaveirajr.com.br\/index.php\/wp-json\/wp\/v2\/comments?post=13663"}],"version-history":[{"count":0,"href":"https:\/\/deputadotaveirajr.com.br\/index.php\/wp-json\/wp\/v2\/pages\/13663\/revisions"}],"wp:featuredmedia":[{"embeddable":true,"href":"https:\/\/deputadotaveirajr.com.br\/index.php\/wp-json\/wp\/v2\/media\/13664"}],"wp:attachment":[{"href":"https:\/\/deputadotaveirajr.com.br\/index.php\/wp-json\/wp\/v2\/media?parent=13663"}],"curies":[{"name":"wp","href":"https:\/\/api.w.org\/{rel}","templated":true}]}}