{"id":13667,"date":"2025-07-16T11:05:57","date_gmt":"2025-07-16T14:05:57","guid":{"rendered":"https:\/\/deputadotaveirajr.com.br\/index.php\/suspeito-de-aplicar-golpe-de-r-90-mil-contra-mulher-com-deficiencia-e-preso-pela-segunda-vez-em-natal\/"},"modified":"2025-07-16T11:05:57","modified_gmt":"2025-07-16T14:05:57","slug":"suspeito-de-aplicar-golpe-de-r-90-mil-contra-mulher-com-deficiencia-e-preso-pela-segunda-vez-em-natal","status":"publish","type":"page","link":"https:\/\/deputadotaveirajr.com.br\/index.php\/suspeito-de-aplicar-golpe-de-r-90-mil-contra-mulher-com-deficiencia-e-preso-pela-segunda-vez-em-natal\/","title":{"rendered":"Suspeito de aplicar golpe de R$ 90 mil contra mulher com defici\u00eancia \u00e9 preso pela segunda vez em Natal"},"content":{"rendered":"<p><img decoding=\"async\" src=\"https:\/\/s2-g1.glbimg.com\/wU-B7lG31PClzzVDS68VZxNkZBc=\/i.s3.glbimg.com\/v1\/AUTH_59edd422c0c84a879bd37670ae4f538a\/internal_photos\/bs\/2025\/d\/i\/oVi2g4RtATHZnFZfE8UQ\/captura-de-tela-2025-07-16-104749.png\" \/><br \/>     Suspeito de estelionato contra mulher com defici\u00eancia \u00e9 preso pela segunda vez em Natal<br \/>\nUma mulher com defici\u00eancia descobriu que um conhecido de 15 anos usou seus dados para abrir uma empresa e fazer empr\u00e9stimos em seu nome, tudo sem que ela soubesse. O suspeito foi preso nesta quarta-feira (16), em Natal, ap\u00f3s decis\u00e3o da Justi\u00e7a. O preju\u00edzo chega a R$ 90 mil.<br \/>\nSegundo a investiga\u00e7\u00e3o da Delegacia Especializada em Falsifica\u00e7\u00f5es e Defrauda\u00e7\u00f5es (DEFD), o suspeito foi procurado pela v\u00edtima para ajudar no processo de solicita\u00e7\u00e3o de um benef\u00edcio previdenci\u00e1rio.<br \/>\nCom acesso aos dados pessoais, ele teria usado essas informa\u00e7\u00f5es para registrar uma empresa no nome da mulher e realizar diversas opera\u00e7\u00f5es financeiras sem o conhecimento dela.<br \/>\n\ud83d\udcf3Participe do canal do g1 RN no WhatsApp<br \/>\nA fraude foi descoberta no in\u00edcio deste ano, quando a v\u00edtima identificou movimenta\u00e7\u00f5es banc\u00e1rias que n\u00e3o reconhecia. O caso foi denunciado \u00e0 Pol\u00edcia Civil, que efetuou a primeira pris\u00e3o do investigado em 8 de julho. No entanto, ele foi solto horas depois.<br \/>\nNo dia seguinte \u00e0 soltura, a v\u00edtima voltou \u00e0 delegacia e relatou ter sido intimidada, o que motivou novo pedido de pris\u00e3o preventiva. A Justi\u00e7a acatou a solicita\u00e7\u00e3o na segunda-feira (14).<br \/>\nNa primeira opera\u00e7\u00e3o, tamb\u00e9m foram cumpridos dois mandados de busca e apreens\u00e3o, al\u00e9m da apreens\u00e3o de um ve\u00edculo em posse do investigado. A Justi\u00e7a determinou ainda o bloqueio de R$ 90 mil em ativos financeiros vinculados ao suspeito.<br \/>\nAp\u00f3s a nova pris\u00e3o, o homem foi encaminhado ao sistema prisional, onde permanece \u00e0 disposi\u00e7\u00e3o da Justi\u00e7a.<br \/>\nHomem \u00e9 preso por estelionato contra mulher com defici\u00eancia em Natal<br \/>\nReprodu\u00e7\u00e3o<br \/>\nVeja os v\u00eddeos mais assistidos do g1 RN<\/p>","protected":false},"excerpt":{"rendered":"<p>Suspeito de estelionato contra mulher com defici\u00eancia \u00e9 preso pela segunda vez em Natal Uma mulher com defici\u00eancia descobriu que um conhecido de 15 anos usou seus dados para abrir &#8230;<\/p>\n","protected":false},"author":0,"featured_media":13668,"parent":0,"menu_order":0,"comment_status":"closed","ping_status":"closed","template":"","meta":{"footnotes":""},"class_list":["post-13667","page","type-page","status-publish","has-post-thumbnail","hentry"],"yoast_head":"<!-- This site is optimized with the Yoast SEO plugin v27.1.1 - https:\/\/yoast.com\/product\/yoast-seo-wordpress\/ -->\n<title>Suspeito de aplicar golpe de R$ 90 mil contra mulher com defici\u00eancia \u00e9 preso pela segunda vez em Natal - Taveira Jr<\/title>\n<meta name=\"robots\" content=\"index, follow, max-snippet:-1, max-image-preview:large, max-video-preview:-1\" \/>\n<link rel=\"canonical\" href=\"https:\/\/deputadotaveirajr.com.br\/index.php\/suspeito-de-aplicar-golpe-de-r-90-mil-contra-mulher-com-deficiencia-e-preso-pela-segunda-vez-em-natal\/\" \/>\n<meta property=\"og:locale\" content=\"pt_BR\" \/>\n<meta property=\"og:type\" content=\"article\" \/>\n<meta property=\"og:title\" content=\"Suspeito de aplicar golpe de R$ 90 mil contra mulher com defici\u00eancia \u00e9 preso pela segunda vez em Natal - Taveira Jr\" \/>\n<meta property=\"og:description\" content=\"Suspeito de estelionato contra mulher com defici\u00eancia \u00e9 preso pela segunda vez em Natal Uma mulher com defici\u00eancia descobriu que um conhecido de 15 anos usou seus dados para abrir ...\" \/>\n<meta property=\"og:url\" content=\"https:\/\/deputadotaveirajr.com.br\/index.php\/suspeito-de-aplicar-golpe-de-r-90-mil-contra-mulher-com-deficiencia-e-preso-pela-segunda-vez-em-natal\/\" \/>\n<meta property=\"og:site_name\" content=\"Taveira Jr\" \/>\n<meta property=\"og:image\" content=\"https:\/\/s2-g1.glbimg.com\/wU-B7lG31PClzzVDS68VZxNkZBc=\/i.s3.glbimg.com\/v1\/AUTH_59edd422c0c84a879bd37670ae4f538a\/internal_photos\/bs\/2025\/d\/i\/oVi2g4RtATHZnFZfE8UQ\/captura-de-tela-2025-07-16-104749.png\" \/>\n<meta name=\"twitter:card\" content=\"summary_large_image\" \/>\n<meta name=\"twitter:label1\" content=\"Est. tempo de leitura\" \/>\n\t<meta name=\"twitter:data1\" content=\"2 minutos\" \/>\n<script type=\"application\/ld+json\" class=\"yoast-schema-graph\">{\"@context\":\"https:\/\/schema.org\",\"@graph\":[{\"@type\":\"WebPage\",\"@id\":\"https:\/\/deputadotaveirajr.com.br\/index.php\/suspeito-de-aplicar-golpe-de-r-90-mil-contra-mulher-com-deficiencia-e-preso-pela-segunda-vez-em-natal\/\",\"url\":\"https:\/\/deputadotaveirajr.com.br\/index.php\/suspeito-de-aplicar-golpe-de-r-90-mil-contra-mulher-com-deficiencia-e-preso-pela-segunda-vez-em-natal\/\",\"name\":\"Suspeito de aplicar golpe de R$ 90 mil contra mulher com defici\u00eancia \u00e9 preso pela segunda vez em Natal - Taveira Jr\",\"isPartOf\":{\"@id\":\"https:\/\/deputadotaveirajr.com.br\/#website\"},\"primaryImageOfPage\":{\"@id\":\"https:\/\/deputadotaveirajr.com.br\/index.php\/suspeito-de-aplicar-golpe-de-r-90-mil-contra-mulher-com-deficiencia-e-preso-pela-segunda-vez-em-natal\/#primaryimage\"},\"image\":{\"@id\":\"https:\/\/deputadotaveirajr.com.br\/index.php\/suspeito-de-aplicar-golpe-de-r-90-mil-contra-mulher-com-deficiencia-e-preso-pela-segunda-vez-em-natal\/#primaryimage\"},\"thumbnailUrl\":\"https:\/\/deputadotaveirajr.com.br\/wp-content\/uploads\/2025\/07\/captura-de-tela-2025-07-16-104749-sWFS6N.jpg\",\"datePublished\":\"2025-07-16T14:05:57+00:00\",\"breadcrumb\":{\"@id\":\"https:\/\/deputadotaveirajr.com.br\/index.php\/suspeito-de-aplicar-golpe-de-r-90-mil-contra-mulher-com-deficiencia-e-preso-pela-segunda-vez-em-natal\/#breadcrumb\"},\"inLanguage\":\"pt-BR\",\"potentialAction\":[{\"@type\":\"ReadAction\",\"target\":[\"https:\/\/deputadotaveirajr.com.br\/index.php\/suspeito-de-aplicar-golpe-de-r-90-mil-contra-mulher-com-deficiencia-e-preso-pela-segunda-vez-em-natal\/\"]}]},{\"@type\":\"ImageObject\",\"inLanguage\":\"pt-BR\",\"@id\":\"https:\/\/deputadotaveirajr.com.br\/index.php\/suspeito-de-aplicar-golpe-de-r-90-mil-contra-mulher-com-deficiencia-e-preso-pela-segunda-vez-em-natal\/#primaryimage\",\"url\":\"https:\/\/deputadotaveirajr.com.br\/wp-content\/uploads\/2025\/07\/captura-de-tela-2025-07-16-104749-sWFS6N.jpg\",\"contentUrl\":\"https:\/\/deputadotaveirajr.com.br\/wp-content\/uploads\/2025\/07\/captura-de-tela-2025-07-16-104749-sWFS6N.jpg\",\"width\":1365,\"height\":602},{\"@type\":\"BreadcrumbList\",\"@id\":\"https:\/\/deputadotaveirajr.com.br\/index.php\/suspeito-de-aplicar-golpe-de-r-90-mil-contra-mulher-com-deficiencia-e-preso-pela-segunda-vez-em-natal\/#breadcrumb\",\"itemListElement\":[{\"@type\":\"ListItem\",\"position\":1,\"name\":\"In\u00edcio\",\"item\":\"https:\/\/deputadotaveirajr.com.br\/\"},{\"@type\":\"ListItem\",\"position\":2,\"name\":\"Suspeito de aplicar golpe de R$ 90 mil contra mulher com defici\u00eancia \u00e9 preso pela segunda vez em Natal\"}]},{\"@type\":\"WebSite\",\"@id\":\"https:\/\/deputadotaveirajr.com.br\/#website\",\"url\":\"https:\/\/deputadotaveirajr.com.br\/\",\"name\":\"Taveira Jr\",\"description\":\"Deputado Estadual\",\"publisher\":{\"@id\":\"https:\/\/deputadotaveirajr.com.br\/#organization\"},\"potentialAction\":[{\"@type\":\"SearchAction\",\"target\":{\"@type\":\"EntryPoint\",\"urlTemplate\":\"https:\/\/deputadotaveirajr.com.br\/?s={search_term_string}\"},\"query-input\":{\"@type\":\"PropertyValueSpecification\",\"valueRequired\":true,\"valueName\":\"search_term_string\"}}],\"inLanguage\":\"pt-BR\"},{\"@type\":\"Organization\",\"@id\":\"https:\/\/deputadotaveirajr.com.br\/#organization\",\"name\":\"Taveira Jr\",\"url\":\"https:\/\/deputadotaveirajr.com.br\/\",\"logo\":{\"@type\":\"ImageObject\",\"inLanguage\":\"pt-BR\",\"@id\":\"https:\/\/deputadotaveirajr.com.br\/#\/schema\/logo\/image\/\",\"url\":\"https:\/\/deputadotaveirajr.com.br\/wp-content\/uploads\/2026\/01\/logolow2a.png\",\"contentUrl\":\"https:\/\/deputadotaveirajr.com.br\/wp-content\/uploads\/2026\/01\/logolow2a.png\",\"width\":290,\"height\":80,\"caption\":\"Taveira Jr\"},\"image\":{\"@id\":\"https:\/\/deputadotaveirajr.com.br\/#\/schema\/logo\/image\/\"}}]}<\/script>\n<!-- \/ Yoast SEO plugin. -->","yoast_head_json":{"title":"Suspeito de aplicar golpe de R$ 90 mil contra mulher com defici\u00eancia \u00e9 preso pela segunda vez em Natal - Taveira Jr","robots":{"index":"index","follow":"follow","max-snippet":"max-snippet:-1","max-image-preview":"max-image-preview:large","max-video-preview":"max-video-preview:-1"},"canonical":"https:\/\/deputadotaveirajr.com.br\/index.php\/suspeito-de-aplicar-golpe-de-r-90-mil-contra-mulher-com-deficiencia-e-preso-pela-segunda-vez-em-natal\/","og_locale":"pt_BR","og_type":"article","og_title":"Suspeito de aplicar golpe de R$ 90 mil contra mulher com defici\u00eancia \u00e9 preso pela segunda vez em Natal - Taveira Jr","og_description":"Suspeito de estelionato contra mulher com defici\u00eancia \u00e9 preso pela segunda vez em Natal Uma mulher com defici\u00eancia descobriu que um conhecido de 15 anos usou seus dados para abrir ...","og_url":"https:\/\/deputadotaveirajr.com.br\/index.php\/suspeito-de-aplicar-golpe-de-r-90-mil-contra-mulher-com-deficiencia-e-preso-pela-segunda-vez-em-natal\/","og_site_name":"Taveira Jr","og_image":[{"url":"https:\/\/s2-g1.glbimg.com\/wU-B7lG31PClzzVDS68VZxNkZBc=\/i.s3.glbimg.com\/v1\/AUTH_59edd422c0c84a879bd37670ae4f538a\/internal_photos\/bs\/2025\/d\/i\/oVi2g4RtATHZnFZfE8UQ\/captura-de-tela-2025-07-16-104749.png","type":"","width":"","height":""}],"twitter_card":"summary_large_image","twitter_misc":{"Est. tempo de leitura":"2 minutos"},"schema":{"@context":"https:\/\/schema.org","@graph":[{"@type":"WebPage","@id":"https:\/\/deputadotaveirajr.com.br\/index.php\/suspeito-de-aplicar-golpe-de-r-90-mil-contra-mulher-com-deficiencia-e-preso-pela-segunda-vez-em-natal\/","url":"https:\/\/deputadotaveirajr.com.br\/index.php\/suspeito-de-aplicar-golpe-de-r-90-mil-contra-mulher-com-deficiencia-e-preso-pela-segunda-vez-em-natal\/","name":"Suspeito de aplicar golpe de R$ 90 mil contra mulher com defici\u00eancia \u00e9 preso pela segunda vez em Natal - Taveira Jr","isPartOf":{"@id":"https:\/\/deputadotaveirajr.com.br\/#website"},"primaryImageOfPage":{"@id":"https:\/\/deputadotaveirajr.com.br\/index.php\/suspeito-de-aplicar-golpe-de-r-90-mil-contra-mulher-com-deficiencia-e-preso-pela-segunda-vez-em-natal\/#primaryimage"},"image":{"@id":"https:\/\/deputadotaveirajr.com.br\/index.php\/suspeito-de-aplicar-golpe-de-r-90-mil-contra-mulher-com-deficiencia-e-preso-pela-segunda-vez-em-natal\/#primaryimage"},"thumbnailUrl":"https:\/\/deputadotaveirajr.com.br\/wp-content\/uploads\/2025\/07\/captura-de-tela-2025-07-16-104749-sWFS6N.jpg","datePublished":"2025-07-16T14:05:57+00:00","breadcrumb":{"@id":"https:\/\/deputadotaveirajr.com.br\/index.php\/suspeito-de-aplicar-golpe-de-r-90-mil-contra-mulher-com-deficiencia-e-preso-pela-segunda-vez-em-natal\/#breadcrumb"},"inLanguage":"pt-BR","potentialAction":[{"@type":"ReadAction","target":["https:\/\/deputadotaveirajr.com.br\/index.php\/suspeito-de-aplicar-golpe-de-r-90-mil-contra-mulher-com-deficiencia-e-preso-pela-segunda-vez-em-natal\/"]}]},{"@type":"ImageObject","inLanguage":"pt-BR","@id":"https:\/\/deputadotaveirajr.com.br\/index.php\/suspeito-de-aplicar-golpe-de-r-90-mil-contra-mulher-com-deficiencia-e-preso-pela-segunda-vez-em-natal\/#primaryimage","url":"https:\/\/deputadotaveirajr.com.br\/wp-content\/uploads\/2025\/07\/captura-de-tela-2025-07-16-104749-sWFS6N.jpg","contentUrl":"https:\/\/deputadotaveirajr.com.br\/wp-content\/uploads\/2025\/07\/captura-de-tela-2025-07-16-104749-sWFS6N.jpg","width":1365,"height":602},{"@type":"BreadcrumbList","@id":"https:\/\/deputadotaveirajr.com.br\/index.php\/suspeito-de-aplicar-golpe-de-r-90-mil-contra-mulher-com-deficiencia-e-preso-pela-segunda-vez-em-natal\/#breadcrumb","itemListElement":[{"@type":"ListItem","position":1,"name":"In\u00edcio","item":"https:\/\/deputadotaveirajr.com.br\/"},{"@type":"ListItem","position":2,"name":"Suspeito de aplicar golpe de R$ 90 mil contra mulher com defici\u00eancia \u00e9 preso pela segunda vez em Natal"}]},{"@type":"WebSite","@id":"https:\/\/deputadotaveirajr.com.br\/#website","url":"https:\/\/deputadotaveirajr.com.br\/","name":"Taveira Jr","description":"Deputado Estadual","publisher":{"@id":"https:\/\/deputadotaveirajr.com.br\/#organization"},"potentialAction":[{"@type":"SearchAction","target":{"@type":"EntryPoint","urlTemplate":"https:\/\/deputadotaveirajr.com.br\/?s={search_term_string}"},"query-input":{"@type":"PropertyValueSpecification","valueRequired":true,"valueName":"search_term_string"}}],"inLanguage":"pt-BR"},{"@type":"Organization","@id":"https:\/\/deputadotaveirajr.com.br\/#organization","name":"Taveira Jr","url":"https:\/\/deputadotaveirajr.com.br\/","logo":{"@type":"ImageObject","inLanguage":"pt-BR","@id":"https:\/\/deputadotaveirajr.com.br\/#\/schema\/logo\/image\/","url":"https:\/\/deputadotaveirajr.com.br\/wp-content\/uploads\/2026\/01\/logolow2a.png","contentUrl":"https:\/\/deputadotaveirajr.com.br\/wp-content\/uploads\/2026\/01\/logolow2a.png","width":290,"height":80,"caption":"Taveira Jr"},"image":{"@id":"https:\/\/deputadotaveirajr.com.br\/#\/schema\/logo\/image\/"}}]}},"_links":{"self":[{"href":"https:\/\/deputadotaveirajr.com.br\/index.php\/wp-json\/wp\/v2\/pages\/13667","targetHints":{"allow":["GET"]}}],"collection":[{"href":"https:\/\/deputadotaveirajr.com.br\/index.php\/wp-json\/wp\/v2\/pages"}],"about":[{"href":"https:\/\/deputadotaveirajr.com.br\/index.php\/wp-json\/wp\/v2\/types\/page"}],"replies":[{"embeddable":true,"href":"https:\/\/deputadotaveirajr.com.br\/index.php\/wp-json\/wp\/v2\/comments?post=13667"}],"version-history":[{"count":0,"href":"https:\/\/deputadotaveirajr.com.br\/index.php\/wp-json\/wp\/v2\/pages\/13667\/revisions"}],"wp:featuredmedia":[{"embeddable":true,"href":"https:\/\/deputadotaveirajr.com.br\/index.php\/wp-json\/wp\/v2\/media\/13668"}],"wp:attachment":[{"href":"https:\/\/deputadotaveirajr.com.br\/index.php\/wp-json\/wp\/v2\/media?parent=13667"}],"curies":[{"name":"wp","href":"https:\/\/api.w.org\/{rel}","templated":true}]}}