{"id":13677,"date":"2025-07-19T11:57:09","date_gmt":"2025-07-19T14:57:09","guid":{"rendered":"https:\/\/deputadotaveirajr.com.br\/index.php\/video-acompanhantes-de-pacientes-fazem-faxina-em-hospital-do-rn-durante-greve-de-servidores-terceirizados\/"},"modified":"2025-07-19T11:57:09","modified_gmt":"2025-07-19T14:57:09","slug":"video-acompanhantes-de-pacientes-fazem-faxina-em-hospital-do-rn-durante-greve-de-servidores-terceirizados","status":"publish","type":"page","link":"https:\/\/deputadotaveirajr.com.br\/index.php\/video-acompanhantes-de-pacientes-fazem-faxina-em-hospital-do-rn-durante-greve-de-servidores-terceirizados\/","title":{"rendered":"V\u00cdDEO: Acompanhantes de pacientes fazem faxina em hospital do RN durante greve de servidores terceirizados"},"content":{"rendered":"<p><img decoding=\"async\" src=\"https:\/\/s2-g1.glbimg.com\/fH_nRpFPxZgxAum5d0H9m1huOiI=\/i.s3.glbimg.com\/v1\/AUTH_59edd422c0c84a879bd37670ae4f538a\/internal_photos\/bs\/2025\/d\/d\/rLAFVqR9GBkwyZMcYHCg\/faxina.jpg\" \/><br \/>     Acompanhantes de pacientes fazem faxina em hospital do RN durante greve de terceirizados<br \/>\nAcompanhantes de pacientes improvisaram uma faxina por conta pr\u00f3pria no Hospital Deocl\u00e9cio Marques, em Parnamirim, na Grande Natal, por falta de limpeza nas alas da unidade.<br \/>\nO motivo foi a paralisa\u00e7\u00e3o de funcion\u00e1rios terceirizados, que est\u00e3o com sal\u00e1rios e benef\u00edcios atrasados. Segundo os usu\u00e1rios, o problema j\u00e1 dura quatro dias.<br \/>\n\ud83d\udcf3 Clique aqui para seguir o canal do g1 RN no WhatsApp<br \/>\nA paralisa\u00e7\u00e3o afeta setores de limpeza, maqueiros, lavanderia e cozinha. Apenas os pacientes t\u00eam recebido refei\u00e7\u00f5es.<br \/>\nOs acompanhantes relatam lixo acumulado, banheiros sujos, mau cheiro nos corredores e aus\u00eancia de higieniza\u00e7\u00e3o nas enfermarias.<br \/>\nUma das situa\u00e7\u00f5es mais cr\u00edticas foi registrada na ala de isolamento da Ortopedia 2, onde est\u00e3o internados pacientes com suspeita ou confirma\u00e7\u00e3o de infec\u00e7\u00e3o hospitalar.<br \/>\nAcompanhantes de pacientes fazem faxina durante greve de servidores em hospital do RN<br \/>\nReprodu\u00e7\u00e3o<br \/>\nA cozinheira Lucileide In\u00e1cio, que acompanha o marido internado com suspeita de infec\u00e7\u00e3o relatou a preocupa\u00e7\u00e3o com a piora do quadro dos pacientes no local.<br \/>\n&#8220;Estou com meu esposo juntamente com outros cinco pacientes no isolamento. Est\u00e3o com infec\u00e7\u00e3o, esses pacientes. N\u00e3o tem limpeza nos quartos, n\u00e3o tem limpeza no banheiro, a gente, acompanhante, \u00e9 quem t\u00e1 l\u00e1 lavando o banheiro. Hoje vamos ter que lavar a enfermaria em que os pacientes est\u00e3o para n\u00e3o aumentar essa infec\u00e7\u00e3o&#8221;, disse.<br \/>\n&#8220;Est\u00e1 insustent\u00e1vel essa situa\u00e7\u00e3o. A gente pede socorro&#8221;, afirmou a mulher.<br \/>\nOutra acompanhante, Luzinete Barbosa da Silva, tamb\u00e9m est\u00e1 preocupada com a situa\u00e7\u00e3o dos pacientes. Ela cuida do filho de 18 anos, internado desde maio ap\u00f3s um acidente de moto. Ele passou por quatro cirurgias e agora trata uma infec\u00e7\u00e3o bacteriana adquirida no hospital.<br \/>\nHospital Deocl\u00e9cio Marques Lucena, em Parnamirim, na Grande Natal<br \/>\nS\u00e9rgio Henrique Santos\/Inter TV Cabugi<br \/>\nParalisa\u00e7\u00e3o<br \/>\nSegundo funcion\u00e1rios do hospital, a situa\u00e7\u00e3o foi provocada pela greve de trabalhadores terceirizados, que alegam atrasos salariais e falta de pagamento de benef\u00edcios como vale-alimenta\u00e7\u00e3o e f\u00e9rias.<br \/>\nEm nota, a Secretaria de Sa\u00fade P\u00fablica do Rio Grande do Norte confirmou que o hospital enfrenta uma greve dos profissionais terceirizados em virtude de atraso no pagamento, &#8220;causado pelas dificuldades financeiras que a Sesap enfrenta desde o ano passado&#8221;.<br \/>\n&#8220;A Secretaria realizou o repasse \u00e0s empresas ao longo desta semana, com o objetivo de retomada dos servi\u00e7os, o que ainda n\u00e3o se concretizou. As equipes do hospital seguem aplicando todo o esfor\u00e7o para garantir a assist\u00eancia aos pacientes&#8221;, disse a administra\u00e7\u00e3o estadual.<br \/>\nVeja os v\u00eddeos mais assistidos no g1 RN<\/p>","protected":false},"excerpt":{"rendered":"<p>Acompanhantes de pacientes fazem faxina em hospital do RN durante greve de terceirizados Acompanhantes de pacientes improvisaram uma faxina por conta pr\u00f3pria no Hospital Deocl\u00e9cio Marques, em Parnamirim, na Grande &#8230;<\/p>\n","protected":false},"author":0,"featured_media":13678,"parent":0,"menu_order":0,"comment_status":"closed","ping_status":"closed","template":"","meta":{"footnotes":""},"class_list":["post-13677","page","type-page","status-publish","has-post-thumbnail","hentry"],"yoast_head":"<!-- This site is optimized with the Yoast SEO plugin v27.1.1 - https:\/\/yoast.com\/product\/yoast-seo-wordpress\/ -->\n<title>V\u00cdDEO: Acompanhantes de pacientes fazem faxina em hospital do RN durante greve de servidores terceirizados - Taveira Jr<\/title>\n<meta name=\"robots\" content=\"index, follow, max-snippet:-1, max-image-preview:large, max-video-preview:-1\" \/>\n<link rel=\"canonical\" href=\"https:\/\/deputadotaveirajr.com.br\/index.php\/video-acompanhantes-de-pacientes-fazem-faxina-em-hospital-do-rn-durante-greve-de-servidores-terceirizados\/\" \/>\n<meta property=\"og:locale\" content=\"pt_BR\" \/>\n<meta property=\"og:type\" content=\"article\" \/>\n<meta property=\"og:title\" content=\"V\u00cdDEO: Acompanhantes de pacientes fazem faxina em hospital do RN durante greve de servidores terceirizados - Taveira Jr\" \/>\n<meta property=\"og:description\" content=\"Acompanhantes de pacientes fazem faxina em hospital do RN durante greve de terceirizados Acompanhantes de pacientes improvisaram uma faxina por conta pr\u00f3pria no Hospital Deocl\u00e9cio Marques, em Parnamirim, na Grande ...\" \/>\n<meta property=\"og:url\" content=\"https:\/\/deputadotaveirajr.com.br\/index.php\/video-acompanhantes-de-pacientes-fazem-faxina-em-hospital-do-rn-durante-greve-de-servidores-terceirizados\/\" \/>\n<meta property=\"og:site_name\" content=\"Taveira Jr\" \/>\n<meta property=\"og:image\" content=\"https:\/\/s2-g1.glbimg.com\/fH_nRpFPxZgxAum5d0H9m1huOiI=\/i.s3.glbimg.com\/v1\/AUTH_59edd422c0c84a879bd37670ae4f538a\/internal_photos\/bs\/2025\/d\/d\/rLAFVqR9GBkwyZMcYHCg\/faxina.jpg\" \/>\n<meta name=\"twitter:card\" content=\"summary_large_image\" \/>\n<meta name=\"twitter:label1\" content=\"Est. tempo de leitura\" \/>\n\t<meta name=\"twitter:data1\" content=\"2 minutos\" \/>\n<script type=\"application\/ld+json\" class=\"yoast-schema-graph\">{\"@context\":\"https:\/\/schema.org\",\"@graph\":[{\"@type\":\"WebPage\",\"@id\":\"https:\/\/deputadotaveirajr.com.br\/index.php\/video-acompanhantes-de-pacientes-fazem-faxina-em-hospital-do-rn-durante-greve-de-servidores-terceirizados\/\",\"url\":\"https:\/\/deputadotaveirajr.com.br\/index.php\/video-acompanhantes-de-pacientes-fazem-faxina-em-hospital-do-rn-durante-greve-de-servidores-terceirizados\/\",\"name\":\"V\u00cdDEO: Acompanhantes de pacientes fazem faxina em hospital do RN durante greve de servidores terceirizados - Taveira Jr\",\"isPartOf\":{\"@id\":\"https:\/\/deputadotaveirajr.com.br\/#website\"},\"primaryImageOfPage\":{\"@id\":\"https:\/\/deputadotaveirajr.com.br\/index.php\/video-acompanhantes-de-pacientes-fazem-faxina-em-hospital-do-rn-durante-greve-de-servidores-terceirizados\/#primaryimage\"},\"image\":{\"@id\":\"https:\/\/deputadotaveirajr.com.br\/index.php\/video-acompanhantes-de-pacientes-fazem-faxina-em-hospital-do-rn-durante-greve-de-servidores-terceirizados\/#primaryimage\"},\"thumbnailUrl\":\"https:\/\/deputadotaveirajr.com.br\/wp-content\/uploads\/2025\/07\/faxina-toM1lx.jpg\",\"datePublished\":\"2025-07-19T14:57:09+00:00\",\"breadcrumb\":{\"@id\":\"https:\/\/deputadotaveirajr.com.br\/index.php\/video-acompanhantes-de-pacientes-fazem-faxina-em-hospital-do-rn-durante-greve-de-servidores-terceirizados\/#breadcrumb\"},\"inLanguage\":\"pt-BR\",\"potentialAction\":[{\"@type\":\"ReadAction\",\"target\":[\"https:\/\/deputadotaveirajr.com.br\/index.php\/video-acompanhantes-de-pacientes-fazem-faxina-em-hospital-do-rn-durante-greve-de-servidores-terceirizados\/\"]}]},{\"@type\":\"ImageObject\",\"inLanguage\":\"pt-BR\",\"@id\":\"https:\/\/deputadotaveirajr.com.br\/index.php\/video-acompanhantes-de-pacientes-fazem-faxina-em-hospital-do-rn-durante-greve-de-servidores-terceirizados\/#primaryimage\",\"url\":\"https:\/\/deputadotaveirajr.com.br\/wp-content\/uploads\/2025\/07\/faxina-toM1lx.jpg\",\"contentUrl\":\"https:\/\/deputadotaveirajr.com.br\/wp-content\/uploads\/2025\/07\/faxina-toM1lx.jpg\",\"width\":1200,\"height\":857},{\"@type\":\"BreadcrumbList\",\"@id\":\"https:\/\/deputadotaveirajr.com.br\/index.php\/video-acompanhantes-de-pacientes-fazem-faxina-em-hospital-do-rn-durante-greve-de-servidores-terceirizados\/#breadcrumb\",\"itemListElement\":[{\"@type\":\"ListItem\",\"position\":1,\"name\":\"In\u00edcio\",\"item\":\"https:\/\/deputadotaveirajr.com.br\/\"},{\"@type\":\"ListItem\",\"position\":2,\"name\":\"V\u00cdDEO: Acompanhantes de pacientes fazem faxina em hospital do RN durante greve de servidores terceirizados\"}]},{\"@type\":\"WebSite\",\"@id\":\"https:\/\/deputadotaveirajr.com.br\/#website\",\"url\":\"https:\/\/deputadotaveirajr.com.br\/\",\"name\":\"Taveira Jr\",\"description\":\"Deputado Estadual\",\"publisher\":{\"@id\":\"https:\/\/deputadotaveirajr.com.br\/#organization\"},\"potentialAction\":[{\"@type\":\"SearchAction\",\"target\":{\"@type\":\"EntryPoint\",\"urlTemplate\":\"https:\/\/deputadotaveirajr.com.br\/?s={search_term_string}\"},\"query-input\":{\"@type\":\"PropertyValueSpecification\",\"valueRequired\":true,\"valueName\":\"search_term_string\"}}],\"inLanguage\":\"pt-BR\"},{\"@type\":\"Organization\",\"@id\":\"https:\/\/deputadotaveirajr.com.br\/#organization\",\"name\":\"Taveira Jr\",\"url\":\"https:\/\/deputadotaveirajr.com.br\/\",\"logo\":{\"@type\":\"ImageObject\",\"inLanguage\":\"pt-BR\",\"@id\":\"https:\/\/deputadotaveirajr.com.br\/#\/schema\/logo\/image\/\",\"url\":\"https:\/\/deputadotaveirajr.com.br\/wp-content\/uploads\/2026\/01\/logolow2a.png\",\"contentUrl\":\"https:\/\/deputadotaveirajr.com.br\/wp-content\/uploads\/2026\/01\/logolow2a.png\",\"width\":290,\"height\":80,\"caption\":\"Taveira Jr\"},\"image\":{\"@id\":\"https:\/\/deputadotaveirajr.com.br\/#\/schema\/logo\/image\/\"}}]}<\/script>\n<!-- \/ Yoast SEO plugin. -->","yoast_head_json":{"title":"V\u00cdDEO: Acompanhantes de pacientes fazem faxina em hospital do RN durante greve de servidores terceirizados - Taveira Jr","robots":{"index":"index","follow":"follow","max-snippet":"max-snippet:-1","max-image-preview":"max-image-preview:large","max-video-preview":"max-video-preview:-1"},"canonical":"https:\/\/deputadotaveirajr.com.br\/index.php\/video-acompanhantes-de-pacientes-fazem-faxina-em-hospital-do-rn-durante-greve-de-servidores-terceirizados\/","og_locale":"pt_BR","og_type":"article","og_title":"V\u00cdDEO: Acompanhantes de pacientes fazem faxina em hospital do RN durante greve de servidores terceirizados - Taveira Jr","og_description":"Acompanhantes de pacientes fazem faxina em hospital do RN durante greve de terceirizados Acompanhantes de pacientes improvisaram uma faxina por conta pr\u00f3pria no Hospital Deocl\u00e9cio Marques, em Parnamirim, na Grande ...","og_url":"https:\/\/deputadotaveirajr.com.br\/index.php\/video-acompanhantes-de-pacientes-fazem-faxina-em-hospital-do-rn-durante-greve-de-servidores-terceirizados\/","og_site_name":"Taveira Jr","og_image":[{"url":"https:\/\/s2-g1.glbimg.com\/fH_nRpFPxZgxAum5d0H9m1huOiI=\/i.s3.glbimg.com\/v1\/AUTH_59edd422c0c84a879bd37670ae4f538a\/internal_photos\/bs\/2025\/d\/d\/rLAFVqR9GBkwyZMcYHCg\/faxina.jpg","type":"","width":"","height":""}],"twitter_card":"summary_large_image","twitter_misc":{"Est. tempo de leitura":"2 minutos"},"schema":{"@context":"https:\/\/schema.org","@graph":[{"@type":"WebPage","@id":"https:\/\/deputadotaveirajr.com.br\/index.php\/video-acompanhantes-de-pacientes-fazem-faxina-em-hospital-do-rn-durante-greve-de-servidores-terceirizados\/","url":"https:\/\/deputadotaveirajr.com.br\/index.php\/video-acompanhantes-de-pacientes-fazem-faxina-em-hospital-do-rn-durante-greve-de-servidores-terceirizados\/","name":"V\u00cdDEO: Acompanhantes de pacientes fazem faxina em hospital do RN durante greve de servidores terceirizados - Taveira Jr","isPartOf":{"@id":"https:\/\/deputadotaveirajr.com.br\/#website"},"primaryImageOfPage":{"@id":"https:\/\/deputadotaveirajr.com.br\/index.php\/video-acompanhantes-de-pacientes-fazem-faxina-em-hospital-do-rn-durante-greve-de-servidores-terceirizados\/#primaryimage"},"image":{"@id":"https:\/\/deputadotaveirajr.com.br\/index.php\/video-acompanhantes-de-pacientes-fazem-faxina-em-hospital-do-rn-durante-greve-de-servidores-terceirizados\/#primaryimage"},"thumbnailUrl":"https:\/\/deputadotaveirajr.com.br\/wp-content\/uploads\/2025\/07\/faxina-toM1lx.jpg","datePublished":"2025-07-19T14:57:09+00:00","breadcrumb":{"@id":"https:\/\/deputadotaveirajr.com.br\/index.php\/video-acompanhantes-de-pacientes-fazem-faxina-em-hospital-do-rn-durante-greve-de-servidores-terceirizados\/#breadcrumb"},"inLanguage":"pt-BR","potentialAction":[{"@type":"ReadAction","target":["https:\/\/deputadotaveirajr.com.br\/index.php\/video-acompanhantes-de-pacientes-fazem-faxina-em-hospital-do-rn-durante-greve-de-servidores-terceirizados\/"]}]},{"@type":"ImageObject","inLanguage":"pt-BR","@id":"https:\/\/deputadotaveirajr.com.br\/index.php\/video-acompanhantes-de-pacientes-fazem-faxina-em-hospital-do-rn-durante-greve-de-servidores-terceirizados\/#primaryimage","url":"https:\/\/deputadotaveirajr.com.br\/wp-content\/uploads\/2025\/07\/faxina-toM1lx.jpg","contentUrl":"https:\/\/deputadotaveirajr.com.br\/wp-content\/uploads\/2025\/07\/faxina-toM1lx.jpg","width":1200,"height":857},{"@type":"BreadcrumbList","@id":"https:\/\/deputadotaveirajr.com.br\/index.php\/video-acompanhantes-de-pacientes-fazem-faxina-em-hospital-do-rn-durante-greve-de-servidores-terceirizados\/#breadcrumb","itemListElement":[{"@type":"ListItem","position":1,"name":"In\u00edcio","item":"https:\/\/deputadotaveirajr.com.br\/"},{"@type":"ListItem","position":2,"name":"V\u00cdDEO: Acompanhantes de pacientes fazem faxina em hospital do RN durante greve de servidores terceirizados"}]},{"@type":"WebSite","@id":"https:\/\/deputadotaveirajr.com.br\/#website","url":"https:\/\/deputadotaveirajr.com.br\/","name":"Taveira Jr","description":"Deputado Estadual","publisher":{"@id":"https:\/\/deputadotaveirajr.com.br\/#organization"},"potentialAction":[{"@type":"SearchAction","target":{"@type":"EntryPoint","urlTemplate":"https:\/\/deputadotaveirajr.com.br\/?s={search_term_string}"},"query-input":{"@type":"PropertyValueSpecification","valueRequired":true,"valueName":"search_term_string"}}],"inLanguage":"pt-BR"},{"@type":"Organization","@id":"https:\/\/deputadotaveirajr.com.br\/#organization","name":"Taveira Jr","url":"https:\/\/deputadotaveirajr.com.br\/","logo":{"@type":"ImageObject","inLanguage":"pt-BR","@id":"https:\/\/deputadotaveirajr.com.br\/#\/schema\/logo\/image\/","url":"https:\/\/deputadotaveirajr.com.br\/wp-content\/uploads\/2026\/01\/logolow2a.png","contentUrl":"https:\/\/deputadotaveirajr.com.br\/wp-content\/uploads\/2026\/01\/logolow2a.png","width":290,"height":80,"caption":"Taveira Jr"},"image":{"@id":"https:\/\/deputadotaveirajr.com.br\/#\/schema\/logo\/image\/"}}]}},"_links":{"self":[{"href":"https:\/\/deputadotaveirajr.com.br\/index.php\/wp-json\/wp\/v2\/pages\/13677","targetHints":{"allow":["GET"]}}],"collection":[{"href":"https:\/\/deputadotaveirajr.com.br\/index.php\/wp-json\/wp\/v2\/pages"}],"about":[{"href":"https:\/\/deputadotaveirajr.com.br\/index.php\/wp-json\/wp\/v2\/types\/page"}],"replies":[{"embeddable":true,"href":"https:\/\/deputadotaveirajr.com.br\/index.php\/wp-json\/wp\/v2\/comments?post=13677"}],"version-history":[{"count":0,"href":"https:\/\/deputadotaveirajr.com.br\/index.php\/wp-json\/wp\/v2\/pages\/13677\/revisions"}],"wp:featuredmedia":[{"embeddable":true,"href":"https:\/\/deputadotaveirajr.com.br\/index.php\/wp-json\/wp\/v2\/media\/13678"}],"wp:attachment":[{"href":"https:\/\/deputadotaveirajr.com.br\/index.php\/wp-json\/wp\/v2\/media?parent=13677"}],"curies":[{"name":"wp","href":"https:\/\/api.w.org\/{rel}","templated":true}]}}