{"id":13681,"date":"2025-07-19T09:35:01","date_gmt":"2025-07-19T12:35:01","guid":{"rendered":"https:\/\/deputadotaveirajr.com.br\/index.php\/familia-faz-protesto-e-cobra-respostas-sobre-desaparecimento-de-adolescente-de-16-anos-na-zona-norte-de-natal\/"},"modified":"2025-07-19T09:35:01","modified_gmt":"2025-07-19T12:35:01","slug":"familia-faz-protesto-e-cobra-respostas-sobre-desaparecimento-de-adolescente-de-16-anos-na-zona-norte-de-natal","status":"publish","type":"page","link":"https:\/\/deputadotaveirajr.com.br\/index.php\/familia-faz-protesto-e-cobra-respostas-sobre-desaparecimento-de-adolescente-de-16-anos-na-zona-norte-de-natal\/","title":{"rendered":"Fam\u00edlia faz protesto e cobra respostas sobre desaparecimento de adolescente de 16 anos na Zona Norte de Natal"},"content":{"rendered":"<p><img decoding=\"async\" src=\"https:\/\/s2-g1.glbimg.com\/f4OGj1hX5DH-Xh4-mYq4Q8bjPss=\/i.s3.glbimg.com\/v1\/AUTH_59edd422c0c84a879bd37670ae4f538a\/internal_photos\/bs\/2025\/V\/4\/40Ktd9QFaiGn9tXD7zlQ\/ricadison.jpg\" \/><br \/>     Manifestantes cobram respostas sobre desaparecimento de adolescente em Natal<br \/>\nFamiliares e amigos do adolescente Ricadison Wiliam Faria, de 16 anos, organizaram um protesto na tarde desta sexta-feira (18) na Avenida Moema Tinoco, no bairro Potengi, Zona Norte de Natal, para cobrar respostas sobre o desaparecimento do jovem.<br \/>\nRicadison foi visto pela \u00faltima vez na \u00faltima ter\u00e7a-feira (15), quando saiu de casa para visitar a namorada, em S\u00e3o Gon\u00e7alo do Amarante, na Grande Natal.<br \/>\n\ud83d\udcf3 Clique aqui para seguir o canal do g1 RN no WhatsApp<br \/>\nDurante a manifesta\u00e7\u00e3o, o tr\u00e2nsito foi temporariamente bloqueado por manifestantes, que tamb\u00e9m exibiram cartazes e fizeram apelos por justi\u00e7a, chamando a aten\u00e7\u00e3o de motoristas e moradores da regi\u00e3o.<br \/>\nA m\u00e3e do adolescente, a dona de casa Kathiane Farias, participou do protesto e, emocionada, relatou o sofrimento vivido pela fam\u00edlia nos \u00faltimos dias.<br \/>\nAdolescente desapareceu ao sair de casa para encontrar namorada na Grande Natal<br \/>\nCedida<br \/>\nSegundo familiares, Ricadison n\u00e3o possui celular pr\u00f3prio. Ele utilizava o telefone da m\u00e3e para se comunicar com a namorada.<br \/>\nUm print da \u00faltima conversa entre os dois mostra que o encontro na casa da jovem foi combinado entre 18h e 21h.<br \/>\nEm um dos trechos, a adolescente afirma que o pai n\u00e3o estaria em casa. Na sequ\u00eancia, no entanto, ela envia outra mensagem dizendo: &#8220;Pai vai ver o endere\u00e7o, ele que pede pra mim&#8221;.<br \/>\nMais tarde, \u00e0s 22h41, a m\u00e3e de Ricadison tenta entrar em contato com o filho por mensagem e liga\u00e7\u00e3o, sem sucesso. Desde ent\u00e3o, o jovem n\u00e3o foi mais visto e n\u00e3o fez nenhum tipo de contato.<br \/>\n&#8220;At\u00e9 ent\u00e3o eu n\u00e3o tenho nenhuma not\u00edcia, eu n\u00e3o tenho nenhuma pista de onde possa ser que meu filho esteja. Meu filho ele n\u00e3o era envolvido com nada e n\u00e3o tava devendo nada a ningu\u00e9m, ent\u00e3o assim, a gente n\u00e3o tem nenhuma suspeita&#8221;, relatou a mulher.<br \/>\nAmigo do adolescente, o tosador de animais Rafael Tavares conta que o jovem era estudioso e gostava de praia.<br \/>\n&#8220;Um rapaz tranquilo, brincalh\u00e3o, gostava muito de de estar ali na frente de casa conversando comigo. N\u00e3o tinha nenhum envolvimento com nada, a m\u00e3e nunca teve problema com ele em rela\u00e7\u00e3o de delegacia, nada. Estudioso, um rapaz que gostava muito de ir para a praia&#8221;, conta o amigo.<br \/>\nEm nota, a Secretaria da Seguran\u00e7a P\u00fablica e da Defesa Social do Rio Grande do Norte (Sesed) informou que o caso foi priorizado e \u00e9 investigado pelo N\u00facleo de Investiga\u00e7\u00e3o sobre Pessoas Desaparecidas, subordinado \u00e0 Divis\u00e3o de Homic\u00eddios e Prote\u00e7\u00e3o \u00e0 Pessoa (DHPP) da Pol\u00edcia Civil.<br \/>\nVeja os v\u00eddeos mais assistidos no g1 RN<\/p>","protected":false},"excerpt":{"rendered":"<p>Manifestantes cobram respostas sobre desaparecimento de adolescente em Natal Familiares e amigos do adolescente Ricadison Wiliam Faria, de 16 anos, organizaram um protesto na tarde desta sexta-feira (18) na Avenida &#8230;<\/p>\n","protected":false},"author":0,"featured_media":13682,"parent":0,"menu_order":0,"comment_status":"closed","ping_status":"closed","template":"","meta":{"footnotes":""},"class_list":["post-13681","page","type-page","status-publish","has-post-thumbnail","hentry"],"yoast_head":"<!-- This site is optimized with the Yoast SEO plugin v27.1.1 - https:\/\/yoast.com\/product\/yoast-seo-wordpress\/ -->\n<title>Fam\u00edlia faz protesto e cobra respostas sobre desaparecimento de adolescente de 16 anos na Zona Norte de Natal - Taveira Jr<\/title>\n<meta name=\"robots\" content=\"index, follow, max-snippet:-1, max-image-preview:large, max-video-preview:-1\" \/>\n<link rel=\"canonical\" href=\"https:\/\/deputadotaveirajr.com.br\/index.php\/familia-faz-protesto-e-cobra-respostas-sobre-desaparecimento-de-adolescente-de-16-anos-na-zona-norte-de-natal\/\" \/>\n<meta property=\"og:locale\" content=\"pt_BR\" \/>\n<meta property=\"og:type\" content=\"article\" \/>\n<meta property=\"og:title\" content=\"Fam\u00edlia faz protesto e cobra respostas sobre desaparecimento de adolescente de 16 anos na Zona Norte de Natal - Taveira Jr\" \/>\n<meta property=\"og:description\" content=\"Manifestantes cobram respostas sobre desaparecimento de adolescente em Natal Familiares e amigos do adolescente Ricadison Wiliam Faria, de 16 anos, organizaram um protesto na tarde desta sexta-feira (18) na Avenida ...\" \/>\n<meta property=\"og:url\" content=\"https:\/\/deputadotaveirajr.com.br\/index.php\/familia-faz-protesto-e-cobra-respostas-sobre-desaparecimento-de-adolescente-de-16-anos-na-zona-norte-de-natal\/\" \/>\n<meta property=\"og:site_name\" content=\"Taveira Jr\" \/>\n<meta property=\"og:image\" content=\"https:\/\/s2-g1.glbimg.com\/f4OGj1hX5DH-Xh4-mYq4Q8bjPss=\/i.s3.glbimg.com\/v1\/AUTH_59edd422c0c84a879bd37670ae4f538a\/internal_photos\/bs\/2025\/V\/4\/40Ktd9QFaiGn9tXD7zlQ\/ricadison.jpg\" \/>\n<meta name=\"twitter:card\" content=\"summary_large_image\" \/>\n<meta name=\"twitter:label1\" content=\"Est. tempo de leitura\" \/>\n\t<meta name=\"twitter:data1\" content=\"2 minutos\" \/>\n<script type=\"application\/ld+json\" class=\"yoast-schema-graph\">{\"@context\":\"https:\/\/schema.org\",\"@graph\":[{\"@type\":\"WebPage\",\"@id\":\"https:\/\/deputadotaveirajr.com.br\/index.php\/familia-faz-protesto-e-cobra-respostas-sobre-desaparecimento-de-adolescente-de-16-anos-na-zona-norte-de-natal\/\",\"url\":\"https:\/\/deputadotaveirajr.com.br\/index.php\/familia-faz-protesto-e-cobra-respostas-sobre-desaparecimento-de-adolescente-de-16-anos-na-zona-norte-de-natal\/\",\"name\":\"Fam\u00edlia faz protesto e cobra respostas sobre desaparecimento de adolescente de 16 anos na Zona Norte de Natal - Taveira Jr\",\"isPartOf\":{\"@id\":\"https:\/\/deputadotaveirajr.com.br\/#website\"},\"primaryImageOfPage\":{\"@id\":\"https:\/\/deputadotaveirajr.com.br\/index.php\/familia-faz-protesto-e-cobra-respostas-sobre-desaparecimento-de-adolescente-de-16-anos-na-zona-norte-de-natal\/#primaryimage\"},\"image\":{\"@id\":\"https:\/\/deputadotaveirajr.com.br\/index.php\/familia-faz-protesto-e-cobra-respostas-sobre-desaparecimento-de-adolescente-de-16-anos-na-zona-norte-de-natal\/#primaryimage\"},\"thumbnailUrl\":\"https:\/\/deputadotaveirajr.com.br\/wp-content\/uploads\/2025\/07\/ricadison-GR0bw2.jpg\",\"datePublished\":\"2025-07-19T12:35:01+00:00\",\"breadcrumb\":{\"@id\":\"https:\/\/deputadotaveirajr.com.br\/index.php\/familia-faz-protesto-e-cobra-respostas-sobre-desaparecimento-de-adolescente-de-16-anos-na-zona-norte-de-natal\/#breadcrumb\"},\"inLanguage\":\"pt-BR\",\"potentialAction\":[{\"@type\":\"ReadAction\",\"target\":[\"https:\/\/deputadotaveirajr.com.br\/index.php\/familia-faz-protesto-e-cobra-respostas-sobre-desaparecimento-de-adolescente-de-16-anos-na-zona-norte-de-natal\/\"]}]},{\"@type\":\"ImageObject\",\"inLanguage\":\"pt-BR\",\"@id\":\"https:\/\/deputadotaveirajr.com.br\/index.php\/familia-faz-protesto-e-cobra-respostas-sobre-desaparecimento-de-adolescente-de-16-anos-na-zona-norte-de-natal\/#primaryimage\",\"url\":\"https:\/\/deputadotaveirajr.com.br\/wp-content\/uploads\/2025\/07\/ricadison-GR0bw2.jpg\",\"contentUrl\":\"https:\/\/deputadotaveirajr.com.br\/wp-content\/uploads\/2025\/07\/ricadison-GR0bw2.jpg\",\"width\":1200,\"height\":1084},{\"@type\":\"BreadcrumbList\",\"@id\":\"https:\/\/deputadotaveirajr.com.br\/index.php\/familia-faz-protesto-e-cobra-respostas-sobre-desaparecimento-de-adolescente-de-16-anos-na-zona-norte-de-natal\/#breadcrumb\",\"itemListElement\":[{\"@type\":\"ListItem\",\"position\":1,\"name\":\"In\u00edcio\",\"item\":\"https:\/\/deputadotaveirajr.com.br\/\"},{\"@type\":\"ListItem\",\"position\":2,\"name\":\"Fam\u00edlia faz protesto e cobra respostas sobre desaparecimento de adolescente de 16 anos na Zona Norte de Natal\"}]},{\"@type\":\"WebSite\",\"@id\":\"https:\/\/deputadotaveirajr.com.br\/#website\",\"url\":\"https:\/\/deputadotaveirajr.com.br\/\",\"name\":\"Taveira Jr\",\"description\":\"Deputado Estadual\",\"publisher\":{\"@id\":\"https:\/\/deputadotaveirajr.com.br\/#organization\"},\"potentialAction\":[{\"@type\":\"SearchAction\",\"target\":{\"@type\":\"EntryPoint\",\"urlTemplate\":\"https:\/\/deputadotaveirajr.com.br\/?s={search_term_string}\"},\"query-input\":{\"@type\":\"PropertyValueSpecification\",\"valueRequired\":true,\"valueName\":\"search_term_string\"}}],\"inLanguage\":\"pt-BR\"},{\"@type\":\"Organization\",\"@id\":\"https:\/\/deputadotaveirajr.com.br\/#organization\",\"name\":\"Taveira Jr\",\"url\":\"https:\/\/deputadotaveirajr.com.br\/\",\"logo\":{\"@type\":\"ImageObject\",\"inLanguage\":\"pt-BR\",\"@id\":\"https:\/\/deputadotaveirajr.com.br\/#\/schema\/logo\/image\/\",\"url\":\"https:\/\/deputadotaveirajr.com.br\/wp-content\/uploads\/2026\/01\/logolow2a.png\",\"contentUrl\":\"https:\/\/deputadotaveirajr.com.br\/wp-content\/uploads\/2026\/01\/logolow2a.png\",\"width\":290,\"height\":80,\"caption\":\"Taveira Jr\"},\"image\":{\"@id\":\"https:\/\/deputadotaveirajr.com.br\/#\/schema\/logo\/image\/\"}}]}<\/script>\n<!-- \/ Yoast SEO plugin. -->","yoast_head_json":{"title":"Fam\u00edlia faz protesto e cobra respostas sobre desaparecimento de adolescente de 16 anos na Zona Norte de Natal - Taveira Jr","robots":{"index":"index","follow":"follow","max-snippet":"max-snippet:-1","max-image-preview":"max-image-preview:large","max-video-preview":"max-video-preview:-1"},"canonical":"https:\/\/deputadotaveirajr.com.br\/index.php\/familia-faz-protesto-e-cobra-respostas-sobre-desaparecimento-de-adolescente-de-16-anos-na-zona-norte-de-natal\/","og_locale":"pt_BR","og_type":"article","og_title":"Fam\u00edlia faz protesto e cobra respostas sobre desaparecimento de adolescente de 16 anos na Zona Norte de Natal - Taveira Jr","og_description":"Manifestantes cobram respostas sobre desaparecimento de adolescente em Natal Familiares e amigos do adolescente Ricadison Wiliam Faria, de 16 anos, organizaram um protesto na tarde desta sexta-feira (18) na Avenida ...","og_url":"https:\/\/deputadotaveirajr.com.br\/index.php\/familia-faz-protesto-e-cobra-respostas-sobre-desaparecimento-de-adolescente-de-16-anos-na-zona-norte-de-natal\/","og_site_name":"Taveira Jr","og_image":[{"url":"https:\/\/s2-g1.glbimg.com\/f4OGj1hX5DH-Xh4-mYq4Q8bjPss=\/i.s3.glbimg.com\/v1\/AUTH_59edd422c0c84a879bd37670ae4f538a\/internal_photos\/bs\/2025\/V\/4\/40Ktd9QFaiGn9tXD7zlQ\/ricadison.jpg","type":"","width":"","height":""}],"twitter_card":"summary_large_image","twitter_misc":{"Est. tempo de leitura":"2 minutos"},"schema":{"@context":"https:\/\/schema.org","@graph":[{"@type":"WebPage","@id":"https:\/\/deputadotaveirajr.com.br\/index.php\/familia-faz-protesto-e-cobra-respostas-sobre-desaparecimento-de-adolescente-de-16-anos-na-zona-norte-de-natal\/","url":"https:\/\/deputadotaveirajr.com.br\/index.php\/familia-faz-protesto-e-cobra-respostas-sobre-desaparecimento-de-adolescente-de-16-anos-na-zona-norte-de-natal\/","name":"Fam\u00edlia faz protesto e cobra respostas sobre desaparecimento de adolescente de 16 anos na Zona Norte de Natal - Taveira Jr","isPartOf":{"@id":"https:\/\/deputadotaveirajr.com.br\/#website"},"primaryImageOfPage":{"@id":"https:\/\/deputadotaveirajr.com.br\/index.php\/familia-faz-protesto-e-cobra-respostas-sobre-desaparecimento-de-adolescente-de-16-anos-na-zona-norte-de-natal\/#primaryimage"},"image":{"@id":"https:\/\/deputadotaveirajr.com.br\/index.php\/familia-faz-protesto-e-cobra-respostas-sobre-desaparecimento-de-adolescente-de-16-anos-na-zona-norte-de-natal\/#primaryimage"},"thumbnailUrl":"https:\/\/deputadotaveirajr.com.br\/wp-content\/uploads\/2025\/07\/ricadison-GR0bw2.jpg","datePublished":"2025-07-19T12:35:01+00:00","breadcrumb":{"@id":"https:\/\/deputadotaveirajr.com.br\/index.php\/familia-faz-protesto-e-cobra-respostas-sobre-desaparecimento-de-adolescente-de-16-anos-na-zona-norte-de-natal\/#breadcrumb"},"inLanguage":"pt-BR","potentialAction":[{"@type":"ReadAction","target":["https:\/\/deputadotaveirajr.com.br\/index.php\/familia-faz-protesto-e-cobra-respostas-sobre-desaparecimento-de-adolescente-de-16-anos-na-zona-norte-de-natal\/"]}]},{"@type":"ImageObject","inLanguage":"pt-BR","@id":"https:\/\/deputadotaveirajr.com.br\/index.php\/familia-faz-protesto-e-cobra-respostas-sobre-desaparecimento-de-adolescente-de-16-anos-na-zona-norte-de-natal\/#primaryimage","url":"https:\/\/deputadotaveirajr.com.br\/wp-content\/uploads\/2025\/07\/ricadison-GR0bw2.jpg","contentUrl":"https:\/\/deputadotaveirajr.com.br\/wp-content\/uploads\/2025\/07\/ricadison-GR0bw2.jpg","width":1200,"height":1084},{"@type":"BreadcrumbList","@id":"https:\/\/deputadotaveirajr.com.br\/index.php\/familia-faz-protesto-e-cobra-respostas-sobre-desaparecimento-de-adolescente-de-16-anos-na-zona-norte-de-natal\/#breadcrumb","itemListElement":[{"@type":"ListItem","position":1,"name":"In\u00edcio","item":"https:\/\/deputadotaveirajr.com.br\/"},{"@type":"ListItem","position":2,"name":"Fam\u00edlia faz protesto e cobra respostas sobre desaparecimento de adolescente de 16 anos na Zona Norte de Natal"}]},{"@type":"WebSite","@id":"https:\/\/deputadotaveirajr.com.br\/#website","url":"https:\/\/deputadotaveirajr.com.br\/","name":"Taveira Jr","description":"Deputado Estadual","publisher":{"@id":"https:\/\/deputadotaveirajr.com.br\/#organization"},"potentialAction":[{"@type":"SearchAction","target":{"@type":"EntryPoint","urlTemplate":"https:\/\/deputadotaveirajr.com.br\/?s={search_term_string}"},"query-input":{"@type":"PropertyValueSpecification","valueRequired":true,"valueName":"search_term_string"}}],"inLanguage":"pt-BR"},{"@type":"Organization","@id":"https:\/\/deputadotaveirajr.com.br\/#organization","name":"Taveira Jr","url":"https:\/\/deputadotaveirajr.com.br\/","logo":{"@type":"ImageObject","inLanguage":"pt-BR","@id":"https:\/\/deputadotaveirajr.com.br\/#\/schema\/logo\/image\/","url":"https:\/\/deputadotaveirajr.com.br\/wp-content\/uploads\/2026\/01\/logolow2a.png","contentUrl":"https:\/\/deputadotaveirajr.com.br\/wp-content\/uploads\/2026\/01\/logolow2a.png","width":290,"height":80,"caption":"Taveira Jr"},"image":{"@id":"https:\/\/deputadotaveirajr.com.br\/#\/schema\/logo\/image\/"}}]}},"_links":{"self":[{"href":"https:\/\/deputadotaveirajr.com.br\/index.php\/wp-json\/wp\/v2\/pages\/13681","targetHints":{"allow":["GET"]}}],"collection":[{"href":"https:\/\/deputadotaveirajr.com.br\/index.php\/wp-json\/wp\/v2\/pages"}],"about":[{"href":"https:\/\/deputadotaveirajr.com.br\/index.php\/wp-json\/wp\/v2\/types\/page"}],"replies":[{"embeddable":true,"href":"https:\/\/deputadotaveirajr.com.br\/index.php\/wp-json\/wp\/v2\/comments?post=13681"}],"version-history":[{"count":0,"href":"https:\/\/deputadotaveirajr.com.br\/index.php\/wp-json\/wp\/v2\/pages\/13681\/revisions"}],"wp:featuredmedia":[{"embeddable":true,"href":"https:\/\/deputadotaveirajr.com.br\/index.php\/wp-json\/wp\/v2\/media\/13682"}],"wp:attachment":[{"href":"https:\/\/deputadotaveirajr.com.br\/index.php\/wp-json\/wp\/v2\/media?parent=13681"}],"curies":[{"name":"wp","href":"https:\/\/api.w.org\/{rel}","templated":true}]}}