{"id":13683,"date":"2025-07-18T19:25:31","date_gmt":"2025-07-18T22:25:31","guid":{"rendered":"https:\/\/deputadotaveirajr.com.br\/index.php\/inss-19-mil-aposentados-e-pensionistas-no-rn-aderiram-a-acordo-de-ressarcimento-veja-como-fazer\/"},"modified":"2025-07-18T19:25:31","modified_gmt":"2025-07-18T22:25:31","slug":"inss-19-mil-aposentados-e-pensionistas-no-rn-aderiram-a-acordo-de-ressarcimento-veja-como-fazer","status":"publish","type":"page","link":"https:\/\/deputadotaveirajr.com.br\/index.php\/inss-19-mil-aposentados-e-pensionistas-no-rn-aderiram-a-acordo-de-ressarcimento-veja-como-fazer\/","title":{"rendered":"INSS: 19 mil aposentados e pensionistas no RN aderiram a acordo de ressarcimento; veja como fazer"},"content":{"rendered":"<p><img decoding=\"async\" src=\"https:\/\/s2-g1.glbimg.com\/Q-7k9BjXbBXGmmmSI2xhOB5jHDs=\/i.s3.glbimg.com\/v1\/AUTH_59edd422c0c84a879bd37670ae4f538a\/internal_photos\/bs\/2025\/y\/f\/BFbfjBTTAoAMXELyXNDw\/globo-canal-4-20250701-2000-frame-11237.jpeg\" \/><br \/>     INSS divulga cronograma de ressarcimento a aposentados e pensionistas que tiveram algum desconto ilegal<br \/>\nO Instituto Nacional do Seguro Social (INSS) informou que 19.059 aposentados e pensionistas do Rio Grande do Norte aderiram, at\u00e9 esta sexta-feira (18), ao acordo de ressarcimento proposto pelo governo federal para receber o dinheiro relativo a descontos indevidos relacionados \u00e0 fraude no INSS.<br \/>\nSegundo o \u00f3rg\u00e3o, esse n\u00famero representa 33,4% do total de 57.030 benefici\u00e1rios aptos a assinar o acordo em todo o estado.<br \/>\n\ud83d\udcf3 Clique aqui para seguir o canal do g1 RN no WhatsApp<br \/>\nO prazo para ades\u00e3o come\u00e7ou no \u00faltimo dia 11 e os pagamentos ser\u00e3o realizados a partir do pr\u00f3ximo dia 24 de julho.<br \/>\nA taxa ficou acima do \u00edndice nacional de ades\u00e3o, que estava, nesta sexta, em 30,4%. Ao todo no Brasil, mais de 582 mil aposentados e pensionistas assinaram acordos &#8211; 1,9 milh\u00e3o de aposentados e pensionistas que j\u00e1 podem aderir ao acordo.<br \/>\nPagamentos<br \/>\nO prazo de pagamento, que come\u00e7a dia 24 de julho, vai respeitar a ordem de ades\u00e3o \u2014 quem aderiu primeiro,vai receber primeiro.<br \/>\n\u27a1\ufe0f   Podem aderir ao plano de ressarcimento os benefici\u00e1rios que fizeram a contesta\u00e7\u00e3o dos descontos e n\u00e3o obtiveram resposta das entidades ap\u00f3s 15 dias \u00fateis.<br \/>\n\u27a1\ufe0f   Segundo o INSS, os valores ser\u00e3o corrigidos pela infla\u00e7\u00e3o (IPCA) e ser\u00e3o pagos em dep\u00f3sitos di\u00e1rios para 100 mil pessoas, diretamente na conta do benefici\u00e1rio.<br \/>\nFraude no INSS: mais de 170 mil v\u00edtimas contestam as justificativas apresentadas pelas associa\u00e7\u00f5es que retiraram o dinheiro<br \/>\nJornal Nacional\/ Reprodu\u00e7\u00e3o<br \/>\nQuem pode aderir<br \/>\nEst\u00e3o aptos a aderir ao acordo os benefici\u00e1rios que contestaram os descontos indevidos e n\u00e3o receberam resposta da entidade ap\u00f3s 15 dias \u00fateis.<br \/>\nA ades\u00e3o n\u00e3o exige envio de documentos e permite que os benefici\u00e1rios que sofreram descontos indevidos entre mar\u00e7o de 2020 e mar\u00e7o de 2025 recebam o valor de volta sem precisar entrar na Justi\u00e7a, por via administrativa.<br \/>\n\u26a0\ufe0f A ades\u00e3o \u00e9 gratuita e, antes de assinar o acordo, os aposentados e pensionistas podem consultar o valor que t\u00eam a receber.<br \/>\nComo fazer a ades\u00e3o<br \/>\nA ades\u00e3o pode ser feita exclusivamente pelos seguintes canais:<br \/>\nAplicativo Meu INSS (pelo site ou app);<br \/>\nAg\u00eancias dos Correios em mais de 5 mil munic\u00edpios.<br \/>\nA Central 135 est\u00e1 dispon\u00edvel para consultas e contesta\u00e7\u00f5es, mas n\u00e3o realiza ades\u00e3o ao acordo.<br \/>\n\ud83d\udcf1 Como aceitar o acordo pelo aplicativo Meu INSS?<br \/>\nAcesse o aplicativo Meu INSS com CPF e senha;<br \/>\nV\u00e1 at\u00e9 \u201cConsultar Pedidos\u201d e clique em \u201cCumprir Exig\u00eancia\u201d em cada pedido (se houver mais de um);<br \/>\nRole a tela at\u00e9 o \u00faltimo coment\u00e1rio, leia com aten\u00e7\u00e3o e, no campo \u201cAceito receber\u201d, selecione \u201cSim\u201d;<br \/>\nClique em \u201cEnviar\u201d e pronto. Depois \u00e9 s\u00f3 aguardar o pagamento.<br \/>\nAinda d\u00e1 tempo de fazer a contesta\u00e7\u00e3o?<br \/>\nOs canais de atendimento para consulta e contesta\u00e7\u00e3o dos descontos feitos pelas entidades seguem abertos e ficar\u00e3o dispon\u00edveis at\u00e9, pelo menos, 14 de novembro de 2025.<br \/>\nSegundo o \u00f3rg\u00e3o, esse prazo pode ser prorrogado, se houver necessidade. Os pedidos podem ser feitos pelo:<br \/>\nAplicativo Meu INSS;<br \/>\nCentral de atendimento 135;<br \/>\nAg\u00eancias dos Correios, em mais de 5 mil unidades pelo pa\u00eds.<br \/>\nComo funciona o processo at\u00e9 a ades\u00e3o ao acordo:<br \/>\nO benefici\u00e1rio registra a contesta\u00e7\u00e3o do desconto indevido;<br \/>\nAguarda o prazo de 15 dias \u00fateis para que a entidade responda;<br \/>\nSe n\u00e3o houver resposta, o sistema abre a op\u00e7\u00e3o para ades\u00e3o ao acordo de ressarcimento.<br \/>\nV\u00eddeos mais assistidos do g1 RN<\/p>","protected":false},"excerpt":{"rendered":"<p>INSS divulga cronograma de ressarcimento a aposentados e pensionistas que tiveram algum desconto ilegal O Instituto Nacional do Seguro Social (INSS) informou que 19.059 aposentados e pensionistas do Rio Grande &#8230;<\/p>\n","protected":false},"author":0,"featured_media":13684,"parent":0,"menu_order":0,"comment_status":"closed","ping_status":"closed","template":"","meta":{"footnotes":""},"class_list":["post-13683","page","type-page","status-publish","has-post-thumbnail","hentry"],"yoast_head":"<!-- This site is optimized with the Yoast SEO plugin v27.1.1 - https:\/\/yoast.com\/product\/yoast-seo-wordpress\/ -->\n<title>INSS: 19 mil aposentados e pensionistas no RN aderiram a acordo de ressarcimento; veja como fazer - Taveira Jr<\/title>\n<meta name=\"robots\" content=\"index, follow, max-snippet:-1, max-image-preview:large, max-video-preview:-1\" \/>\n<link rel=\"canonical\" href=\"https:\/\/deputadotaveirajr.com.br\/index.php\/inss-19-mil-aposentados-e-pensionistas-no-rn-aderiram-a-acordo-de-ressarcimento-veja-como-fazer\/\" \/>\n<meta property=\"og:locale\" content=\"pt_BR\" \/>\n<meta property=\"og:type\" content=\"article\" \/>\n<meta property=\"og:title\" content=\"INSS: 19 mil aposentados e pensionistas no RN aderiram a acordo de ressarcimento; veja como fazer - Taveira Jr\" \/>\n<meta property=\"og:description\" content=\"INSS divulga cronograma de ressarcimento a aposentados e pensionistas que tiveram algum desconto ilegal O Instituto Nacional do Seguro Social (INSS) informou que 19.059 aposentados e pensionistas do Rio Grande ...\" \/>\n<meta property=\"og:url\" content=\"https:\/\/deputadotaveirajr.com.br\/index.php\/inss-19-mil-aposentados-e-pensionistas-no-rn-aderiram-a-acordo-de-ressarcimento-veja-como-fazer\/\" \/>\n<meta property=\"og:site_name\" content=\"Taveira Jr\" \/>\n<meta property=\"og:image\" content=\"https:\/\/s2-g1.glbimg.com\/Q-7k9BjXbBXGmmmSI2xhOB5jHDs=\/i.s3.glbimg.com\/v1\/AUTH_59edd422c0c84a879bd37670ae4f538a\/internal_photos\/bs\/2025\/y\/f\/BFbfjBTTAoAMXELyXNDw\/globo-canal-4-20250701-2000-frame-11237.jpeg\" \/>\n<meta name=\"twitter:card\" content=\"summary_large_image\" \/>\n<meta name=\"twitter:label1\" content=\"Est. tempo de leitura\" \/>\n\t<meta name=\"twitter:data1\" content=\"3 minutos\" \/>\n<script type=\"application\/ld+json\" class=\"yoast-schema-graph\">{\"@context\":\"https:\/\/schema.org\",\"@graph\":[{\"@type\":\"WebPage\",\"@id\":\"https:\/\/deputadotaveirajr.com.br\/index.php\/inss-19-mil-aposentados-e-pensionistas-no-rn-aderiram-a-acordo-de-ressarcimento-veja-como-fazer\/\",\"url\":\"https:\/\/deputadotaveirajr.com.br\/index.php\/inss-19-mil-aposentados-e-pensionistas-no-rn-aderiram-a-acordo-de-ressarcimento-veja-como-fazer\/\",\"name\":\"INSS: 19 mil aposentados e pensionistas no RN aderiram a acordo de ressarcimento; veja como fazer - Taveira Jr\",\"isPartOf\":{\"@id\":\"https:\/\/deputadotaveirajr.com.br\/#website\"},\"primaryImageOfPage\":{\"@id\":\"https:\/\/deputadotaveirajr.com.br\/index.php\/inss-19-mil-aposentados-e-pensionistas-no-rn-aderiram-a-acordo-de-ressarcimento-veja-como-fazer\/#primaryimage\"},\"image\":{\"@id\":\"https:\/\/deputadotaveirajr.com.br\/index.php\/inss-19-mil-aposentados-e-pensionistas-no-rn-aderiram-a-acordo-de-ressarcimento-veja-como-fazer\/#primaryimage\"},\"thumbnailUrl\":\"https:\/\/deputadotaveirajr.com.br\/wp-content\/uploads\/2025\/07\/globo-canal-4-20250701-2000-frame-11237-3Bdqb4-scaled.jpg\",\"datePublished\":\"2025-07-18T22:25:31+00:00\",\"breadcrumb\":{\"@id\":\"https:\/\/deputadotaveirajr.com.br\/index.php\/inss-19-mil-aposentados-e-pensionistas-no-rn-aderiram-a-acordo-de-ressarcimento-veja-como-fazer\/#breadcrumb\"},\"inLanguage\":\"pt-BR\",\"potentialAction\":[{\"@type\":\"ReadAction\",\"target\":[\"https:\/\/deputadotaveirajr.com.br\/index.php\/inss-19-mil-aposentados-e-pensionistas-no-rn-aderiram-a-acordo-de-ressarcimento-veja-como-fazer\/\"]}]},{\"@type\":\"ImageObject\",\"inLanguage\":\"pt-BR\",\"@id\":\"https:\/\/deputadotaveirajr.com.br\/index.php\/inss-19-mil-aposentados-e-pensionistas-no-rn-aderiram-a-acordo-de-ressarcimento-veja-como-fazer\/#primaryimage\",\"url\":\"https:\/\/deputadotaveirajr.com.br\/wp-content\/uploads\/2025\/07\/globo-canal-4-20250701-2000-frame-11237-3Bdqb4-scaled.jpg\",\"contentUrl\":\"https:\/\/deputadotaveirajr.com.br\/wp-content\/uploads\/2025\/07\/globo-canal-4-20250701-2000-frame-11237-3Bdqb4-scaled.jpg\",\"width\":2560,\"height\":1440},{\"@type\":\"BreadcrumbList\",\"@id\":\"https:\/\/deputadotaveirajr.com.br\/index.php\/inss-19-mil-aposentados-e-pensionistas-no-rn-aderiram-a-acordo-de-ressarcimento-veja-como-fazer\/#breadcrumb\",\"itemListElement\":[{\"@type\":\"ListItem\",\"position\":1,\"name\":\"In\u00edcio\",\"item\":\"https:\/\/deputadotaveirajr.com.br\/\"},{\"@type\":\"ListItem\",\"position\":2,\"name\":\"INSS: 19 mil aposentados e pensionistas no RN aderiram a acordo de ressarcimento; veja como fazer\"}]},{\"@type\":\"WebSite\",\"@id\":\"https:\/\/deputadotaveirajr.com.br\/#website\",\"url\":\"https:\/\/deputadotaveirajr.com.br\/\",\"name\":\"Taveira Jr\",\"description\":\"Deputado Estadual\",\"publisher\":{\"@id\":\"https:\/\/deputadotaveirajr.com.br\/#organization\"},\"potentialAction\":[{\"@type\":\"SearchAction\",\"target\":{\"@type\":\"EntryPoint\",\"urlTemplate\":\"https:\/\/deputadotaveirajr.com.br\/?s={search_term_string}\"},\"query-input\":{\"@type\":\"PropertyValueSpecification\",\"valueRequired\":true,\"valueName\":\"search_term_string\"}}],\"inLanguage\":\"pt-BR\"},{\"@type\":\"Organization\",\"@id\":\"https:\/\/deputadotaveirajr.com.br\/#organization\",\"name\":\"Taveira Jr\",\"url\":\"https:\/\/deputadotaveirajr.com.br\/\",\"logo\":{\"@type\":\"ImageObject\",\"inLanguage\":\"pt-BR\",\"@id\":\"https:\/\/deputadotaveirajr.com.br\/#\/schema\/logo\/image\/\",\"url\":\"https:\/\/deputadotaveirajr.com.br\/wp-content\/uploads\/2026\/01\/logolow2a.png\",\"contentUrl\":\"https:\/\/deputadotaveirajr.com.br\/wp-content\/uploads\/2026\/01\/logolow2a.png\",\"width\":290,\"height\":80,\"caption\":\"Taveira Jr\"},\"image\":{\"@id\":\"https:\/\/deputadotaveirajr.com.br\/#\/schema\/logo\/image\/\"}}]}<\/script>\n<!-- \/ Yoast SEO plugin. -->","yoast_head_json":{"title":"INSS: 19 mil aposentados e pensionistas no RN aderiram a acordo de ressarcimento; veja como fazer - Taveira Jr","robots":{"index":"index","follow":"follow","max-snippet":"max-snippet:-1","max-image-preview":"max-image-preview:large","max-video-preview":"max-video-preview:-1"},"canonical":"https:\/\/deputadotaveirajr.com.br\/index.php\/inss-19-mil-aposentados-e-pensionistas-no-rn-aderiram-a-acordo-de-ressarcimento-veja-como-fazer\/","og_locale":"pt_BR","og_type":"article","og_title":"INSS: 19 mil aposentados e pensionistas no RN aderiram a acordo de ressarcimento; veja como fazer - Taveira Jr","og_description":"INSS divulga cronograma de ressarcimento a aposentados e pensionistas que tiveram algum desconto ilegal O Instituto Nacional do Seguro Social (INSS) informou que 19.059 aposentados e pensionistas do Rio Grande ...","og_url":"https:\/\/deputadotaveirajr.com.br\/index.php\/inss-19-mil-aposentados-e-pensionistas-no-rn-aderiram-a-acordo-de-ressarcimento-veja-como-fazer\/","og_site_name":"Taveira Jr","og_image":[{"url":"https:\/\/s2-g1.glbimg.com\/Q-7k9BjXbBXGmmmSI2xhOB5jHDs=\/i.s3.glbimg.com\/v1\/AUTH_59edd422c0c84a879bd37670ae4f538a\/internal_photos\/bs\/2025\/y\/f\/BFbfjBTTAoAMXELyXNDw\/globo-canal-4-20250701-2000-frame-11237.jpeg","type":"","width":"","height":""}],"twitter_card":"summary_large_image","twitter_misc":{"Est. tempo de leitura":"3 minutos"},"schema":{"@context":"https:\/\/schema.org","@graph":[{"@type":"WebPage","@id":"https:\/\/deputadotaveirajr.com.br\/index.php\/inss-19-mil-aposentados-e-pensionistas-no-rn-aderiram-a-acordo-de-ressarcimento-veja-como-fazer\/","url":"https:\/\/deputadotaveirajr.com.br\/index.php\/inss-19-mil-aposentados-e-pensionistas-no-rn-aderiram-a-acordo-de-ressarcimento-veja-como-fazer\/","name":"INSS: 19 mil aposentados e pensionistas no RN aderiram a acordo de ressarcimento; veja como fazer - Taveira Jr","isPartOf":{"@id":"https:\/\/deputadotaveirajr.com.br\/#website"},"primaryImageOfPage":{"@id":"https:\/\/deputadotaveirajr.com.br\/index.php\/inss-19-mil-aposentados-e-pensionistas-no-rn-aderiram-a-acordo-de-ressarcimento-veja-como-fazer\/#primaryimage"},"image":{"@id":"https:\/\/deputadotaveirajr.com.br\/index.php\/inss-19-mil-aposentados-e-pensionistas-no-rn-aderiram-a-acordo-de-ressarcimento-veja-como-fazer\/#primaryimage"},"thumbnailUrl":"https:\/\/deputadotaveirajr.com.br\/wp-content\/uploads\/2025\/07\/globo-canal-4-20250701-2000-frame-11237-3Bdqb4-scaled.jpg","datePublished":"2025-07-18T22:25:31+00:00","breadcrumb":{"@id":"https:\/\/deputadotaveirajr.com.br\/index.php\/inss-19-mil-aposentados-e-pensionistas-no-rn-aderiram-a-acordo-de-ressarcimento-veja-como-fazer\/#breadcrumb"},"inLanguage":"pt-BR","potentialAction":[{"@type":"ReadAction","target":["https:\/\/deputadotaveirajr.com.br\/index.php\/inss-19-mil-aposentados-e-pensionistas-no-rn-aderiram-a-acordo-de-ressarcimento-veja-como-fazer\/"]}]},{"@type":"ImageObject","inLanguage":"pt-BR","@id":"https:\/\/deputadotaveirajr.com.br\/index.php\/inss-19-mil-aposentados-e-pensionistas-no-rn-aderiram-a-acordo-de-ressarcimento-veja-como-fazer\/#primaryimage","url":"https:\/\/deputadotaveirajr.com.br\/wp-content\/uploads\/2025\/07\/globo-canal-4-20250701-2000-frame-11237-3Bdqb4-scaled.jpg","contentUrl":"https:\/\/deputadotaveirajr.com.br\/wp-content\/uploads\/2025\/07\/globo-canal-4-20250701-2000-frame-11237-3Bdqb4-scaled.jpg","width":2560,"height":1440},{"@type":"BreadcrumbList","@id":"https:\/\/deputadotaveirajr.com.br\/index.php\/inss-19-mil-aposentados-e-pensionistas-no-rn-aderiram-a-acordo-de-ressarcimento-veja-como-fazer\/#breadcrumb","itemListElement":[{"@type":"ListItem","position":1,"name":"In\u00edcio","item":"https:\/\/deputadotaveirajr.com.br\/"},{"@type":"ListItem","position":2,"name":"INSS: 19 mil aposentados e pensionistas no RN aderiram a acordo de ressarcimento; veja como fazer"}]},{"@type":"WebSite","@id":"https:\/\/deputadotaveirajr.com.br\/#website","url":"https:\/\/deputadotaveirajr.com.br\/","name":"Taveira Jr","description":"Deputado Estadual","publisher":{"@id":"https:\/\/deputadotaveirajr.com.br\/#organization"},"potentialAction":[{"@type":"SearchAction","target":{"@type":"EntryPoint","urlTemplate":"https:\/\/deputadotaveirajr.com.br\/?s={search_term_string}"},"query-input":{"@type":"PropertyValueSpecification","valueRequired":true,"valueName":"search_term_string"}}],"inLanguage":"pt-BR"},{"@type":"Organization","@id":"https:\/\/deputadotaveirajr.com.br\/#organization","name":"Taveira Jr","url":"https:\/\/deputadotaveirajr.com.br\/","logo":{"@type":"ImageObject","inLanguage":"pt-BR","@id":"https:\/\/deputadotaveirajr.com.br\/#\/schema\/logo\/image\/","url":"https:\/\/deputadotaveirajr.com.br\/wp-content\/uploads\/2026\/01\/logolow2a.png","contentUrl":"https:\/\/deputadotaveirajr.com.br\/wp-content\/uploads\/2026\/01\/logolow2a.png","width":290,"height":80,"caption":"Taveira Jr"},"image":{"@id":"https:\/\/deputadotaveirajr.com.br\/#\/schema\/logo\/image\/"}}]}},"_links":{"self":[{"href":"https:\/\/deputadotaveirajr.com.br\/index.php\/wp-json\/wp\/v2\/pages\/13683","targetHints":{"allow":["GET"]}}],"collection":[{"href":"https:\/\/deputadotaveirajr.com.br\/index.php\/wp-json\/wp\/v2\/pages"}],"about":[{"href":"https:\/\/deputadotaveirajr.com.br\/index.php\/wp-json\/wp\/v2\/types\/page"}],"replies":[{"embeddable":true,"href":"https:\/\/deputadotaveirajr.com.br\/index.php\/wp-json\/wp\/v2\/comments?post=13683"}],"version-history":[{"count":0,"href":"https:\/\/deputadotaveirajr.com.br\/index.php\/wp-json\/wp\/v2\/pages\/13683\/revisions"}],"wp:featuredmedia":[{"embeddable":true,"href":"https:\/\/deputadotaveirajr.com.br\/index.php\/wp-json\/wp\/v2\/media\/13684"}],"wp:attachment":[{"href":"https:\/\/deputadotaveirajr.com.br\/index.php\/wp-json\/wp\/v2\/media?parent=13683"}],"curies":[{"name":"wp","href":"https:\/\/api.w.org\/{rel}","templated":true}]}}